{"id":127,"date":"2019-12-12T10:19:44","date_gmt":"2019-12-12T09:19:44","guid":{"rendered":"https:\/\/nova.scpet.si\/izredno-izobrazevanje\/?page_id=127"},"modified":"2022-08-10T12:05:22","modified_gmt":"2022-08-10T10:05:22","slug":"racunalnikar","status":"publish","type":"page","link":"https:\/\/www.scpet.si\/izredno-izobrazevanje\/racunalnikar\/","title":{"rendered":"Ra\u010dunalnikar"},"content":{"rendered":"<p><strong>VPISNI POGOJI<\/strong><\/p>\n<p>V izobra\u017eevalni program se lahko vpi\u0161e, kdor je uspe\u0161no kon\u010dal:<\/p>\n<ul>\n<li>osnovno\u0161olsko izobra\u017eevanje ali<\/li>\n<li>ni\u017eje poklicno izobra\u017eevanje ali enakovredno izobra\u017eevanje po prej\u0161njih predpisih.<\/li>\n<\/ul>\n<p>&nbsp;<\/p>\n<p><a name=\"_Toc176526851\"><\/a><a name=\"_Toc176526612\"><\/a><a name=\"_Toc171232067\"><\/a><strong>TRAJANJE IZOBRA\u017dEVANJA<\/strong><\/p>\n<p>Izobra\u017eevanje traja tri leta oz. odvisno od predhodno pridobljene izobrazbe.<\/p>\n<p>&nbsp;<\/p>\n<p><strong>A \u2013 Splo\u0161noizobra\u017eevalni predmeti<\/strong><\/p>\n<table class=\"table-1\">\n<tbody>\n<tr>\n<td width=\"54\"><\/td>\n<td width=\"172\"><\/td>\n<td width=\"55\"><\/td>\n<td width=\"76\"><\/td>\n<td width=\"76\">1. letnik<\/td>\n<td width=\"76\">2. letnik<\/td>\n<td width=\"76\">3. letnik<\/td>\n<\/tr>\n<tr>\n<td width=\"54\">P1<\/td>\n<td width=\"172\">Sloven\u0161\u010dina<\/td>\n<td width=\"55\">SLO<\/td>\n<td width=\"76\">obvezno<\/td>\n<td width=\"76\">x<\/td>\n<td width=\"76\">x<\/td>\n<td width=\"76\">x<\/td>\n<\/tr>\n<tr>\n<td width=\"54\">P2<\/td>\n<td width=\"172\">Matematika<\/td>\n<td width=\"55\">MAT<\/td>\n<td width=\"76\">obvezno<\/td>\n<td width=\"76\">x<\/td>\n<td width=\"76\">x<\/td>\n<td width=\"76\">x<\/td>\n<\/tr>\n<tr>\n<td width=\"54\">P3<\/td>\n<td width=\"172\">Tuji jezik<\/td>\n<td width=\"55\">ANG<\/td>\n<td width=\"76\">obvezno<\/td>\n<td width=\"76\">x<\/td>\n<td width=\"76\">x<\/td>\n<td width=\"76\">x<\/td>\n<\/tr>\n<tr>\n<td width=\"54\">P4<\/td>\n<td width=\"172\">Umetnost<\/td>\n<td width=\"55\">UME<\/td>\n<td width=\"76\">obvezno<\/td>\n<td width=\"76\">x<\/td>\n<td width=\"76\">&#8211;<\/td>\n<td width=\"76\">&#8211;<\/td>\n<\/tr>\n<tr>\n<td width=\"54\">P5<\/td>\n<td width=\"172\">Dru\u017eboslovje<\/td>\n<td width=\"55\">DRU<\/td>\n<td width=\"76\">obvezno<\/td>\n<td width=\"76\">x<\/td>\n<td width=\"76\">x<\/td>\n<td width=\"76\">&#8211;<\/td>\n<\/tr>\n<tr>\n<td width=\"54\">P6<\/td>\n<td width=\"172\">Naravoslovje<\/td>\n<td width=\"55\">NAR<\/td>\n<td width=\"76\">obvezno<\/td>\n<td width=\"76\">x<\/td>\n<td width=\"76\">x<\/td>\n<td width=\"76\">&#8211;<\/td>\n<\/tr>\n<tr>\n<td width=\"54\">P7<\/td>\n<td width=\"172\">\u0160portna vzgoja<\/td>\n<td width=\"55\">\u0160VZ<\/td>\n<td width=\"76\">obvezno<\/td>\n<td width=\"76\">opro\u0161\u010den<\/td>\n<td width=\"76\">opro\u0161\u010den<\/td>\n<td width=\"76\">opro\u0161\u010den<\/td>\n<\/tr>\n<\/tbody>\n<\/table>\n<p>&nbsp;<\/p>\n<p><strong>B \u2013 Strokovni moduli<\/strong><\/p>\n<table class=\"table-1\">\n<tbody>\n<tr>\n<td width=\"52\"><\/td>\n<td width=\"172\"><\/td>\n<td width=\"57\"><\/td>\n<td width=\"76\"><\/td>\n<td width=\"76\">1. letnik<\/td>\n<td width=\"76\">2. letnik<\/td>\n<td width=\"76\">3. letnik<\/td>\n<\/tr>\n<tr>\n<td width=\"52\">M1<\/td>\n<td width=\"172\">Informatika s tehni\u0161kim komuniciranjem<\/td>\n<td width=\"57\">ITK<\/td>\n<td width=\"76\">obvezno<\/td>\n<td width=\"76\">x<\/td>\n<td width=\"76\">&#8211;<\/td>\n<td width=\"76\">&#8211;<\/td>\n<\/tr>\n<tr>\n<td width=\"52\">M2<\/td>\n<td width=\"172\">Upravljanje z uporabni\u0161ko programsko opremo<\/td>\n<td width=\"57\">UPO<\/td>\n<td width=\"76\">obvezno<\/td>\n<td width=\"76\">x<\/td>\n<td width=\"76\">&#8211;<\/td>\n<td width=\"76\">&#8211;<\/td>\n<\/tr>\n<tr>\n<td width=\"52\">M3<\/td>\n<td width=\"172\">Vzdr\u017eevanje informacijske opreme<\/td>\n<td width=\"57\">VIO<\/td>\n<td width=\"76\">obvezno<\/td>\n<td width=\"76\">&#8211;<\/td>\n<td width=\"76\">x<\/td>\n<td width=\"76\">x<\/td>\n<\/tr>\n<tr>\n<td width=\"52\">M4<\/td>\n<td width=\"172\">Izdelava elektri\u010dnih in komunikacijskih in\u0161talacij<\/td>\n<td width=\"57\">IEK<\/td>\n<td width=\"76\">obvezno<\/td>\n<td width=\"76\">x<\/td>\n<td width=\"76\">x<\/td>\n<td width=\"76\">&#8211;<\/td>\n<\/tr>\n<tr>\n<td width=\"52\">M5<\/td>\n<td width=\"172\">Programiranje naprav<\/td>\n<td width=\"57\">PNA<\/td>\n<td width=\"76\">obvezno<\/td>\n<td width=\"76\">x<\/td>\n<td width=\"76\">x<\/td>\n<td width=\"76\">&#8211;<\/td>\n<\/tr>\n<tr>\n<td width=\"52\">M6<\/td>\n<td width=\"172\">Vzdr\u017eevanje in postavitev podatkovnih baz<\/td>\n<td width=\"57\">VPB<\/td>\n<td width=\"76\">obvezno<\/td>\n<td width=\"76\">&#8211;<\/td>\n<td width=\"76\">x<\/td>\n<td width=\"76\">x<\/td>\n<\/tr>\n<tr>\n<td width=\"52\">M7<\/td>\n<td width=\"172\">Napredno vzdr\u017eevanje strojne opreme<\/td>\n<td width=\"57\">NVS<\/td>\n<td width=\"76\">izbirno<\/td>\n<td width=\"76\">&#8211;<\/td>\n<td width=\"76\">x<\/td>\n<td width=\"76\">x<\/td>\n<\/tr>\n<tr>\n<td width=\"52\">M8<\/td>\n<td width=\"172\">Napredno vzdr\u017eevanje programske opreme<\/td>\n<td width=\"57\">NVP<\/td>\n<td width=\"76\">izbirno<\/td>\n<td width=\"76\">&#8211;<\/td>\n<td width=\"76\">x<\/td>\n<td width=\"76\">x<\/td>\n<\/tr>\n<\/tbody>\n<\/table>\n<p><em>\u0160ola ali dijak izbere enega izmed modulov\u00a0 M7 ali M8.<\/em><\/p>\n<p><strong>\u00a0<\/strong><\/p>\n<p><strong>C &#8211; Prakti\u010dno izobra\u017eevanje v \u0161oli<\/strong><\/p>\n<table class=\"table-1\">\n<tbody>\n<tr>\n<td width=\"226\">Prakti\u010dni pouk<\/td>\n<td width=\"55\">PPR<\/td>\n<td width=\"76\">obvezno<\/td>\n<td width=\"76\">&#8211;<\/td>\n<td width=\"76\">&#8211;<\/td>\n<td width=\"76\">&#8211;<\/td>\n<\/tr>\n<\/tbody>\n<\/table>\n<p><em>Prakti\u010dni pouk ni samostojni predmet, ampak je del vseh strokovnih modulov. <\/em><\/p>\n<p><strong>\u00a0<\/strong><\/p>\n<p><strong>\u010c \u2013 Prakti\u010dno izobra\u017eevanje pri delodajalcu<\/strong><\/p>\n<table class=\"table-1\">\n<tbody>\n<tr>\n<td width=\"222\">Prakti\u010dno usposabljanje z delom<\/td>\n<td width=\"56\">PUD<\/td>\n<td width=\"75\">obvezno<\/td>\n<td width=\"79\">x<\/td>\n<td width=\"76\">x<\/td>\n<td width=\"76\">x<\/td>\n<\/tr>\n<\/tbody>\n<\/table>\n<p><strong>\u00a0<\/strong><\/p>\n<p><strong>\u00a0<\/strong><\/p>\n<p><strong>D \u2013 Interesne dejavnosti<\/strong><\/p>\n<table class=\"table-1\">\n<tbody>\n<tr>\n<td width=\"225\">Interesne dejavnosti<\/td>\n<td width=\"56\">IND<\/td>\n<td width=\"84\">obvezno<\/td>\n<td width=\"77\">x<\/td>\n<td width=\"76\">x<\/td>\n<td width=\"69\">x<\/td>\n<\/tr>\n<\/tbody>\n<\/table>\n<p>&nbsp;<\/p>\n<p><strong><em>E \u2013 Odprti kurikulum<\/em><\/strong><\/p>\n<table class=\"table-1\">\n<tbody>\n<tr>\n<td width=\"54\">OK1<\/td>\n<td width=\"171\">Tr\u017eenje storitev in izdelkov<\/td>\n<td width=\"57\">TR\u017d<\/td>\n<td width=\"76\">obvezno<\/td>\n<td width=\"76\">&#8211;<\/td>\n<td width=\"76\">&#8211;<\/td>\n<td width=\"76\">x<\/td>\n<\/tr>\n<tr>\n<td width=\"54\">OK2<\/td>\n<td width=\"171\">Sodobne komunikacije<\/td>\n<td width=\"57\">SOK<\/td>\n<td width=\"76\">obvezno<\/td>\n<td width=\"76\">&#8211;<\/td>\n<td width=\"76\">&#8211;<\/td>\n<td width=\"76\">x<\/td>\n<\/tr>\n<tr>\n<td width=\"54\">OK3<\/td>\n<td width=\"171\">Multimedija<\/td>\n<td width=\"57\">MUL<\/td>\n<td width=\"76\">obvezno<\/td>\n<td width=\"76\">&#8211;<\/td>\n<td width=\"76\">&#8211;<\/td>\n<td width=\"76\">x<\/td>\n<\/tr>\n<tr>\n<td width=\"54\">OK4<\/td>\n<td width=\"171\">Komuniciranje<\/td>\n<td width=\"57\">KOM<\/td>\n<td width=\"76\">obvezno<\/td>\n<td width=\"76\">&#8211;<\/td>\n<td width=\"76\">&#8211;<\/td>\n<td width=\"76\">x<\/td>\n<\/tr>\n<tr>\n<td width=\"54\">OK5<\/td>\n<td width=\"171\">Osnovne merilne tehnike<\/td>\n<td width=\"57\">OMT<\/td>\n<td width=\"76\">obvezno<\/td>\n<td width=\"76\">&#8211;<\/td>\n<td width=\"76\">x<\/td>\n<td width=\"76\">x<\/td>\n<\/tr>\n<\/tbody>\n<\/table>\n<p><strong><em>\u00a0<\/em><\/strong><\/p>\n<p><strong>ZAKLJU\u010cNI IZPIT<\/strong> obsega:<\/p>\n<ul>\n<li>pisni in ustni izpit iz sloven\u0161\u010dine<\/li>\n<li>izdelek oziroma storitev in zagovor<\/li>\n<\/ul>\n<p>&nbsp;<\/p>\n","protected":false},"excerpt":{"rendered":"<p>VPISNI POGOJI V izobra\u017eevalni program se lahko vpi\u0161e, kdor je [&hellip;]<\/p>\n","protected":false},"author":5,"featured_media":0,"parent":0,"menu_order":5,"comment_status":"closed","ping_status":"closed","template":"","meta":{"_mi_skip_tracking":false,"_exactmetrics_sitenote_active":false,"_exactmetrics_sitenote_note":"","_exactmetrics_sitenote_category":0},"yoast_head":"<!-- This site is optimized with the Yoast SEO plugin v20.8 - https:\/\/yoast.com\/wordpress\/plugins\/seo\/ -->\n<title>Ra\u010dunalnikar - IZREDNO IZOBRA\u017dEVANJE<\/title>\n<meta name=\"description\" content=\"Ra\u010dunalnikar - Izredno izobra\u017eevanje ekonomija in telekomunikacije na \u0161olskem centru za po\u0161to, ekonimijo in telekomunikacije Ljubljana.\" \/>\n<meta name=\"robots\" content=\"index, follow, max-snippet:-1, max-image-preview:large, max-video-preview:-1\" \/>\n<link rel=\"canonical\" href=\"https:\/\/www.scpet.si\/izredno-izobrazevanje\/racunalnikar\/\" \/>\n<meta property=\"og:locale\" content=\"sl_SI\" \/>\n<meta property=\"og:type\" content=\"article\" \/>\n<meta property=\"og:title\" content=\"Ra\u010dunalnikar - IZREDNO IZOBRA\u017dEVANJE\" \/>\n<meta property=\"og:description\" content=\"Ra\u010dunalnikar - Izredno izobra\u017eevanje ekonomija in telekomunikacije na \u0161olskem centru za po\u0161to, ekonimijo in telekomunikacije Ljubljana.\" \/>\n<meta property=\"og:url\" content=\"https:\/\/www.scpet.si\/izredno-izobrazevanje\/racunalnikar\/\" \/>\n<meta property=\"og:site_name\" content=\"IZREDNO IZOBRA\u017dEVANJE\" \/>\n<meta property=\"article:modified_time\" content=\"2022-08-10T10:05:22+00:00\" \/>\n<meta name=\"twitter:card\" content=\"summary_large_image\" \/>\n<meta name=\"twitter:label1\" content=\"Est. reading time\" \/>\n\t<meta name=\"twitter:data1\" content=\"2 minuti\" \/>\n<script type=\"application\/ld+json\" class=\"yoast-schema-graph\">{\"@context\":\"https:\/\/schema.org\",\"@graph\":[{\"@type\":\"WebPage\",\"@id\":\"https:\/\/www.scpet.si\/izredno-izobrazevanje\/racunalnikar\/\",\"url\":\"https:\/\/www.scpet.si\/izredno-izobrazevanje\/racunalnikar\/\",\"name\":\"Ra\u010dunalnikar - IZREDNO IZOBRA\u017dEVANJE\",\"isPartOf\":{\"@id\":\"https:\/\/www.scpet.si\/izredno-izobrazevanje\/#website\"},\"datePublished\":\"2019-12-12T09:19:44+00:00\",\"dateModified\":\"2022-08-10T10:05:22+00:00\",\"description\":\"Ra\u010dunalnikar - Izredno izobra\u017eevanje ekonomija in telekomunikacije na \u0161olskem centru za po\u0161to, ekonimijo in telekomunikacije Ljubljana.\",\"breadcrumb\":{\"@id\":\"https:\/\/www.scpet.si\/izredno-izobrazevanje\/racunalnikar\/#breadcrumb\"},\"inLanguage\":\"sl-SI\",\"potentialAction\":[{\"@type\":\"ReadAction\",\"target\":[\"https:\/\/www.scpet.si\/izredno-izobrazevanje\/racunalnikar\/\"]}]},{\"@type\":\"BreadcrumbList\",\"@id\":\"https:\/\/www.scpet.si\/izredno-izobrazevanje\/racunalnikar\/#breadcrumb\",\"itemListElement\":[{\"@type\":\"ListItem\",\"position\":1,\"name\":\"Home\",\"item\":\"https:\/\/www.scpet.si\/izredno-izobrazevanje\/\"},{\"@type\":\"ListItem\",\"position\":2,\"name\":\"Ra\u010dunalnikar\"}]},{\"@type\":\"WebSite\",\"@id\":\"https:\/\/www.scpet.si\/izredno-izobrazevanje\/#website\",\"url\":\"https:\/\/www.scpet.si\/izredno-izobrazevanje\/\",\"name\":\"IZREDNO IZOBRA\u017dEVANJE\",\"description\":\"Just another \u0160C PET Sites site\",\"potentialAction\":[{\"@type\":\"SearchAction\",\"target\":{\"@type\":\"EntryPoint\",\"urlTemplate\":\"https:\/\/www.scpet.si\/izredno-izobrazevanje\/?s={search_term_string}\"},\"query-input\":\"required name=search_term_string\"}],\"inLanguage\":\"sl-SI\"}]}<\/script>\n<!-- \/ Yoast SEO plugin. -->","yoast_head_json":{"title":"Ra\u010dunalnikar - IZREDNO IZOBRA\u017dEVANJE","description":"Ra\u010dunalnikar - Izredno izobra\u017eevanje ekonomija in telekomunikacije na \u0161olskem centru za po\u0161to, ekonimijo in telekomunikacije Ljubljana.","robots":{"index":"index","follow":"follow","max-snippet":"max-snippet:-1","max-image-preview":"max-image-preview:large","max-video-preview":"max-video-preview:-1"},"canonical":"https:\/\/www.scpet.si\/izredno-izobrazevanje\/racunalnikar\/","og_locale":"sl_SI","og_type":"article","og_title":"Ra\u010dunalnikar - IZREDNO IZOBRA\u017dEVANJE","og_description":"Ra\u010dunalnikar - Izredno izobra\u017eevanje ekonomija in telekomunikacije na \u0161olskem centru za po\u0161to, ekonimijo in telekomunikacije Ljubljana.","og_url":"https:\/\/www.scpet.si\/izredno-izobrazevanje\/racunalnikar\/","og_site_name":"IZREDNO IZOBRA\u017dEVANJE","article_modified_time":"2022-08-10T10:05:22+00:00","twitter_card":"summary_large_image","twitter_misc":{"Est. reading time":"2 minuti"},"schema":{"@context":"https:\/\/schema.org","@graph":[{"@type":"WebPage","@id":"https:\/\/www.scpet.si\/izredno-izobrazevanje\/racunalnikar\/","url":"https:\/\/www.scpet.si\/izredno-izobrazevanje\/racunalnikar\/","name":"Ra\u010dunalnikar - IZREDNO IZOBRA\u017dEVANJE","isPartOf":{"@id":"https:\/\/www.scpet.si\/izredno-izobrazevanje\/#website"},"datePublished":"2019-12-12T09:19:44+00:00","dateModified":"2022-08-10T10:05:22+00:00","description":"Ra\u010dunalnikar - Izredno izobra\u017eevanje ekonomija in telekomunikacije na \u0161olskem centru za po\u0161to, ekonimijo in telekomunikacije Ljubljana.","breadcrumb":{"@id":"https:\/\/www.scpet.si\/izredno-izobrazevanje\/racunalnikar\/#breadcrumb"},"inLanguage":"sl-SI","potentialAction":[{"@type":"ReadAction","target":["https:\/\/www.scpet.si\/izredno-izobrazevanje\/racunalnikar\/"]}]},{"@type":"BreadcrumbList","@id":"https:\/\/www.scpet.si\/izredno-izobrazevanje\/racunalnikar\/#breadcrumb","itemListElement":[{"@type":"ListItem","position":1,"name":"Home","item":"https:\/\/www.scpet.si\/izredno-izobrazevanje\/"},{"@type":"ListItem","position":2,"name":"Ra\u010dunalnikar"}]},{"@type":"WebSite","@id":"https:\/\/www.scpet.si\/izredno-izobrazevanje\/#website","url":"https:\/\/www.scpet.si\/izredno-izobrazevanje\/","name":"IZREDNO IZOBRA\u017dEVANJE","description":"Just another \u0160C PET Sites site","potentialAction":[{"@type":"SearchAction","target":{"@type":"EntryPoint","urlTemplate":"https:\/\/www.scpet.si\/izredno-izobrazevanje\/?s={search_term_string}"},"query-input":"required name=search_term_string"}],"inLanguage":"sl-SI"}]}},"_links":{"self":[{"href":"https:\/\/www.scpet.si\/izredno-izobrazevanje\/wp-json\/wp\/v2\/pages\/127"}],"collection":[{"href":"https:\/\/www.scpet.si\/izredno-izobrazevanje\/wp-json\/wp\/v2\/pages"}],"about":[{"href":"https:\/\/www.scpet.si\/izredno-izobrazevanje\/wp-json\/wp\/v2\/types\/page"}],"author":[{"embeddable":true,"href":"https:\/\/www.scpet.si\/izredno-izobrazevanje\/wp-json\/wp\/v2\/users\/5"}],"replies":[{"embeddable":true,"href":"https:\/\/www.scpet.si\/izredno-izobrazevanje\/wp-json\/wp\/v2\/comments?post=127"}],"version-history":[{"count":0,"href":"https:\/\/www.scpet.si\/izredno-izobrazevanje\/wp-json\/wp\/v2\/pages\/127\/revisions"}],"wp:attachment":[{"href":"https:\/\/www.scpet.si\/izredno-izobrazevanje\/wp-json\/wp\/v2\/media?parent=127"}],"curies":[{"name":"wp","href":"https:\/\/api.w.org\/{rel}","templated":true}]}}