{"id":183,"date":"2020-08-19T10:38:14","date_gmt":"2020-08-19T08:38:14","guid":{"rendered":"https:\/\/www.scpet.si\/izredno-izobrazevanje\/?page_id=183"},"modified":"2023-02-24T12:08:10","modified_gmt":"2023-02-24T11:08:10","slug":"izdaja-duplikata-izpis-iz-evidence","status":"publish","type":"page","link":"https:\/\/www.scpet.si\/izredno-izobrazevanje\/izdaja-duplikata-izpis-iz-evidence\/","title":{"rendered":"Izdaja duplikata \/ izpis iz evidence"},"content":{"rendered":"<div class=\"fusion-fullwidth fullwidth-box fusion-builder-row-1 nonhundred-percent-fullwidth non-hundred-percent-height-scrolling\" style=\"background-color: rgba(255,255,255,0);background-position: center center;background-repeat: no-repeat;padding-top:0px;padding-right:0px;padding-bottom:0px;padding-left:0px;margin-bottom: 0px;margin-top: 0px;border-width: 0px 0px 0px 0px;border-color:#eae9e9;border-style:solid;\" ><div class=\"fusion-builder-row fusion-row\"><div class=\"fusion-layout-column fusion_builder_column fusion-builder-column-0 fusion_builder_column_1_1 1_1 fusion-one-full fusion-column-first fusion-column-last\" style=\"margin-top:0px;margin-bottom:0px;\"><div class=\"fusion-column-wrapper fusion-flex-column-wrapper-legacy\" style=\"background-position:left top;background-repeat:no-repeat;-webkit-background-size:cover;-moz-background-size:cover;-o-background-size:cover;background-size:cover;padding: 0px 0px 0px 0px;\"><div class=\"fusion-text fusion-text-1\"><h3>Postopek za pridobitev izpisa iz evidence (duplikata) spri\u010devala<\/h3>\n<\/div><div class=\"fusion-text fusion-text-2\"><p>1. <strong>Izpolnite vlogo za izdajo nadomestne javne listine<\/strong> (<a href=\"https:\/\/www.scpet.si\/srednja-tehniska-in-strokovna-sola\/wp-content\/uploads\/sites\/2\/2023\/02\/Vloga_za_izdajo_duplikata2023.pdf\" target=\"_blank\" rel=\"noopener\">povezava do vloge)<\/a> in jo po\u0161ljite po e-po\u0161ti: <a href=\"mailto:enota@scpet.si\">enota@scpet.si<\/a>. Prilo\u017eite tudi dokazilo o pla\u010dilu.<\/p>\n<\/div><div class=\"fusion-text fusion-text-3\"><p>2.\u00a0<strong>Pla\u010dilo izdaje izpisa iz evidence<\/strong><\/p>\n<p>Cene veljajo za en izpis. \u010ce je izpisov ve\u010d, se znesek ustrezno pove\u010da.<\/p>\n<ul>\n<li>UPRAVNA TAKSA\u2026\u2026\u2026\u2026\u2026\u2026\u2026\u2026\u2026\u2026\u2026\u2026\u2026\u2026\u2026\u2026\u2026\u2026..\u2026.1,80 \u20ac (<i class=\"far fa-file-pdf\"><\/i> <a href=\"https:\/\/www.scpet.si\/srednja-tehniska-in-strokovna-sola\/wp-content\/uploads\/sites\/2\/2022\/08\/UPN-upravna_taksa.pdf\" target=\"_blank\" rel=\"noopener\">UPN s QR kodo<\/a>)<\/li>\n<li>IZPIS IZ EVIDENCE (izdaja duplikata) \u2026\u2026\u2026\u2026\u2026\u2026\u2026\u2026\u2026\u2026..16,00 \u20ac (<i class=\"far fa-file-pdf\"><\/i> <a href=\"https:\/\/www.scpet.si\/srednja-tehniska-in-strokovna-sola\/wp-content\/uploads\/sites\/2\/2022\/08\/UPN-izpisa_duplikata.pdf\" target=\"_blank\" rel=\"noopener\">UPN s QR kodo<\/a>)<\/li>\n<\/ul>\n<p>Polo\u017enice za pla\u010dilo lahko prevzamete v tajni\u0161tvu \u0161ole.<\/p>\n<p>PLA\u010cILO IZPISA (IZPISOV) OPRAVITE Z OBRAZCEM UPN:<\/p>\n<ul>\n<li>Pla\u010dilo upravne takse (1,80 \u20ac):<br \/>\n&#8211; MF UNPIS, Slovenska cesta 54, 1000 Ljubljana<br \/>\n&#8211; \u0161tevilka ra\u010duna: SI56 0110 0100 0315 637<br \/>\n&#8211; referenca: SI11 70041-7111002<\/li>\n<\/ul>\n<ul>\n<li>Pla\u010dilo izpisa (16,00 \u20ac\/izpis):<br \/>\n&#8211; \u0160OLSKI CENTER ZA PO\u0160TO, EKONOMIJO IN TELEKOMUNIKACIJE, Celjska ulica 16, 1000 Ljubljana<br \/>\n&#8211; \u0161tevilka ra\u010duna: SI56 01100-6030700426<br \/>\n&#8211; referenca: SI00 200-120500<br \/>\n&#8211; koda namena: OTHR<br \/>\n&#8211; namen: pla\u010dilo izpisa iz evidence<\/li>\n<\/ul>\n<\/div><div class=\"fusion-text fusion-text-4\"><p><strong>3. Postopek izpisa<\/strong> iz evidence se bo za\u010del \u0161ele po prejetju vloge in potrdila o pla\u010dilu (upravne takse in izdaje izpisa iz evidence).<\/p>\n<\/div><div class=\"fusion-text fusion-text-5\"><p><strong>4. Izpis iz evidence<\/strong> bo pripravljen v roku osmih delovnih dni po prejemu potrdila o pla\u010dilu.<\/p>\n<\/div><div class=\"fusion-text fusion-text-6\"><p><strong>5. Prevzem izpisa<\/strong> iz evidence je osebno, v <strong>Referatu za izobra\u017eevanje odraslih<\/strong>, v \u010dasu <a href=\"https:\/\/www.scpet.si\/izredno-izobrazevanje\/referat\/\">uradnih ur<\/a>.<\/p>\n<\/div><div class=\"fusion-sep-clear\"><\/div><div class=\"fusion-separator fusion-full-width-sep\" style=\"margin-left: auto;margin-right: auto;margin-top:30px;width:100%;\"><div class=\"fusion-separator-border sep-double\" style=\"border-color:#ffffff;border-top-width:0px;border-bottom-width:0px;\"><\/div><\/div><div class=\"fusion-sep-clear\"><\/div><div class=\"fusion-text fusion-text-7\"><p>Povezava: <a href=\"https:\/\/www.scpet.si\/srednja-tehniska-in-strokovna-sola\/wp-content\/uploads\/sites\/2\/2023\/02\/Vloga_za_izdajo_duplikata2023.pdf\" target=\"_blank\" rel=\"noopener\">Vloga za izdajo nadomestne javne listine(izpis iz evidence)<\/a> (.pdf, 199,0 KB)<\/p>\n<\/div><div class=\"fusion-clearfix\"><\/div><\/div><\/div><\/div><\/div>\n","protected":false},"excerpt":{"rendered":"","protected":false},"author":5,"featured_media":0,"parent":0,"menu_order":0,"comment_status":"closed","ping_status":"closed","template":"","meta":{"_mi_skip_tracking":false,"_exactmetrics_sitenote_active":false,"_exactmetrics_sitenote_note":"","_exactmetrics_sitenote_category":0},"yoast_head":"<!-- This site is optimized with the Yoast SEO plugin v20.8 - https:\/\/yoast.com\/wordpress\/plugins\/seo\/ -->\n<title>Izdaja duplikata \/ izpis iz evidence - IZREDNO IZOBRA\u017dEVANJE<\/title>\n<meta name=\"description\" content=\"Izdaja duplikata - Izredno izobra\u017eevanje ekonomija in telekomunikacije na \u0161olskem centru za po\u0161to, ekonimijo in telekomunikacije Ljubljana.\" \/>\n<meta name=\"robots\" content=\"index, follow, max-snippet:-1, max-image-preview:large, max-video-preview:-1\" \/>\n<link rel=\"canonical\" href=\"https:\/\/www.scpet.si\/izredno-izobrazevanje\/izdaja-duplikata-izpis-iz-evidence\/\" \/>\n<meta property=\"og:locale\" content=\"sl_SI\" \/>\n<meta property=\"og:type\" content=\"article\" \/>\n<meta property=\"og:title\" content=\"Izdaja duplikata \/ izpis iz evidence - IZREDNO IZOBRA\u017dEVANJE\" \/>\n<meta property=\"og:description\" content=\"Izdaja duplikata - Izredno izobra\u017eevanje ekonomija in telekomunikacije na \u0161olskem centru za po\u0161to, ekonimijo in telekomunikacije Ljubljana.\" \/>\n<meta property=\"og:url\" content=\"https:\/\/www.scpet.si\/izredno-izobrazevanje\/izdaja-duplikata-izpis-iz-evidence\/\" \/>\n<meta property=\"og:site_name\" content=\"IZREDNO IZOBRA\u017dEVANJE\" \/>\n<meta property=\"article:modified_time\" content=\"2023-02-24T11:08:10+00:00\" \/>\n<meta name=\"twitter:card\" content=\"summary_large_image\" \/>\n<meta name=\"twitter:label1\" content=\"Est. reading time\" \/>\n\t<meta name=\"twitter:data1\" content=\"4 minute\" \/>\n<script type=\"application\/ld+json\" class=\"yoast-schema-graph\">{\"@context\":\"https:\/\/schema.org\",\"@graph\":[{\"@type\":\"WebPage\",\"@id\":\"https:\/\/www.scpet.si\/izredno-izobrazevanje\/izdaja-duplikata-izpis-iz-evidence\/\",\"url\":\"https:\/\/www.scpet.si\/izredno-izobrazevanje\/izdaja-duplikata-izpis-iz-evidence\/\",\"name\":\"Izdaja duplikata \/ izpis iz evidence - IZREDNO IZOBRA\u017dEVANJE\",\"isPartOf\":{\"@id\":\"https:\/\/www.scpet.si\/izredno-izobrazevanje\/#website\"},\"datePublished\":\"2020-08-19T08:38:14+00:00\",\"dateModified\":\"2023-02-24T11:08:10+00:00\",\"description\":\"Izdaja duplikata - Izredno izobra\u017eevanje ekonomija in telekomunikacije na \u0161olskem centru za po\u0161to, ekonimijo in telekomunikacije Ljubljana.\",\"breadcrumb\":{\"@id\":\"https:\/\/www.scpet.si\/izredno-izobrazevanje\/izdaja-duplikata-izpis-iz-evidence\/#breadcrumb\"},\"inLanguage\":\"sl-SI\",\"potentialAction\":[{\"@type\":\"ReadAction\",\"target\":[\"https:\/\/www.scpet.si\/izredno-izobrazevanje\/izdaja-duplikata-izpis-iz-evidence\/\"]}]},{\"@type\":\"BreadcrumbList\",\"@id\":\"https:\/\/www.scpet.si\/izredno-izobrazevanje\/izdaja-duplikata-izpis-iz-evidence\/#breadcrumb\",\"itemListElement\":[{\"@type\":\"ListItem\",\"position\":1,\"name\":\"Home\",\"item\":\"https:\/\/www.scpet.si\/izredno-izobrazevanje\/\"},{\"@type\":\"ListItem\",\"position\":2,\"name\":\"Izdaja duplikata \/ izpis iz evidence\"}]},{\"@type\":\"WebSite\",\"@id\":\"https:\/\/www.scpet.si\/izredno-izobrazevanje\/#website\",\"url\":\"https:\/\/www.scpet.si\/izredno-izobrazevanje\/\",\"name\":\"IZREDNO IZOBRA\u017dEVANJE\",\"description\":\"Just another \u0160C PET Sites site\",\"potentialAction\":[{\"@type\":\"SearchAction\",\"target\":{\"@type\":\"EntryPoint\",\"urlTemplate\":\"https:\/\/www.scpet.si\/izredno-izobrazevanje\/?s={search_term_string}\"},\"query-input\":\"required name=search_term_string\"}],\"inLanguage\":\"sl-SI\"}]}<\/script>\n<!-- \/ Yoast SEO plugin. -->","yoast_head_json":{"title":"Izdaja duplikata \/ izpis iz evidence - IZREDNO IZOBRA\u017dEVANJE","description":"Izdaja duplikata - Izredno izobra\u017eevanje ekonomija in telekomunikacije na \u0161olskem centru za po\u0161to, ekonimijo in telekomunikacije Ljubljana.","robots":{"index":"index","follow":"follow","max-snippet":"max-snippet:-1","max-image-preview":"max-image-preview:large","max-video-preview":"max-video-preview:-1"},"canonical":"https:\/\/www.scpet.si\/izredno-izobrazevanje\/izdaja-duplikata-izpis-iz-evidence\/","og_locale":"sl_SI","og_type":"article","og_title":"Izdaja duplikata \/ izpis iz evidence - IZREDNO IZOBRA\u017dEVANJE","og_description":"Izdaja duplikata - Izredno izobra\u017eevanje ekonomija in telekomunikacije na \u0161olskem centru za po\u0161to, ekonimijo in telekomunikacije Ljubljana.","og_url":"https:\/\/www.scpet.si\/izredno-izobrazevanje\/izdaja-duplikata-izpis-iz-evidence\/","og_site_name":"IZREDNO IZOBRA\u017dEVANJE","article_modified_time":"2023-02-24T11:08:10+00:00","twitter_card":"summary_large_image","twitter_misc":{"Est. reading time":"4 minute"},"schema":{"@context":"https:\/\/schema.org","@graph":[{"@type":"WebPage","@id":"https:\/\/www.scpet.si\/izredno-izobrazevanje\/izdaja-duplikata-izpis-iz-evidence\/","url":"https:\/\/www.scpet.si\/izredno-izobrazevanje\/izdaja-duplikata-izpis-iz-evidence\/","name":"Izdaja duplikata \/ izpis iz evidence - IZREDNO IZOBRA\u017dEVANJE","isPartOf":{"@id":"https:\/\/www.scpet.si\/izredno-izobrazevanje\/#website"},"datePublished":"2020-08-19T08:38:14+00:00","dateModified":"2023-02-24T11:08:10+00:00","description":"Izdaja duplikata - Izredno izobra\u017eevanje ekonomija in telekomunikacije na \u0161olskem centru za po\u0161to, ekonimijo in telekomunikacije Ljubljana.","breadcrumb":{"@id":"https:\/\/www.scpet.si\/izredno-izobrazevanje\/izdaja-duplikata-izpis-iz-evidence\/#breadcrumb"},"inLanguage":"sl-SI","potentialAction":[{"@type":"ReadAction","target":["https:\/\/www.scpet.si\/izredno-izobrazevanje\/izdaja-duplikata-izpis-iz-evidence\/"]}]},{"@type":"BreadcrumbList","@id":"https:\/\/www.scpet.si\/izredno-izobrazevanje\/izdaja-duplikata-izpis-iz-evidence\/#breadcrumb","itemListElement":[{"@type":"ListItem","position":1,"name":"Home","item":"https:\/\/www.scpet.si\/izredno-izobrazevanje\/"},{"@type":"ListItem","position":2,"name":"Izdaja duplikata \/ izpis iz evidence"}]},{"@type":"WebSite","@id":"https:\/\/www.scpet.si\/izredno-izobrazevanje\/#website","url":"https:\/\/www.scpet.si\/izredno-izobrazevanje\/","name":"IZREDNO IZOBRA\u017dEVANJE","description":"Just another \u0160C PET Sites site","potentialAction":[{"@type":"SearchAction","target":{"@type":"EntryPoint","urlTemplate":"https:\/\/www.scpet.si\/izredno-izobrazevanje\/?s={search_term_string}"},"query-input":"required name=search_term_string"}],"inLanguage":"sl-SI"}]}},"_links":{"self":[{"href":"https:\/\/www.scpet.si\/izredno-izobrazevanje\/wp-json\/wp\/v2\/pages\/183"}],"collection":[{"href":"https:\/\/www.scpet.si\/izredno-izobrazevanje\/wp-json\/wp\/v2\/pages"}],"about":[{"href":"https:\/\/www.scpet.si\/izredno-izobrazevanje\/wp-json\/wp\/v2\/types\/page"}],"author":[{"embeddable":true,"href":"https:\/\/www.scpet.si\/izredno-izobrazevanje\/wp-json\/wp\/v2\/users\/5"}],"replies":[{"embeddable":true,"href":"https:\/\/www.scpet.si\/izredno-izobrazevanje\/wp-json\/wp\/v2\/comments?post=183"}],"version-history":[{"count":0,"href":"https:\/\/www.scpet.si\/izredno-izobrazevanje\/wp-json\/wp\/v2\/pages\/183\/revisions"}],"wp:attachment":[{"href":"https:\/\/www.scpet.si\/izredno-izobrazevanje\/wp-json\/wp\/v2\/media?parent=183"}],"curies":[{"name":"wp","href":"https:\/\/api.w.org\/{rel}","templated":true}]}}