{"id":225,"date":"2021-03-18T08:22:22","date_gmt":"2021-03-18T07:22:22","guid":{"rendered":"https:\/\/www.scpet.si\/izredno-izobrazevanje\/predavatelji-in-konzultacije-copy\/"},"modified":"2022-08-10T10:24:53","modified_gmt":"2022-08-10T08:24:53","slug":"predavatelji-in-konzultacije-2021","status":"publish","type":"page","link":"https:\/\/www.scpet.si\/izredno-izobrazevanje\/predavatelji-in-konzultacije-2021\/","title":{"rendered":"PREDAVATELJI IN KONZULTACIJE  2021"},"content":{"rendered":"<div class=\"fusion-fullwidth fullwidth-box fusion-builder-row-1 nonhundred-percent-fullwidth non-hundred-percent-height-scrolling\" style=\"background-color: rgba(255,255,255,0);background-position: center center;background-repeat: no-repeat;padding-top:0px;padding-right:0px;padding-bottom:0px;padding-left:0px;margin-bottom: 0px;margin-top: 0px;border-width: 0px 0px 0px 0px;border-color:#eae9e9;border-style:solid;\" ><div class=\"fusion-builder-row fusion-row\"><div class=\"fusion-layout-column fusion_builder_column fusion-builder-column-0 fusion_builder_column_1_1 1_1 fusion-one-full fusion-column-first fusion-column-last\" style=\"margin-top:0px;margin-bottom:0px;\"><div class=\"fusion-column-wrapper fusion-flex-column-wrapper-legacy\" style=\"background-position:left top;background-repeat:no-repeat;-webkit-background-size:cover;-moz-background-size:cover;-o-background-size:cover;background-size:cover;padding: 0px 0px 0px 0px;\"><style type=\"text\/css\"><\/style><div class=\"fusion-title title fusion-title-1 fusion-sep-none fusion-title-text fusion-title-size-one\" style=\"margin-top:0px;margin-right:0px;margin-bottom:31px;margin-left:0px;\"><h1 class=\"title-heading-left\" style=\"margin:0;\">Predavatelji in konzultacije<\/h1><\/div><div class=\"fusion-text fusion-text-1\"><\/div><div class=\"fusion-text fusion-text-2\"><p>Seznam predavateljev in konzultacij za \u0161olsko leto 2020 \/ 2021<\/p>\n<table class=\"table-1\">\n<tbody>\n<tr>\n<td width=\"33\"><a name=\"_Toc274308412\"><\/a><strong>\u0160T.<\/strong><\/td>\n<td width=\"147\"><strong>U\u010cITELJ<\/strong><\/td>\n<td width=\"236\"><strong>PREDMET<\/strong><\/td>\n<td width=\"170\"><strong>ELEKTRONSKI <\/strong><\/p>\n<p><strong>NASLOV<\/strong><\/td>\n<td colspan=\"2\" width=\"142\"><strong>DATUM IN URA KONZULTACIJE<\/strong><\/td>\n<td width=\"104\"><strong>PROSTOR<\/strong><\/td>\n<td width=\"104\"><strong>TELEFON<\/strong><\/p>\n<p><strong>01 2342 &#8211;<\/strong><\/td>\n<\/tr>\n<tr>\n<td width=\"33\">1.<\/td>\n<td width=\"147\">BABI\u010c LIDIJA<\/td>\n<td width=\"236\">\n<ul>\n<li>FIZIKA<\/li>\n<li>FIZIKA ELEKTRONSKIH KOMUNIKACIJ<\/li>\n<li>NARAVOSLOVJE<\/li>\n<li>POSLOVNI PROJEKTI 2<\/li>\n<li>UPORABA IKT PRI POSLOVANJU 2<\/li>\n<\/ul>\n<\/td>\n<td width=\"170\"><a href=\"mailto:lidija.babic@scpet.si\">lidija.babic@scpet.si<\/a><\/td>\n<td width=\"76\">PE<\/td>\n<td width=\"66\">8.55<\/p>\n<p>&#8211;<\/p>\n<p>9.40<\/td>\n<td width=\"104\">KAB ZA FIZIKO<\/p>\n<p>(PRITLI\u010cJE)<\/p>\n<p>1.<\/td>\n<td width=\"104\">418<\/td>\n<\/tr>\n<tr>\n<td width=\"33\">2.<\/td>\n<td width=\"147\">BO\u0160NJAK RAJKO<\/td>\n<td width=\"236\">\n<ul>\n<li>UPORABA IKT PRI POSLOVANJU 1<\/li>\n<li>POSLOVNI PROJEKTI 1<\/li>\n<\/ul>\n<\/td>\n<td width=\"170\"><a href=\"mailto:rajko.bosnjak@scpet.si\">rajko.bosnjak@scpet.si<\/a><\/td>\n<td colspan=\"2\" width=\"142\">Konzultacije po dogovoru preko elektronske po\u0161te<\/td>\n<td width=\"104\">KAB-TAJNIK PM<\/p>\n<p>(2.NAD)<\/td>\n<td width=\"104\">407<\/td>\n<\/tr>\n<tr>\n<td width=\"33\">3.<\/td>\n<td width=\"147\">FISTER MARTA<\/td>\n<td width=\"236\">\n<ul>\n<li>ZAVAROVALNI\u0160TVO<\/li>\n<li>SODOBNO GOSPODARSTVO 2<\/li>\n<li>PRAVO<\/li>\n<li>POSLOVNI PRIOJEKTI 4<\/li>\n<li>EKONOMIKA POSLOVANJA 2, 4<\/li>\n<\/ul>\n<\/td>\n<td width=\"170\"><a href=\"mailto:marta.fister@scpet.si\">marta.fister@scpet.si<\/a><\/td>\n<td width=\"76\">PE<\/td>\n<td width=\"66\">11.00<\/p>\n<p>&#8211;<\/p>\n<p>11.45<\/td>\n<td width=\"104\">KAB ZA EKN<\/p>\n<p>(2.NAD)<\/td>\n<td width=\"104\">410<\/td>\n<\/tr>\n<tr>\n<td width=\"33\">4.<\/td>\n<td width=\"147\">GLAVI\u010c ANDREJA<\/td>\n<td width=\"236\">\n<ul>\n<li>OSNOVNE MERILNE TEHNIKE 1<\/li>\n<li>ENOSMERNI IN IZMENI\u010cNI TOKOKROGI<\/li>\n<li>SODOBNE KOMUNIKACIJE<\/li>\n<li>TR\u017dENJE TK STORITEV<\/li>\n<li>IZDELAVA ELEKTRI\u010cNIH TOKOKROGOV<\/li>\n<li>ELEKTRI\u010cNE NAPRAVE<\/li>\n<li>ELEKTRONSKI SKLOPI<\/li>\n<li>OBNOVLJIVI VIRI ENERGIJE<\/li>\n<\/ul>\n<\/td>\n<td width=\"170\"><a href=\"mailto:andreja.glavic@scpet.si\">andreja.glavic@scpet.si<\/a><\/td>\n<td width=\"76\">SR<\/td>\n<td width=\"66\">14.20<\/p>\n<p>&#8211;<\/p>\n<p>15.05<\/td>\n<td width=\"104\">KAB ZA TEK<\/p>\n<p>(2.NAD)<\/td>\n<td width=\"104\">405<\/td>\n<\/tr>\n<tr>\n<td width=\"33\">5.<\/td>\n<td width=\"147\">GORJAN MOJCA<\/td>\n<td width=\"236\">\n<ul>\n<li>SODOBNO GOSPODARSTVO<\/li>\n<li>KOMERCIALNO POSLOVANJE<\/li>\n<li>NEPOSREDNO TR\u017dENJE<\/li>\n<li>POSLOVANJE PODJETIJ 4<\/li>\n<li>POSLOVNI PRIOJEKTI 4<\/li>\n<li>TEMELJI GOSPODARSTVA<\/li>\n<li>KOMUNICIRANJE<\/li>\n<li>POSLOVNA TEHNIKA<\/li>\n<\/ul>\n<\/td>\n<td width=\"170\"><a href=\"mailto:mojca.gorjan@scpet.si\">mojca.gorjan@scpet.si<\/a><\/td>\n<td width=\"76\"><\/td>\n<td width=\"66\"><\/td>\n<td width=\"104\">KAB ZA EKN<\/p>\n<p>(2.NAD)<\/td>\n<td width=\"104\">437<\/td>\n<\/tr>\n<tr>\n<td width=\"33\">6.<\/td>\n<td width=\"147\">GODEC ANA<\/td>\n<td width=\"236\">\n<ul>\n<li>POSLOVNI PROJEKTI 2<\/li>\n<\/ul>\n<\/td>\n<td width=\"170\"><a href=\"mailto:ana.godec@scpet.si\">ana.godec@scpet.si<\/a><\/td>\n<td width=\"76\"><\/td>\n<td width=\"66\"><\/td>\n<td width=\"104\">KAB ZA EKN<\/p>\n<p>(2.NAD)<\/td>\n<td width=\"104\">426<\/td>\n<\/tr>\n<tr>\n<td width=\"33\">7.<\/td>\n<td width=\"147\">GRANDA MAJA<\/td>\n<td width=\"236\">\n<ul>\n<li>PSIHOLOGIJA<\/li>\n<\/ul>\n<\/td>\n<td width=\"170\"><a href=\"mailto:maja.granda@scpet.si\">maja.granda@scpet.si<\/a><\/td>\n<td colspan=\"3\" width=\"246\">Konzultacije po dogovoru preko<\/p>\n<p>elektronske po\u0161te<\/td>\n<td width=\"104\">428<\/td>\n<\/tr>\n<tr>\n<td width=\"33\">8.<\/td>\n<td width=\"147\">HLAJ JASMINA<\/td>\n<td width=\"236\">\n<ul>\n<li>SLOVEN\u0160\u010cINA<\/li>\n<\/ul>\n<\/td>\n<td width=\"170\"><a href=\"mailto:jasmina.hlaj@gmail.com\">jasmina.hlaj@gmail.com<\/a><\/td>\n<td colspan=\"2\" width=\"142\">Konzultacije po dogovoru preko elektronske po\u0161te<\/td>\n<td width=\"104\"><\/td>\n<td width=\"104\"><\/td>\n<\/tr>\n<tr>\n<td width=\"33\">9.<\/td>\n<td width=\"147\">IVAN\u010cI\u010c FRANCE<\/td>\n<td width=\"236\">\n<ul>\n<li>NEM\u0160\u010cINA<\/li>\n<li>STROKOVNA TERMINOLOGIJA V NEM\u0160KEM JEZIKU<\/li>\n<\/ul>\n<\/td>\n<td width=\"170\"><a href=\"mailto:france.ivancic@scpet.si\">france.ivancic@scpet.si<\/a><\/td>\n<td width=\"76\">\u010cE<\/td>\n<td width=\"66\">11.00<\/p>\n<p>&#8211;<\/p>\n<p>11.45<\/td>\n<td width=\"104\">PROSTOR ZA U\u010cBENI\u0160KI SKLAD<\/p>\n<p>(2.NAD)<\/td>\n<td width=\"104\">429<\/td>\n<\/tr>\n<tr>\n<td width=\"33\">10.<\/td>\n<td width=\"147\">KO\u0160\u010cAK PETER<\/td>\n<td width=\"236\">\n<ul>\n<li>POSLOVNA LOGISTIKA<\/li>\n<li>MANAGEMENT<\/li>\n<li>POSLOVANJE PODJETIJ 3<\/li>\n<li>PRAKTI\u010cNO USPOSABLJANJE PRI DELODAJALCU &#8211; PUD<\/li>\n<\/ul>\n<\/td>\n<td width=\"170\"><a href=\"mailto:peter.koscak@scpet.si\">peter.koscak@scpet.si<\/a><\/td>\n<td width=\"76\">PO<\/td>\n<td width=\"66\">11.00<\/p>\n<p>&#8211;<\/p>\n<p>11.45<\/td>\n<td width=\"104\">KABINET ZA<\/p>\n<p>PUD<\/p>\n<p>(1.NAD)<\/td>\n<td width=\"104\">400<\/td>\n<\/tr>\n<tr>\n<td width=\"33\">11.<\/td>\n<td width=\"147\">LAJOVEC KLEMEN\u010cI\u010c KATJA<\/td>\n<td width=\"236\">\n<ul>\n<li>NEPOSREDNO TR\u017dENJE<\/li>\n<li>KOMUNICIRANJE V POSLOVNEM OKOLJU<\/li>\n<li>POSLOVNA KORENSPONDENCA<\/li>\n<li>POSLOVNA LOGISTIKA<\/li>\n<li>POSLOVNI PRIOJEKTI 1, 4<\/li>\n<li>IKT IN STROJEPISJE 2, 3<\/li>\n<\/ul>\n<\/td>\n<td width=\"170\"><a href=\"mailto:katja.lajovecklemencic@scpet.si\">katja.lajovecklemencic@scpet.si<\/a><\/td>\n<td width=\"76\">\u010cE<\/td>\n<td width=\"66\">9.45<\/p>\n<p>&#8211;<\/p>\n<p>10.40<\/td>\n<td width=\"104\">KAB<\/p>\n<p>(2.NAD)<\/td>\n<td width=\"104\">408<\/td>\n<\/tr>\n<tr>\n<td width=\"33\">12.<\/td>\n<td width=\"147\">LUKEK SILVO<\/td>\n<td width=\"236\">\n<ul>\n<li>ELEKTRONIKA V PRAKSI<\/li>\n<\/ul>\n<\/td>\n<td width=\"170\"><a href=\"mailto:silvo.lukek@scpet.si\">silvo.lukek@scpet.si<\/a><\/td>\n<td width=\"76\">SR<\/td>\n<td width=\"66\">9.45<\/p>\n<p>&#8211;<\/p>\n<p>10.40<\/td>\n<td width=\"104\">KAB ZA PRATK. POUK<\/p>\n<p>(PRITLI\u010cJE)<\/td>\n<td width=\"104\">403<\/td>\n<\/tr>\n<tr>\n<td width=\"33\">13.<\/td>\n<td width=\"147\">METUL PETRA<\/td>\n<td width=\"236\">\n<ul>\n<li>KEMIJA<\/li>\n<li>TEHNOLOGIJA S KEMIJO<\/li>\n<\/ul>\n<\/td>\n<td width=\"170\"><a href=\"mailto:petra.metul@scpet.si\">petra.metul@scpet.si<\/a><\/td>\n<td width=\"76\">PO<\/td>\n<td width=\"66\">9.45<\/p>\n<p>&#8211;<\/p>\n<p>10.40<\/td>\n<td width=\"104\">KAB ZA<\/p>\n<p>KEMIJO<\/p>\n<p>(PRITLI\u010cJE)<\/td>\n<td width=\"104\">417<\/td>\n<\/tr>\n<tr>\n<td width=\"33\">14.<\/td>\n<td width=\"147\">MIKAC MOJCA<\/td>\n<td width=\"236\">\n<ul>\n<li>MATEMATIKA<\/li>\n<\/ul>\n<\/td>\n<td width=\"170\"><a href=\"mailto:mojca.mikac@amis.net\">mojca.mikac@amis.net<\/a><\/td>\n<td colspan=\"3\" width=\"246\">Konzultacije po dogovoru preko<\/p>\n<p>elektronske po\u0161te.<\/td>\n<td width=\"104\"><\/td>\n<\/tr>\n<tr>\n<td width=\"33\">15.<\/td>\n<td width=\"147\">MILEK JASNA<\/td>\n<td width=\"236\">\n<ul>\n<li>BIOLOGIJA<\/li>\n<\/ul>\n<\/td>\n<td width=\"170\"><a href=\"mailto:jasna.milek@scpet.si\">jasna.milek@scpet.si<\/a><\/td>\n<td width=\"76\">PO<\/td>\n<td width=\"66\">8.05<\/p>\n<p>&#8211;<\/p>\n<p>8.50<\/td>\n<td width=\"104\">KAB ZA<\/p>\n<p>BIOLOGIJO<\/p>\n<p>(PRITLI\u010cJE)<\/td>\n<td width=\"104\">416<\/td>\n<\/tr>\n<tr>\n<td width=\"33\">16.<\/td>\n<td width=\"147\">MRATINKOVI\u0106 ANDREJ<\/td>\n<td width=\"236\">\n<ul>\n<li>UMETNOST<\/li>\n<li>OPREMA ZA MULTIMEDIJSKO TEHNIKO<\/li>\n<\/ul>\n<\/td>\n<td width=\"170\"><a href=\"mailto:andrej.mratinkovic@scpet.si\">andrej.mratinkovic@scpet.si<\/a><\/td>\n<td width=\"76\"><\/td>\n<td width=\"66\"><\/td>\n<td width=\"104\">KAB<\/p>\n<p>(2.NAD)<\/td>\n<td width=\"104\">408<\/td>\n<\/tr>\n<tr>\n<td width=\"33\">17.<\/td>\n<td width=\"147\">NAPOKOJ MATJA\u017d<\/td>\n<td width=\"236\">\n<ul>\n<li>GEOGRAFIJA<\/li>\n<\/ul>\n<\/td>\n<td width=\"170\"><a href=\"mailto:matjaz.napokoj@scpet.si\">matjaz.napokoj@scpet.si<\/a><\/td>\n<td width=\"76\">PO<\/td>\n<td width=\"66\">11.00<\/p>\n<p>&#8211;<\/p>\n<p>11.45<\/td>\n<td width=\"104\">KAB ZA<\/p>\n<p>DRU\u017dBOSLOVJE<\/p>\n<p>(1.NAD)<\/td>\n<td width=\"104\">438<\/td>\n<\/tr>\n<tr>\n<td width=\"33\">18.<\/td>\n<td width=\"147\">ORE\u0160NIK DA\u0160A<\/td>\n<td width=\"236\">\n<ul>\n<li>ANGLE\u0160\u010cINA<\/li>\n<\/ul>\n<\/td>\n<td width=\"170\"><a href=\"mailto:dasa.oresnik@scpet.si\">dasa.oresnik@scpet.si<\/a><\/td>\n<td width=\"76\">\u010cE<\/td>\n<td width=\"66\">11.50<\/p>\n<p>&#8211;<\/p>\n<p>12.35<\/td>\n<td width=\"104\">KAB ZA TUJE JEZIKE<\/p>\n<p>(1.NAD)<\/td>\n<td width=\"104\">427<\/td>\n<\/tr>\n<tr>\n<td width=\"33\">19.<\/td>\n<td width=\"147\">PENE ALEXANDER<\/td>\n<td width=\"236\">\n<ul>\n<li>PRENOSNI SISTEMI<\/li>\n<\/ul>\n<\/td>\n<td width=\"170\"><a href=\"mailto:alexander.pene@scpet.si\">alexander.pene@scpet.si<\/a><\/td>\n<td width=\"76\">\u010cE<\/td>\n<td width=\"66\">11.50<\/p>\n<p>&#8211;<\/p>\n<p>12.35<\/td>\n<td width=\"104\">RA\u010c KABINET<\/td>\n<td width=\"104\">439<\/td>\n<\/tr>\n<tr>\n<td width=\"33\">20.<\/td>\n<td width=\"147\">RAKEF GREGOR<\/td>\n<td width=\"236\">\n<ul>\n<li>ZGRADBA SISTEMOV IN OMRE\u017dIJ<\/li>\n<li>MONTA\u017dA TK OMRE\u017dIJ<\/li>\n<li>POSTAVITEV LOK. IN TK OMRE\u017dJA<\/li>\n<li>IZDELAVA ELEK.\u00a0 IN KOM.IN\u0160TALACIJ<\/li>\n<li>BREZ\u017dINE KOMUNIKACIJE<\/li>\n<li>OSNOVNE MERILNE TEHNIKE 2<\/li>\n<li>SISTEMSKE METILNE TEHNIKE<\/li>\n<li>DIAGNOSTICIRANJE IN ODPR. NAPAK<\/li>\n<li>ZAJEMANJE IN OBDEL. PR. VELI\u010cIN<\/li>\n<\/ul>\n<\/td>\n<td width=\"170\"><a href=\"mailto:gregor.rakef@scpet.si\">gregor.rakef@scpet.si<\/a><\/td>\n<td width=\"76\">PO<\/td>\n<td width=\"66\">11.00<\/p>\n<p>&#8211;<\/p>\n<p>11.45<\/td>\n<td width=\"104\">RA\u010c KABINET<\/td>\n<td width=\"104\">439<\/td>\n<\/tr>\n<tr>\n<td width=\"33\">21.<\/td>\n<td width=\"147\">SEVER \u017dI\u017dEK KSENIJA<\/td>\n<td width=\"236\">\n<ul>\n<li>EKONOMIKA POSLOVANJA<\/li>\n<li>FINAN\u010cNA MATEMATIKA<\/li>\n<li>FINAN\u010cNO POSLOVANJE<\/li>\n<li>BAN\u010cNE STORITVE<\/li>\n<li>POSLOVNI PROJEKTI 4<\/li>\n<\/ul>\n<\/td>\n<td width=\"170\"><a href=\"mailto:ksenija.sever-zizek@scpet.si\">ksenija.sever-zizek@scpet.si<\/a><\/td>\n<td width=\"76\">PO<\/td>\n<td width=\"66\">11.50<\/p>\n<p>&#8211;<\/p>\n<p>12.35<\/td>\n<td width=\"104\">KAB-TAJNIK PM<\/p>\n<p>(2.NAD)<\/td>\n<td width=\"104\">407<\/td>\n<\/tr>\n<tr>\n<td width=\"33\">22.<\/td>\n<td width=\"147\">TERNOVEC MATJA\u017d<\/td>\n<td width=\"236\">\n<ul>\n<li>SOCIOLOGIJA<\/li>\n<li>ZGODOVINA<\/li>\n<li>DRU\u017dBOSLOVJE<\/li>\n<\/ul>\n<\/td>\n<td width=\"170\"><a href=\"mailto:matjaz.ternovec@scpet.si\">matjaz.ternovec@scpet.si<\/a><\/td>\n<td width=\"76\">TO<\/td>\n<td width=\"66\">11.45<\/p>\n<p>&#8211;<\/p>\n<p>12.30<\/td>\n<td width=\"104\">PISARNA<\/p>\n<p>POM. RAVN.<\/p>\n<p>(1.NAD)<\/td>\n<td width=\"104\">448<\/td>\n<\/tr>\n<tr>\n<td width=\"33\">23.<\/td>\n<td width=\"147\">VUKOVI\u0106 SR\u0110AN<\/td>\n<td width=\"236\">\n<ul>\n<li>POSLOVANJE PODJETIJ 2, 4<\/li>\n<li>EKONOMIKA POSLOVANJA 2, 3<\/li>\n<li>POSLOVNI PROJEKTI 4<\/li>\n<li>BAN\u010cNO POSLOVANJE<\/li>\n<li>FINAN\u010cNA MATEMATIKA<\/li>\n<li>FINAN\u010cNO POSLOVANJE<\/li>\n<li>ADMINISTRATIVNO POSLOVANJE<\/li>\n<li>UPRAVNI POSTOPEK<\/li>\n<li>FINAN\u010cNO POSLOVANJE<\/li>\n<li>POSLOVNI NA\u010cRT<\/li>\n<\/ul>\n<\/td>\n<td width=\"170\"><a href=\"mailto:srdzan.vukovic@scpet.si\">srdzan.vukovic@scpet.si<\/a><\/td>\n<td width=\"76\">\u010cE<\/td>\n<td width=\"66\">11.50<\/p>\n<p>&#8211;<\/p>\n<p>12.35<\/td>\n<td width=\"104\">KAB ZA EKN<\/p>\n<p>(2.NAD)<\/td>\n<td width=\"104\">437<\/td>\n<\/tr>\n<\/tbody>\n<\/table>\n<\/div><div class=\"fusion-clearfix\"><\/div><\/div><\/div><\/div><\/div>\n","protected":false},"excerpt":{"rendered":"","protected":false},"author":5,"featured_media":0,"parent":0,"menu_order":0,"comment_status":"closed","ping_status":"closed","template":"","meta":{"_mi_skip_tracking":false,"_exactmetrics_sitenote_active":false,"_exactmetrics_sitenote_note":"","_exactmetrics_sitenote_category":0},"yoast_head":"<!-- This site is optimized with the Yoast SEO plugin v20.8 - https:\/\/yoast.com\/wordpress\/plugins\/seo\/ -->\n<title>PREDAVATELJI IN KONZULTACIJE 2021 - IZREDNO IZOBRA\u017dEVANJE<\/title>\n<meta name=\"description\" content=\"PREDAVATELJI IN KONZULTACIJE 2021 - Izredno izobra\u017eevanje ekonomija in telekomunikacije na \u0161olskem centru za po\u0161to, ekonimijo in telekomunikacije Ljubljana.\" \/>\n<meta name=\"robots\" content=\"index, follow, max-snippet:-1, max-image-preview:large, max-video-preview:-1\" \/>\n<link rel=\"canonical\" href=\"https:\/\/www.scpet.si\/izredno-izobrazevanje\/predavatelji-in-konzultacije-2021\/\" \/>\n<meta property=\"og:locale\" content=\"sl_SI\" \/>\n<meta property=\"og:type\" content=\"article\" \/>\n<meta property=\"og:title\" content=\"PREDAVATELJI IN KONZULTACIJE 2021 - IZREDNO IZOBRA\u017dEVANJE\" \/>\n<meta property=\"og:description\" content=\"PREDAVATELJI IN KONZULTACIJE 2021 - Izredno izobra\u017eevanje ekonomija in telekomunikacije na \u0161olskem centru za po\u0161to, ekonimijo in telekomunikacije Ljubljana.\" \/>\n<meta property=\"og:url\" content=\"https:\/\/www.scpet.si\/izredno-izobrazevanje\/predavatelji-in-konzultacije-2021\/\" \/>\n<meta property=\"og:site_name\" content=\"IZREDNO IZOBRA\u017dEVANJE\" \/>\n<meta property=\"article:modified_time\" content=\"2022-08-10T08:24:53+00:00\" \/>\n<meta name=\"twitter:card\" content=\"summary_large_image\" \/>\n<meta name=\"twitter:label1\" content=\"Est. reading time\" \/>\n\t<meta name=\"twitter:data1\" content=\"3 minute\" \/>\n<script type=\"application\/ld+json\" class=\"yoast-schema-graph\">{\"@context\":\"https:\/\/schema.org\",\"@graph\":[{\"@type\":\"WebPage\",\"@id\":\"https:\/\/www.scpet.si\/izredno-izobrazevanje\/predavatelji-in-konzultacije-2021\/\",\"url\":\"https:\/\/www.scpet.si\/izredno-izobrazevanje\/predavatelji-in-konzultacije-2021\/\",\"name\":\"PREDAVATELJI IN KONZULTACIJE 2021 - IZREDNO IZOBRA\u017dEVANJE\",\"isPartOf\":{\"@id\":\"https:\/\/www.scpet.si\/izredno-izobrazevanje\/#website\"},\"datePublished\":\"2021-03-18T07:22:22+00:00\",\"dateModified\":\"2022-08-10T08:24:53+00:00\",\"description\":\"PREDAVATELJI IN KONZULTACIJE 2021 - Izredno izobra\u017eevanje ekonomija in telekomunikacije na \u0161olskem centru za po\u0161to, ekonimijo in telekomunikacije Ljubljana.\",\"breadcrumb\":{\"@id\":\"https:\/\/www.scpet.si\/izredno-izobrazevanje\/predavatelji-in-konzultacije-2021\/#breadcrumb\"},\"inLanguage\":\"sl-SI\",\"potentialAction\":[{\"@type\":\"ReadAction\",\"target\":[\"https:\/\/www.scpet.si\/izredno-izobrazevanje\/predavatelji-in-konzultacije-2021\/\"]}]},{\"@type\":\"BreadcrumbList\",\"@id\":\"https:\/\/www.scpet.si\/izredno-izobrazevanje\/predavatelji-in-konzultacije-2021\/#breadcrumb\",\"itemListElement\":[{\"@type\":\"ListItem\",\"position\":1,\"name\":\"Home\",\"item\":\"https:\/\/www.scpet.si\/izredno-izobrazevanje\/\"},{\"@type\":\"ListItem\",\"position\":2,\"name\":\"PREDAVATELJI IN KONZULTACIJE 2021\"}]},{\"@type\":\"WebSite\",\"@id\":\"https:\/\/www.scpet.si\/izredno-izobrazevanje\/#website\",\"url\":\"https:\/\/www.scpet.si\/izredno-izobrazevanje\/\",\"name\":\"IZREDNO IZOBRA\u017dEVANJE\",\"description\":\"Just another \u0160C PET Sites site\",\"potentialAction\":[{\"@type\":\"SearchAction\",\"target\":{\"@type\":\"EntryPoint\",\"urlTemplate\":\"https:\/\/www.scpet.si\/izredno-izobrazevanje\/?s={search_term_string}\"},\"query-input\":\"required name=search_term_string\"}],\"inLanguage\":\"sl-SI\"}]}<\/script>\n<!-- \/ Yoast SEO plugin. -->","yoast_head_json":{"title":"PREDAVATELJI IN KONZULTACIJE 2021 - IZREDNO IZOBRA\u017dEVANJE","description":"PREDAVATELJI IN KONZULTACIJE 2021 - Izredno izobra\u017eevanje ekonomija in telekomunikacije na \u0161olskem centru za po\u0161to, ekonimijo in telekomunikacije Ljubljana.","robots":{"index":"index","follow":"follow","max-snippet":"max-snippet:-1","max-image-preview":"max-image-preview:large","max-video-preview":"max-video-preview:-1"},"canonical":"https:\/\/www.scpet.si\/izredno-izobrazevanje\/predavatelji-in-konzultacije-2021\/","og_locale":"sl_SI","og_type":"article","og_title":"PREDAVATELJI IN KONZULTACIJE 2021 - IZREDNO IZOBRA\u017dEVANJE","og_description":"PREDAVATELJI IN KONZULTACIJE 2021 - Izredno izobra\u017eevanje ekonomija in telekomunikacije na \u0161olskem centru za po\u0161to, ekonimijo in telekomunikacije Ljubljana.","og_url":"https:\/\/www.scpet.si\/izredno-izobrazevanje\/predavatelji-in-konzultacije-2021\/","og_site_name":"IZREDNO IZOBRA\u017dEVANJE","article_modified_time":"2022-08-10T08:24:53+00:00","twitter_card":"summary_large_image","twitter_misc":{"Est. reading time":"3 minute"},"schema":{"@context":"https:\/\/schema.org","@graph":[{"@type":"WebPage","@id":"https:\/\/www.scpet.si\/izredno-izobrazevanje\/predavatelji-in-konzultacije-2021\/","url":"https:\/\/www.scpet.si\/izredno-izobrazevanje\/predavatelji-in-konzultacije-2021\/","name":"PREDAVATELJI IN KONZULTACIJE 2021 - IZREDNO IZOBRA\u017dEVANJE","isPartOf":{"@id":"https:\/\/www.scpet.si\/izredno-izobrazevanje\/#website"},"datePublished":"2021-03-18T07:22:22+00:00","dateModified":"2022-08-10T08:24:53+00:00","description":"PREDAVATELJI IN KONZULTACIJE 2021 - Izredno izobra\u017eevanje ekonomija in telekomunikacije na \u0161olskem centru za po\u0161to, ekonimijo in telekomunikacije Ljubljana.","breadcrumb":{"@id":"https:\/\/www.scpet.si\/izredno-izobrazevanje\/predavatelji-in-konzultacije-2021\/#breadcrumb"},"inLanguage":"sl-SI","potentialAction":[{"@type":"ReadAction","target":["https:\/\/www.scpet.si\/izredno-izobrazevanje\/predavatelji-in-konzultacije-2021\/"]}]},{"@type":"BreadcrumbList","@id":"https:\/\/www.scpet.si\/izredno-izobrazevanje\/predavatelji-in-konzultacije-2021\/#breadcrumb","itemListElement":[{"@type":"ListItem","position":1,"name":"Home","item":"https:\/\/www.scpet.si\/izredno-izobrazevanje\/"},{"@type":"ListItem","position":2,"name":"PREDAVATELJI IN KONZULTACIJE 2021"}]},{"@type":"WebSite","@id":"https:\/\/www.scpet.si\/izredno-izobrazevanje\/#website","url":"https:\/\/www.scpet.si\/izredno-izobrazevanje\/","name":"IZREDNO IZOBRA\u017dEVANJE","description":"Just another \u0160C PET Sites site","potentialAction":[{"@type":"SearchAction","target":{"@type":"EntryPoint","urlTemplate":"https:\/\/www.scpet.si\/izredno-izobrazevanje\/?s={search_term_string}"},"query-input":"required name=search_term_string"}],"inLanguage":"sl-SI"}]}},"_links":{"self":[{"href":"https:\/\/www.scpet.si\/izredno-izobrazevanje\/wp-json\/wp\/v2\/pages\/225"}],"collection":[{"href":"https:\/\/www.scpet.si\/izredno-izobrazevanje\/wp-json\/wp\/v2\/pages"}],"about":[{"href":"https:\/\/www.scpet.si\/izredno-izobrazevanje\/wp-json\/wp\/v2\/types\/page"}],"author":[{"embeddable":true,"href":"https:\/\/www.scpet.si\/izredno-izobrazevanje\/wp-json\/wp\/v2\/users\/5"}],"replies":[{"embeddable":true,"href":"https:\/\/www.scpet.si\/izredno-izobrazevanje\/wp-json\/wp\/v2\/comments?post=225"}],"version-history":[{"count":0,"href":"https:\/\/www.scpet.si\/izredno-izobrazevanje\/wp-json\/wp\/v2\/pages\/225\/revisions"}],"wp:attachment":[{"href":"https:\/\/www.scpet.si\/izredno-izobrazevanje\/wp-json\/wp\/v2\/media?parent=225"}],"curies":[{"name":"wp","href":"https:\/\/api.w.org\/{rel}","templated":true}]}}