{"id":227,"date":"2021-03-19T08:34:05","date_gmt":"2021-03-19T07:34:05","guid":{"rendered":"https:\/\/www.scpet.si\/izredno-izobrazevanje\/?page_id=227"},"modified":"2022-08-10T10:31:02","modified_gmt":"2022-08-10T08:31:02","slug":"pud","status":"publish","type":"page","link":"https:\/\/www.scpet.si\/izredno-izobrazevanje\/pud\/","title":{"rendered":"PUD"},"content":{"rendered":"<div class=\"fusion-fullwidth fullwidth-box fusion-builder-row-1 fusion-flex-container nonhundred-percent-fullwidth non-hundred-percent-height-scrolling\" style=\"background-color: rgba(255,255,255,0);background-position: center center;background-repeat: no-repeat;border-width: 0px 0px 0px 0px;border-color:#eae9e9;border-style:solid;\" ><div class=\"fusion-builder-row fusion-row fusion-flex-align-items-flex-start\" style=\"max-width:1331.2px;margin-left: calc(-4% \/ 2 );margin-right: calc(-4% \/ 2 );\"><div class=\"fusion-layout-column fusion_builder_column fusion-builder-column-0 fusion_builder_column_1_1 1_1 fusion-flex-column\"><div class=\"fusion-column-wrapper fusion-flex-justify-content-flex-start fusion-content-layout-column\" style=\"background-position:left top;background-repeat:no-repeat;-webkit-background-size:cover;-moz-background-size:cover;-o-background-size:cover;background-size:cover;padding: 0px 0px 0px 0px;\"><div class=\"fusion-text fusion-text-1\"><p><span style=\"font-size: 18pt; color: #999999;\">PUD \u2013 prakti\u010dno usposabljanje pri delodajalcu<\/span><\/p>\n<p>Po novem sistemu izobra\u017eevanja (prenovljeni programi \u2013 Zakon o poklicnem in strokovnem izobra\u017eevanju (Ur. l. RS, \u0161t.: 79\/06)) poteka prakti\u010dno usposabljanje v \u0161oli in pri delodajalcu. V \u0161oli se izvaja prakti\u010dni pouk, pri delodajalcih pa prakti\u010dno usposabljanje z delom (v nadaljevanju: PUD), ki omogo\u010da doseganje ciljev s podro\u010dja poklicne socializacije, razvoja osebnostnih potencialov in poklicnih kompetenc, pomembnih za kakovost dela in obvladovanje celovitih poslovnih procesov.<\/p>\n<p>PUD se izvaja na podlagi sklenjene\u00a0<strong>pogodbe<\/strong>\u00a0med delodajalcem in udele\u017eencem\/udele\u017eenko izobra\u017eevanja odraslih (v nadaljevanju udele\u017eenec).<\/p>\n<p>Delo, ki ga udele\u017eenci opravljajo mora imeti elemente izobra\u017eevalnega programa za katerega se udele\u017eenec izobra\u017euje. Udele\u017eenci si poi\u0161\u010dejo delodajalca pri katerem bodo opravljali PUD oz. so lahko \u017ee zaposleni na ustreznem delovnem mestu. Udele\u017eenci so dol\u017eni po opravljenem prakti\u010dnem usposabljanju pri delodajalcu napisati p<strong>oro\u010dilo o opravljenem PUD<\/strong>\u00a0in ga oddati v referat za izobra\u017eevanje odraslih skupaj s prijavnico na izpit in potrdilom o pla\u010dilu izpita. Organizator PUD na \u0161oli pregleda poro\u010dilo in ga oceni z\u00a0<strong>\u00bbopravil\u00ab\u00a0<\/strong>oziroma\u00a0<strong>\u00bbni opravil\u00ab<\/strong>. Poro\u010dila, ki so ocenjena z \u00bbni opravil\u00ab je potrebno popraviti skladno z navodili organizatorja PUD na \u0161oli. Ocena \u00bbopravil\u00ab je pogoj za napredovanje v vi\u0161ji letnik oziroma za pristop k poklicni maturi.<\/p>\n<\/div><div class=\"fusion-separator fusion-full-width-sep\" style=\"align-self: center;margin-left: auto;margin-right: auto;margin-top:8px;margin-bottom:8px;width:100%;\"><div class=\"fusion-separator-border sep-double\" style=\"border-color:#ffffff;border-top-width:1px;border-bottom-width:1px;\"><\/div><\/div><div class=\"fusion-text fusion-text-2\"><h3>Dokumentacija:<\/h3>\n<\/div><div class=\"fusion-text fusion-text-3\"><ul>\n<li><strong>Pogodba udele\u017eenec \u2013 delodajalec<\/strong><strong>\u00a0<\/strong><\/li>\n<\/ul>\n<ol>\n<li><a href=\"https:\/\/www.scpet.si\/izredno-izobrazevanje\/wp-content\/uploads\/sites\/4\/2021\/03\/Pogodba-za-PUD_EIO.docx\" target=\"_blank\" rel=\"noopener\">Pogodba udele\u017eenec &#8211; delodajalec<\/a> \/.docx, 22 KB\/<br \/>\n<a href=\"https:\/\/www.scpet.si\/izredno-izobrazevanje\/wp-content\/uploads\/sites\/4\/2021\/03\/Pogodba-za-PUD_EIO.pdf\" target=\"_blank\" rel=\"noopener\">Pogodba udele\u017eenec &#8211; delodajalec<\/a> \/.pdf 222 KB\/<\/li>\n<\/ol>\n<p>V primeru redne zaposlitve na ustreznem delovnem mestu, vam lahko delodajalec pripravi potrdilo o zaposlitvi, ki naj vsebuje od kdaj ste zaposleni in na kak\u0161nem delovnem mestu. Obrazec za to ni predpisan.<\/p>\n<\/div><div class=\"fusion-text fusion-text-4\"><ul>\n<li><strong>Poro\u010dilo o PUD<\/strong><\/li>\n<\/ul>\n<ol>\n<li><a href=\"https:\/\/www.scpet.si\/izredno-izobrazevanje\/wp-content\/uploads\/sites\/4\/2021\/03\/NAVODILA_ZA_IZDELAVO_POROCILA_O_OPRAVLJENEM_PUD_EIO.pdf\" target=\"_blank\" rel=\"noopener\">Navodilo za izdelavo poro\u010dila o PUD<\/a> \/.pdf 138KB\/<\/li>\n<li><a href=\"https:\/\/www.scpet.si\/izredno-izobrazevanje\/wp-content\/uploads\/sites\/4\/2021\/03\/Naslovna-stran-porocila-o-PUD_EIO.docx\" target=\"_blank\" rel=\"noopener\">Naslovna stran poro\u010dila o PUD<\/a> \/.docx 16KB\/<br \/>\n<a href=\"https:\/\/www.scpet.si\/izredno-izobrazevanje\/wp-content\/uploads\/sites\/4\/2021\/03\/Naslovna-stran-porocila-o-PUD_EIO.pdf\" target=\"_blank\" rel=\"noopener\">Naslovna stran poro\u010dila o PUD<\/a> \/.pdf 141 KB\/<\/li>\n<li><a href=\"https:\/\/www.scpet.si\/izredno-izobrazevanje\/wp-content\/uploads\/sites\/4\/2021\/03\/Vprasalnik-za-udelezenca_EIO.docx\" target=\"_blank\" rel=\"noopener\">Vpra\u0161alnik za udele\u017eenca<\/a> \/.docx 28KB\/<br \/>\n<a href=\"https:\/\/www.scpet.si\/izredno-izobrazevanje\/wp-content\/uploads\/sites\/4\/2021\/03\/Vprasalnik_za_udelezenca_EIO.pdf\" target=\"_blank\" rel=\"noopener\">Vpra\u0161alnik za udele\u017eenca<\/a> \/.pdf 236KB\/<\/li>\n<li><a href=\"https:\/\/www.scpet.si\/izredno-izobrazevanje\/wp-content\/uploads\/sites\/4\/2021\/03\/Mnenje-delodajalca_EIO.doc\" target=\"_blank\" rel=\"noopener\">Mnenje delodajalca<\/a> \/.docx 57KB\/<br \/>\n<a href=\"https:\/\/www.scpet.si\/izredno-izobrazevanje\/wp-content\/uploads\/sites\/4\/2021\/03\/Mnenje_delodajalca_EIO.pdf\" target=\"_blank\" rel=\"noopener\">Mnenje delodajalca<\/a> \/.pdf 244KB\/<\/li>\n<\/ol>\n<\/div><\/div><style type=\"text\/css\">.fusion-body .fusion-builder-column-0{width:100% !important;margin-top : 0px;margin-bottom : 0px;}.fusion-builder-column-0 > .fusion-column-wrapper {padding-top : 0px !important;padding-right : 0px !important;margin-right : 1.92%;padding-bottom : 0px !important;padding-left : 0px !important;margin-left : 1.92%;}@media only screen and (max-width:1024px) {.fusion-body .fusion-builder-column-0{width:100% !important;order : 0;}.fusion-builder-column-0 > .fusion-column-wrapper {margin-right : 1.92%;margin-left : 1.92%;}}@media only screen and (max-width:640px) {.fusion-body .fusion-builder-column-0{width:100% !important;order : 0;}.fusion-builder-column-0 > .fusion-column-wrapper {margin-right : 1.92%;margin-left : 1.92%;}}<\/style><\/div><\/div><style type=\"text\/css\">.fusion-body .fusion-flex-container.fusion-builder-row-1{ padding-top : 0px;margin-top : 0px;padding-right : 0px;padding-bottom : 0px;margin-bottom : 0px;padding-left : 0px;}<\/style><\/div>\n","protected":false},"excerpt":{"rendered":"","protected":false},"author":5,"featured_media":0,"parent":0,"menu_order":0,"comment_status":"closed","ping_status":"closed","template":"","meta":{"_mi_skip_tracking":false,"_exactmetrics_sitenote_active":false,"_exactmetrics_sitenote_note":"","_exactmetrics_sitenote_category":0},"yoast_head":"<!-- This site is optimized with the Yoast SEO plugin v20.8 - https:\/\/yoast.com\/wordpress\/plugins\/seo\/ -->\n<title>PUD - IZREDNO IZOBRA\u017dEVANJE<\/title>\n<meta name=\"description\" content=\"pud - Izredno izobra\u017eevanje ekonomija in telekomunikacije na \u0161olskem centru za po\u0161to, ekonimijo in telekomunikacije Ljubljana.\" \/>\n<meta name=\"robots\" content=\"index, follow, max-snippet:-1, max-image-preview:large, max-video-preview:-1\" \/>\n<link rel=\"canonical\" href=\"https:\/\/www.scpet.si\/izredno-izobrazevanje\/pud\/\" \/>\n<meta property=\"og:locale\" content=\"sl_SI\" \/>\n<meta property=\"og:type\" content=\"article\" \/>\n<meta property=\"og:title\" content=\"PUD - IZREDNO IZOBRA\u017dEVANJE\" \/>\n<meta property=\"og:description\" content=\"pud - Izredno izobra\u017eevanje ekonomija in telekomunikacije na \u0161olskem centru za po\u0161to, ekonimijo in telekomunikacije Ljubljana.\" \/>\n<meta property=\"og:url\" content=\"https:\/\/www.scpet.si\/izredno-izobrazevanje\/pud\/\" \/>\n<meta property=\"og:site_name\" content=\"IZREDNO IZOBRA\u017dEVANJE\" \/>\n<meta property=\"article:modified_time\" content=\"2022-08-10T08:31:02+00:00\" \/>\n<meta name=\"twitter:card\" content=\"summary_large_image\" \/>\n<meta name=\"twitter:label1\" content=\"Est. reading time\" \/>\n\t<meta name=\"twitter:data1\" content=\"3 minute\" \/>\n<script type=\"application\/ld+json\" class=\"yoast-schema-graph\">{\"@context\":\"https:\/\/schema.org\",\"@graph\":[{\"@type\":\"WebPage\",\"@id\":\"https:\/\/www.scpet.si\/izredno-izobrazevanje\/pud\/\",\"url\":\"https:\/\/www.scpet.si\/izredno-izobrazevanje\/pud\/\",\"name\":\"PUD - IZREDNO IZOBRA\u017dEVANJE\",\"isPartOf\":{\"@id\":\"https:\/\/www.scpet.si\/izredno-izobrazevanje\/#website\"},\"datePublished\":\"2021-03-19T07:34:05+00:00\",\"dateModified\":\"2022-08-10T08:31:02+00:00\",\"description\":\"pud - Izredno izobra\u017eevanje ekonomija in telekomunikacije na \u0161olskem centru za po\u0161to, ekonimijo in telekomunikacije Ljubljana.\",\"breadcrumb\":{\"@id\":\"https:\/\/www.scpet.si\/izredno-izobrazevanje\/pud\/#breadcrumb\"},\"inLanguage\":\"sl-SI\",\"potentialAction\":[{\"@type\":\"ReadAction\",\"target\":[\"https:\/\/www.scpet.si\/izredno-izobrazevanje\/pud\/\"]}]},{\"@type\":\"BreadcrumbList\",\"@id\":\"https:\/\/www.scpet.si\/izredno-izobrazevanje\/pud\/#breadcrumb\",\"itemListElement\":[{\"@type\":\"ListItem\",\"position\":1,\"name\":\"Home\",\"item\":\"https:\/\/www.scpet.si\/izredno-izobrazevanje\/\"},{\"@type\":\"ListItem\",\"position\":2,\"name\":\"PUD\"}]},{\"@type\":\"WebSite\",\"@id\":\"https:\/\/www.scpet.si\/izredno-izobrazevanje\/#website\",\"url\":\"https:\/\/www.scpet.si\/izredno-izobrazevanje\/\",\"name\":\"IZREDNO IZOBRA\u017dEVANJE\",\"description\":\"Just another \u0160C PET Sites site\",\"potentialAction\":[{\"@type\":\"SearchAction\",\"target\":{\"@type\":\"EntryPoint\",\"urlTemplate\":\"https:\/\/www.scpet.si\/izredno-izobrazevanje\/?s={search_term_string}\"},\"query-input\":\"required name=search_term_string\"}],\"inLanguage\":\"sl-SI\"}]}<\/script>\n<!-- \/ Yoast SEO plugin. -->","yoast_head_json":{"title":"PUD - IZREDNO IZOBRA\u017dEVANJE","description":"pud - Izredno izobra\u017eevanje ekonomija in telekomunikacije na \u0161olskem centru za po\u0161to, ekonimijo in telekomunikacije Ljubljana.","robots":{"index":"index","follow":"follow","max-snippet":"max-snippet:-1","max-image-preview":"max-image-preview:large","max-video-preview":"max-video-preview:-1"},"canonical":"https:\/\/www.scpet.si\/izredno-izobrazevanje\/pud\/","og_locale":"sl_SI","og_type":"article","og_title":"PUD - IZREDNO IZOBRA\u017dEVANJE","og_description":"pud - Izredno izobra\u017eevanje ekonomija in telekomunikacije na \u0161olskem centru za po\u0161to, ekonimijo in telekomunikacije Ljubljana.","og_url":"https:\/\/www.scpet.si\/izredno-izobrazevanje\/pud\/","og_site_name":"IZREDNO IZOBRA\u017dEVANJE","article_modified_time":"2022-08-10T08:31:02+00:00","twitter_card":"summary_large_image","twitter_misc":{"Est. reading time":"3 minute"},"schema":{"@context":"https:\/\/schema.org","@graph":[{"@type":"WebPage","@id":"https:\/\/www.scpet.si\/izredno-izobrazevanje\/pud\/","url":"https:\/\/www.scpet.si\/izredno-izobrazevanje\/pud\/","name":"PUD - IZREDNO IZOBRA\u017dEVANJE","isPartOf":{"@id":"https:\/\/www.scpet.si\/izredno-izobrazevanje\/#website"},"datePublished":"2021-03-19T07:34:05+00:00","dateModified":"2022-08-10T08:31:02+00:00","description":"pud - Izredno izobra\u017eevanje ekonomija in telekomunikacije na \u0161olskem centru za po\u0161to, ekonimijo in telekomunikacije Ljubljana.","breadcrumb":{"@id":"https:\/\/www.scpet.si\/izredno-izobrazevanje\/pud\/#breadcrumb"},"inLanguage":"sl-SI","potentialAction":[{"@type":"ReadAction","target":["https:\/\/www.scpet.si\/izredno-izobrazevanje\/pud\/"]}]},{"@type":"BreadcrumbList","@id":"https:\/\/www.scpet.si\/izredno-izobrazevanje\/pud\/#breadcrumb","itemListElement":[{"@type":"ListItem","position":1,"name":"Home","item":"https:\/\/www.scpet.si\/izredno-izobrazevanje\/"},{"@type":"ListItem","position":2,"name":"PUD"}]},{"@type":"WebSite","@id":"https:\/\/www.scpet.si\/izredno-izobrazevanje\/#website","url":"https:\/\/www.scpet.si\/izredno-izobrazevanje\/","name":"IZREDNO IZOBRA\u017dEVANJE","description":"Just another \u0160C PET Sites site","potentialAction":[{"@type":"SearchAction","target":{"@type":"EntryPoint","urlTemplate":"https:\/\/www.scpet.si\/izredno-izobrazevanje\/?s={search_term_string}"},"query-input":"required name=search_term_string"}],"inLanguage":"sl-SI"}]}},"_links":{"self":[{"href":"https:\/\/www.scpet.si\/izredno-izobrazevanje\/wp-json\/wp\/v2\/pages\/227"}],"collection":[{"href":"https:\/\/www.scpet.si\/izredno-izobrazevanje\/wp-json\/wp\/v2\/pages"}],"about":[{"href":"https:\/\/www.scpet.si\/izredno-izobrazevanje\/wp-json\/wp\/v2\/types\/page"}],"author":[{"embeddable":true,"href":"https:\/\/www.scpet.si\/izredno-izobrazevanje\/wp-json\/wp\/v2\/users\/5"}],"replies":[{"embeddable":true,"href":"https:\/\/www.scpet.si\/izredno-izobrazevanje\/wp-json\/wp\/v2\/comments?post=227"}],"version-history":[{"count":0,"href":"https:\/\/www.scpet.si\/izredno-izobrazevanje\/wp-json\/wp\/v2\/pages\/227\/revisions"}],"wp:attachment":[{"href":"https:\/\/www.scpet.si\/izredno-izobrazevanje\/wp-json\/wp\/v2\/media?parent=227"}],"curies":[{"name":"wp","href":"https:\/\/api.w.org\/{rel}","templated":true}]}}