{"id":256,"date":"2021-03-23T12:06:34","date_gmt":"2021-03-23T11:06:34","guid":{"rendered":"https:\/\/www.scpet.si\/izredno-izobrazevanje\/?page_id=256"},"modified":"2025-02-14T09:42:31","modified_gmt":"2025-02-14T08:42:31","slug":"zakljucni-izpit","status":"publish","type":"page","link":"https:\/\/www.scpet.si\/izredno-izobrazevanje\/zakljucni-izpit\/","title":{"rendered":"Zaklju\u010dni izpit"},"content":{"rendered":"<div class=\"fusion-fullwidth fullwidth-box fusion-builder-row-1 nonhundred-percent-fullwidth non-hundred-percent-height-scrolling\" style=\"background-color: rgba(255,255,255,0);background-position: center center;background-repeat: no-repeat;padding-top:0px;padding-right:0px;padding-bottom:0px;padding-left:0px;margin-bottom: 0px;margin-top: 0px;border-width: 0px 0px 0px 0px;border-color:#eae9e9;border-style:solid;\" ><div class=\"fusion-builder-row fusion-row\"><div class=\"fusion-layout-column fusion_builder_column fusion-builder-column-0 fusion_builder_column_1_1 1_1 fusion-one-full fusion-column-first fusion-column-last\" style=\"margin-top:0px;margin-bottom:0px;\"><div class=\"fusion-column-wrapper fusion-flex-column-wrapper-legacy\" style=\"background-position:left top;background-repeat:no-repeat;-webkit-background-size:cover;-moz-background-size:cover;-o-background-size:cover;background-size:cover;padding: 0px 0px 0px 0px;\"><div class=\"fusion-text fusion-text-1\"><h1>Zaklju\u010dni izpit<\/h1>\n<\/div><div class=\"fusion-text fusion-text-2\"><p>Udele\u017eenci izobra\u017eevanja odraslih zaklju\u010dijo srednje poklicno izobra\u017eevanje z zaklju\u010dnim izpitom.<\/p>\n<p>Zaklju\u010dni izpit obsega izpit iz:<\/p>\n<ul>\n<li>sloven\u0161\u010dine, ki se opravlja v skladu z izpitnim katalogom ustno in pisno,<\/li>\n<li>zaklju\u010dnega dela, ki se opravlja kot izdelek oziroma storitev z zagovorom, v skladu z izpitnim katalogom<\/li>\n<\/ul>\n<p>Ve\u010d informacij o zaklju\u010dnem izpitu dobite na spletni strani <a href=\"https:\/\/www.ric.si\/zakljucni_izpiti\/splosne_informacije\/\" target=\"_blank\" rel=\"noopener\">Dr\u017eavnega izpitnega centra<\/a>.<\/p>\n<\/div><div class=\"fusion-text fusion-text-3\"><h3>Koledar zaklju\u010dnega izpita<\/h3>\n<\/div><div class=\"fusion-text fusion-text-4\"><p>Aktualni koledar zaklju\u010dnega izpita je \u00a0objavljen na povezavi Dr\u017eavnega izpitnega centra (povezava: <a href=\"https:\/\/www.ric.si\/zakljucni-izpiti\/koledar-zakljucnega-izpita\/\" target=\"_blank\" rel=\"noopener\">Aktualni koledar<\/a>)<\/p>\n<\/div><div class=\"fusion-sep-clear\"><\/div><div class=\"fusion-separator fusion-full-width-sep\" style=\"margin-left: auto;margin-right: auto;margin-top:4px;margin-bottom:4px;width:100%;\"><div class=\"fusion-separator-border sep-double\" style=\"border-color:#ffffff;border-top-width:0px;border-bottom-width:0px;\"><\/div><\/div><div class=\"fusion-sep-clear\"><\/div><div class=\"fusion-text fusion-text-5\"><p>V skladu s 6. \u010dlenom Pravilnika o zaklju\u010dnem izpitu (Ur. L. RS \u0161t. 56\/08), je opro\u0161\u010den opravljanja SLOVEN\u0160\u010cINE (na narodno me\u0161anem obmo\u010dju italijan\u0161\u010dine oziroma mad\u017ear\u0161\u010dine) le tisti kandidat, ki je pri tem predmetu v zaklju\u010dnem letniku ocenjen z oceno odli\u010dno (5).<\/p>\n<\/div><div class=\"fusion-text fusion-text-6\"><h3>Pravilnik o zaklju\u010dnem izpitu, obrazec za prijavo, izpitni katalogi<\/h3>\n<\/div><div class=\"fusion-text fusion-text-7\"><ul>\n<li><a href=\"https:\/\/www.scpet.si\/izredno-izobrazevanje\/wp-content\/uploads\/sites\/4\/2021\/04\/Pravilnik_o_ZI.pdf\" target=\"_blank\" rel=\"noopener\">Pravilnik o zaklju\u010dnem izpitu<\/a><\/li>\n<li><a href=\"https:\/\/www.scpet.si\/izredno-izobrazevanje\/wp-content\/uploads\/sites\/4\/2021\/03\/PRIJAVA_ZI_novo.pdf\" target=\"_blank\" rel=\"noopener\">Prijava k zaklju\u010dnemu izpitu<\/a> \/.pdf, 106KB\/<\/li>\n<li><a href=\"https:\/\/www.scpet.si\/izredno-izobrazevanje\/wp-content\/uploads\/sites\/4\/2021\/03\/spi_ik_slovenscina_ZI.pdf\" target=\"_blank\" rel=\"noopener\">Izpitni katalog \u2013 Sloven\u0161\u010dina<\/a> (za vse tri izobra\u017eevalne programe)<\/li>\n<li>Izpitni katalogi za opravljanje druge izpitne enote\/zaklju\u010dnega dela:<br \/>\n1. <a href=\"https:\/\/www.scpet.si\/izredno-izobrazevanje\/wp-content\/uploads\/sites\/4\/2021\/03\/IK_Administrator_ZI.pdf\" target=\"_blank\" rel=\"noopener\">administrator<\/a> \/.pdf, 273 KB\/<br \/>\n2. <a href=\"https:\/\/www.scpet.si\/izredno-izobrazevanje\/wp-content\/uploads\/sites\/4\/2021\/03\/IK_Elektrikar_ZI.pdf\" target=\"_blank\" rel=\"noopener\">elektrikar<\/a> \/.pdf, 339KB\/<br \/>\n3. <a href=\"https:\/\/www.scpet.si\/izredno-izobrazevanje\/wp-content\/uploads\/sites\/4\/2021\/03\/IK_Racunalnikar_ZI.pdf\" target=\"_blank\" rel=\"noopener\">ra\u010dunalnikar<\/a> \/.pdf, 306 KB\/<\/li>\n<\/ul>\n<\/div><div class=\"fusion-clearfix\"><\/div><\/div><\/div><\/div><\/div>\n","protected":false},"excerpt":{"rendered":"","protected":false},"author":5,"featured_media":0,"parent":0,"menu_order":0,"comment_status":"closed","ping_status":"closed","template":"","meta":{"_mi_skip_tracking":false,"_exactmetrics_sitenote_active":false,"_exactmetrics_sitenote_note":"","_exactmetrics_sitenote_category":0},"yoast_head":"<!-- This site is optimized with the Yoast SEO plugin v20.8 - https:\/\/yoast.com\/wordpress\/plugins\/seo\/ -->\n<title>Zaklju\u010dni izpit - IZREDNO IZOBRA\u017dEVANJE<\/title>\n<meta name=\"description\" content=\"Zaklju\u010dni izpit - Izredno izobra\u017eevanje ekonomija in telekomunikacije na \u0161olskem centru za po\u0161to, ekonimijo in telekomunikacije Ljubljana.\" \/>\n<meta name=\"robots\" content=\"index, follow, max-snippet:-1, max-image-preview:large, max-video-preview:-1\" \/>\n<link rel=\"canonical\" href=\"https:\/\/www.scpet.si\/izredno-izobrazevanje\/zakljucni-izpit\/\" \/>\n<meta property=\"og:locale\" content=\"sl_SI\" \/>\n<meta property=\"og:type\" content=\"article\" \/>\n<meta property=\"og:title\" content=\"Zaklju\u010dni izpit - IZREDNO IZOBRA\u017dEVANJE\" \/>\n<meta property=\"og:description\" content=\"Zaklju\u010dni izpit - Izredno izobra\u017eevanje ekonomija in telekomunikacije na \u0161olskem centru za po\u0161to, ekonimijo in telekomunikacije Ljubljana.\" \/>\n<meta property=\"og:url\" content=\"https:\/\/www.scpet.si\/izredno-izobrazevanje\/zakljucni-izpit\/\" \/>\n<meta property=\"og:site_name\" content=\"IZREDNO IZOBRA\u017dEVANJE\" \/>\n<meta property=\"article:modified_time\" content=\"2025-02-14T08:42:31+00:00\" \/>\n<meta name=\"twitter:card\" content=\"summary_large_image\" \/>\n<meta name=\"twitter:label1\" content=\"Est. reading time\" \/>\n\t<meta name=\"twitter:data1\" content=\"1 minuta\" \/>\n<script type=\"application\/ld+json\" class=\"yoast-schema-graph\">{\"@context\":\"https:\/\/schema.org\",\"@graph\":[{\"@type\":\"WebPage\",\"@id\":\"https:\/\/www.scpet.si\/izredno-izobrazevanje\/zakljucni-izpit\/\",\"url\":\"https:\/\/www.scpet.si\/izredno-izobrazevanje\/zakljucni-izpit\/\",\"name\":\"Zaklju\u010dni izpit - IZREDNO IZOBRA\u017dEVANJE\",\"isPartOf\":{\"@id\":\"https:\/\/www.scpet.si\/izredno-izobrazevanje\/#website\"},\"datePublished\":\"2021-03-23T11:06:34+00:00\",\"dateModified\":\"2025-02-14T08:42:31+00:00\",\"description\":\"Zaklju\u010dni izpit - Izredno izobra\u017eevanje ekonomija in telekomunikacije na \u0161olskem centru za po\u0161to, ekonimijo in telekomunikacije Ljubljana.\",\"breadcrumb\":{\"@id\":\"https:\/\/www.scpet.si\/izredno-izobrazevanje\/zakljucni-izpit\/#breadcrumb\"},\"inLanguage\":\"sl-SI\",\"potentialAction\":[{\"@type\":\"ReadAction\",\"target\":[\"https:\/\/www.scpet.si\/izredno-izobrazevanje\/zakljucni-izpit\/\"]}]},{\"@type\":\"BreadcrumbList\",\"@id\":\"https:\/\/www.scpet.si\/izredno-izobrazevanje\/zakljucni-izpit\/#breadcrumb\",\"itemListElement\":[{\"@type\":\"ListItem\",\"position\":1,\"name\":\"Home\",\"item\":\"https:\/\/www.scpet.si\/izredno-izobrazevanje\/\"},{\"@type\":\"ListItem\",\"position\":2,\"name\":\"Zaklju\u010dni izpit\"}]},{\"@type\":\"WebSite\",\"@id\":\"https:\/\/www.scpet.si\/izredno-izobrazevanje\/#website\",\"url\":\"https:\/\/www.scpet.si\/izredno-izobrazevanje\/\",\"name\":\"IZREDNO IZOBRA\u017dEVANJE\",\"description\":\"Just another \u0160C PET Sites site\",\"potentialAction\":[{\"@type\":\"SearchAction\",\"target\":{\"@type\":\"EntryPoint\",\"urlTemplate\":\"https:\/\/www.scpet.si\/izredno-izobrazevanje\/?s={search_term_string}\"},\"query-input\":\"required name=search_term_string\"}],\"inLanguage\":\"sl-SI\"}]}<\/script>\n<!-- \/ Yoast SEO plugin. -->","yoast_head_json":{"title":"Zaklju\u010dni izpit - IZREDNO IZOBRA\u017dEVANJE","description":"Zaklju\u010dni izpit - Izredno izobra\u017eevanje ekonomija in telekomunikacije na \u0161olskem centru za po\u0161to, ekonimijo in telekomunikacije Ljubljana.","robots":{"index":"index","follow":"follow","max-snippet":"max-snippet:-1","max-image-preview":"max-image-preview:large","max-video-preview":"max-video-preview:-1"},"canonical":"https:\/\/www.scpet.si\/izredno-izobrazevanje\/zakljucni-izpit\/","og_locale":"sl_SI","og_type":"article","og_title":"Zaklju\u010dni izpit - IZREDNO IZOBRA\u017dEVANJE","og_description":"Zaklju\u010dni izpit - Izredno izobra\u017eevanje ekonomija in telekomunikacije na \u0161olskem centru za po\u0161to, ekonimijo in telekomunikacije Ljubljana.","og_url":"https:\/\/www.scpet.si\/izredno-izobrazevanje\/zakljucni-izpit\/","og_site_name":"IZREDNO IZOBRA\u017dEVANJE","article_modified_time":"2025-02-14T08:42:31+00:00","twitter_card":"summary_large_image","twitter_misc":{"Est. reading time":"1 minuta"},"schema":{"@context":"https:\/\/schema.org","@graph":[{"@type":"WebPage","@id":"https:\/\/www.scpet.si\/izredno-izobrazevanje\/zakljucni-izpit\/","url":"https:\/\/www.scpet.si\/izredno-izobrazevanje\/zakljucni-izpit\/","name":"Zaklju\u010dni izpit - IZREDNO IZOBRA\u017dEVANJE","isPartOf":{"@id":"https:\/\/www.scpet.si\/izredno-izobrazevanje\/#website"},"datePublished":"2021-03-23T11:06:34+00:00","dateModified":"2025-02-14T08:42:31+00:00","description":"Zaklju\u010dni izpit - Izredno izobra\u017eevanje ekonomija in telekomunikacije na \u0161olskem centru za po\u0161to, ekonimijo in telekomunikacije Ljubljana.","breadcrumb":{"@id":"https:\/\/www.scpet.si\/izredno-izobrazevanje\/zakljucni-izpit\/#breadcrumb"},"inLanguage":"sl-SI","potentialAction":[{"@type":"ReadAction","target":["https:\/\/www.scpet.si\/izredno-izobrazevanje\/zakljucni-izpit\/"]}]},{"@type":"BreadcrumbList","@id":"https:\/\/www.scpet.si\/izredno-izobrazevanje\/zakljucni-izpit\/#breadcrumb","itemListElement":[{"@type":"ListItem","position":1,"name":"Home","item":"https:\/\/www.scpet.si\/izredno-izobrazevanje\/"},{"@type":"ListItem","position":2,"name":"Zaklju\u010dni izpit"}]},{"@type":"WebSite","@id":"https:\/\/www.scpet.si\/izredno-izobrazevanje\/#website","url":"https:\/\/www.scpet.si\/izredno-izobrazevanje\/","name":"IZREDNO IZOBRA\u017dEVANJE","description":"Just another \u0160C PET Sites site","potentialAction":[{"@type":"SearchAction","target":{"@type":"EntryPoint","urlTemplate":"https:\/\/www.scpet.si\/izredno-izobrazevanje\/?s={search_term_string}"},"query-input":"required name=search_term_string"}],"inLanguage":"sl-SI"}]}},"_links":{"self":[{"href":"https:\/\/www.scpet.si\/izredno-izobrazevanje\/wp-json\/wp\/v2\/pages\/256"}],"collection":[{"href":"https:\/\/www.scpet.si\/izredno-izobrazevanje\/wp-json\/wp\/v2\/pages"}],"about":[{"href":"https:\/\/www.scpet.si\/izredno-izobrazevanje\/wp-json\/wp\/v2\/types\/page"}],"author":[{"embeddable":true,"href":"https:\/\/www.scpet.si\/izredno-izobrazevanje\/wp-json\/wp\/v2\/users\/5"}],"replies":[{"embeddable":true,"href":"https:\/\/www.scpet.si\/izredno-izobrazevanje\/wp-json\/wp\/v2\/comments?post=256"}],"version-history":[{"count":0,"href":"https:\/\/www.scpet.si\/izredno-izobrazevanje\/wp-json\/wp\/v2\/pages\/256\/revisions"}],"wp:attachment":[{"href":"https:\/\/www.scpet.si\/izredno-izobrazevanje\/wp-json\/wp\/v2\/media?parent=256"}],"curies":[{"name":"wp","href":"https:\/\/api.w.org\/{rel}","templated":true}]}}