{"id":29,"date":"2019-08-08T09:02:31","date_gmt":"2019-08-08T07:02:31","guid":{"rendered":"http:\/\/scpet.sample.si\/izredno-izobrazevanje\/referat-copy\/"},"modified":"2022-08-10T10:54:42","modified_gmt":"2022-08-10T08:54:42","slug":"vpis","status":"publish","type":"page","link":"https:\/\/www.scpet.si\/izredno-izobrazevanje\/referat\/vpis\/","title":{"rendered":"Vpis"},"content":{"rendered":"<div class=\"fusion-fullwidth fullwidth-box fusion-builder-row-1 nonhundred-percent-fullwidth non-hundred-percent-height-scrolling\" style=\"background-color: rgba(255,255,255,0);background-position: center center;background-repeat: no-repeat;padding-top:0px;padding-right:0px;padding-bottom:0px;padding-left:0px;margin-bottom: 0px;margin-top: 0px;border-width: 0px 0px 0px 0px;border-color:#eae9e9;border-style:solid;\" ><div class=\"fusion-builder-row fusion-row\"><div class=\"fusion-layout-column fusion_builder_column fusion-builder-column-0 fusion_builder_column_1_1 1_1 fusion-one-full fusion-column-first fusion-column-last\" style=\"margin-top:0px;margin-bottom:0px;\"><div class=\"fusion-column-wrapper fusion-flex-column-wrapper-legacy\" style=\"background-position:left top;background-repeat:no-repeat;-webkit-background-size:cover;-moz-background-size:cover;-o-background-size:cover;background-size:cover;padding: 0px 0px 0px 0px;\"><style type=\"text\/css\"><\/style><div class=\"fusion-title title fusion-title-1 fusion-sep-none fusion-title-text fusion-title-size-one\" style=\"margin-top:0px;margin-right:0px;margin-bottom:31px;margin-left:0px;\"><h1 class=\"title-heading-left\" style=\"margin:0;\">Vpis<\/h1><\/div><div class=\"fusion-text fusion-text-1\"><p>V na\u0161e izobra\u017eevalne programe vpisujemo skozi celo \u0161olsko leto do zapolnitve prostih mest. Vse obrazce in informacije glede poteka vpisa dobite v referatu.<\/p>\n<p><strong>VPIS TUJCEV<\/strong><\/p>\n<p>Osebe, ki so kon\u010dale \u0161olanje v tujini in bi rade nadaljevale izobra\u017eevanje na na\u0161i ustanovi, morajo pred vpisom vlo\u017eiti vlogo za priznavanje izobra\u017eevanja za namen nadaljnjega izobra\u017eevanja (<a href=\"https:\/\/www.scpet.si\/izredno-izobrazevanje\/wp-content\/uploads\/sites\/4\/2021\/04\/Obrazec_N_z_navodili-1.pdf\" target=\"_blank\" rel=\"noopener\">obrazec N<\/a>). Vlogi je potrebno prilo\u017eiti:<\/p>\n<ul>\n<li>osebni dokument in njegovo fotokopijo;<\/li>\n<li><strong>slovenski <\/strong>EM\u0160O (v kolikor ga \u017ee imate);<\/li>\n<li>originalno spri\u010devalo o zaklju\u010denem izobra\u017eevanju ter njegovo fotokopijo; spri\u010devalo mora biti\u00a0<strong>legalizirano <\/strong>(npr. \u017eig APOSTILLE za dr\u017eave podpisnice Haa\u0161ke konvencije);<\/li>\n<li>kadar gre za priznavanje srednje\u0161olskega izobra\u017eevanja, je potrebno prilo\u017eiti originalna letna srednje\u0161olska spri\u010devala ter njihove fotokopije;<\/li>\n<li>vsa spri\u010devala morajo biti prevedena pri zaprise\u017eenem sodnem tolma\u010du (seznam sodnih tolma\u010dev:\u00a0<a href=\"https:\/\/spvt.mp.gov.si\/tolmaci.html\">https:\/\/spvt.mp.gov.si\/tolmaci.html<\/a>);<\/li>\n<li>kratek kronolo\u0161ki opis celotnega izobra\u017eevanja.<\/li>\n<\/ul>\n<p>Osebam, ki so vlo\u017eile vlogo za priznavanje izobra\u017eevanja, se izda odlo\u010dba, v kateri se prizna oz. ne prizna pravica do nadaljnjega izobra\u017eevanja.<\/p>\n<\/div><div class=\"fusion-clearfix\"><\/div><\/div><\/div><\/div><\/div>\n","protected":false},"excerpt":{"rendered":"","protected":false},"author":5,"featured_media":0,"parent":26,"menu_order":0,"comment_status":"closed","ping_status":"closed","template":"","meta":{"_mi_skip_tracking":false,"_exactmetrics_sitenote_active":false,"_exactmetrics_sitenote_note":"","_exactmetrics_sitenote_category":0},"yoast_head":"<!-- This site is optimized with the Yoast SEO plugin v20.8 - https:\/\/yoast.com\/wordpress\/plugins\/seo\/ -->\n<title>Vpis - IZREDNO IZOBRA\u017dEVANJE<\/title>\n<meta name=\"description\" content=\"VPIS - Izredno izobra\u017eevanje ekonomija in telekomunikacije na \u0161olskem centru za po\u0161to, ekonimijo in telekomunikacije Ljubljana.\" \/>\n<meta name=\"robots\" content=\"index, follow, max-snippet:-1, max-image-preview:large, max-video-preview:-1\" \/>\n<link rel=\"canonical\" href=\"https:\/\/www.scpet.si\/izredno-izobrazevanje\/referat\/vpis\/\" \/>\n<meta property=\"og:locale\" content=\"sl_SI\" \/>\n<meta property=\"og:type\" content=\"article\" \/>\n<meta property=\"og:title\" content=\"Vpis - IZREDNO IZOBRA\u017dEVANJE\" \/>\n<meta property=\"og:description\" content=\"VPIS - Izredno izobra\u017eevanje ekonomija in telekomunikacije na \u0161olskem centru za po\u0161to, ekonimijo in telekomunikacije Ljubljana.\" \/>\n<meta property=\"og:url\" content=\"https:\/\/www.scpet.si\/izredno-izobrazevanje\/referat\/vpis\/\" \/>\n<meta property=\"og:site_name\" content=\"IZREDNO IZOBRA\u017dEVANJE\" \/>\n<meta property=\"article:modified_time\" content=\"2022-08-10T08:54:42+00:00\" \/>\n<meta name=\"twitter:card\" content=\"summary_large_image\" \/>\n<meta name=\"twitter:label1\" content=\"Est. reading time\" \/>\n\t<meta name=\"twitter:data1\" content=\"2 minuti\" \/>\n<script type=\"application\/ld+json\" class=\"yoast-schema-graph\">{\"@context\":\"https:\/\/schema.org\",\"@graph\":[{\"@type\":\"WebPage\",\"@id\":\"https:\/\/www.scpet.si\/izredno-izobrazevanje\/referat\/vpis\/\",\"url\":\"https:\/\/www.scpet.si\/izredno-izobrazevanje\/referat\/vpis\/\",\"name\":\"Vpis - IZREDNO IZOBRA\u017dEVANJE\",\"isPartOf\":{\"@id\":\"https:\/\/www.scpet.si\/izredno-izobrazevanje\/#website\"},\"datePublished\":\"2019-08-08T07:02:31+00:00\",\"dateModified\":\"2022-08-10T08:54:42+00:00\",\"description\":\"VPIS - Izredno izobra\u017eevanje ekonomija in telekomunikacije na \u0161olskem centru za po\u0161to, ekonimijo in telekomunikacije Ljubljana.\",\"breadcrumb\":{\"@id\":\"https:\/\/www.scpet.si\/izredno-izobrazevanje\/referat\/vpis\/#breadcrumb\"},\"inLanguage\":\"sl-SI\",\"potentialAction\":[{\"@type\":\"ReadAction\",\"target\":[\"https:\/\/www.scpet.si\/izredno-izobrazevanje\/referat\/vpis\/\"]}]},{\"@type\":\"BreadcrumbList\",\"@id\":\"https:\/\/www.scpet.si\/izredno-izobrazevanje\/referat\/vpis\/#breadcrumb\",\"itemListElement\":[{\"@type\":\"ListItem\",\"position\":1,\"name\":\"Home\",\"item\":\"https:\/\/www.scpet.si\/izredno-izobrazevanje\/\"},{\"@type\":\"ListItem\",\"position\":2,\"name\":\"REFERAT\",\"item\":\"https:\/\/www.scpet.si\/izredno-izobrazevanje\/referat\/\"},{\"@type\":\"ListItem\",\"position\":3,\"name\":\"Vpis\"}]},{\"@type\":\"WebSite\",\"@id\":\"https:\/\/www.scpet.si\/izredno-izobrazevanje\/#website\",\"url\":\"https:\/\/www.scpet.si\/izredno-izobrazevanje\/\",\"name\":\"IZREDNO IZOBRA\u017dEVANJE\",\"description\":\"Just another \u0160C PET Sites site\",\"potentialAction\":[{\"@type\":\"SearchAction\",\"target\":{\"@type\":\"EntryPoint\",\"urlTemplate\":\"https:\/\/www.scpet.si\/izredno-izobrazevanje\/?s={search_term_string}\"},\"query-input\":\"required name=search_term_string\"}],\"inLanguage\":\"sl-SI\"}]}<\/script>\n<!-- \/ Yoast SEO plugin. -->","yoast_head_json":{"title":"Vpis - IZREDNO IZOBRA\u017dEVANJE","description":"VPIS - Izredno izobra\u017eevanje ekonomija in telekomunikacije na \u0161olskem centru za po\u0161to, ekonimijo in telekomunikacije Ljubljana.","robots":{"index":"index","follow":"follow","max-snippet":"max-snippet:-1","max-image-preview":"max-image-preview:large","max-video-preview":"max-video-preview:-1"},"canonical":"https:\/\/www.scpet.si\/izredno-izobrazevanje\/referat\/vpis\/","og_locale":"sl_SI","og_type":"article","og_title":"Vpis - IZREDNO IZOBRA\u017dEVANJE","og_description":"VPIS - Izredno izobra\u017eevanje ekonomija in telekomunikacije na \u0161olskem centru za po\u0161to, ekonimijo in telekomunikacije Ljubljana.","og_url":"https:\/\/www.scpet.si\/izredno-izobrazevanje\/referat\/vpis\/","og_site_name":"IZREDNO IZOBRA\u017dEVANJE","article_modified_time":"2022-08-10T08:54:42+00:00","twitter_card":"summary_large_image","twitter_misc":{"Est. reading time":"2 minuti"},"schema":{"@context":"https:\/\/schema.org","@graph":[{"@type":"WebPage","@id":"https:\/\/www.scpet.si\/izredno-izobrazevanje\/referat\/vpis\/","url":"https:\/\/www.scpet.si\/izredno-izobrazevanje\/referat\/vpis\/","name":"Vpis - IZREDNO IZOBRA\u017dEVANJE","isPartOf":{"@id":"https:\/\/www.scpet.si\/izredno-izobrazevanje\/#website"},"datePublished":"2019-08-08T07:02:31+00:00","dateModified":"2022-08-10T08:54:42+00:00","description":"VPIS - Izredno izobra\u017eevanje ekonomija in telekomunikacije na \u0161olskem centru za po\u0161to, ekonimijo in telekomunikacije Ljubljana.","breadcrumb":{"@id":"https:\/\/www.scpet.si\/izredno-izobrazevanje\/referat\/vpis\/#breadcrumb"},"inLanguage":"sl-SI","potentialAction":[{"@type":"ReadAction","target":["https:\/\/www.scpet.si\/izredno-izobrazevanje\/referat\/vpis\/"]}]},{"@type":"BreadcrumbList","@id":"https:\/\/www.scpet.si\/izredno-izobrazevanje\/referat\/vpis\/#breadcrumb","itemListElement":[{"@type":"ListItem","position":1,"name":"Home","item":"https:\/\/www.scpet.si\/izredno-izobrazevanje\/"},{"@type":"ListItem","position":2,"name":"REFERAT","item":"https:\/\/www.scpet.si\/izredno-izobrazevanje\/referat\/"},{"@type":"ListItem","position":3,"name":"Vpis"}]},{"@type":"WebSite","@id":"https:\/\/www.scpet.si\/izredno-izobrazevanje\/#website","url":"https:\/\/www.scpet.si\/izredno-izobrazevanje\/","name":"IZREDNO IZOBRA\u017dEVANJE","description":"Just another \u0160C PET Sites site","potentialAction":[{"@type":"SearchAction","target":{"@type":"EntryPoint","urlTemplate":"https:\/\/www.scpet.si\/izredno-izobrazevanje\/?s={search_term_string}"},"query-input":"required name=search_term_string"}],"inLanguage":"sl-SI"}]}},"_links":{"self":[{"href":"https:\/\/www.scpet.si\/izredno-izobrazevanje\/wp-json\/wp\/v2\/pages\/29"}],"collection":[{"href":"https:\/\/www.scpet.si\/izredno-izobrazevanje\/wp-json\/wp\/v2\/pages"}],"about":[{"href":"https:\/\/www.scpet.si\/izredno-izobrazevanje\/wp-json\/wp\/v2\/types\/page"}],"author":[{"embeddable":true,"href":"https:\/\/www.scpet.si\/izredno-izobrazevanje\/wp-json\/wp\/v2\/users\/5"}],"replies":[{"embeddable":true,"href":"https:\/\/www.scpet.si\/izredno-izobrazevanje\/wp-json\/wp\/v2\/comments?post=29"}],"version-history":[{"count":0,"href":"https:\/\/www.scpet.si\/izredno-izobrazevanje\/wp-json\/wp\/v2\/pages\/29\/revisions"}],"up":[{"embeddable":true,"href":"https:\/\/www.scpet.si\/izredno-izobrazevanje\/wp-json\/wp\/v2\/pages\/26"}],"wp:attachment":[{"href":"https:\/\/www.scpet.si\/izredno-izobrazevanje\/wp-json\/wp\/v2\/media?parent=29"}],"curies":[{"name":"wp","href":"https:\/\/api.w.org\/{rel}","templated":true}]}}