{"id":31,"date":"2019-08-08T09:08:00","date_gmt":"2019-08-08T07:08:00","guid":{"rendered":"http:\/\/scpet.sample.si\/izredno-izobrazevanje\/referat\/vpis-copy\/"},"modified":"2025-02-14T13:26:00","modified_gmt":"2025-02-14T12:26:00","slug":"poklicna-matura-zakljucni-izpit","status":"publish","type":"page","link":"https:\/\/www.scpet.si\/izredno-izobrazevanje\/referat\/poklicna-matura-zakljucni-izpit\/","title":{"rendered":"Poklicna matura"},"content":{"rendered":"<p><div class=\"fusion-fullwidth fullwidth-box fusion-builder-row-1 nonhundred-percent-fullwidth non-hundred-percent-height-scrolling\" style=\"background-color: rgba(255,255,255,0);background-position: center center;background-repeat: no-repeat;padding-top:0px;padding-right:0px;padding-bottom:0px;padding-left:0px;margin-bottom: 0px;margin-top: 0px;border-width: 0px 0px 0px 0px;border-color:#eae9e9;border-style:solid;\" ><div class=\"fusion-builder-row fusion-row\"><div class=\"fusion-layout-column fusion_builder_column fusion-builder-column-0 fusion_builder_column_1_1 1_1 fusion-one-full fusion-column-first fusion-column-last\" style=\"margin-top:0px;margin-bottom:0px;\"><div class=\"fusion-column-wrapper fusion-flex-column-wrapper-legacy\" style=\"background-position:left top;background-repeat:no-repeat;-webkit-background-size:cover;-moz-background-size:cover;-o-background-size:cover;background-size:cover;padding: 0px 0px 0px 0px;\"><style type=\"text\/css\"><\/style><div class=\"fusion-title title fusion-title-1 fusion-sep-none fusion-title-text fusion-title-size-one\" style=\"margin-top:0px;margin-right:0px;margin-bottom:31px;margin-left:0px;\"><h1 class=\"title-heading-left\" style=\"margin:0;\">Poklicna matura<\/h1><\/div><div class=\"fusion-text fusion-text-1\"><p>S poklicno maturo kandidati dokazujejo doseganje standardov znanj, ki so dolo\u010deni s cilji izobra\u017eevalnih programov srednjega tehni\u0161kega in drugega strokovnega izobra\u017eevanja, poklicno-tehni\u0161kega izobra\u017eevanja, poklicnega te\u010daja ter usposobljenost za visoko\u0161olski \u0161tudij.<\/p>\n<blockquote>\n<p>Poklicna matura je oblika zaklju\u010dnega izpita. Z opravljeno poklicno maturo kandidat pridobi\u00a0<strong>srednjo strokovno izobrazbo<\/strong>.<\/p>\n<\/blockquote>\n<p>Ve\u010d informacij o poklicni maturi dobite na spletni strani <a href=\"https:\/\/www.ric.si\/poklicna_matura\/splosne_informacije\/\" target=\"_blank\" rel=\"noopener\">Dr\u017eavnega izpitnega centra<\/a>.<\/p>\n<\/div><div class=\"fusion-sep-clear\"><\/div><div class=\"fusion-separator fusion-full-width-sep\" style=\"margin-left: auto;margin-right: auto;margin-bottom:20px;width:100%;\"><\/div><div class=\"fusion-sep-clear\"><\/div><div class=\"fusion-text fusion-text-2\"><p>V skladu z izobra\u017eevalnim programom obsega obvezni in izbirni del:<\/p>\n<\/div><div class=\"fusion-sep-clear\"><\/div><div class=\"fusion-separator fusion-full-width-sep\" style=\"margin-left: auto;margin-right: auto;margin-bottom:20px;width:100%;\"><\/div><div class=\"fusion-sep-clear\"><\/div><div class=\"fusion-clearfix\"><\/div><\/div><\/div><\/div><\/div><div class=\"fusion-fullwidth fullwidth-box fusion-builder-row-2 fusion-flex-container nonhundred-percent-fullwidth non-hundred-percent-height-scrolling\" style=\"background-color: rgba(255,255,255,0);background-position: center center;background-repeat: no-repeat;border-width: 0px 0px 0px 0px;border-color:#eae9e9;border-style:solid;\" ><div class=\"fusion-builder-row fusion-row fusion-flex-align-items-flex-start\" style=\"max-width:1331.2px;margin-left: calc(-4% \/ 2 );margin-right: calc(-4% \/ 2 );\"><div class=\"fusion-layout-column fusion_builder_column fusion-builder-column-1 fusion_builder_column_1_2 1_2 fusion-flex-column\"><div class=\"fusion-column-wrapper fusion-flex-justify-content-flex-start fusion-content-layout-column\" style=\"background-position:left top;background-repeat:no-repeat;-webkit-background-size:cover;-moz-background-size:cover;-o-background-size:cover;background-size:cover;padding: 0px 0px 0px 0px;\"><div class=\"fusion-text fusion-text-3\"><p style=\"font-weight: 400;\"><strong>TEHNIK ELEKTRONSKIH KOMUNIKACIJ<\/strong><\/p>\n<div class=\"table-1\">\n<table>\n<tbody>\n<tr>\n<td width=\"118\">Predmet<\/td>\n<td width=\"274\"><strong>Obvezni del<\/strong><\/td>\n<\/tr>\n<tr>\n<td width=\"118\">1. predmet<\/td>\n<td width=\"274\">Sloven\u0161\u010dina<\/td>\n<\/tr>\n<tr>\n<td width=\"118\">2. predmet<\/td>\n<td width=\"274\">Elektronske komunikacije<\/td>\n<\/tr>\n<tr>\n<td width=\"118\"><\/td>\n<td width=\"274\"><strong>Izbirni del<\/strong><\/td>\n<\/tr>\n<tr>\n<td width=\"118\">3. predmet<\/td>\n<td width=\"274\">Matematika ali tuji jezik<\/td>\n<\/tr>\n<tr>\n<td width=\"118\">4. predmet<\/td>\n<td width=\"274\">Izdelek oziroma storitev in zagovor<\/td>\n<\/tr>\n<\/tbody>\n<\/table>\n<\/div>\n<\/div><div class=\"fusion-separator fusion-full-width-sep\" style=\"align-self: center;margin-left: auto;margin-right: auto;margin-bottom:20px;width:100%;\"><\/div><\/div><style type=\"text\/css\">.fusion-body .fusion-builder-column-1{width:50% !important;margin-top : 0px;margin-bottom : 0px;}.fusion-builder-column-1 > .fusion-column-wrapper {padding-top : 0px !important;padding-right : 0px !important;margin-right : 3.84%;padding-bottom : 0px !important;padding-left : 0px !important;margin-left : 3.84%;}@media only screen and (max-width:1024px) {.fusion-body .fusion-builder-column-1{width:100% !important;order : 0;}.fusion-builder-column-1 > .fusion-column-wrapper {margin-right : 1.92%;margin-left : 1.92%;}}@media only screen and (max-width:640px) {.fusion-body .fusion-builder-column-1{width:100% !important;order : 0;}.fusion-builder-column-1 > .fusion-column-wrapper {margin-right : 1.92%;margin-left : 1.92%;}}<\/style><\/div><div class=\"fusion-layout-column fusion_builder_column fusion-builder-column-2 fusion_builder_column_1_2 1_2 fusion-flex-column\"><div class=\"fusion-column-wrapper fusion-flex-justify-content-flex-start fusion-content-layout-column\" style=\"background-position:left top;background-repeat:no-repeat;-webkit-background-size:cover;-moz-background-size:cover;-o-background-size:cover;background-size:cover;padding: 0px 0px 0px 0px;\"><div class=\"fusion-text fusion-text-4\"><p style=\"font-weight: 400;\"><strong>EKONOMSKI TEHNIK<\/strong><\/p>\n<div class=\"table-1\">\n<table>\n<tbody>\n<tr>\n<td width=\"118\">Predmet<\/td>\n<td width=\"274\"><strong>Obvezni del<\/strong><\/td>\n<\/tr>\n<tr>\n<td width=\"118\">1. predmet<\/td>\n<td width=\"274\">Sloven\u0161\u010dina<\/td>\n<\/tr>\n<tr>\n<td width=\"118\">2. predmet<\/td>\n<td width=\"274\">Gospodarstvo<\/td>\n<\/tr>\n<tr>\n<td width=\"118\"><\/td>\n<td width=\"274\"><strong>izbirni del<\/strong><\/td>\n<\/tr>\n<tr>\n<td width=\"118\">3. predmet<\/td>\n<td width=\"274\">Matematika ali tuji jezik<\/td>\n<\/tr>\n<tr>\n<td width=\"118\">4. predmet<\/td>\n<td width=\"274\">Izdelek oziroma storitev in zagovor<\/td>\n<\/tr>\n<\/tbody>\n<\/table>\n<\/div>\n<\/div><div class=\"fusion-separator fusion-full-width-sep\" style=\"align-self: center;margin-left: auto;margin-right: auto;margin-bottom:20px;width:100%;\"><\/div><\/div><style type=\"text\/css\">.fusion-body .fusion-builder-column-2{width:50% !important;margin-top : 0px;margin-bottom : 0px;}.fusion-builder-column-2 > .fusion-column-wrapper {padding-top : 0px !important;padding-right : 0px !important;margin-right : 3.84%;padding-bottom : 0px !important;padding-left : 0px !important;margin-left : 3.84%;}@media only screen and (max-width:1024px) {.fusion-body .fusion-builder-column-2{width:100% !important;order : 0;}.fusion-builder-column-2 > .fusion-column-wrapper {margin-right : 1.92%;margin-left : 1.92%;}}@media only screen and (max-width:640px) {.fusion-body .fusion-builder-column-2{width:100% !important;order : 0;}.fusion-builder-column-2 > .fusion-column-wrapper {margin-right : 1.92%;margin-left : 1.92%;}}<\/style><\/div><\/div><style type=\"text\/css\">.fusion-body .fusion-flex-container.fusion-builder-row-2{ padding-top : 0px;margin-top : 0px;padding-right : 0px;padding-bottom : 0px;margin-bottom : 0px;padding-left : 0px;}<\/style><\/div><div class=\"fusion-fullwidth fullwidth-box fusion-builder-row-3 fusion-flex-container nonhundred-percent-fullwidth non-hundred-percent-height-scrolling\" style=\"background-color: rgba(255,255,255,0);background-position: center center;background-repeat: no-repeat;border-width: 0px 0px 0px 0px;border-color:#eae9e9;border-style:solid;\" ><div class=\"fusion-builder-row fusion-row fusion-flex-align-items-flex-start\" style=\"max-width:1331.2px;margin-left: calc(-4% \/ 2 );margin-right: calc(-4% \/ 2 );\"><div class=\"fusion-layout-column fusion_builder_column fusion-builder-column-3 fusion_builder_column_1_1 1_1 fusion-flex-column\"><div class=\"fusion-column-wrapper fusion-flex-justify-content-flex-start fusion-content-layout-column\" style=\"background-position:left top;background-repeat:no-repeat;-webkit-background-size:cover;-moz-background-size:cover;-o-background-size:cover;background-size:cover;padding: 0px 0px 0px 0px;\"><div class=\"fusion-text fusion-text-5\"><h3>Pravilnik, navodila in dodatne informacije v zvezi z opravljanjem poklicne mature<\/h3>\n<\/div><div class=\"fusion-text fusion-text-6\"><ul>\n<li><a href=\"https:\/\/www.scpet.si\/izredno-izobrazevanje\/wp-content\/uploads\/sites\/4\/2021\/03\/Pravilnik_o_poklicni_maturi.pdf\" target=\"_blank\" rel=\"noopener\">Pravilnik o poklicni maturi<\/a> \/.pdf, 267 KB\/<\/li>\n<li><a href=\"https:\/\/www.scpet.si\/izredno-izobrazevanje\/wp-content\/uploads\/sites\/4\/2021\/03\/Navodila_o_izpitnem_redu_na_PM__splosna.pdf\" target=\"_blank\" rel=\"noopener\">Navodila o izpitnem redu pri poklicni maturi<\/a> \/.pdf, 159 kb\/<\/li>\n<li><a href=\"https:\/\/www.scpet.si\/izredno-izobrazevanje\/wp-content\/uploads\/sites\/4\/2021\/03\/Izpitni-red-PM-STSS-SC-PET.pdf\" target=\"_blank\" rel=\"noopener\">Izpitni red poklicne mature<\/a> \/.pdf, 633 KB\/<\/li>\n<li><a href=\"https:\/\/www.scpet.si\/izredno-izobrazevanje\/wp-content\/uploads\/sites\/4\/2021\/03\/Ocenjevanje-PM-STSS-SC-PET.pdf\" target=\"_blank\" rel=\"noopener\">Ocenjevanje poklicne mature<\/a> \/.pdf, 625 KB\/<\/li>\n<li><a href=\"https:\/\/www.scpet.si\/izredno-izobrazevanje\/wp-content\/uploads\/sites\/4\/2021\/03\/PM__DOVOLJENO_DODATNO_GRADIVO-1.pdf\" target=\"_blank\" rel=\"noopener\">Dovoljeno dodatno gradivo pri poklicni maturi<\/a> \/.pdf, 76 KB\/<\/li>\n<li><a href=\"https:\/\/www.scpet.si\/izredno-izobrazevanje\/wp-content\/uploads\/sites\/4\/2021\/03\/Prijava_k_PM_nova.pdf\" target=\"_blank\" rel=\"noopener\">Prijava k poklicni maturi<\/a> \/.pdf, 238 KB\/<br \/>\n<a href=\"https:\/\/www.scpet.si\/izredno-izobrazevanje\/wp-content\/uploads\/sites\/4\/2021\/03\/Prijava_k_PM_nova.doc\" target=\"_blank\" rel=\"noopener\">Prijava k poklicni maturi<\/a> \/.doc, 81 KB\/<\/li>\n<\/ul>\n<\/div><div class=\"fusion-separator fusion-full-width-sep\" style=\"align-self: center;margin-left: auto;margin-right: auto;margin-bottom:20px;width:100%;\"><\/div><div class=\"fusion-text fusion-text-7\"><h3>Koledar poklicne mature<\/h3>\n<\/div><div class=\"fusion-text fusion-text-8\"><p>Aktualni koledarji poklicne mature so objavljeni na povezavi <a href=\"https:\/\/www.ric.si\/poklicna-matura\/koledar-poklicne-mature\/\" target=\"_blank\" rel=\"noopener\">Dr\u017eavnega izpitnega centra<\/a>.<\/p>\n<p><strong><em>4. predmet poklicne mature:<br \/>\n<\/em><\/strong>s \u010detrtim predmetom poklicne mature se izkazuje povezovanje strokovne teorije in prakse. Za opravljanje 4. izpitne enote kontaktirajte profesorja\/mentorja, ki v enoti za izobra\u017eevanje odraslih pokriva ustrezno tematiko, o kateri bi \u017eeleli pisati.<\/p>\n<\/div><\/div><style type=\"text\/css\">.fusion-body .fusion-builder-column-3{width:100% !important;margin-top : 0px;margin-bottom : 0px;}.fusion-builder-column-3 > .fusion-column-wrapper {padding-top : 0px !important;padding-right : 0px !important;margin-right : 1.92%;padding-bottom : 0px !important;padding-left : 0px !important;margin-left : 1.92%;}@media only screen and (max-width:1024px) {.fusion-body .fusion-builder-column-3{width:100% !important;order : 0;}.fusion-builder-column-3 > .fusion-column-wrapper {margin-right : 1.92%;margin-left : 1.92%;}}@media only screen and (max-width:640px) {.fusion-body .fusion-builder-column-3{width:100% !important;order : 0;}.fusion-builder-column-3 > .fusion-column-wrapper {margin-right : 1.92%;margin-left : 1.92%;}}<\/style><\/div><\/div><style type=\"text\/css\">.fusion-body .fusion-flex-container.fusion-builder-row-3{ padding-top : 0px;margin-top : 0px;padding-right : 0px;padding-bottom : 0px;margin-bottom : 0px;padding-left : 0px;}<\/style><\/div><\/p>\n","protected":false},"excerpt":{"rendered":"","protected":false},"author":5,"featured_media":0,"parent":26,"menu_order":0,"comment_status":"closed","ping_status":"closed","template":"","meta":{"_mi_skip_tracking":false,"_exactmetrics_sitenote_active":false,"_exactmetrics_sitenote_note":"","_exactmetrics_sitenote_category":0},"yoast_head":"<!-- This site is optimized with the Yoast SEO plugin v20.8 - https:\/\/yoast.com\/wordpress\/plugins\/seo\/ -->\n<title>Poklicna matura - IZREDNO IZOBRA\u017dEVANJE<\/title>\n<meta name=\"description\" content=\"Poklicna matura - Izredno izobra\u017eevanje ekonomija in telekomunikacije na \u0161olskem centru za po\u0161to, ekonimijo in telekomunikacije Ljubljana.\" \/>\n<meta name=\"robots\" content=\"index, follow, max-snippet:-1, max-image-preview:large, max-video-preview:-1\" \/>\n<link rel=\"canonical\" href=\"https:\/\/www.scpet.si\/izredno-izobrazevanje\/referat\/poklicna-matura-zakljucni-izpit\/\" \/>\n<meta property=\"og:locale\" content=\"sl_SI\" \/>\n<meta property=\"og:type\" content=\"article\" \/>\n<meta property=\"og:title\" content=\"Poklicna matura - IZREDNO IZOBRA\u017dEVANJE\" \/>\n<meta property=\"og:description\" content=\"Poklicna matura - Izredno izobra\u017eevanje ekonomija in telekomunikacije na \u0161olskem centru za po\u0161to, ekonimijo in telekomunikacije Ljubljana.\" \/>\n<meta property=\"og:url\" content=\"https:\/\/www.scpet.si\/izredno-izobrazevanje\/referat\/poklicna-matura-zakljucni-izpit\/\" \/>\n<meta property=\"og:site_name\" content=\"IZREDNO IZOBRA\u017dEVANJE\" \/>\n<meta property=\"article:modified_time\" content=\"2025-02-14T12:26:00+00:00\" \/>\n<meta name=\"twitter:card\" content=\"summary_large_image\" \/>\n<meta name=\"twitter:label1\" content=\"Est. reading time\" \/>\n\t<meta name=\"twitter:data1\" content=\"5 minut\" \/>\n<script type=\"application\/ld+json\" class=\"yoast-schema-graph\">{\"@context\":\"https:\/\/schema.org\",\"@graph\":[{\"@type\":\"WebPage\",\"@id\":\"https:\/\/www.scpet.si\/izredno-izobrazevanje\/referat\/poklicna-matura-zakljucni-izpit\/\",\"url\":\"https:\/\/www.scpet.si\/izredno-izobrazevanje\/referat\/poklicna-matura-zakljucni-izpit\/\",\"name\":\"Poklicna matura - IZREDNO IZOBRA\u017dEVANJE\",\"isPartOf\":{\"@id\":\"https:\/\/www.scpet.si\/izredno-izobrazevanje\/#website\"},\"datePublished\":\"2019-08-08T07:08:00+00:00\",\"dateModified\":\"2025-02-14T12:26:00+00:00\",\"description\":\"Poklicna matura - Izredno izobra\u017eevanje ekonomija in telekomunikacije na \u0161olskem centru za po\u0161to, ekonimijo in telekomunikacije Ljubljana.\",\"breadcrumb\":{\"@id\":\"https:\/\/www.scpet.si\/izredno-izobrazevanje\/referat\/poklicna-matura-zakljucni-izpit\/#breadcrumb\"},\"inLanguage\":\"sl-SI\",\"potentialAction\":[{\"@type\":\"ReadAction\",\"target\":[\"https:\/\/www.scpet.si\/izredno-izobrazevanje\/referat\/poklicna-matura-zakljucni-izpit\/\"]}]},{\"@type\":\"BreadcrumbList\",\"@id\":\"https:\/\/www.scpet.si\/izredno-izobrazevanje\/referat\/poklicna-matura-zakljucni-izpit\/#breadcrumb\",\"itemListElement\":[{\"@type\":\"ListItem\",\"position\":1,\"name\":\"Home\",\"item\":\"https:\/\/www.scpet.si\/izredno-izobrazevanje\/\"},{\"@type\":\"ListItem\",\"position\":2,\"name\":\"REFERAT\",\"item\":\"https:\/\/www.scpet.si\/izredno-izobrazevanje\/referat\/\"},{\"@type\":\"ListItem\",\"position\":3,\"name\":\"Poklicna matura\"}]},{\"@type\":\"WebSite\",\"@id\":\"https:\/\/www.scpet.si\/izredno-izobrazevanje\/#website\",\"url\":\"https:\/\/www.scpet.si\/izredno-izobrazevanje\/\",\"name\":\"IZREDNO IZOBRA\u017dEVANJE\",\"description\":\"Just another \u0160C PET Sites site\",\"potentialAction\":[{\"@type\":\"SearchAction\",\"target\":{\"@type\":\"EntryPoint\",\"urlTemplate\":\"https:\/\/www.scpet.si\/izredno-izobrazevanje\/?s={search_term_string}\"},\"query-input\":\"required name=search_term_string\"}],\"inLanguage\":\"sl-SI\"}]}<\/script>\n<!-- \/ Yoast SEO plugin. -->","yoast_head_json":{"title":"Poklicna matura - IZREDNO IZOBRA\u017dEVANJE","description":"Poklicna matura - Izredno izobra\u017eevanje ekonomija in telekomunikacije na \u0161olskem centru za po\u0161to, ekonimijo in telekomunikacije Ljubljana.","robots":{"index":"index","follow":"follow","max-snippet":"max-snippet:-1","max-image-preview":"max-image-preview:large","max-video-preview":"max-video-preview:-1"},"canonical":"https:\/\/www.scpet.si\/izredno-izobrazevanje\/referat\/poklicna-matura-zakljucni-izpit\/","og_locale":"sl_SI","og_type":"article","og_title":"Poklicna matura - IZREDNO IZOBRA\u017dEVANJE","og_description":"Poklicna matura - Izredno izobra\u017eevanje ekonomija in telekomunikacije na \u0161olskem centru za po\u0161to, ekonimijo in telekomunikacije Ljubljana.","og_url":"https:\/\/www.scpet.si\/izredno-izobrazevanje\/referat\/poklicna-matura-zakljucni-izpit\/","og_site_name":"IZREDNO IZOBRA\u017dEVANJE","article_modified_time":"2025-02-14T12:26:00+00:00","twitter_card":"summary_large_image","twitter_misc":{"Est. reading time":"5 minut"},"schema":{"@context":"https:\/\/schema.org","@graph":[{"@type":"WebPage","@id":"https:\/\/www.scpet.si\/izredno-izobrazevanje\/referat\/poklicna-matura-zakljucni-izpit\/","url":"https:\/\/www.scpet.si\/izredno-izobrazevanje\/referat\/poklicna-matura-zakljucni-izpit\/","name":"Poklicna matura - IZREDNO IZOBRA\u017dEVANJE","isPartOf":{"@id":"https:\/\/www.scpet.si\/izredno-izobrazevanje\/#website"},"datePublished":"2019-08-08T07:08:00+00:00","dateModified":"2025-02-14T12:26:00+00:00","description":"Poklicna matura - Izredno izobra\u017eevanje ekonomija in telekomunikacije na \u0161olskem centru za po\u0161to, ekonimijo in telekomunikacije Ljubljana.","breadcrumb":{"@id":"https:\/\/www.scpet.si\/izredno-izobrazevanje\/referat\/poklicna-matura-zakljucni-izpit\/#breadcrumb"},"inLanguage":"sl-SI","potentialAction":[{"@type":"ReadAction","target":["https:\/\/www.scpet.si\/izredno-izobrazevanje\/referat\/poklicna-matura-zakljucni-izpit\/"]}]},{"@type":"BreadcrumbList","@id":"https:\/\/www.scpet.si\/izredno-izobrazevanje\/referat\/poklicna-matura-zakljucni-izpit\/#breadcrumb","itemListElement":[{"@type":"ListItem","position":1,"name":"Home","item":"https:\/\/www.scpet.si\/izredno-izobrazevanje\/"},{"@type":"ListItem","position":2,"name":"REFERAT","item":"https:\/\/www.scpet.si\/izredno-izobrazevanje\/referat\/"},{"@type":"ListItem","position":3,"name":"Poklicna matura"}]},{"@type":"WebSite","@id":"https:\/\/www.scpet.si\/izredno-izobrazevanje\/#website","url":"https:\/\/www.scpet.si\/izredno-izobrazevanje\/","name":"IZREDNO IZOBRA\u017dEVANJE","description":"Just another \u0160C PET Sites site","potentialAction":[{"@type":"SearchAction","target":{"@type":"EntryPoint","urlTemplate":"https:\/\/www.scpet.si\/izredno-izobrazevanje\/?s={search_term_string}"},"query-input":"required name=search_term_string"}],"inLanguage":"sl-SI"}]}},"_links":{"self":[{"href":"https:\/\/www.scpet.si\/izredno-izobrazevanje\/wp-json\/wp\/v2\/pages\/31"}],"collection":[{"href":"https:\/\/www.scpet.si\/izredno-izobrazevanje\/wp-json\/wp\/v2\/pages"}],"about":[{"href":"https:\/\/www.scpet.si\/izredno-izobrazevanje\/wp-json\/wp\/v2\/types\/page"}],"author":[{"embeddable":true,"href":"https:\/\/www.scpet.si\/izredno-izobrazevanje\/wp-json\/wp\/v2\/users\/5"}],"replies":[{"embeddable":true,"href":"https:\/\/www.scpet.si\/izredno-izobrazevanje\/wp-json\/wp\/v2\/comments?post=31"}],"version-history":[{"count":0,"href":"https:\/\/www.scpet.si\/izredno-izobrazevanje\/wp-json\/wp\/v2\/pages\/31\/revisions"}],"up":[{"embeddable":true,"href":"https:\/\/www.scpet.si\/izredno-izobrazevanje\/wp-json\/wp\/v2\/pages\/26"}],"wp:attachment":[{"href":"https:\/\/www.scpet.si\/izredno-izobrazevanje\/wp-json\/wp\/v2\/media?parent=31"}],"curies":[{"name":"wp","href":"https:\/\/api.w.org\/{rel}","templated":true}]}}