{"id":40,"date":"2019-08-08T10:12:55","date_gmt":"2019-08-08T08:12:55","guid":{"rendered":"http:\/\/scpet.sample.si\/izredno-izobrazevanje\/programi\/tehnik-elektronskih-komunikacij-copy\/"},"modified":"2022-08-10T11:44:51","modified_gmt":"2022-08-10T09:44:51","slug":"ekonomski-tehnik","status":"publish","type":"page","link":"https:\/\/www.scpet.si\/izredno-izobrazevanje\/ekonomski-tehnik\/","title":{"rendered":"Ekonomski tehnik"},"content":{"rendered":"<div class=\"fusion-fullwidth fullwidth-box fusion-builder-row-1 nonhundred-percent-fullwidth non-hundred-percent-height-scrolling\" style=\"background-color: rgba(255,255,255,0);background-position: center center;background-repeat: no-repeat;padding-top:0px;padding-right:0px;padding-bottom:0px;padding-left:0px;margin-bottom: 0px;margin-top: 0px;border-width: 0px 0px 0px 0px;border-color:#eae9e9;border-style:solid;\" ><div class=\"fusion-builder-row fusion-row\"><div class=\"fusion-layout-column fusion_builder_column fusion-builder-column-0 fusion_builder_column_1_1 1_1 fusion-one-full fusion-column-first fusion-column-last\" style=\"margin-top:0px;margin-bottom:0px;\"><div class=\"fusion-column-wrapper fusion-flex-column-wrapper-legacy\" style=\"background-position:left top;background-repeat:no-repeat;-webkit-background-size:cover;-moz-background-size:cover;-o-background-size:cover;background-size:cover;padding: 0px 0px 0px 0px;\"><style type=\"text\/css\"><\/style><div class=\"fusion-title title fusion-title-1 fusion-sep-none fusion-title-text fusion-title-size-one\" style=\"margin-top:0px;margin-right:0px;margin-bottom:31px;margin-left:0px;\"><h1 class=\"title-heading-left\" style=\"margin:0;\">Ekonomski tehnik<\/h1><\/div><div class=\"fusion-text fusion-text-1\"><p><strong>A) SPLO\u0160NOIZOBRA\u017dEVALNI PREDMETI<\/strong><\/p>\n<ul>\n<li>Sloven\u0161\u010dina<\/li>\n<li>Umetnost<\/li>\n<li>Tuji jezik I<\/li>\n<li>Tuji jezik II<\/li>\n<li>Matematika<\/li>\n<li>Zgodovina<\/li>\n<li>Geografija<\/li>\n<li>Sociologija<\/li>\n<li>Psihologija<\/li>\n<li>Kemija<\/li>\n<li>Biologija<\/li>\n<li>\u0160portna vzgoja<\/li>\n<\/ul>\n<p><strong>B) OBVEZNI STROKOVNI MODULI<\/strong><\/p>\n<div class=\"table-1\">\n<table>\n<tbody>\n<tr>\n<td width=\"180\"><strong>MODUL<\/strong><\/td>\n<td width=\"24\"><\/td>\n<td width=\"432\"><strong>VSEBINSKI SKLOPI<\/strong><\/td>\n<\/tr>\n<tr>\n<td width=\"180\">Poslovni projekti<\/td>\n<td width=\"24\"><\/td>\n<td width=\"432\">\n<ul>\n<li>Projektno delo<\/li>\n<li>Informacijsko komunikacijska tehnologija<\/li>\n<\/ul>\n<\/td>\n<\/tr>\n<tr>\n<td width=\"180\">Poslovanje podjetja<\/td>\n<td width=\"24\"><\/td>\n<td width=\"432\">\n<ul>\n<li>Tr\u017eenje<\/li>\n<li>Mened\u017ement<\/li>\n<\/ul>\n<\/td>\n<\/tr>\n<tr>\n<td width=\"180\">Ekonomika poslovanj<\/td>\n<td width=\"24\"><\/td>\n<td width=\"432\">\n<ul>\n<li>Poslovno ra\u010dunstvo in statisti\u010dna analiza pojavov<\/li>\n<li>Ekonomika podjetja<\/li>\n<li>Temeljne ra\u010dunovodske informacije<\/li>\n<\/ul>\n<\/td>\n<\/tr>\n<tr>\n<td width=\"180\">Sodobno gospodarstvo<\/td>\n<td width=\"24\"><\/td>\n<td width=\"432\">\n<ul>\n<li>Razvoj in delovanje gospodarstva<\/li>\n<li>Gospodarske dejavnosti<\/li>\n<li>Temeljne pravne kulture<\/li>\n<li>Pravno organizacijski vidiki poslovanja<\/li>\n<\/ul>\n<\/td>\n<\/tr>\n<\/tbody>\n<\/table>\n<\/div>\n<div class=\"fusion-sep-clear\"><\/div><div class=\"fusion-separator fusion-full-width-sep\" style=\"margin-left: auto;margin-right: auto;margin-bottom:20px;width:100%;\"><\/div><div class=\"fusion-sep-clear\"><\/div>\n<p><strong>C) OBVEZNI IZBIRNI MODULI<\/strong><\/p>\n<div class=\"table-1\">\n<table>\n<tbody>\n<tr>\n<td width=\"206\"><strong>MODUL<\/strong><\/td>\n<td width=\"24\"><\/td>\n<td width=\"384\"><strong>VSEBINSKI SKLOPI<\/strong><\/td>\n<\/tr>\n<tr>\n<td width=\"206\">Finan\u010dno poslovanje<\/td>\n<td width=\"24\"><\/td>\n<td width=\"384\">\n<ul>\n<li>Finan\u010dni trgi in institucije<\/li>\n<li>Pla\u010dilni promet in poslovanje z gotovino<\/li>\n<li>Prodaja finan\u010dnih storitev<\/li>\n<\/ul>\n<\/td>\n<\/tr>\n<tr>\n<td width=\"206\">Komercialno poslovanje<\/td>\n<td width=\"24\"><\/td>\n<td width=\"384\">\n<ul>\n<li>Nabava in prodaja<\/li>\n<li>Tr\u017eno komuniciranje<\/li>\n<li>Razvr\u0161\u010danje blaga<\/li>\n<\/ul>\n<\/td>\n<\/tr>\n<\/tbody>\n<\/table>\n<\/div>\n<div class=\"fusion-sep-clear\"><\/div><div class=\"fusion-separator fusion-full-width-sep\" style=\"margin-left: auto;margin-right: auto;margin-bottom:20px;width:100%;\"><\/div><div class=\"fusion-sep-clear\"><\/div>\n<p><strong>\u010c) IZBIRNI MODULI<\/strong><\/p>\n<div class=\"table-1\">\n<table>\n<tbody>\n<tr>\n<td width=\"206\"><strong>MODUL<\/strong><\/td>\n<td width=\"24\"><\/td>\n<td width=\"384\"><strong>VSEBINSKI SKLOPI<\/strong><\/td>\n<\/tr>\n<tr>\n<td width=\"206\">Ban\u010dno poslovanje<\/td>\n<td width=\"24\"><\/td>\n<td width=\"384\">\n<ul>\n<li>Komerciala \u2013 enostavnej\u0161e ban\u010dne storitve za fizi\u010dne osebe<\/li>\n<li>Ban\u010dno poslovanje v zalednih slu\u017ebah<\/li>\n<\/ul>\n<\/td>\n<\/tr>\n<tr>\n<td width=\"206\">Po\u0161tni promet<\/td>\n<td width=\"24\"><\/td>\n<td width=\"384\">\n<ul>\n<li>Po\u0161tno poslovanje<\/li>\n<li>Tr\u017eenje in kvaliteta po\u0161tnih storitev<\/li>\n<\/ul>\n<\/td>\n<\/tr>\n<tr>\n<td width=\"206\">Neposredno tr\u017eenje (teletr\u017enik)<\/td>\n<td width=\"24\"><\/td>\n<td width=\"384\">\n<ul>\n<li>Administrativno\u2013komunikacijska dela<\/li>\n<li>Neposredno tr\u017eenje in zadovoljstvo kupcev<\/li>\n<li>Tr\u017eenjski informacijski sistemi<\/li>\n<\/ul>\n<\/td>\n<\/tr>\n<\/tbody>\n<\/table>\n<\/div>\n<div class=\"fusion-sep-clear\"><\/div><div class=\"fusion-separator fusion-full-width-sep\" style=\"margin-left: auto;margin-right: auto;margin-bottom:20px;width:100%;\"><\/div><div class=\"fusion-sep-clear\"><\/div>\n<p><strong>D) PRAKTI\u010cNI POUK<\/strong><\/p>\n<p><strong>E) PRAKTI\u010cNO USPOSABLJANJE Z DELOM<\/strong><\/p>\n<p><strong>F) INTERESNE DEJAVNOSTI<\/strong><\/p>\n<p><strong>G) ODPRTI KURIKULUM<\/strong><\/p>\n<p>\u2022 Strojepisje<br \/>\n\u2022 Poslovna korespondenca<br \/>\n\u2022 Finan\u010dna matematika<br \/>\n\u2022 \u0160portni mened\u017ement<br \/>\n\u2022 Strokovna terminologija v nem\u0161\u010dini<br \/>\n\u2022 Zavarovalni\u0161tvo<br \/>\n\u2022 Ekonomska geografija z ekologijo<\/p>\n<\/div><div class=\"fusion-clearfix\"><\/div><\/div><\/div><\/div><\/div>\n","protected":false},"excerpt":{"rendered":"","protected":false},"author":5,"featured_media":0,"parent":0,"menu_order":0,"comment_status":"closed","ping_status":"closed","template":"","meta":{"_mi_skip_tracking":false,"_exactmetrics_sitenote_active":false,"_exactmetrics_sitenote_note":"","_exactmetrics_sitenote_category":0},"yoast_head":"<!-- This site is optimized with the Yoast SEO plugin v20.8 - https:\/\/yoast.com\/wordpress\/plugins\/seo\/ -->\n<title>Ekonomski tehnik - IZREDNO IZOBRA\u017dEVANJE<\/title>\n<meta name=\"description\" content=\"Ekonomski tehnik - Izredno izobra\u017eevanje ekonomija in telekomunikacije na \u0161olskem centru za po\u0161to, ekonimijo in telekomunikacije Ljubljana.\" \/>\n<meta name=\"robots\" content=\"index, follow, max-snippet:-1, max-image-preview:large, max-video-preview:-1\" \/>\n<link rel=\"canonical\" href=\"https:\/\/www.scpet.si\/izredno-izobrazevanje\/ekonomski-tehnik\/\" \/>\n<meta property=\"og:locale\" content=\"sl_SI\" \/>\n<meta property=\"og:type\" content=\"article\" \/>\n<meta property=\"og:title\" content=\"Ekonomski tehnik - IZREDNO IZOBRA\u017dEVANJE\" \/>\n<meta property=\"og:description\" content=\"Ekonomski tehnik - Izredno izobra\u017eevanje ekonomija in telekomunikacije na \u0161olskem centru za po\u0161to, ekonimijo in telekomunikacije Ljubljana.\" \/>\n<meta property=\"og:url\" content=\"https:\/\/www.scpet.si\/izredno-izobrazevanje\/ekonomski-tehnik\/\" \/>\n<meta property=\"og:site_name\" content=\"IZREDNO IZOBRA\u017dEVANJE\" \/>\n<meta property=\"article:modified_time\" content=\"2022-08-10T09:44:51+00:00\" \/>\n<meta name=\"twitter:card\" content=\"summary_large_image\" \/>\n<meta name=\"twitter:label1\" content=\"Est. reading time\" \/>\n\t<meta name=\"twitter:data1\" content=\"3 minute\" \/>\n<script type=\"application\/ld+json\" class=\"yoast-schema-graph\">{\"@context\":\"https:\/\/schema.org\",\"@graph\":[{\"@type\":\"WebPage\",\"@id\":\"https:\/\/www.scpet.si\/izredno-izobrazevanje\/ekonomski-tehnik\/\",\"url\":\"https:\/\/www.scpet.si\/izredno-izobrazevanje\/ekonomski-tehnik\/\",\"name\":\"Ekonomski tehnik - IZREDNO IZOBRA\u017dEVANJE\",\"isPartOf\":{\"@id\":\"https:\/\/www.scpet.si\/izredno-izobrazevanje\/#website\"},\"datePublished\":\"2019-08-08T08:12:55+00:00\",\"dateModified\":\"2022-08-10T09:44:51+00:00\",\"description\":\"Ekonomski tehnik - Izredno izobra\u017eevanje ekonomija in telekomunikacije na \u0161olskem centru za po\u0161to, ekonimijo in telekomunikacije Ljubljana.\",\"breadcrumb\":{\"@id\":\"https:\/\/www.scpet.si\/izredno-izobrazevanje\/ekonomski-tehnik\/#breadcrumb\"},\"inLanguage\":\"sl-SI\",\"potentialAction\":[{\"@type\":\"ReadAction\",\"target\":[\"https:\/\/www.scpet.si\/izredno-izobrazevanje\/ekonomski-tehnik\/\"]}]},{\"@type\":\"BreadcrumbList\",\"@id\":\"https:\/\/www.scpet.si\/izredno-izobrazevanje\/ekonomski-tehnik\/#breadcrumb\",\"itemListElement\":[{\"@type\":\"ListItem\",\"position\":1,\"name\":\"Home\",\"item\":\"https:\/\/www.scpet.si\/izredno-izobrazevanje\/\"},{\"@type\":\"ListItem\",\"position\":2,\"name\":\"Ekonomski tehnik\"}]},{\"@type\":\"WebSite\",\"@id\":\"https:\/\/www.scpet.si\/izredno-izobrazevanje\/#website\",\"url\":\"https:\/\/www.scpet.si\/izredno-izobrazevanje\/\",\"name\":\"IZREDNO IZOBRA\u017dEVANJE\",\"description\":\"Just another \u0160C PET Sites site\",\"potentialAction\":[{\"@type\":\"SearchAction\",\"target\":{\"@type\":\"EntryPoint\",\"urlTemplate\":\"https:\/\/www.scpet.si\/izredno-izobrazevanje\/?s={search_term_string}\"},\"query-input\":\"required name=search_term_string\"}],\"inLanguage\":\"sl-SI\"}]}<\/script>\n<!-- \/ Yoast SEO plugin. -->","yoast_head_json":{"title":"Ekonomski tehnik - IZREDNO IZOBRA\u017dEVANJE","description":"Ekonomski tehnik - Izredno izobra\u017eevanje ekonomija in telekomunikacije na \u0161olskem centru za po\u0161to, ekonimijo in telekomunikacije Ljubljana.","robots":{"index":"index","follow":"follow","max-snippet":"max-snippet:-1","max-image-preview":"max-image-preview:large","max-video-preview":"max-video-preview:-1"},"canonical":"https:\/\/www.scpet.si\/izredno-izobrazevanje\/ekonomski-tehnik\/","og_locale":"sl_SI","og_type":"article","og_title":"Ekonomski tehnik - IZREDNO IZOBRA\u017dEVANJE","og_description":"Ekonomski tehnik - Izredno izobra\u017eevanje ekonomija in telekomunikacije na \u0161olskem centru za po\u0161to, ekonimijo in telekomunikacije Ljubljana.","og_url":"https:\/\/www.scpet.si\/izredno-izobrazevanje\/ekonomski-tehnik\/","og_site_name":"IZREDNO IZOBRA\u017dEVANJE","article_modified_time":"2022-08-10T09:44:51+00:00","twitter_card":"summary_large_image","twitter_misc":{"Est. reading time":"3 minute"},"schema":{"@context":"https:\/\/schema.org","@graph":[{"@type":"WebPage","@id":"https:\/\/www.scpet.si\/izredno-izobrazevanje\/ekonomski-tehnik\/","url":"https:\/\/www.scpet.si\/izredno-izobrazevanje\/ekonomski-tehnik\/","name":"Ekonomski tehnik - IZREDNO IZOBRA\u017dEVANJE","isPartOf":{"@id":"https:\/\/www.scpet.si\/izredno-izobrazevanje\/#website"},"datePublished":"2019-08-08T08:12:55+00:00","dateModified":"2022-08-10T09:44:51+00:00","description":"Ekonomski tehnik - Izredno izobra\u017eevanje ekonomija in telekomunikacije na \u0161olskem centru za po\u0161to, ekonimijo in telekomunikacije Ljubljana.","breadcrumb":{"@id":"https:\/\/www.scpet.si\/izredno-izobrazevanje\/ekonomski-tehnik\/#breadcrumb"},"inLanguage":"sl-SI","potentialAction":[{"@type":"ReadAction","target":["https:\/\/www.scpet.si\/izredno-izobrazevanje\/ekonomski-tehnik\/"]}]},{"@type":"BreadcrumbList","@id":"https:\/\/www.scpet.si\/izredno-izobrazevanje\/ekonomski-tehnik\/#breadcrumb","itemListElement":[{"@type":"ListItem","position":1,"name":"Home","item":"https:\/\/www.scpet.si\/izredno-izobrazevanje\/"},{"@type":"ListItem","position":2,"name":"Ekonomski tehnik"}]},{"@type":"WebSite","@id":"https:\/\/www.scpet.si\/izredno-izobrazevanje\/#website","url":"https:\/\/www.scpet.si\/izredno-izobrazevanje\/","name":"IZREDNO IZOBRA\u017dEVANJE","description":"Just another \u0160C PET Sites site","potentialAction":[{"@type":"SearchAction","target":{"@type":"EntryPoint","urlTemplate":"https:\/\/www.scpet.si\/izredno-izobrazevanje\/?s={search_term_string}"},"query-input":"required name=search_term_string"}],"inLanguage":"sl-SI"}]}},"_links":{"self":[{"href":"https:\/\/www.scpet.si\/izredno-izobrazevanje\/wp-json\/wp\/v2\/pages\/40"}],"collection":[{"href":"https:\/\/www.scpet.si\/izredno-izobrazevanje\/wp-json\/wp\/v2\/pages"}],"about":[{"href":"https:\/\/www.scpet.si\/izredno-izobrazevanje\/wp-json\/wp\/v2\/types\/page"}],"author":[{"embeddable":true,"href":"https:\/\/www.scpet.si\/izredno-izobrazevanje\/wp-json\/wp\/v2\/users\/5"}],"replies":[{"embeddable":true,"href":"https:\/\/www.scpet.si\/izredno-izobrazevanje\/wp-json\/wp\/v2\/comments?post=40"}],"version-history":[{"count":0,"href":"https:\/\/www.scpet.si\/izredno-izobrazevanje\/wp-json\/wp\/v2\/pages\/40\/revisions"}],"wp:attachment":[{"href":"https:\/\/www.scpet.si\/izredno-izobrazevanje\/wp-json\/wp\/v2\/media?parent=40"}],"curies":[{"name":"wp","href":"https:\/\/api.w.org\/{rel}","templated":true}]}}