{"id":49,"date":"2019-08-08T10:27:48","date_gmt":"2019-08-08T08:27:48","guid":{"rendered":"http:\/\/scpet.sample.si\/izredno-izobrazevanje\/programi\/srednjesolski-programi-copy\/"},"modified":"2022-08-10T11:49:49","modified_gmt":"2022-08-10T09:49:49","slug":"nacionalne-poklicne-kvalifikacije","status":"publish","type":"page","link":"https:\/\/www.scpet.si\/izredno-izobrazevanje\/nacionalne-poklicne-kvalifikacije\/","title":{"rendered":"Nacionalne poklicne kvalifikacije"},"content":{"rendered":"<div class=\"fusion-fullwidth fullwidth-box fusion-builder-row-1 nonhundred-percent-fullwidth non-hundred-percent-height-scrolling\" style=\"background-color: rgba(255,255,255,0);background-position: center center;background-repeat: no-repeat;padding-top:0px;padding-right:0px;padding-bottom:0px;padding-left:0px;margin-bottom: 0px;margin-top: 0px;border-width: 0px 0px 0px 0px;border-color:#eae9e9;border-style:solid;\" ><div class=\"fusion-builder-row fusion-row\"><div class=\"fusion-layout-column fusion_builder_column fusion-builder-column-0 fusion_builder_column_1_1 1_1 fusion-one-full fusion-column-first fusion-column-last\" style=\"margin-top:0px;margin-bottom:0px;\"><div class=\"fusion-column-wrapper fusion-flex-column-wrapper-legacy\" style=\"background-position:left top;background-repeat:no-repeat;-webkit-background-size:cover;-moz-background-size:cover;-o-background-size:cover;background-size:cover;padding: 0px 0px 0px 0px;\"><style type=\"text\/css\"><\/style><div class=\"fusion-title title fusion-title-1 fusion-sep-none fusion-title-text fusion-title-size-one\" style=\"margin-top:0px;margin-right:0px;margin-bottom:31px;margin-left:0px;\"><h1 class=\"title-heading-left\" style=\"margin:0;\"><span class=\"vsebina_naslov\">Predstavitev NPK<\/span><\/h1><\/div><div class=\"fusion-text fusion-text-1\"><table width=\"100%\">\n<tbody>\n<tr>\n<td><strong>KAJ JE NACIONALNA POKLICNA KVALIFIKACIJA (NPK)?<\/strong><\/p>\n<p>Nacionalna poklicna kvalifikacija je formalno priznana usposobljenost, ki je potrebna za opravljanje poklica, zasnovanega na nacionalnih poklicnih standardih, in pridobljena na podlagi verificiranih izobra\u017eevalnih programov ali postopkov preverjanja in potrjevanja. Postopek preverjanja in potrjevanja nacionalnih poklicnih kvalifikacij vklju\u010duje postopke, ki predhodno pridobljenemu znanju in spretnostim uradno priznajo dolo\u010deno vrednost v odnosu do dogovorjenih poklicnih standardov.<\/p>\n<p><a href=\"http:\/\/www.npk.si\/\">NPK &#8211; nacionalne poklicne kvalifikacije<\/a><\/p>\n<p><strong>PREDNOSTI NACIONALNE POKLICNE KVALIFIKACIJE:<\/strong><\/p>\n<ul>\n<li>dopolnjuje izobra\u017eevanje odraslih,<\/li>\n<li>hitrej\u0161i sistem v primerjavi s klasi\u010dnim na\u010dinom izobra\u017eevanja,<\/li>\n<li>nudi mo\u017enost prekvalifikacije ali dokvalifikacije,<\/li>\n<li>omogo\u010da pridobivanje izobrazbe po delih.<\/li>\n<\/ul>\n<p><strong>KAJ JE CERTIFIKAT?<\/strong><\/p>\n<p>Certifikat je nacionalno veljavna listina, s katero dokazujemo poklicno kvalifikacijo.<\/p>\n<p><strong>KAKO DO CERTIFIKATA NPK?<\/strong><\/p>\n<p>Kandidat za pridobitev NPK vlo\u017ei prijavo za pridobitev certifikata pri izvajalcu preverjanja. K vlogi mora predlo\u017eiti tudi listine in dokazila, ki izkazujejo kandidatova znanja in spretnosti, dolo\u010dene s katalogom standardov strokovnih znanj in spretnosti. Na podlagi dokazil se oblikuje portfolio (zbirna mapa) kandidatovih dose\u017ekov in izku\u0161enj, pridobljenih na razli\u010dne na\u010dine, ki ga pregleda in potrdi strokovna komisija, imenovana s strani Dr\u017eavnega izpitnega centra.<\/p>\n<p><strong>SVETOVANJE<\/strong><\/p>\n<p>Pri pripravi portfolia (zbirne mape) in v postopku preverjanja in potrjevanja NPK vam nudimo individualno ali skupinsko svetovanje.<\/p>\n<p><a href=\"https:\/\/www.scpet.net\/index.php?module=content&amp;page_id=520\"><strong>PRIJAVE<\/strong><\/a><\/p>\n<p><strong>\u00a0<\/strong><\/td>\n<\/tr>\n<\/tbody>\n<\/table>\n<p>Svetovalka za NPK:<\/p>\n<p><em>Karmen STELE<\/em><br \/>\nTelefon: 01 \/ 2342 466<br \/>\nE-po\u0161ta: <a href=\"mailto:karmen.stele@scpet.si\">karmen.stele@scpet.si<\/a><\/p>\n<\/div><div class=\"fusion-clearfix\"><\/div><\/div><\/div><\/div><\/div>\n","protected":false},"excerpt":{"rendered":"","protected":false},"author":5,"featured_media":0,"parent":0,"menu_order":0,"comment_status":"closed","ping_status":"closed","template":"","meta":{"_mi_skip_tracking":false,"_exactmetrics_sitenote_active":false,"_exactmetrics_sitenote_note":"","_exactmetrics_sitenote_category":0},"yoast_head":"<!-- This site is optimized with the Yoast SEO plugin v20.8 - https:\/\/yoast.com\/wordpress\/plugins\/seo\/ -->\n<title>Nacionalne poklicne kvalifikacije - IZREDNO IZOBRA\u017dEVANJE<\/title>\n<meta name=\"description\" content=\"Nacionalne poklicne kvalifikacije - Izredno izobra\u017eevanje ekonomija in telekomunikacije na \u0161olskem centru za po\u0161to, ekonimijo in telekomunikacije Ljubljana.\" \/>\n<meta name=\"robots\" content=\"index, follow, max-snippet:-1, max-image-preview:large, max-video-preview:-1\" \/>\n<link rel=\"canonical\" href=\"https:\/\/www.scpet.si\/izredno-izobrazevanje\/nacionalne-poklicne-kvalifikacije\/\" \/>\n<meta property=\"og:locale\" content=\"sl_SI\" \/>\n<meta property=\"og:type\" content=\"article\" \/>\n<meta property=\"og:title\" content=\"Nacionalne poklicne kvalifikacije - IZREDNO IZOBRA\u017dEVANJE\" \/>\n<meta property=\"og:description\" content=\"Nacionalne poklicne kvalifikacije - Izredno izobra\u017eevanje ekonomija in telekomunikacije na \u0161olskem centru za po\u0161to, ekonimijo in telekomunikacije Ljubljana.\" \/>\n<meta property=\"og:url\" content=\"https:\/\/www.scpet.si\/izredno-izobrazevanje\/nacionalne-poklicne-kvalifikacije\/\" \/>\n<meta property=\"og:site_name\" content=\"IZREDNO IZOBRA\u017dEVANJE\" \/>\n<meta property=\"article:modified_time\" content=\"2022-08-10T09:49:49+00:00\" \/>\n<meta name=\"twitter:card\" content=\"summary_large_image\" \/>\n<meta name=\"twitter:label1\" content=\"Est. reading time\" \/>\n\t<meta name=\"twitter:data1\" content=\"3 minute\" \/>\n<script type=\"application\/ld+json\" class=\"yoast-schema-graph\">{\"@context\":\"https:\/\/schema.org\",\"@graph\":[{\"@type\":\"WebPage\",\"@id\":\"https:\/\/www.scpet.si\/izredno-izobrazevanje\/nacionalne-poklicne-kvalifikacije\/\",\"url\":\"https:\/\/www.scpet.si\/izredno-izobrazevanje\/nacionalne-poklicne-kvalifikacije\/\",\"name\":\"Nacionalne poklicne kvalifikacije - IZREDNO IZOBRA\u017dEVANJE\",\"isPartOf\":{\"@id\":\"https:\/\/www.scpet.si\/izredno-izobrazevanje\/#website\"},\"datePublished\":\"2019-08-08T08:27:48+00:00\",\"dateModified\":\"2022-08-10T09:49:49+00:00\",\"description\":\"Nacionalne poklicne kvalifikacije - Izredno izobra\u017eevanje ekonomija in telekomunikacije na \u0161olskem centru za po\u0161to, ekonimijo in telekomunikacije Ljubljana.\",\"breadcrumb\":{\"@id\":\"https:\/\/www.scpet.si\/izredno-izobrazevanje\/nacionalne-poklicne-kvalifikacije\/#breadcrumb\"},\"inLanguage\":\"sl-SI\",\"potentialAction\":[{\"@type\":\"ReadAction\",\"target\":[\"https:\/\/www.scpet.si\/izredno-izobrazevanje\/nacionalne-poklicne-kvalifikacije\/\"]}]},{\"@type\":\"BreadcrumbList\",\"@id\":\"https:\/\/www.scpet.si\/izredno-izobrazevanje\/nacionalne-poklicne-kvalifikacije\/#breadcrumb\",\"itemListElement\":[{\"@type\":\"ListItem\",\"position\":1,\"name\":\"Home\",\"item\":\"https:\/\/www.scpet.si\/izredno-izobrazevanje\/\"},{\"@type\":\"ListItem\",\"position\":2,\"name\":\"Nacionalne poklicne kvalifikacije\"}]},{\"@type\":\"WebSite\",\"@id\":\"https:\/\/www.scpet.si\/izredno-izobrazevanje\/#website\",\"url\":\"https:\/\/www.scpet.si\/izredno-izobrazevanje\/\",\"name\":\"IZREDNO IZOBRA\u017dEVANJE\",\"description\":\"Just another \u0160C PET Sites site\",\"potentialAction\":[{\"@type\":\"SearchAction\",\"target\":{\"@type\":\"EntryPoint\",\"urlTemplate\":\"https:\/\/www.scpet.si\/izredno-izobrazevanje\/?s={search_term_string}\"},\"query-input\":\"required name=search_term_string\"}],\"inLanguage\":\"sl-SI\"}]}<\/script>\n<!-- \/ Yoast SEO plugin. -->","yoast_head_json":{"title":"Nacionalne poklicne kvalifikacije - IZREDNO IZOBRA\u017dEVANJE","description":"Nacionalne poklicne kvalifikacije - Izredno izobra\u017eevanje ekonomija in telekomunikacije na \u0161olskem centru za po\u0161to, ekonimijo in telekomunikacije Ljubljana.","robots":{"index":"index","follow":"follow","max-snippet":"max-snippet:-1","max-image-preview":"max-image-preview:large","max-video-preview":"max-video-preview:-1"},"canonical":"https:\/\/www.scpet.si\/izredno-izobrazevanje\/nacionalne-poklicne-kvalifikacije\/","og_locale":"sl_SI","og_type":"article","og_title":"Nacionalne poklicne kvalifikacije - IZREDNO IZOBRA\u017dEVANJE","og_description":"Nacionalne poklicne kvalifikacije - Izredno izobra\u017eevanje ekonomija in telekomunikacije na \u0161olskem centru za po\u0161to, ekonimijo in telekomunikacije Ljubljana.","og_url":"https:\/\/www.scpet.si\/izredno-izobrazevanje\/nacionalne-poklicne-kvalifikacije\/","og_site_name":"IZREDNO IZOBRA\u017dEVANJE","article_modified_time":"2022-08-10T09:49:49+00:00","twitter_card":"summary_large_image","twitter_misc":{"Est. reading time":"3 minute"},"schema":{"@context":"https:\/\/schema.org","@graph":[{"@type":"WebPage","@id":"https:\/\/www.scpet.si\/izredno-izobrazevanje\/nacionalne-poklicne-kvalifikacije\/","url":"https:\/\/www.scpet.si\/izredno-izobrazevanje\/nacionalne-poklicne-kvalifikacije\/","name":"Nacionalne poklicne kvalifikacije - IZREDNO IZOBRA\u017dEVANJE","isPartOf":{"@id":"https:\/\/www.scpet.si\/izredno-izobrazevanje\/#website"},"datePublished":"2019-08-08T08:27:48+00:00","dateModified":"2022-08-10T09:49:49+00:00","description":"Nacionalne poklicne kvalifikacije - Izredno izobra\u017eevanje ekonomija in telekomunikacije na \u0161olskem centru za po\u0161to, ekonimijo in telekomunikacije Ljubljana.","breadcrumb":{"@id":"https:\/\/www.scpet.si\/izredno-izobrazevanje\/nacionalne-poklicne-kvalifikacije\/#breadcrumb"},"inLanguage":"sl-SI","potentialAction":[{"@type":"ReadAction","target":["https:\/\/www.scpet.si\/izredno-izobrazevanje\/nacionalne-poklicne-kvalifikacije\/"]}]},{"@type":"BreadcrumbList","@id":"https:\/\/www.scpet.si\/izredno-izobrazevanje\/nacionalne-poklicne-kvalifikacije\/#breadcrumb","itemListElement":[{"@type":"ListItem","position":1,"name":"Home","item":"https:\/\/www.scpet.si\/izredno-izobrazevanje\/"},{"@type":"ListItem","position":2,"name":"Nacionalne poklicne kvalifikacije"}]},{"@type":"WebSite","@id":"https:\/\/www.scpet.si\/izredno-izobrazevanje\/#website","url":"https:\/\/www.scpet.si\/izredno-izobrazevanje\/","name":"IZREDNO IZOBRA\u017dEVANJE","description":"Just another \u0160C PET Sites site","potentialAction":[{"@type":"SearchAction","target":{"@type":"EntryPoint","urlTemplate":"https:\/\/www.scpet.si\/izredno-izobrazevanje\/?s={search_term_string}"},"query-input":"required name=search_term_string"}],"inLanguage":"sl-SI"}]}},"_links":{"self":[{"href":"https:\/\/www.scpet.si\/izredno-izobrazevanje\/wp-json\/wp\/v2\/pages\/49"}],"collection":[{"href":"https:\/\/www.scpet.si\/izredno-izobrazevanje\/wp-json\/wp\/v2\/pages"}],"about":[{"href":"https:\/\/www.scpet.si\/izredno-izobrazevanje\/wp-json\/wp\/v2\/types\/page"}],"author":[{"embeddable":true,"href":"https:\/\/www.scpet.si\/izredno-izobrazevanje\/wp-json\/wp\/v2\/users\/5"}],"replies":[{"embeddable":true,"href":"https:\/\/www.scpet.si\/izredno-izobrazevanje\/wp-json\/wp\/v2\/comments?post=49"}],"version-history":[{"count":0,"href":"https:\/\/www.scpet.si\/izredno-izobrazevanje\/wp-json\/wp\/v2\/pages\/49\/revisions"}],"wp:attachment":[{"href":"https:\/\/www.scpet.si\/izredno-izobrazevanje\/wp-json\/wp\/v2\/media?parent=49"}],"curies":[{"name":"wp","href":"https:\/\/api.w.org\/{rel}","templated":true}]}}