{"id":53,"date":"2019-08-08T13:37:56","date_gmt":"2019-08-08T11:37:56","guid":{"rendered":"http:\/\/scpet.sample.si\/izredno-izobrazevanje\/programi\/nacionalne-poklicne-kvalifikacije\/osvetljevalec-copy\/"},"modified":"2022-08-10T11:51:09","modified_gmt":"2022-08-10T09:51:09","slug":"oblikovalec-osvetljave","status":"publish","type":"page","link":"https:\/\/www.scpet.si\/izredno-izobrazevanje\/nacionalne-poklicne-kvalifikacije\/oblikovalec-osvetljave\/","title":{"rendered":"Oblikovalec osvetljave"},"content":{"rendered":"<div class=\"fusion-fullwidth fullwidth-box fusion-builder-row-1 nonhundred-percent-fullwidth non-hundred-percent-height-scrolling\" style=\"background-color: rgba(255,255,255,0);background-position: center center;background-repeat: no-repeat;padding-top:0px;padding-right:0px;padding-bottom:0px;padding-left:0px;margin-bottom: 0px;margin-top: 0px;border-width: 0px 0px 0px 0px;border-color:#eae9e9;border-style:solid;\" ><div class=\"fusion-builder-row fusion-row\"><div class=\"fusion-layout-column fusion_builder_column fusion-builder-column-0 fusion_builder_column_1_1 1_1 fusion-one-full fusion-column-first fusion-column-last\" style=\"margin-top:0px;margin-bottom:0px;\"><div class=\"fusion-column-wrapper fusion-flex-column-wrapper-legacy\" style=\"background-position:left top;background-repeat:no-repeat;-webkit-background-size:cover;-moz-background-size:cover;-o-background-size:cover;background-size:cover;padding: 0px 0px 0px 0px;\"><style type=\"text\/css\"><\/style><div class=\"fusion-title title fusion-title-1 fusion-sep-none fusion-title-text fusion-title-size-one\" style=\"margin-top:0px;margin-right:0px;margin-bottom:31px;margin-left:0px;\"><h1 class=\"title-heading-left\" style=\"margin:0;\">Oblikovalec osvetljave<\/h1><\/div><div class=\"fusion-text fusion-text-1\"><p><strong>STOPNJA ZAHTEVNOSTI:<\/strong>\u00a0VI. stopnja<\/p>\n<p><strong>NPK LAHKO PRIDOBI OSEBA:<\/strong><\/p>\n<ul>\n<li>ki je stara najmanj 18 let,<\/li>\n<li>ki ima srednjo strokovno ali splo\u0161no izobrazbo in 2 leti delovnih izku\u0161enj na podro\u010dju osvetljave ali srednjo poklicno izobrazbo in 3 leta delovnih izku\u0161enj na podro\u010dju osvetljave.<\/li>\n<\/ul>\n<p><strong>KLJU\u010cNA DELA OBLIKOVALCA\/OBLIKOVALKE OSVETLJAVE:<\/strong><\/p>\n<ul>\n<li>prou\u010di vsebino projekta osvetljave in izdela termniski plan dela,<\/li>\n<li>izdela koncept projekta osvetljave v sodelovanju z avtorsko ekipo: re\u017eiserjem, koreografom, scenografom, direktorjem fotografije idr.,<\/li>\n<li>izdela kon\u010dni na\u010drt postavitve lu\u010di,<\/li>\n<li>vodi in nadzira ekipo osvetljave.<\/li>\n<\/ul>\n<p><strong>CELOTNA VSEBINA NPK OBLIKOVALEC\/OBLIKOVALKA OSVETLJAVE<\/strong><\/p>\n<ul>\n<li>seznanjanje z dogodkom<\/li>\n<li>piprava na\u010drta osvetljave<\/li>\n<li>vodenje in nadzor projekta<\/li>\n<li>zakonodaja o varnosti in zdravju pri delu<\/li>\n<\/ul>\n<p><strong>NA\u010cIN PREVERJANJA STROKOVNIH ZNANJ IN SPRETNOSTI:<\/strong><\/p>\n<ul>\n<li>ovrednotenje portfolia (zbirne mape), ki ga kandidat pripravi skupaj s svetovalcem ali ustni zagovor, ki obsega predstavitev in obrazlo\u017eitev posredovanega izdelka osvetljave dogodka ali preverjanje z zagovorom na projektu, na katerem kandidat trenutno dela.<\/li>\n<\/ul>\n<p>Portfolio vsebuje:<\/p>\n<ul>\n<li>AV zapis dogodka v formatu DVD<\/li>\n<li>na\u010drt osvetljave v PDF-formatu<\/li>\n<li>popis uporabljene svetlobne tehnologije<\/li>\n<li>vizualizacijo tipi\u010dnih pogledov na prizori\u0161\u010du v PDF- ali JPG- formatu<\/li>\n<li>analizo termniskega in kadrovsekga plana<\/li>\n<\/ul>\n<p><strong>USPOSABLJANJE<\/strong><\/p>\n<p>Ob zadostnem \u0161tevilu prijav se lahko organizira usposabljanje. Teoreti\u010dni del poteka na \u0160olskem centru za po\u0161to, ekonomijo in telekomunikacije, Celjska ulica 16, Ljubljana, prakti\u010dni del pa v Cankarjevem domu.<\/p>\n<\/div><div class=\"fusion-clearfix\"><\/div><\/div><\/div><\/div><\/div>\n","protected":false},"excerpt":{"rendered":"","protected":false},"author":5,"featured_media":0,"parent":49,"menu_order":0,"comment_status":"closed","ping_status":"closed","template":"","meta":{"_mi_skip_tracking":false,"_exactmetrics_sitenote_active":false,"_exactmetrics_sitenote_note":"","_exactmetrics_sitenote_category":0},"yoast_head":"<!-- This site is optimized with the Yoast SEO plugin v20.8 - https:\/\/yoast.com\/wordpress\/plugins\/seo\/ -->\n<title>Oblikovalec osvetljave - IZREDNO IZOBRA\u017dEVANJE<\/title>\n<meta name=\"description\" content=\"Oblikovalec osvetljave - Izredno izobra\u017eevanje ekonomija in telekomunikacije na \u0161olskem centru za po\u0161to, ekonimijo in telekomunikacije Ljubljana.\" \/>\n<meta name=\"robots\" content=\"index, follow, max-snippet:-1, max-image-preview:large, max-video-preview:-1\" \/>\n<link rel=\"canonical\" href=\"https:\/\/www.scpet.si\/izredno-izobrazevanje\/nacionalne-poklicne-kvalifikacije\/oblikovalec-osvetljave\/\" \/>\n<meta property=\"og:locale\" content=\"sl_SI\" \/>\n<meta property=\"og:type\" content=\"article\" \/>\n<meta property=\"og:title\" content=\"Oblikovalec osvetljave - IZREDNO IZOBRA\u017dEVANJE\" \/>\n<meta property=\"og:description\" content=\"Oblikovalec osvetljave - Izredno izobra\u017eevanje ekonomija in telekomunikacije na \u0161olskem centru za po\u0161to, ekonimijo in telekomunikacije Ljubljana.\" \/>\n<meta property=\"og:url\" content=\"https:\/\/www.scpet.si\/izredno-izobrazevanje\/nacionalne-poklicne-kvalifikacije\/oblikovalec-osvetljave\/\" \/>\n<meta property=\"og:site_name\" content=\"IZREDNO IZOBRA\u017dEVANJE\" \/>\n<meta property=\"article:modified_time\" content=\"2022-08-10T09:51:09+00:00\" \/>\n<meta name=\"twitter:card\" content=\"summary_large_image\" \/>\n<meta name=\"twitter:label1\" content=\"Est. reading time\" \/>\n\t<meta name=\"twitter:data1\" content=\"3 minute\" \/>\n<script type=\"application\/ld+json\" class=\"yoast-schema-graph\">{\"@context\":\"https:\/\/schema.org\",\"@graph\":[{\"@type\":\"WebPage\",\"@id\":\"https:\/\/www.scpet.si\/izredno-izobrazevanje\/nacionalne-poklicne-kvalifikacije\/oblikovalec-osvetljave\/\",\"url\":\"https:\/\/www.scpet.si\/izredno-izobrazevanje\/nacionalne-poklicne-kvalifikacije\/oblikovalec-osvetljave\/\",\"name\":\"Oblikovalec osvetljave - IZREDNO IZOBRA\u017dEVANJE\",\"isPartOf\":{\"@id\":\"https:\/\/www.scpet.si\/izredno-izobrazevanje\/#website\"},\"datePublished\":\"2019-08-08T11:37:56+00:00\",\"dateModified\":\"2022-08-10T09:51:09+00:00\",\"description\":\"Oblikovalec osvetljave - Izredno izobra\u017eevanje ekonomija in telekomunikacije na \u0161olskem centru za po\u0161to, ekonimijo in telekomunikacije Ljubljana.\",\"breadcrumb\":{\"@id\":\"https:\/\/www.scpet.si\/izredno-izobrazevanje\/nacionalne-poklicne-kvalifikacije\/oblikovalec-osvetljave\/#breadcrumb\"},\"inLanguage\":\"sl-SI\",\"potentialAction\":[{\"@type\":\"ReadAction\",\"target\":[\"https:\/\/www.scpet.si\/izredno-izobrazevanje\/nacionalne-poklicne-kvalifikacije\/oblikovalec-osvetljave\/\"]}]},{\"@type\":\"BreadcrumbList\",\"@id\":\"https:\/\/www.scpet.si\/izredno-izobrazevanje\/nacionalne-poklicne-kvalifikacije\/oblikovalec-osvetljave\/#breadcrumb\",\"itemListElement\":[{\"@type\":\"ListItem\",\"position\":1,\"name\":\"Home\",\"item\":\"https:\/\/www.scpet.si\/izredno-izobrazevanje\/\"},{\"@type\":\"ListItem\",\"position\":2,\"name\":\"Nacionalne poklicne kvalifikacije\",\"item\":\"https:\/\/www.scpet.si\/izredno-izobrazevanje\/nacionalne-poklicne-kvalifikacije\/\"},{\"@type\":\"ListItem\",\"position\":3,\"name\":\"Oblikovalec osvetljave\"}]},{\"@type\":\"WebSite\",\"@id\":\"https:\/\/www.scpet.si\/izredno-izobrazevanje\/#website\",\"url\":\"https:\/\/www.scpet.si\/izredno-izobrazevanje\/\",\"name\":\"IZREDNO IZOBRA\u017dEVANJE\",\"description\":\"Just another \u0160C PET Sites site\",\"potentialAction\":[{\"@type\":\"SearchAction\",\"target\":{\"@type\":\"EntryPoint\",\"urlTemplate\":\"https:\/\/www.scpet.si\/izredno-izobrazevanje\/?s={search_term_string}\"},\"query-input\":\"required name=search_term_string\"}],\"inLanguage\":\"sl-SI\"}]}<\/script>\n<!-- \/ Yoast SEO plugin. -->","yoast_head_json":{"title":"Oblikovalec osvetljave - IZREDNO IZOBRA\u017dEVANJE","description":"Oblikovalec osvetljave - Izredno izobra\u017eevanje ekonomija in telekomunikacije na \u0161olskem centru za po\u0161to, ekonimijo in telekomunikacije Ljubljana.","robots":{"index":"index","follow":"follow","max-snippet":"max-snippet:-1","max-image-preview":"max-image-preview:large","max-video-preview":"max-video-preview:-1"},"canonical":"https:\/\/www.scpet.si\/izredno-izobrazevanje\/nacionalne-poklicne-kvalifikacije\/oblikovalec-osvetljave\/","og_locale":"sl_SI","og_type":"article","og_title":"Oblikovalec osvetljave - IZREDNO IZOBRA\u017dEVANJE","og_description":"Oblikovalec osvetljave - Izredno izobra\u017eevanje ekonomija in telekomunikacije na \u0161olskem centru za po\u0161to, ekonimijo in telekomunikacije Ljubljana.","og_url":"https:\/\/www.scpet.si\/izredno-izobrazevanje\/nacionalne-poklicne-kvalifikacije\/oblikovalec-osvetljave\/","og_site_name":"IZREDNO IZOBRA\u017dEVANJE","article_modified_time":"2022-08-10T09:51:09+00:00","twitter_card":"summary_large_image","twitter_misc":{"Est. reading time":"3 minute"},"schema":{"@context":"https:\/\/schema.org","@graph":[{"@type":"WebPage","@id":"https:\/\/www.scpet.si\/izredno-izobrazevanje\/nacionalne-poklicne-kvalifikacije\/oblikovalec-osvetljave\/","url":"https:\/\/www.scpet.si\/izredno-izobrazevanje\/nacionalne-poklicne-kvalifikacije\/oblikovalec-osvetljave\/","name":"Oblikovalec osvetljave - IZREDNO IZOBRA\u017dEVANJE","isPartOf":{"@id":"https:\/\/www.scpet.si\/izredno-izobrazevanje\/#website"},"datePublished":"2019-08-08T11:37:56+00:00","dateModified":"2022-08-10T09:51:09+00:00","description":"Oblikovalec osvetljave - Izredno izobra\u017eevanje ekonomija in telekomunikacije na \u0161olskem centru za po\u0161to, ekonimijo in telekomunikacije Ljubljana.","breadcrumb":{"@id":"https:\/\/www.scpet.si\/izredno-izobrazevanje\/nacionalne-poklicne-kvalifikacije\/oblikovalec-osvetljave\/#breadcrumb"},"inLanguage":"sl-SI","potentialAction":[{"@type":"ReadAction","target":["https:\/\/www.scpet.si\/izredno-izobrazevanje\/nacionalne-poklicne-kvalifikacije\/oblikovalec-osvetljave\/"]}]},{"@type":"BreadcrumbList","@id":"https:\/\/www.scpet.si\/izredno-izobrazevanje\/nacionalne-poklicne-kvalifikacije\/oblikovalec-osvetljave\/#breadcrumb","itemListElement":[{"@type":"ListItem","position":1,"name":"Home","item":"https:\/\/www.scpet.si\/izredno-izobrazevanje\/"},{"@type":"ListItem","position":2,"name":"Nacionalne poklicne kvalifikacije","item":"https:\/\/www.scpet.si\/izredno-izobrazevanje\/nacionalne-poklicne-kvalifikacije\/"},{"@type":"ListItem","position":3,"name":"Oblikovalec osvetljave"}]},{"@type":"WebSite","@id":"https:\/\/www.scpet.si\/izredno-izobrazevanje\/#website","url":"https:\/\/www.scpet.si\/izredno-izobrazevanje\/","name":"IZREDNO IZOBRA\u017dEVANJE","description":"Just another \u0160C PET Sites site","potentialAction":[{"@type":"SearchAction","target":{"@type":"EntryPoint","urlTemplate":"https:\/\/www.scpet.si\/izredno-izobrazevanje\/?s={search_term_string}"},"query-input":"required name=search_term_string"}],"inLanguage":"sl-SI"}]}},"_links":{"self":[{"href":"https:\/\/www.scpet.si\/izredno-izobrazevanje\/wp-json\/wp\/v2\/pages\/53"}],"collection":[{"href":"https:\/\/www.scpet.si\/izredno-izobrazevanje\/wp-json\/wp\/v2\/pages"}],"about":[{"href":"https:\/\/www.scpet.si\/izredno-izobrazevanje\/wp-json\/wp\/v2\/types\/page"}],"author":[{"embeddable":true,"href":"https:\/\/www.scpet.si\/izredno-izobrazevanje\/wp-json\/wp\/v2\/users\/5"}],"replies":[{"embeddable":true,"href":"https:\/\/www.scpet.si\/izredno-izobrazevanje\/wp-json\/wp\/v2\/comments?post=53"}],"version-history":[{"count":0,"href":"https:\/\/www.scpet.si\/izredno-izobrazevanje\/wp-json\/wp\/v2\/pages\/53\/revisions"}],"up":[{"embeddable":true,"href":"https:\/\/www.scpet.si\/izredno-izobrazevanje\/wp-json\/wp\/v2\/pages\/49"}],"wp:attachment":[{"href":"https:\/\/www.scpet.si\/izredno-izobrazevanje\/wp-json\/wp\/v2\/media?parent=53"}],"curies":[{"name":"wp","href":"https:\/\/api.w.org\/{rel}","templated":true}]}}