{"id":54,"date":"2019-08-08T13:40:13","date_gmt":"2019-08-08T11:40:13","guid":{"rendered":"http:\/\/scpet.sample.si\/izredno-izobrazevanje\/programi\/nacionalne-poklicne-kvalifikacije\/oblikovalec-osvetljave-copy\/"},"modified":"2022-08-10T11:43:07","modified_gmt":"2022-08-10T09:43:07","slug":"delovni-instruktor","status":"publish","type":"page","link":"https:\/\/www.scpet.si\/izredno-izobrazevanje\/delovni-instruktor\/","title":{"rendered":"Delovni in\u0161truktor"},"content":{"rendered":"<div class=\"fusion-fullwidth fullwidth-box fusion-builder-row-1 nonhundred-percent-fullwidth non-hundred-percent-height-scrolling\" style=\"background-color: rgba(255,255,255,0);background-position: center center;background-repeat: no-repeat;padding-top:0px;padding-right:0px;padding-bottom:0px;padding-left:0px;margin-bottom: 0px;margin-top: 0px;border-width: 0px 0px 0px 0px;border-color:#eae9e9;border-style:solid;\" ><div class=\"fusion-builder-row fusion-row\"><div class=\"fusion-layout-column fusion_builder_column fusion-builder-column-0 fusion_builder_column_1_1 1_1 fusion-one-full fusion-column-first fusion-column-last\" style=\"margin-top:0px;margin-bottom:0px;\"><div class=\"fusion-column-wrapper fusion-flex-column-wrapper-legacy\" style=\"background-position:left top;background-repeat:no-repeat;-webkit-background-size:cover;-moz-background-size:cover;-o-background-size:cover;background-size:cover;padding: 0px 0px 0px 0px;\"><style type=\"text\/css\"><\/style><div class=\"fusion-title title fusion-title-1 fusion-sep-none fusion-title-text fusion-title-size-one\" style=\"margin-top:0px;margin-right:0px;margin-bottom:31px;margin-left:0px;\"><h1 class=\"title-heading-left\" style=\"margin:0;\">Delovni in\u0161truktor<\/h1><\/div><div class=\"fusion-text fusion-text-1\"><p align=\"justify\"><u><strong>Program usposabljanja za delovne in\u0161truktorje<br \/>\n<\/strong><\/u><em><u><br \/>\n<strong>Za\u010detek usposabljanja &#8211;\u00a0<\/strong>pokli\u010dite 01 2342 466 ali pi\u0161ite na\u00a0<a href=\"mailto:karmen.stele@scpet.si\">karmen.stele@scpet.si<\/a>, kjer vam bomo posredovali predviden za\u010detek naslednjega usposabljanja.<\/u><\/em><\/p>\n<p align=\"justify\"><a title=\"prijavnica na usposabljanje_DI_1\" href=\"https:\/\/www.scpet.net\/xinha\/plugins\/ExtendedFileManager\/demo_images\/IO\/NPK\/DI\/prijavnica%20na%20usposabljanje_DI_1.docx\"><strong>Obrazec za prijavo<\/strong>\u00a0<\/a><span style=\"font-family: Arial, Verdana, Tahoma;\">na usposabljanje po\u0161ljite po e-po\u0161ti ali navadni po\u0161ti.<\/span><\/p>\n<p><span style=\"font-family: Arial, Verdana, Tahoma;\">Program je namenjen razvoju kompetenc delovnih in\u0161truktorjev za kakovostno in samostojno delo, njegov klju\u010dni cilj pa je priprava bodo\u010dih delovnih in\u0161truktorjev za pridobitev certifikata nacionalne poklicne kvalifikacije delovni in\u0161truktor.<\/span><\/p>\n<p><span style=\"font-family: Arial, Verdana, Tahoma;\">Program obsega 168 \u0161olskih ur. Oblikovali smo ga ob sodelovanju z delovnimi in\u0161truktorji in drugimi strokovnjaki s podro\u010dja podpore osebam z motnjo v du\u0161evnem razvoju, na osnovi potreb delovnih in\u0161truktorjev v praksi.<\/span><\/p>\n<p>Zainteresirani kandidati morajo dokazati poznavanje znanj, navedenih v<br \/>\n<a href=\"http:\/\/www.npk.si\/katalog.php?katalogid=%2Fkatalog.aspx%2F44788331\">Katalogu standardov strokovnih znanj in spretnosti za delovnega in\u0161truktorja\/delovno in\u0161truktorico<\/a>.<\/p>\n<p><strong>Pogoji za vstop v postopek za pridobitev certifikata<\/strong><\/p>\n<ul>\n<li>starost najmanj 18 let<\/li>\n<li>vsaj srednja poklicna \u00a0izobrazba <span style=\"font-family: Arial, sans-serif;\">(zaklju\u010dena najmanj triletna srednja poklicna \u0161ola)<\/span><\/li>\n<li>3 leta delovnih izku\u0161enj, od tega vsaj 1 leto neposrednega dela z uporabniki socialno varstvenih storitev<\/li>\n<\/ul>\n<p><strong>Kako poteka usposabljanje<\/strong><\/p>\n<p align=\"justify\">Usposabljanje v trajanju 168 ur je razdeljeno v 7 vsebinskih modulov:<\/p>\n<p align=\"left\">\u2022 delovni in\u0161truktor<br \/>\n\u2022 vloga institucije in inkluzija<br \/>\n\u2022 uporabniki<br \/>\n\u2022 ustvarjalnost<br \/>\n\u2022 delo s skupino<br \/>\n\u2022 podjetnost in izdelki<br \/>\n\u2022 rokovanje z uporabniki<\/p>\n<p align=\"justify\">Program je zastavljen kot kombinacija predavanj, pogovorov s praktiki, prakti\u010dnih izku\u0161enj ter samostojnega dela doma.<\/p>\n<p align=\"justify\"><strong>Kdo so izvajalci programa?<\/strong><br \/>\nIzvajalci programa so strokovnjaki z razli\u010dnih podro\u010dij, povezanih z delom delovnega in\u0161truktorja.<\/p>\n<p align=\"justify\"><strong>Kje in kdaj bo usposabljanje potekalo?<br \/>\n<\/strong>Usposabljanje bo potekalo v prostorih \u0160olskega centra za po\u0161to, ekonomijo in telekomunikacije, Celjska ulica 16, Ljubljana.<\/p>\n<p align=\"justify\"><strong>URNIK<\/strong><br \/>\nIzobra\u017eevalni sklopi bodo potekali trikrat tedensko med 16:00 in 20:00 po 5 pedago\u0161kih ur.<\/p>\n<p><strong>Cena usposabljanja<\/strong> je 1.100,00 \u20ac + DDV. Za fizi\u010dne osebe je mo\u017eno pla\u010dilo na obroke ali ob enkratnem pla\u010dilu 10 % popusta.<\/p>\n<p><strong>Certificiranje<\/strong><\/p>\n<p>Po kon\u010danem usposabljanju skupaj s svetovalcem pripravite zbirno mapo oz. portfolijo. Znesek certificiranja na podlagi zbirne mape je 180 \u20ac.<\/p>\n<\/div><div class=\"fusion-clearfix\"><\/div><\/div><\/div><\/div><\/div>\n","protected":false},"excerpt":{"rendered":"","protected":false},"author":5,"featured_media":0,"parent":0,"menu_order":0,"comment_status":"closed","ping_status":"closed","template":"","meta":{"_mi_skip_tracking":false,"_exactmetrics_sitenote_active":false,"_exactmetrics_sitenote_note":"","_exactmetrics_sitenote_category":0},"yoast_head":"<!-- This site is optimized with the Yoast SEO plugin v20.8 - https:\/\/yoast.com\/wordpress\/plugins\/seo\/ -->\n<title>Delovni in\u0161truktor - IZREDNO IZOBRA\u017dEVANJE<\/title>\n<meta name=\"description\" content=\"Delovni in\u0161truktor - Izredno izobra\u017eevanje ekonomija in telekomunikacije na \u0161olskem centru za po\u0161to, ekonimijo in telekomunikacije Ljubljana.\" \/>\n<meta name=\"robots\" content=\"index, follow, max-snippet:-1, max-image-preview:large, max-video-preview:-1\" \/>\n<link rel=\"canonical\" href=\"https:\/\/www.scpet.si\/izredno-izobrazevanje\/delovni-instruktor\/\" \/>\n<meta property=\"og:locale\" content=\"sl_SI\" \/>\n<meta property=\"og:type\" content=\"article\" \/>\n<meta property=\"og:title\" content=\"Delovni in\u0161truktor - IZREDNO IZOBRA\u017dEVANJE\" \/>\n<meta property=\"og:description\" content=\"Delovni in\u0161truktor - Izredno izobra\u017eevanje ekonomija in telekomunikacije na \u0161olskem centru za po\u0161to, ekonimijo in telekomunikacije Ljubljana.\" \/>\n<meta property=\"og:url\" content=\"https:\/\/www.scpet.si\/izredno-izobrazevanje\/delovni-instruktor\/\" \/>\n<meta property=\"og:site_name\" content=\"IZREDNO IZOBRA\u017dEVANJE\" \/>\n<meta property=\"article:modified_time\" content=\"2022-08-10T09:43:07+00:00\" \/>\n<meta name=\"twitter:card\" content=\"summary_large_image\" \/>\n<meta name=\"twitter:label1\" content=\"Est. reading time\" \/>\n\t<meta name=\"twitter:data1\" content=\"3 minute\" \/>\n<script type=\"application\/ld+json\" class=\"yoast-schema-graph\">{\"@context\":\"https:\/\/schema.org\",\"@graph\":[{\"@type\":\"WebPage\",\"@id\":\"https:\/\/www.scpet.si\/izredno-izobrazevanje\/delovni-instruktor\/\",\"url\":\"https:\/\/www.scpet.si\/izredno-izobrazevanje\/delovni-instruktor\/\",\"name\":\"Delovni in\u0161truktor - IZREDNO IZOBRA\u017dEVANJE\",\"isPartOf\":{\"@id\":\"https:\/\/www.scpet.si\/izredno-izobrazevanje\/#website\"},\"datePublished\":\"2019-08-08T11:40:13+00:00\",\"dateModified\":\"2022-08-10T09:43:07+00:00\",\"description\":\"Delovni in\u0161truktor - Izredno izobra\u017eevanje ekonomija in telekomunikacije na \u0161olskem centru za po\u0161to, ekonimijo in telekomunikacije Ljubljana.\",\"breadcrumb\":{\"@id\":\"https:\/\/www.scpet.si\/izredno-izobrazevanje\/delovni-instruktor\/#breadcrumb\"},\"inLanguage\":\"sl-SI\",\"potentialAction\":[{\"@type\":\"ReadAction\",\"target\":[\"https:\/\/www.scpet.si\/izredno-izobrazevanje\/delovni-instruktor\/\"]}]},{\"@type\":\"BreadcrumbList\",\"@id\":\"https:\/\/www.scpet.si\/izredno-izobrazevanje\/delovni-instruktor\/#breadcrumb\",\"itemListElement\":[{\"@type\":\"ListItem\",\"position\":1,\"name\":\"Home\",\"item\":\"https:\/\/www.scpet.si\/izredno-izobrazevanje\/\"},{\"@type\":\"ListItem\",\"position\":2,\"name\":\"Delovni in\u0161truktor\"}]},{\"@type\":\"WebSite\",\"@id\":\"https:\/\/www.scpet.si\/izredno-izobrazevanje\/#website\",\"url\":\"https:\/\/www.scpet.si\/izredno-izobrazevanje\/\",\"name\":\"IZREDNO IZOBRA\u017dEVANJE\",\"description\":\"Just another \u0160C PET Sites site\",\"potentialAction\":[{\"@type\":\"SearchAction\",\"target\":{\"@type\":\"EntryPoint\",\"urlTemplate\":\"https:\/\/www.scpet.si\/izredno-izobrazevanje\/?s={search_term_string}\"},\"query-input\":\"required name=search_term_string\"}],\"inLanguage\":\"sl-SI\"}]}<\/script>\n<!-- \/ Yoast SEO plugin. -->","yoast_head_json":{"title":"Delovni in\u0161truktor - IZREDNO IZOBRA\u017dEVANJE","description":"Delovni in\u0161truktor - Izredno izobra\u017eevanje ekonomija in telekomunikacije na \u0161olskem centru za po\u0161to, ekonimijo in telekomunikacije Ljubljana.","robots":{"index":"index","follow":"follow","max-snippet":"max-snippet:-1","max-image-preview":"max-image-preview:large","max-video-preview":"max-video-preview:-1"},"canonical":"https:\/\/www.scpet.si\/izredno-izobrazevanje\/delovni-instruktor\/","og_locale":"sl_SI","og_type":"article","og_title":"Delovni in\u0161truktor - IZREDNO IZOBRA\u017dEVANJE","og_description":"Delovni in\u0161truktor - Izredno izobra\u017eevanje ekonomija in telekomunikacije na \u0161olskem centru za po\u0161to, ekonimijo in telekomunikacije Ljubljana.","og_url":"https:\/\/www.scpet.si\/izredno-izobrazevanje\/delovni-instruktor\/","og_site_name":"IZREDNO IZOBRA\u017dEVANJE","article_modified_time":"2022-08-10T09:43:07+00:00","twitter_card":"summary_large_image","twitter_misc":{"Est. reading time":"3 minute"},"schema":{"@context":"https:\/\/schema.org","@graph":[{"@type":"WebPage","@id":"https:\/\/www.scpet.si\/izredno-izobrazevanje\/delovni-instruktor\/","url":"https:\/\/www.scpet.si\/izredno-izobrazevanje\/delovni-instruktor\/","name":"Delovni in\u0161truktor - IZREDNO IZOBRA\u017dEVANJE","isPartOf":{"@id":"https:\/\/www.scpet.si\/izredno-izobrazevanje\/#website"},"datePublished":"2019-08-08T11:40:13+00:00","dateModified":"2022-08-10T09:43:07+00:00","description":"Delovni in\u0161truktor - Izredno izobra\u017eevanje ekonomija in telekomunikacije na \u0161olskem centru za po\u0161to, ekonimijo in telekomunikacije Ljubljana.","breadcrumb":{"@id":"https:\/\/www.scpet.si\/izredno-izobrazevanje\/delovni-instruktor\/#breadcrumb"},"inLanguage":"sl-SI","potentialAction":[{"@type":"ReadAction","target":["https:\/\/www.scpet.si\/izredno-izobrazevanje\/delovni-instruktor\/"]}]},{"@type":"BreadcrumbList","@id":"https:\/\/www.scpet.si\/izredno-izobrazevanje\/delovni-instruktor\/#breadcrumb","itemListElement":[{"@type":"ListItem","position":1,"name":"Home","item":"https:\/\/www.scpet.si\/izredno-izobrazevanje\/"},{"@type":"ListItem","position":2,"name":"Delovni in\u0161truktor"}]},{"@type":"WebSite","@id":"https:\/\/www.scpet.si\/izredno-izobrazevanje\/#website","url":"https:\/\/www.scpet.si\/izredno-izobrazevanje\/","name":"IZREDNO IZOBRA\u017dEVANJE","description":"Just another \u0160C PET Sites site","potentialAction":[{"@type":"SearchAction","target":{"@type":"EntryPoint","urlTemplate":"https:\/\/www.scpet.si\/izredno-izobrazevanje\/?s={search_term_string}"},"query-input":"required name=search_term_string"}],"inLanguage":"sl-SI"}]}},"_links":{"self":[{"href":"https:\/\/www.scpet.si\/izredno-izobrazevanje\/wp-json\/wp\/v2\/pages\/54"}],"collection":[{"href":"https:\/\/www.scpet.si\/izredno-izobrazevanje\/wp-json\/wp\/v2\/pages"}],"about":[{"href":"https:\/\/www.scpet.si\/izredno-izobrazevanje\/wp-json\/wp\/v2\/types\/page"}],"author":[{"embeddable":true,"href":"https:\/\/www.scpet.si\/izredno-izobrazevanje\/wp-json\/wp\/v2\/users\/5"}],"replies":[{"embeddable":true,"href":"https:\/\/www.scpet.si\/izredno-izobrazevanje\/wp-json\/wp\/v2\/comments?post=54"}],"version-history":[{"count":0,"href":"https:\/\/www.scpet.si\/izredno-izobrazevanje\/wp-json\/wp\/v2\/pages\/54\/revisions"}],"wp:attachment":[{"href":"https:\/\/www.scpet.si\/izredno-izobrazevanje\/wp-json\/wp\/v2\/media?parent=54"}],"curies":[{"name":"wp","href":"https:\/\/api.w.org\/{rel}","templated":true}]}}