{"id":64,"date":"2019-08-08T13:50:59","date_gmt":"2019-08-08T11:50:59","guid":{"rendered":"http:\/\/scpet.sample.si\/izredno-izobrazevanje\/programi\/nacionalne-poklicne-kvalifikacije-copy\/"},"modified":"2022-08-10T12:02:16","modified_gmt":"2022-08-10T10:02:16","slug":"uzu","status":"publish","type":"page","link":"https:\/\/www.scpet.si\/izredno-izobrazevanje\/uzu\/","title":{"rendered":"U\u017dU"},"content":{"rendered":"<div class=\"fusion-fullwidth fullwidth-box fusion-builder-row-1 nonhundred-percent-fullwidth non-hundred-percent-height-scrolling\" style=\"background-color: rgba(255,255,255,0);background-position: center center;background-repeat: no-repeat;padding-top:0px;padding-right:0px;padding-bottom:0px;padding-left:0px;margin-bottom: 0px;margin-top: 0px;border-width: 0px 0px 0px 0px;border-color:#eae9e9;border-style:solid;\" ><div class=\"fusion-builder-row fusion-row\"><div class=\"fusion-layout-column fusion_builder_column fusion-builder-column-0 fusion_builder_column_1_1 1_1 fusion-one-full fusion-column-first fusion-column-last\" style=\"margin-top:0px;margin-bottom:0px;\"><div class=\"fusion-column-wrapper fusion-flex-column-wrapper-legacy\" style=\"background-position:left top;background-repeat:no-repeat;-webkit-background-size:cover;-moz-background-size:cover;-o-background-size:cover;background-size:cover;padding: 0px 0px 0px 0px;\"><style type=\"text\/css\"><\/style><div class=\"fusion-title title fusion-title-1 fusion-sep-none fusion-title-text fusion-title-size-one\" style=\"margin-top:0px;margin-right:0px;margin-bottom:31px;margin-left:0px;\"><h1 class=\"title-heading-left\" style=\"margin:0;\">U\u017dU \u2013 usposabljanje za \u017eivljenjsko uspe\u0161nost<\/h1><\/div><div class=\"fusion-text fusion-text-1\"><p>Izobra\u017eevalni programi U\u017dU (usposabljanje za \u017eivljenjsko uspe\u0161nost) so javno veljavni programi, <strong>namenjeni zvi\u0161evanju ravni pismenosti odraslih.<\/strong> V programe se vklju\u010dujejo manj izobra\u017eeni odrasli, za katere je nacionalna raziskava pismenosti pokazala, da so z vidika pismenosti najbolj ranljivi.<\/p>\n<p>Skupno jedro programov se nana\u0161a na <strong>pridobivanje temeljnih spretnosti,<\/strong> povezanih s\u00a0 pismenostjo (branje, pisanje, ra\u010dunanje), socialnih spretnosti, na\u010del vse\u017eivljenjskega u\u010denja in aktivnega dr\u017eavljanstva ter u\u010denja ra\u010dunalni\u0161tva. <strong>Specifi\u010dne vsebine programov <\/strong>izhajajo iz izobra\u017eevalnih potreb in interesov\u00a0posamezne ciljne skupine.<\/p>\n<table class=\"table-1\">\n<tbody>\n<tr>\n<td>1.<\/td>\n<td>U\u017dU &#8211; Moj korak<\/td>\n<td>Glavni namen programa je obnavljanje in pridobivanje temeljnega znanja in spretnosti, kar udele\u017eencem omogo\u010da la\u017eje obvladovanje situacij v vsakdanjem \u017eivljenju, ve\u010djo samostojnost in odgovornost, vklju\u010devanje v razli\u010dne dru\u017ebene dejavnosti ter dvig samozavesti in\u00a0posledi\u010dno\u00a0kakovosti \u017eivljenja.<\/p>\n<p><strong>Program Usposabljanje za \u017eivljenjsko uspe\u0161nost \u2013 Moj korak je namenjen odraslim s posebnimi potrebami. <\/strong><\/p>\n<p><strong>Teme:<\/strong> socialne ve\u0161\u010dine, osnove ra\u010dunalni\u0161tva (Word, internet, elektronska po\u0161ta), spoznavanje ve\u0161\u010din komunikacije, osnove fotografiranja, slikanje, skrb za svoje zdravje, dru\u017eabne igre, obisk knji\u017enice in \u0161e marsikaj zanimivega.<\/td>\n<\/tr>\n<tr>\n<td>2.<\/td>\n<td>U\u017dU &#8211; Most do izobrazbe<\/td>\n<td>Glavni namen programa je, da udele\u017eenci pridobijo u\u010dne navade, tehnike in spretnosti, ki jim bodo olaj\u0161ale ponovni vstop v izobra\u017eevanje, hkrati pa osve\u017eujejo tudi znanje, ki jim pomaga pri re\u0161evanju vsakodnevnih problemov. Program je namenjen odraslim, ki si \u017eelijo pridobiti dodatna uporabna znanja ter se v bodo\u010de vklju\u010diti v srednjo ali poklicno \u0161olo.<\/p>\n<p><strong>Teme programa:<\/strong> osnove ra\u010dunalni\u0161tva in tujega jezika, komunikacija,\u00a0 metode u\u010dinkovitega u\u010denja, aktivno dr\u017eavljanstvo, urejanje financ, aran\u017eiranje, zdrav na\u010din \u017eivljenja in \u0161e veliko zanimivega glede na \u017eelje in interese udele\u017eencev programa.<\/td>\n<\/tr>\n<tr>\n<td>3.<\/td>\n<td>U\u017dU &#8211; Jaz in moje delovno mesto<\/td>\n<td>Program je namenjen <strong>zaposlenim z ni\u017ejo stopnjo izobrazbe<\/strong>, in sicer na delovnih mestih, ki se ukinjajo zaradi spremembe tehnologije in prenosa proizvodnje na obmo\u010dja s cenej\u0161o delovno silo, in tistim zaposlenim, ki \u017eelijo pridobiti osnovno\u0161olsko ali poklicno izobrazbo.<\/p>\n<p>Pri zaposlenih \u017eelimo spodbuditi razvoj in izpopolnjevanje temeljnih zmo\u017enosti za kakovostno opravljanje dela in nalog na delovnih mestih, ki jih zasedajo, in za samostojno opravljanje delovnih nalog in zahtev, ki jih prina\u0161a razvoj dela (razvoj tehnologije, organizacijske spremembe, poslovne spremembe). Program spodbuja k ustvarjalnemu opravljanju dela, k nadaljnjemu poklicnemu in osebnostnemu razvoju ter k zvi\u0161evanju izobrazbene ravni.<\/td>\n<\/tr>\n<tr>\n<td>4.<\/td>\n<td>U\u017dU &#8211; Izzivi pode\u017eelja<\/td>\n<td>Pode\u017eelje je vir \u0161tevilnih mo\u017enosti, ki predstavljajo izziv in prilo\u017enost za njegovo prebivalstvo. Ljudje v\u010dasih te\u017eko prepoznajo prednosti, ki jih ponuja njihovo okolje. Program Izzivi pode\u017eelja je namenjen vsem, ki si \u017eelijo izbolj\u0161ati svoj socialni polo\u017eaj in osve\u017eiti znanje, ki jim bo pomagalo pri re\u0161evanju problemov.<\/p>\n<p>\u010ce \u017eivite na pode\u017eelju in \u017eelite izkoristiti prilo\u017enosti svojega okolja (izobra\u017eevanje, usposabljanje, dopolnilno delo, samozaposlitev), je ta program za vas. Delo poteka v obliki projektnega u\u010denja v skupini do 16 udele\u017eencev.<\/td>\n<\/tr>\n<tr>\n<td>5.<\/td>\n<td>U\u017dU &#8211; Beremo in pi\u0161emo skupaj<\/td>\n<td>Program je namenjen star\u0161em, ki imajo otroke v prvi triadi osnovne \u0161ole. Temeljni namen programa je pomagati star\u0161em, da dobijo koristna znanja o tem, kako pomagati svojim otrokom pri u\u010denju, pisanju doma\u010dih nalog, motiviranju itd. Delo poteka v obliki projektnega u\u010denja v skupini od 6 do 8 star\u0161ev, ki program obiskujejo skupaj s svojimi otroki.<\/td>\n<\/tr>\n<\/tbody>\n<\/table>\n<\/div><div class=\"fusion-clearfix\"><\/div><\/div><\/div><\/div><\/div>\n","protected":false},"excerpt":{"rendered":"","protected":false},"author":5,"featured_media":0,"parent":0,"menu_order":0,"comment_status":"closed","ping_status":"closed","template":"","meta":{"_mi_skip_tracking":false,"_exactmetrics_sitenote_active":false,"_exactmetrics_sitenote_note":"","_exactmetrics_sitenote_category":0},"yoast_head":"<!-- This site is optimized with the Yoast SEO plugin v20.8 - https:\/\/yoast.com\/wordpress\/plugins\/seo\/ -->\n<title>U\u017dU - IZREDNO IZOBRA\u017dEVANJE<\/title>\n<meta name=\"description\" content=\"U\u017dU - Izredno izobra\u017eevanje ekonomija in telekomunikacije na \u0161olskem centru za po\u0161to, ekonimijo in telekomunikacije Ljubljana.\" \/>\n<meta name=\"robots\" content=\"index, follow, max-snippet:-1, max-image-preview:large, max-video-preview:-1\" \/>\n<link rel=\"canonical\" href=\"https:\/\/www.scpet.si\/izredno-izobrazevanje\/uzu\/\" \/>\n<meta property=\"og:locale\" content=\"sl_SI\" \/>\n<meta property=\"og:type\" content=\"article\" \/>\n<meta property=\"og:title\" content=\"U\u017dU - IZREDNO IZOBRA\u017dEVANJE\" \/>\n<meta property=\"og:description\" content=\"U\u017dU - Izredno izobra\u017eevanje ekonomija in telekomunikacije na \u0161olskem centru za po\u0161to, ekonimijo in telekomunikacije Ljubljana.\" \/>\n<meta property=\"og:url\" content=\"https:\/\/www.scpet.si\/izredno-izobrazevanje\/uzu\/\" \/>\n<meta property=\"og:site_name\" content=\"IZREDNO IZOBRA\u017dEVANJE\" \/>\n<meta property=\"article:modified_time\" content=\"2022-08-10T10:02:16+00:00\" \/>\n<meta name=\"twitter:card\" content=\"summary_large_image\" \/>\n<meta name=\"twitter:label1\" content=\"Est. reading time\" \/>\n\t<meta name=\"twitter:data1\" content=\"4 minute\" \/>\n<script type=\"application\/ld+json\" class=\"yoast-schema-graph\">{\"@context\":\"https:\/\/schema.org\",\"@graph\":[{\"@type\":\"WebPage\",\"@id\":\"https:\/\/www.scpet.si\/izredno-izobrazevanje\/uzu\/\",\"url\":\"https:\/\/www.scpet.si\/izredno-izobrazevanje\/uzu\/\",\"name\":\"U\u017dU - IZREDNO IZOBRA\u017dEVANJE\",\"isPartOf\":{\"@id\":\"https:\/\/www.scpet.si\/izredno-izobrazevanje\/#website\"},\"datePublished\":\"2019-08-08T11:50:59+00:00\",\"dateModified\":\"2022-08-10T10:02:16+00:00\",\"description\":\"U\u017dU - Izredno izobra\u017eevanje ekonomija in telekomunikacije na \u0161olskem centru za po\u0161to, ekonimijo in telekomunikacije Ljubljana.\",\"breadcrumb\":{\"@id\":\"https:\/\/www.scpet.si\/izredno-izobrazevanje\/uzu\/#breadcrumb\"},\"inLanguage\":\"sl-SI\",\"potentialAction\":[{\"@type\":\"ReadAction\",\"target\":[\"https:\/\/www.scpet.si\/izredno-izobrazevanje\/uzu\/\"]}]},{\"@type\":\"BreadcrumbList\",\"@id\":\"https:\/\/www.scpet.si\/izredno-izobrazevanje\/uzu\/#breadcrumb\",\"itemListElement\":[{\"@type\":\"ListItem\",\"position\":1,\"name\":\"Home\",\"item\":\"https:\/\/www.scpet.si\/izredno-izobrazevanje\/\"},{\"@type\":\"ListItem\",\"position\":2,\"name\":\"U\u017dU\"}]},{\"@type\":\"WebSite\",\"@id\":\"https:\/\/www.scpet.si\/izredno-izobrazevanje\/#website\",\"url\":\"https:\/\/www.scpet.si\/izredno-izobrazevanje\/\",\"name\":\"IZREDNO IZOBRA\u017dEVANJE\",\"description\":\"Just another \u0160C PET Sites site\",\"potentialAction\":[{\"@type\":\"SearchAction\",\"target\":{\"@type\":\"EntryPoint\",\"urlTemplate\":\"https:\/\/www.scpet.si\/izredno-izobrazevanje\/?s={search_term_string}\"},\"query-input\":\"required name=search_term_string\"}],\"inLanguage\":\"sl-SI\"}]}<\/script>\n<!-- \/ Yoast SEO plugin. -->","yoast_head_json":{"title":"U\u017dU - IZREDNO IZOBRA\u017dEVANJE","description":"U\u017dU - Izredno izobra\u017eevanje ekonomija in telekomunikacije na \u0161olskem centru za po\u0161to, ekonimijo in telekomunikacije Ljubljana.","robots":{"index":"index","follow":"follow","max-snippet":"max-snippet:-1","max-image-preview":"max-image-preview:large","max-video-preview":"max-video-preview:-1"},"canonical":"https:\/\/www.scpet.si\/izredno-izobrazevanje\/uzu\/","og_locale":"sl_SI","og_type":"article","og_title":"U\u017dU - IZREDNO IZOBRA\u017dEVANJE","og_description":"U\u017dU - Izredno izobra\u017eevanje ekonomija in telekomunikacije na \u0161olskem centru za po\u0161to, ekonimijo in telekomunikacije Ljubljana.","og_url":"https:\/\/www.scpet.si\/izredno-izobrazevanje\/uzu\/","og_site_name":"IZREDNO IZOBRA\u017dEVANJE","article_modified_time":"2022-08-10T10:02:16+00:00","twitter_card":"summary_large_image","twitter_misc":{"Est. reading time":"4 minute"},"schema":{"@context":"https:\/\/schema.org","@graph":[{"@type":"WebPage","@id":"https:\/\/www.scpet.si\/izredno-izobrazevanje\/uzu\/","url":"https:\/\/www.scpet.si\/izredno-izobrazevanje\/uzu\/","name":"U\u017dU - IZREDNO IZOBRA\u017dEVANJE","isPartOf":{"@id":"https:\/\/www.scpet.si\/izredno-izobrazevanje\/#website"},"datePublished":"2019-08-08T11:50:59+00:00","dateModified":"2022-08-10T10:02:16+00:00","description":"U\u017dU - Izredno izobra\u017eevanje ekonomija in telekomunikacije na \u0161olskem centru za po\u0161to, ekonimijo in telekomunikacije Ljubljana.","breadcrumb":{"@id":"https:\/\/www.scpet.si\/izredno-izobrazevanje\/uzu\/#breadcrumb"},"inLanguage":"sl-SI","potentialAction":[{"@type":"ReadAction","target":["https:\/\/www.scpet.si\/izredno-izobrazevanje\/uzu\/"]}]},{"@type":"BreadcrumbList","@id":"https:\/\/www.scpet.si\/izredno-izobrazevanje\/uzu\/#breadcrumb","itemListElement":[{"@type":"ListItem","position":1,"name":"Home","item":"https:\/\/www.scpet.si\/izredno-izobrazevanje\/"},{"@type":"ListItem","position":2,"name":"U\u017dU"}]},{"@type":"WebSite","@id":"https:\/\/www.scpet.si\/izredno-izobrazevanje\/#website","url":"https:\/\/www.scpet.si\/izredno-izobrazevanje\/","name":"IZREDNO IZOBRA\u017dEVANJE","description":"Just another \u0160C PET Sites site","potentialAction":[{"@type":"SearchAction","target":{"@type":"EntryPoint","urlTemplate":"https:\/\/www.scpet.si\/izredno-izobrazevanje\/?s={search_term_string}"},"query-input":"required name=search_term_string"}],"inLanguage":"sl-SI"}]}},"_links":{"self":[{"href":"https:\/\/www.scpet.si\/izredno-izobrazevanje\/wp-json\/wp\/v2\/pages\/64"}],"collection":[{"href":"https:\/\/www.scpet.si\/izredno-izobrazevanje\/wp-json\/wp\/v2\/pages"}],"about":[{"href":"https:\/\/www.scpet.si\/izredno-izobrazevanje\/wp-json\/wp\/v2\/types\/page"}],"author":[{"embeddable":true,"href":"https:\/\/www.scpet.si\/izredno-izobrazevanje\/wp-json\/wp\/v2\/users\/5"}],"replies":[{"embeddable":true,"href":"https:\/\/www.scpet.si\/izredno-izobrazevanje\/wp-json\/wp\/v2\/comments?post=64"}],"version-history":[{"count":0,"href":"https:\/\/www.scpet.si\/izredno-izobrazevanje\/wp-json\/wp\/v2\/pages\/64\/revisions"}],"wp:attachment":[{"href":"https:\/\/www.scpet.si\/izredno-izobrazevanje\/wp-json\/wp\/v2\/media?parent=64"}],"curies":[{"name":"wp","href":"https:\/\/api.w.org\/{rel}","templated":true}]}}