{"id":76,"date":"2019-08-08T14:00:53","date_gmt":"2019-08-08T12:00:53","guid":{"rendered":"http:\/\/scpet.sample.si\/izredno-izobrazevanje\/programi\/nacionalne-poklicne-kvalifikacije-copy\/"},"modified":"2022-08-10T12:01:09","modified_gmt":"2022-08-10T10:01:09","slug":"seminarji-in-tecaji","status":"publish","type":"page","link":"https:\/\/www.scpet.si\/izredno-izobrazevanje\/seminarji-in-tecaji\/","title":{"rendered":"Seminarji in te\u010daji"},"content":{"rendered":"<div class=\"fusion-fullwidth fullwidth-box fusion-builder-row-1 nonhundred-percent-fullwidth non-hundred-percent-height-scrolling\" style=\"background-color: rgba(255,255,255,0);background-position: center center;background-repeat: no-repeat;padding-top:0px;padding-right:0px;padding-bottom:0px;padding-left:0px;margin-bottom: 0px;margin-top: 0px;border-width: 0px 0px 0px 0px;border-color:#eae9e9;border-style:solid;\" ><div class=\"fusion-builder-row fusion-row\"><div class=\"fusion-layout-column fusion_builder_column fusion-builder-column-0 fusion_builder_column_1_1 1_1 fusion-one-full fusion-column-first fusion-column-last\" style=\"margin-top:0px;margin-bottom:0px;\"><div class=\"fusion-column-wrapper fusion-flex-column-wrapper-legacy\" style=\"background-position:left top;background-repeat:no-repeat;-webkit-background-size:cover;-moz-background-size:cover;-o-background-size:cover;background-size:cover;padding: 0px 0px 0px 0px;\"><style type=\"text\/css\"><\/style><div class=\"fusion-title title fusion-title-1 fusion-sep-none fusion-title-text fusion-title-size-one\" style=\"margin-top:0px;margin-right:0px;margin-bottom:31px;margin-left:0px;\"><h1 class=\"title-heading-left\" style=\"margin:0;\">Seminarji in te\u010daji<\/h1><\/div><div class=\"fusion-text fusion-text-1\"><table class=\"table-1\">\n<tbody>\n<tr>\n<td>1.<\/td>\n<td>Ra\u010dunalni\u0161ka pismenost za odrasle<\/td>\n<td><strong>Ra\u010dunalni\u0161ka pismenost za odrasle (RPO)<\/strong> je javnoveljavni program za odrasle, ki je namenjen za\u010detnemu u\u010denju ra\u010dunalni\u0161tva. Udele\u017eenci spoznajo teoreti\u010dne in prakti\u010dne osnove ra\u010dunalni\u0161tva, nau\u010dijo se delati z datotekami in urejati besedila ter uporabljati internet in elektronsko po\u0161to. Na koncu te\u010daja z zaklju\u010dnim testom preverijo svoje ra\u010dunalni\u0161ko znanje. Udele\u017eencem, ki so pri re\u0161evanju testa uspe\u0161ni, izdamo javnoveljavno potrdilo.<\/td>\n<\/tr>\n<tr>\n<td>2.<\/td>\n<td>Angle\u0161\u010dina za odrasle<\/td>\n<td>Nudimo<strong> verificirane (javnoveljavne programe) te\u010daje<\/strong> angle\u0161kega jezika, ki potekajo po javnoveljavnih programih, ki jih je sprejelo Ministrstvo za izobra\u017eevanje, znanost in \u0161port. Obseg snovi na osnovni ali vi\u0161ji ravni dolo\u010da izpitni katalog, ki je sestavni del teh programov.<\/td>\n<\/tr>\n<tr>\n<td>3.<\/td>\n<td>Nem\u0161\u010dina za odrasle<\/td>\n<td>Nudimo<strong> verificirane (javnoveljavne programe) te\u010daje <\/strong>nem\u0161kega jezika, ki potekajo po javnoveljavnih programih, ki jih je sprejelo Ministrstvo za izobra\u017eevanje, znanost in \u0161port. Obseg snovi na osnovni ali vi\u0161ji ravni dolo\u010da izpitni katalog, ki je sestavni del teh programov.<\/td>\n<\/tr>\n<\/tbody>\n<\/table>\n<\/div><div class=\"fusion-clearfix\"><\/div><\/div><\/div><\/div><\/div>\n","protected":false},"excerpt":{"rendered":"","protected":false},"author":5,"featured_media":0,"parent":0,"menu_order":0,"comment_status":"closed","ping_status":"closed","template":"","meta":{"_mi_skip_tracking":false,"_exactmetrics_sitenote_active":false,"_exactmetrics_sitenote_note":"","_exactmetrics_sitenote_category":0},"yoast_head":"<!-- This site is optimized with the Yoast SEO plugin v20.8 - https:\/\/yoast.com\/wordpress\/plugins\/seo\/ -->\n<title>Seminarji in te\u010daji - IZREDNO IZOBRA\u017dEVANJE<\/title>\n<meta name=\"description\" content=\"Seminarji in te\u010daji - Izredno izobra\u017eevanje ekonomija in telekomunikacije na \u0161olskem centru za po\u0161to, ekonimijo in telekomunikacije Ljubljana.\" \/>\n<meta name=\"robots\" content=\"index, follow, max-snippet:-1, max-image-preview:large, max-video-preview:-1\" \/>\n<link rel=\"canonical\" href=\"https:\/\/www.scpet.si\/izredno-izobrazevanje\/seminarji-in-tecaji\/\" \/>\n<meta property=\"og:locale\" content=\"sl_SI\" \/>\n<meta property=\"og:type\" content=\"article\" \/>\n<meta property=\"og:title\" content=\"Seminarji in te\u010daji - IZREDNO IZOBRA\u017dEVANJE\" \/>\n<meta property=\"og:description\" content=\"Seminarji in te\u010daji - Izredno izobra\u017eevanje ekonomija in telekomunikacije na \u0161olskem centru za po\u0161to, ekonimijo in telekomunikacije Ljubljana.\" \/>\n<meta property=\"og:url\" content=\"https:\/\/www.scpet.si\/izredno-izobrazevanje\/seminarji-in-tecaji\/\" \/>\n<meta property=\"og:site_name\" content=\"IZREDNO IZOBRA\u017dEVANJE\" \/>\n<meta property=\"article:modified_time\" content=\"2022-08-10T10:01:09+00:00\" \/>\n<meta name=\"twitter:card\" content=\"summary_large_image\" \/>\n<meta name=\"twitter:label1\" content=\"Est. reading time\" \/>\n\t<meta name=\"twitter:data1\" content=\"2 minuti\" \/>\n<script type=\"application\/ld+json\" class=\"yoast-schema-graph\">{\"@context\":\"https:\/\/schema.org\",\"@graph\":[{\"@type\":\"WebPage\",\"@id\":\"https:\/\/www.scpet.si\/izredno-izobrazevanje\/seminarji-in-tecaji\/\",\"url\":\"https:\/\/www.scpet.si\/izredno-izobrazevanje\/seminarji-in-tecaji\/\",\"name\":\"Seminarji in te\u010daji - IZREDNO IZOBRA\u017dEVANJE\",\"isPartOf\":{\"@id\":\"https:\/\/www.scpet.si\/izredno-izobrazevanje\/#website\"},\"datePublished\":\"2019-08-08T12:00:53+00:00\",\"dateModified\":\"2022-08-10T10:01:09+00:00\",\"description\":\"Seminarji in te\u010daji - Izredno izobra\u017eevanje ekonomija in telekomunikacije na \u0161olskem centru za po\u0161to, ekonimijo in telekomunikacije Ljubljana.\",\"breadcrumb\":{\"@id\":\"https:\/\/www.scpet.si\/izredno-izobrazevanje\/seminarji-in-tecaji\/#breadcrumb\"},\"inLanguage\":\"sl-SI\",\"potentialAction\":[{\"@type\":\"ReadAction\",\"target\":[\"https:\/\/www.scpet.si\/izredno-izobrazevanje\/seminarji-in-tecaji\/\"]}]},{\"@type\":\"BreadcrumbList\",\"@id\":\"https:\/\/www.scpet.si\/izredno-izobrazevanje\/seminarji-in-tecaji\/#breadcrumb\",\"itemListElement\":[{\"@type\":\"ListItem\",\"position\":1,\"name\":\"Home\",\"item\":\"https:\/\/www.scpet.si\/izredno-izobrazevanje\/\"},{\"@type\":\"ListItem\",\"position\":2,\"name\":\"Seminarji in te\u010daji\"}]},{\"@type\":\"WebSite\",\"@id\":\"https:\/\/www.scpet.si\/izredno-izobrazevanje\/#website\",\"url\":\"https:\/\/www.scpet.si\/izredno-izobrazevanje\/\",\"name\":\"IZREDNO IZOBRA\u017dEVANJE\",\"description\":\"Just another \u0160C PET Sites site\",\"potentialAction\":[{\"@type\":\"SearchAction\",\"target\":{\"@type\":\"EntryPoint\",\"urlTemplate\":\"https:\/\/www.scpet.si\/izredno-izobrazevanje\/?s={search_term_string}\"},\"query-input\":\"required name=search_term_string\"}],\"inLanguage\":\"sl-SI\"}]}<\/script>\n<!-- \/ Yoast SEO plugin. -->","yoast_head_json":{"title":"Seminarji in te\u010daji - IZREDNO IZOBRA\u017dEVANJE","description":"Seminarji in te\u010daji - Izredno izobra\u017eevanje ekonomija in telekomunikacije na \u0161olskem centru za po\u0161to, ekonimijo in telekomunikacije Ljubljana.","robots":{"index":"index","follow":"follow","max-snippet":"max-snippet:-1","max-image-preview":"max-image-preview:large","max-video-preview":"max-video-preview:-1"},"canonical":"https:\/\/www.scpet.si\/izredno-izobrazevanje\/seminarji-in-tecaji\/","og_locale":"sl_SI","og_type":"article","og_title":"Seminarji in te\u010daji - IZREDNO IZOBRA\u017dEVANJE","og_description":"Seminarji in te\u010daji - Izredno izobra\u017eevanje ekonomija in telekomunikacije na \u0161olskem centru za po\u0161to, ekonimijo in telekomunikacije Ljubljana.","og_url":"https:\/\/www.scpet.si\/izredno-izobrazevanje\/seminarji-in-tecaji\/","og_site_name":"IZREDNO IZOBRA\u017dEVANJE","article_modified_time":"2022-08-10T10:01:09+00:00","twitter_card":"summary_large_image","twitter_misc":{"Est. reading time":"2 minuti"},"schema":{"@context":"https:\/\/schema.org","@graph":[{"@type":"WebPage","@id":"https:\/\/www.scpet.si\/izredno-izobrazevanje\/seminarji-in-tecaji\/","url":"https:\/\/www.scpet.si\/izredno-izobrazevanje\/seminarji-in-tecaji\/","name":"Seminarji in te\u010daji - IZREDNO IZOBRA\u017dEVANJE","isPartOf":{"@id":"https:\/\/www.scpet.si\/izredno-izobrazevanje\/#website"},"datePublished":"2019-08-08T12:00:53+00:00","dateModified":"2022-08-10T10:01:09+00:00","description":"Seminarji in te\u010daji - Izredno izobra\u017eevanje ekonomija in telekomunikacije na \u0161olskem centru za po\u0161to, ekonimijo in telekomunikacije Ljubljana.","breadcrumb":{"@id":"https:\/\/www.scpet.si\/izredno-izobrazevanje\/seminarji-in-tecaji\/#breadcrumb"},"inLanguage":"sl-SI","potentialAction":[{"@type":"ReadAction","target":["https:\/\/www.scpet.si\/izredno-izobrazevanje\/seminarji-in-tecaji\/"]}]},{"@type":"BreadcrumbList","@id":"https:\/\/www.scpet.si\/izredno-izobrazevanje\/seminarji-in-tecaji\/#breadcrumb","itemListElement":[{"@type":"ListItem","position":1,"name":"Home","item":"https:\/\/www.scpet.si\/izredno-izobrazevanje\/"},{"@type":"ListItem","position":2,"name":"Seminarji in te\u010daji"}]},{"@type":"WebSite","@id":"https:\/\/www.scpet.si\/izredno-izobrazevanje\/#website","url":"https:\/\/www.scpet.si\/izredno-izobrazevanje\/","name":"IZREDNO IZOBRA\u017dEVANJE","description":"Just another \u0160C PET Sites site","potentialAction":[{"@type":"SearchAction","target":{"@type":"EntryPoint","urlTemplate":"https:\/\/www.scpet.si\/izredno-izobrazevanje\/?s={search_term_string}"},"query-input":"required name=search_term_string"}],"inLanguage":"sl-SI"}]}},"_links":{"self":[{"href":"https:\/\/www.scpet.si\/izredno-izobrazevanje\/wp-json\/wp\/v2\/pages\/76"}],"collection":[{"href":"https:\/\/www.scpet.si\/izredno-izobrazevanje\/wp-json\/wp\/v2\/pages"}],"about":[{"href":"https:\/\/www.scpet.si\/izredno-izobrazevanje\/wp-json\/wp\/v2\/types\/page"}],"author":[{"embeddable":true,"href":"https:\/\/www.scpet.si\/izredno-izobrazevanje\/wp-json\/wp\/v2\/users\/5"}],"replies":[{"embeddable":true,"href":"https:\/\/www.scpet.si\/izredno-izobrazevanje\/wp-json\/wp\/v2\/comments?post=76"}],"version-history":[{"count":0,"href":"https:\/\/www.scpet.si\/izredno-izobrazevanje\/wp-json\/wp\/v2\/pages\/76\/revisions"}],"wp:attachment":[{"href":"https:\/\/www.scpet.si\/izredno-izobrazevanje\/wp-json\/wp\/v2\/media?parent=76"}],"curies":[{"name":"wp","href":"https:\/\/api.w.org\/{rel}","templated":true}]}}