{"id":86,"date":"2019-08-08T14:06:06","date_gmt":"2019-08-08T12:06:06","guid":{"rendered":"http:\/\/scpet.sample.si\/izredno-izobrazevanje\/programi-copy\/"},"modified":"2025-10-15T11:07:36","modified_gmt":"2025-10-15T09:07:36","slug":"predavatelji-in-konzultacije","status":"publish","type":"page","link":"https:\/\/www.scpet.si\/izredno-izobrazevanje\/predavatelji-in-konzultacije\/","title":{"rendered":"PREDAVATELJI IN KONZULTACIJE"},"content":{"rendered":"<div class=\"fusion-fullwidth fullwidth-box fusion-builder-row-1 nonhundred-percent-fullwidth non-hundred-percent-height-scrolling\" style=\"background-color: rgba(255,255,255,0);background-position: center center;background-repeat: no-repeat;padding-top:0px;padding-right:0px;padding-bottom:0px;padding-left:0px;margin-bottom: 0px;margin-top: 0px;border-width: 0px 0px 0px 0px;border-color:#eae9e9;border-style:solid;\" ><div class=\"fusion-builder-row fusion-row\"><div class=\"fusion-layout-column fusion_builder_column fusion-builder-column-0 fusion_builder_column_1_1 1_1 fusion-one-full fusion-column-first fusion-column-last\" style=\"margin-top:0px;margin-bottom:0px;\"><div class=\"fusion-column-wrapper fusion-flex-column-wrapper-legacy\" style=\"background-position:left top;background-repeat:no-repeat;-webkit-background-size:cover;-moz-background-size:cover;-o-background-size:cover;background-size:cover;padding: 0px 0px 0px 0px;\"><style type=\"text\/css\"><\/style><div class=\"fusion-title title fusion-title-1 fusion-sep-none fusion-title-text fusion-title-size-one\" style=\"margin-top:0px;margin-right:0px;margin-bottom:31px;margin-left:0px;\"><h1 class=\"title-heading-left\" style=\"margin:0;\">Predavatelji in konzultacije &#8211; 2025\/2026<\/h1><\/div><div class=\"fusion-text fusion-text-1\"><p>Pred konzultacijami na \u0161oli je potreben predhodni dogovor s predavatelji in najava preko elektronske po\u0161te.<\/p>\n<\/div><div class=\"fusion-sep-clear\"><\/div><div class=\"fusion-separator fusion-full-width-sep\" style=\"margin-left: auto;margin-right: auto;margin-top:2px;margin-bottom:2px;width:100%;\"><div class=\"fusion-separator-border sep-double\" style=\"border-color:#ffffff;border-top-width:4px;border-bottom-width:4px;\"><\/div><\/div><div class=\"fusion-sep-clear\"><\/div>\n<div class=\"table-1\">\n<table width=\"690\">\n<tbody>\n<tr>\n<td width=\"66\"><a name=\"_Toc274308412\"><\/a><strong>\u0160T.<\/strong><\/td>\n<td width=\"132\"><strong>U\u010cITELJ<\/strong><\/td>\n<td width=\"293\"><strong>PREDMET<\/strong><\/td>\n<td width=\"198\"><strong>ELEKTRONSKI <\/strong><\/p>\n<p><strong>NASLOV<\/strong><\/td>\n<\/tr>\n<tr>\n<td width=\"66\">1.<\/td>\n<td width=\"132\">BE\u0160LI\u0106 MARKO<\/td>\n<td width=\"293\">POSTAVITEV LOKALNEGA IN TK OMRE\u017dJA (PLT)<\/p>\n<p>OPREMA ZA MULTIMEDIJSKO TEHNIKO (OMU)<\/p>\n<p>KOMUNIKACIJSKA OMRE\u017dJA (KOM)<\/td>\n<td width=\"198\"><a href=\"mailto:marko.beslic@scpet.si\">marko.beslic@scpet.si<\/a><\/td>\n<\/tr>\n<tr>\n<td width=\"66\">2.<\/td>\n<td width=\"132\">BO\u0160NJAK RAJKO<\/td>\n<td width=\"293\">UPORABA IKT PRI POSLOVANJU 1 (UIP)<\/p>\n<p>INFORMATIKA S TEHNI\u0160KIM KOMUNIC. 1 (ITK)<\/td>\n<td width=\"198\"><a href=\"mailto:rajko.bosnjak@scpet.si\">rajko.bosnjak@scpet.si<\/a><\/td>\n<\/tr>\n<tr>\n<td width=\"66\">3.<\/td>\n<td width=\"132\">FLORJAN\u010cI\u010c ALE\u0160<\/td>\n<td width=\"293\">PREVENTIVA V \u0160PORTU (P\u0160)<\/td>\n<td width=\"198\"><a href=\"mailto:ales.florjancic@scpet.si\">ales.florjancic@scpet.si<\/a><\/td>\n<\/tr>\n<tr>\n<td width=\"66\">4.<\/td>\n<td width=\"132\">GLAVI\u010c ANDREJA<\/td>\n<td width=\"293\">ELEKTROTEHNIKA 1, 2 (ELE)<\/p>\n<p>STROKA IN PODJETNI\u0160TVO (SIP)<\/p>\n<p>TR\u017dENJE TK STORITEV \u00a0(TKS)<\/p>\n<p>ENOSMERNI IN IZMENI\u010cNI TOKOKROGI (EIT)<\/p>\n<p>ELEKTRONSKI SKLOPI (ELS)<\/p>\n<p>OBNOVLJIVI VIRI ENERGIJE (OVE)<\/td>\n<td width=\"198\"><a href=\"mailto:andreja.glavic@scpet.si\">andreja.glavic@scpet.si<\/a><\/td>\n<\/tr>\n<tr>\n<td width=\"66\">5.<\/td>\n<td width=\"132\">KOLARI\u010c ESTERA<\/td>\n<td width=\"293\">KOMERCIALNO POSLOVANJE 3, 4 (KPO)<\/p>\n<p>BAN\u010cNO POSLOVANJE 3 (BPO)<\/p>\n<p>SODOBNO GOSPODARSTVO 1, 2 (SOG)<\/p>\n<p>POSLOVNI PROJEKTI 4 (POP)<\/p>\n<p>POSLOVANJE PODJETIJ 2 (PPO)<\/td>\n<td width=\"198\"><a href=\"mailto:estera.kolaric@scpet.si\">estera.kolaric@scpet.si<\/a><\/td>\n<\/tr>\n<tr>\n<td width=\"66\">6.<\/td>\n<td width=\"132\">KO\u0160\u010cAK PETER<\/td>\n<td width=\"293\">MANAGEMENT (MAN)<\/p>\n<p>PRAKTI\u010cNO USPOSABLJANJE PRI DELODAJALCU (PUD)<\/p>\n<p>KOMERCIALNO POSLOVANJE 2<\/p>\n<p>POSLOVANJE PODJETIJ 3 (PPO)<\/p>\n<p>ADMINISTRATIVNO POSLOVANJE (APO)<\/p>\n<p>UPRAVNI POSTOPEK (UPO)<\/p>\n<p>POSLOVNI NA\u010cRT (PNA)<\/td>\n<td width=\"198\"><a href=\"mailto:peter.koscak@scpet.si\">peter.koscak@scpet.si<\/a><\/td>\n<\/tr>\n<tr>\n<td width=\"66\">7.<\/td>\n<td width=\"132\">KO\u0160TOMAJ ROK<\/td>\n<td width=\"293\">ANGLE\u0160\u010cINA<\/td>\n<td width=\"198\"><a href=\"mailto:rok.kostomaj@scpet.si\">rok.kostomaj@scpet.si<\/a><\/td>\n<\/tr>\n<tr>\n<td width=\"66\">8.<\/td>\n<td width=\"132\">LAZAR NEJC<\/td>\n<td width=\"293\">SLOVEN\u0160\u010cINA<\/td>\n<td width=\"198\"><a href=\"mailto:nejc.lazar@scpet.si\">nejc.lazar@scpet.si<\/a><\/td>\n<\/tr>\n<tr>\n<td width=\"66\">9.<\/td>\n<td width=\"132\">LEBAN TROJAR ZORAN<\/td>\n<td width=\"293\">POSLOVANJE PODJETIJ 4 (PPO)<\/p>\n<p>FINAN\u010cNA MATEMATIKA 3 (FMA)<\/p>\n<p>EKONOMIKA POSLOVANJA 4 (EKP)<\/p>\n<p>SODOBNO GOSPODARSTVO 2 (SOG)<\/td>\n<td width=\"198\"><a href=\"mailto:zoran.lebantrojar@scpet.si\">zoran.lebantrojar@scpet.si<\/a><\/td>\n<\/tr>\n<tr>\n<td width=\"66\">10.<\/td>\n<td width=\"132\">LUKAN DARJA<\/td>\n<td width=\"293\">EKONOMIKA POSLOVANJA 2, 3, 4 (EKP)<\/p>\n<p>SODOBNO GOSPODARSTVO 2, 4 (SOG)<\/td>\n<td width=\"198\"><a href=\"mailto:darja.lukan@scpet.si\">darja.lukan@scpet.si<\/a><\/td>\n<\/tr>\n<tr>\n<td width=\"66\">11.<\/td>\n<td width=\"132\">MIKAC SRAKAR MOJCA<\/td>\n<td width=\"293\">MATEMATIKA<\/td>\n<td width=\"198\"><a href=\"mailto:mojca.mikac.srakar@ijs.si\">mojca.mikac.srakar@ijs.si<\/a><\/td>\n<\/tr>\n<tr>\n<td width=\"66\">12.<\/td>\n<td width=\"132\">MLIN\u0160EK MATJA\u017d<\/td>\n<td width=\"293\">ELEKTRONIKA V PRAKSI (EVP)<\/p>\n<p>IN\u0160TALACIJE (IN\u0160)<\/p>\n<p>TELEKOMUNIKACIJSKE STORITVE (TKS)<\/p>\n<p>KRMILNE NAPRAVE (KNA)<\/td>\n<td width=\"198\"><a href=\"mailto:matjaz.mlinsek@scpet.si\">matjaz.mlinsek@scpet.si<\/a><\/td>\n<\/tr>\n<tr>\n<td width=\"66\">13.<\/td>\n<td width=\"132\">NAPOKOJ MATJA\u017d<\/td>\n<td width=\"293\">GEOGRAFIJA<\/td>\n<td width=\"198\"><a href=\"mailto:matjaz.napokoj@scpet.si\">matjaz.napokoj@scpet.si<\/a><\/td>\n<\/tr>\n<tr>\n<td width=\"66\">14.<\/td>\n<td width=\"132\">PLESEC ANA<\/td>\n<td width=\"293\">KOMUNICIRANJE V POSLOVNEM OKOLJU (KOM)<\/p>\n<p>POSLOVNA KORENSPONDENCA (PKO)<\/p>\n<p>POSLOVNA LOGISTIKA (PLG)<\/p>\n<p>NEPOSREDNO TR\u017dENJE (NTR)<\/td>\n<td width=\"198\"><a href=\"mailto:ana.plesec@scpet.si\">ana.plesec@scpet.si<\/a><\/td>\n<\/tr>\n<tr>\n<td width=\"66\">15.<\/td>\n<td width=\"132\">PLESEC MATJA\u017d<\/td>\n<td width=\"293\">MANAGEMENT\u00a0 V \u0160PORTU (M\u0160P)<\/p>\n<p>PREVENTIVA V \u0160PORTU (P\u0160)<\/td>\n<td width=\"198\"><a href=\"mailto:matjaz.plesec@scpet.si\">matjaz.plesec@scpet.si<\/a><\/td>\n<\/tr>\n<tr>\n<td width=\"66\">16.<\/td>\n<td width=\"132\">RAKEF GREGOR<\/td>\n<td width=\"293\">PRENOSNI SISTEMI 3, 4 (PSN)<\/p>\n<p>BREZ\u017dI\u010cNE KOMUNIKACIJE 3, 4 (BKO)<\/p>\n<p>IN\u0160TALACIJE 4 (IN\u0160)<\/p>\n<p>IZDELAVA ELEK. IN KOM. IN\u0160TALACIJ<\/p>\n<p>PAMETNE IN\u0160TALACIJE<\/td>\n<td width=\"198\"><a href=\"mailto:gregor.rakef@scpet.si\">gregor.rakef@scpet.si<\/a><\/td>\n<\/tr>\n<tr>\n<td width=\"66\">17.<\/td>\n<td width=\"132\">RAKUN ALENKA<\/td>\n<td width=\"293\">PSIHOLOGIJA<\/td>\n<td width=\"198\"><a href=\"mailto:alenka.rakun@scpet.si\">alenka.rakun@scpet.si<\/a><\/td>\n<\/tr>\n<tr>\n<td width=\"66\">18.<\/td>\n<td width=\"132\">STARE\u0160INI\u010c BECELE MOJCA<\/td>\n<td width=\"293\">NEM\u0160\u010cINA<\/p>\n<p>STROKOVNA TERMINOLOGIJA V NEM\u0160\u010cINI<\/td>\n<td width=\"198\"><a href=\"mailto:%20mojca.staresinic-becele@scpet.si\">mojca.staresinic-becele@scpet.si<\/a><\/td>\n<\/tr>\n<tr>\n<td width=\"66\">19.<\/td>\n<td width=\"132\">STELE KARMEN<\/td>\n<td width=\"293\">KOMUNICIRANJE IN POSLOVNA KOMUNIKACIJA<\/p>\n<p>TEMELJI GOSPODARSTVA<\/td>\n<td width=\"198\"><a href=\"mailto:karmen.stele@scpet.si\">karmen.stele@scpet.si<\/a><\/td>\n<\/tr>\n<tr>\n<td width=\"66\">20.<\/td>\n<td width=\"132\">\u0160UT MERILIN<\/td>\n<td width=\"293\">BIOLOGIJA<\/p>\n<p>KEMIJA<\/p>\n<p>MATERIALI V ELEKTROTEHNIKI<\/td>\n<td width=\"198\"><a href=\"mailto:merilin.sut@scpet.si\">merilin.sut@scpet.si<\/a><\/td>\n<\/tr>\n<tr>\n<td width=\"66\">21.<\/td>\n<td width=\"132\">TERNOVEC MATJA\u017d<\/td>\n<td width=\"293\">SOCIOLOGIJA<\/p>\n<p>ZGODOVINA<\/p>\n<p>DRU\u017dBOSLOVJE<\/p>\n<p>ELEKTRONIKA V PRAKSI 4<\/td>\n<td width=\"198\"><a href=\"mailto:mternovec@gmail.com\">mternovec@gmail.com<\/a><\/td>\n<\/tr>\n<tr>\n<td width=\"66\">22.<\/td>\n<td width=\"132\">VUKOVI\u0106 SR\u0110AN<\/td>\n<td width=\"293\">POSLOVANJE PODJETIJ 2, 4 (PPO)<\/p>\n<p>POSLOVNI PRIJEKTI 4 (POP)<\/p>\n<p>FINAN\u010cNO POSLOVANJE (FPO)<\/p>\n<p>SODOBNO GOSPODARSTVO (SOG)<\/p>\n<p>ZAVAROVALNI\u0160TVO (ZAV)<\/td>\n<td width=\"198\"><a href=\"mailto:srdzan.vukovic@scpet.si\">srdzan.vukovic@scpet.si<\/a><\/td>\n<\/tr>\n<tr>\n<td width=\"66\">23.<\/td>\n<td width=\"132\">\u017dAGAR GREGOR<\/td>\n<td width=\"293\">FIZIKA<\/p>\n<p>FIZIKA ELEKTRONSKIH KOMUNIKACIJ<\/p>\n<p>NARAVOSLOVJE<\/td>\n<td width=\"198\"><a href=\"mailto:gregor.zagar@scpet.si\">gregor.zagar@scpet.si<\/a><\/td>\n<\/tr>\n<\/tbody>\n<\/table>\n<\/div>\n<div class=\"fusion-sep-clear\"><\/div><div class=\"fusion-separator fusion-full-width-sep\" style=\"margin-left: auto;margin-right: auto;margin-top:8px;margin-bottom:8px;width:100%;\"><div class=\"fusion-separator-border sep-double\" style=\"border-color:#ffffff;border-top-width:4px;border-bottom-width:4px;\"><\/div><\/div><div class=\"fusion-sep-clear\"><\/div><div class=\"fusion-sep-clear\"><\/div><div class=\"fusion-separator fusion-full-width-sep\" style=\"margin-left: auto;margin-right: auto;margin-top:8px;margin-bottom:8px;width:100%;\"><div class=\"fusion-separator-border sep-double\" style=\"border-color:#ffffff;border-top-width:4px;border-bottom-width:4px;\"><\/div><\/div><div class=\"fusion-sep-clear\"><\/div><div class=\"fusion-clearfix\"><\/div><\/div><\/div><div class=\"fusion-layout-column fusion_builder_column fusion-builder-column-1 fusion_builder_column_1_3 1_3 fusion-one-third fusion-column-first\" style=\"width:33.333333333333%;width:calc(33.333333333333% - ( ( 4% + 4% ) * 0.33333333333333 ) );margin-right: 4%;margin-top:0px;margin-bottom:0px;\"><div class=\"fusion-column-wrapper fusion-flex-column-wrapper-legacy\" style=\"background-position:left top;background-repeat:no-repeat;-webkit-background-size:cover;-moz-background-size:cover;-o-background-size:cover;background-size:cover;padding: 0px 0px 0px 0px;\"><div class=\"fusion-text fusion-text-2\"><div class=\"table-1\">\n<table style=\"height: 139px;\" width=\"299\" align=\"center\">\n<tbody>\n<tr>\n<td colspan=\"2\" width=\"364\"><strong>Uradne ure referata:<\/strong><\/td>\n<\/tr>\n<tr>\n<td width=\"111\">Ponedeljek,<br \/>\nSreda<\/td>\n<td width=\"253\">10.00 &#8211; 12.00 in<br \/>\n14.00 &#8211; 16.00<\/td>\n<\/tr>\n<tr>\n<td width=\"111\">Petek<\/td>\n<td style=\"text-align: left;\" width=\"253\">10.00 &#8211; 12.00 in<br \/>\n14.00 &#8211; 15.00<\/td>\n<\/tr>\n<\/tbody>\n<\/table>\n<\/div>\n<\/div><div class=\"fusion-clearfix\"><\/div><\/div><\/div><div class=\"fusion-layout-column fusion_builder_column fusion-builder-column-2 fusion_builder_column_1_3 1_3 fusion-one-third\" style=\"width:33.333333333333%;width:calc(33.333333333333% - ( ( 4% + 4% ) * 0.33333333333333 ) );margin-right: 4%;margin-top:0px;margin-bottom:0px;\"><div class=\"fusion-column-wrapper fusion-flex-column-wrapper-legacy\" style=\"background-position:left top;background-repeat:no-repeat;-webkit-background-size:cover;-moz-background-size:cover;-o-background-size:cover;background-size:cover;padding: 0px 0px 0px 0px;\"><div class=\"fusion-text fusion-text-3\"><p style=\"text-align: center;\"><strong>telefon:<\/strong> 01\/2342 &#8211; 466<\/p>\n<p style=\"text-align: center;\"><strong>e-naslov:<\/strong> <a href=\"mailto:enota@scpet.si\">enota@scpet.si<\/a><\/p>\n<p style=\"text-align: center;\"><strong>spletna stran:<\/strong> <a href=\"https:\/\/www.scpet.si\/izredno-izobrazevanje\/\">www.scpet.si<\/a><\/p>\n<\/div><div class=\"fusion-clearfix\"><\/div><\/div><\/div><div class=\"fusion-layout-column fusion_builder_column fusion-builder-column-3 fusion_builder_column_1_3 1_3 fusion-one-third fusion-column-last\" style=\"width:33.333333333333%;width:calc(33.333333333333% - ( ( 4% + 4% ) * 0.33333333333333 ) );margin-top:0px;margin-bottom:0px;\"><div class=\"fusion-column-wrapper fusion-flex-column-wrapper-legacy\" style=\"background-position:left top;background-repeat:no-repeat;-webkit-background-size:cover;-moz-background-size:cover;-o-background-size:cover;background-size:cover;padding: 0px 0px 0px 0px;\"><div class=\"fusion-text fusion-text-4\"><p style=\"text-align: center;\"><strong>Na izpit se prijavite profesorju \u2013 s seboj prinesete izpolnjen obrazec<br \/>\nPrijava k izpitu in potrdilo o pla\u010dilu!<\/strong><\/p>\n<\/div><div class=\"fusion-clearfix\"><\/div><\/div><\/div><\/div><\/div>\n","protected":false},"excerpt":{"rendered":"","protected":false},"author":5,"featured_media":0,"parent":0,"menu_order":0,"comment_status":"closed","ping_status":"closed","template":"","meta":{"_mi_skip_tracking":false,"_exactmetrics_sitenote_active":false,"_exactmetrics_sitenote_note":"","_exactmetrics_sitenote_category":0},"yoast_head":"<!-- This site is optimized with the Yoast SEO plugin v20.8 - https:\/\/yoast.com\/wordpress\/plugins\/seo\/ -->\n<title>PREDAVATELJI IN KONZULTACIJE - IZREDNO IZOBRA\u017dEVANJE<\/title>\n<meta name=\"description\" content=\"PREDAVATELJI IN KONZULTACIJE - Izredno izobra\u017eevanje ekonomija in telekomunikacije na \u0161olskem centru za po\u0161to, ekonimijo in telekomunikacije Ljubljana.\" \/>\n<meta name=\"robots\" content=\"index, follow, max-snippet:-1, max-image-preview:large, max-video-preview:-1\" \/>\n<link rel=\"canonical\" href=\"https:\/\/www.scpet.si\/izredno-izobrazevanje\/predavatelji-in-konzultacije\/\" \/>\n<meta property=\"og:locale\" content=\"sl_SI\" \/>\n<meta property=\"og:type\" content=\"article\" \/>\n<meta property=\"og:title\" content=\"PREDAVATELJI IN KONZULTACIJE - IZREDNO IZOBRA\u017dEVANJE\" \/>\n<meta property=\"og:description\" content=\"PREDAVATELJI IN KONZULTACIJE - Izredno izobra\u017eevanje ekonomija in telekomunikacije na \u0161olskem centru za po\u0161to, ekonimijo in telekomunikacije Ljubljana.\" \/>\n<meta property=\"og:url\" content=\"https:\/\/www.scpet.si\/izredno-izobrazevanje\/predavatelji-in-konzultacije\/\" \/>\n<meta property=\"og:site_name\" content=\"IZREDNO IZOBRA\u017dEVANJE\" \/>\n<meta property=\"article:modified_time\" content=\"2025-10-15T09:07:36+00:00\" \/>\n<meta name=\"twitter:card\" content=\"summary_large_image\" \/>\n<meta name=\"twitter:label1\" content=\"Est. reading time\" \/>\n\t<meta name=\"twitter:data1\" content=\"10 minut\" \/>\n<script type=\"application\/ld+json\" class=\"yoast-schema-graph\">{\"@context\":\"https:\/\/schema.org\",\"@graph\":[{\"@type\":\"WebPage\",\"@id\":\"https:\/\/www.scpet.si\/izredno-izobrazevanje\/predavatelji-in-konzultacije\/\",\"url\":\"https:\/\/www.scpet.si\/izredno-izobrazevanje\/predavatelji-in-konzultacije\/\",\"name\":\"PREDAVATELJI IN KONZULTACIJE - IZREDNO IZOBRA\u017dEVANJE\",\"isPartOf\":{\"@id\":\"https:\/\/www.scpet.si\/izredno-izobrazevanje\/#website\"},\"datePublished\":\"2019-08-08T12:06:06+00:00\",\"dateModified\":\"2025-10-15T09:07:36+00:00\",\"description\":\"PREDAVATELJI IN KONZULTACIJE - Izredno izobra\u017eevanje ekonomija in telekomunikacije na \u0161olskem centru za po\u0161to, ekonimijo in telekomunikacije Ljubljana.\",\"breadcrumb\":{\"@id\":\"https:\/\/www.scpet.si\/izredno-izobrazevanje\/predavatelji-in-konzultacije\/#breadcrumb\"},\"inLanguage\":\"sl-SI\",\"potentialAction\":[{\"@type\":\"ReadAction\",\"target\":[\"https:\/\/www.scpet.si\/izredno-izobrazevanje\/predavatelji-in-konzultacije\/\"]}]},{\"@type\":\"BreadcrumbList\",\"@id\":\"https:\/\/www.scpet.si\/izredno-izobrazevanje\/predavatelji-in-konzultacije\/#breadcrumb\",\"itemListElement\":[{\"@type\":\"ListItem\",\"position\":1,\"name\":\"Home\",\"item\":\"https:\/\/www.scpet.si\/izredno-izobrazevanje\/\"},{\"@type\":\"ListItem\",\"position\":2,\"name\":\"PREDAVATELJI IN KONZULTACIJE\"}]},{\"@type\":\"WebSite\",\"@id\":\"https:\/\/www.scpet.si\/izredno-izobrazevanje\/#website\",\"url\":\"https:\/\/www.scpet.si\/izredno-izobrazevanje\/\",\"name\":\"IZREDNO IZOBRA\u017dEVANJE\",\"description\":\"Just another \u0160C PET Sites site\",\"potentialAction\":[{\"@type\":\"SearchAction\",\"target\":{\"@type\":\"EntryPoint\",\"urlTemplate\":\"https:\/\/www.scpet.si\/izredno-izobrazevanje\/?s={search_term_string}\"},\"query-input\":\"required name=search_term_string\"}],\"inLanguage\":\"sl-SI\"}]}<\/script>\n<!-- \/ Yoast SEO plugin. -->","yoast_head_json":{"title":"PREDAVATELJI IN KONZULTACIJE - IZREDNO IZOBRA\u017dEVANJE","description":"PREDAVATELJI IN KONZULTACIJE - Izredno izobra\u017eevanje ekonomija in telekomunikacije na \u0161olskem centru za po\u0161to, ekonimijo in telekomunikacije Ljubljana.","robots":{"index":"index","follow":"follow","max-snippet":"max-snippet:-1","max-image-preview":"max-image-preview:large","max-video-preview":"max-video-preview:-1"},"canonical":"https:\/\/www.scpet.si\/izredno-izobrazevanje\/predavatelji-in-konzultacije\/","og_locale":"sl_SI","og_type":"article","og_title":"PREDAVATELJI IN KONZULTACIJE - IZREDNO IZOBRA\u017dEVANJE","og_description":"PREDAVATELJI IN KONZULTACIJE - Izredno izobra\u017eevanje ekonomija in telekomunikacije na \u0161olskem centru za po\u0161to, ekonimijo in telekomunikacije Ljubljana.","og_url":"https:\/\/www.scpet.si\/izredno-izobrazevanje\/predavatelji-in-konzultacije\/","og_site_name":"IZREDNO IZOBRA\u017dEVANJE","article_modified_time":"2025-10-15T09:07:36+00:00","twitter_card":"summary_large_image","twitter_misc":{"Est. reading time":"10 minut"},"schema":{"@context":"https:\/\/schema.org","@graph":[{"@type":"WebPage","@id":"https:\/\/www.scpet.si\/izredno-izobrazevanje\/predavatelji-in-konzultacije\/","url":"https:\/\/www.scpet.si\/izredno-izobrazevanje\/predavatelji-in-konzultacije\/","name":"PREDAVATELJI IN KONZULTACIJE - IZREDNO IZOBRA\u017dEVANJE","isPartOf":{"@id":"https:\/\/www.scpet.si\/izredno-izobrazevanje\/#website"},"datePublished":"2019-08-08T12:06:06+00:00","dateModified":"2025-10-15T09:07:36+00:00","description":"PREDAVATELJI IN KONZULTACIJE - Izredno izobra\u017eevanje ekonomija in telekomunikacije na \u0161olskem centru za po\u0161to, ekonimijo in telekomunikacije Ljubljana.","breadcrumb":{"@id":"https:\/\/www.scpet.si\/izredno-izobrazevanje\/predavatelji-in-konzultacije\/#breadcrumb"},"inLanguage":"sl-SI","potentialAction":[{"@type":"ReadAction","target":["https:\/\/www.scpet.si\/izredno-izobrazevanje\/predavatelji-in-konzultacije\/"]}]},{"@type":"BreadcrumbList","@id":"https:\/\/www.scpet.si\/izredno-izobrazevanje\/predavatelji-in-konzultacije\/#breadcrumb","itemListElement":[{"@type":"ListItem","position":1,"name":"Home","item":"https:\/\/www.scpet.si\/izredno-izobrazevanje\/"},{"@type":"ListItem","position":2,"name":"PREDAVATELJI IN KONZULTACIJE"}]},{"@type":"WebSite","@id":"https:\/\/www.scpet.si\/izredno-izobrazevanje\/#website","url":"https:\/\/www.scpet.si\/izredno-izobrazevanje\/","name":"IZREDNO IZOBRA\u017dEVANJE","description":"Just another \u0160C PET Sites site","potentialAction":[{"@type":"SearchAction","target":{"@type":"EntryPoint","urlTemplate":"https:\/\/www.scpet.si\/izredno-izobrazevanje\/?s={search_term_string}"},"query-input":"required name=search_term_string"}],"inLanguage":"sl-SI"}]}},"_links":{"self":[{"href":"https:\/\/www.scpet.si\/izredno-izobrazevanje\/wp-json\/wp\/v2\/pages\/86"}],"collection":[{"href":"https:\/\/www.scpet.si\/izredno-izobrazevanje\/wp-json\/wp\/v2\/pages"}],"about":[{"href":"https:\/\/www.scpet.si\/izredno-izobrazevanje\/wp-json\/wp\/v2\/types\/page"}],"author":[{"embeddable":true,"href":"https:\/\/www.scpet.si\/izredno-izobrazevanje\/wp-json\/wp\/v2\/users\/5"}],"replies":[{"embeddable":true,"href":"https:\/\/www.scpet.si\/izredno-izobrazevanje\/wp-json\/wp\/v2\/comments?post=86"}],"version-history":[{"count":0,"href":"https:\/\/www.scpet.si\/izredno-izobrazevanje\/wp-json\/wp\/v2\/pages\/86\/revisions"}],"wp:attachment":[{"href":"https:\/\/www.scpet.si\/izredno-izobrazevanje\/wp-json\/wp\/v2\/media?parent=86"}],"curies":[{"name":"wp","href":"https:\/\/api.w.org\/{rel}","templated":true}]}}