{"id":88,"date":"2019-08-08T14:07:18","date_gmt":"2019-08-08T12:07:18","guid":{"rendered":"http:\/\/scpet.sample.si\/izredno-izobrazevanje\/predavatelji-in-konzultacije-copy\/"},"modified":"2025-02-14T14:05:08","modified_gmt":"2025-02-14T13:05:08","slug":"kakovost","status":"publish","type":"page","link":"https:\/\/www.scpet.si\/izredno-izobrazevanje\/kakovost\/","title":{"rendered":"KAKOVOST"},"content":{"rendered":"<div class=\"fusion-fullwidth fullwidth-box fusion-builder-row-1 nonhundred-percent-fullwidth non-hundred-percent-height-scrolling\" style=\"background-color: rgba(255,255,255,0);background-position: center center;background-repeat: no-repeat;padding-top:0px;padding-right:0px;padding-bottom:0px;padding-left:0px;margin-bottom: 0px;margin-top: 0px;border-width: 0px 0px 0px 0px;border-color:#eae9e9;border-style:solid;\" ><div class=\"fusion-builder-row fusion-row\"><div class=\"fusion-layout-column fusion_builder_column fusion-builder-column-0 fusion_builder_column_1_1 1_1 fusion-one-full fusion-column-first fusion-column-last\" style=\"margin-top:0px;margin-bottom:0px;\"><div class=\"fusion-column-wrapper fusion-flex-column-wrapper-legacy\" style=\"background-position:left top;background-repeat:no-repeat;-webkit-background-size:cover;-moz-background-size:cover;-o-background-size:cover;background-size:cover;padding: 0px 0px 0px 0px;\"><style type=\"text\/css\"><\/style><div class=\"fusion-title title fusion-title-1 fusion-sep-none fusion-title-text fusion-title-size-one\" style=\"margin-top:0px;margin-right:0px;margin-bottom:31px;margin-left:0px;\"><h1 class=\"title-heading-left\" style=\"margin:0;\"><span class=\"vsebina_naslov\">Kakovost<\/span><\/h1><\/div><div class=\"fusion-text fusion-text-1\"><p>Svet zavoda \u0160C PET je na seji dne 4. 12. 2024 potrdil imenovanje Komisije za kakovost v Enoti za izobra\u017eevanje odraslih v sestavi:<\/p>\n<p><strong>2 predstavnika delodajalcev<\/strong><\/p>\n<ol>\n<li>Maks Marin\u010di\u010d \u2013 T2,<\/li>\n<li>Helena Dolin\u0161ek \u2013 Zavod RS za zaposlovanje;<\/li>\n<\/ol>\n<p><strong>2 udele\u017eenca izrednega izobra\u017eevanja<\/strong><\/p>\n<ol>\n<li>Jernej Pape\u017e \u2013 EKO<\/li>\n<li>Elma Hrnji\u0107 &#8211; TEK<\/li>\n<\/ol>\n<p><strong>4 predstavniki organizacije<\/strong><\/p>\n<ol>\n<li>Karmen Stele, predsednica komisije,<\/li>\n<li>Sr\u0111an Vukovi\u0107,<\/li>\n<li>Gregor Rakef,<\/li>\n<li>Estera Kolari\u010d.<\/li>\n<\/ol>\n<hr \/>\n<p><strong>Naloge komisije za kakovost:<\/strong><\/p>\n<ul>\n<li>ustvarja razmere za uveljavljanje in razvijanje kakovosti vzgojno-izobra\u017eevalnega dela na \u0161oli,<\/li>\n<li>razvija kazalnike kakovosti in merila ter in\u0161trumente za vrednotenje kakovosti,<\/li>\n<li>na\u010drtuje, organizira in usklajuje spremljanje in zagotavljanje kakovosti na \u0161oli,<\/li>\n<li>skrbi za sprotno spremljanje in ocenjevanje kakovosti ter u\u010dinkovitosti dela na \u0161oli,<\/li>\n<li>sodeluje z organi \u0161ole, strokovnimi organi, pristojnimi za kakovost na dr\u017eavni in mednarodni ravni ter usposobljenimi institucijami,<\/li>\n<li>sodeluje pri spremljanju kakovosti s pristojnimi organi v drugih \u0161olah oziroma horizontalnih izobra\u017eevalnih institucijah z istega oziroma sorodnega podro\u010dja izobra\u017eevanja in delodajalci na dr\u017eavni in mednarodni ravni,<\/li>\n<li>spremlja razvoj kakovosti izobra\u017eevanja primerjalno z drugimi \u0161olami na dr\u017eavni in mednarodni ravni,<\/li>\n<li>spremlja zaposlitvene mo\u017enosti dijakov po zaklju\u010dku izobra\u017eevanja,<\/li>\n<li>pripravlja poro\u010dila o evalvaciji kakovosti za obravnavo na pristojnih organih zavoda in na dr\u017eavni ravni in<\/li>\n<li>opravlja druge naloge po odlo\u010ditvi pristojnih organov v skladu z zakonom.<\/li>\n<\/ul>\n<p><a href=\"https:\/\/www.scpet.si\/izredno-izobrazevanje\/wp-content\/uploads\/sites\/4\/2021\/04\/EIO_SAMOEVALVACIJSKO_POROCILO_2016.pdf\" target=\"_blank\" rel=\"noopener\">Samoevalvacijsko poro\u010dilo 2016\/2017<\/a><\/p>\n<p><a href=\"https:\/\/www.scpet.si\/izredno-izobrazevanje\/wp-content\/uploads\/sites\/4\/2021\/04\/EIO_SAMOEVALVACIJSKO_POROCILO_2017.pdf\" target=\"_blank\" rel=\"noopener\">Samoevalvacijsko poro\u010dilo 2017\/2018<\/a><\/p>\n<\/div><div class=\"fusion-clearfix\"><\/div><\/div><\/div><\/div><\/div>\n","protected":false},"excerpt":{"rendered":"","protected":false},"author":5,"featured_media":0,"parent":0,"menu_order":0,"comment_status":"closed","ping_status":"closed","template":"","meta":{"_mi_skip_tracking":false,"_exactmetrics_sitenote_active":false,"_exactmetrics_sitenote_note":"","_exactmetrics_sitenote_category":0},"yoast_head":"<!-- This site is optimized with the Yoast SEO plugin v20.8 - https:\/\/yoast.com\/wordpress\/plugins\/seo\/ -->\n<title>KAKOVOST - IZREDNO IZOBRA\u017dEVANJE<\/title>\n<meta name=\"description\" content=\"Kakovost - Izredno izobra\u017eevanje ekonomija in telekomunikacije na \u0161olskem centru za po\u0161to, ekonimijo in telekomunikacije Ljubljana - \u0160C PET.\" \/>\n<meta name=\"robots\" content=\"index, follow, max-snippet:-1, max-image-preview:large, max-video-preview:-1\" \/>\n<link rel=\"canonical\" href=\"https:\/\/www.scpet.si\/izredno-izobrazevanje\/kakovost\/\" \/>\n<meta property=\"og:locale\" content=\"sl_SI\" \/>\n<meta property=\"og:type\" content=\"article\" \/>\n<meta property=\"og:title\" content=\"KAKOVOST - IZREDNO IZOBRA\u017dEVANJE\" \/>\n<meta property=\"og:description\" content=\"Kakovost - Izredno izobra\u017eevanje ekonomija in telekomunikacije na \u0161olskem centru za po\u0161to, ekonimijo in telekomunikacije Ljubljana - \u0160C PET.\" \/>\n<meta property=\"og:url\" content=\"https:\/\/www.scpet.si\/izredno-izobrazevanje\/kakovost\/\" \/>\n<meta property=\"og:site_name\" content=\"IZREDNO IZOBRA\u017dEVANJE\" \/>\n<meta property=\"article:modified_time\" content=\"2025-02-14T13:05:08+00:00\" \/>\n<meta name=\"twitter:card\" content=\"summary_large_image\" \/>\n<meta name=\"twitter:label1\" content=\"Est. reading time\" \/>\n\t<meta name=\"twitter:data1\" content=\"2 minuti\" \/>\n<script type=\"application\/ld+json\" class=\"yoast-schema-graph\">{\"@context\":\"https:\/\/schema.org\",\"@graph\":[{\"@type\":\"WebPage\",\"@id\":\"https:\/\/www.scpet.si\/izredno-izobrazevanje\/kakovost\/\",\"url\":\"https:\/\/www.scpet.si\/izredno-izobrazevanje\/kakovost\/\",\"name\":\"KAKOVOST - IZREDNO IZOBRA\u017dEVANJE\",\"isPartOf\":{\"@id\":\"https:\/\/www.scpet.si\/izredno-izobrazevanje\/#website\"},\"datePublished\":\"2019-08-08T12:07:18+00:00\",\"dateModified\":\"2025-02-14T13:05:08+00:00\",\"description\":\"Kakovost - Izredno izobra\u017eevanje ekonomija in telekomunikacije na \u0161olskem centru za po\u0161to, ekonimijo in telekomunikacije Ljubljana - \u0160C PET.\",\"breadcrumb\":{\"@id\":\"https:\/\/www.scpet.si\/izredno-izobrazevanje\/kakovost\/#breadcrumb\"},\"inLanguage\":\"sl-SI\",\"potentialAction\":[{\"@type\":\"ReadAction\",\"target\":[\"https:\/\/www.scpet.si\/izredno-izobrazevanje\/kakovost\/\"]}]},{\"@type\":\"BreadcrumbList\",\"@id\":\"https:\/\/www.scpet.si\/izredno-izobrazevanje\/kakovost\/#breadcrumb\",\"itemListElement\":[{\"@type\":\"ListItem\",\"position\":1,\"name\":\"Home\",\"item\":\"https:\/\/www.scpet.si\/izredno-izobrazevanje\/\"},{\"@type\":\"ListItem\",\"position\":2,\"name\":\"KAKOVOST\"}]},{\"@type\":\"WebSite\",\"@id\":\"https:\/\/www.scpet.si\/izredno-izobrazevanje\/#website\",\"url\":\"https:\/\/www.scpet.si\/izredno-izobrazevanje\/\",\"name\":\"IZREDNO IZOBRA\u017dEVANJE\",\"description\":\"Just another \u0160C PET Sites site\",\"potentialAction\":[{\"@type\":\"SearchAction\",\"target\":{\"@type\":\"EntryPoint\",\"urlTemplate\":\"https:\/\/www.scpet.si\/izredno-izobrazevanje\/?s={search_term_string}\"},\"query-input\":\"required name=search_term_string\"}],\"inLanguage\":\"sl-SI\"}]}<\/script>\n<!-- \/ Yoast SEO plugin. -->","yoast_head_json":{"title":"KAKOVOST - IZREDNO IZOBRA\u017dEVANJE","description":"Kakovost - Izredno izobra\u017eevanje ekonomija in telekomunikacije na \u0161olskem centru za po\u0161to, ekonimijo in telekomunikacije Ljubljana - \u0160C PET.","robots":{"index":"index","follow":"follow","max-snippet":"max-snippet:-1","max-image-preview":"max-image-preview:large","max-video-preview":"max-video-preview:-1"},"canonical":"https:\/\/www.scpet.si\/izredno-izobrazevanje\/kakovost\/","og_locale":"sl_SI","og_type":"article","og_title":"KAKOVOST - IZREDNO IZOBRA\u017dEVANJE","og_description":"Kakovost - Izredno izobra\u017eevanje ekonomija in telekomunikacije na \u0161olskem centru za po\u0161to, ekonimijo in telekomunikacije Ljubljana - \u0160C PET.","og_url":"https:\/\/www.scpet.si\/izredno-izobrazevanje\/kakovost\/","og_site_name":"IZREDNO IZOBRA\u017dEVANJE","article_modified_time":"2025-02-14T13:05:08+00:00","twitter_card":"summary_large_image","twitter_misc":{"Est. reading time":"2 minuti"},"schema":{"@context":"https:\/\/schema.org","@graph":[{"@type":"WebPage","@id":"https:\/\/www.scpet.si\/izredno-izobrazevanje\/kakovost\/","url":"https:\/\/www.scpet.si\/izredno-izobrazevanje\/kakovost\/","name":"KAKOVOST - IZREDNO IZOBRA\u017dEVANJE","isPartOf":{"@id":"https:\/\/www.scpet.si\/izredno-izobrazevanje\/#website"},"datePublished":"2019-08-08T12:07:18+00:00","dateModified":"2025-02-14T13:05:08+00:00","description":"Kakovost - Izredno izobra\u017eevanje ekonomija in telekomunikacije na \u0161olskem centru za po\u0161to, ekonimijo in telekomunikacije Ljubljana - \u0160C PET.","breadcrumb":{"@id":"https:\/\/www.scpet.si\/izredno-izobrazevanje\/kakovost\/#breadcrumb"},"inLanguage":"sl-SI","potentialAction":[{"@type":"ReadAction","target":["https:\/\/www.scpet.si\/izredno-izobrazevanje\/kakovost\/"]}]},{"@type":"BreadcrumbList","@id":"https:\/\/www.scpet.si\/izredno-izobrazevanje\/kakovost\/#breadcrumb","itemListElement":[{"@type":"ListItem","position":1,"name":"Home","item":"https:\/\/www.scpet.si\/izredno-izobrazevanje\/"},{"@type":"ListItem","position":2,"name":"KAKOVOST"}]},{"@type":"WebSite","@id":"https:\/\/www.scpet.si\/izredno-izobrazevanje\/#website","url":"https:\/\/www.scpet.si\/izredno-izobrazevanje\/","name":"IZREDNO IZOBRA\u017dEVANJE","description":"Just another \u0160C PET Sites site","potentialAction":[{"@type":"SearchAction","target":{"@type":"EntryPoint","urlTemplate":"https:\/\/www.scpet.si\/izredno-izobrazevanje\/?s={search_term_string}"},"query-input":"required name=search_term_string"}],"inLanguage":"sl-SI"}]}},"_links":{"self":[{"href":"https:\/\/www.scpet.si\/izredno-izobrazevanje\/wp-json\/wp\/v2\/pages\/88"}],"collection":[{"href":"https:\/\/www.scpet.si\/izredno-izobrazevanje\/wp-json\/wp\/v2\/pages"}],"about":[{"href":"https:\/\/www.scpet.si\/izredno-izobrazevanje\/wp-json\/wp\/v2\/types\/page"}],"author":[{"embeddable":true,"href":"https:\/\/www.scpet.si\/izredno-izobrazevanje\/wp-json\/wp\/v2\/users\/5"}],"replies":[{"embeddable":true,"href":"https:\/\/www.scpet.si\/izredno-izobrazevanje\/wp-json\/wp\/v2\/comments?post=88"}],"version-history":[{"count":0,"href":"https:\/\/www.scpet.si\/izredno-izobrazevanje\/wp-json\/wp\/v2\/pages\/88\/revisions"}],"wp:attachment":[{"href":"https:\/\/www.scpet.si\/izredno-izobrazevanje\/wp-json\/wp\/v2\/media?parent=88"}],"curies":[{"name":"wp","href":"https:\/\/api.w.org\/{rel}","templated":true}]}}