{"id":101,"date":"2019-08-02T16:40:34","date_gmt":"2019-08-02T14:40:34","guid":{"rendered":"http:\/\/scpet.lan\/srednja-tehniska-in-strokovna-sola\/vpis-prijava-copy\/"},"modified":"2023-11-10T14:56:39","modified_gmt":"2023-11-10T13:56:39","slug":"izpis-iz-evidence-duplikati","status":"publish","type":"page","link":"https:\/\/www.scpet.si\/srednja-tehniska-in-strokovna-sola\/izpis-iz-evidence-duplikati\/","title":{"rendered":"Izpis iz evidence \/duplikati\/"},"content":{"rendered":"<div class=\"fusion-fullwidth fullwidth-box fusion-builder-row-1 nonhundred-percent-fullwidth non-hundred-percent-height-scrolling\" style=\"background-color: rgba(255,255,255,0);background-position: center center;background-repeat: no-repeat;padding-top:0px;padding-right:0px;padding-bottom:0px;padding-left:0px;margin-bottom: 0px;margin-top: 0px;border-width: 0px 0px 0px 0px;border-color:#eae9e9;border-style:solid;\" ><div class=\"fusion-builder-row fusion-row\"><div class=\"fusion-layout-column fusion_builder_column fusion-builder-column-0 fusion_builder_column_1_1 1_1 fusion-one-full fusion-column-first fusion-column-last\" style=\"margin-top:0px;margin-bottom:0px;\"><div class=\"fusion-column-wrapper fusion-flex-column-wrapper-legacy\" style=\"background-position:left top;background-repeat:no-repeat;-webkit-background-size:cover;-moz-background-size:cover;-o-background-size:cover;background-size:cover;padding: 0px 0px 0px 0px;\"><style type=\"text\/css\"><\/style><div class=\"fusion-title title fusion-title-1 fusion-sep-none fusion-title-text fusion-title-size-one\" style=\"margin-top:0px;margin-right:0px;margin-bottom:31px;margin-left:0px;\"><h1 class=\"title-heading-left\" style=\"margin:0;\"><h2><span class=\"vsebina_naslov\">Izpis iz evidence \/duplikati\/<\/span><\/h2><\/h1><\/div><div class=\"fusion-text fusion-text-1\"><p style=\"text-align: center;\"><span style=\"font-size: 14pt;\"><b>POSTOPEK ZA PRIDOBITEV IZPISA IZ EVIDENCE (DUPLIKATA) SPRI\u010cEVALA<\/b><\/span><\/p>\n<p>1. <a href=\"https:\/\/www.scpet.si\/srednja-tehniska-in-strokovna-sola\/wp-content\/uploads\/sites\/2\/2023\/02\/Vloga_za_izdajo_duplikata2023.pdf\" target=\"_blank\" rel=\"noopener\"><b>IZPOLNITE VLOGO ZA IZDAJO NADOMESTNE JAVNE LISTINE <\/b>(povezava)<\/a> in jo osebno, po e-po\u0161ti (<a href=\"mailto:milena.bosnjak@scpet.si\">milena.bosnjak@scpet.si<\/a>, <a href=\"mailto:pija.dolnicar@scpet.si\" target=\"_blank\" rel=\"noopener\">pija.dolnicar@scpet.si<\/a>, <a href=\"mailto:scpet@scpet.si\" target=\"_blank\" rel=\"noopener\">scpet@scpet.si<\/a>) ali po po\u0161ti po\u0161ljite v tajni\u0161tvo \u0161ole.<\/p>\n<p>Prilo\u017eite tudi dokazilo o pla\u010dilu.<\/p>\n<p>2. <b>PLA\u010cILO IZDAJE IZPISA IZ EVIDENCE<\/b><\/p>\n<p>Cene veljajo za en izpis. \u010ce je izpisov ve\u010d, se znesek ustrezno pove\u010da.<\/p>\n<ul>\n<li>UPRAVNA TAKSA\u2026\u2026\u2026\u2026\u2026\u2026\u2026\u2026\u2026\u2026\u2026\u2026\u2026\u2026\u2026\u2026\u2026\u2026..\u2026.1,80 \u20ac (<i class=\"far fa-file-pdf\"><\/i> <a href=\"https:\/\/www.scpet.si\/srednja-tehniska-in-strokovna-sola\/wp-content\/uploads\/sites\/2\/2022\/08\/UPN-upravna_taksa.pdf\" target=\"_blank\" rel=\"noopener\">UPN s QR kodo<\/a>)<\/li>\n<li>IZPIS IZ EVIDENCE (izdaja duplikata) \u2026\u2026\u2026\u2026\u2026\u2026\u2026\u2026\u2026\u2026..16,00 \u20ac (<i class=\"far fa-file-pdf\"><\/i> <a href=\"https:\/\/www.scpet.si\/srednja-tehniska-in-strokovna-sola\/wp-content\/uploads\/sites\/2\/2022\/08\/UPN-izpisa_duplikata.pdf\" target=\"_blank\" rel=\"noopener\">UPN s QR kodo<\/a>)<\/li>\n<\/ul>\n<p>Polo\u017enice za pla\u010dilo lahko prevzamete v tajni\u0161tvu \u0161ole.<\/p>\n<p>PLA\u010cILO IZPISA (IZPISOV) OPRAVITE Z OBRAZCEM UPN:<\/p>\n<ul>\n<li>Pla\u010dilo upravne takse (1,80 \u20ac):<br \/>\n&#8211; MF UNPIS, Slovenska cesta 54, 1000 Ljubljana<br \/>\n&#8211; \u0161tevilka ra\u010duna: SI56 0110 0100 0315 637<br \/>\n&#8211; referenca: SI11 70041-7111002<\/li>\n<\/ul>\n<ul>\n<li>Pla\u010dilo izpisa (16,00 \u20ac\/izpis):<br \/>\n&#8211; \u0160OLSKI CENTER ZA PO\u0160TO, EKONOMIJO IN TELEKOMUNIKACIJE, Celjska ulica 16, 1000 Ljubljana<br \/>\n&#8211; \u0161tevilka ra\u010duna: SI56 01100-6030700426<br \/>\n&#8211; referenca: SI00 200-120500<br \/>\n&#8211; koda namena: OTHR<br \/>\n&#8211; namen: pla\u010dilo izpisa iz evidence<\/li>\n<\/ul>\n<p>3. <b>POSTOPEK IZPISA<\/b> iz evidence se bo za\u010del \u0161ele po prejetju vloge in potrdila o pla\u010dilu (upravne takse in izdaje izpisa iz evidence).<\/p>\n<p>4. <b>IZPIS IZ EVIDENCE<\/b> bo pripravljen v roku osmih delovnih dni po prejemu potrdila o pla\u010dilu.<\/p>\n<p>5. <b>PREVZEM IZPISA<\/b> iz evidence je osebno, v tajni\u0161tvu, v \u010dasu uradnih ur.<\/p>\n<p>Ob prevzemu izpisa iz evidence vam izdamo tudi ra\u010dun za pla\u010dilo izpisa.<\/p>\n<p><i>Ve\u010d informacij dobite v tajni\u0161tvu \u0161ole na telefonski \u0161tevilki: 01 2342 445<\/i>.<\/p>\n<\/div><div class=\"fusion-clearfix\"><\/div><\/div><\/div><\/div><\/div>\n","protected":false},"excerpt":{"rendered":"","protected":false},"author":1,"featured_media":0,"parent":0,"menu_order":0,"comment_status":"closed","ping_status":"closed","template":"100-width.php","meta":{"_mi_skip_tracking":false,"_exactmetrics_sitenote_active":false,"_exactmetrics_sitenote_note":"","_exactmetrics_sitenote_category":0},"yoast_head":"<!-- This site is optimized with the Yoast SEO plugin v20.8 - https:\/\/yoast.com\/wordpress\/plugins\/seo\/ -->\n<title>Izpis iz evidence \/duplikati\/ - SREDNJA TEHNI\u0160KA IN STROKOVNA \u0160OLA<\/title>\n<meta name=\"description\" content=\"Izpis iz evidence \/duplikati\/\" \/>\n<meta name=\"robots\" content=\"index, follow, max-snippet:-1, max-image-preview:large, max-video-preview:-1\" \/>\n<link rel=\"canonical\" href=\"https:\/\/www.scpet.si\/srednja-tehniska-in-strokovna-sola\/izpis-iz-evidence-duplikati\/\" \/>\n<meta property=\"og:locale\" content=\"sl_SI\" \/>\n<meta property=\"og:type\" content=\"article\" \/>\n<meta property=\"og:title\" content=\"Izpis iz evidence \/duplikati\/ - SREDNJA TEHNI\u0160KA IN STROKOVNA \u0160OLA\" \/>\n<meta property=\"og:description\" content=\"Izpis iz evidence \/duplikati\/\" \/>\n<meta property=\"og:url\" content=\"https:\/\/www.scpet.si\/srednja-tehniska-in-strokovna-sola\/izpis-iz-evidence-duplikati\/\" \/>\n<meta property=\"og:site_name\" content=\"SREDNJA TEHNI\u0160KA IN STROKOVNA \u0160OLA\" \/>\n<meta property=\"article:modified_time\" content=\"2023-11-10T13:56:39+00:00\" \/>\n<meta name=\"twitter:card\" content=\"summary_large_image\" \/>\n<meta name=\"twitter:label1\" content=\"Est. reading time\" \/>\n\t<meta name=\"twitter:data1\" content=\"3 minute\" \/>\n<script type=\"application\/ld+json\" class=\"yoast-schema-graph\">{\"@context\":\"https:\/\/schema.org\",\"@graph\":[{\"@type\":\"WebPage\",\"@id\":\"https:\/\/www.scpet.si\/srednja-tehniska-in-strokovna-sola\/izpis-iz-evidence-duplikati\/\",\"url\":\"https:\/\/www.scpet.si\/srednja-tehniska-in-strokovna-sola\/izpis-iz-evidence-duplikati\/\",\"name\":\"Izpis iz evidence \/duplikati\/ - SREDNJA TEHNI\u0160KA IN STROKOVNA \u0160OLA\",\"isPartOf\":{\"@id\":\"https:\/\/www.scpet.si\/srednja-tehniska-in-strokovna-sola\/#website\"},\"datePublished\":\"2019-08-02T14:40:34+00:00\",\"dateModified\":\"2023-11-10T13:56:39+00:00\",\"description\":\"Izpis iz evidence \/duplikati\/\",\"breadcrumb\":{\"@id\":\"https:\/\/www.scpet.si\/srednja-tehniska-in-strokovna-sola\/izpis-iz-evidence-duplikati\/#breadcrumb\"},\"inLanguage\":\"sl-SI\",\"potentialAction\":[{\"@type\":\"ReadAction\",\"target\":[\"https:\/\/www.scpet.si\/srednja-tehniska-in-strokovna-sola\/izpis-iz-evidence-duplikati\/\"]}]},{\"@type\":\"BreadcrumbList\",\"@id\":\"https:\/\/www.scpet.si\/srednja-tehniska-in-strokovna-sola\/izpis-iz-evidence-duplikati\/#breadcrumb\",\"itemListElement\":[{\"@type\":\"ListItem\",\"position\":1,\"name\":\"Home\",\"item\":\"https:\/\/www.scpet.si\/srednja-tehniska-in-strokovna-sola\/\"},{\"@type\":\"ListItem\",\"position\":2,\"name\":\"Izpis iz evidence \/duplikati\/\"}]},{\"@type\":\"WebSite\",\"@id\":\"https:\/\/www.scpet.si\/srednja-tehniska-in-strokovna-sola\/#website\",\"url\":\"https:\/\/www.scpet.si\/srednja-tehniska-in-strokovna-sola\/\",\"name\":\"SREDNJA TEHNI\u0160KA IN STROKOVNA \u0160OLA\",\"description\":\"Just another \u0160C PET Sites site\",\"potentialAction\":[{\"@type\":\"SearchAction\",\"target\":{\"@type\":\"EntryPoint\",\"urlTemplate\":\"https:\/\/www.scpet.si\/srednja-tehniska-in-strokovna-sola\/?s={search_term_string}\"},\"query-input\":\"required name=search_term_string\"}],\"inLanguage\":\"sl-SI\"}]}<\/script>\n<!-- \/ Yoast SEO plugin. -->","yoast_head_json":{"title":"Izpis iz evidence \/duplikati\/ - SREDNJA TEHNI\u0160KA IN STROKOVNA \u0160OLA","description":"Izpis iz evidence \/duplikati\/","robots":{"index":"index","follow":"follow","max-snippet":"max-snippet:-1","max-image-preview":"max-image-preview:large","max-video-preview":"max-video-preview:-1"},"canonical":"https:\/\/www.scpet.si\/srednja-tehniska-in-strokovna-sola\/izpis-iz-evidence-duplikati\/","og_locale":"sl_SI","og_type":"article","og_title":"Izpis iz evidence \/duplikati\/ - SREDNJA TEHNI\u0160KA IN STROKOVNA \u0160OLA","og_description":"Izpis iz evidence \/duplikati\/","og_url":"https:\/\/www.scpet.si\/srednja-tehniska-in-strokovna-sola\/izpis-iz-evidence-duplikati\/","og_site_name":"SREDNJA TEHNI\u0160KA IN STROKOVNA \u0160OLA","article_modified_time":"2023-11-10T13:56:39+00:00","twitter_card":"summary_large_image","twitter_misc":{"Est. reading time":"3 minute"},"schema":{"@context":"https:\/\/schema.org","@graph":[{"@type":"WebPage","@id":"https:\/\/www.scpet.si\/srednja-tehniska-in-strokovna-sola\/izpis-iz-evidence-duplikati\/","url":"https:\/\/www.scpet.si\/srednja-tehniska-in-strokovna-sola\/izpis-iz-evidence-duplikati\/","name":"Izpis iz evidence \/duplikati\/ - SREDNJA TEHNI\u0160KA IN STROKOVNA \u0160OLA","isPartOf":{"@id":"https:\/\/www.scpet.si\/srednja-tehniska-in-strokovna-sola\/#website"},"datePublished":"2019-08-02T14:40:34+00:00","dateModified":"2023-11-10T13:56:39+00:00","description":"Izpis iz evidence \/duplikati\/","breadcrumb":{"@id":"https:\/\/www.scpet.si\/srednja-tehniska-in-strokovna-sola\/izpis-iz-evidence-duplikati\/#breadcrumb"},"inLanguage":"sl-SI","potentialAction":[{"@type":"ReadAction","target":["https:\/\/www.scpet.si\/srednja-tehniska-in-strokovna-sola\/izpis-iz-evidence-duplikati\/"]}]},{"@type":"BreadcrumbList","@id":"https:\/\/www.scpet.si\/srednja-tehniska-in-strokovna-sola\/izpis-iz-evidence-duplikati\/#breadcrumb","itemListElement":[{"@type":"ListItem","position":1,"name":"Home","item":"https:\/\/www.scpet.si\/srednja-tehniska-in-strokovna-sola\/"},{"@type":"ListItem","position":2,"name":"Izpis iz evidence \/duplikati\/"}]},{"@type":"WebSite","@id":"https:\/\/www.scpet.si\/srednja-tehniska-in-strokovna-sola\/#website","url":"https:\/\/www.scpet.si\/srednja-tehniska-in-strokovna-sola\/","name":"SREDNJA TEHNI\u0160KA IN STROKOVNA \u0160OLA","description":"Just another \u0160C PET Sites site","potentialAction":[{"@type":"SearchAction","target":{"@type":"EntryPoint","urlTemplate":"https:\/\/www.scpet.si\/srednja-tehniska-in-strokovna-sola\/?s={search_term_string}"},"query-input":"required name=search_term_string"}],"inLanguage":"sl-SI"}]}},"_links":{"self":[{"href":"https:\/\/www.scpet.si\/srednja-tehniska-in-strokovna-sola\/wp-json\/wp\/v2\/pages\/101"}],"collection":[{"href":"https:\/\/www.scpet.si\/srednja-tehniska-in-strokovna-sola\/wp-json\/wp\/v2\/pages"}],"about":[{"href":"https:\/\/www.scpet.si\/srednja-tehniska-in-strokovna-sola\/wp-json\/wp\/v2\/types\/page"}],"author":[{"embeddable":true,"href":"https:\/\/www.scpet.si\/srednja-tehniska-in-strokovna-sola\/wp-json\/wp\/v2\/users\/1"}],"replies":[{"embeddable":true,"href":"https:\/\/www.scpet.si\/srednja-tehniska-in-strokovna-sola\/wp-json\/wp\/v2\/comments?post=101"}],"version-history":[{"count":0,"href":"https:\/\/www.scpet.si\/srednja-tehniska-in-strokovna-sola\/wp-json\/wp\/v2\/pages\/101\/revisions"}],"wp:attachment":[{"href":"https:\/\/www.scpet.si\/srednja-tehniska-in-strokovna-sola\/wp-json\/wp\/v2\/media?parent=101"}],"curies":[{"name":"wp","href":"https:\/\/api.w.org\/{rel}","templated":true}]}}