{"id":1054,"date":"2021-05-24T17:55:21","date_gmt":"2021-05-24T15:55:21","guid":{"rendered":"https:\/\/www.scpet.si\/srednja-tehniska-in-strokovna-sola\/?page_id=1054"},"modified":"2022-08-03T10:38:23","modified_gmt":"2022-08-03T08:38:23","slug":"8-ja-nacionalno-tekmovanje-programa-moje-podjetje-2021","status":"publish","type":"page","link":"https:\/\/www.scpet.si\/srednja-tehniska-in-strokovna-sola\/8-ja-nacionalno-tekmovanje-programa-moje-podjetje-2021\/","title":{"rendered":"8. JA nacionalno tekmovanje programa Moje podjetje 2021"},"content":{"rendered":"<div class=\"fusion-fullwidth fullwidth-box fusion-builder-row-1 fusion-flex-container nonhundred-percent-fullwidth non-hundred-percent-height-scrolling\" style=\"background-color: rgba(255,255,255,0);background-position: center center;background-repeat: no-repeat;border-width: 0px 0px 0px 0px;border-color:#eae9e9;border-style:solid;\" ><div class=\"fusion-builder-row fusion-row fusion-flex-align-items-flex-start\" style=\"max-width:1331.2px;margin-left: calc(-4% \/ 2 );margin-right: calc(-4% \/ 2 );\"><div class=\"fusion-layout-column fusion_builder_column fusion-builder-column-0 fusion_builder_column_1_1 1_1 fusion-flex-column\"><div class=\"fusion-column-wrapper fusion-flex-justify-content-flex-start fusion-content-layout-column\" style=\"background-position:left top;background-repeat:no-repeat;-webkit-background-size:cover;-moz-background-size:cover;-o-background-size:cover;background-size:cover;padding: 0px 0px 0px 0px;\"><div class=\"fusion-text fusion-text-1\"><h3>8. JA nacionalno tekmovanje programa Moje podjetje 2021<\/h3>\n<p>V \u0161olskem letu 2020\/2021 se je odvijalo \u017ee 8. JA nacionalno tekmovaje programa Moje podjetje, ki se je odvijalo v \u010detrtek in petek, 6. in 7. maja 2021. Dogodek je v leto\u0161njem letu potekal preko spleta, zaradi posledic COVID-19. Dogodek je bil izveden pod \u010dastnim\u00a0<strong>pokroviteljstvom predsednika Republike Slovenije g. Boruta Pahorja. \u00a0<\/strong><\/p>\n<p>\u200bTo \u0161olsko leto smo poudarjali podro\u010dja kro\u017enega gospodarstva in uporabe surovin. Vsebine smo izvajali s sodelovanjem v projektu <a href=\"https:\/\/eit-skills4future.eu\/\" target=\"_blank\" rel=\"noopener\">Skills for the future<\/a><u> <\/u>z Evropskim in\u0161titutom za inovacije in tehnologijo (EIT Raw Materials). S to prilo\u017enostjo smo dija\u0161ka podjetja spodbujali, da svoja dija\u0161ka podjetja osnujejo z mislijo na ponovno uporabo recikliranih materialov in surovin.<\/p>\n<p><a href=\"https:\/\/www.jaslovenija.si\/nacionalno-tekmovanje\" target=\"_blank\" rel=\"noopener\"><span class=\" fusion-imageframe imageframe-none imageframe-1 hover-type-none\"><img decoding=\"async\" width=\"244\" height=\"100\" src=\"https:\/\/www.scpet.si\/srednja-tehniska-in-strokovna-sola\/wp-content\/uploads\/sites\/2\/2021\/05\/Nacionalno-tekmovanje-II.jpg\" data-orig-src=\"https:\/\/www.scpet.si\/srednja-tehniska-in-strokovna-sola\/wp-content\/uploads\/sites\/2\/2021\/05\/Nacionalno-tekmovanje-II.jpg\" class=\"lazyload img-responsive wp-image-1044\" srcset=\"data:image\/svg+xml,%3Csvg%20xmlns%3D%27http%3A%2F%2Fwww.w3.org%2F2000%2Fsvg%27%20width%3D%27244%27%20height%3D%27100%27%20viewBox%3D%270%200%20244%20100%27%3E%3Crect%20width%3D%27244%27%20height%3D%27100%27%20fill-opacity%3D%220%22%2F%3E%3C%2Fsvg%3E\" data-srcset=\"https:\/\/www.scpet.si\/srednja-tehniska-in-strokovna-sola\/wp-content\/uploads\/sites\/2\/2021\/05\/Nacionalno-tekmovanje-II-200x82.jpg 200w, https:\/\/www.scpet.si\/srednja-tehniska-in-strokovna-sola\/wp-content\/uploads\/sites\/2\/2021\/05\/Nacionalno-tekmovanje-II.jpg 244w\" data-sizes=\"auto\" data-orig-sizes=\"(max-width: 1024px) 100vw, (max-width: 640px) 100vw, 244px\" \/><\/span><\/a><\/p>\n<p><a href=\"https:\/\/www.jaslovenija.si\/nacionalno-tekmovanje\" target=\"_blank\" rel=\"noopener\">https:\/\/www.jaslovenija.si\/nacionalno-tekmovanje<\/a><\/p>\n<p><strong>Dijaki so imeli prilo\u017enost osvojiti naslednja priznanja:<\/strong><\/p>\n<p>1. Nagrada Podjetje leta,<br \/>\n2. Priznanje za najbolj inovativen izdelek\/storitev,<br \/>\n3. Priznanje za najbolj\u0161e poro\u010dilo,<br \/>\n4. Priznanje za najbolj\u0161i reklamni film,<br \/>\n5. Priznanje za najbolj\u0161o podjetni\u0161ko idejo po izboru mentorjev,<br \/>\n6. Priznanja za najbolj\u0161e podjetje po izboru Alumni,<br \/>\n7. Priznanje za kro\u017eno gospodarstvo EIT RawMaterials,<br \/>\n8. Priznanje za najbolj\u0161i izdelek znamke I feel Slovenija,<br \/>\n9. Priznanje za najbolj izviren slovenski izdelek,<br \/>\n10. Priznanje za najbolj\u0161o prilagoditev na COVID-19,<br \/>\n11. Priznanje za najbolj\u0161i slovenski izum.<\/p>\n<blockquote>\n<p>\u00bbNa tekmovanje se je prijavilo osem dija\u0161kih podjetij, ki so bila ustanovljena v 3.d in 3.e oddelku programa Tehnik elektronskih komunikacij. Mentorica vseh podjetij je Andreja Glavi\u010d.\u00ab<\/p>\n<\/blockquote>\n<hr \/>\n<h4><a href=\"https:\/\/www.scpet.si\/srednja-tehniska-in-strokovna-sola\/8-ja-nacionalno-tekmovanje-programa-moje-podjetje-2021\/dijaska-podjetja-v-solskem-letu-2020-2021\/\" rel=\"noopener\"><strong>Oglejte si predstavitev na\u0161ih DIJA\u0160KIH PODJETIJ V \u0160OLSKEM LETU 2020\/2021. &gt; &gt; &gt;<\/strong><\/a><\/h4>\n<hr \/>\n<p>&nbsp;<\/p>\n<p>Kar pet od teh podjetij se je uvrstilo med finaliste v posameznih kategorijah.<\/p>\n<p><strong>1. Priznanje za podjetje leta<\/strong><\/p>\n<p>MUMBAN d. d., JA Slovenija (\u0160C PET)<\/p>\n<p>taPlu d. d., JA Slovenija (\u0160C PET)<\/p>\n<p>\u200b<\/p>\n<p><strong>2. Priznanje za najbolj inovativen izdelek\/storitev<\/strong><\/p>\n<p>MUMBAN d. d., JA Slovenija (\u0160C PET)<\/p>\n<p>\u200b<\/p>\n<p><strong>3. Priznanje za najbolj\u0161e poro\u010dilo<\/strong><\/p>\n<p>HOMEHOOP d. d., JA Slovenija (\u0160C PET)<\/p>\n<p>\u200b<\/p>\n<p><strong>4. Priznanje za najbolj\u0161i reklamni film<\/strong><\/p>\n<p>InBeatOn d. d., JA Slovenija (\u0160C PET)<\/p>\n<p><strong>\u00a0<\/strong><\/p>\n<p><strong>5. Priznanje EIT RawMaterials za kro\u017eno gospodarstvo<\/strong><\/p>\n<p>HOMEHOOP d. d., JA Slovenija (\u0160C PET)<\/p>\n<p>MUMBAN d. d., JA Slovenija (\u0160C PET)<\/p>\n<p>SKRS d. d., JA Slovenija (\u0160C PET)<\/p>\n<p>\u200b<\/p>\n<p><strong>6. Priznanje za najbolj izviren slovenski izdelek<\/strong><\/p>\n<p>MUMBAN d. d., JA Slovenija (\u0160C PET)<\/p>\n<p>\u200b<\/p>\n<p><strong>7. Priznanje za najbolj\u0161o prilagoditev na COVID-19<\/strong><\/p>\n<p>taPlu d. d., JA Slovenija (\u0160C PET)<\/p>\n<p>\u200b<\/p>\n<p><strong>8. Priznanje za najbolj\u0161i slovenski izum<\/strong><\/p>\n<p>MUMBAN d. d., JA Slovenija (\u0160C PET)<\/p>\n<blockquote>\n<p>\u00bbDve podjetji sta v finalnem tekmovanju zasedli najvi\u0161ja mesta.\u00ab<\/p>\n<\/blockquote>\n<h3>Podjetje HOMEHOOP<\/h3>\n<p><strong>Prvo mesto<\/strong> v kategoriji Priznanje za najbolj\u0161o podjetni\u0161ko idejo po izboru mentorjev (skupaj \u0161e z dvema podjetjema)<\/p>\n<p><strong>Tretje mesto<\/strong> v kategoriji Priznanje za kro\u017eno gospodarstvo EIT RawMaterials<\/p>\n<p>&nbsp;<\/p>\n<h3>Podjetje MUMBAN<\/h3>\n<p><strong>Tretje mesto<\/strong> v kategoriji Priznanje za najbolj izviren slovenski izdelek<\/p>\n<\/div><\/div><style type=\"text\/css\">.fusion-body .fusion-builder-column-0{width:100% !important;margin-top : 0px;margin-bottom : 0px;}.fusion-builder-column-0 > .fusion-column-wrapper {padding-top : 0px !important;padding-right : 0px !important;margin-right : 1.92%;padding-bottom : 0px !important;padding-left : 0px !important;margin-left : 1.92%;}@media only screen and (max-width:1024px) {.fusion-body .fusion-builder-column-0{width:100% !important;order : 0;}.fusion-builder-column-0 > .fusion-column-wrapper {margin-right : 1.92%;margin-left : 1.92%;}}@media only screen and (max-width:640px) {.fusion-body .fusion-builder-column-0{width:100% !important;order : 0;}.fusion-builder-column-0 > .fusion-column-wrapper {margin-right : 1.92%;margin-left : 1.92%;}}<\/style><\/div><\/div><style type=\"text\/css\">.fusion-body .fusion-flex-container.fusion-builder-row-1{ padding-top : 0px;margin-top : 0px;padding-right : 0px;padding-bottom : 0px;margin-bottom : 0px;padding-left : 0px;}<\/style><\/div>\n","protected":false},"excerpt":{"rendered":"","protected":false},"author":30,"featured_media":0,"parent":0,"menu_order":0,"comment_status":"closed","ping_status":"closed","template":"","meta":{"_mi_skip_tracking":false,"_exactmetrics_sitenote_active":false,"_exactmetrics_sitenote_note":"","_exactmetrics_sitenote_category":0},"yoast_head":"<!-- This site is optimized with the Yoast SEO plugin v20.8 - https:\/\/yoast.com\/wordpress\/plugins\/seo\/ -->\n<title>8. JA nacionalno tekmovanje programa Moje podjetje 2021 - SREDNJA TEHNI\u0160KA IN STROKOVNA \u0160OLA<\/title>\n<meta name=\"description\" content=\"V \u0161olskem letu 2020\/2021 se je odvijalo \u017ee 8. JA nacionalno tekmovaje programa Moje podjetje, ki se je odvijalo v \u010detrtek in petek, 6. in 7. maja 2021.\" \/>\n<meta name=\"robots\" content=\"index, follow, max-snippet:-1, max-image-preview:large, max-video-preview:-1\" \/>\n<link rel=\"canonical\" href=\"https:\/\/www.scpet.si\/srednja-tehniska-in-strokovna-sola\/8-ja-nacionalno-tekmovanje-programa-moje-podjetje-2021\/\" \/>\n<meta property=\"og:locale\" content=\"sl_SI\" \/>\n<meta property=\"og:type\" content=\"article\" \/>\n<meta property=\"og:title\" content=\"8. JA nacionalno tekmovanje programa Moje podjetje 2021 - SREDNJA TEHNI\u0160KA IN STROKOVNA \u0160OLA\" \/>\n<meta property=\"og:description\" content=\"V \u0161olskem letu 2020\/2021 se je odvijalo \u017ee 8. JA nacionalno tekmovaje programa Moje podjetje, ki se je odvijalo v \u010detrtek in petek, 6. in 7. maja 2021.\" \/>\n<meta property=\"og:url\" content=\"https:\/\/www.scpet.si\/srednja-tehniska-in-strokovna-sola\/8-ja-nacionalno-tekmovanje-programa-moje-podjetje-2021\/\" \/>\n<meta property=\"og:site_name\" content=\"SREDNJA TEHNI\u0160KA IN STROKOVNA \u0160OLA\" \/>\n<meta property=\"article:modified_time\" content=\"2022-08-03T08:38:23+00:00\" \/>\n<meta name=\"twitter:card\" content=\"summary_large_image\" \/>\n<meta name=\"twitter:label1\" content=\"Est. reading time\" \/>\n\t<meta name=\"twitter:data1\" content=\"6 minut\" \/>\n<script type=\"application\/ld+json\" class=\"yoast-schema-graph\">{\"@context\":\"https:\/\/schema.org\",\"@graph\":[{\"@type\":\"WebPage\",\"@id\":\"https:\/\/www.scpet.si\/srednja-tehniska-in-strokovna-sola\/8-ja-nacionalno-tekmovanje-programa-moje-podjetje-2021\/\",\"url\":\"https:\/\/www.scpet.si\/srednja-tehniska-in-strokovna-sola\/8-ja-nacionalno-tekmovanje-programa-moje-podjetje-2021\/\",\"name\":\"8. JA nacionalno tekmovanje programa Moje podjetje 2021 - SREDNJA TEHNI\u0160KA IN STROKOVNA \u0160OLA\",\"isPartOf\":{\"@id\":\"https:\/\/www.scpet.si\/srednja-tehniska-in-strokovna-sola\/#website\"},\"datePublished\":\"2021-05-24T15:55:21+00:00\",\"dateModified\":\"2022-08-03T08:38:23+00:00\",\"description\":\"V \u0161olskem letu 2020\/2021 se je odvijalo \u017ee 8. JA nacionalno tekmovaje programa Moje podjetje, ki se je odvijalo v \u010detrtek in petek, 6. in 7. maja 2021.\",\"breadcrumb\":{\"@id\":\"https:\/\/www.scpet.si\/srednja-tehniska-in-strokovna-sola\/8-ja-nacionalno-tekmovanje-programa-moje-podjetje-2021\/#breadcrumb\"},\"inLanguage\":\"sl-SI\",\"potentialAction\":[{\"@type\":\"ReadAction\",\"target\":[\"https:\/\/www.scpet.si\/srednja-tehniska-in-strokovna-sola\/8-ja-nacionalno-tekmovanje-programa-moje-podjetje-2021\/\"]}]},{\"@type\":\"BreadcrumbList\",\"@id\":\"https:\/\/www.scpet.si\/srednja-tehniska-in-strokovna-sola\/8-ja-nacionalno-tekmovanje-programa-moje-podjetje-2021\/#breadcrumb\",\"itemListElement\":[{\"@type\":\"ListItem\",\"position\":1,\"name\":\"Home\",\"item\":\"https:\/\/www.scpet.si\/srednja-tehniska-in-strokovna-sola\/\"},{\"@type\":\"ListItem\",\"position\":2,\"name\":\"8. JA nacionalno tekmovanje programa Moje podjetje 2021\"}]},{\"@type\":\"WebSite\",\"@id\":\"https:\/\/www.scpet.si\/srednja-tehniska-in-strokovna-sola\/#website\",\"url\":\"https:\/\/www.scpet.si\/srednja-tehniska-in-strokovna-sola\/\",\"name\":\"SREDNJA TEHNI\u0160KA IN STROKOVNA \u0160OLA\",\"description\":\"Just another \u0160C PET Sites site\",\"potentialAction\":[{\"@type\":\"SearchAction\",\"target\":{\"@type\":\"EntryPoint\",\"urlTemplate\":\"https:\/\/www.scpet.si\/srednja-tehniska-in-strokovna-sola\/?s={search_term_string}\"},\"query-input\":\"required name=search_term_string\"}],\"inLanguage\":\"sl-SI\"}]}<\/script>\n<!-- \/ Yoast SEO plugin. -->","yoast_head_json":{"title":"8. JA nacionalno tekmovanje programa Moje podjetje 2021 - SREDNJA TEHNI\u0160KA IN STROKOVNA \u0160OLA","description":"V \u0161olskem letu 2020\/2021 se je odvijalo \u017ee 8. JA nacionalno tekmovaje programa Moje podjetje, ki se je odvijalo v \u010detrtek in petek, 6. in 7. maja 2021.","robots":{"index":"index","follow":"follow","max-snippet":"max-snippet:-1","max-image-preview":"max-image-preview:large","max-video-preview":"max-video-preview:-1"},"canonical":"https:\/\/www.scpet.si\/srednja-tehniska-in-strokovna-sola\/8-ja-nacionalno-tekmovanje-programa-moje-podjetje-2021\/","og_locale":"sl_SI","og_type":"article","og_title":"8. JA nacionalno tekmovanje programa Moje podjetje 2021 - SREDNJA TEHNI\u0160KA IN STROKOVNA \u0160OLA","og_description":"V \u0161olskem letu 2020\/2021 se je odvijalo \u017ee 8. JA nacionalno tekmovaje programa Moje podjetje, ki se je odvijalo v \u010detrtek in petek, 6. in 7. maja 2021.","og_url":"https:\/\/www.scpet.si\/srednja-tehniska-in-strokovna-sola\/8-ja-nacionalno-tekmovanje-programa-moje-podjetje-2021\/","og_site_name":"SREDNJA TEHNI\u0160KA IN STROKOVNA \u0160OLA","article_modified_time":"2022-08-03T08:38:23+00:00","twitter_card":"summary_large_image","twitter_misc":{"Est. reading time":"6 minut"},"schema":{"@context":"https:\/\/schema.org","@graph":[{"@type":"WebPage","@id":"https:\/\/www.scpet.si\/srednja-tehniska-in-strokovna-sola\/8-ja-nacionalno-tekmovanje-programa-moje-podjetje-2021\/","url":"https:\/\/www.scpet.si\/srednja-tehniska-in-strokovna-sola\/8-ja-nacionalno-tekmovanje-programa-moje-podjetje-2021\/","name":"8. JA nacionalno tekmovanje programa Moje podjetje 2021 - SREDNJA TEHNI\u0160KA IN STROKOVNA \u0160OLA","isPartOf":{"@id":"https:\/\/www.scpet.si\/srednja-tehniska-in-strokovna-sola\/#website"},"datePublished":"2021-05-24T15:55:21+00:00","dateModified":"2022-08-03T08:38:23+00:00","description":"V \u0161olskem letu 2020\/2021 se je odvijalo \u017ee 8. JA nacionalno tekmovaje programa Moje podjetje, ki se je odvijalo v \u010detrtek in petek, 6. in 7. maja 2021.","breadcrumb":{"@id":"https:\/\/www.scpet.si\/srednja-tehniska-in-strokovna-sola\/8-ja-nacionalno-tekmovanje-programa-moje-podjetje-2021\/#breadcrumb"},"inLanguage":"sl-SI","potentialAction":[{"@type":"ReadAction","target":["https:\/\/www.scpet.si\/srednja-tehniska-in-strokovna-sola\/8-ja-nacionalno-tekmovanje-programa-moje-podjetje-2021\/"]}]},{"@type":"BreadcrumbList","@id":"https:\/\/www.scpet.si\/srednja-tehniska-in-strokovna-sola\/8-ja-nacionalno-tekmovanje-programa-moje-podjetje-2021\/#breadcrumb","itemListElement":[{"@type":"ListItem","position":1,"name":"Home","item":"https:\/\/www.scpet.si\/srednja-tehniska-in-strokovna-sola\/"},{"@type":"ListItem","position":2,"name":"8. JA nacionalno tekmovanje programa Moje podjetje 2021"}]},{"@type":"WebSite","@id":"https:\/\/www.scpet.si\/srednja-tehniska-in-strokovna-sola\/#website","url":"https:\/\/www.scpet.si\/srednja-tehniska-in-strokovna-sola\/","name":"SREDNJA TEHNI\u0160KA IN STROKOVNA \u0160OLA","description":"Just another \u0160C PET Sites site","potentialAction":[{"@type":"SearchAction","target":{"@type":"EntryPoint","urlTemplate":"https:\/\/www.scpet.si\/srednja-tehniska-in-strokovna-sola\/?s={search_term_string}"},"query-input":"required name=search_term_string"}],"inLanguage":"sl-SI"}]}},"_links":{"self":[{"href":"https:\/\/www.scpet.si\/srednja-tehniska-in-strokovna-sola\/wp-json\/wp\/v2\/pages\/1054"}],"collection":[{"href":"https:\/\/www.scpet.si\/srednja-tehniska-in-strokovna-sola\/wp-json\/wp\/v2\/pages"}],"about":[{"href":"https:\/\/www.scpet.si\/srednja-tehniska-in-strokovna-sola\/wp-json\/wp\/v2\/types\/page"}],"author":[{"embeddable":true,"href":"https:\/\/www.scpet.si\/srednja-tehniska-in-strokovna-sola\/wp-json\/wp\/v2\/users\/30"}],"replies":[{"embeddable":true,"href":"https:\/\/www.scpet.si\/srednja-tehniska-in-strokovna-sola\/wp-json\/wp\/v2\/comments?post=1054"}],"version-history":[{"count":0,"href":"https:\/\/www.scpet.si\/srednja-tehniska-in-strokovna-sola\/wp-json\/wp\/v2\/pages\/1054\/revisions"}],"wp:attachment":[{"href":"https:\/\/www.scpet.si\/srednja-tehniska-in-strokovna-sola\/wp-json\/wp\/v2\/media?parent=1054"}],"curies":[{"name":"wp","href":"https:\/\/api.w.org\/{rel}","templated":true}]}}