{"id":119,"date":"2019-08-02T16:44:45","date_gmt":"2019-08-02T14:44:45","guid":{"rendered":"http:\/\/scpet.lan\/srednja-tehniska-in-strokovna-sola\/vpis-prijava-copy-2\/"},"modified":"2026-04-01T11:23:15","modified_gmt":"2026-04-01T09:23:15","slug":"poklicna-matura","status":"publish","type":"page","link":"https:\/\/www.scpet.si\/srednja-tehniska-in-strokovna-sola\/poklicna-matura\/","title":{"rendered":"Poklicna matura"},"content":{"rendered":"<div class=\"fusion-fullwidth fullwidth-box fusion-builder-row-1 nonhundred-percent-fullwidth non-hundred-percent-height-scrolling\" style=\"background-color: rgba(255,255,255,0);background-position: center center;background-repeat: no-repeat;padding-top:0px;padding-right:0px;padding-bottom:0px;padding-left:0px;margin-bottom: 0px;margin-top: 0px;border-width: 0px 0px 0px 0px;border-color:#eae9e9;border-style:solid;\" ><div class=\"fusion-builder-row fusion-row\"><div class=\"fusion-layout-column fusion_builder_column fusion-builder-column-0 fusion_builder_column_1_1 1_1 fusion-one-full fusion-column-first fusion-column-last\" style=\"margin-top:0px;margin-bottom:0px;\"><div class=\"fusion-column-wrapper fusion-flex-column-wrapper-legacy\" style=\"background-position:left top;background-repeat:no-repeat;-webkit-background-size:cover;-moz-background-size:cover;-o-background-size:cover;background-size:cover;padding: 0px 0px 0px 0px;\"><style type=\"text\/css\"><\/style><div class=\"fusion-title title fusion-title-1 fusion-sep-none fusion-title-text fusion-title-size-one\" style=\"margin-top:0px;margin-right:0px;margin-bottom:31px;margin-left:0px;\"><h1 class=\"title-heading-left\" style=\"margin:0;\"><h2>Poklicna matura<\/h2><\/h1><\/div><div class=\"fusion-sep-clear\"><\/div><div class=\"fusion-separator fusion-full-width-sep\" style=\"margin-left: auto;margin-right: auto;margin-top:5px;margin-bottom:5px;width:100%;\"><\/div><div class=\"fusion-sep-clear\"><\/div><div class=\"fusion-text fusion-text-1\"><p><strong>Tajnik poklicne mature:<\/strong> Gregor \u017dagar<\/p>\n<p><strong>e-po\u0161ta:<\/strong> <a href=\"mailto:gregor.zagar@scpet.si\" target=\"_blank\" rel=\"noopener\">gregor.zagar@scpet.si<\/a><\/p>\n<p><strong>GSM:<\/strong> 051\/22-99-33<\/p>\n<\/div><div class=\"fusion-sep-clear\"><\/div><div class=\"fusion-separator fusion-full-width-sep\" style=\"margin-left: auto;margin-right: auto;margin-top:10px;margin-bottom:10px;width:100%;\"><\/div><div class=\"fusion-sep-clear\"><\/div><div class=\"fusion-text fusion-text-2\"><p><strong>Govorilne ure<br \/>\n<\/strong><\/p>\n<\/div><div class=\"fusion-text fusion-text-3\"><div class=\"table-1\">\n<table border=\"1\" width=\"440\">\n<tbody>\n<tr>\n<td style=\"text-align: center;\">\u00a0<strong>Dan<\/strong><\/td>\n<td style=\"text-align: center;\">\u00a0<strong>Ura<\/strong><\/td>\n<td style=\"text-align: center;\">\u00a0<strong>Kabinet<\/strong><\/td>\n<\/tr>\n<tr>\n<td>Ponedeljek<\/td>\n<td>\u00a09:00 &#8211; 10:00<\/td>\n<td>\u00a0Dunajska 106<br \/>\n6. nadstropje<\/td>\n<\/tr>\n<\/tbody>\n<\/table>\n<\/div>\n<\/div><div class=\"fusion-sep-clear\"><\/div><div class=\"fusion-separator fusion-full-width-sep\" style=\"margin-left: auto;margin-right: auto;margin-top:10px;margin-bottom:10px;width:100%;\"><\/div><div class=\"fusion-sep-clear\"><\/div><div class=\"fusion-sep-clear\"><\/div><div class=\"fusion-separator fusion-full-width-sep\" style=\"margin-left: auto;margin-right: auto;margin-top:5px;margin-bottom:5px;width:100%;\"><div class=\"fusion-separator-border sep-single sep-solid\" style=\"border-color:rgba(0,0,0,0.57);border-top-width:1px;\"><\/div><\/div><div class=\"fusion-sep-clear\"><\/div><div class=\"fusion-text fusion-text-4\"><h3><b>ZAKONODAJA<\/b><\/h3>\n<p><i class=\"far fa-file-pdf\"><\/i> <a href=\"https:\/\/www.scpet.si\/srednja-tehniska-in-strokovna-sola\/wp-content\/uploads\/sites\/2\/2020\/02\/Pravilnik_o_poklicni_maturi.pdf\" target=\"_blank\" rel=\"noopener\">Pravilnik o poklicni maturi<\/a><\/p>\n<p><i class=\"far fa-file-pdf\"><\/i> <a href=\"https:\/\/www.scpet.si\/srednja-tehniska-in-strokovna-sola\/wp-content\/uploads\/sites\/2\/2020\/02\/Navodila_o_izpitnem_redu_na_PM__splosna.pdf\" target=\"_blank\" rel=\"noopener\">Navodila o izpitnem redu pri poklicni maturi<\/a><\/p>\n<p><i class=\"fas fa-link\"><\/i> <a href=\"https:\/\/www.ric.si\/poklicna_matura\/splosne_informacije\/\" target=\"_blank\" rel=\"noopener\">RIC<\/a> &#8211; Republi\u0161ki izpitni center (dodatne informacije)<\/p>\n<\/div><div class=\"fusion-sep-clear\"><\/div><div class=\"fusion-separator fusion-full-width-sep\" style=\"margin-left: auto;margin-right: auto;margin-top:5px;margin-bottom:5px;width:100%;\"><div class=\"fusion-separator-border sep-single sep-solid\" style=\"border-color:rgba(0,0,0,0.57);border-top-width:1px;\"><\/div><\/div><div class=\"fusion-sep-clear\"><\/div><div class=\"fusion-text fusion-text-5\"><h3><strong>SPLO\u0160NO O POKLICNI MATURI<\/strong><\/h3>\n<p><i class=\"far fa-file-pdf\"><\/i> <a href=\"https:\/\/www.scpet.si\/srednja-tehniska-in-strokovna-sola\/wp-content\/uploads\/sites\/2\/2021\/10\/POKLICNA-MATURA-Splosne-informacije.pdf\" target=\"_blank\" rel=\"noopener\">Poklicna matura<\/a><\/p>\n<\/div><div class=\"fusion-sep-clear\"><\/div><div class=\"fusion-separator fusion-full-width-sep\" style=\"margin-left: auto;margin-right: auto;margin-top:5px;margin-bottom:5px;width:100%;\"><div class=\"fusion-separator-border sep-single sep-solid\" style=\"border-color:rgba(0,0,0,0.57);border-top-width:1px;\"><\/div><\/div><div class=\"fusion-sep-clear\"><\/div><div class=\"fusion-text fusion-text-6\"><h3><strong>NAVODILA \u0160C PET, STS\u0160<\/strong><\/h3>\n<p><i class=\"far fa-file-pdf\"><\/i> <a href=\"https:\/\/www.scpet.si\/srednja-tehniska-in-strokovna-sola\/wp-content\/uploads\/sites\/2\/2022\/10\/Izpitni-red.pdf\" target=\"_blank\" rel=\"noopener\">Izpitni red poklicne mature<\/a><\/p>\n<p><i class=\"far fa-file-pdf\"><\/i> <a href=\"https:\/\/www.scpet.si\/srednja-tehniska-in-strokovna-sola\/wp-content\/uploads\/sites\/2\/2022\/10\/Ocenjevanje-na-PM.pdf\" target=\"_blank\" rel=\"noopener\">Ocenjevanje poklicne mature<\/a><\/p>\n<p><i class=\"far fa-file-pdf\"><\/i> <a href=\"https:\/\/www.scpet.si\/srednja-tehniska-in-strokovna-sola\/wp-content\/uploads\/sites\/2\/2024\/08\/DOVOLJENI_PRIPOMOCKI_PM_2024_popravljeno_5_2_2024.pdf\" target=\"_blank\" rel=\"noopener\">Dovoljeno dodatno gradivo pri poklicni maturi<\/a><\/p>\n<p><i class=\"far fa-file-pdf\"><\/i> <a href=\"https:\/\/www.scpet.si\/srednja-tehniska-in-strokovna-sola\/wp-content\/uploads\/sites\/2\/2022\/10\/Prijavni-obrazec-za-PM.pdf\" target=\"_blank\" rel=\"noopener\">Prijava k poklicni maturi<\/a><\/p>\n<p><i class=\"far fa-file-pdf\"><\/i> <a href=\"https:\/\/www.scpet.si\/srednja-tehniska-in-strokovna-sola\/wp-content\/uploads\/sites\/2\/2022\/10\/Odjava_od_PM_predmeta.pdf\" target=\"_blank\" rel=\"noopener\">Odjava od poklicne mature<\/a><\/p>\n<p><i class=\"far fa-file-word\"><\/i> <a href=\"https:\/\/www.scpet.si\/srednja-tehniska-in-strokovna-sola\/wp-content\/uploads\/sites\/2\/2023\/10\/Vloga-za-odobritev-teme-oz.-naslova-izdelka-in-mentorja-za-4.-predmet-poklicne-mature-202324.docx\" target=\"_blank\" rel=\"noopener\">Vloga za odobritev teme in naslova<\/a><\/p>\n<p><i class=\"far fa-file-pdf\"><\/i> <a href=\"https:\/\/www.scpet.si\/srednja-tehniska-in-strokovna-sola\/wp-content\/uploads\/sites\/2\/2022\/10\/Prijava_k_izpitu_iz_predmeta_splosne_mature.pdf\" target=\"_blank\" rel=\"noopener\">Prijava k izpitu iz predmeta splo\u0161ne mature<\/a><\/p>\n<p><i class=\"far fa-file-excel\"><\/i> <a href=\"https:\/\/www.scpet.si\/srednja-tehniska-in-strokovna-sola\/wp-content\/uploads\/sites\/2\/2024\/04\/Preglednica_izpitnega_gradiva_za_poklicno_maturo_2024.xls\" target=\"_blank\" rel=\"noopener\">Preglednica izpitnega gradiva za Poklicno maturo 2024<\/a><\/p>\n<\/div><div class=\"fusion-sep-clear\"><\/div><div class=\"fusion-separator fusion-full-width-sep\" style=\"margin-left: auto;margin-right: auto;margin-top:5px;margin-bottom:5px;width:100%;\"><div class=\"fusion-separator-border sep-single sep-solid\" style=\"border-color:rgba(0,0,0,0.57);border-top-width:1px;\"><\/div><\/div><div class=\"fusion-sep-clear\"><\/div><div class=\"fusion-text fusion-text-7\"><h3><strong>\u0160OLSKA PRAVILA O IZVAJANJU 4. PREDMETA PRI POKLICNI MATURI<br \/>\n<\/strong><\/h3>\n<p><i class=\"far fa-file-pdf\"><\/i> <a href=\"https:\/\/www.scpet.si\/srednja-tehniska-in-strokovna-sola\/wp-content\/uploads\/sites\/2\/2024\/11\/Solski_pravilnik_za_4_predmet_2024.pdf\" target=\"_blank\" rel=\"noopener\">\u0160olska pravila o izvajanju 4. predmeta na poklicni maturi<\/a><\/p>\n<p><i class=\"far fa-file-pdf\"><\/i> <a href=\"https:\/\/www.scpet.si\/srednja-tehniska-in-strokovna-sola\/wp-content\/uploads\/sites\/2\/2025\/10\/Casovnica-za-4.-predmet-pokicne-mature-2025_26.pdf\" target=\"_blank\" rel=\"noopener\">\u010casovnica za 4. predmet poklicne mature<\/a><\/p>\n<\/div><div class=\"fusion-sep-clear\"><\/div><div class=\"fusion-separator fusion-full-width-sep\" style=\"margin-left: auto;margin-right: auto;margin-top:5px;margin-bottom:5px;width:100%;\"><div class=\"fusion-separator-border sep-single sep-solid\" style=\"border-color:rgba(0,0,0,0.57);border-top-width:1px;\"><\/div><\/div><div class=\"fusion-sep-clear\"><\/div><div class=\"fusion-text fusion-text-8\"><h3><strong>KOLEDAR POKLICNE MATURE 2025\/26<\/strong><\/h3>\n<ul>\n<li><i class=\"far fa-file-pdf\"><\/i> <a href=\"https:\/\/www.scpet.si\/srednja-tehniska-in-strokovna-sola\/wp-content\/uploads\/sites\/2\/2025\/10\/253.pdf\" target=\"_blank\" rel=\"noopener\">Zimski rok 2025<\/a><\/li>\n<li><i class=\"far fa-file-pdf\"><\/i> <a href=\"https:\/\/www.scpet.si\/srednja-tehniska-in-strokovna-sola\/wp-content\/uploads\/sites\/2\/2025\/10\/261.pdf\" target=\"_blank\" rel=\"noopener\">Spomladanski rok 2026<\/a><\/li>\n<li><i class=\"far fa-file-pdf\"><\/i> <a href=\"https:\/\/www.scpet.si\/srednja-tehniska-in-strokovna-sola\/wp-content\/uploads\/sites\/2\/2025\/10\/262.pdf\" target=\"_blank\" rel=\"noopener\">Jesenski rok 2026<\/a><\/li>\n<li><i class=\"far fa-file-pdf\"><\/i> <a href=\"https:\/\/www.scpet.si\/srednja-tehniska-in-strokovna-sola\/wp-content\/uploads\/sites\/2\/2026\/04\/Casovnica-za-4.-predmet-pokicne-mature-2025_26_1.pdf\" target=\"_blank\" rel=\"noopener\">\u010casovnica 4. predmeta poklicne mature 2025\/2026<\/a><\/li>\n<li><i class=\"far fa-file-pdf\"><\/i> <a href=\"https:\/\/www.scpet.si\/srednja-tehniska-in-strokovna-sola\/wp-content\/uploads\/sites\/2\/2026\/04\/Podaljsanje-roka-za-4.-predmet-pokicne-mature-2025_26_sklep.pdf\" target=\"_blank\" rel=\"noopener\">Podalj\u0161anje roka za 4. predmet poklicne mature 2025\/2026<\/a><\/li>\n<\/ul>\n<\/div><div class=\"fusion-clearfix\"><\/div><\/div><\/div><\/div><\/div>\n","protected":false},"excerpt":{"rendered":"","protected":false},"author":1,"featured_media":0,"parent":0,"menu_order":0,"comment_status":"closed","ping_status":"closed","template":"100-width.php","meta":{"_mi_skip_tracking":false,"_exactmetrics_sitenote_active":false,"_exactmetrics_sitenote_note":"","_exactmetrics_sitenote_category":0},"yoast_head":"<!-- This site is optimized with the Yoast SEO plugin v20.8 - https:\/\/yoast.com\/wordpress\/plugins\/seo\/ -->\n<title>Poklicna matura - SREDNJA TEHNI\u0160KA IN STROKOVNA \u0160OLA<\/title>\n<meta name=\"description\" content=\"Na srednji \u0161oli boste opravljali predmet poklicna matura na podro\u010dju ekonomije in telekomunikacije. Navodila in koledar poklicne mature.\" \/>\n<meta name=\"robots\" content=\"index, follow, max-snippet:-1, max-image-preview:large, max-video-preview:-1\" \/>\n<link rel=\"canonical\" href=\"https:\/\/www.scpet.si\/srednja-tehniska-in-strokovna-sola\/poklicna-matura\/\" \/>\n<meta property=\"og:locale\" content=\"sl_SI\" \/>\n<meta property=\"og:type\" content=\"article\" \/>\n<meta property=\"og:title\" content=\"Poklicna matura - SREDNJA TEHNI\u0160KA IN STROKOVNA \u0160OLA\" \/>\n<meta property=\"og:description\" content=\"Na srednji \u0161oli boste opravljali predmet poklicna matura na podro\u010dju ekonomije in telekomunikacije. Navodila in koledar poklicne mature.\" \/>\n<meta property=\"og:url\" content=\"https:\/\/www.scpet.si\/srednja-tehniska-in-strokovna-sola\/poklicna-matura\/\" \/>\n<meta property=\"og:site_name\" content=\"SREDNJA TEHNI\u0160KA IN STROKOVNA \u0160OLA\" \/>\n<meta property=\"article:modified_time\" content=\"2026-04-01T09:23:15+00:00\" \/>\n<meta name=\"twitter:card\" content=\"summary_large_image\" \/>\n<meta name=\"twitter:label1\" content=\"Est. reading time\" \/>\n\t<meta name=\"twitter:data1\" content=\"2 minuti\" \/>\n<script type=\"application\/ld+json\" class=\"yoast-schema-graph\">{\"@context\":\"https:\/\/schema.org\",\"@graph\":[{\"@type\":\"WebPage\",\"@id\":\"https:\/\/www.scpet.si\/srednja-tehniska-in-strokovna-sola\/poklicna-matura\/\",\"url\":\"https:\/\/www.scpet.si\/srednja-tehniska-in-strokovna-sola\/poklicna-matura\/\",\"name\":\"Poklicna matura - SREDNJA TEHNI\u0160KA IN STROKOVNA \u0160OLA\",\"isPartOf\":{\"@id\":\"https:\/\/www.scpet.si\/srednja-tehniska-in-strokovna-sola\/#website\"},\"datePublished\":\"2019-08-02T14:44:45+00:00\",\"dateModified\":\"2026-04-01T09:23:15+00:00\",\"description\":\"Na srednji \u0161oli boste opravljali predmet poklicna matura na podro\u010dju ekonomije in telekomunikacije. Navodila in koledar poklicne mature.\",\"breadcrumb\":{\"@id\":\"https:\/\/www.scpet.si\/srednja-tehniska-in-strokovna-sola\/poklicna-matura\/#breadcrumb\"},\"inLanguage\":\"sl-SI\",\"potentialAction\":[{\"@type\":\"ReadAction\",\"target\":[\"https:\/\/www.scpet.si\/srednja-tehniska-in-strokovna-sola\/poklicna-matura\/\"]}]},{\"@type\":\"BreadcrumbList\",\"@id\":\"https:\/\/www.scpet.si\/srednja-tehniska-in-strokovna-sola\/poklicna-matura\/#breadcrumb\",\"itemListElement\":[{\"@type\":\"ListItem\",\"position\":1,\"name\":\"Home\",\"item\":\"https:\/\/www.scpet.si\/srednja-tehniska-in-strokovna-sola\/\"},{\"@type\":\"ListItem\",\"position\":2,\"name\":\"Poklicna matura\"}]},{\"@type\":\"WebSite\",\"@id\":\"https:\/\/www.scpet.si\/srednja-tehniska-in-strokovna-sola\/#website\",\"url\":\"https:\/\/www.scpet.si\/srednja-tehniska-in-strokovna-sola\/\",\"name\":\"SREDNJA TEHNI\u0160KA IN STROKOVNA \u0160OLA\",\"description\":\"Just another \u0160C PET Sites site\",\"potentialAction\":[{\"@type\":\"SearchAction\",\"target\":{\"@type\":\"EntryPoint\",\"urlTemplate\":\"https:\/\/www.scpet.si\/srednja-tehniska-in-strokovna-sola\/?s={search_term_string}\"},\"query-input\":\"required name=search_term_string\"}],\"inLanguage\":\"sl-SI\"}]}<\/script>\n<!-- \/ Yoast SEO plugin. -->","yoast_head_json":{"title":"Poklicna matura - SREDNJA TEHNI\u0160KA IN STROKOVNA \u0160OLA","description":"Na srednji \u0161oli boste opravljali predmet poklicna matura na podro\u010dju ekonomije in telekomunikacije. Navodila in koledar poklicne mature.","robots":{"index":"index","follow":"follow","max-snippet":"max-snippet:-1","max-image-preview":"max-image-preview:large","max-video-preview":"max-video-preview:-1"},"canonical":"https:\/\/www.scpet.si\/srednja-tehniska-in-strokovna-sola\/poklicna-matura\/","og_locale":"sl_SI","og_type":"article","og_title":"Poklicna matura - SREDNJA TEHNI\u0160KA IN STROKOVNA \u0160OLA","og_description":"Na srednji \u0161oli boste opravljali predmet poklicna matura na podro\u010dju ekonomije in telekomunikacije. Navodila in koledar poklicne mature.","og_url":"https:\/\/www.scpet.si\/srednja-tehniska-in-strokovna-sola\/poklicna-matura\/","og_site_name":"SREDNJA TEHNI\u0160KA IN STROKOVNA \u0160OLA","article_modified_time":"2026-04-01T09:23:15+00:00","twitter_card":"summary_large_image","twitter_misc":{"Est. reading time":"2 minuti"},"schema":{"@context":"https:\/\/schema.org","@graph":[{"@type":"WebPage","@id":"https:\/\/www.scpet.si\/srednja-tehniska-in-strokovna-sola\/poklicna-matura\/","url":"https:\/\/www.scpet.si\/srednja-tehniska-in-strokovna-sola\/poklicna-matura\/","name":"Poklicna matura - SREDNJA TEHNI\u0160KA IN STROKOVNA \u0160OLA","isPartOf":{"@id":"https:\/\/www.scpet.si\/srednja-tehniska-in-strokovna-sola\/#website"},"datePublished":"2019-08-02T14:44:45+00:00","dateModified":"2026-04-01T09:23:15+00:00","description":"Na srednji \u0161oli boste opravljali predmet poklicna matura na podro\u010dju ekonomije in telekomunikacije. Navodila in koledar poklicne mature.","breadcrumb":{"@id":"https:\/\/www.scpet.si\/srednja-tehniska-in-strokovna-sola\/poklicna-matura\/#breadcrumb"},"inLanguage":"sl-SI","potentialAction":[{"@type":"ReadAction","target":["https:\/\/www.scpet.si\/srednja-tehniska-in-strokovna-sola\/poklicna-matura\/"]}]},{"@type":"BreadcrumbList","@id":"https:\/\/www.scpet.si\/srednja-tehniska-in-strokovna-sola\/poklicna-matura\/#breadcrumb","itemListElement":[{"@type":"ListItem","position":1,"name":"Home","item":"https:\/\/www.scpet.si\/srednja-tehniska-in-strokovna-sola\/"},{"@type":"ListItem","position":2,"name":"Poklicna matura"}]},{"@type":"WebSite","@id":"https:\/\/www.scpet.si\/srednja-tehniska-in-strokovna-sola\/#website","url":"https:\/\/www.scpet.si\/srednja-tehniska-in-strokovna-sola\/","name":"SREDNJA TEHNI\u0160KA IN STROKOVNA \u0160OLA","description":"Just another \u0160C PET Sites site","potentialAction":[{"@type":"SearchAction","target":{"@type":"EntryPoint","urlTemplate":"https:\/\/www.scpet.si\/srednja-tehniska-in-strokovna-sola\/?s={search_term_string}"},"query-input":"required name=search_term_string"}],"inLanguage":"sl-SI"}]}},"_links":{"self":[{"href":"https:\/\/www.scpet.si\/srednja-tehniska-in-strokovna-sola\/wp-json\/wp\/v2\/pages\/119"}],"collection":[{"href":"https:\/\/www.scpet.si\/srednja-tehniska-in-strokovna-sola\/wp-json\/wp\/v2\/pages"}],"about":[{"href":"https:\/\/www.scpet.si\/srednja-tehniska-in-strokovna-sola\/wp-json\/wp\/v2\/types\/page"}],"author":[{"embeddable":true,"href":"https:\/\/www.scpet.si\/srednja-tehniska-in-strokovna-sola\/wp-json\/wp\/v2\/users\/1"}],"replies":[{"embeddable":true,"href":"https:\/\/www.scpet.si\/srednja-tehniska-in-strokovna-sola\/wp-json\/wp\/v2\/comments?post=119"}],"version-history":[{"count":0,"href":"https:\/\/www.scpet.si\/srednja-tehniska-in-strokovna-sola\/wp-json\/wp\/v2\/pages\/119\/revisions"}],"wp:attachment":[{"href":"https:\/\/www.scpet.si\/srednja-tehniska-in-strokovna-sola\/wp-json\/wp\/v2\/media?parent=119"}],"curies":[{"name":"wp","href":"https:\/\/api.w.org\/{rel}","templated":true}]}}