{"id":133,"date":"2019-08-02T16:47:38","date_gmt":"2019-08-02T14:47:38","guid":{"rendered":"http:\/\/scpet.lan\/srednja-tehniska-in-strokovna-sola\/vpis-prijava-copy\/"},"modified":"2025-11-18T09:40:42","modified_gmt":"2025-11-18T08:40:42","slug":"svet-starsev","status":"publish","type":"page","link":"https:\/\/www.scpet.si\/srednja-tehniska-in-strokovna-sola\/svet-starsev\/","title":{"rendered":"Svet star\u0161ev"},"content":{"rendered":"<div class=\"fusion-fullwidth fullwidth-box fusion-builder-row-1 nonhundred-percent-fullwidth non-hundred-percent-height-scrolling\" style=\"background-color: rgba(255,255,255,0);background-position: center center;background-repeat: no-repeat;padding-top:0px;padding-right:0px;padding-bottom:0px;padding-left:0px;margin-bottom: 0px;margin-top: 0px;border-width: 0px 0px 0px 0px;border-color:#eae9e9;border-style:solid;\" ><div class=\"fusion-builder-row fusion-row\"><div class=\"fusion-layout-column fusion_builder_column fusion-builder-column-0 fusion_builder_column_1_1 1_1 fusion-one-full fusion-column-first fusion-column-last\" style=\"margin-top:0px;margin-bottom:0px;\"><div class=\"fusion-column-wrapper fusion-flex-column-wrapper-legacy\" style=\"background-position:left top;background-repeat:no-repeat;-webkit-background-size:cover;-moz-background-size:cover;-o-background-size:cover;background-size:cover;padding: 0px 0px 0px 0px;\"><style type=\"text\/css\"><\/style><div class=\"fusion-title title fusion-title-1 fusion-sep-none fusion-title-text fusion-title-size-one\" style=\"margin-top:0px;margin-right:0px;margin-bottom:31px;margin-left:0px;\"><h1 class=\"title-heading-left\" style=\"margin:0;\"><h2>Svet star\u0161ev<\/h2><\/h1><\/div><div class=\"fusion-text fusion-text-1\"><p>Za organizirano uresni\u010devanje interesa star\u0161ev se v javni \u0161oli oblikuje svet star\u0161ev.<\/p>\n<p>Sestavljen je tako, da ima v njem vsak oddelek po enega predstavnika, ki ga star\u0161i izvolijo na prvem roditeljskem sestanku oddelka v \u0161olskem letu.<\/p>\n<p><a href=\"\/srednja-tehniska-in-strokovna-sola\/wp-content\/uploads\/sites\/2\/2019\/10\/POSLOVNIK_SVETA_STAR\u0160EV-\u0160C-PET.pdf\" target=\"_blank\" rel=\"noopener\">POSLOVNIK O DELU SVETA STAR\u0160EV \u0160OLSKEGA CENTRA ZA PO\u0160TO, EKONOMIJO IN TELEKOMUNIKACIJE LJUBLJANA<\/a><\/p>\n<p><strong>SVET STAR\u0160EV V \u0160OLSKEM LETU 2025\/26<\/strong><\/p>\n<\/div><div class=\"fusion-text fusion-text-2\"><div class=\"table-1\">\n<table>\n<tbody>\n<tr>\n<td width=\"195\"><strong>Razred<\/strong><\/td>\n<td width=\"272\"><strong>Predstavnik star\u0161ev<\/strong><\/td>\n<\/tr>\n<tr>\n<td width=\"195\"><strong>1.a<\/strong><\/td>\n<td width=\"272\">Marija \u0160enk<\/p>\n<p>Petra Ivanu\u0161i\u010d (namestnica)<\/td>\n<\/tr>\n<tr>\n<td width=\"195\"><strong>1.b<\/strong><\/td>\n<td width=\"272\">Robert Pi\u0161\u010danc<\/td>\n<\/tr>\n<tr>\n<td width=\"195\"><strong>1.c<\/strong><\/td>\n<td width=\"272\">Danijela Vojnikovi\u0107<\/p>\n<p>Ana Katani\u0107 (namestnica)<\/td>\n<\/tr>\n<tr>\n<td width=\"195\"><strong>1.d<\/strong><\/td>\n<td width=\"272\">Anita Antoni\u010d Zakoji\u010d<\/td>\n<\/tr>\n<tr>\n<td width=\"195\"><strong>1.e<\/strong><\/td>\n<td width=\"272\">Tina Volk<\/p>\n<p>Katja \u017dabkar (namestnica)<\/td>\n<\/tr>\n<tr>\n<td width=\"195\"><strong>2.a<\/strong><\/td>\n<td width=\"272\">Mirka Bala\u017ei\u0107<\/td>\n<\/tr>\n<tr>\n<td width=\"195\"><strong>2.b<\/strong><\/td>\n<td width=\"272\">Mirjana Turk<\/td>\n<\/tr>\n<tr>\n<td width=\"195\"><strong>2.c<\/strong><\/td>\n<td width=\"272\">Boris Milo\u0161evi\u0107<\/p>\n<p>Ana Bratu\u017e (namestnica)<\/td>\n<\/tr>\n<tr>\n<td width=\"195\"><strong>2.d<\/strong><\/td>\n<td width=\"272\">Petra Kozjak<\/td>\n<\/tr>\n<tr>\n<td width=\"195\"><strong>2.e<\/strong><\/td>\n<td width=\"272\">Dejan Tusi\u0107<\/td>\n<\/tr>\n<tr>\n<td width=\"195\"><strong>3.a<\/strong><\/td>\n<td width=\"272\">Mojca Furlan Rejc<\/td>\n<\/tr>\n<tr>\n<td width=\"195\"><strong>3.b<\/strong><\/td>\n<td width=\"272\">Maja Malinovska Tomasovi\u0107<\/td>\n<\/tr>\n<tr>\n<td width=\"195\"><strong>3.c<\/strong><\/td>\n<td width=\"272\">Jerneja Kukovica<\/td>\n<\/tr>\n<tr>\n<td width=\"195\"><strong>3.d<\/strong><\/td>\n<td width=\"272\">Sanja Ani\u010d<\/p>\n<p>Mateja Aksentijevi\u0107 \u0160ribar (namestnica)<\/td>\n<\/tr>\n<tr>\n<td width=\"195\"><strong>3.e<\/strong><\/td>\n<td width=\"272\">Lidija Baloh<\/td>\n<\/tr>\n<tr>\n<td width=\"195\"><strong>4.a<\/strong><\/td>\n<td width=\"272\">Aldijana Beganovi\u0107<\/p>\n<p>Tina \u0160tifter (namestnica)<\/td>\n<\/tr>\n<tr>\n<td width=\"195\"><strong>4.b<\/strong><\/td>\n<td width=\"272\">Sanela Prpi\u010d<\/td>\n<\/tr>\n<tr>\n<td width=\"195\"><strong>4.c<\/strong><\/td>\n<td width=\"272\">Zijada Sulejmanovi\u0107<\/td>\n<\/tr>\n<tr>\n<td width=\"195\"><strong>4.d<\/strong><\/td>\n<td width=\"272\">Sabina Kastelic<\/p>\n<p>Veronika Zrli\u0107 (namestnica)<\/td>\n<\/tr>\n<tr>\n<td width=\"195\"><strong>4.e<\/strong><\/td>\n<td width=\"272\">Danijela Milanovi\u010d Prelogar<\/td>\n<\/tr>\n<\/tbody>\n<\/table>\n<\/div>\n<\/div><div class=\"fusion-clearfix\"><\/div><\/div><\/div><\/div><\/div>\n","protected":false},"excerpt":{"rendered":"","protected":false},"author":1,"featured_media":0,"parent":0,"menu_order":0,"comment_status":"closed","ping_status":"closed","template":"100-width.php","meta":{"_mi_skip_tracking":false,"_exactmetrics_sitenote_active":false,"_exactmetrics_sitenote_note":"","_exactmetrics_sitenote_category":0},"yoast_head":"<!-- This site is optimized with the Yoast SEO plugin v20.8 - https:\/\/yoast.com\/wordpress\/plugins\/seo\/ -->\n<title>Svet star\u0161ev - SREDNJA TEHNI\u0160KA IN STROKOVNA \u0160OLA<\/title>\n<meta name=\"description\" content=\"Svet star\u0161ev - Srednja tehni\u0161ka in strokovna \u0161ola - \u0160olski center za po\u0161to, ekonomijo in telekomunikacije Ljubljana - \u0160C PET.\" \/>\n<meta name=\"robots\" content=\"index, follow, max-snippet:-1, max-image-preview:large, max-video-preview:-1\" \/>\n<link rel=\"canonical\" href=\"https:\/\/www.scpet.si\/srednja-tehniska-in-strokovna-sola\/svet-starsev\/\" \/>\n<meta property=\"og:locale\" content=\"sl_SI\" \/>\n<meta property=\"og:type\" content=\"article\" \/>\n<meta property=\"og:title\" content=\"Svet star\u0161ev - SREDNJA TEHNI\u0160KA IN STROKOVNA \u0160OLA\" \/>\n<meta property=\"og:description\" content=\"Svet star\u0161ev - Srednja tehni\u0161ka in strokovna \u0161ola - \u0160olski center za po\u0161to, ekonomijo in telekomunikacije Ljubljana - \u0160C PET.\" \/>\n<meta property=\"og:url\" content=\"https:\/\/www.scpet.si\/srednja-tehniska-in-strokovna-sola\/svet-starsev\/\" \/>\n<meta property=\"og:site_name\" content=\"SREDNJA TEHNI\u0160KA IN STROKOVNA \u0160OLA\" \/>\n<meta property=\"article:modified_time\" content=\"2025-11-18T08:40:42+00:00\" \/>\n<meta name=\"twitter:card\" content=\"summary_large_image\" \/>\n<meta name=\"twitter:label1\" content=\"Est. reading time\" \/>\n\t<meta name=\"twitter:data1\" content=\"2 minuti\" \/>\n<script type=\"application\/ld+json\" class=\"yoast-schema-graph\">{\"@context\":\"https:\/\/schema.org\",\"@graph\":[{\"@type\":\"WebPage\",\"@id\":\"https:\/\/www.scpet.si\/srednja-tehniska-in-strokovna-sola\/svet-starsev\/\",\"url\":\"https:\/\/www.scpet.si\/srednja-tehniska-in-strokovna-sola\/svet-starsev\/\",\"name\":\"Svet star\u0161ev - SREDNJA TEHNI\u0160KA IN STROKOVNA \u0160OLA\",\"isPartOf\":{\"@id\":\"https:\/\/www.scpet.si\/srednja-tehniska-in-strokovna-sola\/#website\"},\"datePublished\":\"2019-08-02T14:47:38+00:00\",\"dateModified\":\"2025-11-18T08:40:42+00:00\",\"description\":\"Svet star\u0161ev - Srednja tehni\u0161ka in strokovna \u0161ola - \u0160olski center za po\u0161to, ekonomijo in telekomunikacije Ljubljana - \u0160C PET.\",\"breadcrumb\":{\"@id\":\"https:\/\/www.scpet.si\/srednja-tehniska-in-strokovna-sola\/svet-starsev\/#breadcrumb\"},\"inLanguage\":\"sl-SI\",\"potentialAction\":[{\"@type\":\"ReadAction\",\"target\":[\"https:\/\/www.scpet.si\/srednja-tehniska-in-strokovna-sola\/svet-starsev\/\"]}]},{\"@type\":\"BreadcrumbList\",\"@id\":\"https:\/\/www.scpet.si\/srednja-tehniska-in-strokovna-sola\/svet-starsev\/#breadcrumb\",\"itemListElement\":[{\"@type\":\"ListItem\",\"position\":1,\"name\":\"Home\",\"item\":\"https:\/\/www.scpet.si\/srednja-tehniska-in-strokovna-sola\/\"},{\"@type\":\"ListItem\",\"position\":2,\"name\":\"Svet star\u0161ev\"}]},{\"@type\":\"WebSite\",\"@id\":\"https:\/\/www.scpet.si\/srednja-tehniska-in-strokovna-sola\/#website\",\"url\":\"https:\/\/www.scpet.si\/srednja-tehniska-in-strokovna-sola\/\",\"name\":\"SREDNJA TEHNI\u0160KA IN STROKOVNA \u0160OLA\",\"description\":\"Just another \u0160C PET Sites site\",\"potentialAction\":[{\"@type\":\"SearchAction\",\"target\":{\"@type\":\"EntryPoint\",\"urlTemplate\":\"https:\/\/www.scpet.si\/srednja-tehniska-in-strokovna-sola\/?s={search_term_string}\"},\"query-input\":\"required name=search_term_string\"}],\"inLanguage\":\"sl-SI\"}]}<\/script>\n<!-- \/ Yoast SEO plugin. -->","yoast_head_json":{"title":"Svet star\u0161ev - SREDNJA TEHNI\u0160KA IN STROKOVNA \u0160OLA","description":"Svet star\u0161ev - Srednja tehni\u0161ka in strokovna \u0161ola - \u0160olski center za po\u0161to, ekonomijo in telekomunikacije Ljubljana - \u0160C PET.","robots":{"index":"index","follow":"follow","max-snippet":"max-snippet:-1","max-image-preview":"max-image-preview:large","max-video-preview":"max-video-preview:-1"},"canonical":"https:\/\/www.scpet.si\/srednja-tehniska-in-strokovna-sola\/svet-starsev\/","og_locale":"sl_SI","og_type":"article","og_title":"Svet star\u0161ev - SREDNJA TEHNI\u0160KA IN STROKOVNA \u0160OLA","og_description":"Svet star\u0161ev - Srednja tehni\u0161ka in strokovna \u0161ola - \u0160olski center za po\u0161to, ekonomijo in telekomunikacije Ljubljana - \u0160C PET.","og_url":"https:\/\/www.scpet.si\/srednja-tehniska-in-strokovna-sola\/svet-starsev\/","og_site_name":"SREDNJA TEHNI\u0160KA IN STROKOVNA \u0160OLA","article_modified_time":"2025-11-18T08:40:42+00:00","twitter_card":"summary_large_image","twitter_misc":{"Est. reading time":"2 minuti"},"schema":{"@context":"https:\/\/schema.org","@graph":[{"@type":"WebPage","@id":"https:\/\/www.scpet.si\/srednja-tehniska-in-strokovna-sola\/svet-starsev\/","url":"https:\/\/www.scpet.si\/srednja-tehniska-in-strokovna-sola\/svet-starsev\/","name":"Svet star\u0161ev - SREDNJA TEHNI\u0160KA IN STROKOVNA \u0160OLA","isPartOf":{"@id":"https:\/\/www.scpet.si\/srednja-tehniska-in-strokovna-sola\/#website"},"datePublished":"2019-08-02T14:47:38+00:00","dateModified":"2025-11-18T08:40:42+00:00","description":"Svet star\u0161ev - Srednja tehni\u0161ka in strokovna \u0161ola - \u0160olski center za po\u0161to, ekonomijo in telekomunikacije Ljubljana - \u0160C PET.","breadcrumb":{"@id":"https:\/\/www.scpet.si\/srednja-tehniska-in-strokovna-sola\/svet-starsev\/#breadcrumb"},"inLanguage":"sl-SI","potentialAction":[{"@type":"ReadAction","target":["https:\/\/www.scpet.si\/srednja-tehniska-in-strokovna-sola\/svet-starsev\/"]}]},{"@type":"BreadcrumbList","@id":"https:\/\/www.scpet.si\/srednja-tehniska-in-strokovna-sola\/svet-starsev\/#breadcrumb","itemListElement":[{"@type":"ListItem","position":1,"name":"Home","item":"https:\/\/www.scpet.si\/srednja-tehniska-in-strokovna-sola\/"},{"@type":"ListItem","position":2,"name":"Svet star\u0161ev"}]},{"@type":"WebSite","@id":"https:\/\/www.scpet.si\/srednja-tehniska-in-strokovna-sola\/#website","url":"https:\/\/www.scpet.si\/srednja-tehniska-in-strokovna-sola\/","name":"SREDNJA TEHNI\u0160KA IN STROKOVNA \u0160OLA","description":"Just another \u0160C PET Sites site","potentialAction":[{"@type":"SearchAction","target":{"@type":"EntryPoint","urlTemplate":"https:\/\/www.scpet.si\/srednja-tehniska-in-strokovna-sola\/?s={search_term_string}"},"query-input":"required name=search_term_string"}],"inLanguage":"sl-SI"}]}},"_links":{"self":[{"href":"https:\/\/www.scpet.si\/srednja-tehniska-in-strokovna-sola\/wp-json\/wp\/v2\/pages\/133"}],"collection":[{"href":"https:\/\/www.scpet.si\/srednja-tehniska-in-strokovna-sola\/wp-json\/wp\/v2\/pages"}],"about":[{"href":"https:\/\/www.scpet.si\/srednja-tehniska-in-strokovna-sola\/wp-json\/wp\/v2\/types\/page"}],"author":[{"embeddable":true,"href":"https:\/\/www.scpet.si\/srednja-tehniska-in-strokovna-sola\/wp-json\/wp\/v2\/users\/1"}],"replies":[{"embeddable":true,"href":"https:\/\/www.scpet.si\/srednja-tehniska-in-strokovna-sola\/wp-json\/wp\/v2\/comments?post=133"}],"version-history":[{"count":0,"href":"https:\/\/www.scpet.si\/srednja-tehniska-in-strokovna-sola\/wp-json\/wp\/v2\/pages\/133\/revisions"}],"wp:attachment":[{"href":"https:\/\/www.scpet.si\/srednja-tehniska-in-strokovna-sola\/wp-json\/wp\/v2\/media?parent=133"}],"curies":[{"name":"wp","href":"https:\/\/api.w.org\/{rel}","templated":true}]}}