{"id":135,"date":"2019-08-02T16:47:55","date_gmt":"2019-08-02T14:47:55","guid":{"rendered":"http:\/\/scpet.lan\/srednja-tehniska-in-strokovna-sola\/vpis-prijava-copy\/"},"modified":"2025-11-25T08:55:28","modified_gmt":"2025-11-25T07:55:28","slug":"dijaska-skupnost-stss","status":"publish","type":"page","link":"https:\/\/www.scpet.si\/srednja-tehniska-in-strokovna-sola\/dijaska-skupnost-stss\/","title":{"rendered":"Dija\u0161ka skupnost STS\u0160"},"content":{"rendered":"<div class=\"fusion-fullwidth fullwidth-box fusion-builder-row-1 nonhundred-percent-fullwidth non-hundred-percent-height-scrolling\" style=\"background-color: rgba(255,255,255,0);background-position: center center;background-repeat: no-repeat;padding-top:0px;padding-right:0px;padding-bottom:0px;padding-left:0px;margin-bottom: 0px;margin-top: 0px;border-width: 0px 0px 0px 0px;border-color:#eae9e9;border-style:solid;\" ><div class=\"fusion-builder-row fusion-row\"><div class=\"fusion-layout-column fusion_builder_column fusion-builder-column-0 fusion_builder_column_1_1 1_1 fusion-one-full fusion-column-first fusion-column-last\" style=\"margin-top:0px;margin-bottom:0px;\"><div class=\"fusion-column-wrapper fusion-flex-column-wrapper-legacy\" style=\"background-position:left top;background-repeat:no-repeat;-webkit-background-size:cover;-moz-background-size:cover;-o-background-size:cover;background-size:cover;padding: 0px 0px 0px 0px;\"><style type=\"text\/css\"><\/style><div class=\"fusion-title title fusion-title-1 fusion-sep-none fusion-title-text fusion-title-size-one\" style=\"margin-top:0px;margin-right:0px;margin-bottom:31px;margin-left:0px;\"><h1 class=\"title-heading-left\" style=\"margin:0;\"><h2>Dija\u0161ka skupnost STS\u0160<\/h2><\/h1><\/div><div class=\"fusion-text fusion-text-1\"><p>Dija\u0161ka skupnost Srednje tehni\u0161ke in strokovne \u0161ole vklju\u010duje dijake iz vseh letnikov in oddelkov obeh programov. Z aktivnim in ustvarjalnim delom soustvarjajo in oblikujejo celotno \u017eivljenje in delo \u0161ole.<\/p>\n<p>Preko dija\u0161ke skupnosti dijaki sodelujejo z vodstvom \u0161ole predvsem pri re\u0161evanju problematike u\u010denja in re\u0161evanju socialnih problemov, sodelujejo pri organizaciji interesnih dejavnosti in promociji \u0161ole, podajajo svoje predloge, \u017eelje in kritike.<\/p>\n<p>Delovanje dija\u0161ke skupnosti ureja\u00a0\u00a0<a href=\"https:\/\/www.scpet.si\/srednja-tehniska-in-strokovna-sola\/wp-content\/uploads\/sites\/2\/2023\/02\/Statut_01022023_podpisan.pdf\" target=\"_blank\" rel=\"noopener\">Statut dija\u0161ke skupnosti Srednje tehni\u0161ke in strokovne \u0161ole<\/a> (povezava).<\/p>\n<p>Mentorica dija\u0161ke skupnosti v \u0161olskem letu 2025\/ 2026 je prof. <strong>Ana Plesec.<\/strong><\/p>\n<p>Upravni odbor dija\u0161ke skupnosti sestavljajo:<\/p>\n<ul>\n<li>predsednica dija\u0161ke skupnosti: <strong>Klara Kostovska<\/strong>, 4. B<\/li>\n<li>namestnik predsednice dija\u0161ke skupnosti: <strong>Sandra Gaji\u0107<\/strong>, 2. A<\/li>\n<li>tajnica\/tajnik dija\u0161ke skupnosti: <strong>Manca \u010camernik<\/strong>, 2. B in<strong> Naj Mesari\u010d<\/strong>, 1. A<\/li>\n<\/ul>\n<hr \/>\n<p>Poslanci Dija\u0161ke skupnosti Ljubljana (DSL) in Dija\u0161ke organizacije Slovenije (DOS) so <strong>Klara Kostovska<\/strong>, 4. B, <strong>Ju\u0161 Jane\u017ei\u010d<\/strong>, 4. B in<strong> Kaja Radoni\u010d Repov\u017e<\/strong>, 3. C.<\/p>\n<hr \/>\n<\/div><div class=\"fusion-text fusion-text-2\"><p>Koristne povezave:<\/p>\n<ul>\n<li>Kri\u017ei\u0161\u010de mladosti <a href=\"https:\/\/www.mlad.si\/\" target=\"_blank\" rel=\"noopener\">mladi.si<\/a><\/li>\n<li>Dija\u0161ki net <a href=\"https:\/\/dijaski.net\/\" target=\"_blank\" rel=\"noopener\">dijaski.net<\/a><\/li>\n<\/ul>\n<\/div><div class=\"fusion-clearfix\"><\/div><\/div><\/div><\/div><\/div>\n","protected":false},"excerpt":{"rendered":"","protected":false},"author":1,"featured_media":0,"parent":0,"menu_order":0,"comment_status":"closed","ping_status":"closed","template":"100-width.php","meta":{"_mi_skip_tracking":false,"_exactmetrics_sitenote_active":false,"_exactmetrics_sitenote_note":"","_exactmetrics_sitenote_category":0},"yoast_head":"<!-- This site is optimized with the Yoast SEO plugin v20.8 - https:\/\/yoast.com\/wordpress\/plugins\/seo\/ -->\n<title>Dija\u0161ka skupnost STS\u0160 - SREDNJA TEHNI\u0160KA IN STROKOVNA \u0160OLA<\/title>\n<meta name=\"description\" content=\"Dija\u0161ka skupnost STS\u0160 - \u0160olski center za po\u0161to, ekonomijo in telekomunikacije Ljubljana.\" \/>\n<meta name=\"robots\" content=\"index, follow, max-snippet:-1, max-image-preview:large, max-video-preview:-1\" \/>\n<link rel=\"canonical\" href=\"https:\/\/www.scpet.si\/srednja-tehniska-in-strokovna-sola\/dijaska-skupnost-stss\/\" \/>\n<meta property=\"og:locale\" content=\"sl_SI\" \/>\n<meta property=\"og:type\" content=\"article\" \/>\n<meta property=\"og:title\" content=\"Dija\u0161ka skupnost STS\u0160 - SREDNJA TEHNI\u0160KA IN STROKOVNA \u0160OLA\" \/>\n<meta property=\"og:description\" content=\"Dija\u0161ka skupnost STS\u0160 - \u0160olski center za po\u0161to, ekonomijo in telekomunikacije Ljubljana.\" \/>\n<meta property=\"og:url\" content=\"https:\/\/www.scpet.si\/srednja-tehniska-in-strokovna-sola\/dijaska-skupnost-stss\/\" \/>\n<meta property=\"og:site_name\" content=\"SREDNJA TEHNI\u0160KA IN STROKOVNA \u0160OLA\" \/>\n<meta property=\"article:modified_time\" content=\"2025-11-25T07:55:28+00:00\" \/>\n<meta name=\"twitter:card\" content=\"summary_large_image\" \/>\n<meta name=\"twitter:label1\" content=\"Est. reading time\" \/>\n\t<meta name=\"twitter:data1\" content=\"2 minuti\" \/>\n<script type=\"application\/ld+json\" class=\"yoast-schema-graph\">{\"@context\":\"https:\/\/schema.org\",\"@graph\":[{\"@type\":\"WebPage\",\"@id\":\"https:\/\/www.scpet.si\/srednja-tehniska-in-strokovna-sola\/dijaska-skupnost-stss\/\",\"url\":\"https:\/\/www.scpet.si\/srednja-tehniska-in-strokovna-sola\/dijaska-skupnost-stss\/\",\"name\":\"Dija\u0161ka skupnost STS\u0160 - SREDNJA TEHNI\u0160KA IN STROKOVNA \u0160OLA\",\"isPartOf\":{\"@id\":\"https:\/\/www.scpet.si\/srednja-tehniska-in-strokovna-sola\/#website\"},\"datePublished\":\"2019-08-02T14:47:55+00:00\",\"dateModified\":\"2025-11-25T07:55:28+00:00\",\"description\":\"Dija\u0161ka skupnost STS\u0160 - \u0160olski center za po\u0161to, ekonomijo in telekomunikacije Ljubljana.\",\"breadcrumb\":{\"@id\":\"https:\/\/www.scpet.si\/srednja-tehniska-in-strokovna-sola\/dijaska-skupnost-stss\/#breadcrumb\"},\"inLanguage\":\"sl-SI\",\"potentialAction\":[{\"@type\":\"ReadAction\",\"target\":[\"https:\/\/www.scpet.si\/srednja-tehniska-in-strokovna-sola\/dijaska-skupnost-stss\/\"]}]},{\"@type\":\"BreadcrumbList\",\"@id\":\"https:\/\/www.scpet.si\/srednja-tehniska-in-strokovna-sola\/dijaska-skupnost-stss\/#breadcrumb\",\"itemListElement\":[{\"@type\":\"ListItem\",\"position\":1,\"name\":\"Home\",\"item\":\"https:\/\/www.scpet.si\/srednja-tehniska-in-strokovna-sola\/\"},{\"@type\":\"ListItem\",\"position\":2,\"name\":\"Dija\u0161ka skupnost STS\u0160\"}]},{\"@type\":\"WebSite\",\"@id\":\"https:\/\/www.scpet.si\/srednja-tehniska-in-strokovna-sola\/#website\",\"url\":\"https:\/\/www.scpet.si\/srednja-tehniska-in-strokovna-sola\/\",\"name\":\"SREDNJA TEHNI\u0160KA IN STROKOVNA \u0160OLA\",\"description\":\"Just another \u0160C PET Sites site\",\"potentialAction\":[{\"@type\":\"SearchAction\",\"target\":{\"@type\":\"EntryPoint\",\"urlTemplate\":\"https:\/\/www.scpet.si\/srednja-tehniska-in-strokovna-sola\/?s={search_term_string}\"},\"query-input\":\"required name=search_term_string\"}],\"inLanguage\":\"sl-SI\"}]}<\/script>\n<!-- \/ Yoast SEO plugin. -->","yoast_head_json":{"title":"Dija\u0161ka skupnost STS\u0160 - SREDNJA TEHNI\u0160KA IN STROKOVNA \u0160OLA","description":"Dija\u0161ka skupnost STS\u0160 - \u0160olski center za po\u0161to, ekonomijo in telekomunikacije Ljubljana.","robots":{"index":"index","follow":"follow","max-snippet":"max-snippet:-1","max-image-preview":"max-image-preview:large","max-video-preview":"max-video-preview:-1"},"canonical":"https:\/\/www.scpet.si\/srednja-tehniska-in-strokovna-sola\/dijaska-skupnost-stss\/","og_locale":"sl_SI","og_type":"article","og_title":"Dija\u0161ka skupnost STS\u0160 - SREDNJA TEHNI\u0160KA IN STROKOVNA \u0160OLA","og_description":"Dija\u0161ka skupnost STS\u0160 - \u0160olski center za po\u0161to, ekonomijo in telekomunikacije Ljubljana.","og_url":"https:\/\/www.scpet.si\/srednja-tehniska-in-strokovna-sola\/dijaska-skupnost-stss\/","og_site_name":"SREDNJA TEHNI\u0160KA IN STROKOVNA \u0160OLA","article_modified_time":"2025-11-25T07:55:28+00:00","twitter_card":"summary_large_image","twitter_misc":{"Est. reading time":"2 minuti"},"schema":{"@context":"https:\/\/schema.org","@graph":[{"@type":"WebPage","@id":"https:\/\/www.scpet.si\/srednja-tehniska-in-strokovna-sola\/dijaska-skupnost-stss\/","url":"https:\/\/www.scpet.si\/srednja-tehniska-in-strokovna-sola\/dijaska-skupnost-stss\/","name":"Dija\u0161ka skupnost STS\u0160 - SREDNJA TEHNI\u0160KA IN STROKOVNA \u0160OLA","isPartOf":{"@id":"https:\/\/www.scpet.si\/srednja-tehniska-in-strokovna-sola\/#website"},"datePublished":"2019-08-02T14:47:55+00:00","dateModified":"2025-11-25T07:55:28+00:00","description":"Dija\u0161ka skupnost STS\u0160 - \u0160olski center za po\u0161to, ekonomijo in telekomunikacije Ljubljana.","breadcrumb":{"@id":"https:\/\/www.scpet.si\/srednja-tehniska-in-strokovna-sola\/dijaska-skupnost-stss\/#breadcrumb"},"inLanguage":"sl-SI","potentialAction":[{"@type":"ReadAction","target":["https:\/\/www.scpet.si\/srednja-tehniska-in-strokovna-sola\/dijaska-skupnost-stss\/"]}]},{"@type":"BreadcrumbList","@id":"https:\/\/www.scpet.si\/srednja-tehniska-in-strokovna-sola\/dijaska-skupnost-stss\/#breadcrumb","itemListElement":[{"@type":"ListItem","position":1,"name":"Home","item":"https:\/\/www.scpet.si\/srednja-tehniska-in-strokovna-sola\/"},{"@type":"ListItem","position":2,"name":"Dija\u0161ka skupnost STS\u0160"}]},{"@type":"WebSite","@id":"https:\/\/www.scpet.si\/srednja-tehniska-in-strokovna-sola\/#website","url":"https:\/\/www.scpet.si\/srednja-tehniska-in-strokovna-sola\/","name":"SREDNJA TEHNI\u0160KA IN STROKOVNA \u0160OLA","description":"Just another \u0160C PET Sites site","potentialAction":[{"@type":"SearchAction","target":{"@type":"EntryPoint","urlTemplate":"https:\/\/www.scpet.si\/srednja-tehniska-in-strokovna-sola\/?s={search_term_string}"},"query-input":"required name=search_term_string"}],"inLanguage":"sl-SI"}]}},"_links":{"self":[{"href":"https:\/\/www.scpet.si\/srednja-tehniska-in-strokovna-sola\/wp-json\/wp\/v2\/pages\/135"}],"collection":[{"href":"https:\/\/www.scpet.si\/srednja-tehniska-in-strokovna-sola\/wp-json\/wp\/v2\/pages"}],"about":[{"href":"https:\/\/www.scpet.si\/srednja-tehniska-in-strokovna-sola\/wp-json\/wp\/v2\/types\/page"}],"author":[{"embeddable":true,"href":"https:\/\/www.scpet.si\/srednja-tehniska-in-strokovna-sola\/wp-json\/wp\/v2\/users\/1"}],"replies":[{"embeddable":true,"href":"https:\/\/www.scpet.si\/srednja-tehniska-in-strokovna-sola\/wp-json\/wp\/v2\/comments?post=135"}],"version-history":[{"count":0,"href":"https:\/\/www.scpet.si\/srednja-tehniska-in-strokovna-sola\/wp-json\/wp\/v2\/pages\/135\/revisions"}],"wp:attachment":[{"href":"https:\/\/www.scpet.si\/srednja-tehniska-in-strokovna-sola\/wp-json\/wp\/v2\/media?parent=135"}],"curies":[{"name":"wp","href":"https:\/\/api.w.org\/{rel}","templated":true}]}}