{"id":137,"date":"2019-08-02T16:48:13","date_gmt":"2019-08-02T14:48:13","guid":{"rendered":"http:\/\/scpet.lan\/srednja-tehniska-in-strokovna-sola\/vpis-prijava-copy\/"},"modified":"2024-01-19T12:38:25","modified_gmt":"2024-01-19T11:38:25","slug":"zakonodaja","status":"publish","type":"page","link":"https:\/\/www.scpet.si\/srednja-tehniska-in-strokovna-sola\/zakonodaja\/","title":{"rendered":"Zakonodaja"},"content":{"rendered":"<div class=\"fusion-fullwidth fullwidth-box fusion-builder-row-1 nonhundred-percent-fullwidth non-hundred-percent-height-scrolling\" style=\"background-color: rgba(255,255,255,0);background-position: center center;background-repeat: no-repeat;padding-top:0px;padding-right:0px;padding-bottom:0px;padding-left:0px;margin-bottom: 0px;margin-top: 0px;border-width: 0px 0px 0px 0px;border-color:#eae9e9;border-style:solid;\" ><div class=\"fusion-builder-row fusion-row\"><div class=\"fusion-layout-column fusion_builder_column fusion-builder-column-0 fusion_builder_column_1_1 1_1 fusion-one-full fusion-column-first fusion-column-last\" style=\"margin-top:0px;margin-bottom:0px;\"><div class=\"fusion-column-wrapper fusion-flex-column-wrapper-legacy\" style=\"background-position:left top;background-repeat:no-repeat;-webkit-background-size:cover;-moz-background-size:cover;-o-background-size:cover;background-size:cover;padding: 0px 0px 0px 0px;\"><style type=\"text\/css\"><\/style><div class=\"fusion-title title fusion-title-1 fusion-sep-none fusion-title-text fusion-title-size-one\" style=\"margin-top:0px;margin-right:0px;margin-bottom:31px;margin-left:0px;\"><h1 class=\"title-heading-left\" style=\"margin:0;\"><h2>Zakonodaja<\/h2><\/h1><\/div><div class=\"fusion-text fusion-text-1\"><p><strong>Vsi veljavni predpisi so dostopni na spletni strani Ministrstva za vzgojo in izobra\u017eevanje (MVI):<\/strong><\/p>\n<p><a href=\"https:\/\/www.gov.si\/drzavni-organi\/ministrstva\/ministrstvo-za-vzgojo-in-izobrazevanje\/zakonodaja\/#e27222\" target=\"_blank\" rel=\"noopener\">https:\/\/www.gov.si\/drzavni-organi\/ministrstva\/ministrstvo-za-vzgojo-in-izobrazevanje\/zakonodaja\/#e27222<\/a><\/p>\n<p><strong>VELJAVNI\u00a0 PREDPISI S PODRO\u010cJA IZOBRA\u017dEVANJA<\/strong><\/p>\n<p><a href=\"http:\/\/www.pisrs.si\/Pis.web\/pregledPredpisa?id=ZAKO445\" target=\"_blank\" rel=\"noopener\">Zakon o organizaciji in financiranju vzgoje in izobra\u017eevanja (ZOFVI)<\/a><br \/>\nUradni list RS, \u0161t. 12\/96<\/p>\n<p><a href=\"http:\/\/www.pisrs.si\/Pis.web\/pregledPredpisa?id=ZAKO4325\" target=\"_blank\" rel=\"noopener\">Zakon o poklicnem in strokovnem izobra\u017eevanju (ZPSI-1)<\/a><br \/>\nUradni list RS, \u0161t. 79\/06<\/p>\n<p><a href=\"http:\/\/www.pisrs.si\/Pis.web\/pregledPredpisa?id=ZAKO6564\" target=\"_blank\" rel=\"noopener\">Zakon o \u0161olski prehrani (Z\u0160olPre-1)<\/a><br \/>\nUradni list RS, \u0161t. 3\/13<\/p>\n<p><a href=\"http:\/\/www.pisrs.si\/Pis.web\/pregledPredpisa?id=ZAKO5896\" target=\"_blank\" rel=\"noopener\">Zakon o usmerjanju otrok s posebnimi potrebami (ZUOPP-1)<\/a><br \/>\nUradni list RS, \u0161t. 58\/11<\/p>\n<p><strong>PODZAKONSKI PREDPISI NA PODRO\u010cJU SREDNJE\u0160OLSKEGA IZOBRA\u017dEVANJA<\/strong><\/p>\n<p><a href=\"http:\/\/www.pisrs.si\/Pis.web\/pregledPredpisa?id=PRAV13431\" target=\"_blank\" rel=\"noopener\">Pravilnik o \u0161olskem redu v srednjih \u0161olah<\/a><br \/>\nUradni list RS, \u0161t. 30\/18 in 70\/19<\/p>\n<p><a href=\"http:\/\/www.pisrs.si\/Pis.web\/pregledPredpisa?id=PRAV13441\" target=\"_blank\" rel=\"noopener\">Pravilnik o ocenjevanju znanja v srednjih \u0161olah<\/a><br \/>\nUradni list RS, \u0161t. 30\/18<\/p>\n<p><a href=\"http:\/\/www.pisrs.si\/Pis.web\/pregledPredpisa?id=PRAV13430\" target=\"_blank\" rel=\"noopener\">Pravilnik o prilagoditvah \u0161olskih obveznosti dijaku v srednji \u0161oli<\/a><br \/>\nUradni list RS, \u0161t. 30\/18<\/p>\n<p><a href=\"http:\/\/www.pisrs.si\/Pis.web\/pregledPredpisa?id=PRAV6710\" target=\"_blank\" rel=\"noopener\">Pravilnik o poklicni maturi<\/a><br \/>\nUradni list RS, \u0161t. 44\/08<\/p>\n<p><a href=\"http:\/\/www.pisrs.si\/Pis.web\/pregledPredpisa?id=NAVO594\" target=\"_blank\" rel=\"noopener\">Navodila o izpitnem redu pri poklicni maturi<\/a><br \/>\nUradni list RS, \u0161t. 48\/02<\/p>\n<p><strong>INTERNI PRAVILNIKI SREDNJE TEHNI\u0160KE IN STROKOVNE \u0160OLE<\/strong><\/p>\n<p>Hi\u0161ni red <i class=\"fas fa-link\"><\/i><\/p>\n<p><a href=\"https:\/\/www.scpet.si\/srednja-tehniska-in-strokovna-sola\/wp-content\/uploads\/sites\/2\/2023\/11\/SOLSKA_PRAVILA_O_SOLSKEM_REDU_STSS.pdf\" target=\"_blank\" rel=\"noopener\">\u0160olska pravila o \u0161olskem redu<\/a> <i class=\"far fa-file-pdf\"><\/i><\/p>\n<p><a href=\"https:\/\/www.scpet.si\/srednja-tehniska-in-strokovna-sola\/wp-content\/uploads\/sites\/2\/2022\/09\/Solska-pravila-o-ocenjevanju-znanja-2022-23.pdf\" target=\"_blank\" rel=\"noopener\">\u0160olska pravila ocenjevanja znanja<\/a> <i class=\"far fa-file-pdf\"><\/i><\/p>\n<p><a href=\"https:\/\/www.scpet.si\/srednja-tehniska-in-strokovna-sola\/wp-content\/uploads\/sites\/2\/2022\/09\/Pravilnik-o-prilagajanju-obveznosti-v-srednji-soli-202223.pdf\" target=\"_blank\" rel=\"noopener\">\u0160olska pravila o prilagajanju obveznosti v srednji \u0161oli<\/a> <i class=\"far fa-file-pdf\"><\/i><\/p>\n<p><a href=\"https:\/\/www.scpet.si\/srednja-tehniska-in-strokovna-sola\/wp-content\/uploads\/sites\/2\/2019\/10\/%C5%A0olska-pravila-STS%C5%A0-%C5%A0C-PET-o-prilagajanju-obveznosti-dijakom-%C5%A1portnikom.pdf\">\u0160olska pravila o prilagoditvi obveznosti dijakom \u0161portnikom<\/a> <i class=\"far fa-file-pdf\"><\/i><\/p>\n<\/div><div class=\"fusion-clearfix\"><\/div><\/div><\/div><\/div><\/div>\n","protected":false},"excerpt":{"rendered":"","protected":false},"author":1,"featured_media":0,"parent":0,"menu_order":0,"comment_status":"closed","ping_status":"closed","template":"100-width.php","meta":{"_mi_skip_tracking":false,"_exactmetrics_sitenote_active":false,"_exactmetrics_sitenote_note":"","_exactmetrics_sitenote_category":0},"yoast_head":"<!-- This site is optimized with the Yoast SEO plugin v20.8 - https:\/\/yoast.com\/wordpress\/plugins\/seo\/ -->\n<title>Zakonodaja - SREDNJA TEHNI\u0160KA IN STROKOVNA \u0160OLA<\/title>\n<meta name=\"description\" content=\"Zakonodaja - Srednja tehni\u0161ka in strokovna \u0161ola - \u0160olski center za po\u0161to, ekonomijo in telekomunikacije Ljubljana - \u0160C PET.\" \/>\n<meta name=\"robots\" content=\"index, follow, max-snippet:-1, max-image-preview:large, max-video-preview:-1\" \/>\n<link rel=\"canonical\" href=\"https:\/\/www.scpet.si\/srednja-tehniska-in-strokovna-sola\/zakonodaja\/\" \/>\n<meta property=\"og:locale\" content=\"sl_SI\" \/>\n<meta property=\"og:type\" content=\"article\" \/>\n<meta property=\"og:title\" content=\"Zakonodaja - SREDNJA TEHNI\u0160KA IN STROKOVNA \u0160OLA\" \/>\n<meta property=\"og:description\" content=\"Zakonodaja - Srednja tehni\u0161ka in strokovna \u0161ola - \u0160olski center za po\u0161to, ekonomijo in telekomunikacije Ljubljana - \u0160C PET.\" \/>\n<meta property=\"og:url\" content=\"https:\/\/www.scpet.si\/srednja-tehniska-in-strokovna-sola\/zakonodaja\/\" \/>\n<meta property=\"og:site_name\" content=\"SREDNJA TEHNI\u0160KA IN STROKOVNA \u0160OLA\" \/>\n<meta property=\"article:modified_time\" content=\"2024-01-19T11:38:25+00:00\" \/>\n<meta name=\"twitter:card\" content=\"summary_large_image\" \/>\n<meta name=\"twitter:label1\" content=\"Est. reading time\" \/>\n\t<meta name=\"twitter:data1\" content=\"2 minuti\" \/>\n<script type=\"application\/ld+json\" class=\"yoast-schema-graph\">{\"@context\":\"https:\/\/schema.org\",\"@graph\":[{\"@type\":\"WebPage\",\"@id\":\"https:\/\/www.scpet.si\/srednja-tehniska-in-strokovna-sola\/zakonodaja\/\",\"url\":\"https:\/\/www.scpet.si\/srednja-tehniska-in-strokovna-sola\/zakonodaja\/\",\"name\":\"Zakonodaja - SREDNJA TEHNI\u0160KA IN STROKOVNA \u0160OLA\",\"isPartOf\":{\"@id\":\"https:\/\/www.scpet.si\/srednja-tehniska-in-strokovna-sola\/#website\"},\"datePublished\":\"2019-08-02T14:48:13+00:00\",\"dateModified\":\"2024-01-19T11:38:25+00:00\",\"description\":\"Zakonodaja - Srednja tehni\u0161ka in strokovna \u0161ola - \u0160olski center za po\u0161to, ekonomijo in telekomunikacije Ljubljana - \u0160C PET.\",\"breadcrumb\":{\"@id\":\"https:\/\/www.scpet.si\/srednja-tehniska-in-strokovna-sola\/zakonodaja\/#breadcrumb\"},\"inLanguage\":\"sl-SI\",\"potentialAction\":[{\"@type\":\"ReadAction\",\"target\":[\"https:\/\/www.scpet.si\/srednja-tehniska-in-strokovna-sola\/zakonodaja\/\"]}]},{\"@type\":\"BreadcrumbList\",\"@id\":\"https:\/\/www.scpet.si\/srednja-tehniska-in-strokovna-sola\/zakonodaja\/#breadcrumb\",\"itemListElement\":[{\"@type\":\"ListItem\",\"position\":1,\"name\":\"Home\",\"item\":\"https:\/\/www.scpet.si\/srednja-tehniska-in-strokovna-sola\/\"},{\"@type\":\"ListItem\",\"position\":2,\"name\":\"Zakonodaja\"}]},{\"@type\":\"WebSite\",\"@id\":\"https:\/\/www.scpet.si\/srednja-tehniska-in-strokovna-sola\/#website\",\"url\":\"https:\/\/www.scpet.si\/srednja-tehniska-in-strokovna-sola\/\",\"name\":\"SREDNJA TEHNI\u0160KA IN STROKOVNA \u0160OLA\",\"description\":\"Just another \u0160C PET Sites site\",\"potentialAction\":[{\"@type\":\"SearchAction\",\"target\":{\"@type\":\"EntryPoint\",\"urlTemplate\":\"https:\/\/www.scpet.si\/srednja-tehniska-in-strokovna-sola\/?s={search_term_string}\"},\"query-input\":\"required name=search_term_string\"}],\"inLanguage\":\"sl-SI\"}]}<\/script>\n<!-- \/ Yoast SEO plugin. -->","yoast_head_json":{"title":"Zakonodaja - SREDNJA TEHNI\u0160KA IN STROKOVNA \u0160OLA","description":"Zakonodaja - Srednja tehni\u0161ka in strokovna \u0161ola - \u0160olski center za po\u0161to, ekonomijo in telekomunikacije Ljubljana - \u0160C PET.","robots":{"index":"index","follow":"follow","max-snippet":"max-snippet:-1","max-image-preview":"max-image-preview:large","max-video-preview":"max-video-preview:-1"},"canonical":"https:\/\/www.scpet.si\/srednja-tehniska-in-strokovna-sola\/zakonodaja\/","og_locale":"sl_SI","og_type":"article","og_title":"Zakonodaja - SREDNJA TEHNI\u0160KA IN STROKOVNA \u0160OLA","og_description":"Zakonodaja - Srednja tehni\u0161ka in strokovna \u0161ola - \u0160olski center za po\u0161to, ekonomijo in telekomunikacije Ljubljana - \u0160C PET.","og_url":"https:\/\/www.scpet.si\/srednja-tehniska-in-strokovna-sola\/zakonodaja\/","og_site_name":"SREDNJA TEHNI\u0160KA IN STROKOVNA \u0160OLA","article_modified_time":"2024-01-19T11:38:25+00:00","twitter_card":"summary_large_image","twitter_misc":{"Est. reading time":"2 minuti"},"schema":{"@context":"https:\/\/schema.org","@graph":[{"@type":"WebPage","@id":"https:\/\/www.scpet.si\/srednja-tehniska-in-strokovna-sola\/zakonodaja\/","url":"https:\/\/www.scpet.si\/srednja-tehniska-in-strokovna-sola\/zakonodaja\/","name":"Zakonodaja - SREDNJA TEHNI\u0160KA IN STROKOVNA \u0160OLA","isPartOf":{"@id":"https:\/\/www.scpet.si\/srednja-tehniska-in-strokovna-sola\/#website"},"datePublished":"2019-08-02T14:48:13+00:00","dateModified":"2024-01-19T11:38:25+00:00","description":"Zakonodaja - Srednja tehni\u0161ka in strokovna \u0161ola - \u0160olski center za po\u0161to, ekonomijo in telekomunikacije Ljubljana - \u0160C PET.","breadcrumb":{"@id":"https:\/\/www.scpet.si\/srednja-tehniska-in-strokovna-sola\/zakonodaja\/#breadcrumb"},"inLanguage":"sl-SI","potentialAction":[{"@type":"ReadAction","target":["https:\/\/www.scpet.si\/srednja-tehniska-in-strokovna-sola\/zakonodaja\/"]}]},{"@type":"BreadcrumbList","@id":"https:\/\/www.scpet.si\/srednja-tehniska-in-strokovna-sola\/zakonodaja\/#breadcrumb","itemListElement":[{"@type":"ListItem","position":1,"name":"Home","item":"https:\/\/www.scpet.si\/srednja-tehniska-in-strokovna-sola\/"},{"@type":"ListItem","position":2,"name":"Zakonodaja"}]},{"@type":"WebSite","@id":"https:\/\/www.scpet.si\/srednja-tehniska-in-strokovna-sola\/#website","url":"https:\/\/www.scpet.si\/srednja-tehniska-in-strokovna-sola\/","name":"SREDNJA TEHNI\u0160KA IN STROKOVNA \u0160OLA","description":"Just another \u0160C PET Sites site","potentialAction":[{"@type":"SearchAction","target":{"@type":"EntryPoint","urlTemplate":"https:\/\/www.scpet.si\/srednja-tehniska-in-strokovna-sola\/?s={search_term_string}"},"query-input":"required name=search_term_string"}],"inLanguage":"sl-SI"}]}},"_links":{"self":[{"href":"https:\/\/www.scpet.si\/srednja-tehniska-in-strokovna-sola\/wp-json\/wp\/v2\/pages\/137"}],"collection":[{"href":"https:\/\/www.scpet.si\/srednja-tehniska-in-strokovna-sola\/wp-json\/wp\/v2\/pages"}],"about":[{"href":"https:\/\/www.scpet.si\/srednja-tehniska-in-strokovna-sola\/wp-json\/wp\/v2\/types\/page"}],"author":[{"embeddable":true,"href":"https:\/\/www.scpet.si\/srednja-tehniska-in-strokovna-sola\/wp-json\/wp\/v2\/users\/1"}],"replies":[{"embeddable":true,"href":"https:\/\/www.scpet.si\/srednja-tehniska-in-strokovna-sola\/wp-json\/wp\/v2\/comments?post=137"}],"version-history":[{"count":0,"href":"https:\/\/www.scpet.si\/srednja-tehniska-in-strokovna-sola\/wp-json\/wp\/v2\/pages\/137\/revisions"}],"wp:attachment":[{"href":"https:\/\/www.scpet.si\/srednja-tehniska-in-strokovna-sola\/wp-json\/wp\/v2\/media?parent=137"}],"curies":[{"name":"wp","href":"https:\/\/api.w.org\/{rel}","templated":true}]}}