{"id":1627,"date":"2022-01-07T14:18:04","date_gmt":"2022-01-07T13:18:04","guid":{"rendered":"https:\/\/www.scpet.si\/srednja-tehniska-in-strokovna-sola\/?page_id=1627"},"modified":"2022-08-10T08:56:23","modified_gmt":"2022-08-10T06:56:23","slug":"zakaj-se-vpisati","status":"publish","type":"page","link":"https:\/\/www.scpet.si\/srednja-tehniska-in-strokovna-sola\/zakaj-se-vpisati\/","title":{"rendered":"Zakaj se vpisati?"},"content":{"rendered":"<div class=\"fusion-fullwidth fullwidth-box fusion-builder-row-1 fusion-flex-container nonhundred-percent-fullwidth non-hundred-percent-height-scrolling\" style=\"background-color: rgba(255,255,255,0);background-position: center center;background-repeat: no-repeat;border-width: 0px 0px 0px 0px;border-color:#eae9e9;border-style:solid;\" ><div class=\"fusion-builder-row fusion-row fusion-flex-align-items-flex-start\" style=\"max-width:1331.2px;margin-left: calc(-4% \/ 2 );margin-right: calc(-4% \/ 2 );\"><div class=\"fusion-layout-column fusion_builder_column fusion-builder-column-0 fusion_builder_column_1_1 1_1 fusion-flex-column\"><div class=\"fusion-column-wrapper fusion-flex-justify-content-flex-start fusion-content-layout-column\" style=\"background-position:left top;background-repeat:no-repeat;-webkit-background-size:cover;-moz-background-size:cover;-o-background-size:cover;background-size:cover;padding: 0px 0px 0px 0px;\"><div class=\"fusion-text fusion-text-1\"><h3>EKONOMSKI TEHNIK\u00a0 in TEHNIK ELEKTRONSKIH KOMUNIKACIJ<\/h3>\n<ul>\n<li>\n<h4>Ker sta poklica perspektivna in zaposljiva.<\/h4>\n<\/li>\n<\/ul>\n<p>Po Poklicnem barometru Zavoda RS za zaposlovanje bo v naslednjih letih nara\u0161\u010dala potreba po knjigovodskem in ra\u010dunovodskem kadru ter drugih podobnih poklicih, ki jih lahko opravljajo ekonomski tehniki, prav tako pa bo nara\u0161\u010dala tudi potreba po monterjih in serviserjih naprav in omre\u017eij in drugih poklicih s podro\u010dja elektrotehnike, ki jih lahko opravljajo tehniki elektronskih komunikacij.<\/p>\n<ul>\n<li>\n<h4>Ker veliko dela poteka prakti\u010dno, tudi preko projektov.<\/h4>\n<\/li>\n<\/ul>\n<p>Dijaki imajo poleg obveznega prakti\u010dnega pouka v tretjem letniku, ki traja en mesec kot praksa pri delodajalcu, mo\u017enost prakti\u010dnega dela tudi pri razli\u010dnih predmetih v \u0161oli. V programu tehnik elektronskih komunikacij je tudi veliko prakti\u010dnega dela v specializiranih u\u010dilnicah in delavnici, ekonomski tehniki pa se u\u010dijo v okviru u\u010dnih dru\u017eb. Prakso lahko dijaki v okviru programa Erasmus+ opravljajo tudi v tujini.<\/p>\n<ul>\n<li>\n<h4>\u0160port in \u0161ola z roko v roki<\/h4>\n<\/li>\n<\/ul>\n<p>Kot ena redkih srednjih strokovnih \u0161ol sistemati\u010dno pristopamo k obravnavi mladih \u0161portnikov, na\u0161ih dijakov. V programu ekonomski tehnik tudi z oddelki z dijaki \u0161portniki. Tudi v programu tehnik elektronskih komunikacij dijakom \u0161portnikom nudimo prilagoditve dela, kolikor je to mogo\u010de, v okviru programa.<\/p>\n<\/div><\/div><style type=\"text\/css\">.fusion-body .fusion-builder-column-0{width:100% !important;margin-top : 0px;margin-bottom : 0px;}.fusion-builder-column-0 > .fusion-column-wrapper {padding-top : 0px !important;padding-right : 0px !important;margin-right : 1.92%;padding-bottom : 0px !important;padding-left : 0px !important;margin-left : 1.92%;}@media only screen and (max-width:1024px) {.fusion-body .fusion-builder-column-0{width:100% !important;order : 0;}.fusion-builder-column-0 > .fusion-column-wrapper {margin-right : 1.92%;margin-left : 1.92%;}}@media only screen and (max-width:640px) {.fusion-body .fusion-builder-column-0{width:100% !important;order : 0;}.fusion-builder-column-0 > .fusion-column-wrapper {margin-right : 1.92%;margin-left : 1.92%;}}<\/style><\/div><\/div><style type=\"text\/css\">.fusion-body .fusion-flex-container.fusion-builder-row-1{ padding-top : 0px;margin-top : 0px;padding-right : 0px;padding-bottom : 0px;margin-bottom : 0px;padding-left : 0px;}<\/style><\/div>\n","protected":false},"excerpt":{"rendered":"","protected":false},"author":5,"featured_media":0,"parent":0,"menu_order":0,"comment_status":"closed","ping_status":"closed","template":"","meta":{"_mi_skip_tracking":false,"_exactmetrics_sitenote_active":false,"_exactmetrics_sitenote_note":"","_exactmetrics_sitenote_category":0},"yoast_head":"<!-- This site is optimized with the Yoast SEO plugin v20.8 - https:\/\/yoast.com\/wordpress\/plugins\/seo\/ -->\n<title>Zakaj se vpisati? - SREDNJA TEHNI\u0160KA IN STROKOVNA \u0160OLA<\/title>\n<meta name=\"description\" content=\"Zakaj se vpisati - Srednja tehni\u0161ka in strokovna \u0161ola - \u0160olski center za po\u0161to, ekonomijo in telekomunikacije Ljubljana - \u0160C PET.\" \/>\n<meta name=\"robots\" content=\"index, follow, max-snippet:-1, max-image-preview:large, max-video-preview:-1\" \/>\n<link rel=\"canonical\" href=\"https:\/\/www.scpet.si\/srednja-tehniska-in-strokovna-sola\/zakaj-se-vpisati\/\" \/>\n<meta property=\"og:locale\" content=\"sl_SI\" \/>\n<meta property=\"og:type\" content=\"article\" \/>\n<meta property=\"og:title\" content=\"Zakaj se vpisati? - SREDNJA TEHNI\u0160KA IN STROKOVNA \u0160OLA\" \/>\n<meta property=\"og:description\" content=\"Zakaj se vpisati - Srednja tehni\u0161ka in strokovna \u0161ola - \u0160olski center za po\u0161to, ekonomijo in telekomunikacije Ljubljana - \u0160C PET.\" \/>\n<meta property=\"og:url\" content=\"https:\/\/www.scpet.si\/srednja-tehniska-in-strokovna-sola\/zakaj-se-vpisati\/\" \/>\n<meta property=\"og:site_name\" content=\"SREDNJA TEHNI\u0160KA IN STROKOVNA \u0160OLA\" \/>\n<meta property=\"article:modified_time\" content=\"2022-08-10T06:56:23+00:00\" \/>\n<meta name=\"twitter:card\" content=\"summary_large_image\" \/>\n<meta name=\"twitter:label1\" content=\"Est. reading time\" \/>\n\t<meta name=\"twitter:data1\" content=\"4 minute\" \/>\n<script type=\"application\/ld+json\" class=\"yoast-schema-graph\">{\"@context\":\"https:\/\/schema.org\",\"@graph\":[{\"@type\":\"WebPage\",\"@id\":\"https:\/\/www.scpet.si\/srednja-tehniska-in-strokovna-sola\/zakaj-se-vpisati\/\",\"url\":\"https:\/\/www.scpet.si\/srednja-tehniska-in-strokovna-sola\/zakaj-se-vpisati\/\",\"name\":\"Zakaj se vpisati? - SREDNJA TEHNI\u0160KA IN STROKOVNA \u0160OLA\",\"isPartOf\":{\"@id\":\"https:\/\/www.scpet.si\/srednja-tehniska-in-strokovna-sola\/#website\"},\"datePublished\":\"2022-01-07T13:18:04+00:00\",\"dateModified\":\"2022-08-10T06:56:23+00:00\",\"description\":\"Zakaj se vpisati - Srednja tehni\u0161ka in strokovna \u0161ola - \u0160olski center za po\u0161to, ekonomijo in telekomunikacije Ljubljana - \u0160C PET.\",\"breadcrumb\":{\"@id\":\"https:\/\/www.scpet.si\/srednja-tehniska-in-strokovna-sola\/zakaj-se-vpisati\/#breadcrumb\"},\"inLanguage\":\"sl-SI\",\"potentialAction\":[{\"@type\":\"ReadAction\",\"target\":[\"https:\/\/www.scpet.si\/srednja-tehniska-in-strokovna-sola\/zakaj-se-vpisati\/\"]}]},{\"@type\":\"BreadcrumbList\",\"@id\":\"https:\/\/www.scpet.si\/srednja-tehniska-in-strokovna-sola\/zakaj-se-vpisati\/#breadcrumb\",\"itemListElement\":[{\"@type\":\"ListItem\",\"position\":1,\"name\":\"Home\",\"item\":\"https:\/\/www.scpet.si\/srednja-tehniska-in-strokovna-sola\/\"},{\"@type\":\"ListItem\",\"position\":2,\"name\":\"Zakaj se vpisati?\"}]},{\"@type\":\"WebSite\",\"@id\":\"https:\/\/www.scpet.si\/srednja-tehniska-in-strokovna-sola\/#website\",\"url\":\"https:\/\/www.scpet.si\/srednja-tehniska-in-strokovna-sola\/\",\"name\":\"SREDNJA TEHNI\u0160KA IN STROKOVNA \u0160OLA\",\"description\":\"Just another \u0160C PET Sites site\",\"potentialAction\":[{\"@type\":\"SearchAction\",\"target\":{\"@type\":\"EntryPoint\",\"urlTemplate\":\"https:\/\/www.scpet.si\/srednja-tehniska-in-strokovna-sola\/?s={search_term_string}\"},\"query-input\":\"required name=search_term_string\"}],\"inLanguage\":\"sl-SI\"}]}<\/script>\n<!-- \/ Yoast SEO plugin. -->","yoast_head_json":{"title":"Zakaj se vpisati? - SREDNJA TEHNI\u0160KA IN STROKOVNA \u0160OLA","description":"Zakaj se vpisati - Srednja tehni\u0161ka in strokovna \u0161ola - \u0160olski center za po\u0161to, ekonomijo in telekomunikacije Ljubljana - \u0160C PET.","robots":{"index":"index","follow":"follow","max-snippet":"max-snippet:-1","max-image-preview":"max-image-preview:large","max-video-preview":"max-video-preview:-1"},"canonical":"https:\/\/www.scpet.si\/srednja-tehniska-in-strokovna-sola\/zakaj-se-vpisati\/","og_locale":"sl_SI","og_type":"article","og_title":"Zakaj se vpisati? - SREDNJA TEHNI\u0160KA IN STROKOVNA \u0160OLA","og_description":"Zakaj se vpisati - Srednja tehni\u0161ka in strokovna \u0161ola - \u0160olski center za po\u0161to, ekonomijo in telekomunikacije Ljubljana - \u0160C PET.","og_url":"https:\/\/www.scpet.si\/srednja-tehniska-in-strokovna-sola\/zakaj-se-vpisati\/","og_site_name":"SREDNJA TEHNI\u0160KA IN STROKOVNA \u0160OLA","article_modified_time":"2022-08-10T06:56:23+00:00","twitter_card":"summary_large_image","twitter_misc":{"Est. reading time":"4 minute"},"schema":{"@context":"https:\/\/schema.org","@graph":[{"@type":"WebPage","@id":"https:\/\/www.scpet.si\/srednja-tehniska-in-strokovna-sola\/zakaj-se-vpisati\/","url":"https:\/\/www.scpet.si\/srednja-tehniska-in-strokovna-sola\/zakaj-se-vpisati\/","name":"Zakaj se vpisati? - SREDNJA TEHNI\u0160KA IN STROKOVNA \u0160OLA","isPartOf":{"@id":"https:\/\/www.scpet.si\/srednja-tehniska-in-strokovna-sola\/#website"},"datePublished":"2022-01-07T13:18:04+00:00","dateModified":"2022-08-10T06:56:23+00:00","description":"Zakaj se vpisati - Srednja tehni\u0161ka in strokovna \u0161ola - \u0160olski center za po\u0161to, ekonomijo in telekomunikacije Ljubljana - \u0160C PET.","breadcrumb":{"@id":"https:\/\/www.scpet.si\/srednja-tehniska-in-strokovna-sola\/zakaj-se-vpisati\/#breadcrumb"},"inLanguage":"sl-SI","potentialAction":[{"@type":"ReadAction","target":["https:\/\/www.scpet.si\/srednja-tehniska-in-strokovna-sola\/zakaj-se-vpisati\/"]}]},{"@type":"BreadcrumbList","@id":"https:\/\/www.scpet.si\/srednja-tehniska-in-strokovna-sola\/zakaj-se-vpisati\/#breadcrumb","itemListElement":[{"@type":"ListItem","position":1,"name":"Home","item":"https:\/\/www.scpet.si\/srednja-tehniska-in-strokovna-sola\/"},{"@type":"ListItem","position":2,"name":"Zakaj se vpisati?"}]},{"@type":"WebSite","@id":"https:\/\/www.scpet.si\/srednja-tehniska-in-strokovna-sola\/#website","url":"https:\/\/www.scpet.si\/srednja-tehniska-in-strokovna-sola\/","name":"SREDNJA TEHNI\u0160KA IN STROKOVNA \u0160OLA","description":"Just another \u0160C PET Sites site","potentialAction":[{"@type":"SearchAction","target":{"@type":"EntryPoint","urlTemplate":"https:\/\/www.scpet.si\/srednja-tehniska-in-strokovna-sola\/?s={search_term_string}"},"query-input":"required name=search_term_string"}],"inLanguage":"sl-SI"}]}},"_links":{"self":[{"href":"https:\/\/www.scpet.si\/srednja-tehniska-in-strokovna-sola\/wp-json\/wp\/v2\/pages\/1627"}],"collection":[{"href":"https:\/\/www.scpet.si\/srednja-tehniska-in-strokovna-sola\/wp-json\/wp\/v2\/pages"}],"about":[{"href":"https:\/\/www.scpet.si\/srednja-tehniska-in-strokovna-sola\/wp-json\/wp\/v2\/types\/page"}],"author":[{"embeddable":true,"href":"https:\/\/www.scpet.si\/srednja-tehniska-in-strokovna-sola\/wp-json\/wp\/v2\/users\/5"}],"replies":[{"embeddable":true,"href":"https:\/\/www.scpet.si\/srednja-tehniska-in-strokovna-sola\/wp-json\/wp\/v2\/comments?post=1627"}],"version-history":[{"count":0,"href":"https:\/\/www.scpet.si\/srednja-tehniska-in-strokovna-sola\/wp-json\/wp\/v2\/pages\/1627\/revisions"}],"wp:attachment":[{"href":"https:\/\/www.scpet.si\/srednja-tehniska-in-strokovna-sola\/wp-json\/wp\/v2\/media?parent=1627"}],"curies":[{"name":"wp","href":"https:\/\/api.w.org\/{rel}","templated":true}]}}