{"id":1630,"date":"2022-01-07T14:25:56","date_gmt":"2022-01-07T13:25:56","guid":{"rendered":"https:\/\/www.scpet.si\/srednja-tehniska-in-strokovna-sola\/?page_id=1630"},"modified":"2026-02-05T13:41:40","modified_gmt":"2026-02-05T12:41:40","slug":"kako-se-vpisati","status":"publish","type":"page","link":"https:\/\/www.scpet.si\/srednja-tehniska-in-strokovna-sola\/kako-se-vpisati\/","title":{"rendered":"Kako se vpisati?"},"content":{"rendered":"<div class=\"fusion-fullwidth fullwidth-box fusion-builder-row-1 fusion-flex-container nonhundred-percent-fullwidth non-hundred-percent-height-scrolling\" style=\"background-color: rgba(255,255,255,0);background-position: center center;background-repeat: no-repeat;border-width: 0px 0px 0px 0px;border-color:#eae9e9;border-style:solid;\" ><div class=\"fusion-builder-row fusion-row fusion-flex-align-items-flex-start\" style=\"max-width:1331.2px;margin-left: calc(-4% \/ 2 );margin-right: calc(-4% \/ 2 );\"><div class=\"fusion-layout-column fusion_builder_column fusion-builder-column-0 fusion_builder_column_1_1 1_1 fusion-flex-column\"><div class=\"fusion-column-wrapper fusion-flex-justify-content-flex-start fusion-content-layout-column\" style=\"background-position:left top;background-repeat:no-repeat;-webkit-background-size:cover;-moz-background-size:cover;-o-background-size:cover;background-size:cover;padding: 0px 0px 0px 0px;\"><div class=\"fusion-text fusion-text-1\"><p>Za \u0161olsko leto 2026\/2027 razpisujemo za novince 84 mest za program ekonomski tehnik (vklju\u010dno z dijaki \u0161portniki) in 56 mest za program tehnik elektronskih komunikacij.<\/p>\n<blockquote>\n<p>Rok za oddajo prijavnic za vpis v \u0161olsko leto 2026\/2027 je <strong>2. april 2026<\/strong>.<\/p>\n<\/blockquote>\n<p>Prijave za vpis v za\u010detni letnik srednje \u0161ole praviloma zbirajo svetovalne slu\u017ebe osnovnih \u0161ol in jih posredujejo izbranim srednjim \u0161olam. Prijavo za vpis lahko oddajo tudi v elektronski obliki. Obrazec Prijava za vpis v za\u010detni letnik srednje \u0161ole je objavljen tudi na spletni strani MVI in ga kandidati lahko tudi sami po\u0161ljejo na izbrano srednjo \u0161olo.<\/p>\n<p>U\u010denci, ki osnovno \u0161olo zaklju\u010dujejo v tujini in dijaki, ki \u017eelijo v naslednjem \u0161olskem letu zamenjati srednje\u0161olski program, se lahko prijavijo \u0161e do 12. 5. 2026, vendar <u>samo v p<\/u><u>rograme, ki nimajo omejitve vpisa<\/u>.<\/p>\n<blockquote>\n<p><strong>9. aprila 2026<\/strong>\u00a0bo na spletni strani MVI objavljen podatek o \u0161tevilu prijav po \u0161olah.<\/p>\n<\/blockquote>\n<p>Morebiten\u00a0<strong>prenos prijav<\/strong>\u00a0s \u0161ole na \u0161olo bo mo\u017een\u00a0<strong>do 6. maja 2026 do 15. ure<\/strong>.<\/p>\n<p>Vsi prijavljeni kandidati bodo najkasneje do <strong>5. junija 2026<\/strong> pisno obve\u0161\u010deni o morebitnih omejitvah vpisa in o poteku prvega kroga vpisa, ki bo potekal v \u010dasu od <strong>16. junija do vklju\u010dno 19. junija 2026 do 14.ure. <\/strong><\/p>\n<p><strong>Kandidati za oddelke z dijaki \u0161portniki\u00a0<\/strong>v marcu <strong><u>ne prilagajo<\/u><\/strong> dokazil o izpolnjevanju \u0161portnih pogojev.\u00a0 Dokazila, potrebna za vklju\u010ditev v oddelek z dijaki \u0161portniki, predlo\u017eijo po na\u0161ih navodilih, ob vpisu.<\/p>\n<blockquote>\n<p>Kandidati, ki bodo izpolnjevali pogoje, bodo do <strong>19. junija 2026<\/strong>, vpisani.<\/p>\n<\/blockquote>\n<p>Za neizbrane kandidate bo potekal drugi krog vpisa, ki bo izveden <strong>med 24. in 30. junijem 2026<\/strong>.<\/p>\n<blockquote>\n<p>Podatek o \u0161e preostalih prostih mestih po \u0161olah bo <strong>2. julija 2026<\/strong>\u00a0objavljen na spletni strani MVI.<\/p>\n<\/blockquote>\n<p>Dodatne informacije o vpisu:<\/p>\n<p>Hana Zega \u2013 01\/ 23 42 428 ali 051\/ 698 552 (ekonomski tehnik)<\/p>\n<p>Alenka Rakun \u2013 01\/ 23 42 401 ali 051\/ 698 498 (tehnik elektronskih komunikacij)<\/p>\n<p>ali na elektronskem naslovu: <a href=\"mailto:svetovalna.sluzba@scpet.si\">svetovalna.sluzba@scpet.si<\/a>.<\/p>\n<\/div><\/div><style type=\"text\/css\">.fusion-body .fusion-builder-column-0{width:100% !important;margin-top : 0px;margin-bottom : 0px;}.fusion-builder-column-0 > .fusion-column-wrapper {padding-top : 0px !important;padding-right : 0px !important;margin-right : 1.92%;padding-bottom : 0px !important;padding-left : 0px !important;margin-left : 1.92%;}@media only screen and (max-width:1024px) {.fusion-body .fusion-builder-column-0{width:100% !important;order : 0;}.fusion-builder-column-0 > .fusion-column-wrapper {margin-right : 1.92%;margin-left : 1.92%;}}@media only screen and (max-width:640px) {.fusion-body .fusion-builder-column-0{width:100% !important;order : 0;}.fusion-builder-column-0 > .fusion-column-wrapper {margin-right : 1.92%;margin-left : 1.92%;}}<\/style><\/div><\/div><style type=\"text\/css\">.fusion-body .fusion-flex-container.fusion-builder-row-1{ padding-top : 0px;margin-top : 0px;padding-right : 0px;padding-bottom : 0px;margin-bottom : 0px;padding-left : 0px;}<\/style><\/div>\n","protected":false},"excerpt":{"rendered":"","protected":false},"author":5,"featured_media":0,"parent":0,"menu_order":0,"comment_status":"closed","ping_status":"closed","template":"","meta":{"_mi_skip_tracking":false,"_exactmetrics_sitenote_active":false,"_exactmetrics_sitenote_note":"","_exactmetrics_sitenote_category":0},"yoast_head":"<!-- This site is optimized with the Yoast SEO plugin v20.8 - https:\/\/yoast.com\/wordpress\/plugins\/seo\/ -->\n<title>Kako se vpisati? - SREDNJA TEHNI\u0160KA IN STROKOVNA \u0160OLA<\/title>\n<meta name=\"description\" content=\"Kako se vpisati? Srednja tehni\u0161ka in strokovna \u0161ola - \u0160olski center za po\u0161to, ekonomijo in telekomunikacije Ljubljana.\" \/>\n<meta name=\"robots\" content=\"index, follow, max-snippet:-1, max-image-preview:large, max-video-preview:-1\" \/>\n<link rel=\"canonical\" href=\"https:\/\/www.scpet.si\/srednja-tehniska-in-strokovna-sola\/kako-se-vpisati\/\" \/>\n<meta property=\"og:locale\" content=\"sl_SI\" \/>\n<meta property=\"og:type\" content=\"article\" \/>\n<meta property=\"og:title\" content=\"Kako se vpisati? - SREDNJA TEHNI\u0160KA IN STROKOVNA \u0160OLA\" \/>\n<meta property=\"og:description\" content=\"Kako se vpisati? Srednja tehni\u0161ka in strokovna \u0161ola - \u0160olski center za po\u0161to, ekonomijo in telekomunikacije Ljubljana.\" \/>\n<meta property=\"og:url\" content=\"https:\/\/www.scpet.si\/srednja-tehniska-in-strokovna-sola\/kako-se-vpisati\/\" \/>\n<meta property=\"og:site_name\" content=\"SREDNJA TEHNI\u0160KA IN STROKOVNA \u0160OLA\" \/>\n<meta property=\"article:modified_time\" content=\"2026-02-05T12:41:40+00:00\" \/>\n<meta name=\"twitter:card\" content=\"summary_large_image\" \/>\n<meta name=\"twitter:label1\" content=\"Est. reading time\" \/>\n\t<meta name=\"twitter:data1\" content=\"4 minute\" \/>\n<script type=\"application\/ld+json\" class=\"yoast-schema-graph\">{\"@context\":\"https:\/\/schema.org\",\"@graph\":[{\"@type\":\"WebPage\",\"@id\":\"https:\/\/www.scpet.si\/srednja-tehniska-in-strokovna-sola\/kako-se-vpisati\/\",\"url\":\"https:\/\/www.scpet.si\/srednja-tehniska-in-strokovna-sola\/kako-se-vpisati\/\",\"name\":\"Kako se vpisati? - SREDNJA TEHNI\u0160KA IN STROKOVNA \u0160OLA\",\"isPartOf\":{\"@id\":\"https:\/\/www.scpet.si\/srednja-tehniska-in-strokovna-sola\/#website\"},\"datePublished\":\"2022-01-07T13:25:56+00:00\",\"dateModified\":\"2026-02-05T12:41:40+00:00\",\"description\":\"Kako se vpisati? Srednja tehni\u0161ka in strokovna \u0161ola - \u0160olski center za po\u0161to, ekonomijo in telekomunikacije Ljubljana.\",\"breadcrumb\":{\"@id\":\"https:\/\/www.scpet.si\/srednja-tehniska-in-strokovna-sola\/kako-se-vpisati\/#breadcrumb\"},\"inLanguage\":\"sl-SI\",\"potentialAction\":[{\"@type\":\"ReadAction\",\"target\":[\"https:\/\/www.scpet.si\/srednja-tehniska-in-strokovna-sola\/kako-se-vpisati\/\"]}]},{\"@type\":\"BreadcrumbList\",\"@id\":\"https:\/\/www.scpet.si\/srednja-tehniska-in-strokovna-sola\/kako-se-vpisati\/#breadcrumb\",\"itemListElement\":[{\"@type\":\"ListItem\",\"position\":1,\"name\":\"Home\",\"item\":\"https:\/\/www.scpet.si\/srednja-tehniska-in-strokovna-sola\/\"},{\"@type\":\"ListItem\",\"position\":2,\"name\":\"Kako se vpisati?\"}]},{\"@type\":\"WebSite\",\"@id\":\"https:\/\/www.scpet.si\/srednja-tehniska-in-strokovna-sola\/#website\",\"url\":\"https:\/\/www.scpet.si\/srednja-tehniska-in-strokovna-sola\/\",\"name\":\"SREDNJA TEHNI\u0160KA IN STROKOVNA \u0160OLA\",\"description\":\"Just another \u0160C PET Sites site\",\"potentialAction\":[{\"@type\":\"SearchAction\",\"target\":{\"@type\":\"EntryPoint\",\"urlTemplate\":\"https:\/\/www.scpet.si\/srednja-tehniska-in-strokovna-sola\/?s={search_term_string}\"},\"query-input\":\"required name=search_term_string\"}],\"inLanguage\":\"sl-SI\"}]}<\/script>\n<!-- \/ Yoast SEO plugin. -->","yoast_head_json":{"title":"Kako se vpisati? - SREDNJA TEHNI\u0160KA IN STROKOVNA \u0160OLA","description":"Kako se vpisati? Srednja tehni\u0161ka in strokovna \u0161ola - \u0160olski center za po\u0161to, ekonomijo in telekomunikacije Ljubljana.","robots":{"index":"index","follow":"follow","max-snippet":"max-snippet:-1","max-image-preview":"max-image-preview:large","max-video-preview":"max-video-preview:-1"},"canonical":"https:\/\/www.scpet.si\/srednja-tehniska-in-strokovna-sola\/kako-se-vpisati\/","og_locale":"sl_SI","og_type":"article","og_title":"Kako se vpisati? - SREDNJA TEHNI\u0160KA IN STROKOVNA \u0160OLA","og_description":"Kako se vpisati? Srednja tehni\u0161ka in strokovna \u0161ola - \u0160olski center za po\u0161to, ekonomijo in telekomunikacije Ljubljana.","og_url":"https:\/\/www.scpet.si\/srednja-tehniska-in-strokovna-sola\/kako-se-vpisati\/","og_site_name":"SREDNJA TEHNI\u0160KA IN STROKOVNA \u0160OLA","article_modified_time":"2026-02-05T12:41:40+00:00","twitter_card":"summary_large_image","twitter_misc":{"Est. reading time":"4 minute"},"schema":{"@context":"https:\/\/schema.org","@graph":[{"@type":"WebPage","@id":"https:\/\/www.scpet.si\/srednja-tehniska-in-strokovna-sola\/kako-se-vpisati\/","url":"https:\/\/www.scpet.si\/srednja-tehniska-in-strokovna-sola\/kako-se-vpisati\/","name":"Kako se vpisati? - SREDNJA TEHNI\u0160KA IN STROKOVNA \u0160OLA","isPartOf":{"@id":"https:\/\/www.scpet.si\/srednja-tehniska-in-strokovna-sola\/#website"},"datePublished":"2022-01-07T13:25:56+00:00","dateModified":"2026-02-05T12:41:40+00:00","description":"Kako se vpisati? Srednja tehni\u0161ka in strokovna \u0161ola - \u0160olski center za po\u0161to, ekonomijo in telekomunikacije Ljubljana.","breadcrumb":{"@id":"https:\/\/www.scpet.si\/srednja-tehniska-in-strokovna-sola\/kako-se-vpisati\/#breadcrumb"},"inLanguage":"sl-SI","potentialAction":[{"@type":"ReadAction","target":["https:\/\/www.scpet.si\/srednja-tehniska-in-strokovna-sola\/kako-se-vpisati\/"]}]},{"@type":"BreadcrumbList","@id":"https:\/\/www.scpet.si\/srednja-tehniska-in-strokovna-sola\/kako-se-vpisati\/#breadcrumb","itemListElement":[{"@type":"ListItem","position":1,"name":"Home","item":"https:\/\/www.scpet.si\/srednja-tehniska-in-strokovna-sola\/"},{"@type":"ListItem","position":2,"name":"Kako se vpisati?"}]},{"@type":"WebSite","@id":"https:\/\/www.scpet.si\/srednja-tehniska-in-strokovna-sola\/#website","url":"https:\/\/www.scpet.si\/srednja-tehniska-in-strokovna-sola\/","name":"SREDNJA TEHNI\u0160KA IN STROKOVNA \u0160OLA","description":"Just another \u0160C PET Sites site","potentialAction":[{"@type":"SearchAction","target":{"@type":"EntryPoint","urlTemplate":"https:\/\/www.scpet.si\/srednja-tehniska-in-strokovna-sola\/?s={search_term_string}"},"query-input":"required name=search_term_string"}],"inLanguage":"sl-SI"}]}},"_links":{"self":[{"href":"https:\/\/www.scpet.si\/srednja-tehniska-in-strokovna-sola\/wp-json\/wp\/v2\/pages\/1630"}],"collection":[{"href":"https:\/\/www.scpet.si\/srednja-tehniska-in-strokovna-sola\/wp-json\/wp\/v2\/pages"}],"about":[{"href":"https:\/\/www.scpet.si\/srednja-tehniska-in-strokovna-sola\/wp-json\/wp\/v2\/types\/page"}],"author":[{"embeddable":true,"href":"https:\/\/www.scpet.si\/srednja-tehniska-in-strokovna-sola\/wp-json\/wp\/v2\/users\/5"}],"replies":[{"embeddable":true,"href":"https:\/\/www.scpet.si\/srednja-tehniska-in-strokovna-sola\/wp-json\/wp\/v2\/comments?post=1630"}],"version-history":[{"count":0,"href":"https:\/\/www.scpet.si\/srednja-tehniska-in-strokovna-sola\/wp-json\/wp\/v2\/pages\/1630\/revisions"}],"wp:attachment":[{"href":"https:\/\/www.scpet.si\/srednja-tehniska-in-strokovna-sola\/wp-json\/wp\/v2\/media?parent=1630"}],"curies":[{"name":"wp","href":"https:\/\/api.w.org\/{rel}","templated":true}]}}