{"id":192,"date":"2019-08-07T09:19:11","date_gmt":"2019-08-07T07:19:11","guid":{"rendered":"http:\/\/scpet.sample.si\/srednja-tehniska-in-strokovna-sola\/program\/tehnik-elektronskih-komunikacij-copy\/"},"modified":"2025-04-01T15:10:09","modified_gmt":"2025-04-01T13:10:09","slug":"govorilne-ure-za-dijake","status":"publish","type":"page","link":"https:\/\/www.scpet.si\/srednja-tehniska-in-strokovna-sola\/govorilne-ure-za-dijake\/","title":{"rendered":"Govorilne ure za dijake"},"content":{"rendered":"<div class=\"fusion-fullwidth fullwidth-box fusion-builder-row-1 nonhundred-percent-fullwidth non-hundred-percent-height-scrolling\" style=\"background-color: rgba(255,255,255,0);background-position: center center;background-repeat: no-repeat;padding-top:0px;padding-right:0px;padding-bottom:0px;padding-left:0px;margin-bottom: 0px;margin-top: 0px;border-width: 0px 0px 0px 0px;border-color:#eae9e9;border-style:solid;\" ><div class=\"fusion-builder-row fusion-row\"><div class=\"fusion-layout-column fusion_builder_column fusion-builder-column-0 fusion_builder_column_1_1 1_1 fusion-one-full fusion-column-first fusion-column-last\" style=\"margin-top:0px;margin-bottom:0px;\"><div class=\"fusion-column-wrapper fusion-flex-column-wrapper-legacy\" style=\"background-position:left top;background-repeat:no-repeat;-webkit-background-size:cover;-moz-background-size:cover;-o-background-size:cover;background-size:cover;padding: 0px 0px 0px 0px;\"><div class=\"fusion-text fusion-text-1\"><h3>Govorilne ure za dijake 2024\/2025<\/h3>\n<\/div><div class=\"fusion-text fusion-text-2\"><div class=\"table-1\">\n<table width=\"704\">\n<tbody>\n<tr>\n<td style=\"text-align: center;\" width=\"175\"><strong>U\u010ditelj \/ U\u010diteljica<\/strong><\/td>\n<td style=\"text-align: center;\" width=\"262\"><strong>Dan in ura<\/strong><\/td>\n<td style=\"text-align: center;\" colspan=\"2\" width=\"226\"><strong>Prostor<\/strong><\/td>\n<\/tr>\n<tr>\n<td width=\"175\">BE\u0160LI\u010c Marko<\/td>\n<td width=\"262\">Torek, 14.20 \u201315.05<\/td>\n<td width=\"147\">U\u010dilnica 14<\/td>\n<td width=\"136\">Ra\u010dunalni\u0161ke u\u010dilnice<\/td>\n<\/tr>\n<tr>\n<td width=\"175\">BOBNAR Brina<\/td>\n<td width=\"262\">Sreda, 9.00 \u2013 9.45<\/td>\n<td width=\"147\">Kabinet<\/td>\n<td width=\"136\">2. nadstropje<\/td>\n<\/tr>\n<tr>\n<td width=\"175\">FLORJAN\u010cI\u010c Ale\u0161<\/td>\n<td width=\"262\">Torek, 10.50 \u2013 11.35<\/td>\n<td width=\"147\">Kabinet \u0160VZ<\/td>\n<td width=\"136\">Telovadnica<\/td>\n<\/tr>\n<tr>\n<td width=\"175\">GLAVI\u010c Andreja<\/td>\n<td width=\"262\">\u010cetrtek, 8.05 \u2013 8.50<\/td>\n<td width=\"147\">Kabinet TK<\/td>\n<td width=\"136\">2. nadstropje<\/td>\n<\/tr>\n<tr>\n<td width=\"175\">GODEC Ana<\/td>\n<td width=\"262\">Petek, 9.55 \u2013 10.40<\/td>\n<td width=\"147\">Kabinet EKO<\/td>\n<td width=\"136\">2. nadstropje<\/td>\n<\/tr>\n<tr>\n<td width=\"175\">ISLAMBEGOVI\u0106 Dino<\/td>\n<td width=\"262\">\u010cetrtek, 9.55 \u2013 10.40<\/td>\n<td width=\"147\">Kabinet Informatika<\/td>\n<td width=\"136\">Ra\u010dunalni\u0161ke u\u010dilnice<\/td>\n<\/tr>\n<tr>\n<td width=\"175\">JANE\u017dI\u010c Vesna<\/td>\n<td width=\"262\">\u010cetrtek, 10.50 \u2013 11.35<\/td>\n<td width=\"147\">Pisarna pom. ravn.<\/td>\n<td width=\"136\">2. nadstropje<\/td>\n<\/tr>\n<tr>\n<td width=\"175\">KIRPA Maria<\/td>\n<td width=\"262\">\u010cetrtek, 10.50 \u2013<\/p>\n<p>11.35<\/td>\n<td width=\"147\">Kabinet Tuji jeziki<\/td>\n<td width=\"136\">1. nadstropje<\/td>\n<\/tr>\n<tr>\n<td width=\"175\">KOLARI\u010c Estera<\/td>\n<td width=\"262\">Petek, 10.50 \u2013 11.35<\/td>\n<td width=\"147\">Kabinet<\/td>\n<td width=\"136\">2. nadstropje<\/td>\n<\/tr>\n<tr>\n<td width=\"175\">KO\u0160\u010cAK Peter<\/td>\n<td width=\"262\">Sreda, 9.55 \u2013 10.40<\/td>\n<td width=\"147\">Kabinet PUD<\/td>\n<td width=\"136\">1. nadstropje<\/td>\n<\/tr>\n<tr>\n<td width=\"175\">KO\u0160TOMAJ Rok<\/td>\n<td width=\"262\">Torek, 9.55 \u2013 10.40<\/td>\n<td width=\"147\">Kabinet Tuji jeziki<\/td>\n<td width=\"136\">1. nadstropje<\/td>\n<\/tr>\n<tr>\n<td width=\"175\">KREGAR Mateja<\/td>\n<td width=\"262\">\u010cetrtek, 12.40 \u2013 13.25<\/td>\n<td width=\"147\">Kabinet TK<\/td>\n<td width=\"136\">2. nadstropje<\/td>\n<\/tr>\n<tr>\n<td width=\"175\">KREMLJAK Bo\u0161tjan<\/td>\n<td width=\"262\">Sreda, 12.40 \u2013 13.25<\/td>\n<td width=\"147\">Kabinet<\/td>\n<td width=\"136\">Pritli\u010dje<\/td>\n<\/tr>\n<tr>\n<td width=\"175\">KU\u010cI\u0160 Eva<\/td>\n<td width=\"262\">Petek, 9.55 \u2013 10.40<\/td>\n<td width=\"147\">Kabinet Matematika<\/td>\n<td width=\"136\">2. nadstropje<\/td>\n<\/tr>\n<tr>\n<td width=\"175\">LAZAR Nejc<\/td>\n<td width=\"262\">Sreda, 9.55 \u2013 10.40<\/td>\n<td width=\"147\">Kabinet<\/td>\n<td width=\"136\">2. nadstropje<\/td>\n<\/tr>\n<tr>\n<td width=\"175\">LEBAN TROJAR Zoran<\/td>\n<td width=\"262\">Ponedeljek, 9.55 \u2013 10.40<\/td>\n<td width=\"147\">Kabinet<\/td>\n<td width=\"136\">2. nadstropje<\/td>\n<\/tr>\n<tr>\n<td width=\"175\">LUKAN Darja<\/td>\n<td width=\"262\">Torek, 9.55 \u2013 10.40<\/td>\n<td width=\"147\">Kabinet<\/td>\n<td width=\"136\">2. nadstropje<\/td>\n<\/tr>\n<tr>\n<td width=\"175\">MAR\u010cI\u010c Renata<\/td>\n<td width=\"262\">Petek, 9.00 \u2013 9.45<\/td>\n<td width=\"147\">Kabinet TK<\/td>\n<td width=\"136\">2. nadstropje<\/td>\n<\/tr>\n<tr>\n<td width=\"175\">MENCEJ Rok<\/td>\n<td width=\"262\">\u010cetrtek,11.45 \u2013 12.30<\/td>\n<td width=\"147\">Kabinet<\/td>\n<td width=\"136\">2. nadstropje<\/td>\n<\/tr>\n<tr>\n<td width=\"175\">MILEK Jasna<\/td>\n<td width=\"262\">Ponedeljek, 9.00 \u2013 9.45<\/td>\n<td width=\"147\">Kabinet BIO<\/td>\n<td width=\"136\">Pritli\u010dje<\/td>\n<\/tr>\n<tr>\n<td width=\"175\">MLIN\u0160EK Matja\u017e<\/td>\n<td width=\"262\">Petek, 9.00 \u2013 9.45<\/td>\n<td width=\"147\">Kabinet<\/td>\n<td width=\"136\">TK hodnik<\/td>\n<\/tr>\n<tr>\n<td width=\"175\">NAPOKOJ Matja\u017e<\/td>\n<td width=\"262\">\u010cetrtek, 12.40 \u2013 13.25<\/td>\n<td width=\"147\">Kabinet<\/td>\n<td width=\"136\">1. nadstropje<\/td>\n<\/tr>\n<tr>\n<td width=\"175\">ORE\u0160NIK FIN\u017dGAR Da\u0161a<\/td>\n<td width=\"262\">\u010cetrtek, 10.50 \u2013<\/p>\n<p>11.35<\/td>\n<td width=\"147\">Kabinet Tuji jeziki<\/td>\n<td width=\"136\">1. nadstropje<\/td>\n<\/tr>\n<tr>\n<td width=\"175\">PE\u0160EVSKA Slavica<\/td>\n<td width=\"262\">\u010cetrtek, 9.00 \u2013 9.45<\/td>\n<td width=\"147\">Kabinet<\/td>\n<td width=\"136\">2. nadstropje<\/td>\n<\/tr>\n<tr>\n<td width=\"175\">PLENI\u010cAR Miranda<\/td>\n<td width=\"262\">Ponedeljek, 9.55 \u2013 10.40<\/td>\n<td width=\"147\">Kabinet<\/td>\n<td width=\"136\">2. nadstropje<\/td>\n<\/tr>\n<tr>\n<td width=\"175\">PLESEC Ana<\/td>\n<td width=\"262\">Ponedeljek, 10.50 \u2013 11.35<\/td>\n<td width=\"147\">Kabinet Informatika<\/td>\n<td width=\"136\">Ra\u010dunalni\u0161ke u\u010dilnice<\/td>\n<\/tr>\n<tr>\n<td width=\"175\">PLESEC Matja\u017e<\/td>\n<td width=\"262\">Ponedeljek, 9.00 \u2013 9.45<\/td>\n<td width=\"147\">Kabinet \u0160VZ<\/td>\n<td width=\"136\">Telovadnica<\/td>\n<\/tr>\n<tr>\n<td width=\"175\">PRIMO\u017dI\u010c Petra<\/td>\n<td width=\"262\">Ponedeljek, 10.50 \u2013 11.35<\/td>\n<td width=\"147\">Kabinet \u0160VZ<\/td>\n<td width=\"136\">Telovadnica<\/td>\n<\/tr>\n<tr>\n<td width=\"175\">RAKEF Gregor<\/td>\n<td width=\"262\">Ponedeljek, 7.15 \u2013 8.05<\/td>\n<td width=\"147\">U\u010dilnica 7<\/td>\n<td width=\"136\">TK hodnik<\/td>\n<\/tr>\n<tr>\n<td width=\"175\">RAVNIK Vida<\/td>\n<td width=\"262\">Petek, 8.05 \u2013 8.50<\/td>\n<td width=\"147\">Kabinet Tuji jeziki<\/td>\n<td width=\"136\">1. nadstropje<\/td>\n<\/tr>\n<tr>\n<td width=\"175\">RUPRET Darko<\/td>\n<td width=\"262\">Sreda, 8.05 \u2013 8.50<\/td>\n<td width=\"147\">Kabinet PUD<\/td>\n<td width=\"136\">1. nadstropje<\/td>\n<\/tr>\n<tr>\n<td width=\"175\">STARE\u0160INI\u010c BECELE Mojca<\/td>\n<td width=\"262\">Torek, 12.40 \u2013 13.25<\/td>\n<td width=\"147\">Kabinet Tuji<\/p>\n<p>jeziki<\/td>\n<td width=\"136\">1. nadstropje<\/td>\n<\/tr>\n<tr>\n<td width=\"175\">\u0160OBA TOV\u0160AK Maja<\/td>\n<td width=\"262\">Torek, 11.45 \u2013 12.30<\/td>\n<td width=\"147\">Kabinet<\/td>\n<td width=\"136\">2. nadstropje<\/td>\n<\/tr>\n<tr>\n<td width=\"175\">\u0160UT Merilin<\/td>\n<td width=\"262\">Petek, 9.55 \u2013 10.40<\/td>\n<td width=\"147\">Kabinet<\/td>\n<td width=\"136\">Pritli\u010dje<\/td>\n<\/tr>\n<tr>\n<td width=\"175\">TERNOVEC Matja\u017e<\/td>\n<td width=\"262\">Petek, 9.55 \u2013 10.40<\/td>\n<td width=\"147\">Kabinet<\/td>\n<td width=\"136\">1. nadstropje<\/td>\n<\/tr>\n<tr>\n<td width=\"175\">VALI\u010c Katarina<\/td>\n<td width=\"262\">Sreda, 9.55 \u2013 10.40<\/td>\n<td width=\"147\">Kabinet<\/td>\n<td width=\"136\">2. nadstropje<\/td>\n<\/tr>\n<tr>\n<td width=\"175\">VUKOVI\u0106 Sr\u0111an<\/td>\n<td width=\"262\">Torek, 10.50 \u2013 11.35<\/td>\n<td width=\"147\">Kabinet<\/td>\n<td width=\"136\">2. nadstropje<\/td>\n<\/tr>\n<tr>\n<td width=\"175\">ZABUKOVEC Alenka<\/td>\n<td width=\"262\">\u010cetrtek, 15.10 \u2013 15.55<\/td>\n<td width=\"147\">Ra\u010dunalni\u0161ka u\u010dilnica 1<\/td>\n<td width=\"136\"><\/td>\n<\/tr>\n<tr>\n<td width=\"175\">ZALETEL Jan<\/td>\n<td width=\"262\">Sreda, 10.55 \u2013 11.40<\/td>\n<td width=\"147\">Kabinet \u0160VZ<\/td>\n<td width=\"136\">Telovadnica<\/td>\n<\/tr>\n<tr>\n<td width=\"175\">\u017dAGAR Gregor<\/td>\n<td width=\"262\">Sreda, 7.15 \u2013 8.00<\/td>\n<td width=\"147\">Kabinet<\/td>\n<td width=\"136\">Pritli\u010dje<\/td>\n<\/tr>\n<tr>\n<td width=\"175\">\u017dI\u017dEK Iztok<\/td>\n<td width=\"262\">Sreda, 10.50 \u2013 11.40<\/td>\n<td width=\"147\">Kabinet<\/td>\n<td width=\"136\">Pritli\u010dje<\/td>\n<\/tr>\n<\/tbody>\n<\/table>\n<\/div>\n<\/div><div class=\"fusion-clearfix\"><\/div><\/div><\/div><\/div><\/div>\n","protected":false},"excerpt":{"rendered":"","protected":false},"author":1,"featured_media":0,"parent":0,"menu_order":0,"comment_status":"closed","ping_status":"closed","template":"100-width.php","meta":{"_mi_skip_tracking":false,"_exactmetrics_sitenote_active":false,"_exactmetrics_sitenote_note":"","_exactmetrics_sitenote_category":0},"yoast_head":"<!-- This site is optimized with the Yoast SEO plugin v20.8 - https:\/\/yoast.com\/wordpress\/plugins\/seo\/ -->\n<title>Govorilne ure za dijake - SREDNJA TEHNI\u0160KA IN STROKOVNA \u0160OLA<\/title>\n<meta name=\"description\" content=\"Govorilne ure za dijake - Srednja tehni\u0161ka in strokovna \u0161ola - \u0160olski center za po\u0161to, ekonomijo in telekomunikacije Ljubljana.\" \/>\n<meta name=\"robots\" content=\"index, follow, max-snippet:-1, max-image-preview:large, max-video-preview:-1\" \/>\n<link rel=\"canonical\" href=\"https:\/\/www.scpet.si\/srednja-tehniska-in-strokovna-sola\/govorilne-ure-za-dijake\/\" \/>\n<meta property=\"og:locale\" content=\"sl_SI\" \/>\n<meta property=\"og:type\" content=\"article\" \/>\n<meta property=\"og:title\" content=\"Govorilne ure za dijake - SREDNJA TEHNI\u0160KA IN STROKOVNA \u0160OLA\" \/>\n<meta property=\"og:description\" content=\"Govorilne ure za dijake - Srednja tehni\u0161ka in strokovna \u0161ola - \u0160olski center za po\u0161to, ekonomijo in telekomunikacije Ljubljana.\" \/>\n<meta property=\"og:url\" content=\"https:\/\/www.scpet.si\/srednja-tehniska-in-strokovna-sola\/govorilne-ure-za-dijake\/\" \/>\n<meta property=\"og:site_name\" content=\"SREDNJA TEHNI\u0160KA IN STROKOVNA \u0160OLA\" \/>\n<meta property=\"article:modified_time\" content=\"2025-04-01T13:10:09+00:00\" \/>\n<meta name=\"twitter:card\" content=\"summary_large_image\" \/>\n<meta name=\"twitter:label1\" content=\"Est. reading time\" \/>\n\t<meta name=\"twitter:data1\" content=\"4 minute\" \/>\n<script type=\"application\/ld+json\" class=\"yoast-schema-graph\">{\"@context\":\"https:\/\/schema.org\",\"@graph\":[{\"@type\":\"WebPage\",\"@id\":\"https:\/\/www.scpet.si\/srednja-tehniska-in-strokovna-sola\/govorilne-ure-za-dijake\/\",\"url\":\"https:\/\/www.scpet.si\/srednja-tehniska-in-strokovna-sola\/govorilne-ure-za-dijake\/\",\"name\":\"Govorilne ure za dijake - SREDNJA TEHNI\u0160KA IN STROKOVNA \u0160OLA\",\"isPartOf\":{\"@id\":\"https:\/\/www.scpet.si\/srednja-tehniska-in-strokovna-sola\/#website\"},\"datePublished\":\"2019-08-07T07:19:11+00:00\",\"dateModified\":\"2025-04-01T13:10:09+00:00\",\"description\":\"Govorilne ure za dijake - Srednja tehni\u0161ka in strokovna \u0161ola - \u0160olski center za po\u0161to, ekonomijo in telekomunikacije Ljubljana.\",\"breadcrumb\":{\"@id\":\"https:\/\/www.scpet.si\/srednja-tehniska-in-strokovna-sola\/govorilne-ure-za-dijake\/#breadcrumb\"},\"inLanguage\":\"sl-SI\",\"potentialAction\":[{\"@type\":\"ReadAction\",\"target\":[\"https:\/\/www.scpet.si\/srednja-tehniska-in-strokovna-sola\/govorilne-ure-za-dijake\/\"]}]},{\"@type\":\"BreadcrumbList\",\"@id\":\"https:\/\/www.scpet.si\/srednja-tehniska-in-strokovna-sola\/govorilne-ure-za-dijake\/#breadcrumb\",\"itemListElement\":[{\"@type\":\"ListItem\",\"position\":1,\"name\":\"Home\",\"item\":\"https:\/\/www.scpet.si\/srednja-tehniska-in-strokovna-sola\/\"},{\"@type\":\"ListItem\",\"position\":2,\"name\":\"Govorilne ure za dijake\"}]},{\"@type\":\"WebSite\",\"@id\":\"https:\/\/www.scpet.si\/srednja-tehniska-in-strokovna-sola\/#website\",\"url\":\"https:\/\/www.scpet.si\/srednja-tehniska-in-strokovna-sola\/\",\"name\":\"SREDNJA TEHNI\u0160KA IN STROKOVNA \u0160OLA\",\"description\":\"Just another \u0160C PET Sites site\",\"potentialAction\":[{\"@type\":\"SearchAction\",\"target\":{\"@type\":\"EntryPoint\",\"urlTemplate\":\"https:\/\/www.scpet.si\/srednja-tehniska-in-strokovna-sola\/?s={search_term_string}\"},\"query-input\":\"required name=search_term_string\"}],\"inLanguage\":\"sl-SI\"}]}<\/script>\n<!-- \/ Yoast SEO plugin. -->","yoast_head_json":{"title":"Govorilne ure za dijake - SREDNJA TEHNI\u0160KA IN STROKOVNA \u0160OLA","description":"Govorilne ure za dijake - Srednja tehni\u0161ka in strokovna \u0161ola - \u0160olski center za po\u0161to, ekonomijo in telekomunikacije Ljubljana.","robots":{"index":"index","follow":"follow","max-snippet":"max-snippet:-1","max-image-preview":"max-image-preview:large","max-video-preview":"max-video-preview:-1"},"canonical":"https:\/\/www.scpet.si\/srednja-tehniska-in-strokovna-sola\/govorilne-ure-za-dijake\/","og_locale":"sl_SI","og_type":"article","og_title":"Govorilne ure za dijake - SREDNJA TEHNI\u0160KA IN STROKOVNA \u0160OLA","og_description":"Govorilne ure za dijake - Srednja tehni\u0161ka in strokovna \u0161ola - \u0160olski center za po\u0161to, ekonomijo in telekomunikacije Ljubljana.","og_url":"https:\/\/www.scpet.si\/srednja-tehniska-in-strokovna-sola\/govorilne-ure-za-dijake\/","og_site_name":"SREDNJA TEHNI\u0160KA IN STROKOVNA \u0160OLA","article_modified_time":"2025-04-01T13:10:09+00:00","twitter_card":"summary_large_image","twitter_misc":{"Est. reading time":"4 minute"},"schema":{"@context":"https:\/\/schema.org","@graph":[{"@type":"WebPage","@id":"https:\/\/www.scpet.si\/srednja-tehniska-in-strokovna-sola\/govorilne-ure-za-dijake\/","url":"https:\/\/www.scpet.si\/srednja-tehniska-in-strokovna-sola\/govorilne-ure-za-dijake\/","name":"Govorilne ure za dijake - SREDNJA TEHNI\u0160KA IN STROKOVNA \u0160OLA","isPartOf":{"@id":"https:\/\/www.scpet.si\/srednja-tehniska-in-strokovna-sola\/#website"},"datePublished":"2019-08-07T07:19:11+00:00","dateModified":"2025-04-01T13:10:09+00:00","description":"Govorilne ure za dijake - Srednja tehni\u0161ka in strokovna \u0161ola - \u0160olski center za po\u0161to, ekonomijo in telekomunikacije Ljubljana.","breadcrumb":{"@id":"https:\/\/www.scpet.si\/srednja-tehniska-in-strokovna-sola\/govorilne-ure-za-dijake\/#breadcrumb"},"inLanguage":"sl-SI","potentialAction":[{"@type":"ReadAction","target":["https:\/\/www.scpet.si\/srednja-tehniska-in-strokovna-sola\/govorilne-ure-za-dijake\/"]}]},{"@type":"BreadcrumbList","@id":"https:\/\/www.scpet.si\/srednja-tehniska-in-strokovna-sola\/govorilne-ure-za-dijake\/#breadcrumb","itemListElement":[{"@type":"ListItem","position":1,"name":"Home","item":"https:\/\/www.scpet.si\/srednja-tehniska-in-strokovna-sola\/"},{"@type":"ListItem","position":2,"name":"Govorilne ure za dijake"}]},{"@type":"WebSite","@id":"https:\/\/www.scpet.si\/srednja-tehniska-in-strokovna-sola\/#website","url":"https:\/\/www.scpet.si\/srednja-tehniska-in-strokovna-sola\/","name":"SREDNJA TEHNI\u0160KA IN STROKOVNA \u0160OLA","description":"Just another \u0160C PET Sites site","potentialAction":[{"@type":"SearchAction","target":{"@type":"EntryPoint","urlTemplate":"https:\/\/www.scpet.si\/srednja-tehniska-in-strokovna-sola\/?s={search_term_string}"},"query-input":"required name=search_term_string"}],"inLanguage":"sl-SI"}]}},"_links":{"self":[{"href":"https:\/\/www.scpet.si\/srednja-tehniska-in-strokovna-sola\/wp-json\/wp\/v2\/pages\/192"}],"collection":[{"href":"https:\/\/www.scpet.si\/srednja-tehniska-in-strokovna-sola\/wp-json\/wp\/v2\/pages"}],"about":[{"href":"https:\/\/www.scpet.si\/srednja-tehniska-in-strokovna-sola\/wp-json\/wp\/v2\/types\/page"}],"author":[{"embeddable":true,"href":"https:\/\/www.scpet.si\/srednja-tehniska-in-strokovna-sola\/wp-json\/wp\/v2\/users\/1"}],"replies":[{"embeddable":true,"href":"https:\/\/www.scpet.si\/srednja-tehniska-in-strokovna-sola\/wp-json\/wp\/v2\/comments?post=192"}],"version-history":[{"count":0,"href":"https:\/\/www.scpet.si\/srednja-tehniska-in-strokovna-sola\/wp-json\/wp\/v2\/pages\/192\/revisions"}],"wp:attachment":[{"href":"https:\/\/www.scpet.si\/srednja-tehniska-in-strokovna-sola\/wp-json\/wp\/v2\/media?parent=192"}],"curies":[{"name":"wp","href":"https:\/\/api.w.org\/{rel}","templated":true}]}}