{"id":205,"date":"2019-08-07T10:01:12","date_gmt":"2019-08-07T08:01:12","guid":{"rendered":"http:\/\/scpet.sample.si\/srednja-tehniska-in-strokovna-sola\/dijaki\/govorilne-ure-za-dijake-copy\/"},"modified":"2025-11-26T11:01:19","modified_gmt":"2025-11-26T10:01:19","slug":"govorilne-ure","status":"publish","type":"page","link":"https:\/\/www.scpet.si\/srednja-tehniska-in-strokovna-sola\/govorilne-ure\/","title":{"rendered":"Govorilne ure"},"content":{"rendered":"<p><div class=\"fusion-fullwidth fullwidth-box fusion-builder-row-1 fusion-flex-container nonhundred-percent-fullwidth non-hundred-percent-height-scrolling\" style=\"background-color: rgba(255,255,255,0);background-position: center center;background-repeat: no-repeat;border-width: 0px 0px 0px 0px;border-color:#eae9e9;border-style:solid;\" ><div class=\"fusion-builder-row fusion-row fusion-flex-align-items-flex-start\" style=\"max-width:1331.2px;margin-left: calc(-4% \/ 2 );margin-right: calc(-4% \/ 2 );\"><div class=\"fusion-layout-column fusion_builder_column fusion-builder-column-0 fusion_builder_column_1_1 1_1 fusion-flex-column\"><div class=\"fusion-column-wrapper fusion-flex-justify-content-flex-start fusion-content-layout-column\" style=\"background-position:left top;background-repeat:no-repeat;-webkit-background-size:cover;-moz-background-size:cover;-o-background-size:cover;background-size:cover;padding: 0px 0px 0px 0px;\"><div class=\"fusion-text fusion-text-1\"><h3>Govorilne ure 2025\/2026<\/h3>\n<\/div><div class=\"fusion-text fusion-text-2\"><div class=\"table-1\">\n<table width=\"756\">\n<tbody>\n<tr>\n<td style=\"text-align: center;\" width=\"223\"><strong>U\u010ditelj<\/strong><\/td>\n<td style=\"text-align: center;\" width=\"131\"><strong>Izob. program<\/strong><\/td>\n<td style=\"text-align: center;\" width=\"162\">\u00a0\u00a0 <strong>Dan\/Ura<\/strong><\/td>\n<td style=\"text-align: center;\" width=\"240\"><strong>Prostor\/Zoom povezava<\/strong><\/td>\n<\/tr>\n<tr>\n<td width=\"223\">Be\u0161li\u010d Marko<\/td>\n<td width=\"131\">TEK<\/td>\n<td width=\"162\">\u010cet., 18.00<\/td>\n<td width=\"240\">U505 SIC<\/td>\n<\/tr>\n<tr>\n<td width=\"223\">Brina Bobnar<\/td>\n<td width=\"131\">EKT,<\/p>\n<p>TEK<\/td>\n<td width=\"162\">Petek, 15.00<\/td>\n<td width=\"240\">U502\/mobitel\/Zoom<\/td>\n<\/tr>\n<tr>\n<td width=\"223\">Florjan\u010di\u010d Ale\u0161<\/td>\n<td width=\"131\">EKT, TEK<\/td>\n<td width=\"162\">\u010cetrtek, 15.00 ali dogovor<\/td>\n<td width=\"240\">GIB, mobitel, Zoom<\/td>\n<\/tr>\n<tr>\n<td width=\"223\">Glavi\u010d Andreja<\/td>\n<td width=\"131\">TEK<\/td>\n<td width=\"162\">Ponedeljek, 16.30<\/p>\n<p>(ob predhodni najavi)<\/td>\n<td width=\"240\">SIC 502, mobitel, ali<\/p>\n<p>po dogovoru<\/td>\n<\/tr>\n<tr>\n<td width=\"223\">Grabi\u0107 Dejan<\/td>\n<td width=\"131\">EKT<\/td>\n<td width=\"162\">Sreda, 17.15<\/p>\n<p>(ob predhodni najavi)<\/td>\n<td width=\"240\">SIC 502, mobitel, ali<\/p>\n<p>po dogovoru<\/td>\n<\/tr>\n<tr>\n<td width=\"223\">Islambegovi\u0107\u00a0Dino<\/td>\n<td width=\"131\">TEK<\/td>\n<td width=\"162\"><\/td>\n<td width=\"240\"><\/td>\n<\/tr>\n<tr>\n<td width=\"223\">Kirpa Maria<\/td>\n<td width=\"131\">EKT,<\/p>\n<p>TEK<\/td>\n<td width=\"162\">Torek 14.20 (ob predhodni najavi)<\/td>\n<td width=\"240\">SIC 505 ali po mobitelu<\/td>\n<\/tr>\n<tr>\n<td width=\"223\">Kolari\u010d\u00a0Estera<\/td>\n<td width=\"131\">EKT<\/td>\n<td width=\"162\">Ponedeljek, 18.00<\/td>\n<td width=\"240\">SIC 502 ( najava) ,<\/p>\n<p>po dogovoru<\/td>\n<\/tr>\n<tr>\n<td width=\"223\">Korbar Maksima<\/td>\n<td width=\"131\">EKT<\/td>\n<td width=\"162\"><\/td>\n<td width=\"240\"><\/td>\n<\/tr>\n<tr>\n<td width=\"223\">Ko\u0161\u010dak Peter<\/td>\n<td width=\"131\">EKT<\/td>\n<td width=\"162\">\u010cetrtek, 17.15<\/td>\n<td width=\"240\">SIC 502, Mobitel\/Zoom<\/td>\n<\/tr>\n<tr>\n<td width=\"223\">Ko\u0161tomaj Rok<\/td>\n<td width=\"131\">EKT<\/td>\n<td width=\"162\">Petek, 18.00<\/td>\n<td width=\"240\">SIC 502<\/td>\n<\/tr>\n<tr>\n<td width=\"223\">Kregar Mateja<\/td>\n<td width=\"131\">TEK<\/td>\n<td width=\"162\"><\/td>\n<td width=\"240\"><\/td>\n<\/tr>\n<tr>\n<td width=\"223\">Ku\u010di\u0161 Eva<\/td>\n<td width=\"131\">EKT,<br \/>\nTEK<\/td>\n<td width=\"162\">\u010cetrtek, 16. 30 \u2013 17. 15 (ob predhodni najavi)<\/td>\n<td width=\"240\">U502\/mobitel\/Zoom<\/td>\n<\/tr>\n<tr>\n<td width=\"223\">Lazar Nejc<\/td>\n<td width=\"131\">EKT,<br \/>\nTEK<\/td>\n<td width=\"162\">Ponedeljek, 11.00 &#8211; 12.00 (ob predhodni najavi)<\/td>\n<td width=\"240\">Stegne\/mobitel\/Zoom<\/td>\n<\/tr>\n<tr>\n<td width=\"223\">Leban Trojar Zoran<\/td>\n<td width=\"131\">EKT<\/td>\n<td width=\"162\">Sreda, 18.45 (ob predhodni najavi)<\/td>\n<td width=\"240\">SIC 505\/telefon<\/td>\n<\/tr>\n<tr>\n<td width=\"223\">Lukan Darja<\/td>\n<td width=\"131\">EKT<\/td>\n<td width=\"162\">Torek, 17,15-18.00<\/td>\n<td width=\"240\">SIC U502, email<\/td>\n<\/tr>\n<tr>\n<td width=\"223\">Lulik Anita<\/td>\n<td width=\"131\">EKT,<\/p>\n<p>TEK<\/td>\n<td width=\"162\">Ponedeljek,<\/p>\n<p>18.00-18.45 (ob predhodni najavi)<\/td>\n<td width=\"240\">SIC U505\/mobitel<\/td>\n<\/tr>\n<tr>\n<td width=\"223\">Mar\u010di\u010d\u00a0Renata<\/td>\n<td width=\"131\">EKT, TEK<\/td>\n<td width=\"162\">Sreda, 17:15-18:00 (ob predhodni najavi)<\/td>\n<td width=\"240\">SIC 502, Zoom<\/td>\n<\/tr>\n<tr>\n<td width=\"223\">Mencej Rok<\/td>\n<td width=\"131\">EKT<\/td>\n<td width=\"162\">Sreda, 16.30-17.15<\/td>\n<td width=\"240\">Zoom, telefon, e-mail, U505<\/td>\n<\/tr>\n<tr>\n<td width=\"223\">Milek\u00a0Jasna<\/td>\n<td width=\"131\">EKT<\/td>\n<td width=\"162\">\u010cetrtek,<\/p>\n<p>16.30-17.15<\/p>\n<p>(ob predhodni najavi)<\/td>\n<td width=\"240\">SIC U502 (najava)<\/p>\n<p>mobitel, e-mail<\/p>\n<p>ali po dogovoru<\/td>\n<\/tr>\n<tr>\n<td width=\"223\">Mlin\u0161ek Matja\u017e<\/td>\n<td width=\"131\">TEK<\/td>\n<td width=\"162\">\u010cetrtek, 15.45-16.30 obvezno z\u00a0 najavo<\/td>\n<td width=\"240\">SIC 505\/508 (najava)<\/td>\n<\/tr>\n<tr>\n<td width=\"223\">Napokoj\u00a0Matja\u017e<\/td>\n<td width=\"131\">EKT,<\/p>\n<p>TEK<\/td>\n<td width=\"162\">Petek<\/p>\n<p>16:30 &#8211; 17:15<\/td>\n<td width=\"240\">SIC U502, mobitel, e-mail<\/p>\n<p>(najava)<\/td>\n<\/tr>\n<tr>\n<td width=\"223\">Ore\u0161nik Fin\u017egar Da\u0161a<\/td>\n<td width=\"131\">EKT,<\/p>\n<p>TEK<\/td>\n<td width=\"162\">Sreda,<\/p>\n<p>16.30 &#8211; 17.15<\/td>\n<td width=\"240\">SIC U502, telefon<\/td>\n<\/tr>\n<tr>\n<td width=\"223\">Plesec\u00a0Ana<\/td>\n<td width=\"131\">EKT<\/td>\n<td width=\"162\">Ponedeljek,<\/p>\n<p>17.15 &#8211; 18.00<\/td>\n<td width=\"240\">SIC U502, (najava)<\/p>\n<p>mobitel<\/td>\n<\/tr>\n<tr>\n<td width=\"223\">Plesec\u00a0Matja\u017e<\/td>\n<td width=\"131\">EKT, TEK<\/td>\n<td width=\"162\">Torek:<\/p>\n<p>15:00 \u2013 15:45<\/td>\n<td width=\"240\">SIC U505, mobitel, e-mail<\/p>\n<p>(najava)<\/td>\n<\/tr>\n<tr>\n<td width=\"223\">Podlogar Andrejka<\/td>\n<td width=\"131\">EKT,<\/p>\n<p>TEK<\/td>\n<td width=\"162\">Ponedeljek: 15:00 \u2013 15:45<\/td>\n<td width=\"240\">U502\/U505<\/td>\n<\/tr>\n<tr>\n<td width=\"223\">Praprotnik Tine<\/td>\n<td width=\"131\">EKT,<\/p>\n<p>TEK<\/td>\n<td width=\"162\">Petek,<\/p>\n<p>15:45 &#8211; 16:30<\/td>\n<td width=\"240\">U502\/U505<\/td>\n<\/tr>\n<tr>\n<td width=\"223\">Primo\u017ei\u010d Petra<\/td>\n<td width=\"131\">EKT,<\/p>\n<p>TEK<\/td>\n<td width=\"162\">Ponedeljek 13.30 &#8211; 14.15<\/td>\n<td width=\"240\">SIC (u\u010d. 502) ali GIB, mobitel, Zoom<\/td>\n<\/tr>\n<tr>\n<td width=\"223\">Rakef\u00a0Gregor<\/td>\n<td width=\"131\">TEK<\/td>\n<td width=\"162\"><\/td>\n<td width=\"240\"><\/td>\n<\/tr>\n<tr>\n<td width=\"223\">Simi\u0107 Anja<\/td>\n<td width=\"131\">EKT,<\/p>\n<p>TEK<\/td>\n<td width=\"162\"><\/td>\n<td width=\"240\"><\/td>\n<\/tr>\n<tr>\n<td width=\"223\">Simi\u0107 Peter<\/td>\n<td width=\"131\">EKT,<\/p>\n<p>TEK<\/td>\n<td width=\"162\"><\/td>\n<td width=\"240\"><\/td>\n<\/tr>\n<tr>\n<td width=\"223\">Stare\u0161ini\u010d Becele Mojca<\/td>\n<td width=\"131\">EKT<\/td>\n<td width=\"162\">Torek, 16.30-17.15<\/td>\n<td width=\"240\">SIC (u\u010d. 502), zoom,<\/p>\n<p>mobitel<\/td>\n<\/tr>\n<tr>\n<td width=\"223\">\u0160ut Merilin<\/td>\n<td width=\"131\">EKT,<\/p>\n<p>TEK<\/td>\n<td width=\"162\">\u010cetrtek, 17.15-18.00 ob predhodni najavi<\/td>\n<td width=\"240\">SIC 505<\/td>\n<\/tr>\n<tr>\n<td width=\"223\">Vukovi\u0107\u00a0Sr\u0111an<\/td>\n<td width=\"131\">EKT<\/td>\n<td width=\"162\"><\/td>\n<td width=\"240\"><\/td>\n<\/tr>\n<tr>\n<td width=\"223\">Zabukovec Alenka<\/td>\n<td width=\"131\">TEK<\/td>\n<td width=\"162\"><\/td>\n<td width=\"240\"><\/td>\n<\/tr>\n<tr>\n<td width=\"223\">Zaletel Jan<\/td>\n<td width=\"131\">EKT,<\/p>\n<p>TEK<\/td>\n<td width=\"162\">Ponedeljek, 11.30 ali dogovor<\/td>\n<td width=\"240\">GIB, zoom<\/td>\n<\/tr>\n<tr>\n<td width=\"223\">\u017dagar Gregor<\/td>\n<td width=\"131\">EKT,<\/p>\n<p>TEK<\/td>\n<td width=\"162\">Petek, 14.30<\/td>\n<td width=\"240\">SIC u\u010d. 505, zoom, e-mail<\/td>\n<\/tr>\n<tr>\n<td width=\"223\">\u017di\u017eek Iztok<\/td>\n<td width=\"131\">EKT,<\/p>\n<p>TEK<\/td>\n<td width=\"162\">Ponedeljek, 13.30 ali dogovor<\/td>\n<td width=\"240\">GIB, zoom<\/td>\n<\/tr>\n<\/tbody>\n<\/table>\n<\/div>\n<\/div><\/div><style type=\"text\/css\">.fusion-body .fusion-builder-column-0{width:100% !important;margin-top : 0px;margin-bottom : 0px;}.fusion-builder-column-0 > .fusion-column-wrapper {padding-top : 0px !important;padding-right : 0px !important;margin-right : 1.92%;padding-bottom : 0px !important;padding-left : 0px !important;margin-left : 1.92%;}@media only screen and (max-width:1024px) {.fusion-body .fusion-builder-column-0{width:100% !important;order : 0;}.fusion-builder-column-0 > .fusion-column-wrapper {margin-right : 1.92%;margin-left : 1.92%;}}@media only screen and (max-width:640px) {.fusion-body .fusion-builder-column-0{width:100% !important;order : 0;}.fusion-builder-column-0 > .fusion-column-wrapper {margin-right : 1.92%;margin-left : 1.92%;}}<\/style><\/div><\/div><style type=\"text\/css\">.fusion-body .fusion-flex-container.fusion-builder-row-1{ padding-top : 0px;margin-top : 0px;padding-right : 0px;padding-bottom : 0px;margin-bottom : 0px;padding-left : 0px;}<\/style><\/div><div class=\"fusion-fullwidth fullwidth-box fusion-builder-row-2 fusion-flex-container nonhundred-percent-fullwidth non-hundred-percent-height-scrolling\" style=\"background-color: rgba(255,255,255,0);background-position: center center;background-repeat: no-repeat;border-width: 0px 0px 0px 0px;border-color:#eae9e9;border-style:solid;\" ><div class=\"fusion-builder-row fusion-row fusion-flex-align-items-flex-start\" style=\"max-width:1331.2px;margin-left: calc(-4% \/ 2 );margin-right: calc(-4% \/ 2 );\"><div class=\"fusion-layout-column fusion_builder_column fusion-builder-column-1 fusion_builder_column_1_1 1_1 fusion-flex-column\"><div class=\"fusion-column-wrapper fusion-flex-justify-content-flex-start fusion-content-layout-column\" style=\"background-position:left top;background-repeat:no-repeat;-webkit-background-size:cover;-moz-background-size:cover;-o-background-size:cover;background-size:cover;padding: 0px 0px 0px 0px;\"><div class=\"fusion-text fusion-text-3\"><\/div><\/div><style type=\"text\/css\">.fusion-body .fusion-builder-column-1{width:100% !important;margin-top : 0px;margin-bottom : 0px;}.fusion-builder-column-1 > .fusion-column-wrapper {padding-top : 0px !important;padding-right : 0px !important;margin-right : 1.92%;padding-bottom : 0px !important;padding-left : 0px !important;margin-left : 1.92%;}@media only screen and (max-width:1024px) {.fusion-body .fusion-builder-column-1{width:100% !important;}.fusion-builder-column-1 > .fusion-column-wrapper {margin-right : 1.92%;margin-left : 1.92%;}}@media only screen and (max-width:640px) {.fusion-body .fusion-builder-column-1{width:100% !important;}.fusion-builder-column-1 > .fusion-column-wrapper {margin-right : 1.92%;margin-left : 1.92%;}}<\/style><\/div><\/div><style type=\"text\/css\">.fusion-body .fusion-flex-container.fusion-builder-row-2{ padding-top : 0px;margin-top : 0px;padding-right : 0px;padding-bottom : 0px;margin-bottom : 0px;padding-left : 0px;}<\/style><\/div><\/p>\n","protected":false},"excerpt":{"rendered":"","protected":false},"author":1,"featured_media":0,"parent":0,"menu_order":0,"comment_status":"closed","ping_status":"closed","template":"100-width.php","meta":{"_mi_skip_tracking":false,"_exactmetrics_sitenote_active":false,"_exactmetrics_sitenote_note":"","_exactmetrics_sitenote_category":0},"yoast_head":"<!-- This site is optimized with the Yoast SEO plugin v20.8 - https:\/\/yoast.com\/wordpress\/plugins\/seo\/ -->\n<title>Govorilne ure - SREDNJA TEHNI\u0160KA IN STROKOVNA \u0160OLA<\/title>\n<meta name=\"description\" content=\"Skupne in tedenske govorilne ure na srednji \u0161oli za star\u0161e v \u0161olskem letu 2021\/2022. Linki na Zoom povezave govorilnih ur\" \/>\n<meta name=\"robots\" content=\"index, follow, max-snippet:-1, max-image-preview:large, max-video-preview:-1\" \/>\n<link rel=\"canonical\" href=\"https:\/\/www.scpet.si\/srednja-tehniska-in-strokovna-sola\/govorilne-ure\/\" \/>\n<meta property=\"og:locale\" content=\"sl_SI\" \/>\n<meta property=\"og:type\" content=\"article\" \/>\n<meta property=\"og:title\" content=\"Govorilne ure - SREDNJA TEHNI\u0160KA IN STROKOVNA \u0160OLA\" \/>\n<meta property=\"og:description\" content=\"Skupne in tedenske govorilne ure na srednji \u0161oli za star\u0161e v \u0161olskem letu 2021\/2022. Linki na Zoom povezave govorilnih ur\" \/>\n<meta property=\"og:url\" content=\"https:\/\/www.scpet.si\/srednja-tehniska-in-strokovna-sola\/govorilne-ure\/\" \/>\n<meta property=\"og:site_name\" content=\"SREDNJA TEHNI\u0160KA IN STROKOVNA \u0160OLA\" \/>\n<meta property=\"article:modified_time\" content=\"2025-11-26T10:01:19+00:00\" \/>\n<meta name=\"twitter:card\" content=\"summary_large_image\" \/>\n<meta name=\"twitter:label1\" content=\"Est. reading time\" \/>\n\t<meta name=\"twitter:data1\" content=\"4 minute\" \/>\n<script type=\"application\/ld+json\" class=\"yoast-schema-graph\">{\"@context\":\"https:\/\/schema.org\",\"@graph\":[{\"@type\":\"WebPage\",\"@id\":\"https:\/\/www.scpet.si\/srednja-tehniska-in-strokovna-sola\/govorilne-ure\/\",\"url\":\"https:\/\/www.scpet.si\/srednja-tehniska-in-strokovna-sola\/govorilne-ure\/\",\"name\":\"Govorilne ure - SREDNJA TEHNI\u0160KA IN STROKOVNA \u0160OLA\",\"isPartOf\":{\"@id\":\"https:\/\/www.scpet.si\/srednja-tehniska-in-strokovna-sola\/#website\"},\"datePublished\":\"2019-08-07T08:01:12+00:00\",\"dateModified\":\"2025-11-26T10:01:19+00:00\",\"description\":\"Skupne in tedenske govorilne ure na srednji \u0161oli za star\u0161e v \u0161olskem letu 2021\/2022. Linki na Zoom povezave govorilnih ur\",\"breadcrumb\":{\"@id\":\"https:\/\/www.scpet.si\/srednja-tehniska-in-strokovna-sola\/govorilne-ure\/#breadcrumb\"},\"inLanguage\":\"sl-SI\",\"potentialAction\":[{\"@type\":\"ReadAction\",\"target\":[\"https:\/\/www.scpet.si\/srednja-tehniska-in-strokovna-sola\/govorilne-ure\/\"]}]},{\"@type\":\"BreadcrumbList\",\"@id\":\"https:\/\/www.scpet.si\/srednja-tehniska-in-strokovna-sola\/govorilne-ure\/#breadcrumb\",\"itemListElement\":[{\"@type\":\"ListItem\",\"position\":1,\"name\":\"Home\",\"item\":\"https:\/\/www.scpet.si\/srednja-tehniska-in-strokovna-sola\/\"},{\"@type\":\"ListItem\",\"position\":2,\"name\":\"Govorilne ure\"}]},{\"@type\":\"WebSite\",\"@id\":\"https:\/\/www.scpet.si\/srednja-tehniska-in-strokovna-sola\/#website\",\"url\":\"https:\/\/www.scpet.si\/srednja-tehniska-in-strokovna-sola\/\",\"name\":\"SREDNJA TEHNI\u0160KA IN STROKOVNA \u0160OLA\",\"description\":\"Just another \u0160C PET Sites site\",\"potentialAction\":[{\"@type\":\"SearchAction\",\"target\":{\"@type\":\"EntryPoint\",\"urlTemplate\":\"https:\/\/www.scpet.si\/srednja-tehniska-in-strokovna-sola\/?s={search_term_string}\"},\"query-input\":\"required name=search_term_string\"}],\"inLanguage\":\"sl-SI\"}]}<\/script>\n<!-- \/ Yoast SEO plugin. -->","yoast_head_json":{"title":"Govorilne ure - SREDNJA TEHNI\u0160KA IN STROKOVNA \u0160OLA","description":"Skupne in tedenske govorilne ure na srednji \u0161oli za star\u0161e v \u0161olskem letu 2021\/2022. Linki na Zoom povezave govorilnih ur","robots":{"index":"index","follow":"follow","max-snippet":"max-snippet:-1","max-image-preview":"max-image-preview:large","max-video-preview":"max-video-preview:-1"},"canonical":"https:\/\/www.scpet.si\/srednja-tehniska-in-strokovna-sola\/govorilne-ure\/","og_locale":"sl_SI","og_type":"article","og_title":"Govorilne ure - SREDNJA TEHNI\u0160KA IN STROKOVNA \u0160OLA","og_description":"Skupne in tedenske govorilne ure na srednji \u0161oli za star\u0161e v \u0161olskem letu 2021\/2022. Linki na Zoom povezave govorilnih ur","og_url":"https:\/\/www.scpet.si\/srednja-tehniska-in-strokovna-sola\/govorilne-ure\/","og_site_name":"SREDNJA TEHNI\u0160KA IN STROKOVNA \u0160OLA","article_modified_time":"2025-11-26T10:01:19+00:00","twitter_card":"summary_large_image","twitter_misc":{"Est. reading time":"4 minute"},"schema":{"@context":"https:\/\/schema.org","@graph":[{"@type":"WebPage","@id":"https:\/\/www.scpet.si\/srednja-tehniska-in-strokovna-sola\/govorilne-ure\/","url":"https:\/\/www.scpet.si\/srednja-tehniska-in-strokovna-sola\/govorilne-ure\/","name":"Govorilne ure - SREDNJA TEHNI\u0160KA IN STROKOVNA \u0160OLA","isPartOf":{"@id":"https:\/\/www.scpet.si\/srednja-tehniska-in-strokovna-sola\/#website"},"datePublished":"2019-08-07T08:01:12+00:00","dateModified":"2025-11-26T10:01:19+00:00","description":"Skupne in tedenske govorilne ure na srednji \u0161oli za star\u0161e v \u0161olskem letu 2021\/2022. Linki na Zoom povezave govorilnih ur","breadcrumb":{"@id":"https:\/\/www.scpet.si\/srednja-tehniska-in-strokovna-sola\/govorilne-ure\/#breadcrumb"},"inLanguage":"sl-SI","potentialAction":[{"@type":"ReadAction","target":["https:\/\/www.scpet.si\/srednja-tehniska-in-strokovna-sola\/govorilne-ure\/"]}]},{"@type":"BreadcrumbList","@id":"https:\/\/www.scpet.si\/srednja-tehniska-in-strokovna-sola\/govorilne-ure\/#breadcrumb","itemListElement":[{"@type":"ListItem","position":1,"name":"Home","item":"https:\/\/www.scpet.si\/srednja-tehniska-in-strokovna-sola\/"},{"@type":"ListItem","position":2,"name":"Govorilne ure"}]},{"@type":"WebSite","@id":"https:\/\/www.scpet.si\/srednja-tehniska-in-strokovna-sola\/#website","url":"https:\/\/www.scpet.si\/srednja-tehniska-in-strokovna-sola\/","name":"SREDNJA TEHNI\u0160KA IN STROKOVNA \u0160OLA","description":"Just another \u0160C PET Sites site","potentialAction":[{"@type":"SearchAction","target":{"@type":"EntryPoint","urlTemplate":"https:\/\/www.scpet.si\/srednja-tehniska-in-strokovna-sola\/?s={search_term_string}"},"query-input":"required name=search_term_string"}],"inLanguage":"sl-SI"}]}},"_links":{"self":[{"href":"https:\/\/www.scpet.si\/srednja-tehniska-in-strokovna-sola\/wp-json\/wp\/v2\/pages\/205"}],"collection":[{"href":"https:\/\/www.scpet.si\/srednja-tehniska-in-strokovna-sola\/wp-json\/wp\/v2\/pages"}],"about":[{"href":"https:\/\/www.scpet.si\/srednja-tehniska-in-strokovna-sola\/wp-json\/wp\/v2\/types\/page"}],"author":[{"embeddable":true,"href":"https:\/\/www.scpet.si\/srednja-tehniska-in-strokovna-sola\/wp-json\/wp\/v2\/users\/1"}],"replies":[{"embeddable":true,"href":"https:\/\/www.scpet.si\/srednja-tehniska-in-strokovna-sola\/wp-json\/wp\/v2\/comments?post=205"}],"version-history":[{"count":0,"href":"https:\/\/www.scpet.si\/srednja-tehniska-in-strokovna-sola\/wp-json\/wp\/v2\/pages\/205\/revisions"}],"wp:attachment":[{"href":"https:\/\/www.scpet.si\/srednja-tehniska-in-strokovna-sola\/wp-json\/wp\/v2\/media?parent=205"}],"curies":[{"name":"wp","href":"https:\/\/api.w.org\/{rel}","templated":true}]}}