{"id":213,"date":"2019-08-07T15:39:01","date_gmt":"2019-08-07T13:39:01","guid":{"rendered":"http:\/\/scpet.sample.si\/srednja-tehniska-in-strokovna-sola\/dijaki\/dijaska-skupnost-stss-copy\/"},"modified":"2022-08-10T08:40:27","modified_gmt":"2022-08-10T06:40:27","slug":"raziskovalna-dejavnost-2","status":"publish","type":"page","link":"https:\/\/www.scpet.si\/srednja-tehniska-in-strokovna-sola\/raziskovalna-dejavnost-2\/","title":{"rendered":"Raziskovalna dejavnost"},"content":{"rendered":"<div class=\"fusion-fullwidth fullwidth-box fusion-builder-row-1 nonhundred-percent-fullwidth non-hundred-percent-height-scrolling\" style=\"background-color: rgba(255,255,255,0);background-position: center center;background-repeat: no-repeat;padding-top:0px;padding-right:0px;padding-bottom:0px;padding-left:0px;margin-bottom: 0px;margin-top: 0px;border-width: 0px 0px 0px 0px;border-color:#eae9e9;border-style:solid;\" ><div class=\"fusion-builder-row fusion-row\"><div class=\"fusion-layout-column fusion_builder_column fusion-builder-column-0 fusion_builder_column_1_1 1_1 fusion-one-full fusion-column-first fusion-column-last\" style=\"margin-top:0px;margin-bottom:20px;\"><div class=\"fusion-column-wrapper fusion-flex-column-wrapper-legacy\" style=\"background-position:left top;background-repeat:no-repeat;-webkit-background-size:cover;-moz-background-size:cover;-o-background-size:cover;background-size:cover;padding: 0px 0px 0px 0px;\"><style type=\"text\/css\"><\/style><div class=\"fusion-title title fusion-title-1 fusion-sep-none fusion-title-text fusion-title-size-one\" style=\"margin-top:0px;margin-right:0px;margin-bottom:31px;margin-left:0px;\"><h1 class=\"title-heading-left\" style=\"margin:0;\">Raziskovalne naloge<\/h1><\/div><div class=\"fusion-text fusion-text-1\"><p>Na na\u0161em \u0161olskem centru posve\u010damo raziskovalnim nalogam veliko pozornost. Vsako leto povabimo vse u\u010dence, \u0161e posebej pa tiste iz vi\u0161jih letnikov in tiste bolj radovedne in ustvarjalne, da se pridru\u017eijo vrstam mladih raziskovalcev. Pri tem izhajamo iz prepri\u010danja, da je lahko vsak dijak, \u010de si to le \u017eeli, mladi raziskovalec.\u00a0Prav tako povabimo tudi u\u010ditelje, da postanejo mentorji oz. da tisti, ki so \u017ee bili mentorji, z mentorstvom nadaljujejo. Zelo pomembno je tudi to, da nas pri raziskovalnem delu podpira vodstvo \u0161ole, ki daje temu delu precej\u0161en poudarek.<\/p>\n<p>Delo z mladimi raziskovalci ima dolo\u010dene prednosti pred tradicionalnim poukom tako za nas mentorje kot tudi za raziskovalce. Pomembna prednost je odnos, ki se vzpostavi med mentorjem in raziskovalcem. Ta je precej druga\u010den od tistega pri klasi\u010dnem pouku. Mentorji raziskovalce le usmerjamo, raziskovalci pa pri delu niso v podrejenem odnosu. Zato se med njimi razvije bolj iskren in odprt odnos, ki omogo\u010da, da raziskovalno delo te\u010de brez napetosti in da se lahko rojevajo in razvijajo nove, tudi nore ideje in zamisli raziskovalcev. Pri raziskovalnem delu se u\u010denec nau\u010di ve\u010d kot pri tradicionalnem pouku. Sam mora poiskati vire, pre\u0161tudirati teorijo in jo povezati s prakti\u010dnim primerom. Kompetence, ki jih pridobi med raziskovalnim delom, so za u\u010denca neprecenljive.<\/p>\n<h3>Raziskovalna naloga in priprava naloge<\/h3>\n<p>Napisati raziskovalno nalogo pomeni nau\u010diti se misliti, zbrati lastne misli in dolo\u010dene podatke, kar pomeni nau\u010diti se metodi\u010dnega dela. Zato je sama tema raziskovalne naloge manj pomembna kot izku\u0161nja, ki si jo z izdelavo raziskovalne naloge pridobimo.<\/p>\n<p>Za raziskovalno delo je zna\u010dilno, da obravnava prepoznaven in to\u010dno dolo\u010den problem. V raziskovalni nalogi obravnavamo &#8220;stvari&#8221;, ki \u0161e niso bile raziskane, \u010de pa so \u017ee bile, jih obravnavamo z drugega stali\u0161\u010da. Raziskovalno delo mora biti uporabno tudi za druge, pripomore pa naj k razjasnitvi ali razre\u0161itvi \u017ee prej znanega problema. V raziskovalni nalogi morajo biti podatki, ki jih lahko tudi preverimo, oz. hipoteze, ki jih lahko potrdimo ali zavrnemo.<\/p>\n<p><strong>Odlo\u010ditev za raziskovalno nalogo pomeni, da bomo:<\/strong><\/p>\n<ul>\n<li>raziskali jasno dolo\u010den problem,<\/li>\n<li>poiskali in zbrali potrebno literaturo,<\/li>\n<li>to literaturo razvrstili in problem s pomo\u010djo le-te preverili,<\/li>\n<li>nalogo zapisali tako, da bo vsakomur, ki jo bo prebral, jasno, kaj smo hoteli povedati, in da bo to s pomo\u010djo navedene literature lahko tudi preveril ali uporabil za nadaljnje raziskave.<\/li>\n<\/ul>\n<p><strong>Mojca Gorjan<\/strong>, koordinatorica raziskovalne dejavnosti na \u0160C PET<\/p>\n<\/div><div class=\"fusion-clearfix\"><\/div><\/div><\/div><div class=\"fusion-layout-column fusion_builder_column fusion-builder-column-1 fusion_builder_column_1_1 1_1 fusion-one-full fusion-column-first fusion-column-last\" style=\"margin-top:0px;margin-bottom:20px;\"><div class=\"fusion-column-wrapper fusion-flex-column-wrapper-legacy\" style=\"background-position:left top;background-repeat:no-repeat;-webkit-background-size:cover;-moz-background-size:cover;-o-background-size:cover;background-size:cover;padding: 0px 0px 0px 0px;\"><style type=\"text\/css\"><\/style><div class=\"fusion-title title fusion-title-2 fusion-sep-none fusion-title-text fusion-title-size-one\" style=\"margin-top:0px;margin-right:0px;margin-bottom:31px;margin-left:0px;\"><h1 class=\"title-heading-left\" style=\"margin:0;\">MA\u0160A d.o.o. \u2013 catering<\/h1><\/div><div class=\"fusion-text fusion-text-2\"><p><strong>Ma\u0161a, d.o.o.<\/strong> je u\u010dno podjetje dijakov \u0160olskega centra za po\u0161to, ekonomijo in telekomunikacije Ljubljana. Njihova glavna ideja je catering malce druga\u010de. Ponujajo raznovrstne, okusne ter modernizirane slovenske jedi. Na voljo so jedi prav za vsakogar: vegetarijance, vegane, tudi za alergike je poskrbljeno. Od vsakega\u00a0 naro\u010dila bodo prispevali 1\u20ac Rde\u010demu kri\u017eu za pomo\u010d dru\u017einam v stiski. Tako bodo narisali na obraz nasmeh ne samo vam, spo\u0161tovani gostje, temve\u010d tudi dru\u017einam. To pa je tudi glavni namen njihovega podjetja.<\/p>\n<p><a href=\"https:\/\/www.scpet.si\/srednja-tehniska-in-strokovna-sola\/wp-content\/uploads\/sites\/2\/2021\/05\/TURISTICNA-NALOGA-MASA-d.o.o.-.pdf\" target=\"_blank\" rel=\"noopener\">Ma\u0161a, d.o.o. &#8211; TURISTI\u010cNA NALOGA (pdf)<\/a><\/p>\n<p><strong>Avtorji naloge:<\/strong> Ma\u0161a Pustotnik, Jan Ber\u017ean, Nina Starman Gomba\u010d<\/p>\n<p><strong>Mentorica:<\/strong> Ana Godec<\/p>\n<\/div><div class=\"fusion-clearfix\"><\/div><\/div><\/div><div class=\"fusion-layout-column fusion_builder_column fusion-builder-column-2 fusion_builder_column_1_1 1_1 fusion-one-full fusion-column-first fusion-column-last\" style=\"margin-top:0px;margin-bottom:20px;\"><div class=\"fusion-column-wrapper fusion-flex-column-wrapper-legacy\" style=\"background-position:left top;background-repeat:no-repeat;-webkit-background-size:cover;-moz-background-size:cover;-o-background-size:cover;background-size:cover;padding: 0px 0px 0px 0px;\"><style type=\"text\/css\"><\/style><div class=\"fusion-title title fusion-title-3 fusion-sep-none fusion-title-text fusion-title-size-one\" style=\"margin-top:0px;margin-right:0px;margin-bottom:31px;margin-left:0px;\"><h1 class=\"title-heading-left\" style=\"margin:0;\">POPRI<\/h1><\/div><div class=\"fusion-text fusion-text-3\"><p>POPRI je tekmovanje za najbolj\u0161o podjetni\u0161ko idejo med mladimi. \u017de 10 let je POPRI zlasti v gori\u0161kem prostoru prepoznan kot dejavnost, ki mladim omogo\u010da razvoj inovativnosti, ustvarjalnosti in podjetnosti. Osnovni namen projekta je prispevati k dvigu sposobnosti mladih za uresni\u010devanje njihovih zamisli, kar vklju\u010duje prepoznavanje prilo\u017enosti, ustvarjalnost, inovativnost, dajanje pobud in sprejemanje tveganj, vodenje, zapisovanje projektov, odlo\u010denost za doseganje ciljev, motivacijo, komuniciranje in timsko delo.<\/p>\n<p><a title=\"POPRI__2017\" href=\"https:\/\/www.scpet.si\/srednja-tehniska-in-strokovna-sola\/wp-content\/uploads\/sites\/2\/2020\/02\/POPRI__2017.pdf\">POPRI 2017<\/a>, podjetni\u0161ka ideja Ekobottle<br \/>\n<a title=\"POPRI_2016\" href=\"https:\/\/www.scpet.si\/srednja-tehniska-in-strokovna-sola\/wp-content\/uploads\/sites\/2\/2020\/02\/POPRI_2016.pdf\">POPRI 2016<\/a>, podjetni\u0161ka ideja CBW<\/p>\n<\/div><div class=\"fusion-clearfix\"><\/div><\/div><\/div><div class=\"fusion-layout-column fusion_builder_column fusion-builder-column-3 fusion_builder_column_1_1 1_1 fusion-one-full fusion-column-first fusion-column-last\" style=\"margin-top:0px;margin-bottom:20px;\"><div class=\"fusion-column-wrapper fusion-flex-column-wrapper-legacy\" style=\"background-position:left top;background-repeat:no-repeat;-webkit-background-size:cover;-moz-background-size:cover;-o-background-size:cover;background-size:cover;padding: 0px 0px 0px 0px;\"><style type=\"text\/css\"><\/style><div class=\"fusion-title title fusion-title-4 fusion-sep-none fusion-title-text fusion-title-size-one\" style=\"margin-top:0px;margin-right:0px;margin-bottom:31px;margin-left:0px;\"><h1 class=\"title-heading-left\" style=\"margin:0;\"><span class=\"vsebina_naslov\">JA Slovenija, Moje podjetje<\/span><\/h1><\/div><div class=\"fusion-text fusion-text-4\"><p><strong>Mladim omogo\u010damo odkrivanje njihovih potencialov in jim pomagamo k samostojnemu \u017eivljenju.<\/strong><\/p>\n<p>\u0160C PET Ljubljana, STS\u0160, aktivno podpira\u00a0<a href=\"http:\/\/www.jaslovenija.si\/\">Zavod za spodbujanje podjetnosti mladih<\/a>\u00a0in s tem omogo\u010da dijakom:<\/p>\n<ul>\n<li>da s pomo\u010djo<span class=\"apple-converted-space\">\u00a0<\/span>u\u010denja iz izku\u0161enj razvijajo smisel za podjetnost,<\/li>\n<li>da razvijajo ustvarjalnost in inovativnost,<\/li>\n<li>da se seznanijo z osnovami podjetni\u0161tva,<\/li>\n<li>da na\u010drtuje kariero, razvijajo talente in zasledujejo lastna zanimanja,<\/li>\n<li>da aktivno\u00a0sodelovanje<span class=\"apple-converted-space\">\u00a0<\/span>pri gradnji kvalitetnega \u017eivljenja v lokalni skupnosti in \u0161ir\u0161e.<\/li>\n<\/ul>\n<p><strong>AKTIVNOSTI STS\u0160 in dose\u017eki:\u00a0<\/strong><\/p>\n<p>1. mesto v kategoriji najinovativnej\u0161i izdelek (<a title=\"JA___Ekobottle__16_17\" href=\"https:\/\/www.scpet.si\/srednja-tehniska-in-strokovna-sola\/wp-content\/uploads\/sites\/2\/2020\/02\/JA___Ekobottle__16_17.pdf\">EKOBOTTLE)<\/a><strong>,<\/strong>\u00a0je osvojila ekipa \u0160C PET Ljubljana, STS\u0160, pod mentorstvom\u00a0<strong>Andreje Glavi\u010d<\/strong>.\u00a0<a href=\"http:\/\/www.jaslovenija.si\/novice\/432-imamo-letosnjega-zmagovalca.html\">Ve\u010d informacij..<\/a>.<\/p>\n<hr \/>\n<p>Poro\u010dilo o\u00a0<a title=\"JA_SLO__porocilo__16_17\" href=\"https:\/\/www.scpet.si\/srednja-tehniska-in-strokovna-sola\/wp-content\/uploads\/sites\/2\/2020\/02\/JA_SLO__porocilo__16_17.pdf\">4. sejmu dija\u0161kih podjetij, 5. 5. 2017<\/a><br \/>\nPoro\u010dilo s tekmovanja\u00a0<a href=\"https:\/\/www.scpet.si\/srednja-tehniska-in-strokovna-sola\/wp-content\/uploads\/sites\/2\/2020\/02\/JA__SLO___porocilo__15_16.pdf\">v okviru projekta, 13. 5. 2016<\/a><\/p>\n<hr \/>\n<\/div><div class=\"fusion-clearfix\"><\/div><\/div><\/div><div class=\"fusion-layout-column fusion_builder_column fusion-builder-column-4 fusion_builder_column_1_1 1_1 fusion-one-full fusion-column-first fusion-column-last\" style=\"margin-top:0px;margin-bottom:20px;\"><div class=\"fusion-column-wrapper fusion-flex-column-wrapper-legacy\" style=\"background-position:left top;background-repeat:no-repeat;-webkit-background-size:cover;-moz-background-size:cover;-o-background-size:cover;background-size:cover;padding: 0px 0px 0px 0px;\"><style type=\"text\/css\"><\/style><div class=\"fusion-title title fusion-title-5 fusion-sep-none fusion-title-text fusion-title-size-one\" style=\"margin-top:0px;margin-right:0px;margin-bottom:31px;margin-left:0px;\"><h1 class=\"title-heading-left\" style=\"margin:0;\">Arhiv dogodkov<\/h1><\/div><div class=\"fusion-text fusion-text-5\"><p style=\"font-weight: 400;\">SEZNAM NALOG, UVR\u0160\u010cENIH NA REGIJSKO TEKMOVANJE (\u0160C PET 2017):<\/p>\n<ol>\n<li style=\"font-weight: 400;\">Zdrav \u017eivljenjski slog in obremenjenost slovenskih nogometa\u0161ic (\u0161port); Raziskovalka: Nina Eki\u0107, 3. A; Mentorica: Petra Primo\u017ei\u010d, Somentor: Matja\u017e Plesec.<\/li>\n<li style=\"font-weight: 400;\">Vloga star\u0161ev pri razvoju mladega \u0161portnika (\u0161port); R.: Alja\u017e Tot, 4. A; M.: Matja\u017e Plesec, S.: Petra Primo\u017ei\u010d<\/li>\n<li style=\"font-weight: 400;\">Rasa in dr\u017eavljanstvo v ligi NBA (\u0161port); R.: Nejc Strajnar in Jure \u0160trancar, 4. A; M.: Matja\u017e Plesec, S.: Petra Primo\u017ei\u010d.<\/li>\n<li style=\"font-weight: 400;\">\u0160portne po\u0161kodbe mladih ljubljanskih ko\u0161arkarjev (\u0161port); R.: Jaka Bukovec, 4. B; M.: Matja\u017e Plesec, S.: Petra Primo\u017ei\u010d.<\/li>\n<li style=\"font-weight: 400;\">Analiza mnenj naklju\u010dno izbranih anketirancev o begunski problematiki v Sloveniji (sociologija); R.: Sara Ferli\u010d, 4. A; M.: Mojca Gorjan.<\/li>\n<li style=\"font-weight: 400;\">Nasilje v dru\u017eini (sociologija); R.: Katja Femec in Hedvika Kolman,4. A; M.: Mojca Gorjan.<\/li>\n<\/ol>\n<p style=\"font-weight: 400;\">DOSE\u017dENE NAGRADE:<br \/>\nNina Eki\u0107,\u00a0<a href=\"https:\/\/www.scpet.si\/srednja-tehniska-in-strokovna-sola\/wp-content\/uploads\/sites\/2\/2020\/02\/Raziskovalne___Nina_Ekic__2017.pdf\">1. mesto na regijskem tekmovanju<\/a>\u00a0na podro\u010dju \u0161porta<\/p>\n<\/div><div class=\"fusion-clearfix\"><\/div><\/div><\/div><\/div><\/div>\n","protected":false},"excerpt":{"rendered":"","protected":false},"author":1,"featured_media":0,"parent":0,"menu_order":0,"comment_status":"closed","ping_status":"closed","template":"100-width.php","meta":{"_mi_skip_tracking":false,"_exactmetrics_sitenote_active":false,"_exactmetrics_sitenote_note":"","_exactmetrics_sitenote_category":0},"yoast_head":"<!-- This site is optimized with the Yoast SEO plugin v20.8 - https:\/\/yoast.com\/wordpress\/plugins\/seo\/ -->\n<title>Raziskovalna dejavnost - SREDNJA TEHNI\u0160KA IN STROKOVNA \u0160OLA<\/title>\n<meta name=\"description\" content=\"Raziskovalna dejavnost - Srednja tehni\u0161ka in strokovna \u0161ola - \u0160olski center za po\u0161to, ekonomijo in telekomunikacije Ljubljana - \u0160C PET.\" \/>\n<meta name=\"robots\" content=\"index, follow, max-snippet:-1, max-image-preview:large, max-video-preview:-1\" \/>\n<link rel=\"canonical\" href=\"https:\/\/www.scpet.si\/srednja-tehniska-in-strokovna-sola\/raziskovalna-dejavnost-2\/\" \/>\n<meta property=\"og:locale\" content=\"sl_SI\" \/>\n<meta property=\"og:type\" content=\"article\" \/>\n<meta property=\"og:title\" content=\"Raziskovalna dejavnost - SREDNJA TEHNI\u0160KA IN STROKOVNA \u0160OLA\" \/>\n<meta property=\"og:description\" content=\"Raziskovalna dejavnost - Srednja tehni\u0161ka in strokovna \u0161ola - \u0160olski center za po\u0161to, ekonomijo in telekomunikacije Ljubljana - \u0160C PET.\" \/>\n<meta property=\"og:url\" content=\"https:\/\/www.scpet.si\/srednja-tehniska-in-strokovna-sola\/raziskovalna-dejavnost-2\/\" \/>\n<meta property=\"og:site_name\" content=\"SREDNJA TEHNI\u0160KA IN STROKOVNA \u0160OLA\" \/>\n<meta property=\"article:modified_time\" content=\"2022-08-10T06:40:27+00:00\" \/>\n<meta name=\"twitter:card\" content=\"summary_large_image\" \/>\n<meta name=\"twitter:label1\" content=\"Est. reading time\" \/>\n\t<meta name=\"twitter:data1\" content=\"8 minut\" \/>\n<script type=\"application\/ld+json\" class=\"yoast-schema-graph\">{\"@context\":\"https:\/\/schema.org\",\"@graph\":[{\"@type\":\"WebPage\",\"@id\":\"https:\/\/www.scpet.si\/srednja-tehniska-in-strokovna-sola\/raziskovalna-dejavnost-2\/\",\"url\":\"https:\/\/www.scpet.si\/srednja-tehniska-in-strokovna-sola\/raziskovalna-dejavnost-2\/\",\"name\":\"Raziskovalna dejavnost - SREDNJA TEHNI\u0160KA IN STROKOVNA \u0160OLA\",\"isPartOf\":{\"@id\":\"https:\/\/www.scpet.si\/srednja-tehniska-in-strokovna-sola\/#website\"},\"datePublished\":\"2019-08-07T13:39:01+00:00\",\"dateModified\":\"2022-08-10T06:40:27+00:00\",\"description\":\"Raziskovalna dejavnost - Srednja tehni\u0161ka in strokovna \u0161ola - \u0160olski center za po\u0161to, ekonomijo in telekomunikacije Ljubljana - \u0160C PET.\",\"breadcrumb\":{\"@id\":\"https:\/\/www.scpet.si\/srednja-tehniska-in-strokovna-sola\/raziskovalna-dejavnost-2\/#breadcrumb\"},\"inLanguage\":\"sl-SI\",\"potentialAction\":[{\"@type\":\"ReadAction\",\"target\":[\"https:\/\/www.scpet.si\/srednja-tehniska-in-strokovna-sola\/raziskovalna-dejavnost-2\/\"]}]},{\"@type\":\"BreadcrumbList\",\"@id\":\"https:\/\/www.scpet.si\/srednja-tehniska-in-strokovna-sola\/raziskovalna-dejavnost-2\/#breadcrumb\",\"itemListElement\":[{\"@type\":\"ListItem\",\"position\":1,\"name\":\"Home\",\"item\":\"https:\/\/www.scpet.si\/srednja-tehniska-in-strokovna-sola\/\"},{\"@type\":\"ListItem\",\"position\":2,\"name\":\"Raziskovalna dejavnost\"}]},{\"@type\":\"WebSite\",\"@id\":\"https:\/\/www.scpet.si\/srednja-tehniska-in-strokovna-sola\/#website\",\"url\":\"https:\/\/www.scpet.si\/srednja-tehniska-in-strokovna-sola\/\",\"name\":\"SREDNJA TEHNI\u0160KA IN STROKOVNA \u0160OLA\",\"description\":\"Just another \u0160C PET Sites site\",\"potentialAction\":[{\"@type\":\"SearchAction\",\"target\":{\"@type\":\"EntryPoint\",\"urlTemplate\":\"https:\/\/www.scpet.si\/srednja-tehniska-in-strokovna-sola\/?s={search_term_string}\"},\"query-input\":\"required name=search_term_string\"}],\"inLanguage\":\"sl-SI\"}]}<\/script>\n<!-- \/ Yoast SEO plugin. -->","yoast_head_json":{"title":"Raziskovalna dejavnost - SREDNJA TEHNI\u0160KA IN STROKOVNA \u0160OLA","description":"Raziskovalna dejavnost - Srednja tehni\u0161ka in strokovna \u0161ola - \u0160olski center za po\u0161to, ekonomijo in telekomunikacije Ljubljana - \u0160C PET.","robots":{"index":"index","follow":"follow","max-snippet":"max-snippet:-1","max-image-preview":"max-image-preview:large","max-video-preview":"max-video-preview:-1"},"canonical":"https:\/\/www.scpet.si\/srednja-tehniska-in-strokovna-sola\/raziskovalna-dejavnost-2\/","og_locale":"sl_SI","og_type":"article","og_title":"Raziskovalna dejavnost - SREDNJA TEHNI\u0160KA IN STROKOVNA \u0160OLA","og_description":"Raziskovalna dejavnost - Srednja tehni\u0161ka in strokovna \u0161ola - \u0160olski center za po\u0161to, ekonomijo in telekomunikacije Ljubljana - \u0160C PET.","og_url":"https:\/\/www.scpet.si\/srednja-tehniska-in-strokovna-sola\/raziskovalna-dejavnost-2\/","og_site_name":"SREDNJA TEHNI\u0160KA IN STROKOVNA \u0160OLA","article_modified_time":"2022-08-10T06:40:27+00:00","twitter_card":"summary_large_image","twitter_misc":{"Est. reading time":"8 minut"},"schema":{"@context":"https:\/\/schema.org","@graph":[{"@type":"WebPage","@id":"https:\/\/www.scpet.si\/srednja-tehniska-in-strokovna-sola\/raziskovalna-dejavnost-2\/","url":"https:\/\/www.scpet.si\/srednja-tehniska-in-strokovna-sola\/raziskovalna-dejavnost-2\/","name":"Raziskovalna dejavnost - SREDNJA TEHNI\u0160KA IN STROKOVNA \u0160OLA","isPartOf":{"@id":"https:\/\/www.scpet.si\/srednja-tehniska-in-strokovna-sola\/#website"},"datePublished":"2019-08-07T13:39:01+00:00","dateModified":"2022-08-10T06:40:27+00:00","description":"Raziskovalna dejavnost - Srednja tehni\u0161ka in strokovna \u0161ola - \u0160olski center za po\u0161to, ekonomijo in telekomunikacije Ljubljana - \u0160C PET.","breadcrumb":{"@id":"https:\/\/www.scpet.si\/srednja-tehniska-in-strokovna-sola\/raziskovalna-dejavnost-2\/#breadcrumb"},"inLanguage":"sl-SI","potentialAction":[{"@type":"ReadAction","target":["https:\/\/www.scpet.si\/srednja-tehniska-in-strokovna-sola\/raziskovalna-dejavnost-2\/"]}]},{"@type":"BreadcrumbList","@id":"https:\/\/www.scpet.si\/srednja-tehniska-in-strokovna-sola\/raziskovalna-dejavnost-2\/#breadcrumb","itemListElement":[{"@type":"ListItem","position":1,"name":"Home","item":"https:\/\/www.scpet.si\/srednja-tehniska-in-strokovna-sola\/"},{"@type":"ListItem","position":2,"name":"Raziskovalna dejavnost"}]},{"@type":"WebSite","@id":"https:\/\/www.scpet.si\/srednja-tehniska-in-strokovna-sola\/#website","url":"https:\/\/www.scpet.si\/srednja-tehniska-in-strokovna-sola\/","name":"SREDNJA TEHNI\u0160KA IN STROKOVNA \u0160OLA","description":"Just another \u0160C PET Sites site","potentialAction":[{"@type":"SearchAction","target":{"@type":"EntryPoint","urlTemplate":"https:\/\/www.scpet.si\/srednja-tehniska-in-strokovna-sola\/?s={search_term_string}"},"query-input":"required name=search_term_string"}],"inLanguage":"sl-SI"}]}},"_links":{"self":[{"href":"https:\/\/www.scpet.si\/srednja-tehniska-in-strokovna-sola\/wp-json\/wp\/v2\/pages\/213"}],"collection":[{"href":"https:\/\/www.scpet.si\/srednja-tehniska-in-strokovna-sola\/wp-json\/wp\/v2\/pages"}],"about":[{"href":"https:\/\/www.scpet.si\/srednja-tehniska-in-strokovna-sola\/wp-json\/wp\/v2\/types\/page"}],"author":[{"embeddable":true,"href":"https:\/\/www.scpet.si\/srednja-tehniska-in-strokovna-sola\/wp-json\/wp\/v2\/users\/1"}],"replies":[{"embeddable":true,"href":"https:\/\/www.scpet.si\/srednja-tehniska-in-strokovna-sola\/wp-json\/wp\/v2\/comments?post=213"}],"version-history":[{"count":0,"href":"https:\/\/www.scpet.si\/srednja-tehniska-in-strokovna-sola\/wp-json\/wp\/v2\/pages\/213\/revisions"}],"wp:attachment":[{"href":"https:\/\/www.scpet.si\/srednja-tehniska-in-strokovna-sola\/wp-json\/wp\/v2\/media?parent=213"}],"curies":[{"name":"wp","href":"https:\/\/api.w.org\/{rel}","templated":true}]}}