{"id":225,"date":"2019-08-08T10:01:27","date_gmt":"2019-08-08T08:01:27","guid":{"rendered":"http:\/\/scpet.sample.si\/srednja-tehniska-in-strokovna-sola\/sola\/dokumenti-copy\/"},"modified":"2025-12-21T20:02:01","modified_gmt":"2025-12-21T19:02:01","slug":"komisija-za-kakovost","status":"publish","type":"page","link":"https:\/\/www.scpet.si\/srednja-tehniska-in-strokovna-sola\/komisija-za-kakovost\/","title":{"rendered":"Komisija za kakovost"},"content":{"rendered":"<div class=\"fusion-fullwidth fullwidth-box fusion-builder-row-1 nonhundred-percent-fullwidth non-hundred-percent-height-scrolling\" style=\"background-color: rgba(255,255,255,0);background-position: center center;background-repeat: no-repeat;padding-top:0px;padding-right:0px;padding-bottom:0px;padding-left:0px;margin-bottom: 0px;margin-top: 0px;border-width: 0px 0px 0px 0px;border-color:#eae9e9;border-style:solid;\" ><div class=\"fusion-builder-row fusion-row\"><div class=\"fusion-layout-column fusion_builder_column fusion-builder-column-0 fusion_builder_column_1_1 1_1 fusion-one-full fusion-column-first fusion-column-last\" style=\"margin-top:0px;margin-bottom:0px;\"><div class=\"fusion-column-wrapper fusion-flex-column-wrapper-legacy\" style=\"background-position:left top;background-repeat:no-repeat;-webkit-background-size:cover;-moz-background-size:cover;-o-background-size:cover;background-size:cover;padding: 0px 0px 0px 0px;\"><style type=\"text\/css\"><\/style><div class=\"fusion-title title fusion-title-1 fusion-sep-none fusion-title-text fusion-title-size-one\" style=\"margin-top:0px;margin-right:0px;margin-bottom:31px;margin-left:0px;\"><h1 class=\"title-heading-left\" style=\"margin:0;\"><h2>Komisija za kakovost Srednje tehni\u0161ke in strokovne \u0161ole v letu 2025\/2026<\/h2><\/h1><\/div><div class=\"fusion-text fusion-text-1\"><p>Namen delovanja Komisije za kakovost Srednje tehni\u0161ke in strokovne \u0161ole je izbolj\u0161ati kakovost u\u010denja in pou\u010devanja ter sistemati\u010dno spodbujati vzpostavitev celovitega sistema ugotavljanja in zagotavljanja kakovosti.<\/p>\n<p>Naloge Komisije za kakovost opredeljene v Aktu o ustanovitvi vzgojno izobra\u017eevalnega zavoda \u0160olski center za po\u0161to, ekonomijo in telekomunikacije Ljubljana:<\/p>\n<ul>\n<li>ustvarja razmere za spremljanje in zagotavljanje kakovosti vzgojno izobra\u017eevalnega dela na \u0161oli,<\/li>\n<li>razvija kazalnike kakovosti in merila ter in\u0161trumente za vrednotenje kakovosti,<\/li>\n<li>na\u010drtuje, organizira in usklajuje spremljanje samoevalvacije na \u0161oli,<\/li>\n<li>skrbi za sprotno spremljanje in ocenjevanje kakovosti ter u\u010dinkovitosti dela na \u0161oli,<\/li>\n<li>sodeluje z organi \u0161ole, strokovnimi organi, pristojnimi za kakovost na dr\u017eavni in mednarodni ravni ter usposobljenimi institucijami,<\/li>\n<li>pri spremljanju kakovosti sodeluje s pristojnimi organi na drugih \u0161olah in z delodajalci,<\/li>\n<li>spremlja razvoj kakovosti izobra\u017eevanja primerjalno z drugimi \u0161olami na dr\u017eavni in mednarodni ravni,<\/li>\n<li>spremlja zaposlitvene mo\u017enosti dijakov po zaklju\u010dku izobra\u017eevanja,<\/li>\n<li>pripravlja poro\u010dila o evalvaciji kakovosti za obravnavo na pristojnih organih zavoda in na dr\u017eavni ravni,<\/li>\n<li>opravlja druge naloge po odlo\u010ditvi pristojnih organov v skladu z zakonom.<\/li>\n<\/ul>\n<h3>V letu 2025\/2026 Komisijo za kakovost sestavljajo:<\/h3>\n<p><strong>Predstavniki STS\u0160 \u0160C PET<\/strong><\/p>\n<ul>\n<li><strong>Mojca Stare\u0161ini\u010d Becele <\/strong>(splo\u0161ni predmeti),<\/li>\n<li><strong>Ale\u0161 Florjan\u010di\u010d<\/strong>\u00a0(splo\u0161ni predmeti),<\/li>\n<li><strong>Andreja Glavi\u010d<\/strong>\u00a0(strokovni moduli v programu Tehnik elektronskih komunikacij),<\/li>\n<li><strong>Eva Ku\u010di\u0161<\/strong>\u00a0(splo\u0161ni predmeti),<\/li>\n<li><strong>Zoran Leban Trojar <\/strong>(strokovni moduli v programu Ekonomski tehnik),<\/li>\n<li><strong>Ana Plesec<\/strong>\u00a0(strokovni moduli v programu Ekonomski tehnik),<\/li>\n<li><strong>Gregor Rakef <\/strong>(strokovni moduli v programu Tehnik elektronskih komunikacij),<\/li>\n<li><strong>Alenka Rakun\u00a0<\/strong>(\u0161olska svetovalna slu\u017eba).<\/li>\n<\/ul>\n<p><strong>Zunanji \u010dlani<\/strong><\/p>\n<ul>\n<li><strong>Rok Meglen,\u00a0<\/strong>Telekom Slovenije, d. d.<\/li>\n<\/ul>\n<p><strong>Predstavnika star\u0161ev in dijakov<\/strong><\/p>\n<ul>\n<li><strong>Tai Kuduzovi\u0107<\/strong> in <strong>Kaja Radoni\u010d Repov\u017e<\/strong>, predstavnik dijakov,<\/li>\n<li><strong>Lidija Baloh <\/strong>in<strong> Sanja Ani\u010d<\/strong>, predstavnici star\u0161ev.<\/li>\n<\/ul>\n<p><strong>Redno vabljeni:<\/strong><\/p>\n<ul>\n<li><strong>Vesna Jane\u017ei\u010d<\/strong>, ravnateljica STS\u0160,<\/li>\n<\/ul>\n<\/div><div class=\"fusion-text fusion-text-2\"><h3>Podro\u010dje dela Komisije za kakovost v \u0161olskem letu 2025\/2026<\/h3>\n<\/div><div class=\"fusion-text fusion-text-3\"><p><strong>Vzpostavitev mentorstva za nove u\u010ditelje in razrednike<\/strong><br \/>\nVzpostavlja se pregleden okvir mentorstva z jasno opredeljenimi klju\u010dnimi podro\u010dji (organizacija dela, pravila \u0161ole, dijaki \u0161portniki, eAsistent, komunikacija ipd.), ki novim sodelavcem olaj\u0161ajo uvajanje.<\/p>\n<p><strong>Implementacija novega Eti\u010dnega kodeksa<\/strong><br \/>\nEti\u010dni kodeks bo dokon\u010dno oblikovan, predstavljen u\u010diteljem, dijakom in star\u0161em ter ume\u0161\u010den v \u0161olsko prakso z namenom krepitve skupnih vrednot in kulture \u0161ole.<\/p>\n<p><strong>Izvedba anketnega vpra\u0161alnika za dijake<\/strong><br \/>\nIzvedena bo anketa, namenjena pridobivanju mnenj dijakov o poteku pouka v specifi\u010dnih razmerah leto\u0161njega \u0161olskega leta. Anketa bo slu\u017eila kot pokazatelj delovanja pouka v tem \u0161olskem letu.<\/p>\n<p><strong>Aktivno vklju\u010devanje vodij aktivov<\/strong><br \/>\nVodje aktivov bodo s pomo\u010djo usmerjenih vpra\u0161anj podali svoj pogled na potek pouka, organizacijo dela in izzive leto\u0161njega \u0161olskega leta; zbrani odzivi bodo podlaga za nadaljnje izbolj\u0161ave.<\/p>\n<\/div><div class=\"fusion-clearfix\"><\/div><\/div><\/div><\/div><\/div>\n","protected":false},"excerpt":{"rendered":"","protected":false},"author":1,"featured_media":0,"parent":0,"menu_order":0,"comment_status":"closed","ping_status":"closed","template":"100-width.php","meta":{"_mi_skip_tracking":false,"_exactmetrics_sitenote_active":false,"_exactmetrics_sitenote_note":"","_exactmetrics_sitenote_category":0},"yoast_head":"<!-- This site is optimized with the Yoast SEO plugin v20.8 - https:\/\/yoast.com\/wordpress\/plugins\/seo\/ -->\n<title>Komisija za kakovost - SREDNJA TEHNI\u0160KA IN STROKOVNA \u0160OLA<\/title>\n<meta name=\"description\" content=\"Komisija za kakovost - Srednja tehni\u0161ka in strokovna \u0161ola - \u0160olski center za po\u0161to, ekonomijo in telekomunikacije Ljubljana.\" \/>\n<meta name=\"robots\" content=\"index, follow, max-snippet:-1, max-image-preview:large, max-video-preview:-1\" \/>\n<link rel=\"canonical\" href=\"https:\/\/www.scpet.si\/srednja-tehniska-in-strokovna-sola\/komisija-za-kakovost\/\" \/>\n<meta property=\"og:locale\" content=\"sl_SI\" \/>\n<meta property=\"og:type\" content=\"article\" \/>\n<meta property=\"og:title\" content=\"Komisija za kakovost - SREDNJA TEHNI\u0160KA IN STROKOVNA \u0160OLA\" \/>\n<meta property=\"og:description\" content=\"Komisija za kakovost - Srednja tehni\u0161ka in strokovna \u0161ola - \u0160olski center za po\u0161to, ekonomijo in telekomunikacije Ljubljana.\" \/>\n<meta property=\"og:url\" content=\"https:\/\/www.scpet.si\/srednja-tehniska-in-strokovna-sola\/komisija-za-kakovost\/\" \/>\n<meta property=\"og:site_name\" content=\"SREDNJA TEHNI\u0160KA IN STROKOVNA \u0160OLA\" \/>\n<meta property=\"article:modified_time\" content=\"2025-12-21T19:02:01+00:00\" \/>\n<meta name=\"twitter:card\" content=\"summary_large_image\" \/>\n<meta name=\"twitter:label1\" content=\"Est. reading time\" \/>\n\t<meta name=\"twitter:data1\" content=\"2 minuti\" \/>\n<script type=\"application\/ld+json\" class=\"yoast-schema-graph\">{\"@context\":\"https:\/\/schema.org\",\"@graph\":[{\"@type\":\"WebPage\",\"@id\":\"https:\/\/www.scpet.si\/srednja-tehniska-in-strokovna-sola\/komisija-za-kakovost\/\",\"url\":\"https:\/\/www.scpet.si\/srednja-tehniska-in-strokovna-sola\/komisija-za-kakovost\/\",\"name\":\"Komisija za kakovost - SREDNJA TEHNI\u0160KA IN STROKOVNA \u0160OLA\",\"isPartOf\":{\"@id\":\"https:\/\/www.scpet.si\/srednja-tehniska-in-strokovna-sola\/#website\"},\"datePublished\":\"2019-08-08T08:01:27+00:00\",\"dateModified\":\"2025-12-21T19:02:01+00:00\",\"description\":\"Komisija za kakovost - Srednja tehni\u0161ka in strokovna \u0161ola - \u0160olski center za po\u0161to, ekonomijo in telekomunikacije Ljubljana.\",\"breadcrumb\":{\"@id\":\"https:\/\/www.scpet.si\/srednja-tehniska-in-strokovna-sola\/komisija-za-kakovost\/#breadcrumb\"},\"inLanguage\":\"sl-SI\",\"potentialAction\":[{\"@type\":\"ReadAction\",\"target\":[\"https:\/\/www.scpet.si\/srednja-tehniska-in-strokovna-sola\/komisija-za-kakovost\/\"]}]},{\"@type\":\"BreadcrumbList\",\"@id\":\"https:\/\/www.scpet.si\/srednja-tehniska-in-strokovna-sola\/komisija-za-kakovost\/#breadcrumb\",\"itemListElement\":[{\"@type\":\"ListItem\",\"position\":1,\"name\":\"Home\",\"item\":\"https:\/\/www.scpet.si\/srednja-tehniska-in-strokovna-sola\/\"},{\"@type\":\"ListItem\",\"position\":2,\"name\":\"Komisija za kakovost\"}]},{\"@type\":\"WebSite\",\"@id\":\"https:\/\/www.scpet.si\/srednja-tehniska-in-strokovna-sola\/#website\",\"url\":\"https:\/\/www.scpet.si\/srednja-tehniska-in-strokovna-sola\/\",\"name\":\"SREDNJA TEHNI\u0160KA IN STROKOVNA \u0160OLA\",\"description\":\"Just another \u0160C PET Sites site\",\"potentialAction\":[{\"@type\":\"SearchAction\",\"target\":{\"@type\":\"EntryPoint\",\"urlTemplate\":\"https:\/\/www.scpet.si\/srednja-tehniska-in-strokovna-sola\/?s={search_term_string}\"},\"query-input\":\"required name=search_term_string\"}],\"inLanguage\":\"sl-SI\"}]}<\/script>\n<!-- \/ Yoast SEO plugin. -->","yoast_head_json":{"title":"Komisija za kakovost - SREDNJA TEHNI\u0160KA IN STROKOVNA \u0160OLA","description":"Komisija za kakovost - Srednja tehni\u0161ka in strokovna \u0161ola - \u0160olski center za po\u0161to, ekonomijo in telekomunikacije Ljubljana.","robots":{"index":"index","follow":"follow","max-snippet":"max-snippet:-1","max-image-preview":"max-image-preview:large","max-video-preview":"max-video-preview:-1"},"canonical":"https:\/\/www.scpet.si\/srednja-tehniska-in-strokovna-sola\/komisija-za-kakovost\/","og_locale":"sl_SI","og_type":"article","og_title":"Komisija za kakovost - SREDNJA TEHNI\u0160KA IN STROKOVNA \u0160OLA","og_description":"Komisija za kakovost - Srednja tehni\u0161ka in strokovna \u0161ola - \u0160olski center za po\u0161to, ekonomijo in telekomunikacije Ljubljana.","og_url":"https:\/\/www.scpet.si\/srednja-tehniska-in-strokovna-sola\/komisija-za-kakovost\/","og_site_name":"SREDNJA TEHNI\u0160KA IN STROKOVNA \u0160OLA","article_modified_time":"2025-12-21T19:02:01+00:00","twitter_card":"summary_large_image","twitter_misc":{"Est. reading time":"2 minuti"},"schema":{"@context":"https:\/\/schema.org","@graph":[{"@type":"WebPage","@id":"https:\/\/www.scpet.si\/srednja-tehniska-in-strokovna-sola\/komisija-za-kakovost\/","url":"https:\/\/www.scpet.si\/srednja-tehniska-in-strokovna-sola\/komisija-za-kakovost\/","name":"Komisija za kakovost - SREDNJA TEHNI\u0160KA IN STROKOVNA \u0160OLA","isPartOf":{"@id":"https:\/\/www.scpet.si\/srednja-tehniska-in-strokovna-sola\/#website"},"datePublished":"2019-08-08T08:01:27+00:00","dateModified":"2025-12-21T19:02:01+00:00","description":"Komisija za kakovost - Srednja tehni\u0161ka in strokovna \u0161ola - \u0160olski center za po\u0161to, ekonomijo in telekomunikacije Ljubljana.","breadcrumb":{"@id":"https:\/\/www.scpet.si\/srednja-tehniska-in-strokovna-sola\/komisija-za-kakovost\/#breadcrumb"},"inLanguage":"sl-SI","potentialAction":[{"@type":"ReadAction","target":["https:\/\/www.scpet.si\/srednja-tehniska-in-strokovna-sola\/komisija-za-kakovost\/"]}]},{"@type":"BreadcrumbList","@id":"https:\/\/www.scpet.si\/srednja-tehniska-in-strokovna-sola\/komisija-za-kakovost\/#breadcrumb","itemListElement":[{"@type":"ListItem","position":1,"name":"Home","item":"https:\/\/www.scpet.si\/srednja-tehniska-in-strokovna-sola\/"},{"@type":"ListItem","position":2,"name":"Komisija za kakovost"}]},{"@type":"WebSite","@id":"https:\/\/www.scpet.si\/srednja-tehniska-in-strokovna-sola\/#website","url":"https:\/\/www.scpet.si\/srednja-tehniska-in-strokovna-sola\/","name":"SREDNJA TEHNI\u0160KA IN STROKOVNA \u0160OLA","description":"Just another \u0160C PET Sites site","potentialAction":[{"@type":"SearchAction","target":{"@type":"EntryPoint","urlTemplate":"https:\/\/www.scpet.si\/srednja-tehniska-in-strokovna-sola\/?s={search_term_string}"},"query-input":"required name=search_term_string"}],"inLanguage":"sl-SI"}]}},"_links":{"self":[{"href":"https:\/\/www.scpet.si\/srednja-tehniska-in-strokovna-sola\/wp-json\/wp\/v2\/pages\/225"}],"collection":[{"href":"https:\/\/www.scpet.si\/srednja-tehniska-in-strokovna-sola\/wp-json\/wp\/v2\/pages"}],"about":[{"href":"https:\/\/www.scpet.si\/srednja-tehniska-in-strokovna-sola\/wp-json\/wp\/v2\/types\/page"}],"author":[{"embeddable":true,"href":"https:\/\/www.scpet.si\/srednja-tehniska-in-strokovna-sola\/wp-json\/wp\/v2\/users\/1"}],"replies":[{"embeddable":true,"href":"https:\/\/www.scpet.si\/srednja-tehniska-in-strokovna-sola\/wp-json\/wp\/v2\/comments?post=225"}],"version-history":[{"count":0,"href":"https:\/\/www.scpet.si\/srednja-tehniska-in-strokovna-sola\/wp-json\/wp\/v2\/pages\/225\/revisions"}],"wp:attachment":[{"href":"https:\/\/www.scpet.si\/srednja-tehniska-in-strokovna-sola\/wp-json\/wp\/v2\/media?parent=225"}],"curies":[{"name":"wp","href":"https:\/\/api.w.org\/{rel}","templated":true}]}}