{"id":233,"date":"2019-08-08T10:05:12","date_gmt":"2019-08-08T08:05:12","guid":{"rendered":"http:\/\/scpet.sample.si\/srednja-tehniska-in-strokovna-sola\/solska-svetovalna-sluzba\/vpis-copy\/"},"modified":"2022-08-10T08:53:43","modified_gmt":"2022-08-10T06:53:43","slug":"vpis-prepis-in-izpis-med-solskim-letom","status":"publish","type":"page","link":"https:\/\/www.scpet.si\/srednja-tehniska-in-strokovna-sola\/vpis-prepis-in-izpis-med-solskim-letom\/","title":{"rendered":"Vpis (prepis) in izpis"},"content":{"rendered":"<div class=\"fusion-fullwidth fullwidth-box fusion-builder-row-1 nonhundred-percent-fullwidth non-hundred-percent-height-scrolling\" style=\"background-color: rgba(255,255,255,0);background-position: center center;background-repeat: no-repeat;padding-top:0px;padding-right:0px;padding-bottom:0px;padding-left:0px;margin-bottom: 0px;margin-top: 0px;border-width: 0px 0px 0px 0px;border-color:#eae9e9;border-style:solid;\" ><div class=\"fusion-builder-row fusion-row\"><div class=\"fusion-layout-column fusion_builder_column fusion-builder-column-0 fusion_builder_column_1_1 1_1 fusion-one-full fusion-column-first fusion-column-last\" style=\"margin-top:0px;margin-bottom:0px;\"><div class=\"fusion-column-wrapper fusion-flex-column-wrapper-legacy\" style=\"background-position:left top;background-repeat:no-repeat;-webkit-background-size:cover;-moz-background-size:cover;-o-background-size:cover;background-size:cover;padding: 0px 0px 0px 0px;\"><style type=\"text\/css\"><\/style><div class=\"fusion-title title fusion-title-1 fusion-sep-none fusion-title-text fusion-title-size-one\" style=\"margin-top:0px;margin-right:0px;margin-bottom:31px;margin-left:0px;\"><h1 class=\"title-heading-left\" style=\"margin:0;\"><h2>Vpis (prepis) in izpis med \u0161olskim letom<\/h2><\/h1><\/div><div class=\"fusion-text fusion-text-1\"><h3>VPIS<\/h3>\n<p>Mladostniki, ki so \u017ee dijaki drugih srednjih \u0161ol in bi se med \u0161olskim letom \u017eeleli prepisati v katerega od izobra\u017eevalnih programov STS\u0160 \u0160C PET, lahko to storijo, \u010de je v \u017eelenem programu in \u017eelenem letniku \u0161e prostor.<\/p>\n<p>Vsaka pro\u0161nja za prepis je obravnavana individualno. Prosimo vas, da nam najprej po\u0161ljete pisno pro\u0161njo, kjer napi\u0161ete, kdo ste, v kateri letnik in kateri program se \u017eelite vpisati ter katero \u0161olo in izobra\u017eevalni program trenutno obiskujete. Na osnovi pro\u0161nje, ki jo lahko po\u0161ljete po navadni ali elektronski po\u0161ti v svetovalno slu\u017ebo ali ravnateljici, bomo vzpostavili kontakt z vami in vas skupaj s star\u0161i povabili na pogovor, kjer vam bomo povedali tudi, ali bi morali opraviti dolo\u010dene diferencialne izpite in koliko izpitov bi imeli ob prepisu.<\/p>\n<p>V ta namen vas prosimo, da s seboj prinesete tudi fotokopijo spri\u010deval ni\u017ejih letnikov in izpis ocen trenutnega letnika v trenutnem izobra\u017eevanem programu.<\/p>\n<p>Samo v primeru, da bo prepis mo\u017een, bomo potrebovali tudi izpisnico iz programa, ki ga trenutno obiskujete.<\/p>\n<h3>IZPIS<\/h3>\n<p>Ker tudi dijaki STS\u0160 \u0160C PET kdaj ugotovijo, da jih izbrani izobra\u017eevalni program ne zanima, da to ni poklic, ki bi si ga \u017eeleli opravljati, da je prete\u017eko, da je prelahko, da jim ne ustreza urnik \u2026, so med \u0161olskim letom mo\u017eni tudi izpisi.<\/p>\n<p>V primeru, da bi se dijak \u017eelel izpisati, je za\u017eeleno, da o tem spregovori\u00a0 z razredni\u010darko\/razrednikom, svetovalno slu\u017ebo in ravnateljico. \u010ce je dijak odlo\u010den za izpis, formalnosti uredi v svetovalni slu\u017ebi in pri ravnateljici, ki mu tudi podpi\u0161e izpisnico. Mladoletni dijaki se ne morejo izpisati brez soglasja in podpisa vsaj enega od star\u0161ev.<\/p>\n<p>Ob izpisu mora dijak vrniti vse knjige iz u\u010dbeni\u0161kega sklada, se odjaviti od malice, vrniti klju\u010d od omarice, poravnati dolgove v ra\u010dunovodstvu in prevzeti izpisnico.<\/p>\n<\/div><div class=\"fusion-clearfix\"><\/div><\/div><\/div><\/div><\/div>\n","protected":false},"excerpt":{"rendered":"","protected":false},"author":1,"featured_media":0,"parent":0,"menu_order":0,"comment_status":"closed","ping_status":"closed","template":"100-width.php","meta":{"_mi_skip_tracking":false,"_exactmetrics_sitenote_active":false,"_exactmetrics_sitenote_note":"","_exactmetrics_sitenote_category":0},"yoast_head":"<!-- This site is optimized with the Yoast SEO plugin v20.8 - https:\/\/yoast.com\/wordpress\/plugins\/seo\/ -->\n<title>Vpis (prepis) in izpis - SREDNJA TEHNI\u0160KA IN STROKOVNA \u0160OLA<\/title>\n<meta name=\"description\" content=\"Vpis (prepis) in izpis med \u0161olskim letom - Srednja tehni\u0161ka in strokovna \u0161ola - \u0160olski center za po\u0161to, ekonomijo in telekomunikacije Ljubljana - \u0160C PET.\" \/>\n<meta name=\"robots\" content=\"index, follow, max-snippet:-1, max-image-preview:large, max-video-preview:-1\" \/>\n<link rel=\"canonical\" href=\"https:\/\/www.scpet.si\/srednja-tehniska-in-strokovna-sola\/vpis-prepis-in-izpis-med-solskim-letom\/\" \/>\n<meta property=\"og:locale\" content=\"sl_SI\" \/>\n<meta property=\"og:type\" content=\"article\" \/>\n<meta property=\"og:title\" content=\"Vpis (prepis) in izpis - SREDNJA TEHNI\u0160KA IN STROKOVNA \u0160OLA\" \/>\n<meta property=\"og:description\" content=\"Vpis (prepis) in izpis med \u0161olskim letom - Srednja tehni\u0161ka in strokovna \u0161ola - \u0160olski center za po\u0161to, ekonomijo in telekomunikacije Ljubljana - \u0160C PET.\" \/>\n<meta property=\"og:url\" content=\"https:\/\/www.scpet.si\/srednja-tehniska-in-strokovna-sola\/vpis-prepis-in-izpis-med-solskim-letom\/\" \/>\n<meta property=\"og:site_name\" content=\"SREDNJA TEHNI\u0160KA IN STROKOVNA \u0160OLA\" \/>\n<meta property=\"article:modified_time\" content=\"2022-08-10T06:53:43+00:00\" \/>\n<meta name=\"twitter:card\" content=\"summary_large_image\" \/>\n<meta name=\"twitter:label1\" content=\"Est. reading time\" \/>\n\t<meta name=\"twitter:data1\" content=\"4 minute\" \/>\n<script type=\"application\/ld+json\" class=\"yoast-schema-graph\">{\"@context\":\"https:\/\/schema.org\",\"@graph\":[{\"@type\":\"WebPage\",\"@id\":\"https:\/\/www.scpet.si\/srednja-tehniska-in-strokovna-sola\/vpis-prepis-in-izpis-med-solskim-letom\/\",\"url\":\"https:\/\/www.scpet.si\/srednja-tehniska-in-strokovna-sola\/vpis-prepis-in-izpis-med-solskim-letom\/\",\"name\":\"Vpis (prepis) in izpis - SREDNJA TEHNI\u0160KA IN STROKOVNA \u0160OLA\",\"isPartOf\":{\"@id\":\"https:\/\/www.scpet.si\/srednja-tehniska-in-strokovna-sola\/#website\"},\"datePublished\":\"2019-08-08T08:05:12+00:00\",\"dateModified\":\"2022-08-10T06:53:43+00:00\",\"description\":\"Vpis (prepis) in izpis med \u0161olskim letom - Srednja tehni\u0161ka in strokovna \u0161ola - \u0160olski center za po\u0161to, ekonomijo in telekomunikacije Ljubljana - \u0160C PET.\",\"breadcrumb\":{\"@id\":\"https:\/\/www.scpet.si\/srednja-tehniska-in-strokovna-sola\/vpis-prepis-in-izpis-med-solskim-letom\/#breadcrumb\"},\"inLanguage\":\"sl-SI\",\"potentialAction\":[{\"@type\":\"ReadAction\",\"target\":[\"https:\/\/www.scpet.si\/srednja-tehniska-in-strokovna-sola\/vpis-prepis-in-izpis-med-solskim-letom\/\"]}]},{\"@type\":\"BreadcrumbList\",\"@id\":\"https:\/\/www.scpet.si\/srednja-tehniska-in-strokovna-sola\/vpis-prepis-in-izpis-med-solskim-letom\/#breadcrumb\",\"itemListElement\":[{\"@type\":\"ListItem\",\"position\":1,\"name\":\"Home\",\"item\":\"https:\/\/www.scpet.si\/srednja-tehniska-in-strokovna-sola\/\"},{\"@type\":\"ListItem\",\"position\":2,\"name\":\"Vpis (prepis) in izpis\"}]},{\"@type\":\"WebSite\",\"@id\":\"https:\/\/www.scpet.si\/srednja-tehniska-in-strokovna-sola\/#website\",\"url\":\"https:\/\/www.scpet.si\/srednja-tehniska-in-strokovna-sola\/\",\"name\":\"SREDNJA TEHNI\u0160KA IN STROKOVNA \u0160OLA\",\"description\":\"Just another \u0160C PET Sites site\",\"potentialAction\":[{\"@type\":\"SearchAction\",\"target\":{\"@type\":\"EntryPoint\",\"urlTemplate\":\"https:\/\/www.scpet.si\/srednja-tehniska-in-strokovna-sola\/?s={search_term_string}\"},\"query-input\":\"required name=search_term_string\"}],\"inLanguage\":\"sl-SI\"}]}<\/script>\n<!-- \/ Yoast SEO plugin. -->","yoast_head_json":{"title":"Vpis (prepis) in izpis - SREDNJA TEHNI\u0160KA IN STROKOVNA \u0160OLA","description":"Vpis (prepis) in izpis med \u0161olskim letom - Srednja tehni\u0161ka in strokovna \u0161ola - \u0160olski center za po\u0161to, ekonomijo in telekomunikacije Ljubljana - \u0160C PET.","robots":{"index":"index","follow":"follow","max-snippet":"max-snippet:-1","max-image-preview":"max-image-preview:large","max-video-preview":"max-video-preview:-1"},"canonical":"https:\/\/www.scpet.si\/srednja-tehniska-in-strokovna-sola\/vpis-prepis-in-izpis-med-solskim-letom\/","og_locale":"sl_SI","og_type":"article","og_title":"Vpis (prepis) in izpis - SREDNJA TEHNI\u0160KA IN STROKOVNA \u0160OLA","og_description":"Vpis (prepis) in izpis med \u0161olskim letom - Srednja tehni\u0161ka in strokovna \u0161ola - \u0160olski center za po\u0161to, ekonomijo in telekomunikacije Ljubljana - \u0160C PET.","og_url":"https:\/\/www.scpet.si\/srednja-tehniska-in-strokovna-sola\/vpis-prepis-in-izpis-med-solskim-letom\/","og_site_name":"SREDNJA TEHNI\u0160KA IN STROKOVNA \u0160OLA","article_modified_time":"2022-08-10T06:53:43+00:00","twitter_card":"summary_large_image","twitter_misc":{"Est. reading time":"4 minute"},"schema":{"@context":"https:\/\/schema.org","@graph":[{"@type":"WebPage","@id":"https:\/\/www.scpet.si\/srednja-tehniska-in-strokovna-sola\/vpis-prepis-in-izpis-med-solskim-letom\/","url":"https:\/\/www.scpet.si\/srednja-tehniska-in-strokovna-sola\/vpis-prepis-in-izpis-med-solskim-letom\/","name":"Vpis (prepis) in izpis - SREDNJA TEHNI\u0160KA IN STROKOVNA \u0160OLA","isPartOf":{"@id":"https:\/\/www.scpet.si\/srednja-tehniska-in-strokovna-sola\/#website"},"datePublished":"2019-08-08T08:05:12+00:00","dateModified":"2022-08-10T06:53:43+00:00","description":"Vpis (prepis) in izpis med \u0161olskim letom - Srednja tehni\u0161ka in strokovna \u0161ola - \u0160olski center za po\u0161to, ekonomijo in telekomunikacije Ljubljana - \u0160C PET.","breadcrumb":{"@id":"https:\/\/www.scpet.si\/srednja-tehniska-in-strokovna-sola\/vpis-prepis-in-izpis-med-solskim-letom\/#breadcrumb"},"inLanguage":"sl-SI","potentialAction":[{"@type":"ReadAction","target":["https:\/\/www.scpet.si\/srednja-tehniska-in-strokovna-sola\/vpis-prepis-in-izpis-med-solskim-letom\/"]}]},{"@type":"BreadcrumbList","@id":"https:\/\/www.scpet.si\/srednja-tehniska-in-strokovna-sola\/vpis-prepis-in-izpis-med-solskim-letom\/#breadcrumb","itemListElement":[{"@type":"ListItem","position":1,"name":"Home","item":"https:\/\/www.scpet.si\/srednja-tehniska-in-strokovna-sola\/"},{"@type":"ListItem","position":2,"name":"Vpis (prepis) in izpis"}]},{"@type":"WebSite","@id":"https:\/\/www.scpet.si\/srednja-tehniska-in-strokovna-sola\/#website","url":"https:\/\/www.scpet.si\/srednja-tehniska-in-strokovna-sola\/","name":"SREDNJA TEHNI\u0160KA IN STROKOVNA \u0160OLA","description":"Just another \u0160C PET Sites site","potentialAction":[{"@type":"SearchAction","target":{"@type":"EntryPoint","urlTemplate":"https:\/\/www.scpet.si\/srednja-tehniska-in-strokovna-sola\/?s={search_term_string}"},"query-input":"required name=search_term_string"}],"inLanguage":"sl-SI"}]}},"_links":{"self":[{"href":"https:\/\/www.scpet.si\/srednja-tehniska-in-strokovna-sola\/wp-json\/wp\/v2\/pages\/233"}],"collection":[{"href":"https:\/\/www.scpet.si\/srednja-tehniska-in-strokovna-sola\/wp-json\/wp\/v2\/pages"}],"about":[{"href":"https:\/\/www.scpet.si\/srednja-tehniska-in-strokovna-sola\/wp-json\/wp\/v2\/types\/page"}],"author":[{"embeddable":true,"href":"https:\/\/www.scpet.si\/srednja-tehniska-in-strokovna-sola\/wp-json\/wp\/v2\/users\/1"}],"replies":[{"embeddable":true,"href":"https:\/\/www.scpet.si\/srednja-tehniska-in-strokovna-sola\/wp-json\/wp\/v2\/comments?post=233"}],"version-history":[{"count":0,"href":"https:\/\/www.scpet.si\/srednja-tehniska-in-strokovna-sola\/wp-json\/wp\/v2\/pages\/233\/revisions"}],"wp:attachment":[{"href":"https:\/\/www.scpet.si\/srednja-tehniska-in-strokovna-sola\/wp-json\/wp\/v2\/media?parent=233"}],"curies":[{"name":"wp","href":"https:\/\/api.w.org\/{rel}","templated":true}]}}