{"id":237,"date":"2019-08-08T10:06:34","date_gmt":"2019-08-08T08:06:34","guid":{"rendered":"http:\/\/scpet.sample.si\/srednja-tehniska-in-strokovna-sola\/starsi\/svet-starsev-copy\/"},"modified":"2025-11-18T09:43:59","modified_gmt":"2025-11-18T08:43:59","slug":"solski-sklad","status":"publish","type":"page","link":"https:\/\/www.scpet.si\/srednja-tehniska-in-strokovna-sola\/solski-sklad\/","title":{"rendered":"\u0160olski sklad"},"content":{"rendered":"<div class=\"fusion-fullwidth fullwidth-box fusion-builder-row-1 nonhundred-percent-fullwidth non-hundred-percent-height-scrolling\" style=\"background-color: rgba(255,255,255,0);background-position: center center;background-repeat: no-repeat;padding-top:0px;padding-right:0px;padding-bottom:0px;padding-left:0px;margin-bottom: 0px;margin-top: 0px;border-width: 0px 0px 0px 0px;border-color:#eae9e9;border-style:solid;\" ><div class=\"fusion-builder-row fusion-row\"><div class=\"fusion-layout-column fusion_builder_column fusion-builder-column-0 fusion_builder_column_1_1 1_1 fusion-one-full fusion-column-first fusion-column-last\" style=\"margin-top:0px;margin-bottom:0px;\"><div class=\"fusion-column-wrapper fusion-flex-column-wrapper-legacy\" style=\"background-position:left top;background-repeat:no-repeat;-webkit-background-size:cover;-moz-background-size:cover;-o-background-size:cover;background-size:cover;padding: 0px 0px 0px 0px;\"><style type=\"text\/css\"><\/style><div class=\"fusion-title title fusion-title-1 fusion-sep-none fusion-title-text fusion-title-size-one\" style=\"margin-top:0px;margin-right:0px;margin-bottom:31px;margin-left:0px;\"><h1 class=\"title-heading-left\" style=\"margin:0;\"><h2>\u0160olski sklad<\/h2><\/h1><\/div><div class=\"fusion-text fusion-text-1\"><p>\u0160olski sklad &#8211; namen:<\/p>\n<ul>\n<li>pridobivanje sredstev iz prispevkov doma\u010dih in tujih pravnih in fizi\u010dnih oseb, donacij, zapu\u0161\u010din in drugih virov,<\/li>\n<li>sofinanciranje razvojno-raziskovalnih projektov,<\/li>\n<li>sofinanciranje nakupa nadstandardne opreme in s tem povezanih storitev,<\/li>\n<li>sofinanciranje razvojno raziskovalne dejavnosti dijakov<\/li>\n<li>sofinanciranje dejavnosti dijakov, ki niso sestavni del programa oz. se ne financirajo iz javnih sredstev.<\/li>\n<\/ul>\n<p>Sklad vodi Upravni odbor \u0161olskega sklada, ki ga sestavljajo trije predstavniki zaposlenih in \u0161tirje predstavniki star\u0161ev. Na seje Upravnega odbora \u0161olskega sklada je vabljen tudi predstavnik dijakov.<\/p>\n<p><span style=\"color: #999999; font-size: 18pt;\"><strong>UPRAVNI ODBOR \u0160OLSKEGA SKLADA<\/strong><\/span><br \/>\nPredsednik Upravnega odbora \u0161olskega sklada je <strong>Gregor Rakef<\/strong>, namestnica pa <strong>Hana Zega<\/strong>.<\/p>\n<p><span style=\"color: #999999;\"><strong>PREDSTAVNIKI STAR\u0160EV<\/strong><\/span><\/p>\n<ul>\n<li><strong>Anita Antoni\u010d Zakoji\u010d<\/strong>, 1.D<\/li>\n<li><strong>Tina \u0160tifter<\/strong>,\u00a0 4.A<\/li>\n<li><strong>Jerneja Kukovica<\/strong>, 3.C<\/li>\n<li><strong>Sanja Ani\u010d<\/strong>, 3.D<\/li>\n<\/ul>\n<p><strong><span style=\"color: #999999;\">PREDSTAVNIKI ZAPOSLENIH<\/span><\/strong><\/p>\n<p><strong>Hana Zega, <\/strong>psihologinja<br \/>\n<strong>Eva Ku\u010di\u0161<\/strong>, u\u010diteljica matematike<br \/>\n<strong>Gregor Rakef<\/strong>, u\u010ditelj strokovnih modulov na programu tehnik elektronskih komunikacij<\/p>\n<p><span style=\"color: #999999;\"><strong>PREDSTAVNIK DIJAKOV<\/strong><\/span><\/p>\n<p><strong>Manca \u010camernik, <\/strong>2. B<\/p>\n<p><strong>\u00a0<\/strong><\/p>\n<p>Delo Upravnega odbora \u0161olskega sklada poteka v skladu s 135. \u010dlenom Zakona o \u00a0organizaciji in financiranju vzgoje in izobra\u017eevanja ter Poslovnika o delu \u0161olskega sklada na STS\u0160 \u0160C PET.<\/p>\n<\/div><div class=\"fusion-text fusion-text-2\"><p>Dokumenti<\/p>\n<\/div><div class=\"fusion-text fusion-text-3\"><ul>\n<li><a href=\"https:\/\/www.scpet.si\/srednja-tehniska-in-strokovna-sola\/wp-content\/uploads\/sites\/2\/2022\/01\/Poslovnik_Solskega_sklada_SCPET_012022.pdf\" target=\"_blank\" rel=\"noopener\">Poslovnik o delu \u0161olskega sklada<\/a>, januar 2022<\/li>\n<li><a href=\"https:\/\/www.scpet.si\/srednja-tehniska-in-strokovna-sola\/wp-content\/uploads\/sites\/2\/2022\/01\/Vloga_za_dvid_standarda_VIZ_procesa.pdf\" target=\"_blank\" rel=\"noopener\">Vloga za dvig standarda VIZ procesa in nakup nadstandardne opreme<\/a>, januar 2022<\/li>\n<li><a href=\"https:\/\/www.scpet.si\/srednja-tehniska-in-strokovna-sola\/wp-content\/uploads\/sites\/2\/2022\/01\/Vloga_za_denarno_pomoc.pdf\" target=\"_blank\" rel=\"noopener\">Vloga za dodelitev denarne pomo\u010di iz sredstev \u0161olskega sklada<\/a>, januar 2022<\/li>\n<\/ul>\n<\/div><div class=\"fusion-clearfix\"><\/div><\/div><\/div><\/div><\/div>\n","protected":false},"excerpt":{"rendered":"","protected":false},"author":1,"featured_media":0,"parent":0,"menu_order":0,"comment_status":"closed","ping_status":"closed","template":"100-width.php","meta":{"_mi_skip_tracking":false,"_exactmetrics_sitenote_active":false,"_exactmetrics_sitenote_note":"","_exactmetrics_sitenote_category":0},"yoast_head":"<!-- This site is optimized with the Yoast SEO plugin v20.8 - https:\/\/yoast.com\/wordpress\/plugins\/seo\/ -->\n<title>\u0160olski sklad - SREDNJA TEHNI\u0160KA IN STROKOVNA \u0160OLA<\/title>\n<meta name=\"description\" content=\"\u0160olski sklad - Srednja tehni\u0161ka in strokovna \u0161ola - \u0160olski center za po\u0161to, ekonomijo in telekomunikacije Ljubljana - \u0160C PET.\" \/>\n<meta name=\"robots\" content=\"index, follow, max-snippet:-1, max-image-preview:large, max-video-preview:-1\" \/>\n<link rel=\"canonical\" href=\"https:\/\/www.scpet.si\/srednja-tehniska-in-strokovna-sola\/solski-sklad\/\" \/>\n<meta property=\"og:locale\" content=\"sl_SI\" \/>\n<meta property=\"og:type\" content=\"article\" \/>\n<meta property=\"og:title\" content=\"\u0160olski sklad - SREDNJA TEHNI\u0160KA IN STROKOVNA \u0160OLA\" \/>\n<meta property=\"og:description\" content=\"\u0160olski sklad - Srednja tehni\u0161ka in strokovna \u0161ola - \u0160olski center za po\u0161to, ekonomijo in telekomunikacije Ljubljana - \u0160C PET.\" \/>\n<meta property=\"og:url\" content=\"https:\/\/www.scpet.si\/srednja-tehniska-in-strokovna-sola\/solski-sklad\/\" \/>\n<meta property=\"og:site_name\" content=\"SREDNJA TEHNI\u0160KA IN STROKOVNA \u0160OLA\" \/>\n<meta property=\"article:modified_time\" content=\"2025-11-18T08:43:59+00:00\" \/>\n<meta name=\"twitter:card\" content=\"summary_large_image\" \/>\n<meta name=\"twitter:label1\" content=\"Est. reading time\" \/>\n\t<meta name=\"twitter:data1\" content=\"4 minute\" \/>\n<script type=\"application\/ld+json\" class=\"yoast-schema-graph\">{\"@context\":\"https:\/\/schema.org\",\"@graph\":[{\"@type\":\"WebPage\",\"@id\":\"https:\/\/www.scpet.si\/srednja-tehniska-in-strokovna-sola\/solski-sklad\/\",\"url\":\"https:\/\/www.scpet.si\/srednja-tehniska-in-strokovna-sola\/solski-sklad\/\",\"name\":\"\u0160olski sklad - SREDNJA TEHNI\u0160KA IN STROKOVNA \u0160OLA\",\"isPartOf\":{\"@id\":\"https:\/\/www.scpet.si\/srednja-tehniska-in-strokovna-sola\/#website\"},\"datePublished\":\"2019-08-08T08:06:34+00:00\",\"dateModified\":\"2025-11-18T08:43:59+00:00\",\"description\":\"\u0160olski sklad - Srednja tehni\u0161ka in strokovna \u0161ola - \u0160olski center za po\u0161to, ekonomijo in telekomunikacije Ljubljana - \u0160C PET.\",\"breadcrumb\":{\"@id\":\"https:\/\/www.scpet.si\/srednja-tehniska-in-strokovna-sola\/solski-sklad\/#breadcrumb\"},\"inLanguage\":\"sl-SI\",\"potentialAction\":[{\"@type\":\"ReadAction\",\"target\":[\"https:\/\/www.scpet.si\/srednja-tehniska-in-strokovna-sola\/solski-sklad\/\"]}]},{\"@type\":\"BreadcrumbList\",\"@id\":\"https:\/\/www.scpet.si\/srednja-tehniska-in-strokovna-sola\/solski-sklad\/#breadcrumb\",\"itemListElement\":[{\"@type\":\"ListItem\",\"position\":1,\"name\":\"Home\",\"item\":\"https:\/\/www.scpet.si\/srednja-tehniska-in-strokovna-sola\/\"},{\"@type\":\"ListItem\",\"position\":2,\"name\":\"\u0160olski sklad\"}]},{\"@type\":\"WebSite\",\"@id\":\"https:\/\/www.scpet.si\/srednja-tehniska-in-strokovna-sola\/#website\",\"url\":\"https:\/\/www.scpet.si\/srednja-tehniska-in-strokovna-sola\/\",\"name\":\"SREDNJA TEHNI\u0160KA IN STROKOVNA \u0160OLA\",\"description\":\"Just another \u0160C PET Sites site\",\"potentialAction\":[{\"@type\":\"SearchAction\",\"target\":{\"@type\":\"EntryPoint\",\"urlTemplate\":\"https:\/\/www.scpet.si\/srednja-tehniska-in-strokovna-sola\/?s={search_term_string}\"},\"query-input\":\"required name=search_term_string\"}],\"inLanguage\":\"sl-SI\"}]}<\/script>\n<!-- \/ Yoast SEO plugin. -->","yoast_head_json":{"title":"\u0160olski sklad - SREDNJA TEHNI\u0160KA IN STROKOVNA \u0160OLA","description":"\u0160olski sklad - Srednja tehni\u0161ka in strokovna \u0161ola - \u0160olski center za po\u0161to, ekonomijo in telekomunikacije Ljubljana - \u0160C PET.","robots":{"index":"index","follow":"follow","max-snippet":"max-snippet:-1","max-image-preview":"max-image-preview:large","max-video-preview":"max-video-preview:-1"},"canonical":"https:\/\/www.scpet.si\/srednja-tehniska-in-strokovna-sola\/solski-sklad\/","og_locale":"sl_SI","og_type":"article","og_title":"\u0160olski sklad - SREDNJA TEHNI\u0160KA IN STROKOVNA \u0160OLA","og_description":"\u0160olski sklad - Srednja tehni\u0161ka in strokovna \u0161ola - \u0160olski center za po\u0161to, ekonomijo in telekomunikacije Ljubljana - \u0160C PET.","og_url":"https:\/\/www.scpet.si\/srednja-tehniska-in-strokovna-sola\/solski-sklad\/","og_site_name":"SREDNJA TEHNI\u0160KA IN STROKOVNA \u0160OLA","article_modified_time":"2025-11-18T08:43:59+00:00","twitter_card":"summary_large_image","twitter_misc":{"Est. reading time":"4 minute"},"schema":{"@context":"https:\/\/schema.org","@graph":[{"@type":"WebPage","@id":"https:\/\/www.scpet.si\/srednja-tehniska-in-strokovna-sola\/solski-sklad\/","url":"https:\/\/www.scpet.si\/srednja-tehniska-in-strokovna-sola\/solski-sklad\/","name":"\u0160olski sklad - SREDNJA TEHNI\u0160KA IN STROKOVNA \u0160OLA","isPartOf":{"@id":"https:\/\/www.scpet.si\/srednja-tehniska-in-strokovna-sola\/#website"},"datePublished":"2019-08-08T08:06:34+00:00","dateModified":"2025-11-18T08:43:59+00:00","description":"\u0160olski sklad - Srednja tehni\u0161ka in strokovna \u0161ola - \u0160olski center za po\u0161to, ekonomijo in telekomunikacije Ljubljana - \u0160C PET.","breadcrumb":{"@id":"https:\/\/www.scpet.si\/srednja-tehniska-in-strokovna-sola\/solski-sklad\/#breadcrumb"},"inLanguage":"sl-SI","potentialAction":[{"@type":"ReadAction","target":["https:\/\/www.scpet.si\/srednja-tehniska-in-strokovna-sola\/solski-sklad\/"]}]},{"@type":"BreadcrumbList","@id":"https:\/\/www.scpet.si\/srednja-tehniska-in-strokovna-sola\/solski-sklad\/#breadcrumb","itemListElement":[{"@type":"ListItem","position":1,"name":"Home","item":"https:\/\/www.scpet.si\/srednja-tehniska-in-strokovna-sola\/"},{"@type":"ListItem","position":2,"name":"\u0160olski sklad"}]},{"@type":"WebSite","@id":"https:\/\/www.scpet.si\/srednja-tehniska-in-strokovna-sola\/#website","url":"https:\/\/www.scpet.si\/srednja-tehniska-in-strokovna-sola\/","name":"SREDNJA TEHNI\u0160KA IN STROKOVNA \u0160OLA","description":"Just another \u0160C PET Sites site","potentialAction":[{"@type":"SearchAction","target":{"@type":"EntryPoint","urlTemplate":"https:\/\/www.scpet.si\/srednja-tehniska-in-strokovna-sola\/?s={search_term_string}"},"query-input":"required name=search_term_string"}],"inLanguage":"sl-SI"}]}},"_links":{"self":[{"href":"https:\/\/www.scpet.si\/srednja-tehniska-in-strokovna-sola\/wp-json\/wp\/v2\/pages\/237"}],"collection":[{"href":"https:\/\/www.scpet.si\/srednja-tehniska-in-strokovna-sola\/wp-json\/wp\/v2\/pages"}],"about":[{"href":"https:\/\/www.scpet.si\/srednja-tehniska-in-strokovna-sola\/wp-json\/wp\/v2\/types\/page"}],"author":[{"embeddable":true,"href":"https:\/\/www.scpet.si\/srednja-tehniska-in-strokovna-sola\/wp-json\/wp\/v2\/users\/1"}],"replies":[{"embeddable":true,"href":"https:\/\/www.scpet.si\/srednja-tehniska-in-strokovna-sola\/wp-json\/wp\/v2\/comments?post=237"}],"version-history":[{"count":0,"href":"https:\/\/www.scpet.si\/srednja-tehniska-in-strokovna-sola\/wp-json\/wp\/v2\/pages\/237\/revisions"}],"wp:attachment":[{"href":"https:\/\/www.scpet.si\/srednja-tehniska-in-strokovna-sola\/wp-json\/wp\/v2\/media?parent=237"}],"curies":[{"name":"wp","href":"https:\/\/api.w.org\/{rel}","templated":true}]}}