{"id":2827,"date":"2023-09-05T15:04:25","date_gmt":"2023-09-05T13:04:25","guid":{"rendered":"https:\/\/www.scpet.si\/srednja-tehniska-in-strokovna-sola\/solski-koledar-copy\/"},"modified":"2023-09-05T15:04:25","modified_gmt":"2023-09-05T13:04:25","slug":"solski-koledar-copy","status":"publish","type":"page","link":"https:\/\/www.scpet.si\/srednja-tehniska-in-strokovna-sola\/solski-koledar-copy\/","title":{"rendered":"\u0160olski koledar Copy"},"content":{"rendered":"<p><div class=\"fusion-fullwidth fullwidth-box fusion-builder-row-1 nonhundred-percent-fullwidth non-hundred-percent-height-scrolling\" style=\"background-color: rgba(255,255,255,0);background-position: center center;background-repeat: no-repeat;padding-top:0px;padding-right:0px;padding-bottom:0px;padding-left:0px;margin-bottom: 0px;margin-top: 0px;border-width: 0px 0px 0px 0px;border-color:#eae9e9;border-style:solid;\" ><div class=\"fusion-builder-row fusion-row\"><div class=\"fusion-layout-column fusion_builder_column fusion-builder-column-0 fusion_builder_column_1_1 1_1 fusion-one-full fusion-column-first fusion-column-last\" style=\"margin-top:0px;margin-bottom:0px;\"><div class=\"fusion-column-wrapper fusion-flex-column-wrapper-legacy\" style=\"background-position:left top;background-repeat:no-repeat;-webkit-background-size:cover;-moz-background-size:cover;-o-background-size:cover;background-size:cover;padding: 0px 0px 0px 0px;\"><style type=\"text\/css\"><\/style><div class=\"fusion-title title fusion-title-1 fusion-sep-none fusion-title-text fusion-title-size-one\" style=\"margin-top:0px;margin-right:0px;margin-bottom:31px;margin-left:0px;\"><h1 class=\"title-heading-left\" style=\"margin:0;\"><h2>\u0160OLSKI KOLEDAR ZA \u0160OLSKO LETO 2022\/23<\/h2><\/h1><\/div><div class=\"fusion-sep-clear\"><\/div><div class=\"fusion-separator fusion-full-width-sep\" style=\"margin-left: auto;margin-right: auto;width:100%;\"><div class=\"fusion-separator-border sep-single sep-solid\" style=\"border-color:#80c342;border-top-width:1px;\"><\/div><\/div><div class=\"fusion-sep-clear\"><\/div><div class=\"fusion-sep-clear\"><\/div><div class=\"fusion-separator fusion-full-width-sep\" style=\"margin-left: auto;margin-right: auto;margin-bottom:48px;width:100%;\"><\/div><div class=\"fusion-sep-clear\"><\/div><div class=\"fusion-clearfix\"><\/div><\/div><\/div><\/div><\/div><div class=\"fusion-fullwidth fullwidth-box fusion-builder-row-2 nonhundred-percent-fullwidth non-hundred-percent-height-scrolling\" style=\"background-color: rgba(255,255,255,0);background-position: center center;background-repeat: no-repeat;padding-top:0px;padding-right:0px;padding-bottom:0px;padding-left:0px;margin-bottom: 0px;margin-top: 0px;border-width: 0px 0px 0px 0px;border-color:#eae9e9;border-style:solid;\" ><div class=\"fusion-builder-row fusion-row\"><div class=\"fusion-layout-column fusion_builder_column fusion-builder-column-1 fusion_builder_column_1_2 1_2 fusion-one-half fusion-column-first\" style=\"width:50%;width:calc(50% - ( ( 4% ) * 0.5 ) );margin-right: 4%;margin-top:0px;margin-bottom:0px;\"><div class=\"fusion-column-wrapper fusion-flex-column-wrapper-legacy\" style=\"background-position:left top;background-repeat:no-repeat;-webkit-background-size:cover;-moz-background-size:cover;-o-background-size:cover;background-size:cover;padding: 0px 0px 0px 0px;\"><div class=\"fusion-text fusion-text-1\"><table class=\"table-1\">\n<tbody>\n<tr>\n<td width=\"329\"><strong>Za\u010detek pouka<\/strong><\/td>\n<td width=\"271\">1. 9. 2022<\/td>\n<\/tr>\n<tr>\n<td width=\"329\"><strong>Zaklju\u010dek pouka in razdelitev spri\u010deval<\/strong><\/p>\n<p>za 1., 2. 3. letnike<\/p>\n<p>za 4. letnik<\/td>\n<td width=\"271\">23. 6. 2023<\/p>\n<p>22. 5. 2023<\/td>\n<\/tr>\n<tr>\n<td width=\"329\"><strong>Priprava na poklicno maturo <\/strong><\/td>\n<td width=\"271\">23. 5. &#8211; 26. 5. 2023<\/td>\n<\/tr>\n<tr>\n<td width=\"329\"><strong>Seznanitev z rezultati na poklicni maturi<\/strong><\/p>\n<p>jesenski rok 2022<\/p>\n<p>spomladanski rok 2023<\/td>\n<td width=\"271\">9. 9. 2022<\/p>\n<p>5. 7. 2023<\/td>\n<\/tr>\n<\/tbody>\n<\/table>\n<\/div><div class=\"fusion-sep-clear\"><\/div><div class=\"fusion-separator fusion-full-width-sep\" style=\"margin-left: auto;margin-right: auto;margin-bottom:24px;width:100%;\"><\/div><div class=\"fusion-sep-clear\"><\/div><div class=\"fusion-text fusion-text-2\"><h3><strong>Po\u010ditnice<\/strong><\/h3>\n<table class=\"table-1\">\n<tbody>\n<tr>\n<td width=\"330\">Jesenske po\u010ditnice<\/td>\n<td width=\"270\">31. 10. &#8211; 4. 11. 2022<\/td>\n<\/tr>\n<tr>\n<td width=\"330\">Novoletne po\u010ditnice<\/td>\n<td width=\"270\">27. 12. -30. 12. 2022<\/td>\n<\/tr>\n<tr>\n<td width=\"330\">Zimske po\u010ditnice<\/td>\n<td width=\"270\">6. 2. &#8211; 10. 2. 2023<\/td>\n<\/tr>\n<tr>\n<td width=\"330\">Prvomajske po\u010ditnice<\/td>\n<td width=\"270\">28. 4. 2023<\/td>\n<\/tr>\n<tr>\n<td width=\"330\">Poletne po\u010ditnice<\/td>\n<td width=\"270\">26. 6. &#8211; 31. 8. 2023<\/td>\n<\/tr>\n<\/tbody>\n<\/table>\n<\/div><div class=\"fusion-sep-clear\"><\/div><div class=\"fusion-separator fusion-full-width-sep\" style=\"margin-left: auto;margin-right: auto;margin-bottom:24px;width:100%;\"><\/div><div class=\"fusion-sep-clear\"><\/div><div class=\"fusion-text fusion-text-3\"><h3><strong>\u00a0<\/strong><strong>Prazni\u010dni dnevi, pouka prost dan<\/strong><\/h3>\n<table class=\"table-1\">\n<tbody>\n<tr>\n<td width=\"330\">Dan reformacije<\/td>\n<td width=\"270\">31. 10. 2022<\/td>\n<\/tr>\n<tr>\n<td width=\"330\">Dan spomina na mrtve<\/td>\n<td width=\"270\">1. 11. 2022<\/td>\n<\/tr>\n<tr>\n<td width=\"330\">Proslava pred Dnevom samostojnosti in enotnosti<\/td>\n<td width=\"270\">23. 12. 2022<\/td>\n<\/tr>\n<tr>\n<td width=\"330\">Dan samostojnosti in enotnosti<\/td>\n<td width=\"270\">26. 12. 2022<\/td>\n<\/tr>\n<tr>\n<td width=\"330\">Novo leto<\/td>\n<td width=\"270\">2. 1. 2023<\/td>\n<\/tr>\n<tr>\n<td width=\"330\">Proslava pred Slovenskim kulturnim praznikom<\/td>\n<td width=\"270\">7. 2. 2023<\/td>\n<\/tr>\n<tr>\n<td width=\"330\">Pre\u0161ernov dan<\/td>\n<td width=\"270\">8. 2. 2023<\/td>\n<\/tr>\n<tr>\n<td width=\"330\">Velikono\u010dni ponedeljek<\/td>\n<td width=\"270\">10. 4. 2023<\/td>\n<\/tr>\n<tr>\n<td width=\"330\">Pouka prosti dnevi<\/td>\n<td width=\"270\">25. in 26. 4. 2023<\/td>\n<\/tr>\n<tr>\n<td width=\"330\">Dan upora proti okupatorju<\/td>\n<td width=\"270\">27. 4. 2023<\/td>\n<\/tr>\n<tr>\n<td width=\"330\">Praznik dela<\/td>\n<td width=\"270\">1.5, 2. 5. 2023<\/td>\n<\/tr>\n<tr>\n<td width=\"330\">Proslava pred Dnevom dr\u017eavnosti<\/td>\n<td width=\"270\">23. 6. 2023<\/td>\n<\/tr>\n<tr>\n<td width=\"330\">Marijino vnebovzetje<\/td>\n<td width=\"270\">15. 8. 2023<\/td>\n<\/tr>\n<\/tbody>\n<\/table>\n<\/div><div class=\"fusion-sep-clear\"><\/div><div class=\"fusion-separator fusion-full-width-sep\" style=\"margin-left: auto;margin-right: auto;margin-bottom:24px;width:100%;\"><\/div><div class=\"fusion-sep-clear\"><\/div><div class=\"fusion-text fusion-text-4\"><h3><strong>Ocenjevalna obdobja<\/strong><\/h3>\n<table class=\"table-1\">\n<tbody>\n<tr>\n<td width=\"333\"><strong>1. ocenjevalno obdobje<\/strong><\/td>\n<td width=\"267\">1. 9. 2022-13. 1. 2023<\/td>\n<\/tr>\n<tr>\n<td width=\"333\"><strong>Zaklju\u010dek 2. ocenjevalnega obdobja<\/strong><\/p>\n<p>za 1., 2. in 3. letnike<\/p>\n<p>za 4. letnik<\/td>\n<td width=\"267\">22. 6. 2023<\/p>\n<p>19. 5. 2023<\/td>\n<\/tr>\n<\/tbody>\n<\/table>\n<\/div><div class=\"fusion-sep-clear\"><\/div><div class=\"fusion-separator fusion-full-width-sep\" style=\"margin-left: auto;margin-right: auto;margin-bottom:24px;width:100%;\"><\/div><div class=\"fusion-sep-clear\"><\/div><div class=\"fusion-text fusion-text-5\"><h3><strong>Redovalne konference<\/strong><\/h3>\n<table class=\"table-1\">\n<tbody>\n<tr>\n<td width=\"335\"><strong>1. redovalna konferenca<\/strong><\/td>\n<td width=\"266\">18. 1. 2023<\/td>\n<\/tr>\n<tr>\n<td width=\"335\"><strong>2. redovalna konferenca<\/strong><\/p>\n<p>Za 1., 2. in 3. letnik<\/p>\n<p>Za 4. letnik<\/td>\n<td width=\"266\">22. 6. 2023<\/p>\n<p>19. 5. 2023<\/td>\n<\/tr>\n<\/tbody>\n<\/table>\n<\/div><div class=\"fusion-sep-clear\"><\/div><div class=\"fusion-separator fusion-full-width-sep\" style=\"margin-left: auto;margin-right: auto;margin-bottom:24px;width:100%;\"><\/div><div class=\"fusion-sep-clear\"><\/div><div class=\"fusion-text fusion-text-6\"><h3><strong>Izpitni roki<\/strong><\/h3>\n<table class=\"table-1\">\n<tbody>\n<tr>\n<td width=\"340\">Zimski izpitni rok<\/td>\n<td width=\"260\">1. 2. &#8211; 1. 3. 2023<\/td>\n<\/tr>\n<tr>\n<td width=\"340\">Izpitni rok za izbolj\u0161evanje ocene za 4. letnike (predmetni izpiti)<\/td>\n<td width=\"260\">23. 5. &#8211; 25. 5. 2023<\/td>\n<\/tr>\n<tr>\n<td width=\"340\">Spomladanski izpitni rok (za predmetne, dopolnilne in popravne izpite)<\/td>\n<td width=\"260\">26. 6. 2023<\/td>\n<\/tr>\n<tr>\n<td width=\"340\">Jesenski izpitni rok<\/td>\n<td width=\"260\">16. 8. &#8211; 27. 9. 2023<\/td>\n<\/tr>\n<\/tbody>\n<\/table>\n<\/div><div class=\"fusion-clearfix\"><\/div><\/div><\/div><div class=\"fusion-layout-column fusion_builder_column fusion-builder-column-2 fusion_builder_column_1_2 1_2 fusion-one-half fusion-column-last\" style=\"width:50%;width:calc(50% - ( ( 4% ) * 0.5 ) );margin-top:0px;margin-bottom:0px;\"><div class=\"fusion-column-wrapper fusion-flex-column-wrapper-legacy\" style=\"background-position:left top;background-repeat:no-repeat;-webkit-background-size:cover;-moz-background-size:cover;-o-background-size:cover;background-size:cover;padding: 0px 0px 0px 0px;\"><div class=\"fusion-text fusion-text-7\"><h3><strong>Govorilne ure<\/strong><\/h3>\n<p>Vsak profesor ima enkrat tedensko govorilne ure. Razpored je objavljen na spletni strani \u0161ole<\/p>\n<\/div><div class=\"fusion-sep-clear\"><\/div><div class=\"fusion-separator fusion-full-width-sep\" style=\"margin-left: auto;margin-right: auto;margin-bottom:24px;width:100%;\"><\/div><div class=\"fusion-sep-clear\"><\/div><div class=\"fusion-text fusion-text-8\"><h3><strong>Skupne popoldanske govorilne ure<br \/>\n<\/strong><\/h3>\n<p>Skupne popoldanske govorilne ure potekajo po naslednjem razporedu, od 17.00 do 18.30.<\/p>\n<table class=\"table-1\">\n<tbody>\n<tr>\n<td width=\"140\">26. 10. 2023<\/td>\n<\/tr>\n<tr>\n<td width=\"140\">7. 12. 2023<\/td>\n<\/tr>\n<tr>\n<td width=\"140\">15. 2. 2023<\/td>\n<\/tr>\n<tr>\n<td width=\"140\">12. 4. 2023<\/td>\n<\/tr>\n<tr>\n<td width=\"140\">7. 6. 2023<\/td>\n<\/tr>\n<\/tbody>\n<\/table>\n<\/div><div class=\"fusion-sep-clear\"><\/div><div class=\"fusion-separator fusion-full-width-sep\" style=\"margin-left: auto;margin-right: auto;margin-bottom:24px;width:100%;\"><\/div><div class=\"fusion-sep-clear\"><\/div><div class=\"fusion-text fusion-text-9\"><h3><strong>Roditeljski sestanki<\/strong><\/h3>\n<table class=\"table-1\">\n<tbody>\n<tr>\n<td width=\"340\"><strong>1. roditeljski sestanek<\/strong><\/td>\n<td width=\"260\">5. 9. &#8211; 12. 9. 2022<\/td>\n<\/tr>\n<tr>\n<td width=\"340\"><strong>2. roditeljski sestanek<\/strong><\/td>\n<td width=\"260\">10. &#8211; 14. 1. 2023<\/td>\n<\/tr>\n<\/tbody>\n<\/table>\n<p><em>Po potrebi se lahko skli\u010de \u0161e dodatni roditeljski sestanek<br \/>\n<\/em><\/p>\n<\/div><div class=\"fusion-sep-clear\"><\/div><div class=\"fusion-separator fusion-full-width-sep\" style=\"margin-left: auto;margin-right: auto;margin-bottom:24px;width:100%;\"><\/div><div class=\"fusion-sep-clear\"><\/div><div class=\"fusion-text fusion-text-10\"><h3><strong>Ostalo<\/strong><\/h3>\n<table class=\"table-1\">\n<tbody>\n<tr>\n<td width=\"344\">Prakti\u010dno usposabljanje z delom \u2013 2. letnik (TEK)<\/td>\n<td width=\"257\">13. 2. &#8211; 10. 3. 2023<\/td>\n<\/tr>\n<tr>\n<td width=\"344\">Prakti\u010dno usposabljanje z delom \u2013 3. letnik (TEK)<\/p>\n<p>Prakti\u010dno usposabljanje z delom \u2013 3. letnik (EKT)<\/td>\n<td width=\"257\">13. 3. &#8211; 7. 4. 2023<\/p>\n<p>3. 5. &#8211; 26. 5. 2023<\/td>\n<\/tr>\n<tr>\n<td width=\"344\">Dan \u0161ole<\/td>\n<td width=\"257\">25. 4. 2022<\/td>\n<\/tr>\n<tr>\n<td width=\"344\">Informativa<\/td>\n<td width=\"257\">20., 21.1.2023<\/td>\n<\/tr>\n<tr>\n<td width=\"344\">Informativna dneva za vpis v srednje \u0161ole<\/td>\n<td width=\"257\">17. &#8211; 18. 2. 2023<\/td>\n<\/tr>\n<tr>\n<td width=\"344\">Maturantski ples za dijake 4. letnikov<\/td>\n<td width=\"257\"><em>Datum bo javljen kasneje<\/em><\/td>\n<\/tr>\n<\/tbody>\n<\/table>\n<\/div><div class=\"fusion-sep-clear\"><\/div><div class=\"fusion-separator fusion-full-width-sep\" style=\"margin-left: auto;margin-right: auto;margin-bottom:24px;width:100%;\"><\/div><div class=\"fusion-sep-clear\"><\/div><div class=\"fusion-text fusion-text-11\"><p>Ljubljana, 1. 9. 2022<\/p>\n<p>Ravnateljica:<\/p>\n<p><em>Simona Zupan\u010di\u010d<\/em><\/p>\n<\/div><div class=\"fusion-clearfix\"><\/div><\/div><\/div><\/div><\/div><\/p>\n","protected":false},"excerpt":{"rendered":"","protected":false},"author":5,"featured_media":0,"parent":0,"menu_order":0,"comment_status":"closed","ping_status":"closed","template":"100-width.php","meta":{"_mi_skip_tracking":false,"_exactmetrics_sitenote_active":false,"_exactmetrics_sitenote_note":"","_exactmetrics_sitenote_category":0},"yoast_head":"<!-- This site is optimized with the Yoast SEO plugin v20.8 - https:\/\/yoast.com\/wordpress\/plugins\/seo\/ -->\n<title>\u0160olski koledar Copy - SREDNJA TEHNI\u0160KA IN STROKOVNA \u0160OLA<\/title>\n<meta name=\"description\" content=\"\u0160olski koledar - Srednja tehni\u0161ka in strokovna \u0161ola - \u0160olski center za po\u0161to, ekonomijo in telekomunikacije Ljubljana - \u0160C PET.\" \/>\n<meta name=\"robots\" content=\"index, follow, max-snippet:-1, max-image-preview:large, max-video-preview:-1\" \/>\n<link rel=\"canonical\" href=\"https:\/\/www.scpet.si\/srednja-tehniska-in-strokovna-sola\/solski-koledar-copy\/\" \/>\n<meta property=\"og:locale\" content=\"sl_SI\" \/>\n<meta property=\"og:type\" content=\"article\" \/>\n<meta property=\"og:title\" content=\"\u0160olski koledar Copy - SREDNJA TEHNI\u0160KA IN STROKOVNA \u0160OLA\" \/>\n<meta property=\"og:description\" content=\"\u0160olski koledar - Srednja tehni\u0161ka in strokovna \u0161ola - \u0160olski center za po\u0161to, ekonomijo in telekomunikacije Ljubljana - \u0160C PET.\" \/>\n<meta property=\"og:url\" content=\"https:\/\/www.scpet.si\/srednja-tehniska-in-strokovna-sola\/solski-koledar-copy\/\" \/>\n<meta property=\"og:site_name\" content=\"SREDNJA TEHNI\u0160KA IN STROKOVNA \u0160OLA\" \/>\n<meta name=\"twitter:card\" content=\"summary_large_image\" \/>\n<meta name=\"twitter:label1\" content=\"Est. reading time\" \/>\n\t<meta name=\"twitter:data1\" content=\"6 minut\" \/>\n<script type=\"application\/ld+json\" class=\"yoast-schema-graph\">{\"@context\":\"https:\/\/schema.org\",\"@graph\":[{\"@type\":\"WebPage\",\"@id\":\"https:\/\/www.scpet.si\/srednja-tehniska-in-strokovna-sola\/solski-koledar-copy\/\",\"url\":\"https:\/\/www.scpet.si\/srednja-tehniska-in-strokovna-sola\/solski-koledar-copy\/\",\"name\":\"\u0160olski koledar Copy - SREDNJA TEHNI\u0160KA IN STROKOVNA \u0160OLA\",\"isPartOf\":{\"@id\":\"https:\/\/www.scpet.si\/srednja-tehniska-in-strokovna-sola\/#website\"},\"datePublished\":\"2023-09-05T13:04:25+00:00\",\"dateModified\":\"2023-09-05T13:04:25+00:00\",\"description\":\"\u0160olski koledar - Srednja tehni\u0161ka in strokovna \u0161ola - \u0160olski center za po\u0161to, ekonomijo in telekomunikacije Ljubljana - \u0160C PET.\",\"breadcrumb\":{\"@id\":\"https:\/\/www.scpet.si\/srednja-tehniska-in-strokovna-sola\/solski-koledar-copy\/#breadcrumb\"},\"inLanguage\":\"sl-SI\",\"potentialAction\":[{\"@type\":\"ReadAction\",\"target\":[\"https:\/\/www.scpet.si\/srednja-tehniska-in-strokovna-sola\/solski-koledar-copy\/\"]}]},{\"@type\":\"BreadcrumbList\",\"@id\":\"https:\/\/www.scpet.si\/srednja-tehniska-in-strokovna-sola\/solski-koledar-copy\/#breadcrumb\",\"itemListElement\":[{\"@type\":\"ListItem\",\"position\":1,\"name\":\"Home\",\"item\":\"https:\/\/www.scpet.si\/srednja-tehniska-in-strokovna-sola\/\"},{\"@type\":\"ListItem\",\"position\":2,\"name\":\"\u0160olski koledar Copy\"}]},{\"@type\":\"WebSite\",\"@id\":\"https:\/\/www.scpet.si\/srednja-tehniska-in-strokovna-sola\/#website\",\"url\":\"https:\/\/www.scpet.si\/srednja-tehniska-in-strokovna-sola\/\",\"name\":\"SREDNJA TEHNI\u0160KA IN STROKOVNA \u0160OLA\",\"description\":\"Just another \u0160C PET Sites site\",\"potentialAction\":[{\"@type\":\"SearchAction\",\"target\":{\"@type\":\"EntryPoint\",\"urlTemplate\":\"https:\/\/www.scpet.si\/srednja-tehniska-in-strokovna-sola\/?s={search_term_string}\"},\"query-input\":\"required name=search_term_string\"}],\"inLanguage\":\"sl-SI\"}]}<\/script>\n<!-- \/ Yoast SEO plugin. -->","yoast_head_json":{"title":"\u0160olski koledar Copy - SREDNJA TEHNI\u0160KA IN STROKOVNA \u0160OLA","description":"\u0160olski koledar - Srednja tehni\u0161ka in strokovna \u0161ola - \u0160olski center za po\u0161to, ekonomijo in telekomunikacije Ljubljana - \u0160C PET.","robots":{"index":"index","follow":"follow","max-snippet":"max-snippet:-1","max-image-preview":"max-image-preview:large","max-video-preview":"max-video-preview:-1"},"canonical":"https:\/\/www.scpet.si\/srednja-tehniska-in-strokovna-sola\/solski-koledar-copy\/","og_locale":"sl_SI","og_type":"article","og_title":"\u0160olski koledar Copy - SREDNJA TEHNI\u0160KA IN STROKOVNA \u0160OLA","og_description":"\u0160olski koledar - Srednja tehni\u0161ka in strokovna \u0161ola - \u0160olski center za po\u0161to, ekonomijo in telekomunikacije Ljubljana - \u0160C PET.","og_url":"https:\/\/www.scpet.si\/srednja-tehniska-in-strokovna-sola\/solski-koledar-copy\/","og_site_name":"SREDNJA TEHNI\u0160KA IN STROKOVNA \u0160OLA","twitter_card":"summary_large_image","twitter_misc":{"Est. reading time":"6 minut"},"schema":{"@context":"https:\/\/schema.org","@graph":[{"@type":"WebPage","@id":"https:\/\/www.scpet.si\/srednja-tehniska-in-strokovna-sola\/solski-koledar-copy\/","url":"https:\/\/www.scpet.si\/srednja-tehniska-in-strokovna-sola\/solski-koledar-copy\/","name":"\u0160olski koledar Copy - SREDNJA TEHNI\u0160KA IN STROKOVNA \u0160OLA","isPartOf":{"@id":"https:\/\/www.scpet.si\/srednja-tehniska-in-strokovna-sola\/#website"},"datePublished":"2023-09-05T13:04:25+00:00","dateModified":"2023-09-05T13:04:25+00:00","description":"\u0160olski koledar - Srednja tehni\u0161ka in strokovna \u0161ola - \u0160olski center za po\u0161to, ekonomijo in telekomunikacije Ljubljana - \u0160C PET.","breadcrumb":{"@id":"https:\/\/www.scpet.si\/srednja-tehniska-in-strokovna-sola\/solski-koledar-copy\/#breadcrumb"},"inLanguage":"sl-SI","potentialAction":[{"@type":"ReadAction","target":["https:\/\/www.scpet.si\/srednja-tehniska-in-strokovna-sola\/solski-koledar-copy\/"]}]},{"@type":"BreadcrumbList","@id":"https:\/\/www.scpet.si\/srednja-tehniska-in-strokovna-sola\/solski-koledar-copy\/#breadcrumb","itemListElement":[{"@type":"ListItem","position":1,"name":"Home","item":"https:\/\/www.scpet.si\/srednja-tehniska-in-strokovna-sola\/"},{"@type":"ListItem","position":2,"name":"\u0160olski koledar Copy"}]},{"@type":"WebSite","@id":"https:\/\/www.scpet.si\/srednja-tehniska-in-strokovna-sola\/#website","url":"https:\/\/www.scpet.si\/srednja-tehniska-in-strokovna-sola\/","name":"SREDNJA TEHNI\u0160KA IN STROKOVNA \u0160OLA","description":"Just another \u0160C PET Sites site","potentialAction":[{"@type":"SearchAction","target":{"@type":"EntryPoint","urlTemplate":"https:\/\/www.scpet.si\/srednja-tehniska-in-strokovna-sola\/?s={search_term_string}"},"query-input":"required name=search_term_string"}],"inLanguage":"sl-SI"}]}},"_links":{"self":[{"href":"https:\/\/www.scpet.si\/srednja-tehniska-in-strokovna-sola\/wp-json\/wp\/v2\/pages\/2827"}],"collection":[{"href":"https:\/\/www.scpet.si\/srednja-tehniska-in-strokovna-sola\/wp-json\/wp\/v2\/pages"}],"about":[{"href":"https:\/\/www.scpet.si\/srednja-tehniska-in-strokovna-sola\/wp-json\/wp\/v2\/types\/page"}],"author":[{"embeddable":true,"href":"https:\/\/www.scpet.si\/srednja-tehniska-in-strokovna-sola\/wp-json\/wp\/v2\/users\/5"}],"replies":[{"embeddable":true,"href":"https:\/\/www.scpet.si\/srednja-tehniska-in-strokovna-sola\/wp-json\/wp\/v2\/comments?post=2827"}],"version-history":[{"count":0,"href":"https:\/\/www.scpet.si\/srednja-tehniska-in-strokovna-sola\/wp-json\/wp\/v2\/pages\/2827\/revisions"}],"wp:attachment":[{"href":"https:\/\/www.scpet.si\/srednja-tehniska-in-strokovna-sola\/wp-json\/wp\/v2\/media?parent=2827"}],"curies":[{"name":"wp","href":"https:\/\/api.w.org\/{rel}","templated":true}]}}