{"id":2828,"date":"2023-09-05T15:05:29","date_gmt":"2023-09-05T13:05:29","guid":{"rendered":"https:\/\/www.scpet.si\/srednja-tehniska-in-strokovna-sola\/govorilne-ure-copy\/"},"modified":"2024-01-31T10:31:23","modified_gmt":"2024-01-31T09:31:23","slug":"govorilne-ure-copy","status":"publish","type":"page","link":"https:\/\/www.scpet.si\/srednja-tehniska-in-strokovna-sola\/govorilne-ure-copy\/","title":{"rendered":"Govorilne ure Copy"},"content":{"rendered":"<p><div class=\"fusion-fullwidth fullwidth-box fusion-builder-row-1 nonhundred-percent-fullwidth non-hundred-percent-height-scrolling\" style=\"background-color: rgba(255,255,255,0);background-position: center center;background-repeat: no-repeat;padding-top:0px;padding-right:0px;padding-bottom:0px;padding-left:0px;margin-bottom: 0px;margin-top: 0px;border-width: 0px 0px 0px 0px;border-color:#eae9e9;border-style:solid;\" ><div class=\"fusion-builder-row fusion-row\"><div class=\"fusion-layout-column fusion_builder_column fusion-builder-column-0 fusion_builder_column_1_1 1_1 fusion-one-full fusion-column-first fusion-column-last\" style=\"margin-top:0px;margin-bottom:0px;\"><div class=\"fusion-column-wrapper fusion-flex-column-wrapper-legacy\" style=\"background-position:left top;background-repeat:no-repeat;-webkit-background-size:cover;-moz-background-size:cover;-o-background-size:cover;background-size:cover;padding: 0px 0px 0px 0px;\"><style type=\"text\/css\"><\/style><div class=\"fusion-title title fusion-title-1 fusion-sep-none fusion-title-text fusion-title-size-one\" style=\"margin-top:0px;margin-right:0px;margin-bottom:31px;margin-left:0px;\"><h1 class=\"title-heading-left\" style=\"margin:0;\"><h2>Govorilne ure za star\u0161e v \u0161olskem letu 2022\/2023<\/h2><\/h1><\/div><div class=\"fusion-sep-clear\"><\/div><div class=\"fusion-separator fusion-full-width-sep\" style=\"margin-left: auto;margin-right: auto;width:100%;\"><div class=\"fusion-separator-border sep-single sep-solid\" style=\"border-color:#607d8b;border-top-width:1px;\"><\/div><\/div><div class=\"fusion-sep-clear\"><\/div><div class=\"fusion-sep-clear\"><\/div><div class=\"fusion-separator fusion-full-width-sep\" style=\"margin-left: auto;margin-right: auto;margin-bottom:24px;width:100%;\"><\/div><div class=\"fusion-sep-clear\"><\/div><div class=\"fusion-text fusion-text-1\"><h3>Skupne popoldanske govorilne ure<\/h3>\n<p>Skupne popoldanske govorilne ure potekajo po naslednjem razporedu, od 17.00 do 18.30.<\/p>\n<table class=\"table-1\">\n<tbody>\n<tr>\n<td width=\"140\">26. 10. 2022<\/td>\n<\/tr>\n<tr>\n<td width=\"140\">8.\u00a0 12.\u00a0 2022<\/td>\n<\/tr>\n<tr>\n<td width=\"140\">15. 2. 2023<\/td>\n<\/tr>\n<tr>\n<td width=\"140\">12. 4. 2023<\/td>\n<\/tr>\n<tr>\n<td width=\"140\">7. 6. 2023<\/td>\n<\/tr>\n<\/tbody>\n<\/table>\n<\/div><div class=\"fusion-sep-clear\"><\/div><div class=\"fusion-separator fusion-full-width-sep\" style=\"margin-left: auto;margin-right: auto;margin-bottom:24px;width:100%;\"><\/div><div class=\"fusion-sep-clear\"><\/div><div class=\"fusion-clearfix\"><\/div><\/div><\/div><\/div><\/div><div class=\"fusion-fullwidth fullwidth-box fusion-builder-row-2 nonhundred-percent-fullwidth non-hundred-percent-height-scrolling\" style=\"background-color: rgba(255,255,255,0);background-position: center center;background-repeat: no-repeat;padding-top:0px;padding-right:0px;padding-bottom:0px;padding-left:0px;margin-bottom: 0px;margin-top: 0px;border-width: 0px 0px 0px 0px;border-color:#eae9e9;border-style:solid;\" ><div class=\"fusion-builder-row fusion-row\"><div class=\"fusion-layout-column fusion_builder_column fusion-builder-column-1 fusion_builder_column_1_1 1_1 fusion-one-full fusion-column-first fusion-column-last\" style=\"margin-top:0px;margin-bottom:0px;\"><div class=\"fusion-column-wrapper fusion-flex-column-wrapper-legacy\" style=\"background-position:left top;background-repeat:no-repeat;-webkit-background-size:cover;-moz-background-size:cover;-o-background-size:cover;background-size:cover;padding: 0px 0px 0px 0px;\"><style type=\"text\/css\"><\/style><div class=\"fusion-title title fusion-title-2 fusion-sep-none fusion-title-text fusion-title-size-one\" style=\"margin-top:0px;margin-right:0px;margin-bottom:31px;margin-left:0px;\"><h1 class=\"title-heading-left\" style=\"margin:0;\"><h3>Tedenske govorilne ure<\/h3><\/h1><\/div><div class=\"fusion-text fusion-text-2\"><table class=\"table-1\">\n<tbody>\n<tr>\n<td width=\"170\"><strong>U\u010ditelj<\/strong><\/td>\n<td width=\"132\"><strong>Izobra\u017eevalni program<\/strong><\/td>\n<td width=\"111\"><strong>Govorilne ure za star\u0161e<\/strong><\/td>\n<td width=\"238\"><strong>Elektronska po\u0161ta<\/strong><\/td>\n<\/tr>\n<tr>\n<td width=\"170\">Be\u0161li\u010d Marko<\/td>\n<td width=\"132\">TEK<\/td>\n<td width=\"111\">\u010cET 10.50-11.35<\/td>\n<td width=\"238\"><a href=\"mailto:marko.beslic@scpet.si\">marko.beslic@scpet.si<\/a><\/td>\n<\/tr>\n<tr>\n<td width=\"170\">Bobnar Brina<\/td>\n<td width=\"132\">EKT, TEK<\/td>\n<td width=\"111\">TOR 9.55-10.40<\/td>\n<td width=\"238\"><a href=\"mailto:brina.bobnar@scpet.si\">brina.bobnar@scpet.si<\/a><\/td>\n<\/tr>\n<tr>\n<td width=\"170\">\u010ci\u010dak\u00a0Stipan<\/td>\n<td width=\"132\">EKT<\/td>\n<td width=\"111\">\u010cET 10.50-11.35<\/td>\n<td width=\"238\"><a href=\"mailto:stipan.cicak@scpet.si\">stipan.cicak@scpet.si<\/a><\/td>\n<\/tr>\n<tr>\n<td width=\"170\">Dolen\u0161ek Marko<\/td>\n<td width=\"132\">EKT,\u00a0TEK<\/td>\n<td width=\"111\">\u010cET 9.00-9.45<\/td>\n<td width=\"238\"><a href=\"mailto:marko.dolensek@scpet.si\">marko.dolensek@scpet.si<\/a><\/td>\n<\/tr>\n<tr>\n<td width=\"170\">Florjan\u010di\u010d Ale\u0161<\/td>\n<td width=\"132\">EKT<\/td>\n<td width=\"111\">SRE 11.45-12.30<\/td>\n<td width=\"238\"><a href=\"mailto:ales.florjancic@scpet.si\">ales.florjancic@scpet.si<\/a><\/td>\n<\/tr>\n<tr>\n<td width=\"170\">Glavi\u010d Andreja<\/td>\n<td width=\"132\">TEK<\/td>\n<td width=\"111\">PON 12.40-13.25<\/td>\n<td width=\"238\"><a href=\"mailto:andreja.glavic@scpet.si\">andreja.glavic@scpet.si<\/a><\/td>\n<\/tr>\n<tr>\n<td width=\"170\">Godec\u00a0Ana<\/td>\n<td width=\"132\">EKT<\/td>\n<td width=\"111\">SRE 12.40-13.25<\/td>\n<td width=\"238\"><a href=\"mailto:ana.godec@scpet.si\">ana.godec@scpet.si<\/a><\/td>\n<\/tr>\n<tr>\n<td width=\"170\">Gorjan Mojca<\/td>\n<td width=\"132\">EKT<\/td>\n<td width=\"111\">ODSOTNOST<\/td>\n<td width=\"238\"><a href=\"mailto:mojca.gorjan@scpet.si\">mojca.gorjan@scpet.si<\/a><\/td>\n<\/tr>\n<tr>\n<td width=\"170\">Islambegovi\u0107\u00a0Dino<\/td>\n<td width=\"132\">TEK<\/td>\n<td width=\"111\">TOR 10.50-11.35<\/td>\n<td width=\"238\"><a href=\"mailto:dino.islambegovic@scpet.si\">dino.islambegovic@scpet.si<\/a><\/td>\n<\/tr>\n<tr>\n<td width=\"170\">Ivan\u010di\u010d France<\/td>\n<td width=\"132\">EKT<\/td>\n<td width=\"111\">SRE 14.20-15.05<\/td>\n<td width=\"238\"><a href=\"mailto:france.ivancic@scpet.si\">france.ivancic@scpet.si<\/a><\/td>\n<\/tr>\n<tr>\n<td width=\"170\">Jane\u017ei\u010d Vesna<\/td>\n<td width=\"132\">EKT,\u00a0TEK<\/td>\n<td width=\"111\">PON 10.50-11.35<\/td>\n<td width=\"238\"><a href=\"mailto:vesna.janezic@scpet.si\">vesna.janezic@scpet.si<\/a><\/td>\n<\/tr>\n<tr>\n<td width=\"170\">Kolari\u010d\u00a0Estera<\/td>\n<td width=\"132\">EKT<\/td>\n<td width=\"111\">PON, TOR 10.50-11.35<\/td>\n<td width=\"238\"><a href=\"mailto:estera.kolaric@scpet.si\">estera.kolaric@scpet.si<\/a><\/td>\n<\/tr>\n<tr>\n<td width=\"170\">Korade \u0160obar Maja<\/td>\n<td width=\"132\">EKT,\u00a0TEK<\/td>\n<td width=\"111\">SRE 10.50-11.35<\/td>\n<td width=\"238\"><a href=\"mailto:maja.korade-sobar@scpet.si\">maja.korade-sobar@scpet.si<\/a><\/td>\n<\/tr>\n<tr>\n<td width=\"170\">Ko\u0161\u010dak Peter<\/td>\n<td width=\"132\">EKT<\/td>\n<td width=\"111\">TOR 12.40-13.25<\/td>\n<td width=\"238\"><a href=\"mailto:peter.koscak@scpet.si\">peter.koscak@scpet.si<\/a><\/td>\n<\/tr>\n<tr>\n<td width=\"170\">Ko\u0161tomaj Rok<\/td>\n<td width=\"132\">EKT<\/td>\n<td width=\"111\">po predhodnem dogovoru preko e-po\u0161te<\/td>\n<td width=\"238\"><a href=\"mailto:rok.kostomaj@scpet.si\">rok.kostomaj@scpet.si<\/a><\/td>\n<\/tr>\n<tr>\n<td width=\"170\">Leban Trojar Zoran<\/td>\n<td width=\"132\">EKT<\/td>\n<td width=\"111\">SRE 10.50-11.35<\/td>\n<td width=\"238\"><a href=\"mailto:zoran.leban-trojar@scpet.si\">zoran.leban-trojar@scpet.si<\/a><\/td>\n<\/tr>\n<tr>\n<td width=\"170\">Lo\u010dni\u0161kar\u00a0Valentina<\/td>\n<td width=\"132\">EKT,\u00a0TEK<\/td>\n<td width=\"111\">PET 9.55-10.40<\/td>\n<td width=\"238\"><a href=\"mailto:valentina.locniskar@scpet.si\">valentina.locniskar@scpet.si<\/a><\/td>\n<\/tr>\n<tr>\n<td width=\"170\">Mar\u010di\u010d\u00a0Renata<\/td>\n<td width=\"132\">EKT, TEK<\/td>\n<td width=\"111\">SRE 12.40-13.25<\/td>\n<td width=\"238\"><a href=\"mailto:renata.marcic@scpet.si\">renata.marcic@scpet.si<\/a><\/td>\n<\/tr>\n<tr>\n<td width=\"170\">Mencej Rok<\/td>\n<td width=\"132\">EKT<\/td>\n<td width=\"111\">SRE 10.50-11.35<\/td>\n<td width=\"238\"><a href=\"mailto:rok.mencej@scpet.si\">rok.mencej@scpet.si<\/a><\/td>\n<\/tr>\n<tr>\n<td width=\"170\">Metul\u00a0Petra<\/td>\n<td width=\"132\">EKT,\u00a0TEK<\/td>\n<td width=\"111\">TOR 15.10-15.55<\/td>\n<td width=\"238\"><a href=\"mailto:petra.metul@scpet.si\">petra.metul@scpet.si<\/a><\/td>\n<\/tr>\n<tr>\n<td width=\"170\">Milek\u00a0Jasna<\/td>\n<td width=\"132\">EKT<\/td>\n<td width=\"111\">SRE 8.05-8.50<\/td>\n<td width=\"238\"><a href=\"mailto:jasna.milek@scpet.si\">jasna.milek@scpet.si<\/a><\/td>\n<\/tr>\n<tr>\n<td width=\"170\">Mlin\u0161ek Matja\u017e<\/td>\n<td width=\"132\">TEK<\/td>\n<td width=\"111\">SRE 11.45-12.30<\/td>\n<td width=\"238\"><a href=\"mailto:Matjaz.mlinsek@scpet.si\">matjaz.mlinsek@scpet.si<\/a><\/td>\n<\/tr>\n<tr>\n<td width=\"170\">Napokoj\u00a0Matja\u017e<\/td>\n<td width=\"132\">EKT,\u00a0TEK<\/td>\n<td width=\"111\">PON 9.55-10.40<\/td>\n<td width=\"238\"><a href=\"mailto:matjaz.napokoj@scpet.si\">matjaz.napokoj@scpet.si<\/a><\/td>\n<\/tr>\n<tr>\n<td width=\"170\">Ore\u0161nik Fin\u017egar Da\u0161a<\/td>\n<td width=\"132\">EKT,\u00a0TEK<\/td>\n<td width=\"111\">SRE 9.00-9.45<\/td>\n<td width=\"238\"><a href=\"mailto:dasa.oresnik@scpet.si\">dasa.oresnik@scpet.si<\/a><\/td>\n<\/tr>\n<tr>\n<td width=\"170\">Pleni\u010dar Miranda<\/td>\n<td width=\"132\">EKT,\u00a0TEK<\/td>\n<td width=\"111\">TOR 9.00-9.45<\/td>\n<td width=\"238\"><a href=\"mailto:miranda.plenicar@scpet.si\">miranda.plenicar@scpet.si<\/a><\/td>\n<\/tr>\n<tr>\n<td width=\"170\">Plesec\u00a0Ana<\/td>\n<td width=\"132\">EKT<\/td>\n<td width=\"111\">\u010cET 10.50-11.35<\/td>\n<td width=\"238\"><a href=\"mailto:ana.plesec@scpet.si\">ana.plesec@scpet.si<\/a><\/td>\n<\/tr>\n<tr>\n<td width=\"170\">Plesec\u00a0Matja\u017e<\/td>\n<td width=\"132\">EKT, TEK<\/td>\n<td width=\"111\">\u010cET 11.45-12.30<\/td>\n<td width=\"238\"><a href=\"mailto:matjaz.plesec@scpet.si\">matjaz.plesec@scpet.si<\/a><\/td>\n<\/tr>\n<tr>\n<td width=\"170\">Por\u010di\u0107 Denial<\/td>\n<td width=\"132\">EKT, TEK<\/td>\n<td width=\"111\">PET 11.45-12.30<\/td>\n<td width=\"238\"><a href=\"mailto:denial.porcic@scpet.si\">denial.porcic@scpet.si<\/a><\/td>\n<\/tr>\n<tr>\n<td width=\"170\">Primo\u017ei\u010d Petra<\/td>\n<td width=\"132\">EKT,\u00a0TEK<\/td>\n<td width=\"111\">PET 9.55-10.40<\/td>\n<td width=\"238\"><a href=\"mailto:petra.primozic@scpet.si\">petra.primozic@scpet.si<\/a><\/td>\n<\/tr>\n<tr>\n<td width=\"170\">Rakef\u00a0Gregor<\/td>\n<td width=\"132\">TEK<\/td>\n<td width=\"111\">\u010cET 7.15-8.00<\/td>\n<td width=\"238\"><a href=\"mailto:gregor.rakef@scpet.si\">gregor.rakef@scpet.si<\/a><\/td>\n<\/tr>\n<tr>\n<td width=\"170\">Ravnik Vida<\/td>\n<td width=\"132\">TEK<\/td>\n<td width=\"111\">TOR 8.05-8.50<\/td>\n<td width=\"238\"><a href=\"mailto:vida.ravnik@scpet.si\">vida.ravnik@scpet.si<\/a><\/td>\n<\/tr>\n<tr>\n<td width=\"170\">Rupret Darko<\/td>\n<td width=\"132\">EKT<\/td>\n<td width=\"111\">PET 8.05-8.50<\/td>\n<td width=\"238\"><a href=\"mailto:darko.rupret@scpet.si\">darko.rupret@scpet.si<\/a><\/td>\n<\/tr>\n<tr>\n<td width=\"170\">Sever \u017di\u017eek Ksenija<\/td>\n<td width=\"132\">EKT<\/td>\n<td width=\"111\">TOR 13.30-14.15<\/td>\n<td width=\"238\"><a href=\"mailto:ksenija.sever-zizek@scpet.si\">ksenija.sever-zizek@scpet.si<\/a><\/td>\n<\/tr>\n<tr>\n<td width=\"170\">Ternovec\u00a0Matja\u017e<\/td>\n<td width=\"132\">EKT,\u00a0TEK<\/td>\n<td width=\"111\">PON 12.40-13.25<\/td>\n<td width=\"238\"><a href=\"mailto:matjaz.ternovec@scpet.si\">matjaz.ternovec@scpet.si<\/a><\/td>\n<\/tr>\n<tr>\n<td width=\"170\">Vali\u010d Katarina<\/td>\n<td width=\"132\">EKT,\u00a0TEK<\/td>\n<td width=\"111\">TOR 11.45-12.30<\/td>\n<td width=\"238\"><a href=\"mailto:katarina.valic@scpet.si\">katarina.valic@scpet.si<\/a><\/td>\n<\/tr>\n<tr>\n<td width=\"170\">Vukovi\u0107\u00a0Sr\u0111an<\/td>\n<td width=\"132\">EKT<\/td>\n<td width=\"111\">PON 10.50-11.35<\/td>\n<td width=\"238\"><a href=\"mailto:srdzan.vukovic@scpet.si\">srdzan.vukovic@scpet.si<\/a><\/td>\n<\/tr>\n<tr>\n<td width=\"170\">Zaletel Jan<\/td>\n<td width=\"132\">EKT,\u00a0TEK<\/td>\n<td width=\"111\">PON 10.50-11.35<\/td>\n<td width=\"238\"><a href=\"mailto:jan.zaletel@scpet.si\">jan.zaletel@scpet.si<\/a><\/td>\n<\/tr>\n<tr>\n<td width=\"170\">Zver Sonja<\/td>\n<td width=\"132\">EKT<\/td>\n<td width=\"111\">Po predhodnem dogovoru preko e-po\u0161te<\/td>\n<td width=\"238\"><a href=\"mailto:sonja.zver@scpet.si\">sonja.zver@scpet.si<\/a><\/td>\n<\/tr>\n<tr>\n<td width=\"170\">\u017dagar Gregor<\/td>\n<td width=\"132\">EKT,\u00a0TEK<\/td>\n<td width=\"111\">SRE 9.00-9.45<\/td>\n<td width=\"238\"><a href=\"mailto:gregor.zagar@scpet.si\">gregor.zagar@scpet.si<\/a><\/td>\n<\/tr>\n<tr>\n<td width=\"170\">\u017detko\u00a0Katarina\u00a0Dea<\/td>\n<td width=\"132\">EKT,\u00a0TEK<\/td>\n<td width=\"111\">ODSOTNOST<\/td>\n<td width=\"238\"><a href=\"mailto:katarinadea.zetko@scpet.si\">katarinadea.zetko@scpet.si<\/a><\/td>\n<\/tr>\n<tr>\n<td width=\"170\">\u017di\u017eek Iztok<\/td>\n<td width=\"132\">EKT,\u00a0TEK<\/td>\n<td width=\"111\">PON 10.50-11.35<\/td>\n<td width=\"238\"><a href=\"mailto:iztok.zizek@scpet.si\">iztok.zizek@scpet.si<\/a><\/td>\n<\/tr>\n<\/tbody>\n<\/table>\n<\/div><div class=\"fusion-clearfix\"><\/div><\/div><\/div><\/div><\/div><\/p>\n","protected":false},"excerpt":{"rendered":"","protected":false},"author":5,"featured_media":0,"parent":0,"menu_order":0,"comment_status":"closed","ping_status":"closed","template":"100-width.php","meta":{"_mi_skip_tracking":false,"_exactmetrics_sitenote_active":false,"_exactmetrics_sitenote_note":"","_exactmetrics_sitenote_category":0},"yoast_head":"<!-- This site is optimized with the Yoast SEO plugin v20.8 - https:\/\/yoast.com\/wordpress\/plugins\/seo\/ -->\n<title>Govorilne ure Copy - SREDNJA TEHNI\u0160KA IN STROKOVNA \u0160OLA<\/title>\n<meta name=\"description\" content=\"Skupne in tedenske govorilne ure na srednji \u0161oli za star\u0161e v \u0161olskem letu 2021\/2022. Linki na Zoom povezave govorilnih ur\" \/>\n<meta name=\"robots\" content=\"index, follow, max-snippet:-1, max-image-preview:large, max-video-preview:-1\" \/>\n<link rel=\"canonical\" href=\"https:\/\/www.scpet.si\/srednja-tehniska-in-strokovna-sola\/govorilne-ure-copy\/\" \/>\n<meta property=\"og:locale\" content=\"sl_SI\" \/>\n<meta property=\"og:type\" content=\"article\" \/>\n<meta property=\"og:title\" content=\"Govorilne ure Copy - SREDNJA TEHNI\u0160KA IN STROKOVNA \u0160OLA\" \/>\n<meta property=\"og:description\" content=\"Skupne in tedenske govorilne ure na srednji \u0161oli za star\u0161e v \u0161olskem letu 2021\/2022. Linki na Zoom povezave govorilnih ur\" \/>\n<meta property=\"og:url\" content=\"https:\/\/www.scpet.si\/srednja-tehniska-in-strokovna-sola\/govorilne-ure-copy\/\" \/>\n<meta property=\"og:site_name\" content=\"SREDNJA TEHNI\u0160KA IN STROKOVNA \u0160OLA\" \/>\n<meta property=\"article:modified_time\" content=\"2024-01-31T09:31:23+00:00\" \/>\n<meta name=\"twitter:card\" content=\"summary_large_image\" \/>\n<meta name=\"twitter:label1\" content=\"Est. reading time\" \/>\n\t<meta name=\"twitter:data1\" content=\"4 minute\" \/>\n<script type=\"application\/ld+json\" class=\"yoast-schema-graph\">{\"@context\":\"https:\/\/schema.org\",\"@graph\":[{\"@type\":\"WebPage\",\"@id\":\"https:\/\/www.scpet.si\/srednja-tehniska-in-strokovna-sola\/govorilne-ure-copy\/\",\"url\":\"https:\/\/www.scpet.si\/srednja-tehniska-in-strokovna-sola\/govorilne-ure-copy\/\",\"name\":\"Govorilne ure Copy - SREDNJA TEHNI\u0160KA IN STROKOVNA \u0160OLA\",\"isPartOf\":{\"@id\":\"https:\/\/www.scpet.si\/srednja-tehniska-in-strokovna-sola\/#website\"},\"datePublished\":\"2023-09-05T13:05:29+00:00\",\"dateModified\":\"2024-01-31T09:31:23+00:00\",\"description\":\"Skupne in tedenske govorilne ure na srednji \u0161oli za star\u0161e v \u0161olskem letu 2021\/2022. Linki na Zoom povezave govorilnih ur\",\"breadcrumb\":{\"@id\":\"https:\/\/www.scpet.si\/srednja-tehniska-in-strokovna-sola\/govorilne-ure-copy\/#breadcrumb\"},\"inLanguage\":\"sl-SI\",\"potentialAction\":[{\"@type\":\"ReadAction\",\"target\":[\"https:\/\/www.scpet.si\/srednja-tehniska-in-strokovna-sola\/govorilne-ure-copy\/\"]}]},{\"@type\":\"BreadcrumbList\",\"@id\":\"https:\/\/www.scpet.si\/srednja-tehniska-in-strokovna-sola\/govorilne-ure-copy\/#breadcrumb\",\"itemListElement\":[{\"@type\":\"ListItem\",\"position\":1,\"name\":\"Home\",\"item\":\"https:\/\/www.scpet.si\/srednja-tehniska-in-strokovna-sola\/\"},{\"@type\":\"ListItem\",\"position\":2,\"name\":\"Govorilne ure Copy\"}]},{\"@type\":\"WebSite\",\"@id\":\"https:\/\/www.scpet.si\/srednja-tehniska-in-strokovna-sola\/#website\",\"url\":\"https:\/\/www.scpet.si\/srednja-tehniska-in-strokovna-sola\/\",\"name\":\"SREDNJA TEHNI\u0160KA IN STROKOVNA \u0160OLA\",\"description\":\"Just another \u0160C PET Sites site\",\"potentialAction\":[{\"@type\":\"SearchAction\",\"target\":{\"@type\":\"EntryPoint\",\"urlTemplate\":\"https:\/\/www.scpet.si\/srednja-tehniska-in-strokovna-sola\/?s={search_term_string}\"},\"query-input\":\"required name=search_term_string\"}],\"inLanguage\":\"sl-SI\"}]}<\/script>\n<!-- \/ Yoast SEO plugin. -->","yoast_head_json":{"title":"Govorilne ure Copy - SREDNJA TEHNI\u0160KA IN STROKOVNA \u0160OLA","description":"Skupne in tedenske govorilne ure na srednji \u0161oli za star\u0161e v \u0161olskem letu 2021\/2022. Linki na Zoom povezave govorilnih ur","robots":{"index":"index","follow":"follow","max-snippet":"max-snippet:-1","max-image-preview":"max-image-preview:large","max-video-preview":"max-video-preview:-1"},"canonical":"https:\/\/www.scpet.si\/srednja-tehniska-in-strokovna-sola\/govorilne-ure-copy\/","og_locale":"sl_SI","og_type":"article","og_title":"Govorilne ure Copy - SREDNJA TEHNI\u0160KA IN STROKOVNA \u0160OLA","og_description":"Skupne in tedenske govorilne ure na srednji \u0161oli za star\u0161e v \u0161olskem letu 2021\/2022. Linki na Zoom povezave govorilnih ur","og_url":"https:\/\/www.scpet.si\/srednja-tehniska-in-strokovna-sola\/govorilne-ure-copy\/","og_site_name":"SREDNJA TEHNI\u0160KA IN STROKOVNA \u0160OLA","article_modified_time":"2024-01-31T09:31:23+00:00","twitter_card":"summary_large_image","twitter_misc":{"Est. reading time":"4 minute"},"schema":{"@context":"https:\/\/schema.org","@graph":[{"@type":"WebPage","@id":"https:\/\/www.scpet.si\/srednja-tehniska-in-strokovna-sola\/govorilne-ure-copy\/","url":"https:\/\/www.scpet.si\/srednja-tehniska-in-strokovna-sola\/govorilne-ure-copy\/","name":"Govorilne ure Copy - SREDNJA TEHNI\u0160KA IN STROKOVNA \u0160OLA","isPartOf":{"@id":"https:\/\/www.scpet.si\/srednja-tehniska-in-strokovna-sola\/#website"},"datePublished":"2023-09-05T13:05:29+00:00","dateModified":"2024-01-31T09:31:23+00:00","description":"Skupne in tedenske govorilne ure na srednji \u0161oli za star\u0161e v \u0161olskem letu 2021\/2022. Linki na Zoom povezave govorilnih ur","breadcrumb":{"@id":"https:\/\/www.scpet.si\/srednja-tehniska-in-strokovna-sola\/govorilne-ure-copy\/#breadcrumb"},"inLanguage":"sl-SI","potentialAction":[{"@type":"ReadAction","target":["https:\/\/www.scpet.si\/srednja-tehniska-in-strokovna-sola\/govorilne-ure-copy\/"]}]},{"@type":"BreadcrumbList","@id":"https:\/\/www.scpet.si\/srednja-tehniska-in-strokovna-sola\/govorilne-ure-copy\/#breadcrumb","itemListElement":[{"@type":"ListItem","position":1,"name":"Home","item":"https:\/\/www.scpet.si\/srednja-tehniska-in-strokovna-sola\/"},{"@type":"ListItem","position":2,"name":"Govorilne ure Copy"}]},{"@type":"WebSite","@id":"https:\/\/www.scpet.si\/srednja-tehniska-in-strokovna-sola\/#website","url":"https:\/\/www.scpet.si\/srednja-tehniska-in-strokovna-sola\/","name":"SREDNJA TEHNI\u0160KA IN STROKOVNA \u0160OLA","description":"Just another \u0160C PET Sites site","potentialAction":[{"@type":"SearchAction","target":{"@type":"EntryPoint","urlTemplate":"https:\/\/www.scpet.si\/srednja-tehniska-in-strokovna-sola\/?s={search_term_string}"},"query-input":"required name=search_term_string"}],"inLanguage":"sl-SI"}]}},"_links":{"self":[{"href":"https:\/\/www.scpet.si\/srednja-tehniska-in-strokovna-sola\/wp-json\/wp\/v2\/pages\/2828"}],"collection":[{"href":"https:\/\/www.scpet.si\/srednja-tehniska-in-strokovna-sola\/wp-json\/wp\/v2\/pages"}],"about":[{"href":"https:\/\/www.scpet.si\/srednja-tehniska-in-strokovna-sola\/wp-json\/wp\/v2\/types\/page"}],"author":[{"embeddable":true,"href":"https:\/\/www.scpet.si\/srednja-tehniska-in-strokovna-sola\/wp-json\/wp\/v2\/users\/5"}],"replies":[{"embeddable":true,"href":"https:\/\/www.scpet.si\/srednja-tehniska-in-strokovna-sola\/wp-json\/wp\/v2\/comments?post=2828"}],"version-history":[{"count":0,"href":"https:\/\/www.scpet.si\/srednja-tehniska-in-strokovna-sola\/wp-json\/wp\/v2\/pages\/2828\/revisions"}],"wp:attachment":[{"href":"https:\/\/www.scpet.si\/srednja-tehniska-in-strokovna-sola\/wp-json\/wp\/v2\/media?parent=2828"}],"curies":[{"name":"wp","href":"https:\/\/api.w.org\/{rel}","templated":true}]}}