{"id":304,"date":"2019-11-27T15:12:31","date_gmt":"2019-11-27T14:12:31","guid":{"rendered":"https:\/\/nova.scpet.si\/srednja-tehniska-in-strokovna-sola\/solska-svetovalna-sluzba\/svetovanje-copy\/"},"modified":"2024-05-15T10:50:26","modified_gmt":"2024-05-15T08:50:26","slug":"kontakt","status":"publish","type":"page","link":"https:\/\/www.scpet.si\/srednja-tehniska-in-strokovna-sola\/kontakt\/","title":{"rendered":"Kontakt"},"content":{"rendered":"<div class=\"fusion-fullwidth fullwidth-box fusion-builder-row-1 nonhundred-percent-fullwidth non-hundred-percent-height-scrolling\" style=\"background-color: rgba(255,255,255,0);background-position: center center;background-repeat: no-repeat;padding-top:0px;padding-right:0px;padding-bottom:0px;padding-left:0px;margin-bottom: 0px;margin-top: 0px;border-width: 0px 0px 0px 0px;border-color:#eae9e9;border-style:solid;\" ><div class=\"fusion-builder-row fusion-row\"><div class=\"fusion-layout-column fusion_builder_column fusion-builder-column-0 fusion_builder_column_1_1 1_1 fusion-one-full fusion-column-first fusion-column-last\" style=\"margin-top:0px;margin-bottom:0px;\"><div class=\"fusion-column-wrapper fusion-flex-column-wrapper-legacy\" style=\"background-position:left top;background-repeat:no-repeat;-webkit-background-size:cover;-moz-background-size:cover;-o-background-size:cover;background-size:cover;padding: 0px 0px 0px 0px;\"><style type=\"text\/css\"><\/style><div class=\"fusion-title title fusion-title-1 fusion-sep-none fusion-title-text fusion-title-size-one\" style=\"margin-top:0px;margin-right:0px;margin-bottom:31px;margin-left:0px;\"><h1 class=\"title-heading-left\" style=\"margin:0;\"><h2>Kontakt<\/h2><\/h1><\/div><div class=\"fusion-text fusion-text-1\"><p>\u0160olska svetovalna slu\u017eba je tisto posebno mesto v \u0161oli, s katerega se vzpostavlja svetovalni odnos z vsemi udele\u017eenimi v \u0161oli. V \u0161oli se na poseben na\u010din in preko svetovalnega odnosa vklju\u010duje v procese z namenom dogovarjanja, sodelovanja, povezovanja in pobud.<\/p>\n<\/div><div class=\"fusion-sep-clear\"><\/div><div class=\"fusion-separator fusion-full-width-sep\" style=\"margin-left: auto;margin-right: auto;margin-bottom:20px;width:100%;\"><\/div><div class=\"fusion-sep-clear\"><\/div><div class=\"fusion-text fusion-text-2\"><p>Program EKONOMSKI TEHNIK (vsi razredi, razen 1.a in 4.a):<\/p>\n<p><strong>Hana Zega, <\/strong>univ. dipl. psih.<\/p>\n<p>Telefon: 01\/234 24 28<br \/>\nMobilni telefon: 051\/698 552<br \/>\nE-po\u0161ta: hana.zega@scpet.si<\/p>\n<\/div><div class=\"fusion-sep-clear\"><\/div><div class=\"fusion-separator fusion-full-width-sep\" style=\"margin-left: auto;margin-right: auto;margin-bottom:20px;width:100%;\"><\/div><div class=\"fusion-sep-clear\"><\/div><div class=\"fusion-text fusion-text-3\"><p>Program TEHNIK ELEKTORNSKIH KOMUNIKACIJ in p<span style=\"font-size: 12.0pt; font-family: 'Arial',sans-serif; color: #666666;\">rogram EKONOMSKI TEHNIK (1.a in 4.a):<\/span><\/p>\n<p><strong>Alenka Rakun, <\/strong>univ. dipl. psih.<\/p>\n<p>Telefon:\u00a0 01\/ 234 24 01<br \/>\nMobilni telefon: 051\/698 498<br \/>\nE-po\u0161ta: <a href=\"mailto:alenka.rakun@scpet.si\">alenka.rakun@scpet.si<\/a><\/p>\n<\/div><div class=\"fusion-sep-clear\"><\/div><div class=\"fusion-separator fusion-full-width-sep\" style=\"margin-left: auto;margin-right: auto;margin-bottom:20px;width:100%;\"><\/div><div class=\"fusion-sep-clear\"><\/div><div class=\"fusion-clearfix\"><\/div><\/div><\/div><\/div><\/div>\n","protected":false},"excerpt":{"rendered":"","protected":false},"author":1,"featured_media":0,"parent":0,"menu_order":0,"comment_status":"closed","ping_status":"closed","template":"100-width.php","meta":{"_mi_skip_tracking":false,"_exactmetrics_sitenote_active":false,"_exactmetrics_sitenote_note":"","_exactmetrics_sitenote_category":0},"yoast_head":"<!-- This site is optimized with the Yoast SEO plugin v20.8 - https:\/\/yoast.com\/wordpress\/plugins\/seo\/ -->\n<title>Kontakt - SREDNJA TEHNI\u0160KA IN STROKOVNA \u0160OLA<\/title>\n<meta name=\"description\" content=\"Kontakt - Srednja tehni\u0161ka in strokovna \u0161ola - \u0160olski center za po\u0161to, ekonomijo in telekomunikacije Ljubljana.\" \/>\n<meta name=\"robots\" content=\"index, follow, max-snippet:-1, max-image-preview:large, max-video-preview:-1\" \/>\n<link rel=\"canonical\" href=\"https:\/\/www.scpet.si\/srednja-tehniska-in-strokovna-sola\/kontakt\/\" \/>\n<meta property=\"og:locale\" content=\"sl_SI\" \/>\n<meta property=\"og:type\" content=\"article\" \/>\n<meta property=\"og:title\" content=\"Kontakt - SREDNJA TEHNI\u0160KA IN STROKOVNA \u0160OLA\" \/>\n<meta property=\"og:description\" content=\"Kontakt - Srednja tehni\u0161ka in strokovna \u0161ola - \u0160olski center za po\u0161to, ekonomijo in telekomunikacije Ljubljana.\" \/>\n<meta property=\"og:url\" content=\"https:\/\/www.scpet.si\/srednja-tehniska-in-strokovna-sola\/kontakt\/\" \/>\n<meta property=\"og:site_name\" content=\"SREDNJA TEHNI\u0160KA IN STROKOVNA \u0160OLA\" \/>\n<meta property=\"article:modified_time\" content=\"2024-05-15T08:50:26+00:00\" \/>\n<meta name=\"twitter:card\" content=\"summary_large_image\" \/>\n<meta name=\"twitter:label1\" content=\"Est. reading time\" \/>\n\t<meta name=\"twitter:data1\" content=\"4 minute\" \/>\n<script type=\"application\/ld+json\" class=\"yoast-schema-graph\">{\"@context\":\"https:\/\/schema.org\",\"@graph\":[{\"@type\":\"WebPage\",\"@id\":\"https:\/\/www.scpet.si\/srednja-tehniska-in-strokovna-sola\/kontakt\/\",\"url\":\"https:\/\/www.scpet.si\/srednja-tehniska-in-strokovna-sola\/kontakt\/\",\"name\":\"Kontakt - SREDNJA TEHNI\u0160KA IN STROKOVNA \u0160OLA\",\"isPartOf\":{\"@id\":\"https:\/\/www.scpet.si\/srednja-tehniska-in-strokovna-sola\/#website\"},\"datePublished\":\"2019-11-27T14:12:31+00:00\",\"dateModified\":\"2024-05-15T08:50:26+00:00\",\"description\":\"Kontakt - Srednja tehni\u0161ka in strokovna \u0161ola - \u0160olski center za po\u0161to, ekonomijo in telekomunikacije Ljubljana.\",\"breadcrumb\":{\"@id\":\"https:\/\/www.scpet.si\/srednja-tehniska-in-strokovna-sola\/kontakt\/#breadcrumb\"},\"inLanguage\":\"sl-SI\",\"potentialAction\":[{\"@type\":\"ReadAction\",\"target\":[\"https:\/\/www.scpet.si\/srednja-tehniska-in-strokovna-sola\/kontakt\/\"]}]},{\"@type\":\"BreadcrumbList\",\"@id\":\"https:\/\/www.scpet.si\/srednja-tehniska-in-strokovna-sola\/kontakt\/#breadcrumb\",\"itemListElement\":[{\"@type\":\"ListItem\",\"position\":1,\"name\":\"Home\",\"item\":\"https:\/\/www.scpet.si\/srednja-tehniska-in-strokovna-sola\/\"},{\"@type\":\"ListItem\",\"position\":2,\"name\":\"Kontakt\"}]},{\"@type\":\"WebSite\",\"@id\":\"https:\/\/www.scpet.si\/srednja-tehniska-in-strokovna-sola\/#website\",\"url\":\"https:\/\/www.scpet.si\/srednja-tehniska-in-strokovna-sola\/\",\"name\":\"SREDNJA TEHNI\u0160KA IN STROKOVNA \u0160OLA\",\"description\":\"Just another \u0160C PET Sites site\",\"potentialAction\":[{\"@type\":\"SearchAction\",\"target\":{\"@type\":\"EntryPoint\",\"urlTemplate\":\"https:\/\/www.scpet.si\/srednja-tehniska-in-strokovna-sola\/?s={search_term_string}\"},\"query-input\":\"required name=search_term_string\"}],\"inLanguage\":\"sl-SI\"}]}<\/script>\n<!-- \/ Yoast SEO plugin. -->","yoast_head_json":{"title":"Kontakt - SREDNJA TEHNI\u0160KA IN STROKOVNA \u0160OLA","description":"Kontakt - Srednja tehni\u0161ka in strokovna \u0161ola - \u0160olski center za po\u0161to, ekonomijo in telekomunikacije Ljubljana.","robots":{"index":"index","follow":"follow","max-snippet":"max-snippet:-1","max-image-preview":"max-image-preview:large","max-video-preview":"max-video-preview:-1"},"canonical":"https:\/\/www.scpet.si\/srednja-tehniska-in-strokovna-sola\/kontakt\/","og_locale":"sl_SI","og_type":"article","og_title":"Kontakt - SREDNJA TEHNI\u0160KA IN STROKOVNA \u0160OLA","og_description":"Kontakt - Srednja tehni\u0161ka in strokovna \u0161ola - \u0160olski center za po\u0161to, ekonomijo in telekomunikacije Ljubljana.","og_url":"https:\/\/www.scpet.si\/srednja-tehniska-in-strokovna-sola\/kontakt\/","og_site_name":"SREDNJA TEHNI\u0160KA IN STROKOVNA \u0160OLA","article_modified_time":"2024-05-15T08:50:26+00:00","twitter_card":"summary_large_image","twitter_misc":{"Est. reading time":"4 minute"},"schema":{"@context":"https:\/\/schema.org","@graph":[{"@type":"WebPage","@id":"https:\/\/www.scpet.si\/srednja-tehniska-in-strokovna-sola\/kontakt\/","url":"https:\/\/www.scpet.si\/srednja-tehniska-in-strokovna-sola\/kontakt\/","name":"Kontakt - SREDNJA TEHNI\u0160KA IN STROKOVNA \u0160OLA","isPartOf":{"@id":"https:\/\/www.scpet.si\/srednja-tehniska-in-strokovna-sola\/#website"},"datePublished":"2019-11-27T14:12:31+00:00","dateModified":"2024-05-15T08:50:26+00:00","description":"Kontakt - Srednja tehni\u0161ka in strokovna \u0161ola - \u0160olski center za po\u0161to, ekonomijo in telekomunikacije Ljubljana.","breadcrumb":{"@id":"https:\/\/www.scpet.si\/srednja-tehniska-in-strokovna-sola\/kontakt\/#breadcrumb"},"inLanguage":"sl-SI","potentialAction":[{"@type":"ReadAction","target":["https:\/\/www.scpet.si\/srednja-tehniska-in-strokovna-sola\/kontakt\/"]}]},{"@type":"BreadcrumbList","@id":"https:\/\/www.scpet.si\/srednja-tehniska-in-strokovna-sola\/kontakt\/#breadcrumb","itemListElement":[{"@type":"ListItem","position":1,"name":"Home","item":"https:\/\/www.scpet.si\/srednja-tehniska-in-strokovna-sola\/"},{"@type":"ListItem","position":2,"name":"Kontakt"}]},{"@type":"WebSite","@id":"https:\/\/www.scpet.si\/srednja-tehniska-in-strokovna-sola\/#website","url":"https:\/\/www.scpet.si\/srednja-tehniska-in-strokovna-sola\/","name":"SREDNJA TEHNI\u0160KA IN STROKOVNA \u0160OLA","description":"Just another \u0160C PET Sites site","potentialAction":[{"@type":"SearchAction","target":{"@type":"EntryPoint","urlTemplate":"https:\/\/www.scpet.si\/srednja-tehniska-in-strokovna-sola\/?s={search_term_string}"},"query-input":"required name=search_term_string"}],"inLanguage":"sl-SI"}]}},"_links":{"self":[{"href":"https:\/\/www.scpet.si\/srednja-tehniska-in-strokovna-sola\/wp-json\/wp\/v2\/pages\/304"}],"collection":[{"href":"https:\/\/www.scpet.si\/srednja-tehniska-in-strokovna-sola\/wp-json\/wp\/v2\/pages"}],"about":[{"href":"https:\/\/www.scpet.si\/srednja-tehniska-in-strokovna-sola\/wp-json\/wp\/v2\/types\/page"}],"author":[{"embeddable":true,"href":"https:\/\/www.scpet.si\/srednja-tehniska-in-strokovna-sola\/wp-json\/wp\/v2\/users\/1"}],"replies":[{"embeddable":true,"href":"https:\/\/www.scpet.si\/srednja-tehniska-in-strokovna-sola\/wp-json\/wp\/v2\/comments?post=304"}],"version-history":[{"count":0,"href":"https:\/\/www.scpet.si\/srednja-tehniska-in-strokovna-sola\/wp-json\/wp\/v2\/pages\/304\/revisions"}],"wp:attachment":[{"href":"https:\/\/www.scpet.si\/srednja-tehniska-in-strokovna-sola\/wp-json\/wp\/v2\/media?parent=304"}],"curies":[{"name":"wp","href":"https:\/\/api.w.org\/{rel}","templated":true}]}}