{"id":309,"date":"2019-11-27T15:39:46","date_gmt":"2019-11-27T14:39:46","guid":{"rendered":"https:\/\/nova.scpet.si\/srednja-tehniska-in-strokovna-sola\/solska-svetovalna-sluzba\/nadaljevanje-studija-copy\/"},"modified":"2022-08-08T12:50:22","modified_gmt":"2022-08-08T10:50:22","slug":"dijaki-s-posebnimi-potrebami","status":"publish","type":"page","link":"https:\/\/www.scpet.si\/srednja-tehniska-in-strokovna-sola\/dijaki-s-posebnimi-potrebami\/","title":{"rendered":"Dijaki s posebnimi potrebami"},"content":{"rendered":"<div class=\"fusion-fullwidth fullwidth-box fusion-builder-row-1 nonhundred-percent-fullwidth non-hundred-percent-height-scrolling\" style=\"background-color: rgba(255,255,255,0);background-position: center center;background-repeat: no-repeat;padding-top:0px;padding-right:0px;padding-bottom:0px;padding-left:0px;margin-bottom: 0px;margin-top: 0px;border-width: 0px 0px 0px 0px;border-color:#eae9e9;border-style:solid;\" ><div class=\"fusion-builder-row fusion-row\"><div class=\"fusion-layout-column fusion_builder_column fusion-builder-column-0 fusion_builder_column_1_1 1_1 fusion-one-full fusion-column-first fusion-column-last\" style=\"margin-top:0px;margin-bottom:0px;\"><div class=\"fusion-column-wrapper fusion-flex-column-wrapper-legacy\" style=\"background-position:left top;background-repeat:no-repeat;-webkit-background-size:cover;-moz-background-size:cover;-o-background-size:cover;background-size:cover;padding: 0px 0px 0px 0px;\"><style type=\"text\/css\"><\/style><div class=\"fusion-title title fusion-title-1 fusion-sep-none fusion-title-text fusion-title-size-one\" style=\"margin-top:0px;margin-right:0px;margin-bottom:31px;margin-left:0px;\"><h1 class=\"title-heading-left\" style=\"margin:0;\"><h2>Dijaki s posebnimi potrebami<\/h2><\/h1><\/div><div class=\"fusion-text fusion-text-1\"><p>Po zakonodaji lahko pridobijo status dijaka s posebnimi potrebami:<\/p>\n<ul>\n<li>otroci z motnjami v du\u0161evnem razvoju<\/li>\n<li>gluhi in naglu\u0161ni<\/li>\n<li>slepi in slabovidni<\/li>\n<li>z govorno-jezikovnimi motnjami<\/li>\n<li>gibalno ovirani otroci<\/li>\n<li>otroci s primanjkljaji na posameznih podro\u010djih u\u010denja<\/li>\n<li>dolgotrajno bolni otroci<\/li>\n<li>otroci s \u010dustvenimi in z vedenjskimi motnjami<\/li>\n<li>otroci z avtisti\u010dnimi motnjami<\/li>\n<li>otroci z ve\u010d motnjami<\/li>\n<\/ul>\n<p>Podrobnosti so zapisane na spletni strani Zavoda za \u0161olstvo, kjer je opisan tudi postopek pridobitve statusa:<\/p>\n<p><a href=\"https:\/\/www.zrss.si\/o-nas\/usmerjanje-otrok-s-pp\">https:\/\/www.zrss.si\/o-nas\/usmerjanje-otrok-s-pp<\/a><\/p>\n<p><strong>Prenos odlo\u010dbe v srednje\u0161olsko izobra\u017eevanje<\/strong><\/p>\n<p>Za prenos odlo\u010dbe v srednje\u0161olsko izobra\u017eevanje je treba na Zavodu RS za \u0161olstvo vlo\u017eiti Zahtevo za spremembo odlo\u010dbe o usmeritvi, ki je dostopna na povezavi <a href=\"https:\/\/www.zrss.si\/gradiva\/obrazci-poupp\/\">https:\/\/www.zrss.si\/gradiva\/obrazci-poupp\/.<\/a><\/p>\n<\/div><div class=\"fusion-clearfix\"><\/div><\/div><\/div><\/div><\/div>\n","protected":false},"excerpt":{"rendered":"","protected":false},"author":1,"featured_media":0,"parent":0,"menu_order":0,"comment_status":"closed","ping_status":"closed","template":"100-width.php","meta":{"_mi_skip_tracking":false,"_exactmetrics_sitenote_active":false,"_exactmetrics_sitenote_note":"","_exactmetrics_sitenote_category":0},"yoast_head":"<!-- This site is optimized with the Yoast SEO plugin v20.8 - https:\/\/yoast.com\/wordpress\/plugins\/seo\/ -->\n<title>Dijaki s posebnimi potrebami - SREDNJA TEHNI\u0160KA IN STROKOVNA \u0160OLA<\/title>\n<meta name=\"description\" content=\"Na srednji \u0161oli lahko dijaki s posebnimi potrebami pridobijo status. Podrobnosti glede pridobitve statusa.\" \/>\n<meta name=\"robots\" content=\"index, follow, max-snippet:-1, max-image-preview:large, max-video-preview:-1\" \/>\n<link rel=\"canonical\" href=\"https:\/\/www.scpet.si\/srednja-tehniska-in-strokovna-sola\/dijaki-s-posebnimi-potrebami\/\" \/>\n<meta property=\"og:locale\" content=\"sl_SI\" \/>\n<meta property=\"og:type\" content=\"article\" \/>\n<meta property=\"og:title\" content=\"Dijaki s posebnimi potrebami - SREDNJA TEHNI\u0160KA IN STROKOVNA \u0160OLA\" \/>\n<meta property=\"og:description\" content=\"Na srednji \u0161oli lahko dijaki s posebnimi potrebami pridobijo status. Podrobnosti glede pridobitve statusa.\" \/>\n<meta property=\"og:url\" content=\"https:\/\/www.scpet.si\/srednja-tehniska-in-strokovna-sola\/dijaki-s-posebnimi-potrebami\/\" \/>\n<meta property=\"og:site_name\" content=\"SREDNJA TEHNI\u0160KA IN STROKOVNA \u0160OLA\" \/>\n<meta property=\"article:modified_time\" content=\"2022-08-08T10:50:22+00:00\" \/>\n<meta name=\"twitter:card\" content=\"summary_large_image\" \/>\n<meta name=\"twitter:label1\" content=\"Est. reading time\" \/>\n\t<meta name=\"twitter:data1\" content=\"1 minuta\" \/>\n<script type=\"application\/ld+json\" class=\"yoast-schema-graph\">{\"@context\":\"https:\/\/schema.org\",\"@graph\":[{\"@type\":\"WebPage\",\"@id\":\"https:\/\/www.scpet.si\/srednja-tehniska-in-strokovna-sola\/dijaki-s-posebnimi-potrebami\/\",\"url\":\"https:\/\/www.scpet.si\/srednja-tehniska-in-strokovna-sola\/dijaki-s-posebnimi-potrebami\/\",\"name\":\"Dijaki s posebnimi potrebami - SREDNJA TEHNI\u0160KA IN STROKOVNA \u0160OLA\",\"isPartOf\":{\"@id\":\"https:\/\/www.scpet.si\/srednja-tehniska-in-strokovna-sola\/#website\"},\"datePublished\":\"2019-11-27T14:39:46+00:00\",\"dateModified\":\"2022-08-08T10:50:22+00:00\",\"description\":\"Na srednji \u0161oli lahko dijaki s posebnimi potrebami pridobijo status. Podrobnosti glede pridobitve statusa.\",\"breadcrumb\":{\"@id\":\"https:\/\/www.scpet.si\/srednja-tehniska-in-strokovna-sola\/dijaki-s-posebnimi-potrebami\/#breadcrumb\"},\"inLanguage\":\"sl-SI\",\"potentialAction\":[{\"@type\":\"ReadAction\",\"target\":[\"https:\/\/www.scpet.si\/srednja-tehniska-in-strokovna-sola\/dijaki-s-posebnimi-potrebami\/\"]}]},{\"@type\":\"BreadcrumbList\",\"@id\":\"https:\/\/www.scpet.si\/srednja-tehniska-in-strokovna-sola\/dijaki-s-posebnimi-potrebami\/#breadcrumb\",\"itemListElement\":[{\"@type\":\"ListItem\",\"position\":1,\"name\":\"Home\",\"item\":\"https:\/\/www.scpet.si\/srednja-tehniska-in-strokovna-sola\/\"},{\"@type\":\"ListItem\",\"position\":2,\"name\":\"Dijaki s posebnimi potrebami\"}]},{\"@type\":\"WebSite\",\"@id\":\"https:\/\/www.scpet.si\/srednja-tehniska-in-strokovna-sola\/#website\",\"url\":\"https:\/\/www.scpet.si\/srednja-tehniska-in-strokovna-sola\/\",\"name\":\"SREDNJA TEHNI\u0160KA IN STROKOVNA \u0160OLA\",\"description\":\"Just another \u0160C PET Sites site\",\"potentialAction\":[{\"@type\":\"SearchAction\",\"target\":{\"@type\":\"EntryPoint\",\"urlTemplate\":\"https:\/\/www.scpet.si\/srednja-tehniska-in-strokovna-sola\/?s={search_term_string}\"},\"query-input\":\"required name=search_term_string\"}],\"inLanguage\":\"sl-SI\"}]}<\/script>\n<!-- \/ Yoast SEO plugin. -->","yoast_head_json":{"title":"Dijaki s posebnimi potrebami - SREDNJA TEHNI\u0160KA IN STROKOVNA \u0160OLA","description":"Na srednji \u0161oli lahko dijaki s posebnimi potrebami pridobijo status. Podrobnosti glede pridobitve statusa.","robots":{"index":"index","follow":"follow","max-snippet":"max-snippet:-1","max-image-preview":"max-image-preview:large","max-video-preview":"max-video-preview:-1"},"canonical":"https:\/\/www.scpet.si\/srednja-tehniska-in-strokovna-sola\/dijaki-s-posebnimi-potrebami\/","og_locale":"sl_SI","og_type":"article","og_title":"Dijaki s posebnimi potrebami - SREDNJA TEHNI\u0160KA IN STROKOVNA \u0160OLA","og_description":"Na srednji \u0161oli lahko dijaki s posebnimi potrebami pridobijo status. Podrobnosti glede pridobitve statusa.","og_url":"https:\/\/www.scpet.si\/srednja-tehniska-in-strokovna-sola\/dijaki-s-posebnimi-potrebami\/","og_site_name":"SREDNJA TEHNI\u0160KA IN STROKOVNA \u0160OLA","article_modified_time":"2022-08-08T10:50:22+00:00","twitter_card":"summary_large_image","twitter_misc":{"Est. reading time":"1 minuta"},"schema":{"@context":"https:\/\/schema.org","@graph":[{"@type":"WebPage","@id":"https:\/\/www.scpet.si\/srednja-tehniska-in-strokovna-sola\/dijaki-s-posebnimi-potrebami\/","url":"https:\/\/www.scpet.si\/srednja-tehniska-in-strokovna-sola\/dijaki-s-posebnimi-potrebami\/","name":"Dijaki s posebnimi potrebami - SREDNJA TEHNI\u0160KA IN STROKOVNA \u0160OLA","isPartOf":{"@id":"https:\/\/www.scpet.si\/srednja-tehniska-in-strokovna-sola\/#website"},"datePublished":"2019-11-27T14:39:46+00:00","dateModified":"2022-08-08T10:50:22+00:00","description":"Na srednji \u0161oli lahko dijaki s posebnimi potrebami pridobijo status. Podrobnosti glede pridobitve statusa.","breadcrumb":{"@id":"https:\/\/www.scpet.si\/srednja-tehniska-in-strokovna-sola\/dijaki-s-posebnimi-potrebami\/#breadcrumb"},"inLanguage":"sl-SI","potentialAction":[{"@type":"ReadAction","target":["https:\/\/www.scpet.si\/srednja-tehniska-in-strokovna-sola\/dijaki-s-posebnimi-potrebami\/"]}]},{"@type":"BreadcrumbList","@id":"https:\/\/www.scpet.si\/srednja-tehniska-in-strokovna-sola\/dijaki-s-posebnimi-potrebami\/#breadcrumb","itemListElement":[{"@type":"ListItem","position":1,"name":"Home","item":"https:\/\/www.scpet.si\/srednja-tehniska-in-strokovna-sola\/"},{"@type":"ListItem","position":2,"name":"Dijaki s posebnimi potrebami"}]},{"@type":"WebSite","@id":"https:\/\/www.scpet.si\/srednja-tehniska-in-strokovna-sola\/#website","url":"https:\/\/www.scpet.si\/srednja-tehniska-in-strokovna-sola\/","name":"SREDNJA TEHNI\u0160KA IN STROKOVNA \u0160OLA","description":"Just another \u0160C PET Sites site","potentialAction":[{"@type":"SearchAction","target":{"@type":"EntryPoint","urlTemplate":"https:\/\/www.scpet.si\/srednja-tehniska-in-strokovna-sola\/?s={search_term_string}"},"query-input":"required name=search_term_string"}],"inLanguage":"sl-SI"}]}},"_links":{"self":[{"href":"https:\/\/www.scpet.si\/srednja-tehniska-in-strokovna-sola\/wp-json\/wp\/v2\/pages\/309"}],"collection":[{"href":"https:\/\/www.scpet.si\/srednja-tehniska-in-strokovna-sola\/wp-json\/wp\/v2\/pages"}],"about":[{"href":"https:\/\/www.scpet.si\/srednja-tehniska-in-strokovna-sola\/wp-json\/wp\/v2\/types\/page"}],"author":[{"embeddable":true,"href":"https:\/\/www.scpet.si\/srednja-tehniska-in-strokovna-sola\/wp-json\/wp\/v2\/users\/1"}],"replies":[{"embeddable":true,"href":"https:\/\/www.scpet.si\/srednja-tehniska-in-strokovna-sola\/wp-json\/wp\/v2\/comments?post=309"}],"version-history":[{"count":0,"href":"https:\/\/www.scpet.si\/srednja-tehniska-in-strokovna-sola\/wp-json\/wp\/v2\/pages\/309\/revisions"}],"wp:attachment":[{"href":"https:\/\/www.scpet.si\/srednja-tehniska-in-strokovna-sola\/wp-json\/wp\/v2\/media?parent=309"}],"curies":[{"name":"wp","href":"https:\/\/api.w.org\/{rel}","templated":true}]}}