{"id":338,"date":"2019-12-20T09:06:34","date_gmt":"2019-12-20T08:06:34","guid":{"rendered":"https:\/\/nova.scpet.si\/srednja-tehniska-in-strokovna-sola\/sportni-oddelki-copy\/"},"modified":"2024-01-19T12:07:55","modified_gmt":"2024-01-19T11:07:55","slug":"vizija-dela-v-so","status":"publish","type":"page","link":"https:\/\/www.scpet.si\/srednja-tehniska-in-strokovna-sola\/oddelki-z-dijaki-sportniki\/vizija-dela-v-so\/","title":{"rendered":"Vizija dela v \u0160O"},"content":{"rendered":"<div class=\"fusion-fullwidth fullwidth-box fusion-builder-row-1 nonhundred-percent-fullwidth non-hundred-percent-height-scrolling\" style=\"background-color: rgba(255,255,255,0);background-position: center center;background-repeat: no-repeat;padding-top:0px;padding-right:0px;padding-bottom:0px;padding-left:0px;margin-bottom: 0px;margin-top: 0px;border-width: 0px 0px 0px 0px;border-color:#eae9e9;border-style:solid;\" ><div class=\"fusion-builder-row fusion-row\"><div class=\"fusion-layout-column fusion_builder_column fusion-builder-column-0 fusion_builder_column_1_1 1_1 fusion-one-full fusion-column-first fusion-column-last\" style=\"margin-top:0px;margin-bottom:0px;\"><div class=\"fusion-column-wrapper fusion-flex-column-wrapper-legacy\" style=\"background-position:left top;background-repeat:no-repeat;-webkit-background-size:cover;-moz-background-size:cover;-o-background-size:cover;background-size:cover;padding: 0px 0px 0px 0px;\"><style type=\"text\/css\"><\/style><div class=\"fusion-title title fusion-title-1 fusion-sep-none fusion-title-text fusion-title-size-one\" style=\"margin-top:0px;margin-right:0px;margin-bottom:31px;margin-left:0px;\"><h1 class=\"title-heading-left\" style=\"margin:0;\"><p>Vizija dela v \u0160O<\/p>\n<div class=\"fusion-sep-clear\"><\/div><div class=\"fusion-separator fusion-full-width-sep\" style=\"margin-left: auto;margin-right: auto;width:100%;\"><div class=\"fusion-separator-border sep-single sep-solid\" style=\"border-color:#03a9f4;border-top-width:1px;\"><\/div><\/div><div class=\"fusion-sep-clear\"><\/div><\/h1><\/div><div class=\"fusion-text fusion-text-1\"><p>Na\u0161 osnovni namen in vodilo pri razvoju in ustanovitvi \u0161portnih oddelkov na srednji tehni\u010dni in strokovni \u0161oli \u0160C PET Ljubljana je \u017eelja, da \u0161ola mladega \u010dloveka ne odvrne od \u0161porta, in na drugi strani, da udejstvovanje v \u0161portu ni razlog za slab\u0161i u\u010dni uspeh.<\/p>\n<p>\u0160portni oddelki so uvedeni z namenom, da mladim \u0161portnikom omogo\u010dimo hkratno pridobivanje srednje\u0161olske izobrazbe in uspe\u0161no napredovanje v \u0161portu. Pri tem sledimo splo\u0161nim, pedago\u0161kim in \u0161portnim ciljem, to je <strong>\u0160OLA IN \u0160PORT Z ROKO V ROKI<\/strong>.<\/p>\n<p>Dijaki pridobijo status \u0161portnika na osnovi Pravilnika in kriterijev, ki sta ga oblikovala Ministrstvo za izobra\u017eevanje, znanost in \u0161port ter Olimpijski komite Slovenije &#8211; Zdru\u017eenje \u0161portnih zvez.<\/p>\n<p>Na programu ekonomski tehnik imamo <strong>oddelke z dijaki \u0161portnik<\/strong>i.<\/p>\n<p>V \u0161olskem letu 2022\/2023 smo prejeli <strong>ZLATO PLAKETO NAJ \u0160PORTNE \u0160OLE<\/strong>.<\/p>\n<\/div><div class=\"fusion-clearfix\"><\/div><\/div><\/div><\/div><\/div>\n","protected":false},"excerpt":{"rendered":"","protected":false},"author":5,"featured_media":0,"parent":328,"menu_order":0,"comment_status":"closed","ping_status":"closed","template":"","meta":{"_mi_skip_tracking":false,"_exactmetrics_sitenote_active":false,"_exactmetrics_sitenote_note":"","_exactmetrics_sitenote_category":0},"yoast_head":"<!-- This site is optimized with the Yoast SEO plugin v20.8 - https:\/\/yoast.com\/wordpress\/plugins\/seo\/ -->\n<title>Vizija dela v \u0160O - SREDNJA TEHNI\u0160KA IN STROKOVNA \u0160OLA<\/title>\n<meta name=\"description\" content=\"Vizija dela v \u0160O - Srednja tehni\u0161ka in strokovna \u0161ola - \u0160olski center za po\u0161to, ekonomijo in telekomunikacije Ljubljana - \u0160C PET.\" \/>\n<meta name=\"robots\" content=\"index, follow, max-snippet:-1, max-image-preview:large, max-video-preview:-1\" \/>\n<link rel=\"canonical\" href=\"https:\/\/www.scpet.si\/srednja-tehniska-in-strokovna-sola\/oddelki-z-dijaki-sportniki\/vizija-dela-v-so\/\" \/>\n<meta property=\"og:locale\" content=\"sl_SI\" \/>\n<meta property=\"og:type\" content=\"article\" \/>\n<meta property=\"og:title\" content=\"Vizija dela v \u0160O - SREDNJA TEHNI\u0160KA IN STROKOVNA \u0160OLA\" \/>\n<meta property=\"og:description\" content=\"Vizija dela v \u0160O - Srednja tehni\u0161ka in strokovna \u0161ola - \u0160olski center za po\u0161to, ekonomijo in telekomunikacije Ljubljana - \u0160C PET.\" \/>\n<meta property=\"og:url\" content=\"https:\/\/www.scpet.si\/srednja-tehniska-in-strokovna-sola\/oddelki-z-dijaki-sportniki\/vizija-dela-v-so\/\" \/>\n<meta property=\"og:site_name\" content=\"SREDNJA TEHNI\u0160KA IN STROKOVNA \u0160OLA\" \/>\n<meta property=\"article:modified_time\" content=\"2024-01-19T11:07:55+00:00\" \/>\n<meta name=\"twitter:card\" content=\"summary_large_image\" \/>\n<meta name=\"twitter:label1\" content=\"Est. reading time\" \/>\n\t<meta name=\"twitter:data1\" content=\"3 minute\" \/>\n<script type=\"application\/ld+json\" class=\"yoast-schema-graph\">{\"@context\":\"https:\/\/schema.org\",\"@graph\":[{\"@type\":\"WebPage\",\"@id\":\"https:\/\/www.scpet.si\/srednja-tehniska-in-strokovna-sola\/oddelki-z-dijaki-sportniki\/vizija-dela-v-so\/\",\"url\":\"https:\/\/www.scpet.si\/srednja-tehniska-in-strokovna-sola\/oddelki-z-dijaki-sportniki\/vizija-dela-v-so\/\",\"name\":\"Vizija dela v \u0160O - SREDNJA TEHNI\u0160KA IN STROKOVNA \u0160OLA\",\"isPartOf\":{\"@id\":\"https:\/\/www.scpet.si\/srednja-tehniska-in-strokovna-sola\/#website\"},\"datePublished\":\"2019-12-20T08:06:34+00:00\",\"dateModified\":\"2024-01-19T11:07:55+00:00\",\"description\":\"Vizija dela v \u0160O - Srednja tehni\u0161ka in strokovna \u0161ola - \u0160olski center za po\u0161to, ekonomijo in telekomunikacije Ljubljana - \u0160C PET.\",\"breadcrumb\":{\"@id\":\"https:\/\/www.scpet.si\/srednja-tehniska-in-strokovna-sola\/oddelki-z-dijaki-sportniki\/vizija-dela-v-so\/#breadcrumb\"},\"inLanguage\":\"sl-SI\",\"potentialAction\":[{\"@type\":\"ReadAction\",\"target\":[\"https:\/\/www.scpet.si\/srednja-tehniska-in-strokovna-sola\/oddelki-z-dijaki-sportniki\/vizija-dela-v-so\/\"]}]},{\"@type\":\"BreadcrumbList\",\"@id\":\"https:\/\/www.scpet.si\/srednja-tehniska-in-strokovna-sola\/oddelki-z-dijaki-sportniki\/vizija-dela-v-so\/#breadcrumb\",\"itemListElement\":[{\"@type\":\"ListItem\",\"position\":1,\"name\":\"Home\",\"item\":\"https:\/\/www.scpet.si\/srednja-tehniska-in-strokovna-sola\/\"},{\"@type\":\"ListItem\",\"position\":2,\"name\":\"ODDELKI Z DIJAKI \u0160PORTNIKI\",\"item\":\"https:\/\/www.scpet.si\/srednja-tehniska-in-strokovna-sola\/oddelki-z-dijaki-sportniki\/\"},{\"@type\":\"ListItem\",\"position\":3,\"name\":\"Vizija dela v \u0160O\"}]},{\"@type\":\"WebSite\",\"@id\":\"https:\/\/www.scpet.si\/srednja-tehniska-in-strokovna-sola\/#website\",\"url\":\"https:\/\/www.scpet.si\/srednja-tehniska-in-strokovna-sola\/\",\"name\":\"SREDNJA TEHNI\u0160KA IN STROKOVNA \u0160OLA\",\"description\":\"Just another \u0160C PET Sites site\",\"potentialAction\":[{\"@type\":\"SearchAction\",\"target\":{\"@type\":\"EntryPoint\",\"urlTemplate\":\"https:\/\/www.scpet.si\/srednja-tehniska-in-strokovna-sola\/?s={search_term_string}\"},\"query-input\":\"required name=search_term_string\"}],\"inLanguage\":\"sl-SI\"}]}<\/script>\n<!-- \/ Yoast SEO plugin. -->","yoast_head_json":{"title":"Vizija dela v \u0160O - SREDNJA TEHNI\u0160KA IN STROKOVNA \u0160OLA","description":"Vizija dela v \u0160O - Srednja tehni\u0161ka in strokovna \u0161ola - \u0160olski center za po\u0161to, ekonomijo in telekomunikacije Ljubljana - \u0160C PET.","robots":{"index":"index","follow":"follow","max-snippet":"max-snippet:-1","max-image-preview":"max-image-preview:large","max-video-preview":"max-video-preview:-1"},"canonical":"https:\/\/www.scpet.si\/srednja-tehniska-in-strokovna-sola\/oddelki-z-dijaki-sportniki\/vizija-dela-v-so\/","og_locale":"sl_SI","og_type":"article","og_title":"Vizija dela v \u0160O - SREDNJA TEHNI\u0160KA IN STROKOVNA \u0160OLA","og_description":"Vizija dela v \u0160O - Srednja tehni\u0161ka in strokovna \u0161ola - \u0160olski center za po\u0161to, ekonomijo in telekomunikacije Ljubljana - \u0160C PET.","og_url":"https:\/\/www.scpet.si\/srednja-tehniska-in-strokovna-sola\/oddelki-z-dijaki-sportniki\/vizija-dela-v-so\/","og_site_name":"SREDNJA TEHNI\u0160KA IN STROKOVNA \u0160OLA","article_modified_time":"2024-01-19T11:07:55+00:00","twitter_card":"summary_large_image","twitter_misc":{"Est. reading time":"3 minute"},"schema":{"@context":"https:\/\/schema.org","@graph":[{"@type":"WebPage","@id":"https:\/\/www.scpet.si\/srednja-tehniska-in-strokovna-sola\/oddelki-z-dijaki-sportniki\/vizija-dela-v-so\/","url":"https:\/\/www.scpet.si\/srednja-tehniska-in-strokovna-sola\/oddelki-z-dijaki-sportniki\/vizija-dela-v-so\/","name":"Vizija dela v \u0160O - SREDNJA TEHNI\u0160KA IN STROKOVNA \u0160OLA","isPartOf":{"@id":"https:\/\/www.scpet.si\/srednja-tehniska-in-strokovna-sola\/#website"},"datePublished":"2019-12-20T08:06:34+00:00","dateModified":"2024-01-19T11:07:55+00:00","description":"Vizija dela v \u0160O - Srednja tehni\u0161ka in strokovna \u0161ola - \u0160olski center za po\u0161to, ekonomijo in telekomunikacije Ljubljana - \u0160C PET.","breadcrumb":{"@id":"https:\/\/www.scpet.si\/srednja-tehniska-in-strokovna-sola\/oddelki-z-dijaki-sportniki\/vizija-dela-v-so\/#breadcrumb"},"inLanguage":"sl-SI","potentialAction":[{"@type":"ReadAction","target":["https:\/\/www.scpet.si\/srednja-tehniska-in-strokovna-sola\/oddelki-z-dijaki-sportniki\/vizija-dela-v-so\/"]}]},{"@type":"BreadcrumbList","@id":"https:\/\/www.scpet.si\/srednja-tehniska-in-strokovna-sola\/oddelki-z-dijaki-sportniki\/vizija-dela-v-so\/#breadcrumb","itemListElement":[{"@type":"ListItem","position":1,"name":"Home","item":"https:\/\/www.scpet.si\/srednja-tehniska-in-strokovna-sola\/"},{"@type":"ListItem","position":2,"name":"ODDELKI Z DIJAKI \u0160PORTNIKI","item":"https:\/\/www.scpet.si\/srednja-tehniska-in-strokovna-sola\/oddelki-z-dijaki-sportniki\/"},{"@type":"ListItem","position":3,"name":"Vizija dela v \u0160O"}]},{"@type":"WebSite","@id":"https:\/\/www.scpet.si\/srednja-tehniska-in-strokovna-sola\/#website","url":"https:\/\/www.scpet.si\/srednja-tehniska-in-strokovna-sola\/","name":"SREDNJA TEHNI\u0160KA IN STROKOVNA \u0160OLA","description":"Just another \u0160C PET Sites site","potentialAction":[{"@type":"SearchAction","target":{"@type":"EntryPoint","urlTemplate":"https:\/\/www.scpet.si\/srednja-tehniska-in-strokovna-sola\/?s={search_term_string}"},"query-input":"required name=search_term_string"}],"inLanguage":"sl-SI"}]}},"_links":{"self":[{"href":"https:\/\/www.scpet.si\/srednja-tehniska-in-strokovna-sola\/wp-json\/wp\/v2\/pages\/338"}],"collection":[{"href":"https:\/\/www.scpet.si\/srednja-tehniska-in-strokovna-sola\/wp-json\/wp\/v2\/pages"}],"about":[{"href":"https:\/\/www.scpet.si\/srednja-tehniska-in-strokovna-sola\/wp-json\/wp\/v2\/types\/page"}],"author":[{"embeddable":true,"href":"https:\/\/www.scpet.si\/srednja-tehniska-in-strokovna-sola\/wp-json\/wp\/v2\/users\/5"}],"replies":[{"embeddable":true,"href":"https:\/\/www.scpet.si\/srednja-tehniska-in-strokovna-sola\/wp-json\/wp\/v2\/comments?post=338"}],"version-history":[{"count":0,"href":"https:\/\/www.scpet.si\/srednja-tehniska-in-strokovna-sola\/wp-json\/wp\/v2\/pages\/338\/revisions"}],"up":[{"embeddable":true,"href":"https:\/\/www.scpet.si\/srednja-tehniska-in-strokovna-sola\/wp-json\/wp\/v2\/pages\/328"}],"wp:attachment":[{"href":"https:\/\/www.scpet.si\/srednja-tehniska-in-strokovna-sola\/wp-json\/wp\/v2\/media?parent=338"}],"curies":[{"name":"wp","href":"https:\/\/api.w.org\/{rel}","templated":true}]}}