{"id":341,"date":"2019-12-20T09:12:27","date_gmt":"2019-12-20T08:12:27","guid":{"rendered":"https:\/\/nova.scpet.si\/srednja-tehniska-in-strokovna-sola\/sportni-oddelki\/vizija-dela-v-so-copy\/"},"modified":"2023-01-31T09:52:25","modified_gmt":"2023-01-31T08:52:25","slug":"dvojna-kariera","status":"publish","type":"page","link":"https:\/\/www.scpet.si\/srednja-tehniska-in-strokovna-sola\/oddelki-z-dijaki-sportniki\/dvojna-kariera\/","title":{"rendered":"Dvojna kariera"},"content":{"rendered":"<div class=\"fusion-fullwidth fullwidth-box fusion-builder-row-1 nonhundred-percent-fullwidth non-hundred-percent-height-scrolling\" style=\"background-color: rgba(255,255,255,0);background-position: center center;background-repeat: no-repeat;padding-top:0px;padding-right:0px;padding-bottom:0px;padding-left:0px;margin-bottom: 0px;margin-top: 0px;border-width: 0px 0px 0px 0px;border-color:#eae9e9;border-style:solid;\" ><div class=\"fusion-builder-row fusion-row\"><div class=\"fusion-layout-column fusion_builder_column fusion-builder-column-0 fusion_builder_column_1_1 1_1 fusion-one-full fusion-column-first fusion-column-last\" style=\"margin-top:0px;margin-bottom:0px;\"><div class=\"fusion-column-wrapper fusion-flex-column-wrapper-legacy\" style=\"background-position:left top;background-repeat:no-repeat;-webkit-background-size:cover;-moz-background-size:cover;-o-background-size:cover;background-size:cover;padding: 0px 0px 0px 0px;\"><style type=\"text\/css\"><\/style><div class=\"fusion-title title fusion-title-1 fusion-sep-none fusion-title-text fusion-title-size-one\" style=\"margin-top:0px;margin-right:0px;margin-bottom:31px;margin-left:0px;\"><h1 class=\"title-heading-left\" style=\"margin:0;\"><p>Dvojna kariera<\/p>\n<div class=\"fusion-sep-clear\"><\/div><div class=\"fusion-separator fusion-full-width-sep\" style=\"margin-left: auto;margin-right: auto;width:100%;\"><div class=\"fusion-separator-border sep-single sep-solid\" style=\"border-color:#f78300;border-top-width:1px;\"><\/div><\/div><div class=\"fusion-sep-clear\"><\/div><\/h1><\/div><div class=\"fusion-text fusion-text-1\"><\/div><div class=\"fusion-text fusion-text-2\"><p>Dvojna kariera preprosto povedano pomeni, da se dijak \u0161portnik poleg rednega srednje\u0161olskega izobra\u017eevanja resno in zavzeto ukvarja tudi s tekmovalnim \u0161portom. V zelo ob\u010dutljivem \u017eivljenjskem obdobju mladostni\u0161tva (adolescence) se mladostnih hkrati soo\u010da z dvema kariernima potema \u2013 \u0161olsko in \u0161portno.<\/p>\n<p>Dijaki \u0161portniki se pri zdru\u017eevanju svoje \u0161portne kariere z izobra\u017eevanjem pogosto sre\u010dujejo s te\u017eavami. Doseganje visoke ravni \u0161portne uspe\u0161nosti od \u0161portnika zahteva intenziven trening in sodelovanje na tekmovanjih doma in v tujini, kar je te\u017eko uskladiti z izzivi in omejitvami izobra\u017eevalnega sistema.<\/p>\n<p>Da bi se izognili polo\u017eaju, v katerem so se dijaki \u0161portniki primorani odlo\u010dati med izobra\u017eevanjem in \u0161portom, so poleg njihove visoke motiviranosti, predanosti, vzdr\u017eljivosti in odgovornosti potrebne tudi posebne ureditve za dvojno kariero \u0161portnikov \u2013 USKLJAJEVANJE \u0160OLE IN \u0160PORTA.<\/p>\n<p>Srednja tehni\u0161ka in strokovna \u0161ola \u0160C PET Ljubljana se zaveda pomena dvojne kariere in \u017ee 15 let kot prva srednja strokovna \u0161ola v Sloveniji sistemati\u010dno izobra\u017euje dijake \u0161portnike v oddelkih z dijaki \u0161portniki.<\/p>\n<blockquote>\n<p>Kot priznanje za na\u0161e dobro delo na tem podro\u010dju nam Olimpijski komite Slovenije \u2013 Zdru\u017eenje \u0161portnih zvez od leta 2019 naprej podeljuje certifikat \u0160PORTNIKOM PRIJAZNO IZOBRA\u017dEVANJE.<\/p>\n<\/blockquote>\n<p><img decoding=\"async\" class=\"lazyload wp-image-729 aligncenter\" src=\"https:\/\/www.scpet.si\/srednja-tehniska-in-strokovna-sola\/wp-content\/uploads\/sites\/2\/2020\/12\/Sportniku_prijazno_izobrazevanje_lezeci-RGB.jpg\" data-orig-src=\"https:\/\/www.scpet.si\/srednja-tehniska-in-strokovna-sola\/wp-content\/uploads\/sites\/2\/2020\/12\/Sportniku_prijazno_izobrazevanje_lezeci-RGB.jpg\" alt=\"\" width=\"577\" height=\"291\" srcset=\"data:image\/svg+xml,%3Csvg%20xmlns%3D%27http%3A%2F%2Fwww.w3.org%2F2000%2Fsvg%27%20width%3D%27577%27%20height%3D%27291%27%20viewBox%3D%270%200%20577%20291%27%3E%3Crect%20width%3D%27577%27%20height%3D%27291%27%20fill-opacity%3D%220%22%2F%3E%3C%2Fsvg%3E\" data-srcset=\"https:\/\/www.scpet.si\/srednja-tehniska-in-strokovna-sola\/wp-content\/uploads\/sites\/2\/2020\/12\/Sportniku_prijazno_izobrazevanje_lezeci-RGB-200x101.jpg 200w, https:\/\/www.scpet.si\/srednja-tehniska-in-strokovna-sola\/wp-content\/uploads\/sites\/2\/2020\/12\/Sportniku_prijazno_izobrazevanje_lezeci-RGB-300x151.jpg 300w, https:\/\/www.scpet.si\/srednja-tehniska-in-strokovna-sola\/wp-content\/uploads\/sites\/2\/2020\/12\/Sportniku_prijazno_izobrazevanje_lezeci-RGB-372x188.jpg 372w, https:\/\/www.scpet.si\/srednja-tehniska-in-strokovna-sola\/wp-content\/uploads\/sites\/2\/2020\/12\/Sportniku_prijazno_izobrazevanje_lezeci-RGB-400x202.jpg 400w, https:\/\/www.scpet.si\/srednja-tehniska-in-strokovna-sola\/wp-content\/uploads\/sites\/2\/2020\/12\/Sportniku_prijazno_izobrazevanje_lezeci-RGB-540x272.jpg 540w, https:\/\/www.scpet.si\/srednja-tehniska-in-strokovna-sola\/wp-content\/uploads\/sites\/2\/2020\/12\/Sportniku_prijazno_izobrazevanje_lezeci-RGB-600x303.jpg 600w, https:\/\/www.scpet.si\/srednja-tehniska-in-strokovna-sola\/wp-content\/uploads\/sites\/2\/2020\/12\/Sportniku_prijazno_izobrazevanje_lezeci-RGB-768x388.jpg 768w, https:\/\/www.scpet.si\/srednja-tehniska-in-strokovna-sola\/wp-content\/uploads\/sites\/2\/2020\/12\/Sportniku_prijazno_izobrazevanje_lezeci-RGB-800x404.jpg 800w, https:\/\/www.scpet.si\/srednja-tehniska-in-strokovna-sola\/wp-content\/uploads\/sites\/2\/2020\/12\/Sportniku_prijazno_izobrazevanje_lezeci-RGB-1024x517.jpg 1024w, https:\/\/www.scpet.si\/srednja-tehniska-in-strokovna-sola\/wp-content\/uploads\/sites\/2\/2020\/12\/Sportniku_prijazno_izobrazevanje_lezeci-RGB-1200x606.jpg 1200w, https:\/\/www.scpet.si\/srednja-tehniska-in-strokovna-sola\/wp-content\/uploads\/sites\/2\/2020\/12\/Sportniku_prijazno_izobrazevanje_lezeci-RGB-1536x775.jpg 1536w, https:\/\/www.scpet.si\/srednja-tehniska-in-strokovna-sola\/wp-content\/uploads\/sites\/2\/2020\/12\/Sportniku_prijazno_izobrazevanje_lezeci-RGB.jpg 1767w\" data-sizes=\"auto\" data-orig-sizes=\"(max-width: 577px) 100vw, 577px\" \/><\/p>\n<p>Povezava do dokumenta <a href=\"https:\/\/www.olympic.si\/datoteke\/Dual%20career_2016_.pdf\" target=\"_blank\" rel=\"noopener noreferrer\">Smernice EU za dvojno kariero \u0161portnikov<\/a><\/p>\n<\/div><div class=\"fusion-clearfix\"><\/div><\/div><\/div><\/div><\/div>\n","protected":false},"excerpt":{"rendered":"","protected":false},"author":5,"featured_media":0,"parent":328,"menu_order":0,"comment_status":"closed","ping_status":"closed","template":"","meta":{"_mi_skip_tracking":false,"_exactmetrics_sitenote_active":false,"_exactmetrics_sitenote_note":"","_exactmetrics_sitenote_category":0},"yoast_head":"<!-- This site is optimized with the Yoast SEO plugin v20.8 - https:\/\/yoast.com\/wordpress\/plugins\/seo\/ -->\n<title>Dvojna kariera - SREDNJA TEHNI\u0160KA IN STROKOVNA \u0160OLA<\/title>\n<meta name=\"description\" content=\"Dvojna kariera - Srednja tehni\u0161ka in strokovna \u0161ola - \u0160olski center za po\u0161to, ekonomijo in telekomunikacije Ljubljana - \u0160C PET.\" \/>\n<meta name=\"robots\" content=\"index, follow, max-snippet:-1, max-image-preview:large, max-video-preview:-1\" \/>\n<link rel=\"canonical\" href=\"https:\/\/www.scpet.si\/srednja-tehniska-in-strokovna-sola\/oddelki-z-dijaki-sportniki\/dvojna-kariera\/\" \/>\n<meta property=\"og:locale\" content=\"sl_SI\" \/>\n<meta property=\"og:type\" content=\"article\" \/>\n<meta property=\"og:title\" content=\"Dvojna kariera - SREDNJA TEHNI\u0160KA IN STROKOVNA \u0160OLA\" \/>\n<meta property=\"og:description\" content=\"Dvojna kariera - Srednja tehni\u0161ka in strokovna \u0161ola - \u0160olski center za po\u0161to, ekonomijo in telekomunikacije Ljubljana - \u0160C PET.\" \/>\n<meta property=\"og:url\" content=\"https:\/\/www.scpet.si\/srednja-tehniska-in-strokovna-sola\/oddelki-z-dijaki-sportniki\/dvojna-kariera\/\" \/>\n<meta property=\"og:site_name\" content=\"SREDNJA TEHNI\u0160KA IN STROKOVNA \u0160OLA\" \/>\n<meta property=\"article:modified_time\" content=\"2023-01-31T08:52:25+00:00\" \/>\n<meta property=\"og:image\" content=\"https:\/\/www.scpet.si\/srednja-tehniska-in-strokovna-sola\/wp-content\/uploads\/sites\/2\/2020\/12\/Sportniku_prijazno_izobrazevanje_lezeci-RGB.jpg\" \/>\n<meta name=\"twitter:card\" content=\"summary_large_image\" \/>\n<meta name=\"twitter:label1\" content=\"Est. reading time\" \/>\n\t<meta name=\"twitter:data1\" content=\"2 minuti\" \/>\n<script type=\"application\/ld+json\" class=\"yoast-schema-graph\">{\"@context\":\"https:\/\/schema.org\",\"@graph\":[{\"@type\":\"WebPage\",\"@id\":\"https:\/\/www.scpet.si\/srednja-tehniska-in-strokovna-sola\/oddelki-z-dijaki-sportniki\/dvojna-kariera\/\",\"url\":\"https:\/\/www.scpet.si\/srednja-tehniska-in-strokovna-sola\/oddelki-z-dijaki-sportniki\/dvojna-kariera\/\",\"name\":\"Dvojna kariera - SREDNJA TEHNI\u0160KA IN STROKOVNA \u0160OLA\",\"isPartOf\":{\"@id\":\"https:\/\/www.scpet.si\/srednja-tehniska-in-strokovna-sola\/#website\"},\"datePublished\":\"2019-12-20T08:12:27+00:00\",\"dateModified\":\"2023-01-31T08:52:25+00:00\",\"description\":\"Dvojna kariera - Srednja tehni\u0161ka in strokovna \u0161ola - \u0160olski center za po\u0161to, ekonomijo in telekomunikacije Ljubljana - \u0160C PET.\",\"breadcrumb\":{\"@id\":\"https:\/\/www.scpet.si\/srednja-tehniska-in-strokovna-sola\/oddelki-z-dijaki-sportniki\/dvojna-kariera\/#breadcrumb\"},\"inLanguage\":\"sl-SI\",\"potentialAction\":[{\"@type\":\"ReadAction\",\"target\":[\"https:\/\/www.scpet.si\/srednja-tehniska-in-strokovna-sola\/oddelki-z-dijaki-sportniki\/dvojna-kariera\/\"]}]},{\"@type\":\"BreadcrumbList\",\"@id\":\"https:\/\/www.scpet.si\/srednja-tehniska-in-strokovna-sola\/oddelki-z-dijaki-sportniki\/dvojna-kariera\/#breadcrumb\",\"itemListElement\":[{\"@type\":\"ListItem\",\"position\":1,\"name\":\"Home\",\"item\":\"https:\/\/www.scpet.si\/srednja-tehniska-in-strokovna-sola\/\"},{\"@type\":\"ListItem\",\"position\":2,\"name\":\"ODDELKI Z DIJAKI \u0160PORTNIKI\",\"item\":\"https:\/\/www.scpet.si\/srednja-tehniska-in-strokovna-sola\/oddelki-z-dijaki-sportniki\/\"},{\"@type\":\"ListItem\",\"position\":3,\"name\":\"Dvojna kariera\"}]},{\"@type\":\"WebSite\",\"@id\":\"https:\/\/www.scpet.si\/srednja-tehniska-in-strokovna-sola\/#website\",\"url\":\"https:\/\/www.scpet.si\/srednja-tehniska-in-strokovna-sola\/\",\"name\":\"SREDNJA TEHNI\u0160KA IN STROKOVNA \u0160OLA\",\"description\":\"Just another \u0160C PET Sites site\",\"potentialAction\":[{\"@type\":\"SearchAction\",\"target\":{\"@type\":\"EntryPoint\",\"urlTemplate\":\"https:\/\/www.scpet.si\/srednja-tehniska-in-strokovna-sola\/?s={search_term_string}\"},\"query-input\":\"required name=search_term_string\"}],\"inLanguage\":\"sl-SI\"}]}<\/script>\n<!-- \/ Yoast SEO plugin. -->","yoast_head_json":{"title":"Dvojna kariera - SREDNJA TEHNI\u0160KA IN STROKOVNA \u0160OLA","description":"Dvojna kariera - Srednja tehni\u0161ka in strokovna \u0161ola - \u0160olski center za po\u0161to, ekonomijo in telekomunikacije Ljubljana - \u0160C PET.","robots":{"index":"index","follow":"follow","max-snippet":"max-snippet:-1","max-image-preview":"max-image-preview:large","max-video-preview":"max-video-preview:-1"},"canonical":"https:\/\/www.scpet.si\/srednja-tehniska-in-strokovna-sola\/oddelki-z-dijaki-sportniki\/dvojna-kariera\/","og_locale":"sl_SI","og_type":"article","og_title":"Dvojna kariera - SREDNJA TEHNI\u0160KA IN STROKOVNA \u0160OLA","og_description":"Dvojna kariera - Srednja tehni\u0161ka in strokovna \u0161ola - \u0160olski center za po\u0161to, ekonomijo in telekomunikacije Ljubljana - \u0160C PET.","og_url":"https:\/\/www.scpet.si\/srednja-tehniska-in-strokovna-sola\/oddelki-z-dijaki-sportniki\/dvojna-kariera\/","og_site_name":"SREDNJA TEHNI\u0160KA IN STROKOVNA \u0160OLA","article_modified_time":"2023-01-31T08:52:25+00:00","og_image":[{"url":"https:\/\/www.scpet.si\/srednja-tehniska-in-strokovna-sola\/wp-content\/uploads\/sites\/2\/2020\/12\/Sportniku_prijazno_izobrazevanje_lezeci-RGB.jpg"}],"twitter_card":"summary_large_image","twitter_misc":{"Est. reading time":"2 minuti"},"schema":{"@context":"https:\/\/schema.org","@graph":[{"@type":"WebPage","@id":"https:\/\/www.scpet.si\/srednja-tehniska-in-strokovna-sola\/oddelki-z-dijaki-sportniki\/dvojna-kariera\/","url":"https:\/\/www.scpet.si\/srednja-tehniska-in-strokovna-sola\/oddelki-z-dijaki-sportniki\/dvojna-kariera\/","name":"Dvojna kariera - SREDNJA TEHNI\u0160KA IN STROKOVNA \u0160OLA","isPartOf":{"@id":"https:\/\/www.scpet.si\/srednja-tehniska-in-strokovna-sola\/#website"},"datePublished":"2019-12-20T08:12:27+00:00","dateModified":"2023-01-31T08:52:25+00:00","description":"Dvojna kariera - Srednja tehni\u0161ka in strokovna \u0161ola - \u0160olski center za po\u0161to, ekonomijo in telekomunikacije Ljubljana - \u0160C PET.","breadcrumb":{"@id":"https:\/\/www.scpet.si\/srednja-tehniska-in-strokovna-sola\/oddelki-z-dijaki-sportniki\/dvojna-kariera\/#breadcrumb"},"inLanguage":"sl-SI","potentialAction":[{"@type":"ReadAction","target":["https:\/\/www.scpet.si\/srednja-tehniska-in-strokovna-sola\/oddelki-z-dijaki-sportniki\/dvojna-kariera\/"]}]},{"@type":"BreadcrumbList","@id":"https:\/\/www.scpet.si\/srednja-tehniska-in-strokovna-sola\/oddelki-z-dijaki-sportniki\/dvojna-kariera\/#breadcrumb","itemListElement":[{"@type":"ListItem","position":1,"name":"Home","item":"https:\/\/www.scpet.si\/srednja-tehniska-in-strokovna-sola\/"},{"@type":"ListItem","position":2,"name":"ODDELKI Z DIJAKI \u0160PORTNIKI","item":"https:\/\/www.scpet.si\/srednja-tehniska-in-strokovna-sola\/oddelki-z-dijaki-sportniki\/"},{"@type":"ListItem","position":3,"name":"Dvojna kariera"}]},{"@type":"WebSite","@id":"https:\/\/www.scpet.si\/srednja-tehniska-in-strokovna-sola\/#website","url":"https:\/\/www.scpet.si\/srednja-tehniska-in-strokovna-sola\/","name":"SREDNJA TEHNI\u0160KA IN STROKOVNA \u0160OLA","description":"Just another \u0160C PET Sites site","potentialAction":[{"@type":"SearchAction","target":{"@type":"EntryPoint","urlTemplate":"https:\/\/www.scpet.si\/srednja-tehniska-in-strokovna-sola\/?s={search_term_string}"},"query-input":"required name=search_term_string"}],"inLanguage":"sl-SI"}]}},"_links":{"self":[{"href":"https:\/\/www.scpet.si\/srednja-tehniska-in-strokovna-sola\/wp-json\/wp\/v2\/pages\/341"}],"collection":[{"href":"https:\/\/www.scpet.si\/srednja-tehniska-in-strokovna-sola\/wp-json\/wp\/v2\/pages"}],"about":[{"href":"https:\/\/www.scpet.si\/srednja-tehniska-in-strokovna-sola\/wp-json\/wp\/v2\/types\/page"}],"author":[{"embeddable":true,"href":"https:\/\/www.scpet.si\/srednja-tehniska-in-strokovna-sola\/wp-json\/wp\/v2\/users\/5"}],"replies":[{"embeddable":true,"href":"https:\/\/www.scpet.si\/srednja-tehniska-in-strokovna-sola\/wp-json\/wp\/v2\/comments?post=341"}],"version-history":[{"count":0,"href":"https:\/\/www.scpet.si\/srednja-tehniska-in-strokovna-sola\/wp-json\/wp\/v2\/pages\/341\/revisions"}],"up":[{"embeddable":true,"href":"https:\/\/www.scpet.si\/srednja-tehniska-in-strokovna-sola\/wp-json\/wp\/v2\/pages\/328"}],"wp:attachment":[{"href":"https:\/\/www.scpet.si\/srednja-tehniska-in-strokovna-sola\/wp-json\/wp\/v2\/media?parent=341"}],"curies":[{"name":"wp","href":"https:\/\/api.w.org\/{rel}","templated":true}]}}