{"id":343,"date":"2019-12-20T09:13:49","date_gmt":"2019-12-20T08:13:49","guid":{"rendered":"https:\/\/nova.scpet.si\/srednja-tehniska-in-strokovna-sola\/sportni-oddelki\/dvojna-kariera-copy\/"},"modified":"2023-01-31T10:13:04","modified_gmt":"2023-01-31T09:13:04","slug":"preventiva-v-sportu","status":"publish","type":"page","link":"https:\/\/www.scpet.si\/srednja-tehniska-in-strokovna-sola\/oddelki-z-dijaki-sportniki\/preventiva-v-sportu\/","title":{"rendered":"Preventiva v \u0161portu"},"content":{"rendered":"<div class=\"fusion-fullwidth fullwidth-box fusion-builder-row-1 nonhundred-percent-fullwidth non-hundred-percent-height-scrolling\" style=\"background-color: rgba(255,255,255,0);background-position: center center;background-repeat: no-repeat;padding-top:0px;padding-right:0px;padding-bottom:0px;padding-left:0px;margin-bottom: 0px;margin-top: 0px;border-width: 0px 0px 0px 0px;border-color:#eae9e9;border-style:solid;\" ><div class=\"fusion-builder-row fusion-row\"><div class=\"fusion-layout-column fusion_builder_column fusion-builder-column-0 fusion_builder_column_1_1 1_1 fusion-one-full fusion-column-first fusion-column-last\" style=\"margin-top:0px;margin-bottom:0px;\"><div class=\"fusion-column-wrapper fusion-flex-column-wrapper-legacy\" style=\"background-position:left top;background-repeat:no-repeat;-webkit-background-size:cover;-moz-background-size:cover;-o-background-size:cover;background-size:cover;padding: 0px 0px 0px 0px;\"><style type=\"text\/css\"><\/style><div class=\"fusion-title title fusion-title-1 fusion-sep-none fusion-title-text fusion-title-size-one\" style=\"margin-top:0px;margin-right:0px;margin-bottom:31px;margin-left:0px;\"><h1 class=\"title-heading-left\" style=\"margin:0;\">Preventiva v \u0161portu<\/h1><\/div><div class=\"fusion-text fusion-text-1\"><\/div><div class=\"fusion-text fusion-text-2\"><p>STS\u0160 \u0160C PET Ljubljana zagotavlja mladim \u0161portnikom prilagojen modul <em><strong>Preventiva v \u0161portu -P\u0160P<\/strong><\/em>. Namen P\u0160P je ozavestiti in opolnomo\u010diti dijake \u0161portnike o pomenu preventive za zdrav razvoj mladega \u0161portnika ter z izvajanjem preventivnih vsebin v \u010dim ve\u010dji meri prepre\u010diti \u0161tevilo po\u0161kodb, ki so \u017eal sestavni del \u0161porta.<\/p>\n<p>Eden izmed glavnih ciljev je, da se mladi \u0161portniki nau\u010dijo pravilno in samostojno izvajati preventivne vaje, ki lahko pomembno vplivajo na zmanj\u0161anje njihovih po\u0161kodb.<\/p>\n<p>V primeru po\u0161kodb pa lahko dijak \u0161portnik pri modulu PV\u0160 opravi v \u0161olskih prostorih tudi del vadbe rehabilitacije. Pri tem je pomembno, da se vzpostavi ustrezna komunikacija strokovnega tima na relaciji \u2013 u\u010ditelj \u0161portne vzgoje \u2013 zdravnik (fizioterapevt) \u2013 kineziolog, ki dolo\u010di obseg mo\u017ene rehabilitacije v prostorih \u0161ole.<\/p>\n<\/div><div class=\"fusion-clearfix\"><\/div><\/div><\/div><\/div><\/div>\n","protected":false},"excerpt":{"rendered":"","protected":false},"author":5,"featured_media":0,"parent":328,"menu_order":0,"comment_status":"closed","ping_status":"closed","template":"","meta":{"_mi_skip_tracking":false,"_exactmetrics_sitenote_active":false,"_exactmetrics_sitenote_note":"","_exactmetrics_sitenote_category":0},"yoast_head":"<!-- This site is optimized with the Yoast SEO plugin v20.8 - https:\/\/yoast.com\/wordpress\/plugins\/seo\/ -->\n<title>Preventiva v \u0161portu - SREDNJA TEHNI\u0160KA IN STROKOVNA \u0160OLA<\/title>\n<meta name=\"description\" content=\"Preventiva v \u0161portu - Srednja tehni\u0161ka in strokovna \u0161ola - \u0160olski center za po\u0161to, ekonomijo in telekomunikacije Ljubljana - \u0160C PET.\" \/>\n<meta name=\"robots\" content=\"index, follow, max-snippet:-1, max-image-preview:large, max-video-preview:-1\" \/>\n<link rel=\"canonical\" href=\"https:\/\/www.scpet.si\/srednja-tehniska-in-strokovna-sola\/oddelki-z-dijaki-sportniki\/preventiva-v-sportu\/\" \/>\n<meta property=\"og:locale\" content=\"sl_SI\" \/>\n<meta property=\"og:type\" content=\"article\" \/>\n<meta property=\"og:title\" content=\"Preventiva v \u0161portu - SREDNJA TEHNI\u0160KA IN STROKOVNA \u0160OLA\" \/>\n<meta property=\"og:description\" content=\"Preventiva v \u0161portu - Srednja tehni\u0161ka in strokovna \u0161ola - \u0160olski center za po\u0161to, ekonomijo in telekomunikacije Ljubljana - \u0160C PET.\" \/>\n<meta property=\"og:url\" content=\"https:\/\/www.scpet.si\/srednja-tehniska-in-strokovna-sola\/oddelki-z-dijaki-sportniki\/preventiva-v-sportu\/\" \/>\n<meta property=\"og:site_name\" content=\"SREDNJA TEHNI\u0160KA IN STROKOVNA \u0160OLA\" \/>\n<meta property=\"article:modified_time\" content=\"2023-01-31T09:13:04+00:00\" \/>\n<meta name=\"twitter:card\" content=\"summary_large_image\" \/>\n<meta name=\"twitter:label1\" content=\"Est. reading time\" \/>\n\t<meta name=\"twitter:data1\" content=\"3 minute\" \/>\n<script type=\"application\/ld+json\" class=\"yoast-schema-graph\">{\"@context\":\"https:\/\/schema.org\",\"@graph\":[{\"@type\":\"WebPage\",\"@id\":\"https:\/\/www.scpet.si\/srednja-tehniska-in-strokovna-sola\/oddelki-z-dijaki-sportniki\/preventiva-v-sportu\/\",\"url\":\"https:\/\/www.scpet.si\/srednja-tehniska-in-strokovna-sola\/oddelki-z-dijaki-sportniki\/preventiva-v-sportu\/\",\"name\":\"Preventiva v \u0161portu - SREDNJA TEHNI\u0160KA IN STROKOVNA \u0160OLA\",\"isPartOf\":{\"@id\":\"https:\/\/www.scpet.si\/srednja-tehniska-in-strokovna-sola\/#website\"},\"datePublished\":\"2019-12-20T08:13:49+00:00\",\"dateModified\":\"2023-01-31T09:13:04+00:00\",\"description\":\"Preventiva v \u0161portu - Srednja tehni\u0161ka in strokovna \u0161ola - \u0160olski center za po\u0161to, ekonomijo in telekomunikacije Ljubljana - \u0160C PET.\",\"breadcrumb\":{\"@id\":\"https:\/\/www.scpet.si\/srednja-tehniska-in-strokovna-sola\/oddelki-z-dijaki-sportniki\/preventiva-v-sportu\/#breadcrumb\"},\"inLanguage\":\"sl-SI\",\"potentialAction\":[{\"@type\":\"ReadAction\",\"target\":[\"https:\/\/www.scpet.si\/srednja-tehniska-in-strokovna-sola\/oddelki-z-dijaki-sportniki\/preventiva-v-sportu\/\"]}]},{\"@type\":\"BreadcrumbList\",\"@id\":\"https:\/\/www.scpet.si\/srednja-tehniska-in-strokovna-sola\/oddelki-z-dijaki-sportniki\/preventiva-v-sportu\/#breadcrumb\",\"itemListElement\":[{\"@type\":\"ListItem\",\"position\":1,\"name\":\"Home\",\"item\":\"https:\/\/www.scpet.si\/srednja-tehniska-in-strokovna-sola\/\"},{\"@type\":\"ListItem\",\"position\":2,\"name\":\"ODDELKI Z DIJAKI \u0160PORTNIKI\",\"item\":\"https:\/\/www.scpet.si\/srednja-tehniska-in-strokovna-sola\/oddelki-z-dijaki-sportniki\/\"},{\"@type\":\"ListItem\",\"position\":3,\"name\":\"Preventiva v \u0161portu\"}]},{\"@type\":\"WebSite\",\"@id\":\"https:\/\/www.scpet.si\/srednja-tehniska-in-strokovna-sola\/#website\",\"url\":\"https:\/\/www.scpet.si\/srednja-tehniska-in-strokovna-sola\/\",\"name\":\"SREDNJA TEHNI\u0160KA IN STROKOVNA \u0160OLA\",\"description\":\"Just another \u0160C PET Sites site\",\"potentialAction\":[{\"@type\":\"SearchAction\",\"target\":{\"@type\":\"EntryPoint\",\"urlTemplate\":\"https:\/\/www.scpet.si\/srednja-tehniska-in-strokovna-sola\/?s={search_term_string}\"},\"query-input\":\"required name=search_term_string\"}],\"inLanguage\":\"sl-SI\"}]}<\/script>\n<!-- \/ Yoast SEO plugin. -->","yoast_head_json":{"title":"Preventiva v \u0161portu - SREDNJA TEHNI\u0160KA IN STROKOVNA \u0160OLA","description":"Preventiva v \u0161portu - Srednja tehni\u0161ka in strokovna \u0161ola - \u0160olski center za po\u0161to, ekonomijo in telekomunikacije Ljubljana - \u0160C PET.","robots":{"index":"index","follow":"follow","max-snippet":"max-snippet:-1","max-image-preview":"max-image-preview:large","max-video-preview":"max-video-preview:-1"},"canonical":"https:\/\/www.scpet.si\/srednja-tehniska-in-strokovna-sola\/oddelki-z-dijaki-sportniki\/preventiva-v-sportu\/","og_locale":"sl_SI","og_type":"article","og_title":"Preventiva v \u0161portu - SREDNJA TEHNI\u0160KA IN STROKOVNA \u0160OLA","og_description":"Preventiva v \u0161portu - Srednja tehni\u0161ka in strokovna \u0161ola - \u0160olski center za po\u0161to, ekonomijo in telekomunikacije Ljubljana - \u0160C PET.","og_url":"https:\/\/www.scpet.si\/srednja-tehniska-in-strokovna-sola\/oddelki-z-dijaki-sportniki\/preventiva-v-sportu\/","og_site_name":"SREDNJA TEHNI\u0160KA IN STROKOVNA \u0160OLA","article_modified_time":"2023-01-31T09:13:04+00:00","twitter_card":"summary_large_image","twitter_misc":{"Est. reading time":"3 minute"},"schema":{"@context":"https:\/\/schema.org","@graph":[{"@type":"WebPage","@id":"https:\/\/www.scpet.si\/srednja-tehniska-in-strokovna-sola\/oddelki-z-dijaki-sportniki\/preventiva-v-sportu\/","url":"https:\/\/www.scpet.si\/srednja-tehniska-in-strokovna-sola\/oddelki-z-dijaki-sportniki\/preventiva-v-sportu\/","name":"Preventiva v \u0161portu - SREDNJA TEHNI\u0160KA IN STROKOVNA \u0160OLA","isPartOf":{"@id":"https:\/\/www.scpet.si\/srednja-tehniska-in-strokovna-sola\/#website"},"datePublished":"2019-12-20T08:13:49+00:00","dateModified":"2023-01-31T09:13:04+00:00","description":"Preventiva v \u0161portu - Srednja tehni\u0161ka in strokovna \u0161ola - \u0160olski center za po\u0161to, ekonomijo in telekomunikacije Ljubljana - \u0160C PET.","breadcrumb":{"@id":"https:\/\/www.scpet.si\/srednja-tehniska-in-strokovna-sola\/oddelki-z-dijaki-sportniki\/preventiva-v-sportu\/#breadcrumb"},"inLanguage":"sl-SI","potentialAction":[{"@type":"ReadAction","target":["https:\/\/www.scpet.si\/srednja-tehniska-in-strokovna-sola\/oddelki-z-dijaki-sportniki\/preventiva-v-sportu\/"]}]},{"@type":"BreadcrumbList","@id":"https:\/\/www.scpet.si\/srednja-tehniska-in-strokovna-sola\/oddelki-z-dijaki-sportniki\/preventiva-v-sportu\/#breadcrumb","itemListElement":[{"@type":"ListItem","position":1,"name":"Home","item":"https:\/\/www.scpet.si\/srednja-tehniska-in-strokovna-sola\/"},{"@type":"ListItem","position":2,"name":"ODDELKI Z DIJAKI \u0160PORTNIKI","item":"https:\/\/www.scpet.si\/srednja-tehniska-in-strokovna-sola\/oddelki-z-dijaki-sportniki\/"},{"@type":"ListItem","position":3,"name":"Preventiva v \u0161portu"}]},{"@type":"WebSite","@id":"https:\/\/www.scpet.si\/srednja-tehniska-in-strokovna-sola\/#website","url":"https:\/\/www.scpet.si\/srednja-tehniska-in-strokovna-sola\/","name":"SREDNJA TEHNI\u0160KA IN STROKOVNA \u0160OLA","description":"Just another \u0160C PET Sites site","potentialAction":[{"@type":"SearchAction","target":{"@type":"EntryPoint","urlTemplate":"https:\/\/www.scpet.si\/srednja-tehniska-in-strokovna-sola\/?s={search_term_string}"},"query-input":"required name=search_term_string"}],"inLanguage":"sl-SI"}]}},"_links":{"self":[{"href":"https:\/\/www.scpet.si\/srednja-tehniska-in-strokovna-sola\/wp-json\/wp\/v2\/pages\/343"}],"collection":[{"href":"https:\/\/www.scpet.si\/srednja-tehniska-in-strokovna-sola\/wp-json\/wp\/v2\/pages"}],"about":[{"href":"https:\/\/www.scpet.si\/srednja-tehniska-in-strokovna-sola\/wp-json\/wp\/v2\/types\/page"}],"author":[{"embeddable":true,"href":"https:\/\/www.scpet.si\/srednja-tehniska-in-strokovna-sola\/wp-json\/wp\/v2\/users\/5"}],"replies":[{"embeddable":true,"href":"https:\/\/www.scpet.si\/srednja-tehniska-in-strokovna-sola\/wp-json\/wp\/v2\/comments?post=343"}],"version-history":[{"count":0,"href":"https:\/\/www.scpet.si\/srednja-tehniska-in-strokovna-sola\/wp-json\/wp\/v2\/pages\/343\/revisions"}],"up":[{"embeddable":true,"href":"https:\/\/www.scpet.si\/srednja-tehniska-in-strokovna-sola\/wp-json\/wp\/v2\/pages\/328"}],"wp:attachment":[{"href":"https:\/\/www.scpet.si\/srednja-tehniska-in-strokovna-sola\/wp-json\/wp\/v2\/media?parent=343"}],"curies":[{"name":"wp","href":"https:\/\/api.w.org\/{rel}","templated":true}]}}