{"id":347,"date":"2019-12-20T09:17:44","date_gmt":"2019-12-20T08:17:44","guid":{"rendered":"https:\/\/nova.scpet.si\/srednja-tehniska-in-strokovna-sola\/sportni-oddelki\/delavnice-copy\/"},"modified":"2023-01-31T09:50:45","modified_gmt":"2023-01-31T08:50:45","slug":"management-v-sportu","status":"publish","type":"page","link":"https:\/\/www.scpet.si\/srednja-tehniska-in-strokovna-sola\/oddelki-z-dijaki-sportniki\/management-v-sportu\/","title":{"rendered":"Management v \u0161portu"},"content":{"rendered":"<div class=\"fusion-fullwidth fullwidth-box fusion-builder-row-1 nonhundred-percent-fullwidth non-hundred-percent-height-scrolling\" style=\"background-color: rgba(255,255,255,0);background-position: center center;background-repeat: no-repeat;padding-top:0px;padding-right:0px;padding-bottom:0px;padding-left:0px;margin-bottom: 0px;margin-top: 0px;border-width: 0px 0px 0px 0px;border-color:#eae9e9;border-style:solid;\" ><div class=\"fusion-builder-row fusion-row\"><div class=\"fusion-layout-column fusion_builder_column fusion-builder-column-0 fusion_builder_column_1_1 1_1 fusion-one-full fusion-column-first fusion-column-last\" style=\"margin-top:0px;margin-bottom:0px;\"><div class=\"fusion-column-wrapper fusion-flex-column-wrapper-legacy\" style=\"background-position:left top;background-repeat:no-repeat;-webkit-background-size:cover;-moz-background-size:cover;-o-background-size:cover;background-size:cover;padding: 0px 0px 0px 0px;\"><style type=\"text\/css\"><\/style><div class=\"fusion-title title fusion-title-1 fusion-sep-none fusion-title-text fusion-title-size-one\" style=\"margin-top:0px;margin-right:0px;margin-bottom:31px;margin-left:0px;\"><h1 class=\"title-heading-left\" style=\"margin:0;\">Management v \u0161portu<\/h1><\/div><div class=\"fusion-text fusion-text-1\"><p><strong>Zakaj smo uvedli predmet (modul) MENED\u017dMENT V \u0160PORTU?<\/strong><\/p>\n<ol>\n<li><strong><em> Ker je \u0161port pri nas in v svetu pomembna gospodarska panoga. <\/em><\/strong><\/li>\n<\/ol>\n<p>Po raziskavi iz leta 2018 ustvarja \u0161port 2,12 % BDP Evropske unije, s \u0161portom povezana zaposlenost pa nudi kar 5,67 milijona delovnih mest, kar je 2,72 % delovne sile v vsej Evropski uniji (vir: <em>Uradni list Evropske unije, 13. 12. 2018, <\/em><em>Study on the economic impact of sport through Sport Satellite Accounts<\/em><em>). <\/em><\/p>\n<ol start=\"2\">\n<li><strong><em> Ker ima \u0161port zelo pomembno dru\u017ebeno vlogo v vsakdanjem \u017eivljenju <\/em><\/strong>(socializacija, psiholo\u0161ki in zdravstveni vidik \u2026).<\/li>\n<li><strong><em> Ker ima \u0161port neprecenljivo vlogo spodbujevalca zdru\u017eevanja narodov in kultur<\/em><\/strong> (olimpijske igre, svetovna prvenstva \u2026).<\/li>\n<li><strong><em> Ker se aktivno ukvarjate ali pa ste se aktivno ukvarjali s \u0161portom in si nabrali skozi kariero \u017ee veliko neformalnega znanja.<\/em><\/strong><\/li>\n<li><strong><em> Ker imate \u0161port radi ter gojite do njega strast in veselje.<\/em><\/strong><\/li>\n<li><strong><em> Ker vam lahko \u0161port slu\u017ei kot poklicna orientacija po \u0161portni karieri<\/em><\/strong> (poklicni \u0161portnik, trener, kineziolog, fizioterapevt, \u0161portni pedagog, mened\u017eer v \u0161portu, \u0161portni novinar \u2026).<\/li>\n<li><strong><em> Ker lahko nadaljujete \u0161tudij mened\u017ementa v \u0161portu na vseh treh javnih univerzah v Sloveniji.<\/em><\/strong><\/li>\n<\/ol>\n<p>Mened\u017ement v \u0161portu smo za\u010deli pou\u010devati v \u0161olskem letu 2011\/2012. V okviru predmeta mened\u017ement v \u0161portu so dijaki izdelali ve\u010d kot 100 raziskovalnih nalog, med njimi so bile mnoge nagrajene z zlatim, srebrnim in bronastim dr\u017eavnim priznanjem.<\/p>\n<blockquote>\n<p>Vsebino predmeta popestrimo s \u0161tevilnimi nekdanjimi uspe\u0161nimi dijaki na\u0161e \u0161ole, priznanimi gosti iz sveta \u0161porta, \u0161portnega novinarstva in gospodarstva, ki so uspe\u0161no zdru\u017eevali dvojno kariero.<\/p>\n<\/blockquote>\n<p>Mened\u017ement v \u0161portu je vsekakor lepa karierna prilo\u017enost za vsakega mladega \u0161portnika, saj se bo moral po koncu \u0161portne kariere vklju\u010diti na trg delovne sile. Uvedba ustreznih izobra\u017eevalnih vsebin je zato prilo\u017enost, ki bo omogo\u010dila, da bodo lahko dijaki \u0161portniki, ki so dnevno vpeti v organizacijo in posebnosti vodenja v \u0161portu, svoje izku\u0161nje, znanje in kompetence kasneje tudi formalizirali in prenesli v prakso.<\/p>\n<\/div><div class=\"fusion-clearfix\"><\/div><\/div><\/div><\/div><\/div>\n","protected":false},"excerpt":{"rendered":"","protected":false},"author":5,"featured_media":0,"parent":328,"menu_order":0,"comment_status":"closed","ping_status":"closed","template":"","meta":{"_mi_skip_tracking":false,"_exactmetrics_sitenote_active":false,"_exactmetrics_sitenote_note":"","_exactmetrics_sitenote_category":0},"yoast_head":"<!-- This site is optimized with the Yoast SEO plugin v20.8 - https:\/\/yoast.com\/wordpress\/plugins\/seo\/ -->\n<title>Management v \u0161portu - SREDNJA TEHNI\u0160KA IN STROKOVNA \u0160OLA<\/title>\n<meta name=\"description\" content=\"Management v \u0161portu - Srednja tehni\u0161ka in strokovna \u0161ola - \u0160olski center za po\u0161to, ekonomijo in telekomunikacije Ljubljana - \u0160C PET.\" \/>\n<meta name=\"robots\" content=\"index, follow, max-snippet:-1, max-image-preview:large, max-video-preview:-1\" \/>\n<link rel=\"canonical\" href=\"https:\/\/www.scpet.si\/srednja-tehniska-in-strokovna-sola\/oddelki-z-dijaki-sportniki\/management-v-sportu\/\" \/>\n<meta property=\"og:locale\" content=\"sl_SI\" \/>\n<meta property=\"og:type\" content=\"article\" \/>\n<meta property=\"og:title\" content=\"Management v \u0161portu - SREDNJA TEHNI\u0160KA IN STROKOVNA \u0160OLA\" \/>\n<meta property=\"og:description\" content=\"Management v \u0161portu - Srednja tehni\u0161ka in strokovna \u0161ola - \u0160olski center za po\u0161to, ekonomijo in telekomunikacije Ljubljana - \u0160C PET.\" \/>\n<meta property=\"og:url\" content=\"https:\/\/www.scpet.si\/srednja-tehniska-in-strokovna-sola\/oddelki-z-dijaki-sportniki\/management-v-sportu\/\" \/>\n<meta property=\"og:site_name\" content=\"SREDNJA TEHNI\u0160KA IN STROKOVNA \u0160OLA\" \/>\n<meta property=\"article:modified_time\" content=\"2023-01-31T08:50:45+00:00\" \/>\n<meta name=\"twitter:card\" content=\"summary_large_image\" \/>\n<meta name=\"twitter:label1\" content=\"Est. reading time\" \/>\n\t<meta name=\"twitter:data1\" content=\"3 minute\" \/>\n<script type=\"application\/ld+json\" class=\"yoast-schema-graph\">{\"@context\":\"https:\/\/schema.org\",\"@graph\":[{\"@type\":\"WebPage\",\"@id\":\"https:\/\/www.scpet.si\/srednja-tehniska-in-strokovna-sola\/oddelki-z-dijaki-sportniki\/management-v-sportu\/\",\"url\":\"https:\/\/www.scpet.si\/srednja-tehniska-in-strokovna-sola\/oddelki-z-dijaki-sportniki\/management-v-sportu\/\",\"name\":\"Management v \u0161portu - SREDNJA TEHNI\u0160KA IN STROKOVNA \u0160OLA\",\"isPartOf\":{\"@id\":\"https:\/\/www.scpet.si\/srednja-tehniska-in-strokovna-sola\/#website\"},\"datePublished\":\"2019-12-20T08:17:44+00:00\",\"dateModified\":\"2023-01-31T08:50:45+00:00\",\"description\":\"Management v \u0161portu - Srednja tehni\u0161ka in strokovna \u0161ola - \u0160olski center za po\u0161to, ekonomijo in telekomunikacije Ljubljana - \u0160C PET.\",\"breadcrumb\":{\"@id\":\"https:\/\/www.scpet.si\/srednja-tehniska-in-strokovna-sola\/oddelki-z-dijaki-sportniki\/management-v-sportu\/#breadcrumb\"},\"inLanguage\":\"sl-SI\",\"potentialAction\":[{\"@type\":\"ReadAction\",\"target\":[\"https:\/\/www.scpet.si\/srednja-tehniska-in-strokovna-sola\/oddelki-z-dijaki-sportniki\/management-v-sportu\/\"]}]},{\"@type\":\"BreadcrumbList\",\"@id\":\"https:\/\/www.scpet.si\/srednja-tehniska-in-strokovna-sola\/oddelki-z-dijaki-sportniki\/management-v-sportu\/#breadcrumb\",\"itemListElement\":[{\"@type\":\"ListItem\",\"position\":1,\"name\":\"Home\",\"item\":\"https:\/\/www.scpet.si\/srednja-tehniska-in-strokovna-sola\/\"},{\"@type\":\"ListItem\",\"position\":2,\"name\":\"ODDELKI Z DIJAKI \u0160PORTNIKI\",\"item\":\"https:\/\/www.scpet.si\/srednja-tehniska-in-strokovna-sola\/oddelki-z-dijaki-sportniki\/\"},{\"@type\":\"ListItem\",\"position\":3,\"name\":\"Management v \u0161portu\"}]},{\"@type\":\"WebSite\",\"@id\":\"https:\/\/www.scpet.si\/srednja-tehniska-in-strokovna-sola\/#website\",\"url\":\"https:\/\/www.scpet.si\/srednja-tehniska-in-strokovna-sola\/\",\"name\":\"SREDNJA TEHNI\u0160KA IN STROKOVNA \u0160OLA\",\"description\":\"Just another \u0160C PET Sites site\",\"potentialAction\":[{\"@type\":\"SearchAction\",\"target\":{\"@type\":\"EntryPoint\",\"urlTemplate\":\"https:\/\/www.scpet.si\/srednja-tehniska-in-strokovna-sola\/?s={search_term_string}\"},\"query-input\":\"required name=search_term_string\"}],\"inLanguage\":\"sl-SI\"}]}<\/script>\n<!-- \/ Yoast SEO plugin. -->","yoast_head_json":{"title":"Management v \u0161portu - SREDNJA TEHNI\u0160KA IN STROKOVNA \u0160OLA","description":"Management v \u0161portu - Srednja tehni\u0161ka in strokovna \u0161ola - \u0160olski center za po\u0161to, ekonomijo in telekomunikacije Ljubljana - \u0160C PET.","robots":{"index":"index","follow":"follow","max-snippet":"max-snippet:-1","max-image-preview":"max-image-preview:large","max-video-preview":"max-video-preview:-1"},"canonical":"https:\/\/www.scpet.si\/srednja-tehniska-in-strokovna-sola\/oddelki-z-dijaki-sportniki\/management-v-sportu\/","og_locale":"sl_SI","og_type":"article","og_title":"Management v \u0161portu - SREDNJA TEHNI\u0160KA IN STROKOVNA \u0160OLA","og_description":"Management v \u0161portu - Srednja tehni\u0161ka in strokovna \u0161ola - \u0160olski center za po\u0161to, ekonomijo in telekomunikacije Ljubljana - \u0160C PET.","og_url":"https:\/\/www.scpet.si\/srednja-tehniska-in-strokovna-sola\/oddelki-z-dijaki-sportniki\/management-v-sportu\/","og_site_name":"SREDNJA TEHNI\u0160KA IN STROKOVNA \u0160OLA","article_modified_time":"2023-01-31T08:50:45+00:00","twitter_card":"summary_large_image","twitter_misc":{"Est. reading time":"3 minute"},"schema":{"@context":"https:\/\/schema.org","@graph":[{"@type":"WebPage","@id":"https:\/\/www.scpet.si\/srednja-tehniska-in-strokovna-sola\/oddelki-z-dijaki-sportniki\/management-v-sportu\/","url":"https:\/\/www.scpet.si\/srednja-tehniska-in-strokovna-sola\/oddelki-z-dijaki-sportniki\/management-v-sportu\/","name":"Management v \u0161portu - SREDNJA TEHNI\u0160KA IN STROKOVNA \u0160OLA","isPartOf":{"@id":"https:\/\/www.scpet.si\/srednja-tehniska-in-strokovna-sola\/#website"},"datePublished":"2019-12-20T08:17:44+00:00","dateModified":"2023-01-31T08:50:45+00:00","description":"Management v \u0161portu - Srednja tehni\u0161ka in strokovna \u0161ola - \u0160olski center za po\u0161to, ekonomijo in telekomunikacije Ljubljana - \u0160C PET.","breadcrumb":{"@id":"https:\/\/www.scpet.si\/srednja-tehniska-in-strokovna-sola\/oddelki-z-dijaki-sportniki\/management-v-sportu\/#breadcrumb"},"inLanguage":"sl-SI","potentialAction":[{"@type":"ReadAction","target":["https:\/\/www.scpet.si\/srednja-tehniska-in-strokovna-sola\/oddelki-z-dijaki-sportniki\/management-v-sportu\/"]}]},{"@type":"BreadcrumbList","@id":"https:\/\/www.scpet.si\/srednja-tehniska-in-strokovna-sola\/oddelki-z-dijaki-sportniki\/management-v-sportu\/#breadcrumb","itemListElement":[{"@type":"ListItem","position":1,"name":"Home","item":"https:\/\/www.scpet.si\/srednja-tehniska-in-strokovna-sola\/"},{"@type":"ListItem","position":2,"name":"ODDELKI Z DIJAKI \u0160PORTNIKI","item":"https:\/\/www.scpet.si\/srednja-tehniska-in-strokovna-sola\/oddelki-z-dijaki-sportniki\/"},{"@type":"ListItem","position":3,"name":"Management v \u0161portu"}]},{"@type":"WebSite","@id":"https:\/\/www.scpet.si\/srednja-tehniska-in-strokovna-sola\/#website","url":"https:\/\/www.scpet.si\/srednja-tehniska-in-strokovna-sola\/","name":"SREDNJA TEHNI\u0160KA IN STROKOVNA \u0160OLA","description":"Just another \u0160C PET Sites site","potentialAction":[{"@type":"SearchAction","target":{"@type":"EntryPoint","urlTemplate":"https:\/\/www.scpet.si\/srednja-tehniska-in-strokovna-sola\/?s={search_term_string}"},"query-input":"required name=search_term_string"}],"inLanguage":"sl-SI"}]}},"_links":{"self":[{"href":"https:\/\/www.scpet.si\/srednja-tehniska-in-strokovna-sola\/wp-json\/wp\/v2\/pages\/347"}],"collection":[{"href":"https:\/\/www.scpet.si\/srednja-tehniska-in-strokovna-sola\/wp-json\/wp\/v2\/pages"}],"about":[{"href":"https:\/\/www.scpet.si\/srednja-tehniska-in-strokovna-sola\/wp-json\/wp\/v2\/types\/page"}],"author":[{"embeddable":true,"href":"https:\/\/www.scpet.si\/srednja-tehniska-in-strokovna-sola\/wp-json\/wp\/v2\/users\/5"}],"replies":[{"embeddable":true,"href":"https:\/\/www.scpet.si\/srednja-tehniska-in-strokovna-sola\/wp-json\/wp\/v2\/comments?post=347"}],"version-history":[{"count":0,"href":"https:\/\/www.scpet.si\/srednja-tehniska-in-strokovna-sola\/wp-json\/wp\/v2\/pages\/347\/revisions"}],"up":[{"embeddable":true,"href":"https:\/\/www.scpet.si\/srednja-tehniska-in-strokovna-sola\/wp-json\/wp\/v2\/pages\/328"}],"wp:attachment":[{"href":"https:\/\/www.scpet.si\/srednja-tehniska-in-strokovna-sola\/wp-json\/wp\/v2\/media?parent=347"}],"curies":[{"name":"wp","href":"https:\/\/api.w.org\/{rel}","templated":true}]}}