{"id":355,"date":"2019-12-20T09:21:04","date_gmt":"2019-12-20T08:21:04","guid":{"rendered":"https:\/\/nova.scpet.si\/srednja-tehniska-in-strokovna-sola\/sportni-oddelki\/preventiva-v-sportu-copy\/"},"modified":"2025-01-27T13:45:20","modified_gmt":"2025-01-27T12:45:20","slug":"sodelovanje-s-panoznimi-zvezami","status":"publish","type":"page","link":"https:\/\/www.scpet.si\/srednja-tehniska-in-strokovna-sola\/oddelki-z-dijaki-sportniki\/sodelovanje-s-panoznimi-zvezami\/","title":{"rendered":"Sodelovanje s pano\u017enimi zvezami"},"content":{"rendered":"<div class=\"fusion-fullwidth fullwidth-box fusion-builder-row-1 nonhundred-percent-fullwidth non-hundred-percent-height-scrolling\" style=\"background-color: rgba(255,255,255,0);background-position: center center;background-repeat: no-repeat;padding-top:0px;padding-right:0px;padding-bottom:0px;padding-left:0px;margin-bottom: 0px;margin-top: 0px;border-width: 0px 0px 0px 0px;border-color:#eae9e9;border-style:solid;\" ><div class=\"fusion-builder-row fusion-row\"><div class=\"fusion-layout-column fusion_builder_column fusion-builder-column-0 fusion_builder_column_1_1 1_1 fusion-one-full fusion-column-first fusion-column-last\" style=\"margin-top:0px;margin-bottom:0px;\"><div class=\"fusion-column-wrapper fusion-flex-column-wrapper-legacy\" style=\"background-position:left top;background-repeat:no-repeat;-webkit-background-size:cover;-moz-background-size:cover;-o-background-size:cover;background-size:cover;padding: 0px 0px 0px 0px;\"><style type=\"text\/css\"><\/style><div class=\"fusion-title title fusion-title-1 fusion-sep-none fusion-title-text fusion-title-size-one\" style=\"margin-top:0px;margin-right:0px;margin-bottom:31px;margin-left:0px;\"><h1 class=\"title-heading-left\" style=\"margin:0;\">Sodelovanje s pano\u017enimi zvezami<\/h1><\/div><div class=\"fusion-text fusion-text-1\"><h3>Fantovski nogometni oddelki v sodelovanju s klubi in NZS<\/h3>\n<p>V nogometni razred \u0160C PET so vklju\u010deni dijaki, ki imajo ambicijo postati dobri nogometa\u0161i in tudi uspe\u0161no zaklju\u010diti srednje\u0161olsko izobra\u017eevanje. Na \u0161olo je vpisanih preko 200 dijakov nogometa\u0161ev in nogometa\u0161ic, ki imajo prilagojen urnik ter lahko tako v svojih klubih in v okviru projekta Nogometni razred (v projekt so vklju\u010dene Nogometna zveza Slovenije, Gimnazija \u0160i\u0161ka in \u0160C PET) trenirajo tudi v dopoldanskem \u010dasu.<\/p>\n<p>Poleg koordinatorjev iz \u0160C PET zanje skrbijo \u0161e trenerji NZS (Dejan Jelnikar, Tomi Kostric, Primo\u017e Zver, Daniel Pavlin) ter vzgojitelji.<\/p>\n<div class=\"fusion-sep-clear\"><\/div><div class=\"fusion-separator fusion-full-width-sep\" style=\"margin-left: auto;margin-right: auto;margin-top:0px;margin-bottom:15px;width:100%;\"><div class=\"fusion-separator-border sep-single sep-solid\" style=\"border-color:#e0dede;border-top-width:2px;\"><\/div><\/div><div class=\"fusion-sep-clear\"><\/div>\n<p>Nogometni razred NZS \u017eeli vsem nadarjenim nogometa\u0161em in nogometa\u0161icam omogo\u010diti mo\u017enost kakovostnega izobra\u017eevanja. Na \u0161portnem podro\u010dju je najve\u010dja prednost projekta vsekakor \u0161irok celostni nogometni razvoj posameznika, ki mu je projekt popolnoma podrejen. Namen projekta je skrb za nogometa\u0161ev individualni dolgoro\u010dni napredek in uspeh tako na osebnem kot \u0161portnem podro\u010dju.\u00a0<a href=\"https:\/\/www.nzs.si\/Nogomet_za_vse\/Igrisce\/Nogometni_razred_NZS\/Fantovski_nogometni_oddelek\/Informativni_dan\" target=\"_blank\" rel=\"noopener noreferrer\">Ve\u010d informacij &gt; &#8230;<\/a><\/p>\n<ul>\n<li>FANTJE:\u00a0<a href=\"mailto:dejan.jelnikar@nzs.si\" target=\"_blank\" rel=\"noopener noreferrer\">dejan.jelnikar@nzs.si<\/a><\/li>\n<li>DEKLETA:\u00a0<a href=\"mailto:anja.milenkovic14@gmail.com\" target=\"_blank\" rel=\"noopener noreferrer\">anja.milenkovic14@gmail.com<\/a><\/li>\n<\/ul>\n<h2>TESTIRANJE NZS (KATEGORIZACIJA):<\/h2>\n<p>Testiranje (nogometnih motori\u010dnih sposobnosti) za fante in dekleta\u00a0bomo izvajali\u00a0v \u0160portnem parku \u017dAK \u2013 \u0160i\u0161ka v Ljubljani:<\/p>\n<ul>\n<li>FANTJE: v torek, 05. 03. 2023 | <a href=\"https:\/\/www.nzs.si\/Nogomet_za_vse\/Igrisce\/Nogometni_razred_NZS\/Fantovski_nogometni_oddelek\/Testiranje_NZS\" target=\"_blank\" rel=\"noopener noreferrer\">Ve\u010d informacij &gt; &#8230;<\/a><\/li>\n<li>DEKLETA: v sreda, 28. 02. 2023<\/li>\n<\/ul>\n<p>Ve\u010d informacij:<\/p>\n<ul>\n<li>FANTJE:\u00a0<a href=\"mailto:dejan.jelnikar@nzs.si\" target=\"_blank\" rel=\"noopener noreferrer\">dejan.jelnikar@nzs.si<\/a>.<\/li>\n<li>DEKLETA:\u00a0<a href=\"\/AppData\/Local\/Microsoft\/Windows\/INetCache\/Content.Outlook\/484MRKTA\/petra.mikeln@nzs.si\" target=\"_blank\" rel=\"noopener noreferrer\">petra.mikeln@nzs.si<\/a><\/li>\n<\/ul>\n<h2>FANTOVSKI NOGOMETNI RAZRED:<\/h2>\n<p><a class=\"x_download\" href=\"https:\/\/www.nzs.si\/Doc\/Info\/2021\/Predstavitvena%20zgibanka%20Fantovskega%20nogometnega%20razreda%202021.pdf\" target=\"_blank\" rel=\"noopener noreferrer\"><img class=\"lazyload\" decoding=\"async\" src=\"data:image\/gif;base64,R0lGODlhAQABAAAAACH5BAEKAAEALAAAAAABAAEAAAICTAEAOw==\" data-orig-src=\"https:\/\/www.nzs.si\/images\/filetypes\/pdf.gif\" alt=\"\" border=\"0\" \/> Predstavitvena zgibanka Fantovskega nogometnega razreda 2021<\/a><\/p>\n<p>Dodatne\u00a0informacije: Koordinator\u00a0Fantovskih nogometnih oddelkov NZS, Dejan Jelnikar: 031\u00a0789\u00a0788,\u00a0<a href=\"mailto:dejan.jelnikar@nzs.si\" target=\"_blank\" rel=\"noopener noreferrer\">dejan.jelnikar@nzs.si<\/a><\/p>\n<h2>DEKLI\u0160KI NOGOMETNI ODDELEK:<\/h2>\n<p><a href=\"https:\/\/www.nzs.si\/Doc\/e-DNO2022-S.pdf\" target=\"_blank\" rel=\"noopener noreferrer\"><img class=\"lazyload\" decoding=\"async\" src=\"data:image\/gif;base64,R0lGODlhAQABAAAAACH5BAEKAAEALAAAAAABAAEAAAICTAEAOw==\" data-orig-src=\"https:\/\/www.nzs.si\/images\/filetypes\/pdf.gif\" alt=\"\" border=\"0\" \/>Predstavitvena zgibanka Dekli\u0161kega nogometnega oddelka<\/a><\/p>\n<p>Dodatne\u00a0informacije: Koordinatorica\u00a0Dekli\u0161kih nogometnih oddelkov NZS, Anja\u00a0Milenkovi\u0107: 041 855 866,\u00a0<a href=\"mailto:anja.milenkovic14@gmail.com\" target=\"_blank\" rel=\"noopener noreferrer\">anja.milenkovic14@gmail.com<\/a><\/p>\n<div class=\"fusion-sep-clear\"><\/div><div class=\"fusion-separator fusion-full-width-sep\" style=\"margin-left: auto;margin-right: auto;margin-top:8px;margin-bottom:0px;width:100%;\"><div class=\"fusion-separator-border sep-single sep-solid\" style=\"border-color:#e0dede;border-top-width:2px;\"><\/div><\/div><div class=\"fusion-sep-clear\"><\/div>\n<h3>Dekli\u0161ki nogometni oddelek v sodelovanju z NZS<\/h3>\n<p>Vpis deklet v dekli\u0161ki nogometni oddelek v zadnjih letih nara\u0161\u010da, zato so v letu 2013 vodstva \u0160olskega centra za po\u0161to, ekonomijo in telekomunikacijo Ljubljana (\u0160C PET), Gimnazije \u0160i\u0161ka\u00a0 in Nogometne zveze Slovenije sklenila dogovor, da se v \u0161olskem letu 2014\/2015 bodo\u010dim dijakinjam omogo\u010di vpis v dekli\u0161ki nogometni oddelek v okviru oddelkov Gimnazije \u0160i\u0161ka in \u0160C PET. Ve\u010dina nogometa\u0161ic, ki obiskujejo \u0160C PET,\u00a0 je \u010dlanic mlaj\u0161ih \u017eenskih nogometnih reprezentanc Slovenije.<\/p>\n<p>Zanje skrbijo trenerjke iz nogometnega oddelka (Tina Kelenberger, Petra Mikeln, Anja Milinkovi\u010d), vzgojitelji ter na\u0161i koordinatorji.<\/p>\n<div class=\"video-shortcode\"><iframe title=\"Nogometna oddelka NZS - Gimnazija \u0160i\u0161ka in \u0160C PET\" width=\"1280\" height=\"720\" src=\"https:\/\/www.youtube.com\/embed\/MQNZIEZT6qk?feature=oembed\" frameborder=\"0\" allow=\"accelerometer; autoplay; clipboard-write; encrypted-media; gyroscope; picture-in-picture\" allowfullscreen><\/iframe><\/div>\n<p>Povezava:\u00a0 <a href=\"https:\/\/youtu.be\/MQNZIEZT6qk\">https:\/\/youtu.be\/MQNZIEZT6qk<\/a><\/p>\n<p><a href=\"https:\/\/www.scpet.si\/srednja-tehniska-in-strokovna-sola\/wp-content\/uploads\/sites\/2\/2021\/01\/Dekliski_nogometni_oddelki2021.pdf\" target=\"_blank\" rel=\"noopener\">Predstavitvena zgibanka Dekli\u0161kega nogometnega oddelka<\/a> \/.pdf, 844KB\/<\/p>\n<h3>Rokomet na \u0160C PET<\/h3>\n<p>V \u0161olskem letu 2017\/2018 smo skupaj z Rokometno zvezo Slovenije sklenili tesnej\u0161e sodelovanje, ki omogo\u010da mladim rokometa\u0161em, da dvakrat tedensko opravijo na \u0160C PET vadbo pod vodstvom trenerja Rokometne zveze Slovenije. Na treningu so lahko prisotni tudi klubski trenerji, ki s svojimi rokometa\u0161i opravljajo individualizirano vadbo.<\/p>\n<p>Z RZS je na vseh treningih prisoten trener Rok Ko\u0161\u010dak. Koordinatorica projekta NP\u0160\u0160 je profesorica Petra Primo\u017ei\u010d.<\/p>\n<div class=\"video-shortcode\"><iframe title=\"Rokometni treningi \u0160CPET Ljubljana\" width=\"1280\" height=\"720\" src=\"https:\/\/www.youtube.com\/embed\/KIH6kAfw9xQ?feature=oembed\" frameborder=\"0\" allow=\"accelerometer; autoplay; clipboard-write; encrypted-media; gyroscope; picture-in-picture\" allowfullscreen><\/iframe><\/div>\n<p>Povezava:<a href=\"https:\/\/www.youtube.com\/watch?v=KIH6kAfw9xQ\"> https:\/\/www.youtube.com\/watch?v=KIH6kAfw9xQ<\/a><\/p>\n<h3>Ko\u0161arka na \u0160C PET<\/h3>\n<p>Ko\u0161arkarji imajo mo\u017enost trenirati tudi v dopoldanskem \u010dasu v dogovoru s trenerjem in \u0161portnim koordinatorjem. Redno tekmujemo v ljubljanski srednje\u0161olski ligi, in to kar z dvema ekipama. Prvo ekipo sestavljajo dijaki 3. in 4. letnika, drugo ekipo pa dijaki 1. in 2. letnika. Na na\u0161o \u0161olo je vpisan tudi mladinski reprezentant Slovenije \u017diga Samar, biv\u0161i igralec Reala iz Madrida. \u017diga uspe\u0161no opravlja svoje \u0161olske obveznosti preko izobra\u017eevanja na daljavo, ki ga omogo\u010da sistem dela v oddelkih z dijaki \u0161portniki na \u0160C PET.<\/p>\n<\/div><div class=\"fusion-clearfix\"><\/div><\/div><\/div><\/div><\/div>\n","protected":false},"excerpt":{"rendered":"","protected":false},"author":5,"featured_media":0,"parent":328,"menu_order":0,"comment_status":"closed","ping_status":"closed","template":"","meta":{"_mi_skip_tracking":false,"_exactmetrics_sitenote_active":false,"_exactmetrics_sitenote_note":"","_exactmetrics_sitenote_category":0},"yoast_head":"<!-- This site is optimized with the Yoast SEO plugin v20.8 - https:\/\/yoast.com\/wordpress\/plugins\/seo\/ -->\n<title>Sodelovanje s pano\u017enimi zvezami - SREDNJA TEHNI\u0160KA IN STROKOVNA \u0160OLA<\/title>\n<meta name=\"description\" content=\"Sodelovanje s pano\u017enimi zvezami - Srednja tehni\u0161ka in strokovna \u0161ola - \u0160olski center za po\u0161to, ekonomijo in telekomunikacije Ljubljana - \u0160C PET.\" \/>\n<meta name=\"robots\" content=\"index, follow, max-snippet:-1, max-image-preview:large, max-video-preview:-1\" \/>\n<link rel=\"canonical\" href=\"https:\/\/www.scpet.si\/srednja-tehniska-in-strokovna-sola\/oddelki-z-dijaki-sportniki\/sodelovanje-s-panoznimi-zvezami\/\" \/>\n<meta property=\"og:locale\" content=\"sl_SI\" \/>\n<meta property=\"og:type\" content=\"article\" \/>\n<meta property=\"og:title\" content=\"Sodelovanje s pano\u017enimi zvezami - SREDNJA TEHNI\u0160KA IN STROKOVNA \u0160OLA\" \/>\n<meta property=\"og:description\" content=\"Sodelovanje s pano\u017enimi zvezami - Srednja tehni\u0161ka in strokovna \u0161ola - \u0160olski center za po\u0161to, ekonomijo in telekomunikacije Ljubljana - \u0160C PET.\" \/>\n<meta property=\"og:url\" content=\"https:\/\/www.scpet.si\/srednja-tehniska-in-strokovna-sola\/oddelki-z-dijaki-sportniki\/sodelovanje-s-panoznimi-zvezami\/\" \/>\n<meta property=\"og:site_name\" content=\"SREDNJA TEHNI\u0160KA IN STROKOVNA \u0160OLA\" \/>\n<meta property=\"article:modified_time\" content=\"2025-01-27T12:45:20+00:00\" \/>\n<meta property=\"og:image\" content=\"https:\/\/www.nzs.si\/images\/filetypes\/pdf.gif\" \/>\n<meta name=\"twitter:card\" content=\"summary_large_image\" \/>\n<meta name=\"twitter:label1\" content=\"Est. reading time\" \/>\n\t<meta name=\"twitter:data1\" content=\"3 minute\" \/>\n<script type=\"application\/ld+json\" class=\"yoast-schema-graph\">{\"@context\":\"https:\/\/schema.org\",\"@graph\":[{\"@type\":\"WebPage\",\"@id\":\"https:\/\/www.scpet.si\/srednja-tehniska-in-strokovna-sola\/oddelki-z-dijaki-sportniki\/sodelovanje-s-panoznimi-zvezami\/\",\"url\":\"https:\/\/www.scpet.si\/srednja-tehniska-in-strokovna-sola\/oddelki-z-dijaki-sportniki\/sodelovanje-s-panoznimi-zvezami\/\",\"name\":\"Sodelovanje s pano\u017enimi zvezami - SREDNJA TEHNI\u0160KA IN STROKOVNA \u0160OLA\",\"isPartOf\":{\"@id\":\"https:\/\/www.scpet.si\/srednja-tehniska-in-strokovna-sola\/#website\"},\"datePublished\":\"2019-12-20T08:21:04+00:00\",\"dateModified\":\"2025-01-27T12:45:20+00:00\",\"description\":\"Sodelovanje s pano\u017enimi zvezami - Srednja tehni\u0161ka in strokovna \u0161ola - \u0160olski center za po\u0161to, ekonomijo in telekomunikacije Ljubljana - \u0160C PET.\",\"breadcrumb\":{\"@id\":\"https:\/\/www.scpet.si\/srednja-tehniska-in-strokovna-sola\/oddelki-z-dijaki-sportniki\/sodelovanje-s-panoznimi-zvezami\/#breadcrumb\"},\"inLanguage\":\"sl-SI\",\"potentialAction\":[{\"@type\":\"ReadAction\",\"target\":[\"https:\/\/www.scpet.si\/srednja-tehniska-in-strokovna-sola\/oddelki-z-dijaki-sportniki\/sodelovanje-s-panoznimi-zvezami\/\"]}]},{\"@type\":\"BreadcrumbList\",\"@id\":\"https:\/\/www.scpet.si\/srednja-tehniska-in-strokovna-sola\/oddelki-z-dijaki-sportniki\/sodelovanje-s-panoznimi-zvezami\/#breadcrumb\",\"itemListElement\":[{\"@type\":\"ListItem\",\"position\":1,\"name\":\"Home\",\"item\":\"https:\/\/www.scpet.si\/srednja-tehniska-in-strokovna-sola\/\"},{\"@type\":\"ListItem\",\"position\":2,\"name\":\"ODDELKI Z DIJAKI \u0160PORTNIKI\",\"item\":\"https:\/\/www.scpet.si\/srednja-tehniska-in-strokovna-sola\/oddelki-z-dijaki-sportniki\/\"},{\"@type\":\"ListItem\",\"position\":3,\"name\":\"Sodelovanje s pano\u017enimi zvezami\"}]},{\"@type\":\"WebSite\",\"@id\":\"https:\/\/www.scpet.si\/srednja-tehniska-in-strokovna-sola\/#website\",\"url\":\"https:\/\/www.scpet.si\/srednja-tehniska-in-strokovna-sola\/\",\"name\":\"SREDNJA TEHNI\u0160KA IN STROKOVNA \u0160OLA\",\"description\":\"Just another \u0160C PET Sites site\",\"potentialAction\":[{\"@type\":\"SearchAction\",\"target\":{\"@type\":\"EntryPoint\",\"urlTemplate\":\"https:\/\/www.scpet.si\/srednja-tehniska-in-strokovna-sola\/?s={search_term_string}\"},\"query-input\":\"required name=search_term_string\"}],\"inLanguage\":\"sl-SI\"}]}<\/script>\n<!-- \/ Yoast SEO plugin. -->","yoast_head_json":{"title":"Sodelovanje s pano\u017enimi zvezami - SREDNJA TEHNI\u0160KA IN STROKOVNA \u0160OLA","description":"Sodelovanje s pano\u017enimi zvezami - Srednja tehni\u0161ka in strokovna \u0161ola - \u0160olski center za po\u0161to, ekonomijo in telekomunikacije Ljubljana - \u0160C PET.","robots":{"index":"index","follow":"follow","max-snippet":"max-snippet:-1","max-image-preview":"max-image-preview:large","max-video-preview":"max-video-preview:-1"},"canonical":"https:\/\/www.scpet.si\/srednja-tehniska-in-strokovna-sola\/oddelki-z-dijaki-sportniki\/sodelovanje-s-panoznimi-zvezami\/","og_locale":"sl_SI","og_type":"article","og_title":"Sodelovanje s pano\u017enimi zvezami - SREDNJA TEHNI\u0160KA IN STROKOVNA \u0160OLA","og_description":"Sodelovanje s pano\u017enimi zvezami - Srednja tehni\u0161ka in strokovna \u0161ola - \u0160olski center za po\u0161to, ekonomijo in telekomunikacije Ljubljana - \u0160C PET.","og_url":"https:\/\/www.scpet.si\/srednja-tehniska-in-strokovna-sola\/oddelki-z-dijaki-sportniki\/sodelovanje-s-panoznimi-zvezami\/","og_site_name":"SREDNJA TEHNI\u0160KA IN STROKOVNA \u0160OLA","article_modified_time":"2025-01-27T12:45:20+00:00","og_image":[{"url":"https:\/\/www.nzs.si\/images\/filetypes\/pdf.gif"}],"twitter_card":"summary_large_image","twitter_misc":{"Est. reading time":"3 minute"},"schema":{"@context":"https:\/\/schema.org","@graph":[{"@type":"WebPage","@id":"https:\/\/www.scpet.si\/srednja-tehniska-in-strokovna-sola\/oddelki-z-dijaki-sportniki\/sodelovanje-s-panoznimi-zvezami\/","url":"https:\/\/www.scpet.si\/srednja-tehniska-in-strokovna-sola\/oddelki-z-dijaki-sportniki\/sodelovanje-s-panoznimi-zvezami\/","name":"Sodelovanje s pano\u017enimi zvezami - SREDNJA TEHNI\u0160KA IN STROKOVNA \u0160OLA","isPartOf":{"@id":"https:\/\/www.scpet.si\/srednja-tehniska-in-strokovna-sola\/#website"},"datePublished":"2019-12-20T08:21:04+00:00","dateModified":"2025-01-27T12:45:20+00:00","description":"Sodelovanje s pano\u017enimi zvezami - Srednja tehni\u0161ka in strokovna \u0161ola - \u0160olski center za po\u0161to, ekonomijo in telekomunikacije Ljubljana - \u0160C PET.","breadcrumb":{"@id":"https:\/\/www.scpet.si\/srednja-tehniska-in-strokovna-sola\/oddelki-z-dijaki-sportniki\/sodelovanje-s-panoznimi-zvezami\/#breadcrumb"},"inLanguage":"sl-SI","potentialAction":[{"@type":"ReadAction","target":["https:\/\/www.scpet.si\/srednja-tehniska-in-strokovna-sola\/oddelki-z-dijaki-sportniki\/sodelovanje-s-panoznimi-zvezami\/"]}]},{"@type":"BreadcrumbList","@id":"https:\/\/www.scpet.si\/srednja-tehniska-in-strokovna-sola\/oddelki-z-dijaki-sportniki\/sodelovanje-s-panoznimi-zvezami\/#breadcrumb","itemListElement":[{"@type":"ListItem","position":1,"name":"Home","item":"https:\/\/www.scpet.si\/srednja-tehniska-in-strokovna-sola\/"},{"@type":"ListItem","position":2,"name":"ODDELKI Z DIJAKI \u0160PORTNIKI","item":"https:\/\/www.scpet.si\/srednja-tehniska-in-strokovna-sola\/oddelki-z-dijaki-sportniki\/"},{"@type":"ListItem","position":3,"name":"Sodelovanje s pano\u017enimi zvezami"}]},{"@type":"WebSite","@id":"https:\/\/www.scpet.si\/srednja-tehniska-in-strokovna-sola\/#website","url":"https:\/\/www.scpet.si\/srednja-tehniska-in-strokovna-sola\/","name":"SREDNJA TEHNI\u0160KA IN STROKOVNA \u0160OLA","description":"Just another \u0160C PET Sites site","potentialAction":[{"@type":"SearchAction","target":{"@type":"EntryPoint","urlTemplate":"https:\/\/www.scpet.si\/srednja-tehniska-in-strokovna-sola\/?s={search_term_string}"},"query-input":"required name=search_term_string"}],"inLanguage":"sl-SI"}]}},"_links":{"self":[{"href":"https:\/\/www.scpet.si\/srednja-tehniska-in-strokovna-sola\/wp-json\/wp\/v2\/pages\/355"}],"collection":[{"href":"https:\/\/www.scpet.si\/srednja-tehniska-in-strokovna-sola\/wp-json\/wp\/v2\/pages"}],"about":[{"href":"https:\/\/www.scpet.si\/srednja-tehniska-in-strokovna-sola\/wp-json\/wp\/v2\/types\/page"}],"author":[{"embeddable":true,"href":"https:\/\/www.scpet.si\/srednja-tehniska-in-strokovna-sola\/wp-json\/wp\/v2\/users\/5"}],"replies":[{"embeddable":true,"href":"https:\/\/www.scpet.si\/srednja-tehniska-in-strokovna-sola\/wp-json\/wp\/v2\/comments?post=355"}],"version-history":[{"count":0,"href":"https:\/\/www.scpet.si\/srednja-tehniska-in-strokovna-sola\/wp-json\/wp\/v2\/pages\/355\/revisions"}],"up":[{"embeddable":true,"href":"https:\/\/www.scpet.si\/srednja-tehniska-in-strokovna-sola\/wp-json\/wp\/v2\/pages\/328"}],"wp:attachment":[{"href":"https:\/\/www.scpet.si\/srednja-tehniska-in-strokovna-sola\/wp-json\/wp\/v2\/media?parent=355"}],"curies":[{"name":"wp","href":"https:\/\/api.w.org\/{rel}","templated":true}]}}