{"id":1127,"date":"2021-06-30T10:16:11","date_gmt":"2021-06-30T08:16:11","guid":{"rendered":"https:\/\/www.scpet.si\/vss\/?page_id=1127"},"modified":"2025-02-10T14:15:27","modified_gmt":"2025-02-10T13:15:27","slug":"razpis-urnik-cenik","status":"publish","type":"page","link":"https:\/\/www.scpet.si\/vss\/sap-erp\/razpis-urnik-cenik\/","title":{"rendered":"Razpis\/urnik\/cenik"},"content":{"rendered":"<div class=\"fusion-fullwidth fullwidth-box fusion-builder-row-1 fusion-flex-container nonhundred-percent-fullwidth non-hundred-percent-height-scrolling\" style=\"background-color: rgba(255,255,255,0);background-position: center center;background-repeat: no-repeat;border-width: 0px 0px 0px 0px;border-color:#eae9e9;border-style:solid;\" ><div class=\"fusion-builder-row fusion-row fusion-flex-align-items-flex-start\" style=\"max-width:1331.2px;margin-left: calc(-4% \/ 2 );margin-right: calc(-4% \/ 2 );\"><div class=\"fusion-layout-column fusion_builder_column fusion-builder-column-0 fusion_builder_column_1_1 1_1 fusion-flex-column\"><div class=\"fusion-column-wrapper fusion-flex-justify-content-flex-start fusion-content-layout-column\" style=\"background-position:left top;background-repeat:no-repeat;-webkit-background-size:cover;-moz-background-size:cover;-o-background-size:cover;background-size:cover;padding: 0px 0px 0px 0px;\"><div class=\"fusion-text fusion-text-1\"><h2>Razpis\/urnik\/cenik<\/h2>\n<h4>\u0160OLSKI CENTER ZA PO\u0160TO, EKONOMIJO IN TELEKOMUNIKACIJE LJUBLJANA<br \/>\nVI\u0160JA STROKOVNA \u0160OLA, SAP Lokalna Akademija<\/h4>\n<p>Za pridobitev certifikata (SAP ERP), ki ga podeljuje \u0160C PET, VS\u0160, razpisujemo prosta mesta:<\/p>\n<\/div><div class=\"fusion-separator fusion-full-width-sep\" style=\"align-self: center;margin-left: auto;margin-right: auto;margin-top:20px;width:100%;\"><\/div>\n<div class=\"table-1\">\n<table width=\"450px\">\n<thead>\n<tr>\n<th style=\"text-align: center;\" align=\"left\">Izobra\u017eevanje SAP (ERP)<\/th>\n<th style=\"text-align: center;\" align=\"left\">Razpisanih mest (redni, izredni, zunanji)<\/th>\n<\/tr>\n<\/thead>\n<tbody>\n<tr>\n<td style=\"text-align: center;\" align=\"left\">Modul 1<\/td>\n<td style=\"text-align: center;\" align=\"left\">14<\/td>\n<\/tr>\n<tr>\n<td style=\"text-align: center;\" align=\"left\">Modul 2<\/td>\n<td style=\"text-align: center;\" align=\"left\">14<\/td>\n<\/tr>\n<\/tbody>\n<\/table>\n<\/div>\n<div class=\"fusion-separator fusion-full-width-sep\" style=\"align-self: center;margin-left: auto;margin-right: auto;margin-top:20px;width:100%;\"><\/div><div class=\"fusion-text fusion-text-2\"><p>M1 (za\u010detni) bomo izvajali, \u010de bo prijavljeno min. 10 kandidatov.<br \/>\nModul M2 (nadaljevalni) bomo izvajali, \u010de bo prijavljenih minimalno 8 kandidatov.<br \/>\nIzobra\u017eevanje bomo izvajali v ra\u010dunalni\u0161kih u\u010dilnicah, \u0160C PET.<\/p>\n<\/div><div class=\"fusion-separator fusion-full-width-sep\" style=\"align-self: center;margin-left: auto;margin-right: auto;margin-top:10px;margin-bottom:10px;width:100%;\"><div class=\"fusion-separator-border sep-single sep-solid\" style=\"border-color:#ffffff;border-top-width:0px;\"><\/div><\/div><div class=\"fusion-text fusion-text-3\"><p>Za\u00a0\u0161tudente rednega \u0161tudija, vi\u0161je\u0161olskega \u0161tudijskega programa Ekonomist, je izobra\u017eevanje brezpla\u010dno (pogoj je status \u0161tudenta). S \u0161tudentom se sklene pogodba o izobra\u017eevanju, ki vklju\u010duje obveznosti \u0161tudenta do brezpla\u010dnega izobra\u017eevanja.<\/p>\n<\/div><div class=\"fusion-separator fusion-full-width-sep\" style=\"align-self: center;margin-left: auto;margin-right: auto;margin-top:10px;margin-bottom:10px;width:100%;\"><div class=\"fusion-separator-border sep-single sep-solid\" style=\"border-color:#ffffff;border-top-width:0px;\"><\/div><\/div><div class=\"fusion-text fusion-text-4\"><p>Prijave zbira Nata\u0161a N. Ipavec, osebno ali po e-po\u0161ti\u00a0 <a href=\"mailto:nata\u0161a.novakipavec@scpet.si\">nata\u0161a.novakipavec@scpet.si<\/a><\/p>\n<p><a href=\"https:\/\/e-ucilnica.scpet.si\/course\/index.php?categoryid=48\">URNIKI \u2013 SAP ERP<\/a><\/p>\n<\/div><div class=\"fusion-separator fusion-full-width-sep\" style=\"align-self: center;margin-left: auto;margin-right: auto;margin-top:10px;margin-bottom:0px;width:100%;\"><div class=\"fusion-separator-border sep-single sep-solid\" style=\"border-color:#e0dede;border-top-width:1px;\"><\/div><\/div><div class=\"fusion-text fusion-text-5\"><h4><strong>Cenik prispevkov za udele\u017eence SAP ERP akademije<\/strong><\/h4>\n<\/div><div class=\"fusion-text fusion-text-6\"><p><em>\u0160olanje za pridobitev certifikata ERP.<\/em><\/p>\n<\/div><div class=\"fusion-separator fusion-full-width-sep\" style=\"align-self: center;margin-left: auto;margin-right: auto;margin-top:10px;margin-bottom:10px;width:100%;\"><div class=\"fusion-separator-border sep-single sep-solid\" style=\"border-color:#ffffff;border-top-width:0px;\"><\/div><\/div>\n<div class=\"table-1\">\n<table width=\"788\">\n<tbody>\n<tr>\n<td style=\"text-align: center;\" width=\"500\"><strong>\u0160OLNINA<\/strong><\/td>\n<td style=\"text-align: center;\" width=\"144\"><strong>1. modul<\/strong><\/td>\n<td style=\"text-align: center;\" width=\"144\"><strong>2. modul<\/strong><\/td>\n<\/tr>\n<tr>\n<td width=\"500\">\u00b7\u00a0\u00a0\u00a0\u00a0\u00a0\u00a0\u00a0 Za zunanje udele\u017eence<\/p>\n<p>\u00b7\u00a0\u00a0\u00a0\u00a0\u00a0\u00a0\u00a0 Za \u0161tudente brez statusa<\/p>\n<p>(mo\u017enost pla\u010dila na 3 obroke)<\/td>\n<td style=\"text-align: center;\" width=\"188\">360,00<\/td>\n<td style=\"text-align: center;\" width=\"188\">360,00<\/td>\n<\/tr>\n<\/tbody>\n<\/table>\n<\/div>\n<div class=\"fusion-text fusion-text-7\"><p><em>Vse cene so navedene v EUR, DDV je vklju\u010den.<\/em><\/p>\n<\/div><div class=\"fusion-separator fusion-full-width-sep\" style=\"align-self: center;margin-left: auto;margin-right: auto;margin-top:10px;margin-bottom:10px;width:100%;\"><div class=\"fusion-separator-border sep-single sep-solid\" style=\"border-color:#ffffff;border-top-width:0px;\"><\/div><\/div><div class=\"fusion-text fusion-text-8\"><p>Za pla\u010dilo v enkratnem znesku se prizna 5% popusta.<\/p>\n<p>Diplomanti VS\u0160 \u0160C PET Ljubljana prejmejo 5% popusta.<\/p>\n<p>\u010ce je pla\u010dnik \u0161olnine delovna organizacija, se \u0161olnina pla\u010da v enkratnem znesku brez popusta.<\/p>\n<\/div><div class=\"fusion-separator fusion-full-width-sep\" style=\"align-self: center;margin-left: auto;margin-right: auto;margin-top:10px;margin-bottom:10px;width:100%;\"><div class=\"fusion-separator-border sep-single sep-solid\" style=\"border-color:#ffffff;border-top-width:0px;\"><\/div><\/div><div class=\"fusion-text fusion-text-9\"><div class=\"table-1\">\n<table width=\"788\">\n<tbody>\n<tr>\n<td width=\"394\">\u0160OLNINE SO OPRO\u0160\u010cENI \u0160TUDENTI REDNEGA IN IZREDNEGA \u0160TUDIJA VS\u0160 \u0160C PET LJUBLJANA S STATUSOM<\/td>\n<td width=\"394\">Prednost pri izbiri imajo \u0161tudenti, ki so do izteka prijave (za posamezni modul), zbrali ve\u010dje \u0161tevilo KT.<\/td>\n<\/tr>\n<\/tbody>\n<\/table>\n<\/div>\n<\/div><div class=\"fusion-separator fusion-full-width-sep\" style=\"align-self: center;margin-left: auto;margin-right: auto;margin-top:10px;margin-bottom:10px;width:100%;\"><div class=\"fusion-separator-border sep-single sep-solid\" style=\"border-color:#ffffff;border-top-width:0px;\"><\/div><\/div><div class=\"fusion-text fusion-text-10\"><p>Cenik velja od 1. 10. 2024.<\/p>\n<\/div><\/div><style type=\"text\/css\">.fusion-body .fusion-builder-column-0{width:100% !important;margin-top : 0px;margin-bottom : 0px;}.fusion-builder-column-0 > .fusion-column-wrapper {padding-top : 0px !important;padding-right : 0px !important;margin-right : 1.92%;padding-bottom : 0px !important;padding-left : 0px !important;margin-left : 1.92%;}@media only screen and (max-width:1024px) {.fusion-body .fusion-builder-column-0{width:100% !important;order : 0;}.fusion-builder-column-0 > .fusion-column-wrapper {margin-right : 1.92%;margin-left : 1.92%;}}@media only screen and (max-width:640px) {.fusion-body .fusion-builder-column-0{width:100% !important;order : 0;}.fusion-builder-column-0 > .fusion-column-wrapper {margin-right : 1.92%;margin-left : 1.92%;}}<\/style><\/div><\/div><style type=\"text\/css\">.fusion-body .fusion-flex-container.fusion-builder-row-1{ padding-top : 0px;margin-top : 0px;padding-right : 0px;padding-bottom : 0px;margin-bottom : 0px;padding-left : ;}<\/style><\/div>\n","protected":false},"excerpt":{"rendered":"","protected":false},"author":31,"featured_media":0,"parent":180,"menu_order":0,"comment_status":"closed","ping_status":"closed","template":"","meta":{"xn-wppe-expiration":[],"xn-wppe-expiration-action":[],"xn-wppe-expiration-prefix":[],"_mi_skip_tracking":false,"_exactmetrics_sitenote_active":false,"_exactmetrics_sitenote_note":"","_exactmetrics_sitenote_category":0},"yoast_head":"<!-- This site is optimized with the Yoast SEO plugin v20.8 - https:\/\/yoast.com\/wordpress\/plugins\/seo\/ -->\n<title>Razpis\/urnik\/cenik - VI\u0160JA STROKOVNA \u0160OLA<\/title>\n<meta name=\"description\" content=\"Razpis\/urnik\/cenik\" \/>\n<meta name=\"robots\" content=\"index, follow, max-snippet:-1, max-image-preview:large, max-video-preview:-1\" \/>\n<link rel=\"canonical\" href=\"https:\/\/www.scpet.si\/vss\/sap-erp\/razpis-urnik-cenik\/\" \/>\n<meta property=\"og:locale\" content=\"sl_SI\" \/>\n<meta property=\"og:type\" content=\"article\" \/>\n<meta property=\"og:title\" content=\"Razpis\/urnik\/cenik - VI\u0160JA STROKOVNA \u0160OLA\" \/>\n<meta property=\"og:description\" content=\"Razpis\/urnik\/cenik\" \/>\n<meta property=\"og:url\" content=\"https:\/\/www.scpet.si\/vss\/sap-erp\/razpis-urnik-cenik\/\" \/>\n<meta property=\"og:site_name\" content=\"VI\u0160JA STROKOVNA \u0160OLA\" \/>\n<meta property=\"article:modified_time\" content=\"2025-02-10T13:15:27+00:00\" \/>\n<meta name=\"twitter:card\" content=\"summary_large_image\" \/>\n<meta name=\"twitter:label1\" content=\"Est. reading time\" \/>\n\t<meta name=\"twitter:data1\" content=\"4 minute\" \/>\n<script type=\"application\/ld+json\" class=\"yoast-schema-graph\">{\"@context\":\"https:\/\/schema.org\",\"@graph\":[{\"@type\":\"WebPage\",\"@id\":\"https:\/\/www.scpet.si\/vss\/sap-erp\/razpis-urnik-cenik\/\",\"url\":\"https:\/\/www.scpet.si\/vss\/sap-erp\/razpis-urnik-cenik\/\",\"name\":\"Razpis\/urnik\/cenik - VI\u0160JA STROKOVNA \u0160OLA\",\"isPartOf\":{\"@id\":\"\/#website\"},\"datePublished\":\"2021-06-30T08:16:11+00:00\",\"dateModified\":\"2025-02-10T13:15:27+00:00\",\"description\":\"Razpis\/urnik\/cenik\",\"breadcrumb\":{\"@id\":\"https:\/\/www.scpet.si\/vss\/sap-erp\/razpis-urnik-cenik\/#breadcrumb\"},\"inLanguage\":\"sl-SI\",\"potentialAction\":[{\"@type\":\"ReadAction\",\"target\":[\"https:\/\/www.scpet.si\/vss\/sap-erp\/razpis-urnik-cenik\/\"]}]},{\"@type\":\"BreadcrumbList\",\"@id\":\"https:\/\/www.scpet.si\/vss\/sap-erp\/razpis-urnik-cenik\/#breadcrumb\",\"itemListElement\":[{\"@type\":\"ListItem\",\"position\":1,\"name\":\"Home\",\"item\":\"https:\/\/www.scpet.si\/vss\/\"},{\"@type\":\"ListItem\",\"position\":2,\"name\":\"SAP ERP Akademija\",\"item\":\"https:\/\/www.scpet.si\/vss\/sap-erp\/\"},{\"@type\":\"ListItem\",\"position\":3,\"name\":\"Razpis\/urnik\/cenik\"}]},{\"@type\":\"WebSite\",\"@id\":\"\/#website\",\"url\":\"\/\",\"name\":\"VI\u0160JA STROKOVNA \u0160OLA\",\"description\":\"Just another \u0160C PET Sites site\",\"potentialAction\":[{\"@type\":\"SearchAction\",\"target\":{\"@type\":\"EntryPoint\",\"urlTemplate\":\"\/?s={search_term_string}\"},\"query-input\":\"required name=search_term_string\"}],\"inLanguage\":\"sl-SI\"}]}<\/script>\n<!-- \/ Yoast SEO plugin. -->","yoast_head_json":{"title":"Razpis\/urnik\/cenik - VI\u0160JA STROKOVNA \u0160OLA","description":"Razpis\/urnik\/cenik","robots":{"index":"index","follow":"follow","max-snippet":"max-snippet:-1","max-image-preview":"max-image-preview:large","max-video-preview":"max-video-preview:-1"},"canonical":"https:\/\/www.scpet.si\/vss\/sap-erp\/razpis-urnik-cenik\/","og_locale":"sl_SI","og_type":"article","og_title":"Razpis\/urnik\/cenik - VI\u0160JA STROKOVNA \u0160OLA","og_description":"Razpis\/urnik\/cenik","og_url":"https:\/\/www.scpet.si\/vss\/sap-erp\/razpis-urnik-cenik\/","og_site_name":"VI\u0160JA STROKOVNA \u0160OLA","article_modified_time":"2025-02-10T13:15:27+00:00","twitter_card":"summary_large_image","twitter_misc":{"Est. reading time":"4 minute"},"schema":{"@context":"https:\/\/schema.org","@graph":[{"@type":"WebPage","@id":"https:\/\/www.scpet.si\/vss\/sap-erp\/razpis-urnik-cenik\/","url":"https:\/\/www.scpet.si\/vss\/sap-erp\/razpis-urnik-cenik\/","name":"Razpis\/urnik\/cenik - VI\u0160JA STROKOVNA \u0160OLA","isPartOf":{"@id":"\/#website"},"datePublished":"2021-06-30T08:16:11+00:00","dateModified":"2025-02-10T13:15:27+00:00","description":"Razpis\/urnik\/cenik","breadcrumb":{"@id":"https:\/\/www.scpet.si\/vss\/sap-erp\/razpis-urnik-cenik\/#breadcrumb"},"inLanguage":"sl-SI","potentialAction":[{"@type":"ReadAction","target":["https:\/\/www.scpet.si\/vss\/sap-erp\/razpis-urnik-cenik\/"]}]},{"@type":"BreadcrumbList","@id":"https:\/\/www.scpet.si\/vss\/sap-erp\/razpis-urnik-cenik\/#breadcrumb","itemListElement":[{"@type":"ListItem","position":1,"name":"Home","item":"https:\/\/www.scpet.si\/vss\/"},{"@type":"ListItem","position":2,"name":"SAP ERP Akademija","item":"https:\/\/www.scpet.si\/vss\/sap-erp\/"},{"@type":"ListItem","position":3,"name":"Razpis\/urnik\/cenik"}]},{"@type":"WebSite","@id":"\/#website","url":"\/","name":"VI\u0160JA STROKOVNA \u0160OLA","description":"Just another \u0160C PET Sites site","potentialAction":[{"@type":"SearchAction","target":{"@type":"EntryPoint","urlTemplate":"\/?s={search_term_string}"},"query-input":"required name=search_term_string"}],"inLanguage":"sl-SI"}]}},"_links":{"self":[{"href":"https:\/\/www.scpet.si\/vss\/wp-json\/wp\/v2\/pages\/1127"}],"collection":[{"href":"https:\/\/www.scpet.si\/vss\/wp-json\/wp\/v2\/pages"}],"about":[{"href":"https:\/\/www.scpet.si\/vss\/wp-json\/wp\/v2\/types\/page"}],"author":[{"embeddable":true,"href":"https:\/\/www.scpet.si\/vss\/wp-json\/wp\/v2\/users\/31"}],"replies":[{"embeddable":true,"href":"https:\/\/www.scpet.si\/vss\/wp-json\/wp\/v2\/comments?post=1127"}],"version-history":[{"count":0,"href":"https:\/\/www.scpet.si\/vss\/wp-json\/wp\/v2\/pages\/1127\/revisions"}],"up":[{"embeddable":true,"href":"https:\/\/www.scpet.si\/vss\/wp-json\/wp\/v2\/pages\/180"}],"wp:attachment":[{"href":"https:\/\/www.scpet.si\/vss\/wp-json\/wp\/v2\/media?parent=1127"}],"curies":[{"name":"wp","href":"https:\/\/api.w.org\/{rel}","templated":true}]}}