{"id":1161,"date":"2021-07-05T08:28:12","date_gmt":"2021-07-05T06:28:12","guid":{"rendered":"https:\/\/www.scpet.si\/vss\/kontakti\/studentski-svet-vss-copy\/"},"modified":"2025-11-18T09:37:08","modified_gmt":"2025-11-18T08:37:08","slug":"studentska-organizacija-vss","status":"publish","type":"page","link":"https:\/\/www.scpet.si\/vss\/o-soli\/studentska-organizacija-vss\/","title":{"rendered":"\u0160tudentska organizacija VS\u0160"},"content":{"rendered":"<div class=\"fusion-fullwidth fullwidth-box fusion-builder-row-1 nonhundred-percent-fullwidth non-hundred-percent-height-scrolling\" style=\"background-color: rgba(255,255,255,0);background-position: center center;background-repeat: no-repeat;padding-top:0px;padding-right:0px;padding-bottom:0px;margin-bottom: 0px;margin-top: 0px;border-width: 0px 0px 0px 0px;border-color:#eae9e9;border-style:solid;\" ><div class=\"fusion-builder-row fusion-row\"><div class=\"fusion-layout-column fusion_builder_column fusion-builder-column-0 fusion_builder_column_1_1 1_1 fusion-one-full fusion-column-first fusion-column-last\" style=\"margin-top:0px;margin-bottom:0px;\"><div class=\"fusion-column-wrapper fusion-flex-column-wrapper-legacy\" style=\"background-position:left top;background-repeat:no-repeat;-webkit-background-size:cover;-moz-background-size:cover;-o-background-size:cover;background-size:cover;padding: 0px 0px 0px 0px;\"><style type=\"text\/css\"><\/style><div class=\"fusion-title title fusion-title-1 fusion-sep-none fusion-title-text fusion-title-size-one\" style=\"margin-top:0px;margin-right:0px;margin-bottom:31px;margin-left:0px;\"><h1 class=\"title-heading-left\" style=\"margin:0;\">Skupnost \u0161tudentov \u0160C PET<\/h1><\/div><div class=\"fusion-text fusion-text-1\"><p>Skupnost \u0161tudentov \u0160C PET\u00a0je skupnost vseh \u0161tudentov rednega in izrednega \u0161tudija,\u00a0ki so vpisani\u00a0na Vi\u0161jo strokovno \u0161olo \u0160C PET\u00a0in imajo status \u0161tudenta. \u0160tudenti preko izvoljenih predstavnikov v \u0161tudentskem Svetu VS\u0160 in v delovnih telesih \u0160OU v Ljubljani, uresni\u010dujejo svoje pravice in interese v zvezi s \u0161tudijem, \u0161olo in tudi \u0161ir\u0161e.<br \/>\nFB \u0161tudentov \u0160O\u0160CPET: <a href=\"https:\/\/www.facebook.com\/groups\/205973756529303\/?fref=ts\">https:\/\/www.facebook.com\/groups\/205973756529303\/?fref=ts<\/a><\/p>\n<\/div><div class=\"fusion-sep-clear\"><\/div><div class=\"fusion-separator fusion-full-width-sep\" style=\"margin-left: auto;margin-right: auto;margin-top:20px;width:100%;\"><\/div><div class=\"fusion-sep-clear\"><\/div><div class=\"fusion-text fusion-text-2\"><p><strong>\u0160TUDENTSKI SVET \u0160C PET, VS\u0160 (2025\/26)<\/strong><\/p>\n<ol>\n<li>David Hribar \/TK\/, predsednik<\/li>\n<li>Dominik Bizjak \/EKO\/\u010dlan<\/li>\n<li>Klara Plestenjak \/TK\/, \u010dlanica<\/li>\n<li>Miha Vali\u010d \/EKO\/, \u010dlan<\/li>\n<li>Gabriela Kopmajer \/EKO\/\u010dlanica<\/li>\n<\/ol>\n<p><a href=\"https:\/\/e-ucilnica.scpet.si\/course\/index.php?categoryid=46\" target=\"_blank\" rel=\"noopener\">Poslovnik \u0161udentskega Sveta (verzija 1)\u00a0<\/a><u><\/u><\/p>\n<\/div><div class=\"fusion-sep-clear\"><\/div><div class=\"fusion-separator fusion-full-width-sep\" style=\"margin-left: auto;margin-right: auto;margin-top:20px;width:100%;\"><\/div><div class=\"fusion-sep-clear\"><\/div><div class=\"fusion-text fusion-text-3\"><p><strong>PREDSTAVNIKI \u0160TUDENTOV V \u0160OU LJUBLJANA izvoljeni 9. 10. 2024<\/strong><\/p>\n<ol>\n<li><em>David Hribar (TK), poslanec v \u0161tudentskem zboru<\/em><\/li>\n<li><em>Glorija Grubar (EKO), \u010dlanica za podro\u010dje kulture, izobra\u017eevanja in zalo\u017eni\u0161tva\u00a0\u00a0<\/em><\/li>\n<li><em>Neboj\u0161a Slavni\u0107 (EKO), \u010dlan za podro\u010dje \u0161port, turizem, mednarodno sodelovanje<\/em><\/li>\n<\/ol>\n<\/div><div class=\"fusion-sep-clear\"><\/div><div class=\"fusion-separator fusion-full-width-sep\" style=\"margin-left: auto;margin-right: auto;margin-top:20px;margin-bottom:20px;width:100%;\"><div class=\"fusion-separator-border sep-single sep-solid\" style=\"border-color:#333333;border-top-width:1px;\"><\/div><\/div><div class=\"fusion-sep-clear\"><\/div><div class=\"fusion-text fusion-text-4\"><p><strong>PREDSTAVNIKI \u0160TUDENTOV V ORGANIH \u0160OLE IN ZAVODA<\/strong><\/p>\n<p><strong>STRATE\u0160KI SVET v 2025\/26<\/strong><\/p>\n<ul>\n<li>Rok Maver \/TK\/, \u010dlan<\/li>\n<li>Miha vali\u010d \/EKO\/, \u010dlan<\/li>\n<\/ul>\n<p><strong>KOMISIJA ZA SPREMLJANJE IN ZAGOTAVLJANJE KAKOVOSTI (2025\/26)<\/strong><\/p>\n<ul>\n<li>Jahja Ja\u0161arevi\u0107 \/TK\/, \u010dlan<\/li>\n<li>Dominik Bizjak \/EKO\/, \u010dlan<\/li>\n<\/ul>\n<p><strong>SVET ZAVODA \u0160C PET v 2025\/26<\/strong><\/p>\n<ul>\n<li>David Hribar<\/li>\n<li>Glorija Grubar<\/li>\n<li>Klara Plestenjak<\/li>\n<\/ul>\n<p>Mandati predstavnikov \u0161tudentov v delovnih telesih \u0161ole so vezani na status.<\/p>\n<\/div><div class=\"fusion-sep-clear\"><\/div><div class=\"fusion-separator fusion-full-width-sep\" style=\"margin-left: auto;margin-right: auto;margin-top:20px;margin-bottom:20px;width:100%;\"><div class=\"fusion-separator-border sep-single sep-solid\" style=\"border-color:#333333;border-top-width:1px;\"><\/div><\/div><div class=\"fusion-sep-clear\"><\/div><div class=\"fusion-clearfix\"><\/div><\/div><\/div><\/div><\/div>\n","protected":false},"excerpt":{"rendered":"","protected":false},"author":1,"featured_media":0,"parent":83,"menu_order":0,"comment_status":"closed","ping_status":"closed","template":"100-width.php","meta":{"xn-wppe-expiration":[],"xn-wppe-expiration-action":[],"xn-wppe-expiration-prefix":[],"_mi_skip_tracking":false,"_exactmetrics_sitenote_active":false,"_exactmetrics_sitenote_note":"","_exactmetrics_sitenote_category":0},"yoast_head":"<!-- This site is optimized with the Yoast SEO plugin v20.8 - https:\/\/yoast.com\/wordpress\/plugins\/seo\/ -->\n<title>\u0160tudentska organizacija VS\u0160 - VI\u0160JA STROKOVNA \u0160OLA<\/title>\n<meta name=\"description\" content=\"\u0160tudentska organizacija - Vi\u0161ja strokovna \u0161ola - \u0160olski center za po\u0161to, ekonomijo in telekomunikacije Ljubljana - \u0160C PET\" \/>\n<meta name=\"robots\" content=\"index, follow, max-snippet:-1, max-image-preview:large, max-video-preview:-1\" \/>\n<link rel=\"canonical\" href=\"https:\/\/www.scpet.si\/vss\/o-soli\/studentska-organizacija-vss\/\" \/>\n<meta property=\"og:locale\" content=\"sl_SI\" \/>\n<meta property=\"og:type\" content=\"article\" \/>\n<meta property=\"og:title\" content=\"\u0160tudentska organizacija VS\u0160 - VI\u0160JA STROKOVNA \u0160OLA\" \/>\n<meta property=\"og:description\" content=\"\u0160tudentska organizacija - Vi\u0161ja strokovna \u0161ola - \u0160olski center za po\u0161to, ekonomijo in telekomunikacije Ljubljana - \u0160C PET\" \/>\n<meta property=\"og:url\" content=\"https:\/\/www.scpet.si\/vss\/o-soli\/studentska-organizacija-vss\/\" \/>\n<meta property=\"og:site_name\" content=\"VI\u0160JA STROKOVNA \u0160OLA\" \/>\n<meta property=\"article:modified_time\" content=\"2025-11-18T08:37:08+00:00\" \/>\n<meta name=\"twitter:card\" content=\"summary_large_image\" \/>\n<meta name=\"twitter:label1\" content=\"Est. reading time\" \/>\n\t<meta name=\"twitter:data1\" content=\"3 minute\" \/>\n<script type=\"application\/ld+json\" class=\"yoast-schema-graph\">{\"@context\":\"https:\/\/schema.org\",\"@graph\":[{\"@type\":\"WebPage\",\"@id\":\"https:\/\/www.scpet.si\/vss\/o-soli\/studentska-organizacija-vss\/\",\"url\":\"https:\/\/www.scpet.si\/vss\/o-soli\/studentska-organizacija-vss\/\",\"name\":\"\u0160tudentska organizacija VS\u0160 - VI\u0160JA STROKOVNA \u0160OLA\",\"isPartOf\":{\"@id\":\"\/#website\"},\"datePublished\":\"2021-07-05T06:28:12+00:00\",\"dateModified\":\"2025-11-18T08:37:08+00:00\",\"description\":\"\u0160tudentska organizacija - Vi\u0161ja strokovna \u0161ola - \u0160olski center za po\u0161to, ekonomijo in telekomunikacije Ljubljana - \u0160C PET\",\"breadcrumb\":{\"@id\":\"https:\/\/www.scpet.si\/vss\/o-soli\/studentska-organizacija-vss\/#breadcrumb\"},\"inLanguage\":\"sl-SI\",\"potentialAction\":[{\"@type\":\"ReadAction\",\"target\":[\"https:\/\/www.scpet.si\/vss\/o-soli\/studentska-organizacija-vss\/\"]}]},{\"@type\":\"BreadcrumbList\",\"@id\":\"https:\/\/www.scpet.si\/vss\/o-soli\/studentska-organizacija-vss\/#breadcrumb\",\"itemListElement\":[{\"@type\":\"ListItem\",\"position\":1,\"name\":\"Home\",\"item\":\"https:\/\/www.scpet.si\/vss\/\"},{\"@type\":\"ListItem\",\"position\":2,\"name\":\"O \u0160OLI\",\"item\":\"https:\/\/www.scpet.si\/vss\/o-soli\/\"},{\"@type\":\"ListItem\",\"position\":3,\"name\":\"\u0160tudentska organizacija VS\u0160\"}]},{\"@type\":\"WebSite\",\"@id\":\"\/#website\",\"url\":\"\/\",\"name\":\"VI\u0160JA STROKOVNA \u0160OLA\",\"description\":\"Just another \u0160C PET Sites site\",\"potentialAction\":[{\"@type\":\"SearchAction\",\"target\":{\"@type\":\"EntryPoint\",\"urlTemplate\":\"\/?s={search_term_string}\"},\"query-input\":\"required name=search_term_string\"}],\"inLanguage\":\"sl-SI\"}]}<\/script>\n<!-- \/ Yoast SEO plugin. -->","yoast_head_json":{"title":"\u0160tudentska organizacija VS\u0160 - VI\u0160JA STROKOVNA \u0160OLA","description":"\u0160tudentska organizacija - Vi\u0161ja strokovna \u0161ola - \u0160olski center za po\u0161to, ekonomijo in telekomunikacije Ljubljana - \u0160C PET","robots":{"index":"index","follow":"follow","max-snippet":"max-snippet:-1","max-image-preview":"max-image-preview:large","max-video-preview":"max-video-preview:-1"},"canonical":"https:\/\/www.scpet.si\/vss\/o-soli\/studentska-organizacija-vss\/","og_locale":"sl_SI","og_type":"article","og_title":"\u0160tudentska organizacija VS\u0160 - VI\u0160JA STROKOVNA \u0160OLA","og_description":"\u0160tudentska organizacija - Vi\u0161ja strokovna \u0161ola - \u0160olski center za po\u0161to, ekonomijo in telekomunikacije Ljubljana - \u0160C PET","og_url":"https:\/\/www.scpet.si\/vss\/o-soli\/studentska-organizacija-vss\/","og_site_name":"VI\u0160JA STROKOVNA \u0160OLA","article_modified_time":"2025-11-18T08:37:08+00:00","twitter_card":"summary_large_image","twitter_misc":{"Est. reading time":"3 minute"},"schema":{"@context":"https:\/\/schema.org","@graph":[{"@type":"WebPage","@id":"https:\/\/www.scpet.si\/vss\/o-soli\/studentska-organizacija-vss\/","url":"https:\/\/www.scpet.si\/vss\/o-soli\/studentska-organizacija-vss\/","name":"\u0160tudentska organizacija VS\u0160 - VI\u0160JA STROKOVNA \u0160OLA","isPartOf":{"@id":"\/#website"},"datePublished":"2021-07-05T06:28:12+00:00","dateModified":"2025-11-18T08:37:08+00:00","description":"\u0160tudentska organizacija - Vi\u0161ja strokovna \u0161ola - \u0160olski center za po\u0161to, ekonomijo in telekomunikacije Ljubljana - \u0160C PET","breadcrumb":{"@id":"https:\/\/www.scpet.si\/vss\/o-soli\/studentska-organizacija-vss\/#breadcrumb"},"inLanguage":"sl-SI","potentialAction":[{"@type":"ReadAction","target":["https:\/\/www.scpet.si\/vss\/o-soli\/studentska-organizacija-vss\/"]}]},{"@type":"BreadcrumbList","@id":"https:\/\/www.scpet.si\/vss\/o-soli\/studentska-organizacija-vss\/#breadcrumb","itemListElement":[{"@type":"ListItem","position":1,"name":"Home","item":"https:\/\/www.scpet.si\/vss\/"},{"@type":"ListItem","position":2,"name":"O \u0160OLI","item":"https:\/\/www.scpet.si\/vss\/o-soli\/"},{"@type":"ListItem","position":3,"name":"\u0160tudentska organizacija VS\u0160"}]},{"@type":"WebSite","@id":"\/#website","url":"\/","name":"VI\u0160JA STROKOVNA \u0160OLA","description":"Just another \u0160C PET Sites site","potentialAction":[{"@type":"SearchAction","target":{"@type":"EntryPoint","urlTemplate":"\/?s={search_term_string}"},"query-input":"required name=search_term_string"}],"inLanguage":"sl-SI"}]}},"_links":{"self":[{"href":"https:\/\/www.scpet.si\/vss\/wp-json\/wp\/v2\/pages\/1161"}],"collection":[{"href":"https:\/\/www.scpet.si\/vss\/wp-json\/wp\/v2\/pages"}],"about":[{"href":"https:\/\/www.scpet.si\/vss\/wp-json\/wp\/v2\/types\/page"}],"author":[{"embeddable":true,"href":"https:\/\/www.scpet.si\/vss\/wp-json\/wp\/v2\/users\/1"}],"replies":[{"embeddable":true,"href":"https:\/\/www.scpet.si\/vss\/wp-json\/wp\/v2\/comments?post=1161"}],"version-history":[{"count":0,"href":"https:\/\/www.scpet.si\/vss\/wp-json\/wp\/v2\/pages\/1161\/revisions"}],"up":[{"embeddable":true,"href":"https:\/\/www.scpet.si\/vss\/wp-json\/wp\/v2\/pages\/83"}],"wp:attachment":[{"href":"https:\/\/www.scpet.si\/vss\/wp-json\/wp\/v2\/media?parent=1161"}],"curies":[{"name":"wp","href":"https:\/\/api.w.org\/{rel}","templated":true}]}}