{"id":122,"date":"2019-09-20T09:20:43","date_gmt":"2019-09-20T07:20:43","guid":{"rendered":"http:\/\/scpet.sample.si\/vss\/o-soli-copy\/"},"modified":"2022-09-23T13:49:18","modified_gmt":"2022-09-23T11:49:18","slug":"zaposleni","status":"publish","type":"page","link":"https:\/\/www.scpet.si\/vss\/o-soli\/zaposleni\/","title":{"rendered":"Osebna izkaznica"},"content":{"rendered":"<div class=\"fusion-fullwidth fullwidth-box fusion-builder-row-1 nonhundred-percent-fullwidth non-hundred-percent-height-scrolling\" style=\"background-color: rgba(255,255,255,0);background-position: center center;background-repeat: no-repeat;padding-top:0px;padding-right:0px;padding-bottom:0px;margin-bottom: 0px;margin-top: 0px;border-width: 0px 0px 0px 0px;border-color:#eae9e9;border-style:solid;\" ><div class=\"fusion-builder-row fusion-row\"><div class=\"fusion-layout-column fusion_builder_column fusion-builder-column-0 fusion_builder_column_1_1 1_1 fusion-one-full fusion-column-first fusion-column-last\" style=\"margin-top:0px;margin-bottom:0px;\"><div class=\"fusion-column-wrapper fusion-flex-column-wrapper-legacy\" style=\"background-position:left top;background-repeat:no-repeat;-webkit-background-size:cover;-moz-background-size:cover;-o-background-size:cover;background-size:cover;padding: 0px 0px 0px 0px;\"><style type=\"text\/css\"><\/style><div class=\"fusion-title title fusion-title-1 fusion-sep-none fusion-title-text fusion-title-size-one\" style=\"margin-top:0px;margin-right:0px;margin-bottom:31px;margin-left:0px;\"><h1 class=\"title-heading-left\" style=\"margin:0;\">Osebna izkaznica<\/h1><\/div><div class=\"fusion-clearfix\"><\/div><\/div><\/div><div class=\"fusion-layout-column fusion_builder_column fusion-builder-column-1 fusion_builder_column_1_1 1_1 fusion-one-full fusion-column-first fusion-column-last\" style=\"margin-top:0px;margin-bottom:0px;\"><div class=\"fusion-column-wrapper fusion-flex-column-wrapper-legacy\" style=\"background-position:left top;background-repeat:no-repeat;-webkit-background-size:cover;-moz-background-size:cover;-o-background-size:cover;background-size:cover;padding: 0px 0px 0px 0px;\"><div class=\"fusion-text fusion-text-1\"><p><span style=\"font-size: 14pt;\">Ime organizacijske enote (OE) zavoda:<strong>\u00a0\u0160olski center za po\u0161to, ekonomijo in telekomunikacije Ljubljana, Vi\u0161ja strokovna \u0161ola<\/strong><\/span><\/p>\n<p><span style=\"font-size: 14pt;\">Skraj\u0161ano ime OE je\u00a0<strong>\u0160C PET, VS\u0160<\/strong><\/span><\/p>\n<p><span style=\"font-size: 14pt;\">Poslovni naslov OE je\u00a0<strong>Celjska ulica 16, Ljubljana.<\/strong><\/span><\/p>\n<hr \/>\n<p><span style=\"color: #999999;\"><strong><span style=\"font-size: 18pt;\">KONTAKT<\/span><\/strong><\/span><\/p>\n<ul>\n<li>Telefon: <a href=\"tel:0038612342454\"><strong>(01) 23 42 454<\/strong><\/a><\/li>\n<li>E-po\u0161ta: <a href=\"mailto:vss@scpet.si\">vss@scpet.si<\/a><\/li>\n<\/ul>\n<hr \/>\n<p>Vi\u0161ja strokovna \u0161ola je OE zavoda \u0160C PET.<br \/>\nMati\u010dna \u0161tevilka:\u00a0<strong>5083435<\/strong><br \/>\nID za DDV:\u00a0<strong>SI 76893375<\/strong><br \/>\nPodra\u010dun pri UJP:\u00a0<strong>SI56\u00a001100-6030700426<\/strong><br \/>\nSWIFT: <strong>BSLJSI2X<\/strong><\/p>\n<hr \/>\n<p><span style=\"color: #999999;\"><strong><span style=\"font-size: 18pt;\">LOKACIJA<\/span><\/strong><\/span><\/p>\n<iframe src=\"https:\/\/www.google.com\/maps\/embed?pb=!1m14!1m8!1m3!1d11072.68526491879!2d14.5144824!3d46.0676251!3m2!1i1024!2i768!4f13.1!3m3!1m2!1s0x0%3A0x6935fe7c096feb32!2s%C5%A0olski%20center%20za%20po%C5%A1to%2C%20ekonomijo%20in%20telekomunikacije%20Ljubljana!5e0!3m2!1ssl!2ssi!4v1622440206356!5m2!1ssl!2ssi\" width=\"600\" height=\"450\" style=\"border:0;\" allowfullscreen=\"\" loading=\"lazy\"><\/iframe>\n<hr \/>\n<p>Mestni avtobusni promet: Avtobusi \u0161tev. 6 , 8 , 19 in 20.<\/p>\n<\/div><div class=\"fusion-clearfix\"><\/div><\/div><\/div><\/div><\/div>\n","protected":false},"excerpt":{"rendered":"","protected":false},"author":1,"featured_media":0,"parent":83,"menu_order":0,"comment_status":"closed","ping_status":"closed","template":"100-width.php","meta":{"xn-wppe-expiration":[],"xn-wppe-expiration-action":[],"xn-wppe-expiration-prefix":[],"_mi_skip_tracking":false,"_exactmetrics_sitenote_active":false,"_exactmetrics_sitenote_note":"","_exactmetrics_sitenote_category":0},"yoast_head":"<!-- This site is optimized with the Yoast SEO plugin v20.8 - https:\/\/yoast.com\/wordpress\/plugins\/seo\/ -->\n<title>Osebna izkaznica - VI\u0160JA STROKOVNA \u0160OLA<\/title>\n<meta name=\"description\" content=\"Osebna izkaznica: Ime organizacijske enote (OE) zavoda - \u0160olski center za po\u0161to, ekonomijo in telekomunikacije Ljubljana, Vi\u0161ja strokovna \u0161ola.\" \/>\n<meta name=\"robots\" content=\"index, follow, max-snippet:-1, max-image-preview:large, max-video-preview:-1\" \/>\n<link rel=\"canonical\" href=\"https:\/\/www.scpet.si\/vss\/o-soli\/zaposleni\/\" \/>\n<meta property=\"og:locale\" content=\"sl_SI\" \/>\n<meta property=\"og:type\" content=\"article\" \/>\n<meta property=\"og:title\" content=\"Osebna izkaznica - VI\u0160JA STROKOVNA \u0160OLA\" \/>\n<meta property=\"og:description\" content=\"Osebna izkaznica: Ime organizacijske enote (OE) zavoda - \u0160olski center za po\u0161to, ekonomijo in telekomunikacije Ljubljana, Vi\u0161ja strokovna \u0161ola.\" \/>\n<meta property=\"og:url\" content=\"https:\/\/www.scpet.si\/vss\/o-soli\/zaposleni\/\" \/>\n<meta property=\"og:site_name\" content=\"VI\u0160JA STROKOVNA \u0160OLA\" \/>\n<meta property=\"article:modified_time\" content=\"2022-09-23T11:49:18+00:00\" \/>\n<meta name=\"twitter:card\" content=\"summary_large_image\" \/>\n<meta name=\"twitter:label1\" content=\"Est. reading time\" \/>\n\t<meta name=\"twitter:data1\" content=\"2 minuti\" \/>\n<script type=\"application\/ld+json\" class=\"yoast-schema-graph\">{\"@context\":\"https:\/\/schema.org\",\"@graph\":[{\"@type\":\"WebPage\",\"@id\":\"https:\/\/www.scpet.si\/vss\/o-soli\/zaposleni\/\",\"url\":\"https:\/\/www.scpet.si\/vss\/o-soli\/zaposleni\/\",\"name\":\"Osebna izkaznica - VI\u0160JA STROKOVNA \u0160OLA\",\"isPartOf\":{\"@id\":\"\/#website\"},\"datePublished\":\"2019-09-20T07:20:43+00:00\",\"dateModified\":\"2022-09-23T11:49:18+00:00\",\"description\":\"Osebna izkaznica: Ime organizacijske enote (OE) zavoda - \u0160olski center za po\u0161to, ekonomijo in telekomunikacije Ljubljana, Vi\u0161ja strokovna \u0161ola.\",\"breadcrumb\":{\"@id\":\"https:\/\/www.scpet.si\/vss\/o-soli\/zaposleni\/#breadcrumb\"},\"inLanguage\":\"sl-SI\",\"potentialAction\":[{\"@type\":\"ReadAction\",\"target\":[\"https:\/\/www.scpet.si\/vss\/o-soli\/zaposleni\/\"]}]},{\"@type\":\"BreadcrumbList\",\"@id\":\"https:\/\/www.scpet.si\/vss\/o-soli\/zaposleni\/#breadcrumb\",\"itemListElement\":[{\"@type\":\"ListItem\",\"position\":1,\"name\":\"Home\",\"item\":\"https:\/\/www.scpet.si\/vss\/\"},{\"@type\":\"ListItem\",\"position\":2,\"name\":\"O \u0160OLI\",\"item\":\"https:\/\/www.scpet.si\/vss\/o-soli\/\"},{\"@type\":\"ListItem\",\"position\":3,\"name\":\"Osebna izkaznica\"}]},{\"@type\":\"WebSite\",\"@id\":\"\/#website\",\"url\":\"\/\",\"name\":\"VI\u0160JA STROKOVNA \u0160OLA\",\"description\":\"Just another \u0160C PET Sites site\",\"potentialAction\":[{\"@type\":\"SearchAction\",\"target\":{\"@type\":\"EntryPoint\",\"urlTemplate\":\"\/?s={search_term_string}\"},\"query-input\":\"required name=search_term_string\"}],\"inLanguage\":\"sl-SI\"}]}<\/script>\n<!-- \/ Yoast SEO plugin. -->","yoast_head_json":{"title":"Osebna izkaznica - VI\u0160JA STROKOVNA \u0160OLA","description":"Osebna izkaznica: Ime organizacijske enote (OE) zavoda - \u0160olski center za po\u0161to, ekonomijo in telekomunikacije Ljubljana, Vi\u0161ja strokovna \u0161ola.","robots":{"index":"index","follow":"follow","max-snippet":"max-snippet:-1","max-image-preview":"max-image-preview:large","max-video-preview":"max-video-preview:-1"},"canonical":"https:\/\/www.scpet.si\/vss\/o-soli\/zaposleni\/","og_locale":"sl_SI","og_type":"article","og_title":"Osebna izkaznica - VI\u0160JA STROKOVNA \u0160OLA","og_description":"Osebna izkaznica: Ime organizacijske enote (OE) zavoda - \u0160olski center za po\u0161to, ekonomijo in telekomunikacije Ljubljana, Vi\u0161ja strokovna \u0161ola.","og_url":"https:\/\/www.scpet.si\/vss\/o-soli\/zaposleni\/","og_site_name":"VI\u0160JA STROKOVNA \u0160OLA","article_modified_time":"2022-09-23T11:49:18+00:00","twitter_card":"summary_large_image","twitter_misc":{"Est. reading time":"2 minuti"},"schema":{"@context":"https:\/\/schema.org","@graph":[{"@type":"WebPage","@id":"https:\/\/www.scpet.si\/vss\/o-soli\/zaposleni\/","url":"https:\/\/www.scpet.si\/vss\/o-soli\/zaposleni\/","name":"Osebna izkaznica - VI\u0160JA STROKOVNA \u0160OLA","isPartOf":{"@id":"\/#website"},"datePublished":"2019-09-20T07:20:43+00:00","dateModified":"2022-09-23T11:49:18+00:00","description":"Osebna izkaznica: Ime organizacijske enote (OE) zavoda - \u0160olski center za po\u0161to, ekonomijo in telekomunikacije Ljubljana, Vi\u0161ja strokovna \u0161ola.","breadcrumb":{"@id":"https:\/\/www.scpet.si\/vss\/o-soli\/zaposleni\/#breadcrumb"},"inLanguage":"sl-SI","potentialAction":[{"@type":"ReadAction","target":["https:\/\/www.scpet.si\/vss\/o-soli\/zaposleni\/"]}]},{"@type":"BreadcrumbList","@id":"https:\/\/www.scpet.si\/vss\/o-soli\/zaposleni\/#breadcrumb","itemListElement":[{"@type":"ListItem","position":1,"name":"Home","item":"https:\/\/www.scpet.si\/vss\/"},{"@type":"ListItem","position":2,"name":"O \u0160OLI","item":"https:\/\/www.scpet.si\/vss\/o-soli\/"},{"@type":"ListItem","position":3,"name":"Osebna izkaznica"}]},{"@type":"WebSite","@id":"\/#website","url":"\/","name":"VI\u0160JA STROKOVNA \u0160OLA","description":"Just another \u0160C PET Sites site","potentialAction":[{"@type":"SearchAction","target":{"@type":"EntryPoint","urlTemplate":"\/?s={search_term_string}"},"query-input":"required name=search_term_string"}],"inLanguage":"sl-SI"}]}},"_links":{"self":[{"href":"https:\/\/www.scpet.si\/vss\/wp-json\/wp\/v2\/pages\/122"}],"collection":[{"href":"https:\/\/www.scpet.si\/vss\/wp-json\/wp\/v2\/pages"}],"about":[{"href":"https:\/\/www.scpet.si\/vss\/wp-json\/wp\/v2\/types\/page"}],"author":[{"embeddable":true,"href":"https:\/\/www.scpet.si\/vss\/wp-json\/wp\/v2\/users\/1"}],"replies":[{"embeddable":true,"href":"https:\/\/www.scpet.si\/vss\/wp-json\/wp\/v2\/comments?post=122"}],"version-history":[{"count":0,"href":"https:\/\/www.scpet.si\/vss\/wp-json\/wp\/v2\/pages\/122\/revisions"}],"up":[{"embeddable":true,"href":"https:\/\/www.scpet.si\/vss\/wp-json\/wp\/v2\/pages\/83"}],"wp:attachment":[{"href":"https:\/\/www.scpet.si\/vss\/wp-json\/wp\/v2\/media?parent=122"}],"curies":[{"name":"wp","href":"https:\/\/api.w.org\/{rel}","templated":true}]}}