{"id":124,"date":"2019-09-20T09:21:56","date_gmt":"2019-09-20T07:21:56","guid":{"rendered":"http:\/\/scpet.sample.si\/vss\/o-soli\/predavatelji-copy\/"},"modified":"2025-11-07T11:43:21","modified_gmt":"2025-11-07T10:43:21","slug":"kakovost","status":"publish","type":"page","link":"https:\/\/www.scpet.si\/vss\/o-soli\/kakovost\/","title":{"rendered":"Kakovost"},"content":{"rendered":"<div class=\"fusion-fullwidth fullwidth-box fusion-builder-row-1 nonhundred-percent-fullwidth non-hundred-percent-height-scrolling\" style=\"background-color: rgba(255,255,255,0);background-position: center center;background-repeat: no-repeat;padding-top:0px;padding-right:0px;padding-bottom:0px;margin-bottom: 0px;margin-top: 0px;border-width: 0px 0px 0px 0px;border-color:#eae9e9;border-style:solid;\" ><div class=\"fusion-builder-row fusion-row\"><div class=\"fusion-layout-column fusion_builder_column fusion-builder-column-0 fusion_builder_column_1_1 1_1 fusion-one-full fusion-column-first fusion-column-last\" style=\"margin-top:0px;margin-bottom:0px;\"><div class=\"fusion-column-wrapper fusion-flex-column-wrapper-legacy\" style=\"background-position:left top;background-repeat:no-repeat;-webkit-background-size:cover;-moz-background-size:cover;-o-background-size:cover;background-size:cover;padding: 0px 0px 0px 0px;\"><style type=\"text\/css\"><\/style><div class=\"fusion-title title fusion-title-1 fusion-sep-none fusion-title-text fusion-title-size-one\" style=\"margin-top:0px;margin-right:0px;margin-bottom:31px;margin-left:0px;\"><h1 class=\"title-heading-left\" style=\"margin:0;\">Kakovost<\/h1><\/div><div class=\"fusion-text fusion-text-1\"><p><i class=\"far fa-file-pdf\"><\/i> <a href=\"https:\/\/www.scpet.si\/vss\/wp-content\/uploads\/sites\/3\/2022\/05\/Priznanje_VSS_ob_20_letnici.pdf\" target=\"_blank\" rel=\"noopener\">Priznanje VS\u0160 za 20 let kvalitetnega in uspe\u0161nega dela<\/a><\/p>\n<p><i class=\"fa fa-link\" aria-hidden=\"true\"><\/i> <a href=\"https:\/\/www.scpet.si\/vss\/video-predstavitev-vss\/\" target=\"_blank\" rel=\"noopener\">Video predstavitev dela VS\u0160<\/a><\/p>\n<\/div><div class=\"fusion-sep-clear\"><\/div><div class=\"fusion-separator fusion-full-width-sep\" style=\"margin-left: auto;margin-right: auto;margin-top:10px;width:100%;\"><\/div><div class=\"fusion-sep-clear\"><\/div><div class=\"fusion-text fusion-text-2\"><p><strong>KAZALCI KAKOVOSTI<br \/>\n<i class=\"far fa-file-pdf\"><\/i>\u00a0\u00a0<\/strong><a href=\"https:\/\/www.scpet.si\/vss\/wp-content\/uploads\/sites\/3\/2021\/09\/POSLOVNIK_o_kakovosti_VSS_1_.pdf\" target=\"_blank\" rel=\"noopener\">Poslovnik o kakovosti VS\u0160, (verzija-1)<\/a><br \/>\n<i class=\"far fa-file-pdf\"><\/i> \u00a0<a href=\"https:\/\/www.scpet.si\/vss\/wp-content\/uploads\/sites\/3\/2022\/06\/NAKVIS_2022_VSS.pdf\" target=\"_blank\" rel=\"noopener\">Poro\u010dilo o zunanji evalvaciji VS\u0160, 2022<\/a><br \/>\n<i class=\"far fa-file-pdf\"><\/i>\u00a0\u00a0<a href=\"https:\/\/www.scpet.si\/vss\/wp-content\/uploads\/sites\/3\/2021\/09\/POROCILO_o_zunanji_evalvaciji_2017.pdf\" target=\"_blank\" rel=\"noopener\">Poro\u010dilo o zunanji evalvaciji VS\u0160, 2017<\/a><br \/>\n<i class=\"far fa-file-pdf\"><\/i>\u00a0\u00a0<a href=\"https:\/\/www.scpet.si\/vss\/wp-content\/uploads\/sites\/3\/2021\/09\/POROCILO_o_zunanji_evalvaciji_2012.pdf\" target=\"_blank\" rel=\"noopener\">Poro\u010dilo o zunanji evalvaciji VS\u0160, 2012<\/a><\/p>\n<\/div><div class=\"fusion-sep-clear\"><\/div><div class=\"fusion-separator fusion-full-width-sep\" style=\"margin-left: auto;margin-right: auto;margin-top:10px;width:100%;\"><\/div><div class=\"fusion-sep-clear\"><\/div><div class=\"fusion-clearfix\"><\/div><\/div><\/div><div class=\"fusion-layout-column fusion_builder_column fusion-builder-column-1 fusion_builder_column_1_3 1_3 fusion-one-third fusion-column-first\" style=\"width:33.333333333333%;width:calc(33.333333333333% - ( ( 4% + 4% ) * 0.33333333333333 ) );margin-right: 4%;margin-top:0px;margin-bottom:0px;\"><div class=\"fusion-column-wrapper fusion-flex-column-wrapper-legacy\" style=\"background-position:left top;background-repeat:no-repeat;-webkit-background-size:cover;-moz-background-size:cover;-o-background-size:cover;background-size:cover;padding: 0px 0px 0px 0px;\"><div class=\"fusion-text fusion-text-3\"><p><strong>Letni delovni na\u010drti VS\u0160<\/strong><\/p>\n<p><i class=\"far fa-file-pdf\"><\/i>\u00a0\u00a0<a href=\"https:\/\/www.scpet.si\/vss\/wp-content\/uploads\/sites\/3\/2025\/11\/LDN_VSS_24-25.pdf\" target=\"_blank\" rel=\"noopener\">LDN 2024\/25<\/a><br \/>\n<i class=\"far fa-file-pdf\"><\/i>\u00a0\u00a0<a href=\"https:\/\/www.scpet.si\/vss\/wp-content\/uploads\/sites\/3\/2024\/01\/LDN-VSS-23-24-objava-na-spletni.pdf\" target=\"_blank\" rel=\"noopener\">LDN 2023\/24<\/a><br \/>\n<i class=\"far fa-file-pdf\"><\/i>\u00a0\u00a0<a href=\"https:\/\/www.scpet.si\/vss\/wp-content\/uploads\/sites\/3\/2023\/01\/LDN-VSS-22-23.pdf\" target=\"_blank\" rel=\"noopener\">LDN 2022\/23<\/a><br \/>\n<i class=\"far fa-file-pdf\"><\/i>\u00a0\u00a0<a href=\"https:\/\/www.scpet.si\/vss\/wp-content\/uploads\/sites\/3\/2021\/12\/LDN_VSS_21-22.pdf\" target=\"_blank\" rel=\"noopener\">LDN 2021\/22<\/a><\/p>\n<\/div><div class=\"fusion-clearfix\"><\/div><\/div><\/div><div class=\"fusion-layout-column fusion_builder_column fusion-builder-column-2 fusion_builder_column_1_3 1_3 fusion-one-third\" style=\"width:33.333333333333%;width:calc(33.333333333333% - ( ( 4% + 4% ) * 0.33333333333333 ) );margin-right: 4%;margin-top:0px;margin-bottom:0px;\"><div class=\"fusion-column-wrapper fusion-flex-column-wrapper-legacy\" style=\"background-position:left top;background-repeat:no-repeat;-webkit-background-size:cover;-moz-background-size:cover;-o-background-size:cover;background-size:cover;padding: 0px 0px 0px 0px;\"><div class=\"fusion-text fusion-text-4\"><p><strong>Samoevalvacijska poro\u010dila VS\u0160<\/strong><\/p>\n<p><i class=\"far fa-file-pdf\"><\/i>\u00a0 <a href=\"https:\/\/www.scpet.si\/vss\/wp-content\/uploads\/sites\/3\/2025\/11\/SAMOEVALVACIJSKO_POROCILO_23-24.pdf\" target=\"_blank\" rel=\"noopener\">Samoevalvacijsko poro\u010dilo 2023\/24<\/a><\/p>\n<p><i class=\"far fa-file-pdf\"><\/i>\u00a0 <a href=\"https:\/\/www.scpet.si\/vss\/wp-content\/uploads\/sites\/3\/2024\/05\/SAMOEVALVACIJSKO-POROCILO-22-23.pdf\" target=\"_blank\" rel=\"noopener\">Samoevalvacijsko poro\u010dilo 2022\/23<\/a><\/p>\n<p><i class=\"far fa-file-pdf\"><\/i>\u00a0 <a href=\"https:\/\/www.scpet.si\/vss\/wp-content\/uploads\/sites\/3\/2023\/05\/SAM_Porocilo_21-22.pdf\" target=\"_blank\" rel=\"noopener\">Samoevalvacijsko poro\u010dilo 2021\/22<\/a><\/p>\n<p><i class=\"far fa-file-pdf\"><\/i>\u00a0\u00a0<a href=\"https:\/\/www.scpet.si\/vss\/wp-content\/uploads\/sites\/3\/2022\/05\/SAMOEVALVACIJSKO_POROCILO_-20-21.pdf\" target=\"_blank\" rel=\"noopener\">Samoevalvacijsko poro\u010dilo 2020\/21<\/a><\/p>\n<\/div><div class=\"fusion-clearfix\"><\/div><\/div><\/div><div class=\"fusion-layout-column fusion_builder_column fusion-builder-column-3 fusion_builder_column_1_3 1_3 fusion-one-third fusion-column-last\" style=\"width:33.333333333333%;width:calc(33.333333333333% - ( ( 4% + 4% ) * 0.33333333333333 ) );margin-top:0px;margin-bottom:0px;\"><div class=\"fusion-column-wrapper fusion-flex-column-wrapper-legacy\" style=\"background-position:left top;background-repeat:no-repeat;-webkit-background-size:cover;-moz-background-size:cover;-o-background-size:cover;background-size:cover;padding: 0px 0px 0px 0px;\"><div class=\"fusion-text fusion-text-5\"><p><strong>Zagotavljanje kakovosti<\/strong><\/p>\n<p><i class=\"fa fa-link\" aria-hidden=\"true\"><\/i> <a href=\"https:\/\/e-ucilnica.scpet.si\/course\/index.php?categoryid=50\" target=\"_blank\" rel=\"noopener\">Spremljanje in zagotavljanje kakovosti<\/a><\/p>\n<p><i class=\"fa fa-link\" aria-hidden=\"true\"><\/i> <a href=\"https:\/\/e-ucilnica.scpet.si\/course\/index.php?categoryid=46\" target=\"_blank\" rel=\"noopener\">Interna pravila in merila, dolgoro\u010dni razvojni na\u010drt VS\u0160<\/a><\/p>\n<p><i class=\"fa fa-link\" aria-hidden=\"true\"><\/i> <a href=\"http:\/\/vpisvss.scpet.si\/EviScripts\/EviAnk.exe\" target=\"_blank\" rel=\"noopener\">Anketiranje zadovoljstva \u0161tudentov<\/a><\/p>\n<\/div><div class=\"fusion-clearfix\"><\/div><\/div><\/div><div class=\"fusion-layout-column fusion_builder_column fusion-builder-column-4 fusion_builder_column_1_1 1_1 fusion-one-full fusion-column-first fusion-column-last\" style=\"margin-top:0px;margin-bottom:0px;\"><div class=\"fusion-column-wrapper fusion-flex-column-wrapper-legacy\" style=\"background-position:left top;background-repeat:no-repeat;-webkit-background-size:cover;-moz-background-size:cover;-o-background-size:cover;background-size:cover;padding: 0px 0px 0px 0px;\"><div class=\"fusion-sep-clear\"><\/div><div class=\"fusion-separator fusion-full-width-sep\" style=\"margin-left: auto;margin-right: auto;margin-top:20px;width:100%;\"><\/div><div class=\"fusion-sep-clear\"><\/div><div class=\"fusion-clearfix\"><\/div><\/div><\/div><div class=\"fusion-layout-column fusion_builder_column fusion-builder-column-5 fusion_builder_column_1_2 1_2 fusion-one-half fusion-column-first\" style=\"width:50%;width:calc(50% - ( ( 4% ) * 0.5 ) );margin-right: 4%;margin-top:0px;margin-bottom:0px;\"><div class=\"fusion-column-wrapper fusion-flex-column-wrapper-legacy\" style=\"background-position:left top;background-repeat:no-repeat;-webkit-background-size:cover;-moz-background-size:cover;-o-background-size:cover;background-size:cover;padding: 0px 0px 0px 0px;\">\n<div class=\"table-1\">\n<table width=\"100%\">\n<thead>\n<tr>\n<th align=\"left\">\n<h3><strong>\u0160TEVILO DIPLOMANTOV<br \/>\n<\/strong>(1999 \u2013 2024)<\/h3>\n<\/th>\n<th style=\"text-align: center; font-size: x-large; font-weight: bold;\" colspan=\"2\" align=\"left\">\n<h3><strong>2244<br \/>\n<\/strong>(<i class=\"fas fa-chart-line fa-border\"><\/i> <a href=\"https:\/\/www.scpet.si\/vss\/wp-content\/uploads\/sites\/3\/2024\/01\/VSEH-dipl-skupaj_dec23.pdf\" target=\"_blank\" rel=\"noopener\">graf<\/a>)<\/h3>\n<\/th>\n<\/tr>\n<\/thead>\n<tbody>\n<tr>\n<td align=\"left\">\u0160tudijski programi<\/td>\n<td style=\"text-align: center;\" align=\"left\">Redni \u0161tudij<\/td>\n<td style=\"text-align: center;\" align=\"left\">Izredni \u0161tudij<\/td>\n<\/tr>\n<tr>\n<td align=\"left\">Telekomunikacije<\/td>\n<td style=\"text-align: center;\" align=\"left\"><strong>525 <\/strong>( <a href=\"https:\/\/www.scpet.si\/vss\/wp-content\/uploads\/sites\/3\/2024\/01\/VSEH-dipl_TK-redni_dec23.pdf\" target=\"_blank\" rel=\"noopener\">graf<\/a>)<strong><br \/>\n<\/strong><\/td>\n<td style=\"text-align: center;\" align=\"left\"><strong>487 <\/strong>( <a href=\"https:\/\/www.scpet.si\/vss\/wp-content\/uploads\/sites\/3\/2024\/01\/VSEH-dipl_TK-izredni_dec23.pdf\" target=\"_blank\" rel=\"noopener\">graf<\/a>)<strong><br \/>\n<\/strong><\/td>\n<\/tr>\n<tr>\n<td align=\"left\">Ekonomist\/Po\u0161tni promet<\/td>\n<td style=\"text-align: center;\" align=\"left\"><strong>739 <\/strong>( <a href=\"https:\/\/www.scpet.si\/vss\/wp-content\/uploads\/sites\/3\/2024\/01\/VSEH-dipl_EKO-redni_dec23.pdf\" target=\"_blank\" rel=\"noopener\">graf<\/a>)<strong><br \/>\n<\/strong><\/td>\n<td style=\"text-align: center;\" align=\"left\"><strong>493 <\/strong>( <a href=\"https:\/\/www.scpet.si\/vss\/wp-content\/uploads\/sites\/3\/2024\/01\/VSEH-dipl_EKO-izredni_dec23.pdf\" target=\"_blank\" rel=\"noopener\">graf<\/a>)<strong><br \/>\n<\/strong><\/td>\n<\/tr>\n<\/tbody>\n<\/table>\n<\/div>\n<div class=\"fusion-clearfix\"><\/div><\/div><\/div><div class=\"fusion-layout-column fusion_builder_column fusion-builder-column-6 fusion_builder_column_1_2 1_2 fusion-one-half fusion-column-last\" style=\"width:50%;width:calc(50% - ( ( 4% ) * 0.5 ) );margin-top:0px;margin-bottom:0px;\"><div class=\"fusion-column-wrapper fusion-flex-column-wrapper-legacy\" style=\"background-position:left top;background-repeat:no-repeat;-webkit-background-size:cover;-moz-background-size:cover;-o-background-size:cover;background-size:cover;padding: 0px 0px 0px 0px;\"><div class=\"fusion-clearfix\"><\/div><\/div><\/div><\/div><\/div>\n","protected":false},"excerpt":{"rendered":"","protected":false},"author":1,"featured_media":0,"parent":83,"menu_order":0,"comment_status":"closed","ping_status":"closed","template":"100-width.php","meta":{"xn-wppe-expiration":[],"xn-wppe-expiration-action":[],"xn-wppe-expiration-prefix":[],"_mi_skip_tracking":false,"_exactmetrics_sitenote_active":false,"_exactmetrics_sitenote_note":"","_exactmetrics_sitenote_category":0},"yoast_head":"<!-- This site is optimized with the Yoast SEO plugin v20.8 - https:\/\/yoast.com\/wordpress\/plugins\/seo\/ -->\n<title>Kakovost - VI\u0160JA STROKOVNA \u0160OLA<\/title>\n<meta name=\"description\" content=\"Kakovost vi\u0161je strokovne \u0161ole - \u0160olski center za po\u0161to, ekonomijo in telekomunikacije Ljubljana.\" \/>\n<meta name=\"robots\" content=\"index, follow, max-snippet:-1, max-image-preview:large, max-video-preview:-1\" \/>\n<link rel=\"canonical\" href=\"https:\/\/www.scpet.si\/vss\/o-soli\/kakovost\/\" \/>\n<meta property=\"og:locale\" content=\"sl_SI\" \/>\n<meta property=\"og:type\" content=\"article\" \/>\n<meta property=\"og:title\" content=\"Kakovost - VI\u0160JA STROKOVNA \u0160OLA\" \/>\n<meta property=\"og:description\" content=\"Kakovost vi\u0161je strokovne \u0161ole - \u0160olski center za po\u0161to, ekonomijo in telekomunikacije Ljubljana.\" \/>\n<meta property=\"og:url\" content=\"https:\/\/www.scpet.si\/vss\/o-soli\/kakovost\/\" \/>\n<meta property=\"og:site_name\" content=\"VI\u0160JA STROKOVNA \u0160OLA\" \/>\n<meta property=\"article:modified_time\" content=\"2025-11-07T10:43:21+00:00\" \/>\n<meta name=\"twitter:card\" content=\"summary_large_image\" \/>\n<meta name=\"twitter:label1\" content=\"Est. reading time\" \/>\n\t<meta name=\"twitter:data1\" content=\"4 minute\" \/>\n<script type=\"application\/ld+json\" class=\"yoast-schema-graph\">{\"@context\":\"https:\/\/schema.org\",\"@graph\":[{\"@type\":\"WebPage\",\"@id\":\"https:\/\/www.scpet.si\/vss\/o-soli\/kakovost\/\",\"url\":\"https:\/\/www.scpet.si\/vss\/o-soli\/kakovost\/\",\"name\":\"Kakovost - VI\u0160JA STROKOVNA \u0160OLA\",\"isPartOf\":{\"@id\":\"\/#website\"},\"datePublished\":\"2019-09-20T07:21:56+00:00\",\"dateModified\":\"2025-11-07T10:43:21+00:00\",\"description\":\"Kakovost vi\u0161je strokovne \u0161ole - \u0160olski center za po\u0161to, ekonomijo in telekomunikacije Ljubljana.\",\"breadcrumb\":{\"@id\":\"https:\/\/www.scpet.si\/vss\/o-soli\/kakovost\/#breadcrumb\"},\"inLanguage\":\"sl-SI\",\"potentialAction\":[{\"@type\":\"ReadAction\",\"target\":[\"https:\/\/www.scpet.si\/vss\/o-soli\/kakovost\/\"]}]},{\"@type\":\"BreadcrumbList\",\"@id\":\"https:\/\/www.scpet.si\/vss\/o-soli\/kakovost\/#breadcrumb\",\"itemListElement\":[{\"@type\":\"ListItem\",\"position\":1,\"name\":\"Home\",\"item\":\"https:\/\/www.scpet.si\/vss\/\"},{\"@type\":\"ListItem\",\"position\":2,\"name\":\"O \u0160OLI\",\"item\":\"https:\/\/www.scpet.si\/vss\/o-soli\/\"},{\"@type\":\"ListItem\",\"position\":3,\"name\":\"Kakovost\"}]},{\"@type\":\"WebSite\",\"@id\":\"\/#website\",\"url\":\"\/\",\"name\":\"VI\u0160JA STROKOVNA \u0160OLA\",\"description\":\"Just another \u0160C PET Sites site\",\"potentialAction\":[{\"@type\":\"SearchAction\",\"target\":{\"@type\":\"EntryPoint\",\"urlTemplate\":\"\/?s={search_term_string}\"},\"query-input\":\"required name=search_term_string\"}],\"inLanguage\":\"sl-SI\"}]}<\/script>\n<!-- \/ Yoast SEO plugin. -->","yoast_head_json":{"title":"Kakovost - VI\u0160JA STROKOVNA \u0160OLA","description":"Kakovost vi\u0161je strokovne \u0161ole - \u0160olski center za po\u0161to, ekonomijo in telekomunikacije Ljubljana.","robots":{"index":"index","follow":"follow","max-snippet":"max-snippet:-1","max-image-preview":"max-image-preview:large","max-video-preview":"max-video-preview:-1"},"canonical":"https:\/\/www.scpet.si\/vss\/o-soli\/kakovost\/","og_locale":"sl_SI","og_type":"article","og_title":"Kakovost - VI\u0160JA STROKOVNA \u0160OLA","og_description":"Kakovost vi\u0161je strokovne \u0161ole - \u0160olski center za po\u0161to, ekonomijo in telekomunikacije Ljubljana.","og_url":"https:\/\/www.scpet.si\/vss\/o-soli\/kakovost\/","og_site_name":"VI\u0160JA STROKOVNA \u0160OLA","article_modified_time":"2025-11-07T10:43:21+00:00","twitter_card":"summary_large_image","twitter_misc":{"Est. reading time":"4 minute"},"schema":{"@context":"https:\/\/schema.org","@graph":[{"@type":"WebPage","@id":"https:\/\/www.scpet.si\/vss\/o-soli\/kakovost\/","url":"https:\/\/www.scpet.si\/vss\/o-soli\/kakovost\/","name":"Kakovost - VI\u0160JA STROKOVNA \u0160OLA","isPartOf":{"@id":"\/#website"},"datePublished":"2019-09-20T07:21:56+00:00","dateModified":"2025-11-07T10:43:21+00:00","description":"Kakovost vi\u0161je strokovne \u0161ole - \u0160olski center za po\u0161to, ekonomijo in telekomunikacije Ljubljana.","breadcrumb":{"@id":"https:\/\/www.scpet.si\/vss\/o-soli\/kakovost\/#breadcrumb"},"inLanguage":"sl-SI","potentialAction":[{"@type":"ReadAction","target":["https:\/\/www.scpet.si\/vss\/o-soli\/kakovost\/"]}]},{"@type":"BreadcrumbList","@id":"https:\/\/www.scpet.si\/vss\/o-soli\/kakovost\/#breadcrumb","itemListElement":[{"@type":"ListItem","position":1,"name":"Home","item":"https:\/\/www.scpet.si\/vss\/"},{"@type":"ListItem","position":2,"name":"O \u0160OLI","item":"https:\/\/www.scpet.si\/vss\/o-soli\/"},{"@type":"ListItem","position":3,"name":"Kakovost"}]},{"@type":"WebSite","@id":"\/#website","url":"\/","name":"VI\u0160JA STROKOVNA \u0160OLA","description":"Just another \u0160C PET Sites site","potentialAction":[{"@type":"SearchAction","target":{"@type":"EntryPoint","urlTemplate":"\/?s={search_term_string}"},"query-input":"required name=search_term_string"}],"inLanguage":"sl-SI"}]}},"_links":{"self":[{"href":"https:\/\/www.scpet.si\/vss\/wp-json\/wp\/v2\/pages\/124"}],"collection":[{"href":"https:\/\/www.scpet.si\/vss\/wp-json\/wp\/v2\/pages"}],"about":[{"href":"https:\/\/www.scpet.si\/vss\/wp-json\/wp\/v2\/types\/page"}],"author":[{"embeddable":true,"href":"https:\/\/www.scpet.si\/vss\/wp-json\/wp\/v2\/users\/1"}],"replies":[{"embeddable":true,"href":"https:\/\/www.scpet.si\/vss\/wp-json\/wp\/v2\/comments?post=124"}],"version-history":[{"count":0,"href":"https:\/\/www.scpet.si\/vss\/wp-json\/wp\/v2\/pages\/124\/revisions"}],"up":[{"embeddable":true,"href":"https:\/\/www.scpet.si\/vss\/wp-json\/wp\/v2\/pages\/83"}],"wp:attachment":[{"href":"https:\/\/www.scpet.si\/vss\/wp-json\/wp\/v2\/media?parent=124"}],"curies":[{"name":"wp","href":"https:\/\/api.w.org\/{rel}","templated":true}]}}