{"id":125,"date":"2019-09-20T09:22:38","date_gmt":"2019-09-20T07:22:38","guid":{"rendered":"http:\/\/scpet.sample.si\/vss\/o-soli\/kakovost-copy\/"},"modified":"2022-10-05T11:20:32","modified_gmt":"2022-10-05T09:20:32","slug":"zakonodaja-in-interni-akti","status":"publish","type":"page","link":"https:\/\/www.scpet.si\/vss\/o-soli\/zakonodaja-in-interni-akti\/","title":{"rendered":"Zakonodaja in interni akti"},"content":{"rendered":"<div class=\"fusion-fullwidth fullwidth-box fusion-builder-row-1 nonhundred-percent-fullwidth non-hundred-percent-height-scrolling\" style=\"background-color: rgba(255,255,255,0);background-position: center center;background-repeat: no-repeat;padding-top:0px;padding-right:0px;padding-bottom:0px;margin-bottom: 0px;margin-top: 0px;border-width: 0px 0px 0px 0px;border-color:#eae9e9;border-style:solid;\" ><div class=\"fusion-builder-row fusion-row\"><div class=\"fusion-layout-column fusion_builder_column fusion-builder-column-0 fusion_builder_column_1_1 1_1 fusion-one-full fusion-column-first fusion-column-last\" style=\"margin-top:0px;margin-bottom:0px;\"><div class=\"fusion-column-wrapper fusion-flex-column-wrapper-legacy\" style=\"background-position:left top;background-repeat:no-repeat;-webkit-background-size:cover;-moz-background-size:cover;-o-background-size:cover;background-size:cover;padding: 0px 0px 0px 0px;\"><style type=\"text\/css\"><\/style><div class=\"fusion-title title fusion-title-1 fusion-sep-none fusion-title-text fusion-title-size-one\" style=\"margin-top:0px;margin-right:0px;margin-bottom:31px;margin-left:0px;\"><h1 class=\"title-heading-left\" style=\"margin:0;\">Predpisi in merila<\/h1><\/div><div class=\"fusion-clearfix\"><\/div><\/div><\/div><div class=\"fusion-layout-column fusion_builder_column fusion-builder-column-1 fusion_builder_column_1_2 1_2 fusion-one-half fusion-column-first\" style=\"width:50%;width:calc(50% - ( ( 4% ) * 0.5 ) );margin-right: 4%;margin-top:0px;margin-bottom:0px;\"><div class=\"fusion-column-wrapper fusion-flex-column-wrapper-legacy\" style=\"background-position:left top;background-repeat:no-repeat;-webkit-background-size:cover;-moz-background-size:cover;-o-background-size:cover;background-size:cover;padding: 0px 0px 0px 0px;\"><div class=\"fusion-text fusion-text-1\"><div><strong>Javnoveljavni predpisi:<\/strong><\/div>\n<p><a href=\"https:\/\/www.gov.si\/drzavni-organi\/ministrstva\/ministrstvo-za-izobrazevanje-znanost-in-sport\/zakonodaja\/#e27303\">Temeljni predpisi za podro\u010dje vi\u0161je\u0161olskega izobra\u017eevanja<\/a><\/p>\n<p><strong>Javnoveljavna merila:<br \/>\n<\/strong><a href=\"https:\/\/www.scpet.si\/vss\/wp-content\/uploads\/sites\/3\/2021\/09\/Merila_za_prehode___17_11_.pdf\" target=\"_blank\" rel=\"noopener\">Merila za prehode med \u0161tudijskimi programi<\/a>\u00a0\u00a0<i class=\"far fa-file-pdf\"><\/i><br \/>\n<a href=\"http:\/\/zakonodaja.sio.si\/predpis\/merila-za-uvrstitev-v-register-strokovnjakov\/\">Merila za uvrstitev v register strokovnjakov\u00a0<\/a><br \/>\n<a href=\"http:\/\/zakonodaja.sio.si\/predpis\/merila-za-kreditno-vrednotenje-studijskih-programov-po-ects\/\">Merila za kreditno vrednotenje \u0161tudijskih programov po ECTS<\/a><\/p>\n<p><a title=\"http:\/\/www.vlada.si\/o_sloveniji\/politicni_sistem\/prazniki\/\" href=\"http:\/\/www.vlada.si\/o_sloveniji\/politicni_sistem\/prazniki\/\">Prazniki in dela\u00a0prosti dnevi v RS<\/a><br \/>\n<a title=\"http:\/\/www.mddsz.gov.si\/si\/zakonodaja_in_dokumenti\/veljavni_predpisi\/\" href=\"http:\/\/www.mddsz.gov.si\/si\/zakonodaja_in_dokumenti\/veljavni_predpisi\/\">Zakon o \u0161tipendiranju<\/a> (glej pod 2. TRG DELA IN ZAPOSLOVANJE)<\/p>\n<\/div><div class=\"fusion-clearfix\"><\/div><\/div><\/div><div class=\"fusion-layout-column fusion_builder_column fusion-builder-column-2 fusion_builder_column_1_2 1_2 fusion-one-half fusion-column-last\" style=\"width:50%;width:calc(50% - ( ( 4% ) * 0.5 ) );margin-top:0px;margin-bottom:0px;\"><div class=\"fusion-column-wrapper fusion-flex-column-wrapper-legacy\" style=\"background-position:left top;background-repeat:no-repeat;-webkit-background-size:cover;-moz-background-size:cover;-o-background-size:cover;background-size:cover;padding: 0px 0px 0px 0px;\"><div class=\"fusion-text fusion-text-2\"><p><strong><a href=\"https:\/\/e-ucilnica.scpet.si\/course\/index.php?categoryid=46\" target=\"_blank\" rel=\"noopener\">Interna pravila, merila in dolgoro\u010dni razvojni program VS\u0160<\/a><br \/>\n<\/strong>Poslovnik o kakovost VS\u0160<br \/>\nPoslovnik strate\u0161kega sveta VS\u0160<br \/>\nPoslovnik \u0161tudijske komisije<br \/>\nPoslovnik \u0161tudentskega sveta<br \/>\nPravila o delovanju VS\u0160<br \/>\nPravila o delnih izpitih<br \/>\nPravila o diplomskem izpitu<br \/>\nPravilnik o izobra\u017eevanju na daljavo (v \u010dasu izrednih razmer)<br \/>\nPravilnik o opravljanju izpitov na daljavo (v \u010dasu izrednih razmer)<br \/>\nPravila o prilagajanju \u0161tudijskih obveznosti<br \/>\nPravila o tutorstvu \u0161tudentom<br \/>\nPravila o\u00a0odgovornosti \u0161tudentov<br \/>\nMerila za postopek ocenjevanja znanja<br \/>\nMerila za postopek priznavanja predhodno pridobljenega znanja<br \/>\nMerila o nagrajevanju \u0161tudentov<br \/>\nDolgoro\u010dni razvojni program VS\u0160<\/p>\n<\/div><div class=\"fusion-clearfix\"><\/div><\/div><\/div><\/div><\/div>\n","protected":false},"excerpt":{"rendered":"","protected":false},"author":1,"featured_media":0,"parent":83,"menu_order":0,"comment_status":"closed","ping_status":"closed","template":"100-width.php","meta":{"xn-wppe-expiration":[],"xn-wppe-expiration-action":[],"xn-wppe-expiration-prefix":[],"_mi_skip_tracking":false,"_exactmetrics_sitenote_active":false,"_exactmetrics_sitenote_note":"","_exactmetrics_sitenote_category":0},"yoast_head":"<!-- This site is optimized with the Yoast SEO plugin v20.8 - https:\/\/yoast.com\/wordpress\/plugins\/seo\/ -->\n<title>Zakonodaja in interni akti - VI\u0160JA STROKOVNA \u0160OLA<\/title>\n<meta name=\"description\" content=\"Zakonodaja in interni akti\" \/>\n<meta name=\"robots\" content=\"index, follow, max-snippet:-1, max-image-preview:large, max-video-preview:-1\" \/>\n<link rel=\"canonical\" href=\"https:\/\/www.scpet.si\/vss\/o-soli\/zakonodaja-in-interni-akti\/\" \/>\n<meta property=\"og:locale\" content=\"sl_SI\" \/>\n<meta property=\"og:type\" content=\"article\" \/>\n<meta property=\"og:title\" content=\"Zakonodaja in interni akti - VI\u0160JA STROKOVNA \u0160OLA\" \/>\n<meta property=\"og:description\" content=\"Zakonodaja in interni akti\" \/>\n<meta property=\"og:url\" content=\"https:\/\/www.scpet.si\/vss\/o-soli\/zakonodaja-in-interni-akti\/\" \/>\n<meta property=\"og:site_name\" content=\"VI\u0160JA STROKOVNA \u0160OLA\" \/>\n<meta property=\"article:modified_time\" content=\"2022-10-05T09:20:32+00:00\" \/>\n<meta name=\"twitter:card\" content=\"summary_large_image\" \/>\n<meta name=\"twitter:label1\" content=\"Est. reading time\" \/>\n\t<meta name=\"twitter:data1\" content=\"2 minuti\" \/>\n<script type=\"application\/ld+json\" class=\"yoast-schema-graph\">{\"@context\":\"https:\/\/schema.org\",\"@graph\":[{\"@type\":\"WebPage\",\"@id\":\"https:\/\/www.scpet.si\/vss\/o-soli\/zakonodaja-in-interni-akti\/\",\"url\":\"https:\/\/www.scpet.si\/vss\/o-soli\/zakonodaja-in-interni-akti\/\",\"name\":\"Zakonodaja in interni akti - VI\u0160JA STROKOVNA \u0160OLA\",\"isPartOf\":{\"@id\":\"\/#website\"},\"datePublished\":\"2019-09-20T07:22:38+00:00\",\"dateModified\":\"2022-10-05T09:20:32+00:00\",\"description\":\"Zakonodaja in interni akti\",\"breadcrumb\":{\"@id\":\"https:\/\/www.scpet.si\/vss\/o-soli\/zakonodaja-in-interni-akti\/#breadcrumb\"},\"inLanguage\":\"sl-SI\",\"potentialAction\":[{\"@type\":\"ReadAction\",\"target\":[\"https:\/\/www.scpet.si\/vss\/o-soli\/zakonodaja-in-interni-akti\/\"]}]},{\"@type\":\"BreadcrumbList\",\"@id\":\"https:\/\/www.scpet.si\/vss\/o-soli\/zakonodaja-in-interni-akti\/#breadcrumb\",\"itemListElement\":[{\"@type\":\"ListItem\",\"position\":1,\"name\":\"Home\",\"item\":\"https:\/\/www.scpet.si\/vss\/\"},{\"@type\":\"ListItem\",\"position\":2,\"name\":\"O \u0160OLI\",\"item\":\"https:\/\/www.scpet.si\/vss\/o-soli\/\"},{\"@type\":\"ListItem\",\"position\":3,\"name\":\"Zakonodaja in interni akti\"}]},{\"@type\":\"WebSite\",\"@id\":\"\/#website\",\"url\":\"\/\",\"name\":\"VI\u0160JA STROKOVNA \u0160OLA\",\"description\":\"Just another \u0160C PET Sites site\",\"potentialAction\":[{\"@type\":\"SearchAction\",\"target\":{\"@type\":\"EntryPoint\",\"urlTemplate\":\"\/?s={search_term_string}\"},\"query-input\":\"required name=search_term_string\"}],\"inLanguage\":\"sl-SI\"}]}<\/script>\n<!-- \/ Yoast SEO plugin. -->","yoast_head_json":{"title":"Zakonodaja in interni akti - VI\u0160JA STROKOVNA \u0160OLA","description":"Zakonodaja in interni akti","robots":{"index":"index","follow":"follow","max-snippet":"max-snippet:-1","max-image-preview":"max-image-preview:large","max-video-preview":"max-video-preview:-1"},"canonical":"https:\/\/www.scpet.si\/vss\/o-soli\/zakonodaja-in-interni-akti\/","og_locale":"sl_SI","og_type":"article","og_title":"Zakonodaja in interni akti - VI\u0160JA STROKOVNA \u0160OLA","og_description":"Zakonodaja in interni akti","og_url":"https:\/\/www.scpet.si\/vss\/o-soli\/zakonodaja-in-interni-akti\/","og_site_name":"VI\u0160JA STROKOVNA \u0160OLA","article_modified_time":"2022-10-05T09:20:32+00:00","twitter_card":"summary_large_image","twitter_misc":{"Est. reading time":"2 minuti"},"schema":{"@context":"https:\/\/schema.org","@graph":[{"@type":"WebPage","@id":"https:\/\/www.scpet.si\/vss\/o-soli\/zakonodaja-in-interni-akti\/","url":"https:\/\/www.scpet.si\/vss\/o-soli\/zakonodaja-in-interni-akti\/","name":"Zakonodaja in interni akti - VI\u0160JA STROKOVNA \u0160OLA","isPartOf":{"@id":"\/#website"},"datePublished":"2019-09-20T07:22:38+00:00","dateModified":"2022-10-05T09:20:32+00:00","description":"Zakonodaja in interni akti","breadcrumb":{"@id":"https:\/\/www.scpet.si\/vss\/o-soli\/zakonodaja-in-interni-akti\/#breadcrumb"},"inLanguage":"sl-SI","potentialAction":[{"@type":"ReadAction","target":["https:\/\/www.scpet.si\/vss\/o-soli\/zakonodaja-in-interni-akti\/"]}]},{"@type":"BreadcrumbList","@id":"https:\/\/www.scpet.si\/vss\/o-soli\/zakonodaja-in-interni-akti\/#breadcrumb","itemListElement":[{"@type":"ListItem","position":1,"name":"Home","item":"https:\/\/www.scpet.si\/vss\/"},{"@type":"ListItem","position":2,"name":"O \u0160OLI","item":"https:\/\/www.scpet.si\/vss\/o-soli\/"},{"@type":"ListItem","position":3,"name":"Zakonodaja in interni akti"}]},{"@type":"WebSite","@id":"\/#website","url":"\/","name":"VI\u0160JA STROKOVNA \u0160OLA","description":"Just another \u0160C PET Sites site","potentialAction":[{"@type":"SearchAction","target":{"@type":"EntryPoint","urlTemplate":"\/?s={search_term_string}"},"query-input":"required name=search_term_string"}],"inLanguage":"sl-SI"}]}},"_links":{"self":[{"href":"https:\/\/www.scpet.si\/vss\/wp-json\/wp\/v2\/pages\/125"}],"collection":[{"href":"https:\/\/www.scpet.si\/vss\/wp-json\/wp\/v2\/pages"}],"about":[{"href":"https:\/\/www.scpet.si\/vss\/wp-json\/wp\/v2\/types\/page"}],"author":[{"embeddable":true,"href":"https:\/\/www.scpet.si\/vss\/wp-json\/wp\/v2\/users\/1"}],"replies":[{"embeddable":true,"href":"https:\/\/www.scpet.si\/vss\/wp-json\/wp\/v2\/comments?post=125"}],"version-history":[{"count":0,"href":"https:\/\/www.scpet.si\/vss\/wp-json\/wp\/v2\/pages\/125\/revisions"}],"up":[{"embeddable":true,"href":"https:\/\/www.scpet.si\/vss\/wp-json\/wp\/v2\/pages\/83"}],"wp:attachment":[{"href":"https:\/\/www.scpet.si\/vss\/wp-json\/wp\/v2\/media?parent=125"}],"curies":[{"name":"wp","href":"https:\/\/api.w.org\/{rel}","templated":true}]}}