{"id":137,"date":"2019-09-20T09:27:43","date_gmt":"2019-09-20T07:27:43","guid":{"rendered":"http:\/\/scpet.sample.si\/vss\/studij\/izobrazevalni-programi-copy\/"},"modified":"2024-07-23T10:02:11","modified_gmt":"2024-07-23T08:02:11","slug":"ceniki-vss","status":"publish","type":"page","link":"https:\/\/www.scpet.si\/vss\/programi-in-vpis\/ceniki-vss\/","title":{"rendered":"Ceniki VS\u0160"},"content":{"rendered":"<div class=\"fusion-fullwidth fullwidth-box fusion-builder-row-1 nonhundred-percent-fullwidth non-hundred-percent-height-scrolling\" style=\"background-color: rgba(255,255,255,0);background-position: center center;background-repeat: no-repeat;padding-top:0px;padding-right:0px;padding-bottom:0px;margin-bottom: 0px;margin-top: 0px;border-width: 0px 0px 0px 0px;border-color:#eae9e9;border-style:solid;\" ><div class=\"fusion-builder-row fusion-row\"><div class=\"fusion-layout-column fusion_builder_column fusion-builder-column-0 fusion_builder_column_1_1 1_1 fusion-one-full fusion-column-first fusion-column-last\" style=\"margin-top:0px;margin-bottom:0px;\"><div class=\"fusion-column-wrapper fusion-flex-column-wrapper-legacy\" style=\"background-position:left top;background-repeat:no-repeat;-webkit-background-size:cover;-moz-background-size:cover;-o-background-size:cover;background-size:cover;padding: 0px 0px 0px 0px;\"><style type=\"text\/css\"><\/style><div class=\"fusion-title title fusion-title-1 fusion-sep-none fusion-title-text fusion-title-size-one\" style=\"margin-top:0px;margin-right:0px;margin-bottom:31px;margin-left:0px;\"><h1 class=\"title-heading-left\" style=\"margin:0;\">Cenik storitev VS\u0160<\/h1><\/div><div class=\"fusion-text fusion-text-1\"><h3 style=\"font-weight: 400;\">\u0160OLNINA IN PRISPEVKI (cene v \u20ac)<\/h3>\n<\/div><div class=\"fusion-clearfix\"><\/div><\/div><\/div><div class=\"fusion-layout-column fusion_builder_column fusion-builder-column-1 fusion_builder_column_1_2 1_2 fusion-one-half fusion-column-first\" style=\"width:50%;width:calc(50% - ( ( 4% ) * 0.5 ) );margin-right: 4%;margin-top:0px;margin-bottom:0px;\"><div class=\"fusion-column-wrapper fusion-flex-column-wrapper-legacy\" style=\"background-position:left top;background-repeat:no-repeat;-webkit-background-size:cover;-moz-background-size:cover;-o-background-size:cover;background-size:cover;padding: 0px 0px 0px 0px;\">\n<div class=\"table-1\">\n<p>PLA\u010cILO STORITEV (UPN)<\/p>\n<table width=\"100%\">\n<thead>\n<tr>\n<th align=\"left\"><strong><span style=\"color: #0085ae;\">IZREDNI \u0160TUDIJ<\/span> <\/strong><\/th>\n<th style=\"text-align: center;\" align=\"left\">1. leto<\/th>\n<th style=\"text-align: center;\" align=\"left\">2. leto<\/th>\n<th style=\"text-align: center;\" align=\"left\">3. leto<\/th>\n<\/tr>\n<\/thead>\n<tbody>\n<tr>\n<td>\u0160olnina (za samopla\u010dnike je mo\u017enost<br \/>\npla\u010dila za 1. in 2. leto na 10 obrokov,<br \/>\n3. leto pa na 5 obrokov)<\/td>\n<td style=\"text-align: center;\">1.500,00<\/td>\n<td style=\"text-align: center;\">1.500,00<\/td>\n<td style=\"text-align: center;\">750,00<\/td>\n<\/tr>\n<tr>\n<td>Pla\u010dano v enkratnem znesku \u2013 5% popusta<\/td>\n<td style=\"text-align: center;\">1425,00<\/td>\n<td style=\"text-align: center;\">1425,00<\/td>\n<td style=\"text-align: center;\">712,00<\/td>\n<\/tr>\n<tr>\n<td><strong>VPISNINA<br \/>\n<\/strong><\/td>\n<td style=\"text-align: center;\" colspan=\"3\">PLA\u010cILO STORITEV (UPN)<\/td>\n<\/tr>\n<tr>\n<td>Vpisnina je zajeta v ceni \u0161olnine za 1. leto<\/td>\n<td style=\"text-align: center;\">\/<\/td>\n<td style=\"text-align: center;\" colspan=\"2\">\/<\/td>\n<\/tr>\n<tr>\n<td>Vpisnina za \u0161tudente brez statusa (za \u0161tudijsko leto)<\/td>\n<td style=\"text-align: center;\">50,00<\/td>\n<td colspan=\"2\">( <i class=\"far fa-file-pdf\"><\/i> <a href=\"https:\/\/www.scpet.si\/vss\/wp-content\/uploads\/sites\/3\/2022\/07\/50_brez-statusa_izredni.pdf\" target=\"_blank\" rel=\"noopener\">pdf<\/a>)<\/td>\n<\/tr>\n<tr>\n<td><strong>IZPITI<\/strong><\/td>\n<td style=\"text-align: center;\" colspan=\"3\">PLA\u010cILO STORITEV (UPN)<\/td>\n<\/tr>\n<tr>\n<td>Predmetni izpit (1.,2.,3.,) so vklju\u010deni v celo \u0161olnine<\/td>\n<td style=\"text-align: center;\">\/<\/td>\n<td style=\"text-align: center;\" colspan=\"2\">\/<\/td>\n<\/tr>\n<tr>\n<td>Predmetni izpit (4. ali ve\u010d)<\/td>\n<td style=\"text-align: center;\">50,00<\/td>\n<td colspan=\"2\">( <i class=\"far fa-file-pdf\"><\/i> <a href=\"https:\/\/www.scpet.si\/vss\/wp-content\/uploads\/sites\/3\/2024\/07\/Nalogi-QR.pdf\" target=\"_blank\" rel=\"noopener\">pdf<\/a>)<\/td>\n<\/tr>\n<tr>\n<td>Predmetni izpit za \u0161tudente brez statusa<\/td>\n<td style=\"text-align: center;\">50,00<\/td>\n<td style=\"text-align: left;\" colspan=\"2\">( <i class=\"far fa-file-pdf\"><\/i> <a href=\"https:\/\/www.scpet.si\/vss\/wp-content\/uploads\/sites\/3\/2024\/07\/Nalogi-QR.pdf\" target=\"_blank\" rel=\"noopener\">pdf<\/a>)<\/td>\n<\/tr>\n<tr>\n<td>Organizacija prakti\u010dnega izobra\u017eevanja za \u0161tudente brez statusa<\/td>\n<td style=\"text-align: center;\">40,00<\/td>\n<td style=\"text-align: left;\" colspan=\"2\">( <i class=\"far fa-file-pdf\"><\/i> <a href=\"https:\/\/www.scpet.si\/vss\/wp-content\/uploads\/sites\/3\/2021\/09\/organizacija-PRI-izr.-brez-stat._40.pdf\" target=\"_blank\" rel=\"noopener\">pdf<\/a>)<\/td>\n<\/tr>\n<tr>\n<td>Diplomski izpit (do 5 let od prvega vpisa)<\/td>\n<td style=\"text-align: center;\">\/<\/td>\n<td style=\"text-align: center;\" colspan=\"2\">\/<\/td>\n<\/tr>\n<tr>\n<td>Diplomski izpit (ve\u010d kot 5 let od prvega vpisa)<\/td>\n<td style=\"text-align: center;\">250,00<\/td>\n<td style=\"text-align: center;\" colspan=\"2\">Referat VS\u0160\/ra\u010dunovodstvo<\/td>\n<\/tr>\n<tr>\n<td><strong>POTRDILA<\/strong><\/td>\n<td style=\"text-align: center;\" colspan=\"3\">PLA\u010cILO STORITEV (UPN)<\/td>\n<\/tr>\n<tr>\n<td>Izdaja potrdila o vpisu (3 brezpla\u010dno)<\/td>\n<td style=\"text-align: center;\">2,00<\/td>\n<td colspan=\"2\">( <i class=\"far fa-file-pdf\"><\/i> <a href=\"https:\/\/www.scpet.si\/vss\/wp-content\/uploads\/sites\/3\/2021\/09\/potrdila_cena_odvisna_od_stevila.pdf\" target=\"_blank\" rel=\"noopener\">pdf<\/a>) cena je odvisna od \u0161tevila<\/td>\n<\/tr>\n<tr>\n<td>Izdaja potrdila o opravljenih izpitih in povpre\u010dni oceni<\/td>\n<td style=\"text-align: center;\">4,00<\/td>\n<td colspan=\"2\">( <i class=\"far fa-file-pdf\"><\/i> <a href=\"https:\/\/www.scpet.si\/vss\/wp-content\/uploads\/sites\/3\/2021\/09\/potdilo_o_opr_izpitih_in_povprecni_oceni-4.pdf\" target=\"_blank\" rel=\"noopener\">pdf<\/a>)<\/td>\n<\/tr>\n<tr>\n<td>Izdaja potrdila (vsebine kataloga znanj za predmet)<\/td>\n<td style=\"text-align: center;\">2,00<\/td>\n<td colspan=\"2\">( <i class=\"far fa-file-pdf\"><\/i> <a href=\"https:\/\/www.scpet.si\/vss\/wp-content\/uploads\/sites\/3\/2021\/11\/Potrdilo_kat_znanj.pdf\" target=\"_blank\" rel=\"noopener\">pdf<\/a>) cena je odvisna od \u0161tevila<\/td>\n<\/tr>\n<tr>\n<td>Izdaja sklepa (o priznavanju opravljenih \u0161tudijskih obveznosti)<\/td>\n<td style=\"text-align: center;\">30,00<\/td>\n<td colspan=\"2\">( <i class=\"far fa-file-pdf\"><\/i> <a href=\"https:\/\/www.scpet.si\/vss\/wp-content\/uploads\/sites\/3\/2021\/09\/priznavanje-stud_obveznosti_30.pdf\" target=\"_blank\" rel=\"noopener\">pdf<\/a>)<\/td>\n<\/tr>\n<tr>\n<td>Izdaja posameznih potrdil (CSD, ZPIS, \u2026)<\/td>\n<td style=\"text-align: center;\">5,00<\/td>\n<td colspan=\"2\">( <i class=\"far fa-file-pdf\"><\/i> <a href=\"https:\/\/www.scpet.si\/vss\/wp-content\/uploads\/sites\/3\/2022\/07\/Izdaja_potrdila.pdf\" target=\"_blank\" rel=\"noopener\">pdf<\/a>) cena je odvisna od \u0161tevila<\/td>\n<\/tr>\n<\/tbody>\n<\/table>\n<\/div>\n<div class=\"fusion-sep-clear\"><\/div><div class=\"fusion-separator fusion-full-width-sep\" style=\"margin-left: auto;margin-right: auto;margin-top:20px;width:100%;\"><\/div><div class=\"fusion-sep-clear\"><\/div><div class=\"fusion-text fusion-text-2\"><p>PLA\u010cILA:\u00a0\u010ce je pla\u010dnik \u0161olnine delovna organizacija, se \u0161olnina pla\u010da v enkratnem znesku (brez popusta). \u010ce je \u0161tudent samopla\u010dnik, se lahko odlo\u010di za pla\u010dilo v enkratnem znesku (5% popusta), ali v dogovoru po obrokih (najve\u010d 10).\u00a0Ob vpisu\u00a0v 1. leto \u0161tudija se pla\u010da 1. obrok takoj.<\/p>\n<\/div><div class=\"fusion-sep-clear\"><\/div><div class=\"fusion-separator fusion-full-width-sep\" style=\"margin-left: auto;margin-right: auto;margin-top:20px;width:100%;\"><\/div><div class=\"fusion-sep-clear\"><\/div><div class=\"fusion-text fusion-text-3\"><p>\u010casovni razpored pla\u010dila\u00a0obrokov za 1. in 2. leto \u0161tudija:<\/p>\n<\/div>\n<div class=\"table-1\">\n<table width=\"100%\">\n<tbody>\n<tr>\n<td align=\"left\">1. obrok<\/td>\n<td align=\"left\">ob vpisu<\/td>\n<td align=\"left\">6. obrok<\/td>\n<td align=\"left\">28. 02.<\/td>\n<\/tr>\n<tr>\n<td align=\"left\">2. obrok<\/td>\n<td align=\"left\">30. 10.<\/td>\n<td align=\"left\">7. obrok<\/td>\n<td align=\"left\">29. 03.<\/td>\n<\/tr>\n<tr>\n<td align=\"left\">3. obrok<\/td>\n<td align=\"left\">30. 11.<\/td>\n<td align=\"left\">8. obrok<\/td>\n<td align=\"left\">30. 04.<\/td>\n<\/tr>\n<tr>\n<td align=\"left\">4. obrok<\/td>\n<td align=\"left\">31. 12.<\/td>\n<td align=\"left\">9. obrok<\/td>\n<td align=\"left\">31. 05.<\/td>\n<\/tr>\n<tr>\n<td align=\"left\">5. obrok<\/td>\n<td align=\"left\">31. 01.<\/td>\n<td align=\"left\">10. obrok<\/td>\n<td align=\"left\">28. 06.<\/td>\n<\/tr>\n<\/tbody>\n<\/table>\n<\/div>\n<div class=\"fusion-sep-clear\"><\/div><div class=\"fusion-separator fusion-full-width-sep\" style=\"margin-left: auto;margin-right: auto;margin-top:20px;width:100%;\"><\/div><div class=\"fusion-sep-clear\"><\/div><div class=\"fusion-text fusion-text-4\"><p>Razpored pla\u010dila obrokov za 3. leto \u0161tudija:<\/p>\n<\/div>\n<div class=\"table-1\">\n<table width=\"50%\">\n<tbody>\n<tr>\n<td align=\"left\">1. obrok<\/td>\n<td align=\"left\">30. 09.<\/td>\n<\/tr>\n<tr>\n<td align=\"left\">2. obrok<\/td>\n<td align=\"left\">30. 10.<\/td>\n<\/tr>\n<tr>\n<td align=\"left\">3. obrok<\/td>\n<td align=\"left\">30. 11.<\/td>\n<\/tr>\n<tr>\n<td align=\"left\">4. obrok<\/td>\n<td align=\"left\">31. 01.<\/td>\n<\/tr>\n<tr>\n<td align=\"left\">5. obrok<\/td>\n<td align=\"left\">28. 02.<\/td>\n<\/tr>\n<\/tbody>\n<\/table>\n<\/div>\n<div class=\"fusion-clearfix\"><\/div><\/div><\/div><div class=\"fusion-layout-column fusion_builder_column fusion-builder-column-2 fusion_builder_column_1_2 1_2 fusion-one-half fusion-column-last\" style=\"width:50%;width:calc(50% - ( ( 4% ) * 0.5 ) );margin-top:0px;margin-bottom:0px;\"><div class=\"fusion-column-wrapper fusion-flex-column-wrapper-legacy\" style=\"background-position:left top;background-repeat:no-repeat;-webkit-background-size:cover;-moz-background-size:cover;-o-background-size:cover;background-size:cover;padding: 0px 0px 0px 0px;\"><div class=\"fusion-sep-clear\"><\/div><div class=\"fusion-separator fusion-full-width-sep\" style=\"margin-left: auto;margin-right: auto;margin-top:24px;width:100%;\"><\/div><div class=\"fusion-sep-clear\"><\/div>\n<div class=\"table-1\">\n<table width=\"100%\">\n<thead>\n<tr>\n<th align=\"left\"><strong><span style=\"color: #0085ae;\">REDNI \u0160TUDIJ<\/span> <\/strong><\/th>\n<th style=\"text-align: center;\" align=\"left\"><\/th>\n<th style=\"text-align: center;\" align=\"left\"><\/th>\n<\/tr>\n<\/thead>\n<tbody>\n<tr>\n<td><strong>VPISNINA<br \/>\n<\/strong><\/td>\n<td style=\"text-align: center;\" colspan=\"3\">PLA\u010cILO STORITEV (UPN)<\/td>\n<\/tr>\n<tr>\n<td>Vpis v 1. letnik<\/td>\n<td style=\"text-align: center;\">30,00<\/td>\n<td colspan=\"2\">Referat VS\u0160\/ra\u010dunovodstvo<\/td>\n<\/tr>\n<tr>\n<td>Vpis v 2. letnik (napredov.)<\/td>\n<td style=\"text-align: center;\">20,00<\/td>\n<td colspan=\"2\">( <i class=\"far fa-file-pdf\"><\/i> <a href=\"https:\/\/www.scpet.si\/vss\/wp-content\/uploads\/sites\/3\/2022\/07\/20_status_redni.pdf\" target=\"_blank\" rel=\"noopener\">pdf<\/a>)<\/td>\n<\/tr>\n<tr>\n<td>Ponovni vpis v 1. ali 2. letnik<\/td>\n<td style=\"text-align: center;\">20,00<\/td>\n<td colspan=\"2\">( <i class=\"far fa-file-pdf\"><\/i> <a href=\"https:\/\/www.scpet.si\/vss\/wp-content\/uploads\/sites\/3\/2022\/07\/20_status_redni.pdf\" target=\"_blank\" rel=\"noopener\">pdf<\/a>)<\/td>\n<\/tr>\n<tr>\n<td>Vpisnina za \u0161tudente brez statusa (za \u0161tudijsko leto)<\/td>\n<td style=\"text-align: center;\">20,00<\/td>\n<td colspan=\"2\">( <i class=\"far fa-file-pdf\"><\/i> <a href=\"https:\/\/www.scpet.si\/vss\/wp-content\/uploads\/sites\/3\/2022\/07\/20_brez-statusa_redni.pdf\" target=\"_blank\" rel=\"noopener\">pdf<\/a>)<\/td>\n<\/tr>\n<tr>\n<td><strong>IZPITI<\/strong><\/td>\n<td style=\"text-align: center;\" colspan=\"3\">PLA\u010cILO STORITEV (UPN)<\/td>\n<\/tr>\n<tr>\n<td>Predmetni izpit za \u0161tudenta s statusom (\u010de ga opravlja 4. ali ve\u010d)<\/td>\n<td style=\"text-align: center;\">40,00<\/td>\n<td style=\"text-align: left;\" colspan=\"2\">( <i class=\"far fa-file-pdf\"><\/i> <a href=\"https:\/\/www.scpet.si\/vss\/wp-content\/uploads\/sites\/3\/2021\/09\/predmetni-izpit_40.pdf\" target=\"_blank\" rel=\"noopener\">pdf<\/a>)<\/td>\n<\/tr>\n<tr>\n<td>Predmetni izpit za \u0161tudenta brez statusa (\u010de ga opravlja 1., 2., ali 3.)<\/td>\n<td style=\"text-align: center;\">20,00<\/td>\n<td colspan=\"2\">( <i class=\"far fa-file-pdf\"><\/i> <a href=\"https:\/\/www.scpet.si\/vss\/wp-content\/uploads\/sites\/3\/2021\/09\/predmetni-izpit_20.pdf\" target=\"_blank\" rel=\"noopener\">pdf<\/a>)<\/td>\n<\/tr>\n<tr>\n<td>Predmetni izpit za \u0161tudenta brez statusa (\u010de ga opravlja 4. ali ve\u010d)<\/td>\n<td style=\"text-align: center;\">120,00<\/td>\n<td style=\"text-align: left;\" colspan=\"2\">( <i class=\"far fa-file-pdf\"><\/i> <a href=\"https:\/\/www.scpet.si\/vss\/wp-content\/uploads\/sites\/3\/2021\/09\/predmetni-izpit_120.pdf\" target=\"_blank\" rel=\"noopener\">pdf<\/a>)<\/td>\n<\/tr>\n<tr>\n<td>Diplomski izpit za \u0161tudenta brez statusa (do 5 let od prvega vpisa)<\/td>\n<td style=\"text-align: center;\">30,00<\/td>\n<td style=\"text-align: left;\" colspan=\"2\">Referat VS\u0160\/ra\u010dunovodstvo<\/td>\n<\/tr>\n<tr>\n<td>Diplomski izpit za \u0161tudente brez statusa (ve\u010d kot 5 let od prvega vpisa)<\/td>\n<td style=\"text-align: center;\">250,00<\/td>\n<td style=\"text-align: left;\" colspan=\"2\">Referat VS\u0160\/ra\u010dunovodstvo<\/td>\n<\/tr>\n<tr>\n<td>Zagovor LAB vaj za \u0161tudente s statusom (\u010de ga opravlja 4. ali ve\u010d)<\/td>\n<td style=\"text-align: center;\">30,00<\/td>\n<td style=\"text-align: left;\" colspan=\"2\">( <i class=\"far fa-file-pdf\"><\/i> <a href=\"https:\/\/www.scpet.si\/vss\/wp-content\/uploads\/sites\/3\/2021\/09\/zagovor-lab.-vaj-4.s-statusom_30.pdf\" target=\"_blank\" rel=\"noopener\">pdf<\/a>)<\/td>\n<\/tr>\n<tr>\n<td>Zagovor LAB vaj za \u0161tudente brez statusa (\u010de ga opravlja 1., 2., ali 3.)<\/td>\n<td style=\"text-align: center;\">20,00<\/td>\n<td style=\"text-align: left;\" colspan=\"2\">( <i class=\"far fa-file-pdf\"><\/i> <a href=\"https:\/\/www.scpet.si\/vss\/wp-content\/uploads\/sites\/3\/2021\/09\/zagovor-lab.-vajbrez-statusa_20.pdf\" target=\"_blank\" rel=\"noopener\">pdf<\/a>)<\/td>\n<\/tr>\n<tr>\n<td>Zagovor LAB vaj za \u0161tudente brez statusa (\u010de ga opravlja 4. ali ve\u010d)<\/td>\n<td style=\"text-align: center;\">60,00<\/td>\n<td style=\"text-align: left;\" colspan=\"2\">( <i class=\"far fa-file-pdf\"><\/i> <a href=\"https:\/\/www.scpet.si\/vss\/wp-content\/uploads\/sites\/3\/2021\/09\/zagovor-lab.vaj-4.-brez-statusa_60.pdf\" target=\"_blank\" rel=\"noopener\">pdf<\/a>)<\/td>\n<\/tr>\n<tr>\n<td><strong>POTRDILA<\/strong><\/td>\n<td style=\"text-align: center;\"><\/td>\n<td style=\"text-align: center;\" colspan=\"3\">PLA\u010cILO STORITEV (UPN)<\/td>\n<\/tr>\n<tr>\n<td>Izdaja potrdila o vpisu (3 brezpla\u010dno)<\/td>\n<td style=\"text-align: center;\">2,00<\/td>\n<td colspan=\"2\">( <i class=\"far fa-file-pdf\"><\/i> <a href=\"https:\/\/www.scpet.si\/vss\/wp-content\/uploads\/sites\/3\/2021\/09\/potrdila_cena_odvisna_od_stevila.pdf\" target=\"_blank\" rel=\"noopener\">pdf<\/a>) cena je odvisna od \u0161tevila<\/td>\n<\/tr>\n<tr>\n<td>Izdaja potrdila o opravljenih izpitih in povpre\u010dni oceni<\/td>\n<td style=\"text-align: center;\">4,00<\/td>\n<td colspan=\"2\">( <i class=\"far fa-file-pdf\"><\/i> <a href=\"https:\/\/www.scpet.si\/vss\/wp-content\/uploads\/sites\/3\/2021\/09\/potdilo_o_opr_izpitih_in_povprecni_oceni-4.pdf\" target=\"_blank\" rel=\"noopener\">pdf<\/a>)<\/td>\n<\/tr>\n<tr>\n<td>Izdaja potrdila (vsebine kataloga znanj za predmet)<\/td>\n<td style=\"text-align: center;\">2,00<\/td>\n<td colspan=\"2\">( <i class=\"far fa-file-pdf\"><\/i> <a href=\"https:\/\/www.scpet.si\/vss\/wp-content\/uploads\/sites\/3\/2021\/11\/Potrdilo_kat_znanj.pdf\" target=\"_blank\" rel=\"noopener\">pdf<\/a>) cena je odvisna od \u0161tevila<\/td>\n<\/tr>\n<tr>\n<td>Izdaja sklepa (o priznavanju opravljenih \u0161tudijskih obveznosti)<\/td>\n<td style=\"text-align: center;\">30,00<\/td>\n<td colspan=\"2\">( <i class=\"far fa-file-pdf\"><\/i> <a href=\"https:\/\/www.scpet.si\/vss\/wp-content\/uploads\/sites\/3\/2021\/09\/priznavanje-stud_obveznosti_30.pdf\" target=\"_blank\" rel=\"noopener\">pdf<\/a>)<\/td>\n<\/tr>\n<tr>\n<td>Izdaja posameznih potrdil (CSD, ZPIS, \u2026)<\/td>\n<td style=\"text-align: center;\">5,00<\/td>\n<td colspan=\"2\">( <i class=\"far fa-file-pdf\"><\/i> <a href=\"https:\/\/www.scpet.si\/vss\/wp-content\/uploads\/sites\/3\/2022\/07\/Izdaja_potrdila.pdf\" target=\"_blank\" rel=\"noopener\">pdf<\/a>) cena je odvisna od \u0161tevila<\/td>\n<\/tr>\n<\/tbody>\n<\/table>\n<\/div>\n<div class=\"fusion-sep-clear\"><\/div><div class=\"fusion-separator fusion-full-width-sep\" style=\"margin-left: auto;margin-right: auto;margin-top:20px;width:100%;\"><\/div><div class=\"fusion-sep-clear\"><\/div>\n<div class=\"table-1\">\n<table width=\"100%\">\n<thead>\n<tr>\n<th align=\"left\"><strong><span style=\"color: #0085ae;\">ZA DIPLOMANTE VS\u0160<\/span><br \/>\n<\/strong><\/th>\n<th style=\"text-align: center;\" align=\"left\"><\/th>\n<th style=\"text-align: center;\" align=\"left\"><\/th>\n<th style=\"text-align: center;\" align=\"left\"><\/th>\n<\/tr>\n<\/thead>\n<tbody>\n<tr>\n<td>Dvojnik diplomske listine *<\/td>\n<td style=\"text-align: center;\">45,00<\/td>\n<td colspan=\"2\">( <i class=\"far fa-file-pdf\"><\/i> <a href=\"https:\/\/www.scpet.si\/vss\/wp-content\/uploads\/sites\/3\/2021\/09\/dvojnik-dipl.-listine_45.pdf\" target=\"_blank\" rel=\"noopener\">pdf<\/a>)<\/td>\n<\/tr>\n<tr>\n<td>Dvojnik priloge k diplomi *<\/td>\n<td style=\"text-align: center;\">45,00<\/td>\n<td colspan=\"2\">( <i class=\"far fa-file-pdf\"><\/i> <a href=\"https:\/\/www.scpet.si\/vss\/wp-content\/uploads\/sites\/3\/2021\/09\/dvojnik-priloge-k-dipl_45.pdf\" target=\"_blank\" rel=\"noopener\">pdf<\/a>)<\/td>\n<\/tr>\n<tr>\n<td>Upravna taksa<\/td>\n<td style=\"text-align: center;\">1,80<\/td>\n<td colspan=\"2\">( <i class=\"far fa-file-pdf\"><\/i> <a href=\"https:\/\/www.scpet.si\/vss\/wp-content\/uploads\/sites\/3\/2021\/09\/upravna-taksa_18.pdf\" target=\"_blank\" rel=\"noopener\">pdf<\/a>)<\/td>\n<\/tr>\n<\/tbody>\n<\/table>\n<\/div>\n<div class=\"fusion-sep-clear\"><\/div><div class=\"fusion-separator fusion-full-width-sep\" style=\"margin-left: auto;margin-right: auto;margin-top:20px;width:100%;\"><\/div><div class=\"fusion-sep-clear\"><\/div>\n<div class=\"table-1\">\n<table width=\"100%\">\n<thead>\n<tr>\n<th colspan=\"2\" align=\"left\"><strong><span style=\"color: #81b2e3;\">Cisco Akademija (CCNA)<\/span><br \/>\n<\/strong><\/th>\n<\/tr>\n<\/thead>\n<\/table>\n<\/div>\n<div class=\"table-1\">\n<table width=\"100%\">\n<thead>\n<tr>\n<td>Cenik Cisco izobra\u017eevanja<\/td>\n<td style=\"text-align: center;\"><i class=\"fa fa-link\" aria-hidden=\"true\"><\/i> <a href=\"https:\/\/www.scpet.si\/vss\/cisco-akademija-ccna\/razpis-urnik-cenik\/\" target=\"_blank\" rel=\"noopener\">povezava<\/a><\/td>\n<\/tr>\n<tr>\n<th colspan=\"2\" align=\"left\"><strong><span style=\"color: #81b2e3;\">SAP ERP Akademija<\/span><br \/>\n<\/strong><\/th>\n<\/tr>\n<tr>\n<td>Cenik SAP ERP izobra\u017eevanja<\/td>\n<td style=\"text-align: center;\"><i class=\"fa fa-link\" aria-hidden=\"true\"><\/i> <a href=\"https:\/\/www.scpet.si\/vss\/sap-erp\/razpis-urnik-cenik\/\" target=\"_blank\" rel=\"noopener\">povezava<\/a><\/td>\n<\/tr>\n<\/thead>\n<\/table>\n<\/div>\n<div class=\"fusion-sep-clear\"><\/div><div class=\"fusion-separator fusion-full-width-sep\" style=\"margin-left: auto;margin-right: auto;margin-top:20px;width:100%;\"><\/div><div class=\"fusion-sep-clear\"><\/div><div class=\"fusion-text fusion-text-5\"><p>*\u2026 v skladu z Zakonom o upravnih taksah (Ur. list RS, \u0161t.106\/10) in\u00a0Zakonom o spremembah in dopolnitvah Zakona o upravnih taksah\u00a0(Ur. list RS, \u0161t.32\/16, tarifna \u0161t. 6), je \u0161tudent dol\u017ean poravnati \u0161e upravno takso.<\/p>\n<p>Cenik \u0161olnin in prispevkov je potrdil Svet zavoda \u0160C PET.<\/p>\n<\/div><div class=\"fusion-clearfix\"><\/div><\/div><\/div><\/div><\/div>\n","protected":false},"excerpt":{"rendered":"","protected":false},"author":1,"featured_media":0,"parent":781,"menu_order":0,"comment_status":"closed","ping_status":"closed","template":"100-width.php","meta":{"xn-wppe-expiration":[],"xn-wppe-expiration-action":[],"xn-wppe-expiration-prefix":[],"_mi_skip_tracking":false,"_exactmetrics_sitenote_active":false,"_exactmetrics_sitenote_note":"","_exactmetrics_sitenote_category":0},"yoast_head":"<!-- This site is optimized with the Yoast SEO plugin v20.8 - https:\/\/yoast.com\/wordpress\/plugins\/seo\/ -->\n<title>Ceniki VS\u0160 - VI\u0160JA STROKOVNA \u0160OLA<\/title>\n<meta name=\"description\" content=\"Ceniki VS\u0160\" \/>\n<meta name=\"robots\" content=\"index, follow, max-snippet:-1, max-image-preview:large, max-video-preview:-1\" \/>\n<link rel=\"canonical\" href=\"https:\/\/www.scpet.si\/vss\/programi-in-vpis\/ceniki-vss\/\" \/>\n<meta property=\"og:locale\" content=\"sl_SI\" \/>\n<meta property=\"og:type\" content=\"article\" \/>\n<meta property=\"og:title\" content=\"Ceniki VS\u0160 - VI\u0160JA STROKOVNA \u0160OLA\" \/>\n<meta property=\"og:description\" content=\"Ceniki VS\u0160\" \/>\n<meta property=\"og:url\" content=\"https:\/\/www.scpet.si\/vss\/programi-in-vpis\/ceniki-vss\/\" \/>\n<meta property=\"og:site_name\" content=\"VI\u0160JA STROKOVNA \u0160OLA\" \/>\n<meta property=\"article:modified_time\" content=\"2024-07-23T08:02:11+00:00\" \/>\n<meta name=\"twitter:card\" content=\"summary_large_image\" \/>\n<meta name=\"twitter:label1\" content=\"Est. reading time\" \/>\n\t<meta name=\"twitter:data1\" content=\"6 minut\" \/>\n<script type=\"application\/ld+json\" class=\"yoast-schema-graph\">{\"@context\":\"https:\/\/schema.org\",\"@graph\":[{\"@type\":\"WebPage\",\"@id\":\"https:\/\/www.scpet.si\/vss\/programi-in-vpis\/ceniki-vss\/\",\"url\":\"https:\/\/www.scpet.si\/vss\/programi-in-vpis\/ceniki-vss\/\",\"name\":\"Ceniki VS\u0160 - VI\u0160JA STROKOVNA \u0160OLA\",\"isPartOf\":{\"@id\":\"\/#website\"},\"datePublished\":\"2019-09-20T07:27:43+00:00\",\"dateModified\":\"2024-07-23T08:02:11+00:00\",\"description\":\"Ceniki VS\u0160\",\"breadcrumb\":{\"@id\":\"https:\/\/www.scpet.si\/vss\/programi-in-vpis\/ceniki-vss\/#breadcrumb\"},\"inLanguage\":\"sl-SI\",\"potentialAction\":[{\"@type\":\"ReadAction\",\"target\":[\"https:\/\/www.scpet.si\/vss\/programi-in-vpis\/ceniki-vss\/\"]}]},{\"@type\":\"BreadcrumbList\",\"@id\":\"https:\/\/www.scpet.si\/vss\/programi-in-vpis\/ceniki-vss\/#breadcrumb\",\"itemListElement\":[{\"@type\":\"ListItem\",\"position\":1,\"name\":\"Home\",\"item\":\"https:\/\/www.scpet.si\/vss\/\"},{\"@type\":\"ListItem\",\"position\":2,\"name\":\"PROGRAMI IN VPIS\",\"item\":\"https:\/\/www.scpet.si\/vss\/programi-in-vpis\/\"},{\"@type\":\"ListItem\",\"position\":3,\"name\":\"Ceniki VS\u0160\"}]},{\"@type\":\"WebSite\",\"@id\":\"\/#website\",\"url\":\"\/\",\"name\":\"VI\u0160JA STROKOVNA \u0160OLA\",\"description\":\"Just another \u0160C PET Sites site\",\"potentialAction\":[{\"@type\":\"SearchAction\",\"target\":{\"@type\":\"EntryPoint\",\"urlTemplate\":\"\/?s={search_term_string}\"},\"query-input\":\"required name=search_term_string\"}],\"inLanguage\":\"sl-SI\"}]}<\/script>\n<!-- \/ Yoast SEO plugin. -->","yoast_head_json":{"title":"Ceniki VS\u0160 - VI\u0160JA STROKOVNA \u0160OLA","description":"Ceniki VS\u0160","robots":{"index":"index","follow":"follow","max-snippet":"max-snippet:-1","max-image-preview":"max-image-preview:large","max-video-preview":"max-video-preview:-1"},"canonical":"https:\/\/www.scpet.si\/vss\/programi-in-vpis\/ceniki-vss\/","og_locale":"sl_SI","og_type":"article","og_title":"Ceniki VS\u0160 - VI\u0160JA STROKOVNA \u0160OLA","og_description":"Ceniki VS\u0160","og_url":"https:\/\/www.scpet.si\/vss\/programi-in-vpis\/ceniki-vss\/","og_site_name":"VI\u0160JA STROKOVNA \u0160OLA","article_modified_time":"2024-07-23T08:02:11+00:00","twitter_card":"summary_large_image","twitter_misc":{"Est. reading time":"6 minut"},"schema":{"@context":"https:\/\/schema.org","@graph":[{"@type":"WebPage","@id":"https:\/\/www.scpet.si\/vss\/programi-in-vpis\/ceniki-vss\/","url":"https:\/\/www.scpet.si\/vss\/programi-in-vpis\/ceniki-vss\/","name":"Ceniki VS\u0160 - VI\u0160JA STROKOVNA \u0160OLA","isPartOf":{"@id":"\/#website"},"datePublished":"2019-09-20T07:27:43+00:00","dateModified":"2024-07-23T08:02:11+00:00","description":"Ceniki VS\u0160","breadcrumb":{"@id":"https:\/\/www.scpet.si\/vss\/programi-in-vpis\/ceniki-vss\/#breadcrumb"},"inLanguage":"sl-SI","potentialAction":[{"@type":"ReadAction","target":["https:\/\/www.scpet.si\/vss\/programi-in-vpis\/ceniki-vss\/"]}]},{"@type":"BreadcrumbList","@id":"https:\/\/www.scpet.si\/vss\/programi-in-vpis\/ceniki-vss\/#breadcrumb","itemListElement":[{"@type":"ListItem","position":1,"name":"Home","item":"https:\/\/www.scpet.si\/vss\/"},{"@type":"ListItem","position":2,"name":"PROGRAMI IN VPIS","item":"https:\/\/www.scpet.si\/vss\/programi-in-vpis\/"},{"@type":"ListItem","position":3,"name":"Ceniki VS\u0160"}]},{"@type":"WebSite","@id":"\/#website","url":"\/","name":"VI\u0160JA STROKOVNA \u0160OLA","description":"Just another \u0160C PET Sites site","potentialAction":[{"@type":"SearchAction","target":{"@type":"EntryPoint","urlTemplate":"\/?s={search_term_string}"},"query-input":"required name=search_term_string"}],"inLanguage":"sl-SI"}]}},"_links":{"self":[{"href":"https:\/\/www.scpet.si\/vss\/wp-json\/wp\/v2\/pages\/137"}],"collection":[{"href":"https:\/\/www.scpet.si\/vss\/wp-json\/wp\/v2\/pages"}],"about":[{"href":"https:\/\/www.scpet.si\/vss\/wp-json\/wp\/v2\/types\/page"}],"author":[{"embeddable":true,"href":"https:\/\/www.scpet.si\/vss\/wp-json\/wp\/v2\/users\/1"}],"replies":[{"embeddable":true,"href":"https:\/\/www.scpet.si\/vss\/wp-json\/wp\/v2\/comments?post=137"}],"version-history":[{"count":0,"href":"https:\/\/www.scpet.si\/vss\/wp-json\/wp\/v2\/pages\/137\/revisions"}],"up":[{"embeddable":true,"href":"https:\/\/www.scpet.si\/vss\/wp-json\/wp\/v2\/pages\/781"}],"wp:attachment":[{"href":"https:\/\/www.scpet.si\/vss\/wp-json\/wp\/v2\/media?parent=137"}],"curies":[{"name":"wp","href":"https:\/\/api.w.org\/{rel}","templated":true}]}}