{"id":138,"date":"2019-09-20T09:29:18","date_gmt":"2019-09-20T07:29:18","guid":{"rendered":"http:\/\/scpet.sample.si\/vss\/studij\/cenik-storitev-vss-copy\/"},"modified":"2024-01-24T08:36:45","modified_gmt":"2024-01-24T07:36:45","slug":"obrazci","status":"publish","type":"page","link":"https:\/\/www.scpet.si\/vss\/studij\/obrazci\/","title":{"rendered":"Obrazci"},"content":{"rendered":"<div class=\"fusion-fullwidth fullwidth-box fusion-builder-row-1 nonhundred-percent-fullwidth non-hundred-percent-height-scrolling\" style=\"background-color: rgba(255,255,255,0);background-position: center center;background-repeat: no-repeat;padding-top:0px;padding-right:0px;padding-bottom:0px;margin-bottom: 0px;margin-top: 0px;border-width: 0px 0px 0px 0px;border-color:#eae9e9;border-style:solid;\" ><div class=\"fusion-builder-row fusion-row\"><div class=\"fusion-layout-column fusion_builder_column fusion-builder-column-0 fusion_builder_column_1_1 1_1 fusion-one-full fusion-column-first fusion-column-last\" style=\"margin-top:0px;margin-bottom:0px;\"><div class=\"fusion-column-wrapper fusion-flex-column-wrapper-legacy\" style=\"background-position:left top;background-repeat:no-repeat;-webkit-background-size:cover;-moz-background-size:cover;-o-background-size:cover;background-size:cover;padding: 0px 0px 0px 0px;\"><style type=\"text\/css\"><\/style><div class=\"fusion-title title fusion-title-1 fusion-sep-none fusion-title-text fusion-title-size-one\" style=\"margin-top:0px;margin-right:0px;margin-bottom:31px;margin-left:0px;\"><h1 class=\"title-heading-left\" style=\"margin:0;\">Obrazci<\/h1><\/div><div class=\"fusion-text fusion-text-1\"><p>Vpis (nadaljevanje \u0161tudija)<\/p>\n<\/div><div class=\"fusion-text fusion-text-2\"><table class=\"table-1\">\n<tbody>\n<tr>\n<td><strong>Priloga<\/strong><\/td>\n<td><strong>Naslov<\/strong><\/td>\n<\/tr>\n<tr>\n<td>VS\u0160-V-21<\/td>\n<td><a href=\"https:\/\/e-ucilnica.scpet.si\/course\/index.php?categoryid=43\" target=\"_blank\" rel=\"noopener\">Vloga za vpis <\/a>(za vpis v 2. letnik, ponavljanje, ponovno obiskovanje, prepis, podalj\u0161anje statusa)<\/td>\n<\/tr>\n<tr>\n<td>VS\u0160-V-22<\/td>\n<td><a href=\"https:\/\/www.scpet.si\/vss\/wp-content\/uploads\/sites\/3\/2022\/02\/Obrazec_VSS-V-22.pdf\" target=\"_blank\" rel=\"noopener\">Vloga za vpis brez statusa<\/a> (za \u0161tudente ki nimajo pogojev za napredovanje in ponovni vpis)<\/td>\n<\/tr>\n<\/tbody>\n<\/table>\n<\/div><div class=\"fusion-sep-clear\"><\/div><div class=\"fusion-separator fusion-full-width-sep\" style=\"margin-left: auto;margin-right: auto;margin-bottom:30px;width:100%;\"><\/div><div class=\"fusion-sep-clear\"><\/div><div class=\"fusion-text fusion-text-3\"><p>Prakti\u010dno izobra\u017eevanje<\/p>\n<\/div><div class=\"fusion-text fusion-text-4\"><table class=\"table-1\">\n<tbody>\n<tr>\n<td><strong>Priloga<\/strong><\/td>\n<td><strong>Naslov<\/strong><\/td>\n<\/tr>\n<tr>\n<td>VS\u0160-P-11-1<\/td>\n<td><a href=\"https:\/\/e-ucilnica.scpet.si\/course\/index.php?categoryid=43\" target=\"_blank\" rel=\"noopener\">Vloga za priznavanje PRI<\/a>\u00a0(za \u0161tudenti ki so v delovnem razmerju)<\/td>\n<\/tr>\n<tr>\n<td>VS\u0160-P-11<\/td>\n<td><a href=\"https:\/\/www.scpet.si\/vss\/wp-content\/uploads\/sites\/3\/2021\/09\/Obrazec_VSS_P_11.pdf\" target=\"_blank\" rel=\"noopener\">Izjava delodajalca za priznavanje PRI<\/a> (za \u0161tudente ki so v delovnem razmerju)<\/td>\n<\/tr>\n<tr>\n<td>VS\u0160-P-12<\/td>\n<td><a href=\"https:\/\/www.scpet.si\/vss\/wp-content\/uploads\/sites\/3\/2021\/09\/Obrazec_VSS_P_12-1.pdf\" target=\"_blank\" rel=\"noopener\">Izjava delovne org. &#8211; podlaga za pripravo pogodbe za PRI<\/a> (za \u0161tudente ki niso v del. razmerju)<\/td>\n<\/tr>\n<tr>\n<td>VS\u0160-P-13-1<\/td>\n<td><a href=\"https:\/\/e-ucilnica.scpet.si\/course\/index.php?categoryid=43\" target=\"_blank\" rel=\"noopener\">Poro\u010dilo \u0161tudenta o PRI &#8211; Telekomunikacije<\/a><\/td>\n<\/tr>\n<tr>\n<td>VS\u0160-P-13-2<\/td>\n<td><a href=\"https:\/\/e-ucilnica.scpet.si\/course\/index.php?categoryid=43\" target=\"_blank\" rel=\"noopener\">Poro\u010dilo \u0161tudenta o PRI &#8211; Ekonomist<\/a><\/td>\n<\/tr>\n<tr>\n<td>VS\u0160-P-14-1<\/td>\n<td><a href=\"https:\/\/www.scpet.si\/vss\/wp-content\/uploads\/sites\/3\/2021\/09\/Obrazec_VSS_P_14-1.pdf\" target=\"_blank\" rel=\"noopener\">Poro\u010dilo mentorja o PRI &#8211; Telekomunikacije<\/a><\/td>\n<\/tr>\n<tr>\n<td>VS\u0160-P-14-2<\/td>\n<td><a href=\"https:\/\/www.scpet.si\/vss\/wp-content\/uploads\/sites\/3\/2021\/09\/Obrazec_VSS_P_14_2.pdf\" target=\"_blank\" rel=\"noopener\">Poro\u010dilo mentorja o PRI &#8211; Ekonomist<\/a><\/td>\n<\/tr>\n<\/tbody>\n<\/table>\n<\/div><div class=\"fusion-sep-clear\"><\/div><div class=\"fusion-separator fusion-full-width-sep\" style=\"margin-left: auto;margin-right: auto;margin-bottom:30px;width:100%;\"><\/div><div class=\"fusion-sep-clear\"><\/div><div class=\"fusion-text fusion-text-5\"><p>Priznavanje predhodno pridobljenega znanja<\/p>\n<\/div><div class=\"fusion-text fusion-text-6\"><table class=\"table-1\">\n<tbody>\n<tr>\n<td><strong>Priloga<\/strong><\/td>\n<td><strong>Naslov<\/strong><\/td>\n<\/tr>\n<tr>\n<td>Obrazec VS\u0160-O-9<\/td>\n<td><a href=\"https:\/\/e-ucilnica.scpet.si\/course\/index.php?categoryid=43\" target=\"_blank\" rel=\"noopener\">Vloga za priznanje formalno pridobljenega znanja<\/a><\/td>\n<\/tr>\n<tr>\n<td>Obrazec VS\u0160-O-10<\/td>\n<td><a href=\"https:\/\/e-ucilnica.scpet.si\/course\/index.php?categoryid=43\" target=\"_blank\" rel=\"noopener\">Strokovno mnenje o predhodno pridobljenem znanju<\/a><\/td>\n<\/tr>\n<tr>\n<td>Obrazec VS\u0160-O-9\/1<\/td>\n<td><a href=\"https:\/\/e-ucilnica.scpet.si\/course\/index.php?categoryid=43\" target=\"_blank\" rel=\"noopener\">Vloga za priznanje neformalno pridobljenega znanja<\/a><\/td>\n<\/tr>\n<\/tbody>\n<\/table>\n<\/div><div class=\"fusion-sep-clear\"><\/div><div class=\"fusion-separator fusion-full-width-sep\" style=\"margin-left: auto;margin-right: auto;margin-bottom:30px;width:100%;\"><\/div><div class=\"fusion-sep-clear\"><\/div><div class=\"fusion-text fusion-text-7\"><p>Diplomski izpit<\/p>\n<\/div><div class=\"fusion-text fusion-text-8\"><table class=\"table-1\">\n<tbody>\n<tr>\n<td><strong>Priloga<\/strong><\/td>\n<td><strong>Naslov<\/strong><\/td>\n<\/tr>\n<tr>\n<td>Obrazec VS\u0160-D-1<\/td>\n<td><a href=\"https:\/\/e-ucilnica.scpet.si\/course\/index.php?categoryid=43\" target=\"_blank\" rel=\"noopener\">Prijava teme diplomske naloge<\/a><\/td>\n<\/tr>\n<tr>\n<td>Obrazec VS\u0160-D-3<\/td>\n<td><a href=\"https:\/\/e-ucilnica.scpet.si\/course\/index.php?categoryid=43\" target=\"_blank\" rel=\"noopener\">Soglasje mentorja za oddajo diplomske naloge<\/a><\/td>\n<\/tr>\n<tr>\n<td>Obrazec VS\u0160-D-4<\/td>\n<td><a href=\"https:\/\/e-ucilnica.scpet.si\/course\/index.php?categoryid=43\" target=\"_blank\" rel=\"noopener\">Izjava o lektoriranju diplomske naloge<\/a><\/td>\n<\/tr>\n<\/tbody>\n<\/table>\n<\/div><div class=\"fusion-sep-clear\"><\/div><div class=\"fusion-separator fusion-full-width-sep\" style=\"margin-left: auto;margin-right: auto;margin-bottom:30px;width:100%;\"><\/div><div class=\"fusion-sep-clear\"><\/div><div class=\"fusion-text fusion-text-9\"><p>Eduroam<\/p>\n<\/div><div class=\"fusion-text fusion-text-10\"><table class=\"table-1\">\n<tbody>\n<tr>\n<td><strong>Priloga<\/strong><\/td>\n<td><strong>Naslov<\/strong><\/td>\n<\/tr>\n<tr>\n<td>Prijavnica<\/td>\n<td>Prijavnica za osebni dostop do omre\u017eja EDUROAM<\/td>\n<\/tr>\n<\/tbody>\n<\/table>\n<\/div><div class=\"fusion-sep-clear\"><\/div><div class=\"fusion-separator fusion-full-width-sep\" style=\"margin-left: auto;margin-right: auto;margin-bottom:30px;width:100%;\"><\/div><div class=\"fusion-sep-clear\"><\/div><div class=\"fusion-text fusion-text-11\"><p>Erasmus<\/p>\n<\/div><div class=\"fusion-text fusion-text-12\"><table class=\"table-1\">\n<tbody>\n<tr>\n<td><strong>Priloga<\/strong><\/td>\n<td><strong>Naslov<\/strong><\/td>\n<\/tr>\n<tr>\n<td>Obrazec VS\u0160-Emob-1<\/td>\n<td><a href=\"https:\/\/e-ucilnica.scpet.si\/course\/index.php?categoryid=43\" target=\"_blank\" rel=\"noopener\">Prijava na Erasmus+mobilnost<\/a><\/td>\n<\/tr>\n<tr>\n<td>Obrazec VS\u0160-Emob-1<\/td>\n<td><a href=\"https:\/\/e-ucilnica.scpet.si\/course\/index.php?categoryid=43\" target=\"_blank\" rel=\"noopener\">Vloga za pridobitev finan\u010dne dotacije Erasmus+ mobilnost<\/a><\/td>\n<\/tr>\n<\/tbody>\n<\/table>\n<\/div><div class=\"fusion-clearfix\"><\/div><\/div><\/div><\/div><\/div>\n","protected":false},"excerpt":{"rendered":"","protected":false},"author":1,"featured_media":0,"parent":135,"menu_order":0,"comment_status":"closed","ping_status":"closed","template":"100-width.php","meta":{"xn-wppe-expiration":[],"xn-wppe-expiration-action":[],"xn-wppe-expiration-prefix":[],"_mi_skip_tracking":false,"_exactmetrics_sitenote_active":false,"_exactmetrics_sitenote_note":"","_exactmetrics_sitenote_category":0},"yoast_head":"<!-- This site is optimized with the Yoast SEO plugin v20.8 - https:\/\/yoast.com\/wordpress\/plugins\/seo\/ -->\n<title>Obrazci - VI\u0160JA STROKOVNA \u0160OLA<\/title>\n<meta name=\"description\" content=\"Obrazci vss\" \/>\n<meta name=\"robots\" content=\"index, follow, max-snippet:-1, max-image-preview:large, max-video-preview:-1\" \/>\n<link rel=\"canonical\" href=\"https:\/\/www.scpet.si\/vss\/studij\/obrazci\/\" \/>\n<meta property=\"og:locale\" content=\"sl_SI\" \/>\n<meta property=\"og:type\" content=\"article\" \/>\n<meta property=\"og:title\" content=\"Obrazci - VI\u0160JA STROKOVNA \u0160OLA\" \/>\n<meta property=\"og:description\" content=\"Obrazci vss\" \/>\n<meta property=\"og:url\" content=\"https:\/\/www.scpet.si\/vss\/studij\/obrazci\/\" \/>\n<meta property=\"og:site_name\" content=\"VI\u0160JA STROKOVNA \u0160OLA\" \/>\n<meta property=\"article:modified_time\" content=\"2024-01-24T07:36:45+00:00\" \/>\n<meta name=\"twitter:card\" content=\"summary_large_image\" \/>\n<meta name=\"twitter:label1\" content=\"Est. reading time\" \/>\n\t<meta name=\"twitter:data1\" content=\"3 minute\" \/>\n<script type=\"application\/ld+json\" class=\"yoast-schema-graph\">{\"@context\":\"https:\/\/schema.org\",\"@graph\":[{\"@type\":\"WebPage\",\"@id\":\"https:\/\/www.scpet.si\/vss\/studij\/obrazci\/\",\"url\":\"https:\/\/www.scpet.si\/vss\/studij\/obrazci\/\",\"name\":\"Obrazci - VI\u0160JA STROKOVNA \u0160OLA\",\"isPartOf\":{\"@id\":\"\/#website\"},\"datePublished\":\"2019-09-20T07:29:18+00:00\",\"dateModified\":\"2024-01-24T07:36:45+00:00\",\"description\":\"Obrazci vss\",\"breadcrumb\":{\"@id\":\"https:\/\/www.scpet.si\/vss\/studij\/obrazci\/#breadcrumb\"},\"inLanguage\":\"sl-SI\",\"potentialAction\":[{\"@type\":\"ReadAction\",\"target\":[\"https:\/\/www.scpet.si\/vss\/studij\/obrazci\/\"]}]},{\"@type\":\"BreadcrumbList\",\"@id\":\"https:\/\/www.scpet.si\/vss\/studij\/obrazci\/#breadcrumb\",\"itemListElement\":[{\"@type\":\"ListItem\",\"position\":1,\"name\":\"Home\",\"item\":\"https:\/\/www.scpet.si\/vss\/\"},{\"@type\":\"ListItem\",\"position\":2,\"name\":\"\u0160TUDIJ\",\"item\":\"https:\/\/www.scpet.si\/vss\/studij\/\"},{\"@type\":\"ListItem\",\"position\":3,\"name\":\"Obrazci\"}]},{\"@type\":\"WebSite\",\"@id\":\"\/#website\",\"url\":\"\/\",\"name\":\"VI\u0160JA STROKOVNA \u0160OLA\",\"description\":\"Just another \u0160C PET Sites site\",\"potentialAction\":[{\"@type\":\"SearchAction\",\"target\":{\"@type\":\"EntryPoint\",\"urlTemplate\":\"\/?s={search_term_string}\"},\"query-input\":\"required name=search_term_string\"}],\"inLanguage\":\"sl-SI\"}]}<\/script>\n<!-- \/ Yoast SEO plugin. -->","yoast_head_json":{"title":"Obrazci - VI\u0160JA STROKOVNA \u0160OLA","description":"Obrazci vss","robots":{"index":"index","follow":"follow","max-snippet":"max-snippet:-1","max-image-preview":"max-image-preview:large","max-video-preview":"max-video-preview:-1"},"canonical":"https:\/\/www.scpet.si\/vss\/studij\/obrazci\/","og_locale":"sl_SI","og_type":"article","og_title":"Obrazci - VI\u0160JA STROKOVNA \u0160OLA","og_description":"Obrazci vss","og_url":"https:\/\/www.scpet.si\/vss\/studij\/obrazci\/","og_site_name":"VI\u0160JA STROKOVNA \u0160OLA","article_modified_time":"2024-01-24T07:36:45+00:00","twitter_card":"summary_large_image","twitter_misc":{"Est. reading time":"3 minute"},"schema":{"@context":"https:\/\/schema.org","@graph":[{"@type":"WebPage","@id":"https:\/\/www.scpet.si\/vss\/studij\/obrazci\/","url":"https:\/\/www.scpet.si\/vss\/studij\/obrazci\/","name":"Obrazci - VI\u0160JA STROKOVNA \u0160OLA","isPartOf":{"@id":"\/#website"},"datePublished":"2019-09-20T07:29:18+00:00","dateModified":"2024-01-24T07:36:45+00:00","description":"Obrazci vss","breadcrumb":{"@id":"https:\/\/www.scpet.si\/vss\/studij\/obrazci\/#breadcrumb"},"inLanguage":"sl-SI","potentialAction":[{"@type":"ReadAction","target":["https:\/\/www.scpet.si\/vss\/studij\/obrazci\/"]}]},{"@type":"BreadcrumbList","@id":"https:\/\/www.scpet.si\/vss\/studij\/obrazci\/#breadcrumb","itemListElement":[{"@type":"ListItem","position":1,"name":"Home","item":"https:\/\/www.scpet.si\/vss\/"},{"@type":"ListItem","position":2,"name":"\u0160TUDIJ","item":"https:\/\/www.scpet.si\/vss\/studij\/"},{"@type":"ListItem","position":3,"name":"Obrazci"}]},{"@type":"WebSite","@id":"\/#website","url":"\/","name":"VI\u0160JA STROKOVNA \u0160OLA","description":"Just another \u0160C PET Sites site","potentialAction":[{"@type":"SearchAction","target":{"@type":"EntryPoint","urlTemplate":"\/?s={search_term_string}"},"query-input":"required name=search_term_string"}],"inLanguage":"sl-SI"}]}},"_links":{"self":[{"href":"https:\/\/www.scpet.si\/vss\/wp-json\/wp\/v2\/pages\/138"}],"collection":[{"href":"https:\/\/www.scpet.si\/vss\/wp-json\/wp\/v2\/pages"}],"about":[{"href":"https:\/\/www.scpet.si\/vss\/wp-json\/wp\/v2\/types\/page"}],"author":[{"embeddable":true,"href":"https:\/\/www.scpet.si\/vss\/wp-json\/wp\/v2\/users\/1"}],"replies":[{"embeddable":true,"href":"https:\/\/www.scpet.si\/vss\/wp-json\/wp\/v2\/comments?post=138"}],"version-history":[{"count":0,"href":"https:\/\/www.scpet.si\/vss\/wp-json\/wp\/v2\/pages\/138\/revisions"}],"up":[{"embeddable":true,"href":"https:\/\/www.scpet.si\/vss\/wp-json\/wp\/v2\/pages\/135"}],"wp:attachment":[{"href":"https:\/\/www.scpet.si\/vss\/wp-json\/wp\/v2\/media?parent=138"}],"curies":[{"name":"wp","href":"https:\/\/api.w.org\/{rel}","templated":true}]}}