{"id":140,"date":"2019-09-20T09:29:59","date_gmt":"2019-09-20T07:29:59","guid":{"rendered":"http:\/\/scpet.sample.si\/vss\/studij\/vpis-2019-2020-copy\/"},"modified":"2023-10-26T10:31:32","modified_gmt":"2023-10-26T08:31:32","slug":"informativni-dnevi","status":"publish","type":"page","link":"https:\/\/www.scpet.si\/vss\/studij\/informativni-dnevi\/","title":{"rendered":"Informativni dnevi"},"content":{"rendered":"<div class=\"fusion-fullwidth fullwidth-box fusion-builder-row-1 nonhundred-percent-fullwidth non-hundred-percent-height-scrolling\" style=\"background-color: rgba(255,255,255,0);background-position: center center;background-repeat: no-repeat;padding-top:0px;padding-right:0px;padding-bottom:0px;margin-bottom: 0px;margin-top: 0px;border-width: 0px 0px 0px 0px;border-color:#eae9e9;border-style:solid;\" ><div class=\"fusion-builder-row fusion-row\"><div class=\"fusion-layout-column fusion_builder_column fusion-builder-column-0 fusion_builder_column_1_1 1_1 fusion-one-full fusion-column-first fusion-column-last\" style=\"margin-top:0px;margin-bottom:0px;\"><div class=\"fusion-column-wrapper fusion-flex-column-wrapper-legacy\" style=\"background-position:left top;background-repeat:no-repeat;-webkit-background-size:cover;-moz-background-size:cover;-o-background-size:cover;background-size:cover;padding: 0px 0px 0px 0px;\"><style type=\"text\/css\"><\/style><div class=\"fusion-title title fusion-title-1 fusion-sep-none fusion-title-text fusion-title-size-one\" style=\"margin-top:0px;margin-right:0px;margin-bottom:31px;margin-left:0px;\"><h1 class=\"title-heading-left\" style=\"margin:0;\">Informativni dnevi<\/h1><\/div><div class=\"fusion-text fusion-text-1\"><p><strong>INFORMACIJE\u00a0<\/strong>&#8211; v zvezi s programi in izvajanjem \u0161tudija v 2020\/21\u00a0bomo posredovali na:<\/p>\n<div>\n<div><a href=\"https:\/\/www.informativa.si\/\">INFORMATIVA 2020<\/a><u>\u00a0(<\/u>Gospodarsko razstavi\u0161\u010de, Ljubljana &#8211; Be\u017eigrad)<\/div>\n<\/div>\n<div>v petek, 24. 1. 2020, od 9.00 do 18.00<\/div>\n<div>\n<p>v soboto, 25. 1. 2020, od 9.00 do 18.00 &#8230;<\/p>\n<div>\n<div><a href=\"https:\/\/www.scpet.net\/vss\/index.php?module=fotogallery&amp;page_id=459&amp;mapa=INFORMATIVA%202018,%20GR%20Ljubljana\">\u00a0prostor VS\u0160 &#8211; info<\/a><\/div>\n<\/div>\n<\/div>\n<div><strong>INFORMATIVNI DAN\u00a0<\/strong>(na \u0160C PET Ljubljana)<\/div>\n<div>v petek, 14. 2. 2020 &#8230; (ob 10. uri za redni \u0161tudij in 15.00 uri za redni in izredni \u0161tudij)<\/div>\n<div>v soboto, 15. 2. 2020 &#8230; (ob 10. uri za redni in izredni \u0161tudij)<\/div>\n<div>&#8211; v predavalnici P02 (za \u0161tudijski program Telekomunikacije)<br \/>\n&#8211; predavalnici P03 (za \u0161tudijski program Ekonomist)<\/div>\n<div>\n<div>V petek, 14. 2. 2020 vabimo na ogled\u00a0<a href=\"https:\/\/www.scpet.si\/vss\/index.php?module=fotogallery&amp;page_id=459&amp;mapa=MM%20oprema\">MM opreme in izvajanja LV na VS\u0160)<\/a><\/div>\n<p>(v P9, od 10.00 &#8211; 17.00)<\/p>\n<\/div>\n<\/div><div class=\"fusion-clearfix\"><\/div><\/div><\/div><\/div><\/div>\n","protected":false},"excerpt":{"rendered":"","protected":false},"author":1,"featured_media":0,"parent":135,"menu_order":0,"comment_status":"closed","ping_status":"closed","template":"100-width.php","meta":{"xn-wppe-expiration":[],"xn-wppe-expiration-action":[],"xn-wppe-expiration-prefix":[],"_mi_skip_tracking":false,"_exactmetrics_sitenote_active":false,"_exactmetrics_sitenote_note":"","_exactmetrics_sitenote_category":0},"yoast_head":"<!-- This site is optimized with the Yoast SEO plugin v20.8 - https:\/\/yoast.com\/wordpress\/plugins\/seo\/ -->\n<title>Informativni dnevi - VI\u0160JA STROKOVNA \u0160OLA<\/title>\n<meta name=\"description\" content=\"Informativni dnevi\" \/>\n<meta name=\"robots\" content=\"index, follow, max-snippet:-1, max-image-preview:large, max-video-preview:-1\" \/>\n<link rel=\"canonical\" href=\"https:\/\/www.scpet.si\/vss\/studij\/informativni-dnevi\/\" \/>\n<meta property=\"og:locale\" content=\"sl_SI\" \/>\n<meta property=\"og:type\" content=\"article\" \/>\n<meta property=\"og:title\" content=\"Informativni dnevi - VI\u0160JA STROKOVNA \u0160OLA\" \/>\n<meta property=\"og:description\" content=\"Informativni dnevi\" \/>\n<meta property=\"og:url\" content=\"https:\/\/www.scpet.si\/vss\/studij\/informativni-dnevi\/\" \/>\n<meta property=\"og:site_name\" content=\"VI\u0160JA STROKOVNA \u0160OLA\" \/>\n<meta property=\"article:modified_time\" content=\"2023-10-26T08:31:32+00:00\" \/>\n<meta name=\"twitter:card\" content=\"summary_large_image\" \/>\n<meta name=\"twitter:label1\" content=\"Est. reading time\" \/>\n\t<meta name=\"twitter:data1\" content=\"2 minuti\" \/>\n<script type=\"application\/ld+json\" class=\"yoast-schema-graph\">{\"@context\":\"https:\/\/schema.org\",\"@graph\":[{\"@type\":\"WebPage\",\"@id\":\"https:\/\/www.scpet.si\/vss\/studij\/informativni-dnevi\/\",\"url\":\"https:\/\/www.scpet.si\/vss\/studij\/informativni-dnevi\/\",\"name\":\"Informativni dnevi - VI\u0160JA STROKOVNA \u0160OLA\",\"isPartOf\":{\"@id\":\"\/#website\"},\"datePublished\":\"2019-09-20T07:29:59+00:00\",\"dateModified\":\"2023-10-26T08:31:32+00:00\",\"description\":\"Informativni dnevi\",\"breadcrumb\":{\"@id\":\"https:\/\/www.scpet.si\/vss\/studij\/informativni-dnevi\/#breadcrumb\"},\"inLanguage\":\"sl-SI\",\"potentialAction\":[{\"@type\":\"ReadAction\",\"target\":[\"https:\/\/www.scpet.si\/vss\/studij\/informativni-dnevi\/\"]}]},{\"@type\":\"BreadcrumbList\",\"@id\":\"https:\/\/www.scpet.si\/vss\/studij\/informativni-dnevi\/#breadcrumb\",\"itemListElement\":[{\"@type\":\"ListItem\",\"position\":1,\"name\":\"Home\",\"item\":\"https:\/\/www.scpet.si\/vss\/\"},{\"@type\":\"ListItem\",\"position\":2,\"name\":\"\u0160TUDIJ\",\"item\":\"https:\/\/www.scpet.si\/vss\/studij\/\"},{\"@type\":\"ListItem\",\"position\":3,\"name\":\"Informativni dnevi\"}]},{\"@type\":\"WebSite\",\"@id\":\"\/#website\",\"url\":\"\/\",\"name\":\"VI\u0160JA STROKOVNA \u0160OLA\",\"description\":\"Just another \u0160C PET Sites site\",\"potentialAction\":[{\"@type\":\"SearchAction\",\"target\":{\"@type\":\"EntryPoint\",\"urlTemplate\":\"\/?s={search_term_string}\"},\"query-input\":\"required name=search_term_string\"}],\"inLanguage\":\"sl-SI\"}]}<\/script>\n<!-- \/ Yoast SEO plugin. -->","yoast_head_json":{"title":"Informativni dnevi - VI\u0160JA STROKOVNA \u0160OLA","description":"Informativni dnevi","robots":{"index":"index","follow":"follow","max-snippet":"max-snippet:-1","max-image-preview":"max-image-preview:large","max-video-preview":"max-video-preview:-1"},"canonical":"https:\/\/www.scpet.si\/vss\/studij\/informativni-dnevi\/","og_locale":"sl_SI","og_type":"article","og_title":"Informativni dnevi - VI\u0160JA STROKOVNA \u0160OLA","og_description":"Informativni dnevi","og_url":"https:\/\/www.scpet.si\/vss\/studij\/informativni-dnevi\/","og_site_name":"VI\u0160JA STROKOVNA \u0160OLA","article_modified_time":"2023-10-26T08:31:32+00:00","twitter_card":"summary_large_image","twitter_misc":{"Est. reading time":"2 minuti"},"schema":{"@context":"https:\/\/schema.org","@graph":[{"@type":"WebPage","@id":"https:\/\/www.scpet.si\/vss\/studij\/informativni-dnevi\/","url":"https:\/\/www.scpet.si\/vss\/studij\/informativni-dnevi\/","name":"Informativni dnevi - VI\u0160JA STROKOVNA \u0160OLA","isPartOf":{"@id":"\/#website"},"datePublished":"2019-09-20T07:29:59+00:00","dateModified":"2023-10-26T08:31:32+00:00","description":"Informativni dnevi","breadcrumb":{"@id":"https:\/\/www.scpet.si\/vss\/studij\/informativni-dnevi\/#breadcrumb"},"inLanguage":"sl-SI","potentialAction":[{"@type":"ReadAction","target":["https:\/\/www.scpet.si\/vss\/studij\/informativni-dnevi\/"]}]},{"@type":"BreadcrumbList","@id":"https:\/\/www.scpet.si\/vss\/studij\/informativni-dnevi\/#breadcrumb","itemListElement":[{"@type":"ListItem","position":1,"name":"Home","item":"https:\/\/www.scpet.si\/vss\/"},{"@type":"ListItem","position":2,"name":"\u0160TUDIJ","item":"https:\/\/www.scpet.si\/vss\/studij\/"},{"@type":"ListItem","position":3,"name":"Informativni dnevi"}]},{"@type":"WebSite","@id":"\/#website","url":"\/","name":"VI\u0160JA STROKOVNA \u0160OLA","description":"Just another \u0160C PET Sites site","potentialAction":[{"@type":"SearchAction","target":{"@type":"EntryPoint","urlTemplate":"\/?s={search_term_string}"},"query-input":"required name=search_term_string"}],"inLanguage":"sl-SI"}]}},"_links":{"self":[{"href":"https:\/\/www.scpet.si\/vss\/wp-json\/wp\/v2\/pages\/140"}],"collection":[{"href":"https:\/\/www.scpet.si\/vss\/wp-json\/wp\/v2\/pages"}],"about":[{"href":"https:\/\/www.scpet.si\/vss\/wp-json\/wp\/v2\/types\/page"}],"author":[{"embeddable":true,"href":"https:\/\/www.scpet.si\/vss\/wp-json\/wp\/v2\/users\/1"}],"replies":[{"embeddable":true,"href":"https:\/\/www.scpet.si\/vss\/wp-json\/wp\/v2\/comments?post=140"}],"version-history":[{"count":0,"href":"https:\/\/www.scpet.si\/vss\/wp-json\/wp\/v2\/pages\/140\/revisions"}],"up":[{"embeddable":true,"href":"https:\/\/www.scpet.si\/vss\/wp-json\/wp\/v2\/pages\/135"}],"wp:attachment":[{"href":"https:\/\/www.scpet.si\/vss\/wp-json\/wp\/v2\/media?parent=140"}],"curies":[{"name":"wp","href":"https:\/\/api.w.org\/{rel}","templated":true}]}}