{"id":141,"date":"2019-09-20T09:30:17","date_gmt":"2019-09-20T07:30:17","guid":{"rendered":"http:\/\/scpet.sample.si\/vss\/studij\/informativni-dnevi-copy\/"},"modified":"2024-01-26T09:14:52","modified_gmt":"2024-01-26T08:14:52","slug":"urniki","status":"publish","type":"page","link":"https:\/\/www.scpet.si\/vss\/urniki\/","title":{"rendered":"Urniki"},"content":{"rendered":"<div class=\"fusion-fullwidth fullwidth-box fusion-builder-row-1 nonhundred-percent-fullwidth non-hundred-percent-height-scrolling\" style=\"background-color: rgba(255,255,255,0);background-position: center center;background-repeat: no-repeat;padding-top:0px;padding-right:0px;padding-bottom:0px;margin-bottom: 0px;margin-top: 0px;border-width: 0px 0px 0px 0px;border-color:#eae9e9;border-style:solid;\" ><div class=\"fusion-builder-row fusion-row\"><div class=\"fusion-layout-column fusion_builder_column fusion-builder-column-0 fusion_builder_column_1_1 1_1 fusion-one-full fusion-column-first fusion-column-last\" style=\"margin-top:0px;margin-bottom:0px;\"><div class=\"fusion-column-wrapper fusion-flex-column-wrapper-legacy\" style=\"background-position:left top;background-repeat:no-repeat;-webkit-background-size:cover;-moz-background-size:cover;-o-background-size:cover;background-size:cover;padding: 0px 0px 0px 0px;\"><style type=\"text\/css\"><\/style><div class=\"fusion-title title fusion-title-1 fusion-sep-none fusion-title-text fusion-title-size-one\" style=\"margin-top:0px;margin-right:0px;margin-bottom:31px;margin-left:0px;\"><h1 class=\"title-heading-left\" style=\"margin:0;\">Urniki<\/h1><\/div><div class=\"fusion-text fusion-text-1\"><h4><strong>\u010casovni razpored \u0161olskih ur<\/strong><\/h4>\n<\/div>\n<div class=\"table-1\">\n<table width=\"450px\">\n<tbody>\n<tr>\n<td style=\"text-align: center;\" align=\"left\"><strong>1. ura<\/strong><\/td>\n<td style=\"text-align: center;\" align=\"left\">7.15 &#8211; 8.00<\/td>\n<td style=\"text-align: center;\" align=\"left\"><strong>8. ura<\/strong><\/td>\n<td style=\"text-align: center;\" align=\"left\">13.30 &#8211; 14.25<\/td>\n<\/tr>\n<tr>\n<td style=\"text-align: center;\" align=\"left\"><strong>2. ura<\/strong><\/td>\n<td style=\"text-align: center;\" align=\"left\">8.05 &#8211; 8.50<\/td>\n<td style=\"text-align: center;\" align=\"left\"><strong>9. ura<\/strong><\/td>\n<td style=\"text-align: center;\" align=\"left\">14.20 &#8211; 15.05<\/td>\n<\/tr>\n<tr>\n<td style=\"text-align: center;\" align=\"left\"><strong>3. ura<\/strong><\/td>\n<td style=\"text-align: center;\" align=\"left\">8.55 &#8211; 9.40<\/td>\n<td style=\"text-align: center;\" align=\"left\"><strong>10. ura<\/strong><\/td>\n<td style=\"text-align: center;\" align=\"left\">15.10 &#8211; 15.55<\/td>\n<\/tr>\n<tr>\n<td style=\"text-align: center;\" align=\"left\"><strong>4. ura<\/strong><\/td>\n<td style=\"text-align: center;\" align=\"left\">9.45 &#8211; 10.30<\/td>\n<td style=\"text-align: center;\" align=\"left\"><strong>11. ura<\/strong><\/td>\n<td style=\"text-align: center;\" align=\"left\">16.30 &#8211; 17.15<\/td>\n<\/tr>\n<tr>\n<td style=\"text-align: center;\" align=\"left\"><strong>5. ura<\/strong><\/td>\n<td style=\"text-align: center;\" align=\"left\">11.00 &#8211; 11.45<\/td>\n<td style=\"text-align: center;\" align=\"left\"><strong>12. ura<\/strong><\/td>\n<td style=\"text-align: center;\" align=\"left\">17.20 &#8211; 18.05<\/td>\n<\/tr>\n<tr>\n<td style=\"text-align: center;\" align=\"left\"><strong>6. ura<\/strong><\/td>\n<td style=\"text-align: center;\" align=\"left\">11.50 &#8211; 12.35<\/td>\n<td style=\"text-align: center;\" align=\"left\"><strong>13. ura<\/strong><\/td>\n<td style=\"text-align: center;\" align=\"left\">18.10 &#8211; 18.55<\/td>\n<\/tr>\n<tr>\n<td style=\"text-align: center;\" align=\"left\"><strong>7. ura<\/strong><\/td>\n<td style=\"text-align: center;\" align=\"left\">12.40 &#8211; 13.25<\/td>\n<td style=\"text-align: center;\" align=\"left\"><strong>14. ura<\/strong><\/td>\n<td style=\"text-align: center;\" align=\"left\">19.00 &#8211; 19.45<\/td>\n<\/tr>\n<\/tbody>\n<\/table>\n<\/div>\n<div class=\"fusion-sep-clear\"><\/div><div class=\"fusion-separator fusion-full-width-sep\" style=\"margin-left: auto;margin-right: auto;margin-top:20px;width:100%;\"><\/div><div class=\"fusion-sep-clear\"><\/div><div class=\"fusion-clearfix\"><\/div><\/div><\/div><div class=\"fusion-layout-column fusion_builder_column fusion-builder-column-1 fusion_builder_column_1_2 1_2 fusion-one-half fusion-column-first\" style=\"width:50%;width:calc(50% - ( ( 4% ) * 0.5 ) );margin-right: 4%;margin-top:0px;margin-bottom:0px;\"><div class=\"fusion-column-wrapper fusion-flex-column-wrapper-legacy\" style=\"background-position:left top;background-repeat:no-repeat;-webkit-background-size:cover;-moz-background-size:cover;-o-background-size:cover;background-size:cover;padding: 0px 0px 0px 0px;\"><div class=\"fusion-text fusion-text-2\"><h4><span style=\"color: #000000;\"><span style=\"font-family: Calibri, serif;\">URNIKI \u2013 TELEKOMUNIKACIJE (redni \u0161tudij)<\/span><\/span><\/h4>\n<\/div>\n<div class=\"table-1\">\n<table width=\"100%\">\n<tbody>\n<tr>\n<td style=\"text-align: center;\" align=\"left\"><strong>1. letnik<\/strong><\/td>\n<td style=\"text-align: center;\" align=\"left\">Predmetnik<\/td>\n<td style=\"text-align: center;\" align=\"left\">URNIK, letni pregled<\/td>\n<\/tr>\n<tr>\n<td style=\"text-align: center;\" align=\"left\"><strong>2. letnik M6<\/strong><\/td>\n<td style=\"text-align: center;\" align=\"left\">Predmetnik<\/td>\n<td style=\"text-align: center;\" align=\"left\">URNIK, letni pregled<\/td>\n<\/tr>\n<tr>\n<td style=\"text-align: center;\" align=\"left\"><strong>2. letnik M7<\/strong><\/td>\n<td style=\"text-align: center;\" align=\"left\">Predmetnik<\/td>\n<td style=\"text-align: center;\" align=\"left\">URNIK, letni pregled<\/td>\n<\/tr>\n<tr>\n<td style=\"text-align: center;\" align=\"left\"><strong>2. letnik M8<\/strong><\/td>\n<td style=\"text-align: center;\" align=\"left\">Predmetnik<\/td>\n<td style=\"text-align: center;\" align=\"left\">URNIK, letni pregled<\/td>\n<\/tr>\n<\/tbody>\n<\/table>\n<\/div>\n<div class=\"fusion-sep-clear\"><\/div><div class=\"fusion-separator fusion-full-width-sep\" style=\"margin-left: auto;margin-right: auto;margin-top:20px;width:100%;\"><\/div><div class=\"fusion-sep-clear\"><\/div><div class=\"fusion-clearfix\"><\/div><\/div><\/div><div class=\"fusion-layout-column fusion_builder_column fusion-builder-column-2 fusion_builder_column_1_2 1_2 fusion-one-half fusion-column-last\" style=\"width:50%;width:calc(50% - ( ( 4% ) * 0.5 ) );margin-top:0px;margin-bottom:0px;\"><div class=\"fusion-column-wrapper fusion-flex-column-wrapper-legacy\" style=\"background-position:left top;background-repeat:no-repeat;-webkit-background-size:cover;-moz-background-size:cover;-o-background-size:cover;background-size:cover;padding: 0px 0px 0px 0px;\"><div class=\"fusion-text fusion-text-3\"><h4><span style=\"color: #000000;\"><span style=\"font-family: Calibri, serif;\">URNIKI \u2013 TELEKOMUNIKACIJE (izredni \u0161tudij)<\/span><\/span><\/h4>\n<\/div>\n<div class=\"table-1\">\n<table width=\"100%\">\n<tbody>\n<tr>\n<td style=\"text-align: center;\" align=\"left\"><strong>1. leto \u0161tudija<\/strong><\/td>\n<td style=\"text-align: center;\" align=\"left\">Predmetnik<\/td>\n<td style=\"text-align: center;\" align=\"left\">URNIK, letni pregled<\/td>\n<\/tr>\n<tr>\n<td style=\"text-align: center;\" align=\"left\"><strong>2. leto \u0161tudija<\/strong><\/td>\n<td style=\"text-align: center;\" align=\"left\">Predmetnik<\/td>\n<td style=\"text-align: center;\" align=\"left\">URNIK, letni pregled<\/td>\n<\/tr>\n<tr>\n<td style=\"text-align: center;\" align=\"left\"><strong>3. leto \u0161tudija M6<\/strong><\/td>\n<td style=\"text-align: center;\" align=\"left\">Predmetnik<\/td>\n<td style=\"text-align: center;\" align=\"left\">URNIK, letni pregled<\/td>\n<\/tr>\n<tr>\n<td style=\"text-align: center;\" align=\"left\"><strong>3. leto \u0161tudija M7<\/strong><\/td>\n<td style=\"text-align: center;\" align=\"left\">Predmetnik<\/td>\n<td style=\"text-align: center;\" align=\"left\">URNIK, letni pregled<\/td>\n<\/tr>\n<tr>\n<td style=\"text-align: center;\" align=\"left\"><strong>3. leto \u0161tudija M8<\/strong><\/td>\n<td style=\"text-align: center;\" align=\"left\">Predmetnik<\/td>\n<td style=\"text-align: center;\" align=\"left\">URNIK, letni pregled<\/td>\n<\/tr>\n<\/tbody>\n<\/table>\n<\/div>\n<div class=\"fusion-sep-clear\"><\/div><div class=\"fusion-separator fusion-full-width-sep\" style=\"margin-left: auto;margin-right: auto;margin-top:20px;width:100%;\"><\/div><div class=\"fusion-sep-clear\"><\/div><div class=\"fusion-clearfix\"><\/div><\/div><\/div><div class=\"fusion-layout-column fusion_builder_column fusion-builder-column-3 fusion_builder_column_1_2 1_2 fusion-one-half fusion-column-first\" style=\"width:50%;width:calc(50% - ( ( 4% ) * 0.5 ) );margin-right: 4%;margin-top:0px;margin-bottom:0px;\"><div class=\"fusion-column-wrapper fusion-flex-column-wrapper-legacy\" style=\"background-position:left top;background-repeat:no-repeat;-webkit-background-size:cover;-moz-background-size:cover;-o-background-size:cover;background-size:cover;padding: 0px 0px 0px 0px;\"><div class=\"fusion-text fusion-text-4\"><h4><span style=\"color: #000000;\"><span style=\"font-family: Calibri, serif;\">URNIKI \u2013 EKONOMIST (redni \u0161tudij)<\/span><\/span><\/h4>\n<\/div>\n<div class=\"table-1\">\n<table width=\"100%\">\n<tbody>\n<tr>\n<td style=\"text-align: center;\" align=\"left\"><strong>1. letnik<\/strong><\/td>\n<td style=\"text-align: center;\" align=\"left\">Predmetnik<\/td>\n<td style=\"text-align: center;\" align=\"left\">URNIK, letni pregled<\/td>\n<\/tr>\n<tr>\n<td style=\"text-align: center;\" align=\"left\"><strong>2. letnik<\/strong><br \/>\n<strong>(poslovna logistika)<\/strong><\/td>\n<td style=\"text-align: center;\" align=\"left\">Predmetnik<\/td>\n<td style=\"text-align: center;\" align=\"left\">URNIK, letni pregled<\/td>\n<\/tr>\n<tr>\n<td style=\"text-align: center;\" align=\"left\"><strong>2. letnik<\/strong><br \/>\n<strong>(zavarovalni\u0161tvo)<\/strong><\/td>\n<td style=\"text-align: center;\" align=\"left\">Predmetnik<\/td>\n<td style=\"text-align: center;\" align=\"left\">URNIK, letni pregled<\/td>\n<\/tr>\n<tr>\n<td style=\"text-align: center;\" align=\"left\"><strong>2. letnik<\/strong><br \/>\n<strong>(ban\u010dni\u0161tvo)<\/strong><\/td>\n<td style=\"text-align: center;\" align=\"left\">Predmetnik<\/td>\n<td style=\"text-align: center;\" align=\"left\">URNIK, letni pregled<\/td>\n<\/tr>\n<\/tbody>\n<\/table>\n<\/div>\n<div class=\"fusion-sep-clear\"><\/div><div class=\"fusion-separator fusion-full-width-sep\" style=\"margin-left: auto;margin-right: auto;margin-top:20px;width:100%;\"><\/div><div class=\"fusion-sep-clear\"><\/div><div class=\"fusion-clearfix\"><\/div><\/div><\/div><div class=\"fusion-layout-column fusion_builder_column fusion-builder-column-4 fusion_builder_column_1_2 1_2 fusion-one-half fusion-column-last\" style=\"width:50%;width:calc(50% - ( ( 4% ) * 0.5 ) );margin-top:0px;margin-bottom:0px;\"><div class=\"fusion-column-wrapper fusion-flex-column-wrapper-legacy\" style=\"background-position:left top;background-repeat:no-repeat;-webkit-background-size:cover;-moz-background-size:cover;-o-background-size:cover;background-size:cover;padding: 0px 0px 0px 0px;\"><div class=\"fusion-text fusion-text-5\"><h4><span style=\"color: #000000;\"><span style=\"font-family: Calibri, serif;\">URNIKI \u2013 EKONOMIST (izredni \u0161tudij)<\/span><\/span><\/h4>\n<\/div>\n<div class=\"table-1\">\n<table width=\"100%\">\n<tbody>\n<tr>\n<td style=\"text-align: center;\" align=\"left\"><strong>1. leto \u0161tudija<\/strong><\/td>\n<td style=\"text-align: center;\" align=\"left\">Predmetnik<\/td>\n<td style=\"text-align: center;\" align=\"left\">URNIK, letni pregled<\/td>\n<\/tr>\n<tr>\n<td style=\"text-align: center;\" align=\"left\"><strong>2. leto \u0161tudija<br \/>\n(poslovna logistika)<\/strong><\/td>\n<td style=\"text-align: center;\" align=\"left\">Predmetnik<\/td>\n<td style=\"text-align: center;\" align=\"left\">URNIK, letni pregled<\/td>\n<\/tr>\n<tr>\n<td style=\"text-align: center;\" align=\"left\"><strong>2. leto \u0161tudija<br \/>\n(zavarovalni\u0161tvo)<\/strong><\/td>\n<td style=\"text-align: center;\" align=\"left\">Predmetnik<\/td>\n<td style=\"text-align: center;\" align=\"left\">URNIK, letni pregled<\/td>\n<\/tr>\n<tr>\n<td style=\"text-align: center;\" align=\"left\"><strong>2. leto \u0161tudija<br \/>\n(ban\u010dni\u0161tvo)<\/strong><\/td>\n<td style=\"text-align: center;\" align=\"left\">Predmetnik<\/td>\n<td style=\"text-align: center;\" align=\"left\">URNIK, letni pregled<\/td>\n<\/tr>\n<tr>\n<td style=\"text-align: center;\" align=\"left\"><strong>3. leto \u0161tudija<br \/>\n(poslovna logistika)<\/strong><\/td>\n<td style=\"text-align: center;\" align=\"left\">Predmetnik<\/td>\n<td style=\"text-align: center;\" align=\"left\">URNIK, letni pregled<\/td>\n<\/tr>\n<tr>\n<td style=\"text-align: center;\" align=\"left\"><strong>3. leto \u0161tudija<br \/>\n(zavarovalni\u0161tvo)<\/strong><\/td>\n<td style=\"text-align: center;\" align=\"left\">Predmetnik<\/td>\n<td style=\"text-align: center;\" align=\"left\">URNIK, letni pregled<\/td>\n<\/tr>\n<tr>\n<td style=\"text-align: center;\" align=\"left\"><strong>3. leto \u0161tudija<br \/>\n<\/strong><strong>(ban\u010dni\u0161tvo)<\/strong><\/td>\n<td style=\"text-align: center;\" align=\"left\">Predmetnik<\/td>\n<td style=\"text-align: center;\" align=\"left\">URNIK, letni pregled<\/td>\n<\/tr>\n<\/tbody>\n<\/table>\n<\/div>\n<div class=\"fusion-sep-clear\"><\/div><div class=\"fusion-separator fusion-full-width-sep\" style=\"margin-left: auto;margin-right: auto;margin-top:20px;width:100%;\"><\/div><div class=\"fusion-sep-clear\"><\/div><div class=\"fusion-clearfix\"><\/div><\/div><\/div><\/div><\/div>\n","protected":false},"excerpt":{"rendered":"","protected":false},"author":1,"featured_media":0,"parent":0,"menu_order":0,"comment_status":"closed","ping_status":"closed","template":"100-width.php","meta":{"xn-wppe-expiration":[],"xn-wppe-expiration-action":[],"xn-wppe-expiration-prefix":[],"_mi_skip_tracking":false,"_exactmetrics_sitenote_active":false,"_exactmetrics_sitenote_note":"","_exactmetrics_sitenote_category":0},"yoast_head":"<!-- This site is optimized with the Yoast SEO plugin v20.8 - https:\/\/yoast.com\/wordpress\/plugins\/seo\/ -->\n<title>Urniki - VI\u0160JA STROKOVNA \u0160OLA<\/title>\n<meta name=\"description\" content=\"Urniki\" \/>\n<meta name=\"robots\" content=\"index, follow, max-snippet:-1, max-image-preview:large, max-video-preview:-1\" \/>\n<link rel=\"canonical\" href=\"https:\/\/www.scpet.si\/vss\/urniki\/\" \/>\n<meta property=\"og:locale\" content=\"sl_SI\" \/>\n<meta property=\"og:type\" content=\"article\" \/>\n<meta property=\"og:title\" content=\"Urniki - VI\u0160JA STROKOVNA \u0160OLA\" \/>\n<meta property=\"og:description\" content=\"Urniki\" \/>\n<meta property=\"og:url\" content=\"https:\/\/www.scpet.si\/vss\/urniki\/\" \/>\n<meta property=\"og:site_name\" content=\"VI\u0160JA STROKOVNA \u0160OLA\" \/>\n<meta property=\"article:modified_time\" content=\"2024-01-26T08:14:52+00:00\" \/>\n<meta name=\"twitter:card\" content=\"summary_large_image\" \/>\n<meta name=\"twitter:label1\" content=\"Est. reading time\" \/>\n\t<meta name=\"twitter:data1\" content=\"3 minute\" \/>\n<script type=\"application\/ld+json\" class=\"yoast-schema-graph\">{\"@context\":\"https:\/\/schema.org\",\"@graph\":[{\"@type\":\"WebPage\",\"@id\":\"https:\/\/www.scpet.si\/vss\/urniki\/\",\"url\":\"https:\/\/www.scpet.si\/vss\/urniki\/\",\"name\":\"Urniki - VI\u0160JA STROKOVNA \u0160OLA\",\"isPartOf\":{\"@id\":\"\/#website\"},\"datePublished\":\"2019-09-20T07:30:17+00:00\",\"dateModified\":\"2024-01-26T08:14:52+00:00\",\"description\":\"Urniki\",\"breadcrumb\":{\"@id\":\"https:\/\/www.scpet.si\/vss\/urniki\/#breadcrumb\"},\"inLanguage\":\"sl-SI\",\"potentialAction\":[{\"@type\":\"ReadAction\",\"target\":[\"https:\/\/www.scpet.si\/vss\/urniki\/\"]}]},{\"@type\":\"BreadcrumbList\",\"@id\":\"https:\/\/www.scpet.si\/vss\/urniki\/#breadcrumb\",\"itemListElement\":[{\"@type\":\"ListItem\",\"position\":1,\"name\":\"Home\",\"item\":\"https:\/\/www.scpet.si\/vss\/\"},{\"@type\":\"ListItem\",\"position\":2,\"name\":\"Urniki\"}]},{\"@type\":\"WebSite\",\"@id\":\"\/#website\",\"url\":\"\/\",\"name\":\"VI\u0160JA STROKOVNA \u0160OLA\",\"description\":\"Just another \u0160C PET Sites site\",\"potentialAction\":[{\"@type\":\"SearchAction\",\"target\":{\"@type\":\"EntryPoint\",\"urlTemplate\":\"\/?s={search_term_string}\"},\"query-input\":\"required name=search_term_string\"}],\"inLanguage\":\"sl-SI\"}]}<\/script>\n<!-- \/ Yoast SEO plugin. -->","yoast_head_json":{"title":"Urniki - VI\u0160JA STROKOVNA \u0160OLA","description":"Urniki","robots":{"index":"index","follow":"follow","max-snippet":"max-snippet:-1","max-image-preview":"max-image-preview:large","max-video-preview":"max-video-preview:-1"},"canonical":"https:\/\/www.scpet.si\/vss\/urniki\/","og_locale":"sl_SI","og_type":"article","og_title":"Urniki - VI\u0160JA STROKOVNA \u0160OLA","og_description":"Urniki","og_url":"https:\/\/www.scpet.si\/vss\/urniki\/","og_site_name":"VI\u0160JA STROKOVNA \u0160OLA","article_modified_time":"2024-01-26T08:14:52+00:00","twitter_card":"summary_large_image","twitter_misc":{"Est. reading time":"3 minute"},"schema":{"@context":"https:\/\/schema.org","@graph":[{"@type":"WebPage","@id":"https:\/\/www.scpet.si\/vss\/urniki\/","url":"https:\/\/www.scpet.si\/vss\/urniki\/","name":"Urniki - VI\u0160JA STROKOVNA \u0160OLA","isPartOf":{"@id":"\/#website"},"datePublished":"2019-09-20T07:30:17+00:00","dateModified":"2024-01-26T08:14:52+00:00","description":"Urniki","breadcrumb":{"@id":"https:\/\/www.scpet.si\/vss\/urniki\/#breadcrumb"},"inLanguage":"sl-SI","potentialAction":[{"@type":"ReadAction","target":["https:\/\/www.scpet.si\/vss\/urniki\/"]}]},{"@type":"BreadcrumbList","@id":"https:\/\/www.scpet.si\/vss\/urniki\/#breadcrumb","itemListElement":[{"@type":"ListItem","position":1,"name":"Home","item":"https:\/\/www.scpet.si\/vss\/"},{"@type":"ListItem","position":2,"name":"Urniki"}]},{"@type":"WebSite","@id":"\/#website","url":"\/","name":"VI\u0160JA STROKOVNA \u0160OLA","description":"Just another \u0160C PET Sites site","potentialAction":[{"@type":"SearchAction","target":{"@type":"EntryPoint","urlTemplate":"\/?s={search_term_string}"},"query-input":"required name=search_term_string"}],"inLanguage":"sl-SI"}]}},"_links":{"self":[{"href":"https:\/\/www.scpet.si\/vss\/wp-json\/wp\/v2\/pages\/141"}],"collection":[{"href":"https:\/\/www.scpet.si\/vss\/wp-json\/wp\/v2\/pages"}],"about":[{"href":"https:\/\/www.scpet.si\/vss\/wp-json\/wp\/v2\/types\/page"}],"author":[{"embeddable":true,"href":"https:\/\/www.scpet.si\/vss\/wp-json\/wp\/v2\/users\/1"}],"replies":[{"embeddable":true,"href":"https:\/\/www.scpet.si\/vss\/wp-json\/wp\/v2\/comments?post=141"}],"version-history":[{"count":0,"href":"https:\/\/www.scpet.si\/vss\/wp-json\/wp\/v2\/pages\/141\/revisions"}],"wp:attachment":[{"href":"https:\/\/www.scpet.si\/vss\/wp-json\/wp\/v2\/media?parent=141"}],"curies":[{"name":"wp","href":"https:\/\/api.w.org\/{rel}","templated":true}]}}