{"id":1554,"date":"2021-09-10T09:25:00","date_gmt":"2021-09-10T07:25:00","guid":{"rendered":"https:\/\/www.scpet.si\/vss\/?page_id=1554"},"modified":"2023-10-25T12:04:40","modified_gmt":"2023-10-25T10:04:40","slug":"sodelujemo-z-institucijami","status":"publish","type":"page","link":"https:\/\/www.scpet.si\/vss\/sodelujemo-z-institucijami\/","title":{"rendered":"Sodelujemo z institucijami"},"content":{"rendered":"<div class=\"fusion-fullwidth fullwidth-box fusion-builder-row-1 fusion-flex-container nonhundred-percent-fullwidth non-hundred-percent-height-scrolling\" style=\"background-color: rgba(255,255,255,0);background-position: center center;background-repeat: no-repeat;border-width: 0px 0px 0px 0px;border-color:#eae9e9;border-style:solid;\" ><div class=\"fusion-builder-row fusion-row fusion-flex-align-items-flex-start\" style=\"max-width:1331.2px;margin-left: calc(-4% \/ 2 );margin-right: calc(-4% \/ 2 );\"><div class=\"fusion-layout-column fusion_builder_column fusion-builder-column-0 fusion_builder_column_1_1 1_1 fusion-flex-column\"><div class=\"fusion-column-wrapper fusion-flex-justify-content-flex-start fusion-content-layout-column\" style=\"background-position:left top;background-repeat:no-repeat;-webkit-background-size:cover;-moz-background-size:cover;-o-background-size:cover;background-size:cover;padding: 0px 0px 0px 0px;\"><div class=\"fusion-text fusion-text-1\"><h3>Sodelujemo s \u0161tevilnimi institucijami<\/h3>\n<\/div><div class=\"fusion-text fusion-text-2\"><p><strong>Z Ministrstvom za vzgojo in izobra\u017eevanje<\/strong><br \/>\n&#8211; sodelovanje v projektih prenove \u0161tudijskih programov, sodelovanje z ministrstvom v okviru Skupnosti vi\u0161jih strokovnih \u0161ol, sodelovanje v raznih delovnih telesih in v interesu vi\u0161jih strokovnih \u0161ol.<br \/>\n<strong>S Telekomom Slovenije d.d., Po\u0161to Slovenije d.o.o. in Javnim zavodom RTV Slovenija:<\/strong><br \/>\n&#8211; sodelovanje v projektih prenove \u0161tudijskih programov, sodelovanje na podro\u010dju izvajanja \u0161tudijskih programov (predavatelji), sodelovanju na podro\u010dju prakti\u010dnega izobra\u017eevanja \u0161tudentov, donacije.<br \/>\n<strong>S Fakulteto za elektrotehniko in ra\u010dunalni\u0161tvo v Ljubljani:<\/strong><br \/>\n&#8211; sodelovanje z laboratorijem za telekomunikacije, sporazum o izvajanju lokalne akademije Cisco (CCNA), sporazum o prehodnosti diplomantov VS\u0160 na visoko strokovno \u0161olo.<br \/>\n<strong>S Fakulteto za elektrotehniko in ra\u010dunalni\u0161tvo v Mariboru:<\/strong><br \/>\n&#8211; sporazum o prehodnosti diplomantov VS\u0160 na visoko strokovno \u0161olo.<\/p>\n<p><strong>S Fakulteto za pomorstvo in promet v Portoro\u017eu:<\/strong><br \/>\n&#8211; sporazum o prehodnosti diplomantov VS\u0160 na visoko strokovno \u0161olo.<\/p>\n<p><strong>S Fakulteto za management v Kopru:<\/strong><br \/>\n&#8211; sporazum o prehodnosti diplomantov VS\u0160 na visoko strokovno \u0161olo.<\/p>\n<p><strong>Z Visoko \u0161olo za podjetni\u0161tvo v Piranu:<\/strong><br \/>\n&#8211; sporazum o prehodnosti diplomantov VS\u0160 na visoko strokovno \u0161olo.<\/p>\n<p><strong>Z Visoko \u0161olo za upravljanje in poslovanje v Novem mestu:<\/strong><br \/>\n&#8211; sporazum o prehodnosti diplomantov VS\u0160 na visoko strokovno \u0161olo.<\/p>\n<p><strong>Z Zavodom za zaposlovanje:<\/strong><br \/>\n&#8211; sodelovanje pri poklicnem usmerjanju \u0161tudentov in izobra\u017eevanju brezposelnih, posredovanje podatkov.<br \/>\n<strong>S Statisti\u010dnim uradom RS:<\/strong><br \/>\n&#8211; posredovanje podatkov o \u0161tudentih in predavateljih, posredovanje podatkov o uspe\u0161nosti \u0161tudentov pri \u0161tudiju.<br \/>\n<strong>S Centrom za korekcijo sluha in govora:<\/strong><br \/>\n&#8211; sodelovanje pri pomo\u010di \u0161tudentom z okvarami sluha, sodelovanje pri zagotavljanju strokovne pomo\u010di za \u0161tudente z okvarami sluha in govornimi te\u017eavami.<br \/>\n<strong>Z lokalno skupnostjo Ljubljana-Moste:<\/strong><br \/>\n&#8211; sodelovanje pri sve\u010dani podelitvi diplom diplomantom VS\u0160.<\/p>\n<p><strong>Z vi\u0161jimi strokovnimi \u0161olami v okviru <a href=\"https:\/\/www.skupnost-vss.si\/\" target=\"_blank\" rel=\"noopener\">Skupnosti vi\u0161jih strokovnih \u0161ol<\/a>:<\/strong><br \/>\n&#8211; na\u010drtovanje programov, izvajanje programov, na\u010drtovanje vpisa, vpisnih pogojev, mre\u017ea \u0161ol ipd.<\/p>\n<\/div><div class=\"fusion-separator fusion-full-width-sep\" style=\"align-self: center;margin-left: auto;margin-right: auto;margin-top:20px;width:100%;\"><div class=\"fusion-separator-border sep-double\" style=\"border-color:#ffffff;border-top-width:1px;border-bottom-width:1px;\"><\/div><\/div><div class=\"fusion-text fusion-text-3\"><p>S \u0161tevilnimi podjetji in zavodi, ki nudijo prakti\u010dno izobra\u017eevanje \u0161tudentom.<\/p>\n<\/div><\/div><style type=\"text\/css\">.fusion-body .fusion-builder-column-0{width:100% !important;margin-top : 0px;margin-bottom : 0px;}.fusion-builder-column-0 > .fusion-column-wrapper {padding-top : 0px !important;padding-right : 0px !important;margin-right : 1.92%;padding-bottom : 0px !important;padding-left : 0px !important;margin-left : 1.92%;}@media only screen and (max-width:1024px) {.fusion-body .fusion-builder-column-0{width:100% !important;order : 0;}.fusion-builder-column-0 > .fusion-column-wrapper {margin-right : 1.92%;margin-left : 1.92%;}}@media only screen and (max-width:640px) {.fusion-body .fusion-builder-column-0{width:100% !important;order : 0;}.fusion-builder-column-0 > .fusion-column-wrapper {margin-right : 1.92%;margin-left : 1.92%;}}<\/style><\/div><\/div><style type=\"text\/css\">.fusion-body .fusion-flex-container.fusion-builder-row-1{ padding-top : 0px;margin-top : 0px;padding-right : 0px;padding-bottom : 0px;margin-bottom : 0px;padding-left : ;}<\/style><\/div>\n","protected":false},"excerpt":{"rendered":"","protected":false},"author":5,"featured_media":0,"parent":0,"menu_order":0,"comment_status":"closed","ping_status":"closed","template":"","meta":{"xn-wppe-expiration":[],"xn-wppe-expiration-action":[],"xn-wppe-expiration-prefix":[],"_mi_skip_tracking":false,"_exactmetrics_sitenote_active":false,"_exactmetrics_sitenote_note":"","_exactmetrics_sitenote_category":0},"yoast_head":"<!-- This site is optimized with the Yoast SEO plugin v20.8 - https:\/\/yoast.com\/wordpress\/plugins\/seo\/ -->\n<title>Sodelujemo z institucijami - VI\u0160JA STROKOVNA \u0160OLA<\/title>\n<meta name=\"description\" content=\"Sodelujemo s \u0161tevilnimi institucijami, s \u0161tevilnimi podjetji in zavodi, ki nudijo prakti\u010dno izobra\u017eevanje \u0161tudentom.\" \/>\n<meta name=\"robots\" content=\"index, follow, max-snippet:-1, max-image-preview:large, max-video-preview:-1\" \/>\n<link rel=\"canonical\" href=\"https:\/\/www.scpet.si\/vss\/sodelujemo-z-institucijami\/\" \/>\n<meta property=\"og:locale\" content=\"sl_SI\" \/>\n<meta property=\"og:type\" content=\"article\" \/>\n<meta property=\"og:title\" content=\"Sodelujemo z institucijami - VI\u0160JA STROKOVNA \u0160OLA\" \/>\n<meta property=\"og:description\" content=\"Sodelujemo s \u0161tevilnimi institucijami, s \u0161tevilnimi podjetji in zavodi, ki nudijo prakti\u010dno izobra\u017eevanje \u0161tudentom.\" \/>\n<meta property=\"og:url\" content=\"https:\/\/www.scpet.si\/vss\/sodelujemo-z-institucijami\/\" \/>\n<meta property=\"og:site_name\" content=\"VI\u0160JA STROKOVNA \u0160OLA\" \/>\n<meta property=\"article:modified_time\" content=\"2023-10-25T10:04:40+00:00\" \/>\n<meta name=\"twitter:card\" content=\"summary_large_image\" \/>\n<meta name=\"twitter:label1\" content=\"Est. reading time\" \/>\n\t<meta name=\"twitter:data1\" content=\"3 minute\" \/>\n<script type=\"application\/ld+json\" class=\"yoast-schema-graph\">{\"@context\":\"https:\/\/schema.org\",\"@graph\":[{\"@type\":\"WebPage\",\"@id\":\"https:\/\/www.scpet.si\/vss\/sodelujemo-z-institucijami\/\",\"url\":\"https:\/\/www.scpet.si\/vss\/sodelujemo-z-institucijami\/\",\"name\":\"Sodelujemo z institucijami - VI\u0160JA STROKOVNA \u0160OLA\",\"isPartOf\":{\"@id\":\"\/#website\"},\"datePublished\":\"2021-09-10T07:25:00+00:00\",\"dateModified\":\"2023-10-25T10:04:40+00:00\",\"description\":\"Sodelujemo s \u0161tevilnimi institucijami, s \u0161tevilnimi podjetji in zavodi, ki nudijo prakti\u010dno izobra\u017eevanje \u0161tudentom.\",\"breadcrumb\":{\"@id\":\"https:\/\/www.scpet.si\/vss\/sodelujemo-z-institucijami\/#breadcrumb\"},\"inLanguage\":\"sl-SI\",\"potentialAction\":[{\"@type\":\"ReadAction\",\"target\":[\"https:\/\/www.scpet.si\/vss\/sodelujemo-z-institucijami\/\"]}]},{\"@type\":\"BreadcrumbList\",\"@id\":\"https:\/\/www.scpet.si\/vss\/sodelujemo-z-institucijami\/#breadcrumb\",\"itemListElement\":[{\"@type\":\"ListItem\",\"position\":1,\"name\":\"Home\",\"item\":\"https:\/\/www.scpet.si\/vss\/\"},{\"@type\":\"ListItem\",\"position\":2,\"name\":\"Sodelujemo z institucijami\"}]},{\"@type\":\"WebSite\",\"@id\":\"\/#website\",\"url\":\"\/\",\"name\":\"VI\u0160JA STROKOVNA \u0160OLA\",\"description\":\"Just another \u0160C PET Sites site\",\"potentialAction\":[{\"@type\":\"SearchAction\",\"target\":{\"@type\":\"EntryPoint\",\"urlTemplate\":\"\/?s={search_term_string}\"},\"query-input\":\"required name=search_term_string\"}],\"inLanguage\":\"sl-SI\"}]}<\/script>\n<!-- \/ Yoast SEO plugin. -->","yoast_head_json":{"title":"Sodelujemo z institucijami - VI\u0160JA STROKOVNA \u0160OLA","description":"Sodelujemo s \u0161tevilnimi institucijami, s \u0161tevilnimi podjetji in zavodi, ki nudijo prakti\u010dno izobra\u017eevanje \u0161tudentom.","robots":{"index":"index","follow":"follow","max-snippet":"max-snippet:-1","max-image-preview":"max-image-preview:large","max-video-preview":"max-video-preview:-1"},"canonical":"https:\/\/www.scpet.si\/vss\/sodelujemo-z-institucijami\/","og_locale":"sl_SI","og_type":"article","og_title":"Sodelujemo z institucijami - VI\u0160JA STROKOVNA \u0160OLA","og_description":"Sodelujemo s \u0161tevilnimi institucijami, s \u0161tevilnimi podjetji in zavodi, ki nudijo prakti\u010dno izobra\u017eevanje \u0161tudentom.","og_url":"https:\/\/www.scpet.si\/vss\/sodelujemo-z-institucijami\/","og_site_name":"VI\u0160JA STROKOVNA \u0160OLA","article_modified_time":"2023-10-25T10:04:40+00:00","twitter_card":"summary_large_image","twitter_misc":{"Est. reading time":"3 minute"},"schema":{"@context":"https:\/\/schema.org","@graph":[{"@type":"WebPage","@id":"https:\/\/www.scpet.si\/vss\/sodelujemo-z-institucijami\/","url":"https:\/\/www.scpet.si\/vss\/sodelujemo-z-institucijami\/","name":"Sodelujemo z institucijami - VI\u0160JA STROKOVNA \u0160OLA","isPartOf":{"@id":"\/#website"},"datePublished":"2021-09-10T07:25:00+00:00","dateModified":"2023-10-25T10:04:40+00:00","description":"Sodelujemo s \u0161tevilnimi institucijami, s \u0161tevilnimi podjetji in zavodi, ki nudijo prakti\u010dno izobra\u017eevanje \u0161tudentom.","breadcrumb":{"@id":"https:\/\/www.scpet.si\/vss\/sodelujemo-z-institucijami\/#breadcrumb"},"inLanguage":"sl-SI","potentialAction":[{"@type":"ReadAction","target":["https:\/\/www.scpet.si\/vss\/sodelujemo-z-institucijami\/"]}]},{"@type":"BreadcrumbList","@id":"https:\/\/www.scpet.si\/vss\/sodelujemo-z-institucijami\/#breadcrumb","itemListElement":[{"@type":"ListItem","position":1,"name":"Home","item":"https:\/\/www.scpet.si\/vss\/"},{"@type":"ListItem","position":2,"name":"Sodelujemo z institucijami"}]},{"@type":"WebSite","@id":"\/#website","url":"\/","name":"VI\u0160JA STROKOVNA \u0160OLA","description":"Just another \u0160C PET Sites site","potentialAction":[{"@type":"SearchAction","target":{"@type":"EntryPoint","urlTemplate":"\/?s={search_term_string}"},"query-input":"required name=search_term_string"}],"inLanguage":"sl-SI"}]}},"_links":{"self":[{"href":"https:\/\/www.scpet.si\/vss\/wp-json\/wp\/v2\/pages\/1554"}],"collection":[{"href":"https:\/\/www.scpet.si\/vss\/wp-json\/wp\/v2\/pages"}],"about":[{"href":"https:\/\/www.scpet.si\/vss\/wp-json\/wp\/v2\/types\/page"}],"author":[{"embeddable":true,"href":"https:\/\/www.scpet.si\/vss\/wp-json\/wp\/v2\/users\/5"}],"replies":[{"embeddable":true,"href":"https:\/\/www.scpet.si\/vss\/wp-json\/wp\/v2\/comments?post=1554"}],"version-history":[{"count":0,"href":"https:\/\/www.scpet.si\/vss\/wp-json\/wp\/v2\/pages\/1554\/revisions"}],"wp:attachment":[{"href":"https:\/\/www.scpet.si\/vss\/wp-json\/wp\/v2\/media?parent=1554"}],"curies":[{"name":"wp","href":"https:\/\/api.w.org\/{rel}","templated":true}]}}