{"id":1584,"date":"2021-09-22T09:55:25","date_gmt":"2021-09-22T07:55:25","guid":{"rendered":"https:\/\/www.scpet.si\/vss\/?page_id=1584"},"modified":"2021-12-02T15:44:36","modified_gmt":"2021-12-02T14:44:36","slug":"visjesolska-studijska-programa","status":"publish","type":"page","link":"https:\/\/www.scpet.si\/vss\/visjesolska-studijska-programa\/","title":{"rendered":"Vi\u0161je\u0161olska \u0161tudijska programa"},"content":{"rendered":"<h3>\u0160tudij telekomunikacij<\/h3>\n<p>\u0160tudij telekomunikacij, vi\u0161ja strokovna \u0161ola<\/p>\n<p>Vsebine \u0161tudijskega programa Telekomunikacije, omogo\u010dajo \u0161tudentom pridobitev kompetenc s podro\u010dja telekomunikacij in sodobnih informacijsko komunikacijskih tehnologij. Poleg sistemskih znanj s podro\u010dja telekomunikacijskih in ra\u010dunalni\u0161kih omre\u017eij, komunikacijskih naprav, digitalnih komunikacij in obdelave signalov, prenosa signalov in prenosnih poti, pridobijo \u0161tudentje tudi osnovna znanja, ki so nujno potrebna za celovito izvajanje zahtevnih nalog s tega podro\u010dja. Sem sodijo znanja s podro\u010dja\u00a0 projektiranja in dokumentiranja, komuniciranja in poslovne etike, znanja tujega jezika (s poudarkom na strokovni terminologiji), znanja s podro\u010dja varstva pri delu in varstva okolja.<\/p>\n<p><u>Izbirnost \u0161tudija:<\/u><br \/>\nV drugem letniku lahko \u0161tudent izbira med tremi moduli:<br \/>\n&#8211; Multimedijski sistemi (multimedijske in informacijske tehnologije za podro\u010dje prenosa audio\/video signalov (radio, televizija, ipd.).<br \/>\n&#8211; \u0160irokopasovna omre\u017eja in terminalne naprave,<br \/>\n&#8211; Tr\u017eenje in prodaja.<\/p>\n<p>Pri \u0161tudiju je velik poudarek na prakti\u010dnih znanjih in sistemskem pristopu.<br \/>\n\u0160tudentom rednega \u0161tudija je omogo\u010deno brezpla\u010dno izobra\u017eevanje v okviru Cisco Akademije (CCNA).<br \/>\nDiplomanti so usposobljeni za na\u010drtovanje, nadzor in vodenje telekomunikacijskih sistemov in naprav, njihovo tr\u017eenje, vzdr\u017eevanje in odpravljanje napak.<\/p>\n<p><a href=\"https:\/\/www.scpet.si\/vss\/programi-in-vpis\/telekomunikacije\/\" target=\"_blank\" rel=\"noopener\">Ve\u010d o \u0161tudiju telekomunikacij<\/a><\/p>\n<h3>\u0160tudij ekonomije<\/h3>\n<p>Temeljni cilji programa so izobraziti ekonomiste z dovolj \u0161irokim in poglobljenim strokovno \u2013 teoreti\u010dnim in prakti\u010dno uporabnim znanjem s podro\u010dij ekonomije. Poleg generi\u010dnih kompetenc, med katera sodijo <span style=\"font-size: 10.0pt; font-family: 'Tahoma',sans-serif;\">sposobnosti za organiziranje in vodenje, na\u010drtovanje in nadziranje poslovnih procesov, u\u010dinkovito upravljanje z informacijami in povezovanje informacijskih znanj s poslovnimi funkcijami, \u0161tudenti pridobijo tudi splo\u0161ne poklicno-specifi\u010dne kompetence &#8211; sposobnost konceptualnega razmi\u0161ljanja in uporabnost aplikacij in baz podatkov za u\u010dinkovito delo s strankami, zasnovo in implementacijo poslovnih re\u0161itev v ekonomskem poslovanju, metodologije spremljanja ciljev trga in konkurence, poslovno zakonodajo in predpise, dokumentiranje, matemati\u010dno-statisti\u010dne metode, itd..<\/span><\/p>\n<p>\u0160tudenti imajo mo\u017enost izbire in lahko pridobijo tudi dodatne poklicno-specifi\u010dne kompetence, med katera sodi organizacija, priprava in obvladovanje logisti\u010dnih, zavarovalnih in ban\u010dnih storitev in procesov, ki so s tem povezani (razvojne strategije podjetij, osnove marketinga mened\u017ementa in elementov tr\u017eenjskega spleta, zahteve ekologije, ergonomije in varstva pri delu, itd.).<\/p>\n<p><u>Izbirnost \u0161tudija:<\/u><br \/>\nV drugem letniku lahko \u0161tudent izbira med tremi smermi:<br \/>\n&#8211; Poslovna logistika<br \/>\n&#8211; Zavarovalni\u0161tvo,<br \/>\n&#8211; Ban\u010dni\u0161tvo.<\/p>\n<p>Pri \u0161tudiju je velik poudarek na prakti\u010dnih znanjih.<br \/>\n\u0160tudentom rednega \u0161tudija je omogo\u010deno brezpla\u010dno izobra\u017eevanje v okviru SAP lokalne akademije (ERP).<br \/>\nDiplomanti se usposobijo za delo s podro\u010dja poslovne logistike, zavarovalni\u0161tva in ban\u010dni\u0161tva, ter temu sorodnih vej.<\/p>\n<p><a href=\"https:\/\/www.scpet.si\/vss\/programi-in-vpis\/ekonomist\/\" target=\"_blank\" rel=\"noopener\">Ve\u010d o \u0161tudiju ekonomije<\/a><\/p>\n","protected":false},"excerpt":{"rendered":"<p>\u0160tudij telekomunikacij \u0160tudij telekomunikacij, vi\u0161ja strokovna \u0161ola Vsebine \u0161tudijskega programa [&hellip;]<\/p>\n","protected":false},"author":5,"featured_media":0,"parent":0,"menu_order":0,"comment_status":"closed","ping_status":"closed","template":"","meta":{"xn-wppe-expiration":[],"xn-wppe-expiration-action":[],"xn-wppe-expiration-prefix":[],"_mi_skip_tracking":false,"_exactmetrics_sitenote_active":false,"_exactmetrics_sitenote_note":"","_exactmetrics_sitenote_category":0},"yoast_head":"<!-- This site is optimized with the Yoast SEO plugin v20.8 - https:\/\/yoast.com\/wordpress\/plugins\/seo\/ -->\n<title>\u0160tudij ekonomije in \u0161tudij telekomunikacij - Vi\u0161je\u0161olska \u0161tudijska programa - VI\u0160JA STROKOVNA \u0160OLA<\/title>\n<meta name=\"description\" content=\"\u0160tudij telekomunikacij in \u0161tudij ekonomije na vi\u0161ji strokovni \u0161oli v sklopu \u0161olskega centra za po\u0161to, ekonomijo in telekomunikacije\" \/>\n<meta name=\"robots\" content=\"index, follow, max-snippet:-1, max-image-preview:large, max-video-preview:-1\" \/>\n<link rel=\"canonical\" href=\"https:\/\/www.scpet.si\/vss\/visjesolska-studijska-programa\/\" \/>\n<meta property=\"og:locale\" content=\"sl_SI\" \/>\n<meta property=\"og:type\" content=\"article\" \/>\n<meta property=\"og:title\" content=\"\u0160tudij ekonomije in \u0161tudij telekomunikacij - Vi\u0161je\u0161olska \u0161tudijska programa - VI\u0160JA STROKOVNA \u0160OLA\" \/>\n<meta property=\"og:description\" content=\"\u0160tudij telekomunikacij in \u0161tudij ekonomije na vi\u0161ji strokovni \u0161oli v sklopu \u0161olskega centra za po\u0161to, ekonomijo in telekomunikacije\" \/>\n<meta property=\"og:url\" content=\"https:\/\/www.scpet.si\/vss\/visjesolska-studijska-programa\/\" \/>\n<meta property=\"og:site_name\" content=\"VI\u0160JA STROKOVNA \u0160OLA\" \/>\n<meta property=\"article:modified_time\" content=\"2021-12-02T14:44:36+00:00\" \/>\n<meta name=\"twitter:card\" content=\"summary_large_image\" \/>\n<meta name=\"twitter:label1\" content=\"Est. reading time\" \/>\n\t<meta name=\"twitter:data1\" content=\"2 minuti\" \/>\n<script type=\"application\/ld+json\" class=\"yoast-schema-graph\">{\"@context\":\"https:\/\/schema.org\",\"@graph\":[{\"@type\":\"WebPage\",\"@id\":\"https:\/\/www.scpet.si\/vss\/visjesolska-studijska-programa\/\",\"url\":\"https:\/\/www.scpet.si\/vss\/visjesolska-studijska-programa\/\",\"name\":\"\u0160tudij ekonomije in \u0161tudij telekomunikacij - Vi\u0161je\u0161olska \u0161tudijska programa - VI\u0160JA STROKOVNA \u0160OLA\",\"isPartOf\":{\"@id\":\"\/#website\"},\"datePublished\":\"2021-09-22T07:55:25+00:00\",\"dateModified\":\"2021-12-02T14:44:36+00:00\",\"description\":\"\u0160tudij telekomunikacij in \u0161tudij ekonomije na vi\u0161ji strokovni \u0161oli v sklopu \u0161olskega centra za po\u0161to, ekonomijo in telekomunikacije\",\"breadcrumb\":{\"@id\":\"https:\/\/www.scpet.si\/vss\/visjesolska-studijska-programa\/#breadcrumb\"},\"inLanguage\":\"sl-SI\",\"potentialAction\":[{\"@type\":\"ReadAction\",\"target\":[\"https:\/\/www.scpet.si\/vss\/visjesolska-studijska-programa\/\"]}]},{\"@type\":\"BreadcrumbList\",\"@id\":\"https:\/\/www.scpet.si\/vss\/visjesolska-studijska-programa\/#breadcrumb\",\"itemListElement\":[{\"@type\":\"ListItem\",\"position\":1,\"name\":\"Home\",\"item\":\"https:\/\/www.scpet.si\/vss\/\"},{\"@type\":\"ListItem\",\"position\":2,\"name\":\"Vi\u0161je\u0161olska \u0161tudijska programa\"}]},{\"@type\":\"WebSite\",\"@id\":\"\/#website\",\"url\":\"\/\",\"name\":\"VI\u0160JA STROKOVNA \u0160OLA\",\"description\":\"Just another \u0160C PET Sites site\",\"potentialAction\":[{\"@type\":\"SearchAction\",\"target\":{\"@type\":\"EntryPoint\",\"urlTemplate\":\"\/?s={search_term_string}\"},\"query-input\":\"required name=search_term_string\"}],\"inLanguage\":\"sl-SI\"}]}<\/script>\n<!-- \/ Yoast SEO plugin. -->","yoast_head_json":{"title":"\u0160tudij ekonomije in \u0161tudij telekomunikacij - Vi\u0161je\u0161olska \u0161tudijska programa - VI\u0160JA STROKOVNA \u0160OLA","description":"\u0160tudij telekomunikacij in \u0161tudij ekonomije na vi\u0161ji strokovni \u0161oli v sklopu \u0161olskega centra za po\u0161to, ekonomijo in telekomunikacije","robots":{"index":"index","follow":"follow","max-snippet":"max-snippet:-1","max-image-preview":"max-image-preview:large","max-video-preview":"max-video-preview:-1"},"canonical":"https:\/\/www.scpet.si\/vss\/visjesolska-studijska-programa\/","og_locale":"sl_SI","og_type":"article","og_title":"\u0160tudij ekonomije in \u0161tudij telekomunikacij - Vi\u0161je\u0161olska \u0161tudijska programa - VI\u0160JA STROKOVNA \u0160OLA","og_description":"\u0160tudij telekomunikacij in \u0161tudij ekonomije na vi\u0161ji strokovni \u0161oli v sklopu \u0161olskega centra za po\u0161to, ekonomijo in telekomunikacije","og_url":"https:\/\/www.scpet.si\/vss\/visjesolska-studijska-programa\/","og_site_name":"VI\u0160JA STROKOVNA \u0160OLA","article_modified_time":"2021-12-02T14:44:36+00:00","twitter_card":"summary_large_image","twitter_misc":{"Est. reading time":"2 minuti"},"schema":{"@context":"https:\/\/schema.org","@graph":[{"@type":"WebPage","@id":"https:\/\/www.scpet.si\/vss\/visjesolska-studijska-programa\/","url":"https:\/\/www.scpet.si\/vss\/visjesolska-studijska-programa\/","name":"\u0160tudij ekonomije in \u0161tudij telekomunikacij - Vi\u0161je\u0161olska \u0161tudijska programa - VI\u0160JA STROKOVNA \u0160OLA","isPartOf":{"@id":"\/#website"},"datePublished":"2021-09-22T07:55:25+00:00","dateModified":"2021-12-02T14:44:36+00:00","description":"\u0160tudij telekomunikacij in \u0161tudij ekonomije na vi\u0161ji strokovni \u0161oli v sklopu \u0161olskega centra za po\u0161to, ekonomijo in telekomunikacije","breadcrumb":{"@id":"https:\/\/www.scpet.si\/vss\/visjesolska-studijska-programa\/#breadcrumb"},"inLanguage":"sl-SI","potentialAction":[{"@type":"ReadAction","target":["https:\/\/www.scpet.si\/vss\/visjesolska-studijska-programa\/"]}]},{"@type":"BreadcrumbList","@id":"https:\/\/www.scpet.si\/vss\/visjesolska-studijska-programa\/#breadcrumb","itemListElement":[{"@type":"ListItem","position":1,"name":"Home","item":"https:\/\/www.scpet.si\/vss\/"},{"@type":"ListItem","position":2,"name":"Vi\u0161je\u0161olska \u0161tudijska programa"}]},{"@type":"WebSite","@id":"\/#website","url":"\/","name":"VI\u0160JA STROKOVNA \u0160OLA","description":"Just another \u0160C PET Sites site","potentialAction":[{"@type":"SearchAction","target":{"@type":"EntryPoint","urlTemplate":"\/?s={search_term_string}"},"query-input":"required name=search_term_string"}],"inLanguage":"sl-SI"}]}},"_links":{"self":[{"href":"https:\/\/www.scpet.si\/vss\/wp-json\/wp\/v2\/pages\/1584"}],"collection":[{"href":"https:\/\/www.scpet.si\/vss\/wp-json\/wp\/v2\/pages"}],"about":[{"href":"https:\/\/www.scpet.si\/vss\/wp-json\/wp\/v2\/types\/page"}],"author":[{"embeddable":true,"href":"https:\/\/www.scpet.si\/vss\/wp-json\/wp\/v2\/users\/5"}],"replies":[{"embeddable":true,"href":"https:\/\/www.scpet.si\/vss\/wp-json\/wp\/v2\/comments?post=1584"}],"version-history":[{"count":0,"href":"https:\/\/www.scpet.si\/vss\/wp-json\/wp\/v2\/pages\/1584\/revisions"}],"wp:attachment":[{"href":"https:\/\/www.scpet.si\/vss\/wp-json\/wp\/v2\/media?parent=1584"}],"curies":[{"name":"wp","href":"https:\/\/api.w.org\/{rel}","templated":true}]}}