{"id":160,"date":"2019-09-20T09:53:38","date_gmt":"2019-09-20T07:53:38","guid":{"rendered":"http:\/\/scpet.sample.si\/vss\/student-net\/izpitni-roki-copy\/"},"modified":"2023-10-20T13:59:09","modified_gmt":"2023-10-20T11:59:09","slug":"predmetni-izpiti","status":"publish","type":"page","link":"https:\/\/www.scpet.si\/vss\/predmetni-izpiti\/","title":{"rendered":"Predmetni IZPITI"},"content":{"rendered":"<div class=\"fusion-fullwidth fullwidth-box fusion-builder-row-1 nonhundred-percent-fullwidth non-hundred-percent-height-scrolling\" style=\"background-color: rgba(255,255,255,0);background-position: center center;background-repeat: no-repeat;padding-top:0px;padding-right:0px;padding-bottom:0px;margin-bottom: 0px;margin-top: 0px;border-width: 0px 0px 0px 0px;border-color:#eae9e9;border-style:solid;\" ><div class=\"fusion-builder-row fusion-row\"><div class=\"fusion-layout-column fusion_builder_column fusion-builder-column-0 fusion_builder_column_1_1 1_1 fusion-one-full fusion-column-first fusion-column-last\" style=\"margin-top:0px;margin-bottom:0px;\"><div class=\"fusion-column-wrapper fusion-flex-column-wrapper-legacy\" style=\"background-position:left top;background-repeat:no-repeat;-webkit-background-size:cover;-moz-background-size:cover;-o-background-size:cover;background-size:cover;padding: 0px 0px 0px 0px;\"><style type=\"text\/css\"><\/style><div class=\"fusion-title title fusion-title-1 fusion-sep-none fusion-title-text fusion-title-size-one\" style=\"margin-top:0px;margin-right:0px;margin-bottom:31px;margin-left:0px;\"><h1 class=\"title-heading-left\" style=\"margin:0;\">Predmetni izpiti<\/h1><\/div><div class=\"fusion-text fusion-text-1\"><h4>SPLO\u0160NA NAVODILA<\/h4>\n<ul>\n<li>\u0160tudent se mora prijaviti na izpit najkasneje\u00a05 dni pred razpisanim izpitnim rokom.<\/li>\n<li>Prvi dan prijave je mo\u017een 30 dni pred rokom dolo\u010denim za izpit.<\/li>\n<li>Odjava izpita je mo\u017ena\u00a03 dni pred izpitnim rokom.<\/li>\n<li><a href=\"https:\/\/vpisvss.scpet.si\/EvidencaPublish\/KazaloIzpitnihRokov.htm\" target=\"_blank\" rel=\"noopener\">E-prijava na izpit<\/a> je obvezna za vse \u0161tudente.<\/li>\n<li>\u0160tudenti brez statusa in \u0161tudenti s statusom\u00a0ki opravljajo izpit \u010detrti\u010d in ve\u010d,\u00a0morajo izpit pla\u010dati.\u00a0Fotokopijo pla\u010dane polo\u017enice dostavijo v referat najmanj 5 dni pred izpitnim rokom, v nasprotnem\u00a0primeru\u00a0prijava na izpit ne bo\u00a0upo\u0161tevana.<\/li>\n<li>E-prijava je mo\u017ena s pomo\u010djo gesla (ki\u00a0se potrdi v referatu) in s \u0161tevilko indeksa.<\/li>\n<li>E-prijava\u00a0ni mo\u017ena za tiste \u0161tudente izrednega \u0161tudija, ki nimajo sproti poravnanih vseh finan\u010dnih obveznosti (\u0161olnine).<\/li>\n<\/ul>\n<\/div><div class=\"fusion-sep-clear\"><\/div><div class=\"fusion-separator fusion-full-width-sep\" style=\"margin-left: auto;margin-right: auto;margin-top:10px;margin-bottom:0px;width:100%;\"><div class=\"fusion-separator-border sep-single sep-solid\" style=\"border-color:#333333;border-top-width:1px;\"><\/div><\/div><div class=\"fusion-sep-clear\"><\/div><div class=\"fusion-text fusion-text-2\"><h4>PRIJAVA \/ ODJAVA \/ REZULTATI in pregled ocen<\/h4>\n<ul>\n<li><a href=\"https:\/\/vpisvss.scpet.si\/EvidencaPublish\/KazaloIzpitnihRokov.htm\" target=\"_blank\" rel=\"noopener\">E &#8211; prijava\/odjava na izpit\/, rezultati izpitov<\/a><\/li>\n<li>Ustni zagovori izpitov (TK in EKO)<\/li>\n<li><a href=\"https:\/\/vpisvss.scpet.si\/EviScripts\/EviXML.exe\" target=\"_blank\" rel=\"noopener\">E &#8211; INDEKS<\/a><\/li>\n<\/ul>\n<\/div><div class=\"fusion-sep-clear\"><\/div><div class=\"fusion-separator fusion-full-width-sep\" style=\"margin-left: auto;margin-right: auto;margin-top:10px;margin-bottom:5px;width:100%;\"><div class=\"fusion-separator-border sep-single sep-solid\" style=\"border-color:#333333;border-top-width:1px;\"><\/div><\/div><div class=\"fusion-sep-clear\"><\/div><div class=\"fusion-text fusion-text-3\"><p><a href=\"https:\/\/www.scpet.si\/vss\/predmetni-izpiti\/priznavanje-izpitov\/\" target=\"_blank\" rel=\"noopener\">Priznavanje izpitov<\/a><\/p>\n<\/div><div class=\"fusion-clearfix\"><\/div><\/div><\/div><\/div><\/div>\n","protected":false},"excerpt":{"rendered":"","protected":false},"author":1,"featured_media":0,"parent":0,"menu_order":0,"comment_status":"closed","ping_status":"closed","template":"100-width.php","meta":{"xn-wppe-expiration":[],"xn-wppe-expiration-action":[],"xn-wppe-expiration-prefix":[],"_mi_skip_tracking":false,"_exactmetrics_sitenote_active":false,"_exactmetrics_sitenote_note":"","_exactmetrics_sitenote_category":0},"yoast_head":"<!-- This site is optimized with the Yoast SEO plugin v20.8 - https:\/\/yoast.com\/wordpress\/plugins\/seo\/ -->\n<title>Predmetni IZPITI - VI\u0160JA STROKOVNA \u0160OLA<\/title>\n<meta name=\"description\" content=\"Predmetni IZPITI\" \/>\n<meta name=\"robots\" content=\"index, follow, max-snippet:-1, max-image-preview:large, max-video-preview:-1\" \/>\n<link rel=\"canonical\" href=\"https:\/\/www.scpet.si\/vss\/predmetni-izpiti\/\" \/>\n<meta property=\"og:locale\" content=\"sl_SI\" \/>\n<meta property=\"og:type\" content=\"article\" \/>\n<meta property=\"og:title\" content=\"Predmetni IZPITI - VI\u0160JA STROKOVNA \u0160OLA\" \/>\n<meta property=\"og:description\" content=\"Predmetni IZPITI\" \/>\n<meta property=\"og:url\" content=\"https:\/\/www.scpet.si\/vss\/predmetni-izpiti\/\" \/>\n<meta property=\"og:site_name\" content=\"VI\u0160JA STROKOVNA \u0160OLA\" \/>\n<meta property=\"article:modified_time\" content=\"2023-10-20T11:59:09+00:00\" \/>\n<meta name=\"twitter:card\" content=\"summary_large_image\" \/>\n<meta name=\"twitter:label1\" content=\"Est. reading time\" \/>\n\t<meta name=\"twitter:data1\" content=\"2 minuti\" \/>\n<script type=\"application\/ld+json\" class=\"yoast-schema-graph\">{\"@context\":\"https:\/\/schema.org\",\"@graph\":[{\"@type\":\"WebPage\",\"@id\":\"https:\/\/www.scpet.si\/vss\/predmetni-izpiti\/\",\"url\":\"https:\/\/www.scpet.si\/vss\/predmetni-izpiti\/\",\"name\":\"Predmetni IZPITI - VI\u0160JA STROKOVNA \u0160OLA\",\"isPartOf\":{\"@id\":\"\/#website\"},\"datePublished\":\"2019-09-20T07:53:38+00:00\",\"dateModified\":\"2023-10-20T11:59:09+00:00\",\"description\":\"Predmetni IZPITI\",\"breadcrumb\":{\"@id\":\"https:\/\/www.scpet.si\/vss\/predmetni-izpiti\/#breadcrumb\"},\"inLanguage\":\"sl-SI\",\"potentialAction\":[{\"@type\":\"ReadAction\",\"target\":[\"https:\/\/www.scpet.si\/vss\/predmetni-izpiti\/\"]}]},{\"@type\":\"BreadcrumbList\",\"@id\":\"https:\/\/www.scpet.si\/vss\/predmetni-izpiti\/#breadcrumb\",\"itemListElement\":[{\"@type\":\"ListItem\",\"position\":1,\"name\":\"Home\",\"item\":\"https:\/\/www.scpet.si\/vss\/\"},{\"@type\":\"ListItem\",\"position\":2,\"name\":\"Predmetni IZPITI\"}]},{\"@type\":\"WebSite\",\"@id\":\"\/#website\",\"url\":\"\/\",\"name\":\"VI\u0160JA STROKOVNA \u0160OLA\",\"description\":\"Just another \u0160C PET Sites site\",\"potentialAction\":[{\"@type\":\"SearchAction\",\"target\":{\"@type\":\"EntryPoint\",\"urlTemplate\":\"\/?s={search_term_string}\"},\"query-input\":\"required name=search_term_string\"}],\"inLanguage\":\"sl-SI\"}]}<\/script>\n<!-- \/ Yoast SEO plugin. -->","yoast_head_json":{"title":"Predmetni IZPITI - VI\u0160JA STROKOVNA \u0160OLA","description":"Predmetni IZPITI","robots":{"index":"index","follow":"follow","max-snippet":"max-snippet:-1","max-image-preview":"max-image-preview:large","max-video-preview":"max-video-preview:-1"},"canonical":"https:\/\/www.scpet.si\/vss\/predmetni-izpiti\/","og_locale":"sl_SI","og_type":"article","og_title":"Predmetni IZPITI - VI\u0160JA STROKOVNA \u0160OLA","og_description":"Predmetni IZPITI","og_url":"https:\/\/www.scpet.si\/vss\/predmetni-izpiti\/","og_site_name":"VI\u0160JA STROKOVNA \u0160OLA","article_modified_time":"2023-10-20T11:59:09+00:00","twitter_card":"summary_large_image","twitter_misc":{"Est. reading time":"2 minuti"},"schema":{"@context":"https:\/\/schema.org","@graph":[{"@type":"WebPage","@id":"https:\/\/www.scpet.si\/vss\/predmetni-izpiti\/","url":"https:\/\/www.scpet.si\/vss\/predmetni-izpiti\/","name":"Predmetni IZPITI - VI\u0160JA STROKOVNA \u0160OLA","isPartOf":{"@id":"\/#website"},"datePublished":"2019-09-20T07:53:38+00:00","dateModified":"2023-10-20T11:59:09+00:00","description":"Predmetni IZPITI","breadcrumb":{"@id":"https:\/\/www.scpet.si\/vss\/predmetni-izpiti\/#breadcrumb"},"inLanguage":"sl-SI","potentialAction":[{"@type":"ReadAction","target":["https:\/\/www.scpet.si\/vss\/predmetni-izpiti\/"]}]},{"@type":"BreadcrumbList","@id":"https:\/\/www.scpet.si\/vss\/predmetni-izpiti\/#breadcrumb","itemListElement":[{"@type":"ListItem","position":1,"name":"Home","item":"https:\/\/www.scpet.si\/vss\/"},{"@type":"ListItem","position":2,"name":"Predmetni IZPITI"}]},{"@type":"WebSite","@id":"\/#website","url":"\/","name":"VI\u0160JA STROKOVNA \u0160OLA","description":"Just another \u0160C PET Sites site","potentialAction":[{"@type":"SearchAction","target":{"@type":"EntryPoint","urlTemplate":"\/?s={search_term_string}"},"query-input":"required name=search_term_string"}],"inLanguage":"sl-SI"}]}},"_links":{"self":[{"href":"https:\/\/www.scpet.si\/vss\/wp-json\/wp\/v2\/pages\/160"}],"collection":[{"href":"https:\/\/www.scpet.si\/vss\/wp-json\/wp\/v2\/pages"}],"about":[{"href":"https:\/\/www.scpet.si\/vss\/wp-json\/wp\/v2\/types\/page"}],"author":[{"embeddable":true,"href":"https:\/\/www.scpet.si\/vss\/wp-json\/wp\/v2\/users\/1"}],"replies":[{"embeddable":true,"href":"https:\/\/www.scpet.si\/vss\/wp-json\/wp\/v2\/comments?post=160"}],"version-history":[{"count":0,"href":"https:\/\/www.scpet.si\/vss\/wp-json\/wp\/v2\/pages\/160\/revisions"}],"wp:attachment":[{"href":"https:\/\/www.scpet.si\/vss\/wp-json\/wp\/v2\/media?parent=160"}],"curies":[{"name":"wp","href":"https:\/\/api.w.org\/{rel}","templated":true}]}}